{"id":31704,"date":"2024-01-30T08:35:02","date_gmt":"2024-01-30T06:35:02","guid":{"rendered":"https:\/\/eheating.lt\/?post_type=product&#038;p=31704"},"modified":"2025-08-26T16:09:48","modified_gmt":"2025-08-26T13:09:48","slug":"avatto-zwt100-ismanusis-wi-fi-termostatas-3a-juodas","status":"publish","type":"product","link":"https:\/\/eheating.lt\/en\/produktas\/avatto-zwt100-ismanusis-wi-fi-termostatas-3a-juodas\/","title":{"rendered":"Avatto ZWT100 i\u0161manusis Wi-Fi termostatas 3A"},"content":{"rendered":"<div>\n<p>Avatto ZWT100 i\u0161manusis termostatas skirtas \u0161ildymui valdyti namuose, biure ir kt. Jame yra NTC jutiklis, kuris atsakingas u\u017e temperat\u016bros tikslum\u0105 iki 1\u00b0C. Leid\u017eia \u012fjungti arba i\u0161jungti pavar\u0105, kuri valdo kar\u0161to vandens tiekim\u0105 patalp\u0173 \u0161ildymui. Jis turi \u012fmontuot\u0105 Zigbee ry\u0161\u012f ir veikia su \u201eTuya\u201c, \u201eSmart Life\u201c, \u201eAmazon Alexa\u201c, \u201eGoogle Assistant\u201c, \u201eYandex Alice\u201c ir kt.<\/p>\n<p>\u201eTuya\u201c arba \u201eSmart Life\u201c program\u0117l\u0117je galite u\u017eprogramuoti termostato veikim\u0105. \u012erenginys palaiko skirtingus temperat\u016bros nustatymus atitinkamai 5+2 \/ 6+1 \/ 7 dien\u0173 laikotarpiui su 6 laiko re\u017eimais per dien\u0105. Taip pat galite naudoti rankin\u012f ir automatin\u012f re\u017eimus.<\/p>\n<p>I\u0161man\u0173j\u012f termostat\u0105 Avatto ZWT100 galite valdyti 3 skirtingais b\u016bdais. Produktas veikia su Tuya ir Smart Life program\u0117l\u0117mis, kurias atsisiun\u010diate \u012f savo i\u0161man\u0173j\u012f telefon\u0105 ar plan\u0161etin\u012f kompiuter\u012f. Tai leid\u017eia reguliuoti gaminio veikim\u0105, kad ir kur b\u016btum\u0117te. Taip pat termostat\u0105 galima valdyti balso komandomis \u2013 ZWT100 suderinamas su Amazon Alexa, Google Home, Yandex Alice ir kt. Taip pat galite naudoti gaminio jutiklin\u012f ekran\u0105.<\/p>\n<p>Kitas Avatto ZWT100 privalumas yra LCD ekranas. I\u0161 jo su\u017einosite apie nustatyt\u0105 veikimo re\u017eim\u0105, prisijungim\u0105 prie tinklo, nustatyt\u0105 temperat\u016br\u0105 arba \u012fjungt\u0105 apsaugin\u012f u\u017erakt\u0105. Be to, termostatas rodo esam\u0105 laik\u0105. Taip pat galite reguliuoti ekrano ry\u0161kum\u0105 arba visi\u0161kai j\u012f i\u0161jungti. Taip vis\u0105 svarbiausi\u0105 informacij\u0105 tur\u0117site po ranka \u2013 tiesiog \u017evilgtel\u0117kite!<\/p>\n<p>I\u0161maniajame termostate Avatto ZWT100 \u012frengtas specialus u\u017eraktas nuo vaik\u0173, kuris neleid\u017eia naudotis \u012frenginiu. Tai neleis jums \u012fjungti \/ i\u0161jungti nepageidaujamos funkcijos. Be to, galima sujungti kelis ZWT100 \u012f grupes, kad valdymas b\u016bt\u0173 dar didesnis. Taip pat galite suteikti prieig\u0105 prie \u012frenginio kitiems nam\u0173 \u016bkio nariams, kad kiekvienas i\u0161 j\u016bs\u0173 gal\u0117t\u0173 j\u012f valdyti.<\/p>\n<\/div>\n<hr \/>\n<p><span style=\"font-size: 18px\"><strong>Technin\u0117s specifikacijos:<\/strong><\/span><\/p>\n<ul>\n<li>LCD ekranas<\/li>\n<li>Temperat\u016bros, laiko ir pasirinkt\u0173 nustatym\u0173 rodymas<\/li>\n<li>Matavimo tikslumas 1\u00b0\u0421<\/li>\n<li>Prisijungimas prie i\u0161maniojo telefono per Wi-Fi<\/li>\n<li>Program\u0117l\u0117s: Amazon Alexa,\u00a0Google Assistant,\u00a0Home Assistant,\u00a0Smart life,\u00a0Tuya<\/li>\n<li>Maitinimas: 110 &#8211; 230V AC<\/li>\n<li>Maksimali apkrova: 3A<\/li>\n<li>Matmenys: 86 x 86 x 40mm<\/li>\n<\/ul>\n<p>&nbsp;<\/p>\n","protected":false},"excerpt":{"rendered":"<p><strong>Avatto ZWT100<\/strong> i\u0161manusis WiFi termostatas su LCD ekranu. Amazon Alexa, Google Assistant, Home Assistant, Smart life, Tuya program\u0117li\u0173 palaikymas.<\/p>\n","protected":false},"featured_media":31706,"comment_status":"closed","ping_status":"closed","template":"","meta":[],"product_brand":[],"product_cat":[134,133,135],"product_tag":[974],"class_list":{"0":"post-31704","1":"product","2":"type-product","3":"status-publish","4":"has-post-thumbnail","6":"product_cat-laidiniai-termostatai","7":"product_cat-sildymo-valdymo-automatika","8":"product_cat-wifi-termostatai","9":"product_tag-ean","11":"first","12":"instock","13":"purchasable","14":"product-type-simple"},"yoast_head":"<!-- This site is optimized with the Yoast SEO Premium plugin v21.5 (Yoast SEO v27.3) - https:\/\/yoast.com\/product\/yoast-seo-premium-wordpress\/ -->\n<title>Avatto ZWT100 i\u0161manusis Wi-Fi termostatas 3A juodas<\/title>\n<meta name=\"description\" content=\"Avatto ZWT100 3A juodas i\u0161manusis Wi-Fi termostatas ; \u012etampa 230V ; Veikia su Amazon Alexa ir Google Assistant ; Lietimui jautr\u016bs mygtukai\" \/>\n<meta name=\"robots\" content=\"index, follow, max-snippet:-1, max-image-preview:large, max-video-preview:-1\" \/>\n<link rel=\"canonical\" href=\"https:\/\/eheating.lt\/produktas\/avatto-zwt100-ismanusis-wi-fi-termostatas-3a-juodas\/\" \/>\n<meta property=\"og:locale\" content=\"en_US\" \/>\n<meta property=\"og:type\" content=\"article\" \/>\n<meta property=\"og:title\" content=\"Avatto ZWT100 i\u0161manusis Wi-Fi termostatas 3A juodas\" \/>\n<meta property=\"og:description\" content=\"Avatto ZWT100 3A juodas i\u0161manusis Wi-Fi termostatas ; \u012etampa 230V ; Veikia su Amazon Alexa ir Google Assistant ; Lietimui jautr\u016bs mygtukai\" \/>\n<meta property=\"og:url\" content=\"https:\/\/eheating.lt\/produktas\/avatto-zwt100-ismanusis-wi-fi-termostatas-3a-juodas\/\" \/>\n<meta property=\"og:site_name\" content=\"Elektronika Namams\" \/>\n<meta property=\"article:publisher\" content=\"https:\/\/www.facebook.com\/ElektronikaNamams\" \/>\n<meta property=\"article:modified_time\" content=\"2025-08-26T13:09:48+00:00\" \/>\n<meta property=\"og:image\" content=\"https:\/\/eheating.lt\/wp-content\/uploads\/2024\/01\/Avatto-ZWT100-ismanusis-Wi-Fi-termostatas.png\" \/>\n\t<meta property=\"og:image:width\" content=\"800\" \/>\n\t<meta property=\"og:image:height\" content=\"800\" \/>\n\t<meta property=\"og:image:type\" content=\"image\/png\" \/>\n<meta name=\"twitter:card\" content=\"summary_large_image\" \/>\n<meta name=\"twitter:label1\" content=\"Price\" \/>\n\t<meta name=\"twitter:data1\" content=\"33,76&nbsp;&euro;\" \/>\n\t<meta name=\"twitter:label2\" content=\"Availability\" \/>\n\t<meta name=\"twitter:data2\" content=\"In stock\" \/>\n<script type=\"application\/ld+json\" class=\"yoast-schema-graph\">{\"@context\":\"https:\\\/\\\/schema.org\",\"@graph\":[{\"@type\":\"WebPage\",\"@id\":\"https:\\\/\\\/eheating.lt\\\/produktas\\\/avatto-zwt100-ismanusis-wi-fi-termostatas-3a-juodas\\\/\",\"url\":\"https:\\\/\\\/eheating.lt\\\/produktas\\\/avatto-zwt100-ismanusis-wi-fi-termostatas-3a-juodas\\\/\",\"name\":\"Avatto ZWT100 i\u0161manusis Wi-Fi termostatas 3A juodas\",\"isPartOf\":{\"@id\":\"https:\\\/\\\/eheating.lt\\\/#website\"},\"primaryImageOfPage\":{\"@id\":\"https:\\\/\\\/eheating.lt\\\/produktas\\\/avatto-zwt100-ismanusis-wi-fi-termostatas-3a-juodas\\\/#primaryimage\"},\"image\":{\"@id\":\"https:\\\/\\\/eheating.lt\\\/produktas\\\/avatto-zwt100-ismanusis-wi-fi-termostatas-3a-juodas\\\/#primaryimage\"},\"thumbnailUrl\":\"https:\\\/\\\/eheating.lt\\\/wp-content\\\/uploads\\\/2024\\\/01\\\/Avatto-ZWT100-ismanusis-Wi-Fi-termostatas.png\",\"datePublished\":\"2024-01-30T06:35:02+00:00\",\"dateModified\":\"2025-08-26T13:09:48+00:00\",\"description\":\"Avatto ZWT100 3A juodas i\u0161manusis Wi-Fi termostatas ; \u012etampa 230V ; Veikia su Amazon Alexa ir Google Assistant ; Lietimui jautr\u016bs mygtukai\",\"breadcrumb\":{\"@id\":\"https:\\\/\\\/eheating.lt\\\/produktas\\\/avatto-zwt100-ismanusis-wi-fi-termostatas-3a-juodas\\\/#breadcrumb\"},\"inLanguage\":\"en-US\",\"potentialAction\":[{\"@type\":\"ReadAction\",\"target\":[\"https:\\\/\\\/eheating.lt\\\/produktas\\\/avatto-zwt100-ismanusis-wi-fi-termostatas-3a-juodas\\\/\"]}]},{\"@type\":\"ImageObject\",\"inLanguage\":\"en-US\",\"@id\":\"https:\\\/\\\/eheating.lt\\\/produktas\\\/avatto-zwt100-ismanusis-wi-fi-termostatas-3a-juodas\\\/#primaryimage\",\"url\":\"https:\\\/\\\/eheating.lt\\\/wp-content\\\/uploads\\\/2024\\\/01\\\/Avatto-ZWT100-ismanusis-Wi-Fi-termostatas.png\",\"contentUrl\":\"https:\\\/\\\/eheating.lt\\\/wp-content\\\/uploads\\\/2024\\\/01\\\/Avatto-ZWT100-ismanusis-Wi-Fi-termostatas.png\",\"width\":800,\"height\":800,\"caption\":\"Avatto ZWT100 i\u0161manusis Wi-Fi termostatas\"},{\"@type\":\"BreadcrumbList\",\"@id\":\"https:\\\/\\\/eheating.lt\\\/produktas\\\/avatto-zwt100-ismanusis-wi-fi-termostatas-3a-juodas\\\/#breadcrumb\",\"itemListElement\":[{\"@type\":\"ListItem\",\"position\":1,\"name\":\"Prad\u017eia\",\"item\":\"https:\\\/\\\/eheating.lt\\\/en\\\/\"},{\"@type\":\"ListItem\",\"position\":2,\"name\":\"Shop\",\"item\":\"https:\\\/\\\/eheating.lt\\\/en\\\/?page_id=5734\"},{\"@type\":\"ListItem\",\"position\":3,\"name\":\"Avatto ZWT100 i\u0161manusis Wi-Fi termostatas 3A\"}]},{\"@type\":\"WebSite\",\"@id\":\"https:\\\/\\\/eheating.lt\\\/#website\",\"url\":\"https:\\\/\\\/eheating.lt\\\/\",\"name\":\"eHeating\",\"description\":\"Elektronika ir \u0161ildymas\",\"potentialAction\":[{\"@type\":\"SearchAction\",\"target\":{\"@type\":\"EntryPoint\",\"urlTemplate\":\"https:\\\/\\\/eheating.lt\\\/?s={search_term_string}\"},\"query-input\":{\"@type\":\"PropertyValueSpecification\",\"valueRequired\":true,\"valueName\":\"search_term_string\"}}],\"inLanguage\":\"en-US\"}]}<\/script>\n<meta property=\"product:price:amount\" content=\"33.76\" \/>\n<meta property=\"product:price:currency\" content=\"EUR\" \/>\n<meta property=\"og:availability\" content=\"instock\" \/>\n<meta property=\"product:availability\" content=\"instock\" \/>\n<meta property=\"product:retailer_item_id\" content=\"ZWT100-3A-BL\" \/>\n<meta property=\"product:condition\" content=\"new\" \/>\n<!-- \/ Yoast SEO Premium plugin. -->","yoast_head_json":{"title":"Avatto ZWT100 i\u0161manusis Wi-Fi termostatas 3A juodas","description":"Avatto ZWT100 3A juodas i\u0161manusis Wi-Fi termostatas ; \u012etampa 230V ; Veikia su Amazon Alexa ir Google Assistant ; Lietimui jautr\u016bs mygtukai","robots":{"index":"index","follow":"follow","max-snippet":"max-snippet:-1","max-image-preview":"max-image-preview:large","max-video-preview":"max-video-preview:-1"},"canonical":"https:\/\/eheating.lt\/produktas\/avatto-zwt100-ismanusis-wi-fi-termostatas-3a-juodas\/","og_locale":"en_US","og_type":"article","og_title":"Avatto ZWT100 i\u0161manusis Wi-Fi termostatas 3A juodas","og_description":"Avatto ZWT100 3A juodas i\u0161manusis Wi-Fi termostatas ; \u012etampa 230V ; Veikia su Amazon Alexa ir Google Assistant ; Lietimui jautr\u016bs mygtukai","og_url":"https:\/\/eheating.lt\/produktas\/avatto-zwt100-ismanusis-wi-fi-termostatas-3a-juodas\/","og_site_name":"Elektronika Namams","article_publisher":"https:\/\/www.facebook.com\/ElektronikaNamams","article_modified_time":"2025-08-26T13:09:48+00:00","og_image":[{"width":800,"height":800,"url":"https:\/\/eheating.lt\/wp-content\/uploads\/2024\/01\/Avatto-ZWT100-ismanusis-Wi-Fi-termostatas.png","type":"image\/png"}],"twitter_card":"summary_large_image","twitter_misc":{"Price":"33,76&nbsp;&euro;","Availability":"In stock"},"schema":{"@context":"https:\/\/schema.org","@graph":[{"@type":"WebPage","@id":"https:\/\/eheating.lt\/produktas\/avatto-zwt100-ismanusis-wi-fi-termostatas-3a-juodas\/","url":"https:\/\/eheating.lt\/produktas\/avatto-zwt100-ismanusis-wi-fi-termostatas-3a-juodas\/","name":"Avatto ZWT100 i\u0161manusis Wi-Fi termostatas 3A juodas","isPartOf":{"@id":"https:\/\/eheating.lt\/#website"},"primaryImageOfPage":{"@id":"https:\/\/eheating.lt\/produktas\/avatto-zwt100-ismanusis-wi-fi-termostatas-3a-juodas\/#primaryimage"},"image":{"@id":"https:\/\/eheating.lt\/produktas\/avatto-zwt100-ismanusis-wi-fi-termostatas-3a-juodas\/#primaryimage"},"thumbnailUrl":"https:\/\/eheating.lt\/wp-content\/uploads\/2024\/01\/Avatto-ZWT100-ismanusis-Wi-Fi-termostatas.png","datePublished":"2024-01-30T06:35:02+00:00","dateModified":"2025-08-26T13:09:48+00:00","description":"Avatto ZWT100 3A juodas i\u0161manusis Wi-Fi termostatas ; \u012etampa 230V ; Veikia su Amazon Alexa ir Google Assistant ; Lietimui jautr\u016bs mygtukai","breadcrumb":{"@id":"https:\/\/eheating.lt\/produktas\/avatto-zwt100-ismanusis-wi-fi-termostatas-3a-juodas\/#breadcrumb"},"inLanguage":"en-US","potentialAction":[{"@type":"ReadAction","target":["https:\/\/eheating.lt\/produktas\/avatto-zwt100-ismanusis-wi-fi-termostatas-3a-juodas\/"]}]},{"@type":"ImageObject","inLanguage":"en-US","@id":"https:\/\/eheating.lt\/produktas\/avatto-zwt100-ismanusis-wi-fi-termostatas-3a-juodas\/#primaryimage","url":"https:\/\/eheating.lt\/wp-content\/uploads\/2024\/01\/Avatto-ZWT100-ismanusis-Wi-Fi-termostatas.png","contentUrl":"https:\/\/eheating.lt\/wp-content\/uploads\/2024\/01\/Avatto-ZWT100-ismanusis-Wi-Fi-termostatas.png","width":800,"height":800,"caption":"Avatto ZWT100 i\u0161manusis Wi-Fi termostatas"},{"@type":"BreadcrumbList","@id":"https:\/\/eheating.lt\/produktas\/avatto-zwt100-ismanusis-wi-fi-termostatas-3a-juodas\/#breadcrumb","itemListElement":[{"@type":"ListItem","position":1,"name":"Prad\u017eia","item":"https:\/\/eheating.lt\/en\/"},{"@type":"ListItem","position":2,"name":"Shop","item":"https:\/\/eheating.lt\/en\/?page_id=5734"},{"@type":"ListItem","position":3,"name":"Avatto ZWT100 i\u0161manusis Wi-Fi termostatas 3A"}]},{"@type":"WebSite","@id":"https:\/\/eheating.lt\/#website","url":"https:\/\/eheating.lt\/","name":"eHeating","description":"Elektronika ir \u0161ildymas","potentialAction":[{"@type":"SearchAction","target":{"@type":"EntryPoint","urlTemplate":"https:\/\/eheating.lt\/?s={search_term_string}"},"query-input":{"@type":"PropertyValueSpecification","valueRequired":true,"valueName":"search_term_string"}}],"inLanguage":"en-US"}]},"product_price_amount":"33.76","product_price_currency":"EUR","og_availability":"instock","product_availability":"instock","product_retailer_item_id":"ZWT100-3A-BL","product_condition":"new"},"_links":{"self":[{"href":"https:\/\/eheating.lt\/en\/wp-json\/wp\/v2\/product\/31704","targetHints":{"allow":["GET"]}}],"collection":[{"href":"https:\/\/eheating.lt\/en\/wp-json\/wp\/v2\/product"}],"about":[{"href":"https:\/\/eheating.lt\/en\/wp-json\/wp\/v2\/types\/product"}],"replies":[{"embeddable":true,"href":"https:\/\/eheating.lt\/en\/wp-json\/wp\/v2\/comments?post=31704"}],"version-history":[{"count":1,"href":"https:\/\/eheating.lt\/en\/wp-json\/wp\/v2\/product\/31704\/revisions"}],"predecessor-version":[{"id":39126,"href":"https:\/\/eheating.lt\/en\/wp-json\/wp\/v2\/product\/31704\/revisions\/39126"}],"wp:featuredmedia":[{"embeddable":true,"href":"https:\/\/eheating.lt\/en\/wp-json\/wp\/v2\/media\/31706"}],"wp:attachment":[{"href":"https:\/\/eheating.lt\/en\/wp-json\/wp\/v2\/media?parent=31704"}],"wp:term":[{"taxonomy":"product_brand","embeddable":true,"href":"https:\/\/eheating.lt\/en\/wp-json\/wp\/v2\/product_brand?post=31704"},{"taxonomy":"product_cat","embeddable":true,"href":"https:\/\/eheating.lt\/en\/wp-json\/wp\/v2\/product_cat?post=31704"},{"taxonomy":"product_tag","embeddable":true,"href":"https:\/\/eheating.lt\/en\/wp-json\/wp\/v2\/product_tag?post=31704"}],"curies":[{"name":"wp","href":"https:\/\/api.w.org\/{rel}","templated":true}]}}