{"id":31628,"date":"2024-01-18T11:31:48","date_gmt":"2024-01-18T09:31:48","guid":{"rendered":"https:\/\/eheating.lt\/?post_type=product&#038;p=31628"},"modified":"2025-03-12T15:41:25","modified_gmt":"2025-03-12T13:41:25","slug":"avatto-trv16-zigbee-tuya-termostatine-galva","status":"publish","type":"product","link":"https:\/\/eheating.lt\/en\/produktas\/avatto-trv16-zigbee-tuya-termostatine-galva\/","title":{"rendered":"Avatto TRV16 Zigbee TUYA termostatin\u0117 galva"},"content":{"rendered":"<p style=\"font-weight: 400;\"><strong><span style=\"font-size: 18px;\">Produkto privalumai:<\/span><\/strong><\/p>\n<ul>\n<li style=\"font-weight: 400;\">Ypatingai kompakti\u0161kas korpusas, tikslus valdymas<\/li>\n<li style=\"font-weight: 400;\">Automatinio sm\u016bgio atstumo aptikimo funkcija &#8211; Suderinamas su vo\u017etuvo adata su skirtingu eigos atstumu.<\/li>\n<li style=\"font-weight: 400;\">APP Remote Control &#8211; Atsisi\u0173skite Smart Life \/Tuya smart aplikacij\u0105 \u012f savo telefon\u0105 ar plan\u0161etin\u012f kompiuter\u012f, kad gal\u0117tum\u0117te valdyti temperat\u016br\u0105 bet kur ir bet kada.<\/li>\n<li style=\"font-weight: 400;\">Valdymas balsu &#8211; Suderinamas su amazon alexaecho, google home ir tt, paprasta komanda<\/li>\n<li style=\"font-weight: 400;\">Programuojamas savait\u0117s tvarkara\u0161tis &#8211; 7 dienas per savait\u0119 ir 6 laiko periodus per dien\u0105 programuojamas tiesioginis i\u0161manus,patogus ir energijos taupymas.<\/li>\n<li style=\"font-weight: 400;\">Istorijos temperat\u016bros \u012fra\u0161as &#8211; Istorijos temperat\u016bra \u012fra\u0161oma ir rodoma kreiv\u0117je. Patogu sekti temperat\u016bros poky\u010dius patalpoje.<\/li>\n<li style=\"font-weight: 400;\">Temperat\u016bros kalibravimo funkcija &#8211; Galimyb\u0117 sukalibruoti temperat\u016bros rodmenis<\/li>\n<li style=\"font-weight: 400;\">Atviro lango aptikimo funkcija &#8211; Aktyvuoja vo\u017etuvo u\u017edarym\u0105, jei kamabrio temperat\u016bra nukrenta \u2265 6 laipsniais per ma\u017eiaunei 4 minutes<\/li>\n<li style=\"font-weight: 400;\">Grup\u0117s valdymo funkcija &#8211; Galimyb\u0117 termostatus sujungti \u012f vien\u0105 grup\u0119 taip patogiai valdant kelet\u0105 termostat\u0173 vienu metu.<\/li>\n<li style=\"font-weight: 400;\">Susiejimo funkcija &#8211; Jis gali b\u016bti sujungtas su kitais j\u016bs\u0173 namuose esan\u010diais jungikliais, jutikliais ir prietaisais<\/li>\n<li style=\"font-weight: 400;\">Family Share funkcija &#8211; Galite pasidalinti \u012frenginio matymu ir valdymu su \u0161eimos nariais j\u0173 mobiliuosiuose telefonuose.<\/li>\n<\/ul>\n<hr \/>\n<p><strong><span style=\"font-size: 18px;\">Technin\u0117s specifikacijos:<\/span><\/strong><\/p>\n<ul>\n<li>Produkto dydis: L: 77 mm, \u03a651,5 m<\/li>\n<li style=\"font-weight: 400;\">Sistema: palaiko IOS8.0 \/ Android 4.0 ir naujesnes versijas<\/li>\n<li>APP: Smart Life \/ Tuya Smart<\/li>\n<li>Valdymas balsu: \u201eAmazon Alexa\u201c, \u201eGoogle Home\u201c, \u201eYandexAlice\u201c, \u201eSmart\u201c ir kt.<\/li>\n<li>Protokolas: Zigbee 3.0<\/li>\n<li>Med\u017eiaga: ABS antipirenas<\/li>\n<li>Temperat\u016bros jutiklis: NTC<\/li>\n<li>Baterija: 2&#215;1,5 V AA baterija (\u0161armin\u0117 baterija)<\/li>\n<li>Darbin\u0117 temperat\u016bra: -10\u00b0C-40\u00b0C<\/li>\n<li>Aplinkos temperat\u016bra: 0-50\u00b0C<\/li>\n<li>Pastovi Temperat\u016bros tolerancija: \u00b11\u00b0C<\/li>\n<li>Temperat\u016bros kalibravimas: -3\u00b0C-+3\u00b0C<\/li>\n<li>Sriegio dydis: M30 * 1,5 mm<\/li>\n<\/ul>\n<p>&nbsp;<\/p>\n","protected":false},"excerpt":{"rendered":"<p><b>Avatto TRV16<\/b> elektronin\u0117 termostatin\u0117 galva, kuri yra alternatyva tradicin\u0117ms termo galvoms. Su LCD ekranu<\/p>\n","protected":false},"featured_media":31630,"comment_status":"closed","ping_status":"closed","template":"","meta":[],"product_brand":[],"product_cat":[137,133],"product_tag":[974],"class_list":{"0":"post-31628","1":"product","2":"type-product","3":"status-publish","4":"has-post-thumbnail","6":"product_cat-radiatoriu-termostatines-galvos","7":"product_cat-sildymo-valdymo-automatika","8":"product_tag-ean","10":"first","11":"onbackorder","12":"taxable","13":"shipping-taxable","14":"purchasable","15":"product-type-simple"},"yoast_head":"<!-- This site is optimized with the Yoast SEO Premium plugin v21.5 (Yoast SEO v27.3) - https:\/\/yoast.com\/product\/yoast-seo-premium-wordpress\/ -->\n<title>Avatto TRV16 Zigbee TUYA termostatin\u0117 galva<\/title>\n<meta name=\"description\" content=\"Avatto TRV16 termostatin\u0117 galva ; Wi-Fi ry\u0161ys ; Parametr\u0173 konfig\u016bravimas ; Veikia baterijomis ; LCD ekranas ; ZigBee protokolas\" \/>\n<meta name=\"robots\" content=\"index, follow, max-snippet:-1, max-image-preview:large, max-video-preview:-1\" \/>\n<link rel=\"canonical\" href=\"https:\/\/eheating.lt\/produktas\/avatto-trv16-zigbee-tuya-termostatine-galva\/\" \/>\n<meta property=\"og:locale\" content=\"en_US\" \/>\n<meta property=\"og:type\" content=\"article\" \/>\n<meta property=\"og:title\" content=\"Avatto TRV16 Zigbee TUYA termostatin\u0117 galva\" \/>\n<meta property=\"og:description\" content=\"Avatto TRV16 termostatin\u0117 galva ; Wi-Fi ry\u0161ys ; Parametr\u0173 konfig\u016bravimas ; Veikia baterijomis ; LCD ekranas ; ZigBee protokolas\" \/>\n<meta property=\"og:url\" content=\"https:\/\/eheating.lt\/produktas\/avatto-trv16-zigbee-tuya-termostatine-galva\/\" \/>\n<meta property=\"og:site_name\" content=\"Elektronika Namams\" \/>\n<meta property=\"article:publisher\" content=\"https:\/\/www.facebook.com\/ElektronikaNamams\" \/>\n<meta property=\"article:modified_time\" content=\"2025-03-12T13:41:25+00:00\" \/>\n<meta property=\"og:image\" content=\"https:\/\/eheating.lt\/wp-content\/uploads\/2024\/01\/Avatto-TRV16-Zigbee-TUYA-Wi-Fi-termostatine-galva.png\" \/>\n\t<meta property=\"og:image:width\" content=\"800\" \/>\n\t<meta property=\"og:image:height\" content=\"800\" \/>\n\t<meta property=\"og:image:type\" content=\"image\/png\" \/>\n<meta name=\"twitter:card\" content=\"summary_large_image\" \/>\n<meta name=\"twitter:label1\" content=\"Price\" \/>\n\t<meta name=\"twitter:data1\" content=\"34,78&nbsp;&euro;\" \/>\n\t<meta name=\"twitter:label2\" content=\"Availability\" \/>\n\t<meta name=\"twitter:data2\" content=\"On backorder\" \/>\n<script type=\"application\/ld+json\" class=\"yoast-schema-graph\">{\"@context\":\"https:\\\/\\\/schema.org\",\"@graph\":[{\"@type\":\"WebPage\",\"@id\":\"https:\\\/\\\/eheating.lt\\\/produktas\\\/avatto-trv16-zigbee-tuya-termostatine-galva\\\/\",\"url\":\"https:\\\/\\\/eheating.lt\\\/produktas\\\/avatto-trv16-zigbee-tuya-termostatine-galva\\\/\",\"name\":\"Avatto TRV16 Zigbee TUYA termostatin\u0117 galva\",\"isPartOf\":{\"@id\":\"https:\\\/\\\/eheating.lt\\\/#website\"},\"primaryImageOfPage\":{\"@id\":\"https:\\\/\\\/eheating.lt\\\/produktas\\\/avatto-trv16-zigbee-tuya-termostatine-galva\\\/#primaryimage\"},\"image\":{\"@id\":\"https:\\\/\\\/eheating.lt\\\/produktas\\\/avatto-trv16-zigbee-tuya-termostatine-galva\\\/#primaryimage\"},\"thumbnailUrl\":\"https:\\\/\\\/eheating.lt\\\/wp-content\\\/uploads\\\/2024\\\/01\\\/Avatto-TRV16-Zigbee-TUYA-Wi-Fi-termostatine-galva.png\",\"datePublished\":\"2024-01-18T09:31:48+00:00\",\"dateModified\":\"2025-03-12T13:41:25+00:00\",\"description\":\"Avatto TRV16 termostatin\u0117 galva ; Wi-Fi ry\u0161ys ; Parametr\u0173 konfig\u016bravimas ; Veikia baterijomis ; LCD ekranas ; ZigBee protokolas\",\"breadcrumb\":{\"@id\":\"https:\\\/\\\/eheating.lt\\\/produktas\\\/avatto-trv16-zigbee-tuya-termostatine-galva\\\/#breadcrumb\"},\"inLanguage\":\"en-US\",\"potentialAction\":[{\"@type\":\"ReadAction\",\"target\":[\"https:\\\/\\\/eheating.lt\\\/produktas\\\/avatto-trv16-zigbee-tuya-termostatine-galva\\\/\"]}]},{\"@type\":\"ImageObject\",\"inLanguage\":\"en-US\",\"@id\":\"https:\\\/\\\/eheating.lt\\\/produktas\\\/avatto-trv16-zigbee-tuya-termostatine-galva\\\/#primaryimage\",\"url\":\"https:\\\/\\\/eheating.lt\\\/wp-content\\\/uploads\\\/2024\\\/01\\\/Avatto-TRV16-Zigbee-TUYA-Wi-Fi-termostatine-galva.png\",\"contentUrl\":\"https:\\\/\\\/eheating.lt\\\/wp-content\\\/uploads\\\/2024\\\/01\\\/Avatto-TRV16-Zigbee-TUYA-Wi-Fi-termostatine-galva.png\",\"width\":800,\"height\":800,\"caption\":\"Avatto TRV16 Zigbee TUYA Wi-Fi termostatin\u0117 galva\"},{\"@type\":\"BreadcrumbList\",\"@id\":\"https:\\\/\\\/eheating.lt\\\/produktas\\\/avatto-trv16-zigbee-tuya-termostatine-galva\\\/#breadcrumb\",\"itemListElement\":[{\"@type\":\"ListItem\",\"position\":1,\"name\":\"Prad\u017eia\",\"item\":\"https:\\\/\\\/eheating.lt\\\/en\\\/\"},{\"@type\":\"ListItem\",\"position\":2,\"name\":\"Shop\",\"item\":\"https:\\\/\\\/eheating.lt\\\/en\\\/?page_id=5734\"},{\"@type\":\"ListItem\",\"position\":3,\"name\":\"Avatto TRV16 Zigbee TUYA termostatin\u0117 galva\"}]},{\"@type\":\"WebSite\",\"@id\":\"https:\\\/\\\/eheating.lt\\\/#website\",\"url\":\"https:\\\/\\\/eheating.lt\\\/\",\"name\":\"eHeating\",\"description\":\"Elektronika ir \u0161ildymas\",\"potentialAction\":[{\"@type\":\"SearchAction\",\"target\":{\"@type\":\"EntryPoint\",\"urlTemplate\":\"https:\\\/\\\/eheating.lt\\\/?s={search_term_string}\"},\"query-input\":{\"@type\":\"PropertyValueSpecification\",\"valueRequired\":true,\"valueName\":\"search_term_string\"}}],\"inLanguage\":\"en-US\"}]}<\/script>\n<meta property=\"product:price:amount\" content=\"34.78\" \/>\n<meta property=\"product:price:currency\" content=\"EUR\" \/>\n<meta property=\"og:availability\" content=\"backorder\" \/>\n<meta property=\"product:availability\" content=\"available for order\" \/>\n<meta property=\"product:retailer_item_id\" content=\"AVATTO-TRV16\" \/>\n<meta property=\"product:condition\" content=\"new\" \/>\n<!-- \/ Yoast SEO Premium plugin. -->","yoast_head_json":{"title":"Avatto TRV16 Zigbee TUYA termostatin\u0117 galva","description":"Avatto TRV16 termostatin\u0117 galva ; Wi-Fi ry\u0161ys ; Parametr\u0173 konfig\u016bravimas ; Veikia baterijomis ; LCD ekranas ; ZigBee protokolas","robots":{"index":"index","follow":"follow","max-snippet":"max-snippet:-1","max-image-preview":"max-image-preview:large","max-video-preview":"max-video-preview:-1"},"canonical":"https:\/\/eheating.lt\/produktas\/avatto-trv16-zigbee-tuya-termostatine-galva\/","og_locale":"en_US","og_type":"article","og_title":"Avatto TRV16 Zigbee TUYA termostatin\u0117 galva","og_description":"Avatto TRV16 termostatin\u0117 galva ; Wi-Fi ry\u0161ys ; Parametr\u0173 konfig\u016bravimas ; Veikia baterijomis ; LCD ekranas ; ZigBee protokolas","og_url":"https:\/\/eheating.lt\/produktas\/avatto-trv16-zigbee-tuya-termostatine-galva\/","og_site_name":"Elektronika Namams","article_publisher":"https:\/\/www.facebook.com\/ElektronikaNamams","article_modified_time":"2025-03-12T13:41:25+00:00","og_image":[{"width":800,"height":800,"url":"https:\/\/eheating.lt\/wp-content\/uploads\/2024\/01\/Avatto-TRV16-Zigbee-TUYA-Wi-Fi-termostatine-galva.png","type":"image\/png"}],"twitter_card":"summary_large_image","twitter_misc":{"Price":"34,78&nbsp;&euro;","Availability":"On backorder"},"schema":{"@context":"https:\/\/schema.org","@graph":[{"@type":"WebPage","@id":"https:\/\/eheating.lt\/produktas\/avatto-trv16-zigbee-tuya-termostatine-galva\/","url":"https:\/\/eheating.lt\/produktas\/avatto-trv16-zigbee-tuya-termostatine-galva\/","name":"Avatto TRV16 Zigbee TUYA termostatin\u0117 galva","isPartOf":{"@id":"https:\/\/eheating.lt\/#website"},"primaryImageOfPage":{"@id":"https:\/\/eheating.lt\/produktas\/avatto-trv16-zigbee-tuya-termostatine-galva\/#primaryimage"},"image":{"@id":"https:\/\/eheating.lt\/produktas\/avatto-trv16-zigbee-tuya-termostatine-galva\/#primaryimage"},"thumbnailUrl":"https:\/\/eheating.lt\/wp-content\/uploads\/2024\/01\/Avatto-TRV16-Zigbee-TUYA-Wi-Fi-termostatine-galva.png","datePublished":"2024-01-18T09:31:48+00:00","dateModified":"2025-03-12T13:41:25+00:00","description":"Avatto TRV16 termostatin\u0117 galva ; Wi-Fi ry\u0161ys ; Parametr\u0173 konfig\u016bravimas ; Veikia baterijomis ; LCD ekranas ; ZigBee protokolas","breadcrumb":{"@id":"https:\/\/eheating.lt\/produktas\/avatto-trv16-zigbee-tuya-termostatine-galva\/#breadcrumb"},"inLanguage":"en-US","potentialAction":[{"@type":"ReadAction","target":["https:\/\/eheating.lt\/produktas\/avatto-trv16-zigbee-tuya-termostatine-galva\/"]}]},{"@type":"ImageObject","inLanguage":"en-US","@id":"https:\/\/eheating.lt\/produktas\/avatto-trv16-zigbee-tuya-termostatine-galva\/#primaryimage","url":"https:\/\/eheating.lt\/wp-content\/uploads\/2024\/01\/Avatto-TRV16-Zigbee-TUYA-Wi-Fi-termostatine-galva.png","contentUrl":"https:\/\/eheating.lt\/wp-content\/uploads\/2024\/01\/Avatto-TRV16-Zigbee-TUYA-Wi-Fi-termostatine-galva.png","width":800,"height":800,"caption":"Avatto TRV16 Zigbee TUYA Wi-Fi termostatin\u0117 galva"},{"@type":"BreadcrumbList","@id":"https:\/\/eheating.lt\/produktas\/avatto-trv16-zigbee-tuya-termostatine-galva\/#breadcrumb","itemListElement":[{"@type":"ListItem","position":1,"name":"Prad\u017eia","item":"https:\/\/eheating.lt\/en\/"},{"@type":"ListItem","position":2,"name":"Shop","item":"https:\/\/eheating.lt\/en\/?page_id=5734"},{"@type":"ListItem","position":3,"name":"Avatto TRV16 Zigbee TUYA termostatin\u0117 galva"}]},{"@type":"WebSite","@id":"https:\/\/eheating.lt\/#website","url":"https:\/\/eheating.lt\/","name":"eHeating","description":"Elektronika ir \u0161ildymas","potentialAction":[{"@type":"SearchAction","target":{"@type":"EntryPoint","urlTemplate":"https:\/\/eheating.lt\/?s={search_term_string}"},"query-input":{"@type":"PropertyValueSpecification","valueRequired":true,"valueName":"search_term_string"}}],"inLanguage":"en-US"}]},"product_price_amount":"34.78","product_price_currency":"EUR","og_availability":"backorder","product_availability":"available for order","product_retailer_item_id":"AVATTO-TRV16","product_condition":"new"},"_links":{"self":[{"href":"https:\/\/eheating.lt\/en\/wp-json\/wp\/v2\/product\/31628","targetHints":{"allow":["GET"]}}],"collection":[{"href":"https:\/\/eheating.lt\/en\/wp-json\/wp\/v2\/product"}],"about":[{"href":"https:\/\/eheating.lt\/en\/wp-json\/wp\/v2\/types\/product"}],"replies":[{"embeddable":true,"href":"https:\/\/eheating.lt\/en\/wp-json\/wp\/v2\/comments?post=31628"}],"version-history":[{"count":2,"href":"https:\/\/eheating.lt\/en\/wp-json\/wp\/v2\/product\/31628\/revisions"}],"predecessor-version":[{"id":38953,"href":"https:\/\/eheating.lt\/en\/wp-json\/wp\/v2\/product\/31628\/revisions\/38953"}],"wp:featuredmedia":[{"embeddable":true,"href":"https:\/\/eheating.lt\/en\/wp-json\/wp\/v2\/media\/31630"}],"wp:attachment":[{"href":"https:\/\/eheating.lt\/en\/wp-json\/wp\/v2\/media?parent=31628"}],"wp:term":[{"taxonomy":"product_brand","embeddable":true,"href":"https:\/\/eheating.lt\/en\/wp-json\/wp\/v2\/product_brand?post=31628"},{"taxonomy":"product_cat","embeddable":true,"href":"https:\/\/eheating.lt\/en\/wp-json\/wp\/v2\/product_cat?post=31628"},{"taxonomy":"product_tag","embeddable":true,"href":"https:\/\/eheating.lt\/en\/wp-json\/wp\/v2\/product_tag?post=31628"}],"curies":[{"name":"wp","href":"https:\/\/api.w.org\/{rel}","templated":true}]}}