{"id":31578,"date":"2024-01-18T10:15:58","date_gmt":"2024-01-18T08:15:58","guid":{"rendered":"https:\/\/eheating.lt\/?post_type=product&#038;p=31578"},"modified":"2024-07-19T08:48:06","modified_gmt":"2024-07-19T05:48:06","slug":"moes-wht-6000-gc-ismanusis-wi-fi-termostatas-sildymo-katilo-boilerio-valdymui","status":"publish","type":"product","link":"https:\/\/eheating.lt\/en\/produktas\/moes-wht-6000-gc-ismanusis-wi-fi-termostatas-sildymo-katilo-boilerio-valdymui\/","title":{"rendered":"Moes WHT-6000-GC i\u0161manusis Wi-Fi termostatas \u0161ildymo"},"content":{"rendered":"<div>Moes WHT-6000-GA skirtas &#8220;sauso kontakto&#8221; principu valdyti dujin\u012f katil\u0105 ar vandens \u0161ildytuv\u0105. Veikia tiek rankiniu b\u016bdu, tiek valdant Wi-Fi (prijungiant termostat\u0105 prie TUYA ar Smart Life program\u0117l\u0117s prie nam\u0173 Wi-Fi mar\u0161rutizatoriaus)<\/div>\n<hr \/>\n<p><span style=\"font-size: 18px;\"><strong>Technin\u0117s specifikacijos:<\/strong><\/span><\/p>\n<ul>\n<li>Ai\u0161kus darbo re\u017eimo, esamos temperat\u016bros ir nustatym\u0173 ekranas<\/li>\n<li>Leid\u017eia nustatyti savaitin\u012f \u0161ildymo grafik\u0105 &#8211; programuoti darbo dienoms + savaitgaliui (maksimaliai padidina komfort\u0105 ir energijos taupym\u0105)<\/li>\n<li>Galimyb\u0117 kurti grupes centralizuotam (grupiniam) valdymui garantuoja bendr\u0105 vis\u0173 termostat\u0173 valdym\u0105 vienu metu<\/li>\n<li>Taikymas: SmartLife \/ Tuya<\/li>\n<li>\u201eAmazon Alexa\u201c ir \u201eGoogle Assistant\u201c balso valdymo palaikymas<\/li>\n<li>Palaiko IFTTT atvir\u0173 program\u0173 platform\u0105<\/li>\n<li>Dalijimasis duomenimis<\/li>\n<li>Matmenys: 90x90x14(24)mm<\/li>\n<li>Maitinimas: 95 ~ 240 VAC, 50 ~ 60 Hz<\/li>\n<li>Srov\u0117s apkrova: 16A<\/li>\n<li>Jutiklis: NTC3950, 10K<\/li>\n<li>Tikslumas: \u00b10,5 \u2103<\/li>\n<li>Diapazonas: 5-35 \u2103<\/li>\n<li>Diapazonas: 5 ~ 99 \u2103<\/li>\n<li>Aplinkos temperat\u016bra: 0 ~ 45 \u2103<\/li>\n<li>Dr\u0117gm\u0117: 5\u201395 % santykinis dr\u0117gnis (nekondensuojantis)<\/li>\n<li>Laikymo temperat\u016bra: 5-45 \u00b0C<\/li>\n<li>Energijos s\u0105naudos: &lt;1,5W<\/li>\n<li>Laiko klaida: &lt;1 %<\/li>\n<li>Montavimo d\u0117\u017eut\u0117: kvadratin\u0117 86 x 86 mm arba apvali 60 x 60 mm<\/li>\n<li>Kabelio jungtis: 2x 1,5 mm\u00b2 arba 1x 2,5 mm\u00b2<\/li>\n<li>Apsaugos laipsnis: IP20<\/li>\n<\/ul>\n<p>&nbsp;<\/p>\n<p>&nbsp;<\/p>\n","protected":false},"excerpt":{"rendered":"<p><strong>Moes WHT-6000-GC<\/strong> i\u0161manusis WiFi termostatas su LCD ekranu, skirtas \u0161ildymo katilo \/ boilerio valdymui. \u201eAmazon Alexa\u201c ir \u201eGoogle Assistant\u201c balso valdymo palaikymas<\/p>\n","protected":false},"featured_media":31580,"comment_status":"closed","ping_status":"closed","template":"","meta":[],"product_brand":[],"product_cat":[134,133,135],"product_tag":[974],"class_list":{"0":"post-31578","1":"product","2":"type-product","3":"status-publish","4":"has-post-thumbnail","6":"product_cat-laidiniai-termostatai","7":"product_cat-sildymo-valdymo-automatika","8":"product_cat-wifi-termostatai","9":"product_tag-ean","11":"first","12":"instock","13":"purchasable","14":"product-type-simple"},"yoast_head":"<!-- This site is optimized with the Yoast SEO Premium plugin v21.5 (Yoast SEO v27.3) - https:\/\/yoast.com\/product\/yoast-seo-premium-wordpress\/ -->\n<title>Moes WHT-6000-GC i\u0161manusis Wi-Fi termostatas katilo valdymui<\/title>\n<meta name=\"description\" content=\"Moes WHT-6000-GC i\u0161manusis Wi-Fi termostatas katilui\/boileriui ; \u012etampa 230V ; Veikia su Amazon Alexa ir Google Assistant ; Lietimui jautr\u016bs mygtukai\" \/>\n<meta name=\"robots\" content=\"index, follow, max-snippet:-1, max-image-preview:large, max-video-preview:-1\" \/>\n<link rel=\"canonical\" href=\"https:\/\/eheating.lt\/produktas\/moes-wht-6000-gc-ismanusis-wi-fi-termostatas-sildymo-katilo-boilerio-valdymui\/\" \/>\n<meta property=\"og:locale\" content=\"en_US\" \/>\n<meta property=\"og:type\" content=\"article\" \/>\n<meta property=\"og:title\" content=\"Moes WHT-6000-GC i\u0161manusis Wi-Fi termostatas \u0161ildymo katilo \/ boilerio valdymui\" \/>\n<meta property=\"og:description\" content=\"Moes WHT-6000-GC i\u0161manusis Wi-Fi termostatas katilui\/boileriui ; \u012etampa 230V ; Veikia su Amazon Alexa ir Google Assistant ; Lietimui jautr\u016bs mygtukai\" \/>\n<meta property=\"og:url\" content=\"https:\/\/eheating.lt\/produktas\/moes-wht-6000-gc-ismanusis-wi-fi-termostatas-sildymo-katilo-boilerio-valdymui\/\" \/>\n<meta property=\"og:site_name\" content=\"Elektronika Namams\" \/>\n<meta property=\"article:publisher\" content=\"https:\/\/www.facebook.com\/ElektronikaNamams\" \/>\n<meta property=\"article:modified_time\" content=\"2024-07-19T05:48:06+00:00\" \/>\n<meta property=\"og:image\" content=\"https:\/\/eheating.lt\/wp-content\/uploads\/2024\/01\/Moes-WHT-6000-GC-ismanusis-Wi-Fi-termostatas-sildymo-katilo-boilerio-valdymui.png\" \/>\n\t<meta property=\"og:image:width\" content=\"800\" \/>\n\t<meta property=\"og:image:height\" content=\"800\" \/>\n\t<meta property=\"og:image:type\" content=\"image\/png\" \/>\n<meta name=\"twitter:card\" content=\"summary_large_image\" \/>\n<meta name=\"twitter:label1\" content=\"Price\" \/>\n\t<meta name=\"twitter:data1\" content=\"69,50&nbsp;&euro;\" \/>\n\t<meta name=\"twitter:label2\" content=\"Availability\" \/>\n\t<meta name=\"twitter:data2\" content=\"In stock\" \/>\n<script type=\"application\/ld+json\" class=\"yoast-schema-graph\">{\"@context\":\"https:\\\/\\\/schema.org\",\"@graph\":[{\"@type\":\"WebPage\",\"@id\":\"https:\\\/\\\/eheating.lt\\\/produktas\\\/moes-wht-6000-gc-ismanusis-wi-fi-termostatas-sildymo-katilo-boilerio-valdymui\\\/\",\"url\":\"https:\\\/\\\/eheating.lt\\\/produktas\\\/moes-wht-6000-gc-ismanusis-wi-fi-termostatas-sildymo-katilo-boilerio-valdymui\\\/\",\"name\":\"Moes WHT-6000-GC i\u0161manusis Wi-Fi termostatas katilo valdymui\",\"isPartOf\":{\"@id\":\"https:\\\/\\\/eheating.lt\\\/#website\"},\"primaryImageOfPage\":{\"@id\":\"https:\\\/\\\/eheating.lt\\\/produktas\\\/moes-wht-6000-gc-ismanusis-wi-fi-termostatas-sildymo-katilo-boilerio-valdymui\\\/#primaryimage\"},\"image\":{\"@id\":\"https:\\\/\\\/eheating.lt\\\/produktas\\\/moes-wht-6000-gc-ismanusis-wi-fi-termostatas-sildymo-katilo-boilerio-valdymui\\\/#primaryimage\"},\"thumbnailUrl\":\"https:\\\/\\\/eheating.lt\\\/wp-content\\\/uploads\\\/2024\\\/01\\\/Moes-WHT-6000-GC-ismanusis-Wi-Fi-termostatas-sildymo-katilo-boilerio-valdymui.png\",\"datePublished\":\"2024-01-18T08:15:58+00:00\",\"dateModified\":\"2024-07-19T05:48:06+00:00\",\"description\":\"Moes WHT-6000-GC i\u0161manusis Wi-Fi termostatas katilui\\\/boileriui ; \u012etampa 230V ; Veikia su Amazon Alexa ir Google Assistant ; Lietimui jautr\u016bs mygtukai\",\"breadcrumb\":{\"@id\":\"https:\\\/\\\/eheating.lt\\\/produktas\\\/moes-wht-6000-gc-ismanusis-wi-fi-termostatas-sildymo-katilo-boilerio-valdymui\\\/#breadcrumb\"},\"inLanguage\":\"en-US\",\"potentialAction\":[{\"@type\":\"ReadAction\",\"target\":[\"https:\\\/\\\/eheating.lt\\\/produktas\\\/moes-wht-6000-gc-ismanusis-wi-fi-termostatas-sildymo-katilo-boilerio-valdymui\\\/\"]}]},{\"@type\":\"ImageObject\",\"inLanguage\":\"en-US\",\"@id\":\"https:\\\/\\\/eheating.lt\\\/produktas\\\/moes-wht-6000-gc-ismanusis-wi-fi-termostatas-sildymo-katilo-boilerio-valdymui\\\/#primaryimage\",\"url\":\"https:\\\/\\\/eheating.lt\\\/wp-content\\\/uploads\\\/2024\\\/01\\\/Moes-WHT-6000-GC-ismanusis-Wi-Fi-termostatas-sildymo-katilo-boilerio-valdymui.png\",\"contentUrl\":\"https:\\\/\\\/eheating.lt\\\/wp-content\\\/uploads\\\/2024\\\/01\\\/Moes-WHT-6000-GC-ismanusis-Wi-Fi-termostatas-sildymo-katilo-boilerio-valdymui.png\",\"width\":800,\"height\":800,\"caption\":\"Moes WHT-6000-GC i\u0161manusis Wi-Fi termostatas \u0161ildymo katilo \\\/ boilerio valdymui\"},{\"@type\":\"BreadcrumbList\",\"@id\":\"https:\\\/\\\/eheating.lt\\\/produktas\\\/moes-wht-6000-gc-ismanusis-wi-fi-termostatas-sildymo-katilo-boilerio-valdymui\\\/#breadcrumb\",\"itemListElement\":[{\"@type\":\"ListItem\",\"position\":1,\"name\":\"Prad\u017eia\",\"item\":\"https:\\\/\\\/eheating.lt\\\/en\\\/\"},{\"@type\":\"ListItem\",\"position\":2,\"name\":\"Shop\",\"item\":\"https:\\\/\\\/eheating.lt\\\/en\\\/?page_id=5734\"},{\"@type\":\"ListItem\",\"position\":3,\"name\":\"Moes WHT-6000-GC i\u0161manusis Wi-Fi termostatas \u0161ildymo katilo \\\/ boilerio valdymui\"}]},{\"@type\":\"WebSite\",\"@id\":\"https:\\\/\\\/eheating.lt\\\/#website\",\"url\":\"https:\\\/\\\/eheating.lt\\\/\",\"name\":\"eHeating\",\"description\":\"Elektronika ir \u0161ildymas\",\"potentialAction\":[{\"@type\":\"SearchAction\",\"target\":{\"@type\":\"EntryPoint\",\"urlTemplate\":\"https:\\\/\\\/eheating.lt\\\/?s={search_term_string}\"},\"query-input\":{\"@type\":\"PropertyValueSpecification\",\"valueRequired\":true,\"valueName\":\"search_term_string\"}}],\"inLanguage\":\"en-US\"}]}<\/script>\n<meta property=\"product:price:amount\" content=\"69.50\" \/>\n<meta property=\"product:price:currency\" content=\"EUR\" \/>\n<meta property=\"og:availability\" content=\"instock\" \/>\n<meta property=\"product:availability\" content=\"instock\" \/>\n<meta property=\"product:retailer_item_id\" content=\"WHT-6000-GC\" \/>\n<meta property=\"product:condition\" content=\"new\" \/>\n<!-- \/ Yoast SEO Premium plugin. -->","yoast_head_json":{"title":"Moes WHT-6000-GC i\u0161manusis Wi-Fi termostatas katilo valdymui","description":"Moes WHT-6000-GC i\u0161manusis Wi-Fi termostatas katilui\/boileriui ; \u012etampa 230V ; Veikia su Amazon Alexa ir Google Assistant ; Lietimui jautr\u016bs mygtukai","robots":{"index":"index","follow":"follow","max-snippet":"max-snippet:-1","max-image-preview":"max-image-preview:large","max-video-preview":"max-video-preview:-1"},"canonical":"https:\/\/eheating.lt\/produktas\/moes-wht-6000-gc-ismanusis-wi-fi-termostatas-sildymo-katilo-boilerio-valdymui\/","og_locale":"en_US","og_type":"article","og_title":"Moes WHT-6000-GC i\u0161manusis Wi-Fi termostatas \u0161ildymo katilo \/ boilerio valdymui","og_description":"Moes WHT-6000-GC i\u0161manusis Wi-Fi termostatas katilui\/boileriui ; \u012etampa 230V ; Veikia su Amazon Alexa ir Google Assistant ; Lietimui jautr\u016bs mygtukai","og_url":"https:\/\/eheating.lt\/produktas\/moes-wht-6000-gc-ismanusis-wi-fi-termostatas-sildymo-katilo-boilerio-valdymui\/","og_site_name":"Elektronika Namams","article_publisher":"https:\/\/www.facebook.com\/ElektronikaNamams","article_modified_time":"2024-07-19T05:48:06+00:00","og_image":[{"width":800,"height":800,"url":"https:\/\/eheating.lt\/wp-content\/uploads\/2024\/01\/Moes-WHT-6000-GC-ismanusis-Wi-Fi-termostatas-sildymo-katilo-boilerio-valdymui.png","type":"image\/png"}],"twitter_card":"summary_large_image","twitter_misc":{"Price":"69,50&nbsp;&euro;","Availability":"In stock"},"schema":{"@context":"https:\/\/schema.org","@graph":[{"@type":"WebPage","@id":"https:\/\/eheating.lt\/produktas\/moes-wht-6000-gc-ismanusis-wi-fi-termostatas-sildymo-katilo-boilerio-valdymui\/","url":"https:\/\/eheating.lt\/produktas\/moes-wht-6000-gc-ismanusis-wi-fi-termostatas-sildymo-katilo-boilerio-valdymui\/","name":"Moes WHT-6000-GC i\u0161manusis Wi-Fi termostatas katilo valdymui","isPartOf":{"@id":"https:\/\/eheating.lt\/#website"},"primaryImageOfPage":{"@id":"https:\/\/eheating.lt\/produktas\/moes-wht-6000-gc-ismanusis-wi-fi-termostatas-sildymo-katilo-boilerio-valdymui\/#primaryimage"},"image":{"@id":"https:\/\/eheating.lt\/produktas\/moes-wht-6000-gc-ismanusis-wi-fi-termostatas-sildymo-katilo-boilerio-valdymui\/#primaryimage"},"thumbnailUrl":"https:\/\/eheating.lt\/wp-content\/uploads\/2024\/01\/Moes-WHT-6000-GC-ismanusis-Wi-Fi-termostatas-sildymo-katilo-boilerio-valdymui.png","datePublished":"2024-01-18T08:15:58+00:00","dateModified":"2024-07-19T05:48:06+00:00","description":"Moes WHT-6000-GC i\u0161manusis Wi-Fi termostatas katilui\/boileriui ; \u012etampa 230V ; Veikia su Amazon Alexa ir Google Assistant ; Lietimui jautr\u016bs mygtukai","breadcrumb":{"@id":"https:\/\/eheating.lt\/produktas\/moes-wht-6000-gc-ismanusis-wi-fi-termostatas-sildymo-katilo-boilerio-valdymui\/#breadcrumb"},"inLanguage":"en-US","potentialAction":[{"@type":"ReadAction","target":["https:\/\/eheating.lt\/produktas\/moes-wht-6000-gc-ismanusis-wi-fi-termostatas-sildymo-katilo-boilerio-valdymui\/"]}]},{"@type":"ImageObject","inLanguage":"en-US","@id":"https:\/\/eheating.lt\/produktas\/moes-wht-6000-gc-ismanusis-wi-fi-termostatas-sildymo-katilo-boilerio-valdymui\/#primaryimage","url":"https:\/\/eheating.lt\/wp-content\/uploads\/2024\/01\/Moes-WHT-6000-GC-ismanusis-Wi-Fi-termostatas-sildymo-katilo-boilerio-valdymui.png","contentUrl":"https:\/\/eheating.lt\/wp-content\/uploads\/2024\/01\/Moes-WHT-6000-GC-ismanusis-Wi-Fi-termostatas-sildymo-katilo-boilerio-valdymui.png","width":800,"height":800,"caption":"Moes WHT-6000-GC i\u0161manusis Wi-Fi termostatas \u0161ildymo katilo \/ boilerio valdymui"},{"@type":"BreadcrumbList","@id":"https:\/\/eheating.lt\/produktas\/moes-wht-6000-gc-ismanusis-wi-fi-termostatas-sildymo-katilo-boilerio-valdymui\/#breadcrumb","itemListElement":[{"@type":"ListItem","position":1,"name":"Prad\u017eia","item":"https:\/\/eheating.lt\/en\/"},{"@type":"ListItem","position":2,"name":"Shop","item":"https:\/\/eheating.lt\/en\/?page_id=5734"},{"@type":"ListItem","position":3,"name":"Moes WHT-6000-GC i\u0161manusis Wi-Fi termostatas \u0161ildymo katilo \/ boilerio valdymui"}]},{"@type":"WebSite","@id":"https:\/\/eheating.lt\/#website","url":"https:\/\/eheating.lt\/","name":"eHeating","description":"Elektronika ir \u0161ildymas","potentialAction":[{"@type":"SearchAction","target":{"@type":"EntryPoint","urlTemplate":"https:\/\/eheating.lt\/?s={search_term_string}"},"query-input":{"@type":"PropertyValueSpecification","valueRequired":true,"valueName":"search_term_string"}}],"inLanguage":"en-US"}]},"product_price_amount":"69.50","product_price_currency":"EUR","og_availability":"instock","product_availability":"instock","product_retailer_item_id":"WHT-6000-GC","product_condition":"new"},"_links":{"self":[{"href":"https:\/\/eheating.lt\/en\/wp-json\/wp\/v2\/product\/31578","targetHints":{"allow":["GET"]}}],"collection":[{"href":"https:\/\/eheating.lt\/en\/wp-json\/wp\/v2\/product"}],"about":[{"href":"https:\/\/eheating.lt\/en\/wp-json\/wp\/v2\/types\/product"}],"replies":[{"embeddable":true,"href":"https:\/\/eheating.lt\/en\/wp-json\/wp\/v2\/comments?post=31578"}],"version-history":[{"count":0,"href":"https:\/\/eheating.lt\/en\/wp-json\/wp\/v2\/product\/31578\/revisions"}],"wp:featuredmedia":[{"embeddable":true,"href":"https:\/\/eheating.lt\/en\/wp-json\/wp\/v2\/media\/31580"}],"wp:attachment":[{"href":"https:\/\/eheating.lt\/en\/wp-json\/wp\/v2\/media?parent=31578"}],"wp:term":[{"taxonomy":"product_brand","embeddable":true,"href":"https:\/\/eheating.lt\/en\/wp-json\/wp\/v2\/product_brand?post=31578"},{"taxonomy":"product_cat","embeddable":true,"href":"https:\/\/eheating.lt\/en\/wp-json\/wp\/v2\/product_cat?post=31578"},{"taxonomy":"product_tag","embeddable":true,"href":"https:\/\/eheating.lt\/en\/wp-json\/wp\/v2\/product_tag?post=31578"}],"curies":[{"name":"wp","href":"https:\/\/api.w.org\/{rel}","templated":true}]}}