{"id":31532,"date":"2024-01-17T16:11:45","date_gmt":"2024-01-17T14:11:45","guid":{"rendered":"https:\/\/eheating.lt\/?post_type=product&#038;p=31532"},"modified":"2026-03-03T17:27:11","modified_gmt":"2026-03-03T15:27:11","slug":"moes-wht-002-ga-ismanusis-wi-fi-termostatas-juodas","status":"publish","type":"product","link":"https:\/\/eheating.lt\/en\/produktas\/moes-wht-002-ga-ismanusis-wi-fi-termostatas-juodas\/","title":{"rendered":"Moes WHT-002-GA i\u0161manusis Wi-Fi termostatas juodas"},"content":{"rendered":"<div>Moes WHT-002-GA skirtas valdyti \u012fprastines vandens grind\u0173 \u0161ildymo &#8220;galvas&#8221; NO (normally open) arba NC (normally closed) principu. Veikia tiek rankiniu b\u016bdu, tiek valdant Wi-Fi (prijungiant termostat\u0105 prie TUYA ar Smart Life program\u0117l\u0117s prie nam\u0173 Wi-Fi mar\u0161rutizatoriaus)<\/div>\n<hr \/>\n<p><span style=\"font-size: 18px;\"><strong>Technin\u0117s specifikacijos:<\/strong><\/span><\/p>\n<ul>\n<li>Gamintojas: Moes<\/li>\n<li>Spalva: Juoda<\/li>\n<li>Komunikacija: W-Fi<\/li>\n<li>Korpusasas: Plastikas<\/li>\n<li>Program\u0117l\u0117s: Amazon Alexa,\u00a0Google Assistant,\u00a0Smart life,\u00a0Tuya<\/li>\n<li>Maitinimas: 110-230V AC<\/li>\n<li>Atsparumo klas\u0117: IP20<\/li>\n<li>Maksimali apkrova: 5A<\/li>\n<li>Tikslumas: \u00b11 \u00baC<\/li>\n<li>Temperat\u016br\u0173 diapazonas: 5-35 \u00baC<\/li>\n<li>Galios s\u0105naudos: &lt; 1,5 W<\/li>\n<li>Matmenys: 86 x 86 x 13,3 mm<\/li>\n<\/ul>\n<p>&nbsp;<\/p>\n<p>&nbsp;<\/p>\n","protected":false},"excerpt":{"rendered":"<p><strong>Moes WHT-002-GA <\/strong>\u00a0i\u0161manusis WiFi termostatas su LCD ekranu. \u201eAmazon Alexa\u201c ir \u201eGoogle Assistant\u201c balso valdymo palaikymas<\/p>\n","protected":false},"featured_media":31550,"comment_status":"closed","ping_status":"closed","template":"","meta":[],"product_brand":[],"product_cat":[225,223,224],"product_tag":[975],"class_list":{"0":"post-31532","1":"product","2":"type-product","3":"status-publish","4":"has-post-thumbnail","6":"product_cat-room-thermostats","7":"product_cat-heating-control-automation","8":"product_cat-wireless-wi-fi-thermostats","9":"product_tag-ean-en","11":"first","12":"instock","13":"purchasable","14":"product-type-simple"},"yoast_head":"<!-- This site is optimized with the Yoast SEO Premium plugin v21.5 (Yoast SEO v27.3) - https:\/\/yoast.com\/product\/yoast-seo-premium-wordpress\/ -->\n<title>Moes WHT-002-GA i\u0161manusis Wi-Fi termostatas juodas<\/title>\n<meta name=\"description\" content=\"Moes WHT-002-GA juodas i\u0161manusis Wi-Fi termostatas ; \u012etampa 230V ; Veikia su Amazon Alexa ir Google Assistant ; Lietimui jautr\u016bs mygtukai\" \/>\n<meta name=\"robots\" content=\"index, follow, max-snippet:-1, max-image-preview:large, max-video-preview:-1\" \/>\n<link rel=\"canonical\" href=\"https:\/\/eheating.lt\/produktas\/moes-wht-002-ga-ismanusis-wi-fi-termostatas-juodas\/\" \/>\n<meta property=\"og:locale\" content=\"en_US\" \/>\n<meta property=\"og:type\" content=\"article\" \/>\n<meta property=\"og:title\" content=\"Moes WHT-002-GA i\u0161manusis Wi-Fi termostatas juodas\" \/>\n<meta property=\"og:description\" content=\"Moes WHT-002-GA juodas i\u0161manusis Wi-Fi termostatas ; \u012etampa 230V ; Veikia su Amazon Alexa ir Google Assistant ; Lietimui jautr\u016bs mygtukai\" \/>\n<meta property=\"og:url\" content=\"https:\/\/eheating.lt\/produktas\/moes-wht-002-ga-ismanusis-wi-fi-termostatas-juodas\/\" \/>\n<meta property=\"og:site_name\" content=\"Elektronika Namams\" \/>\n<meta property=\"article:publisher\" content=\"https:\/\/www.facebook.com\/ElektronikaNamams\" \/>\n<meta property=\"article:modified_time\" content=\"2026-03-03T15:27:11+00:00\" \/>\n<meta property=\"og:image\" content=\"https:\/\/eheating.lt\/wp-content\/uploads\/2024\/01\/Moes-WHT-002-GA-ismanusis-Wi-Fi-termostatas-juodas.png\" \/>\n\t<meta property=\"og:image:width\" content=\"800\" \/>\n\t<meta property=\"og:image:height\" content=\"800\" \/>\n\t<meta property=\"og:image:type\" content=\"image\/png\" \/>\n<meta name=\"twitter:card\" content=\"summary_large_image\" \/>\n<meta name=\"twitter:label1\" content=\"Price\" \/>\n\t<meta name=\"twitter:data1\" content=\"45,04&nbsp;&euro;\" \/>\n\t<meta name=\"twitter:label2\" content=\"Availability\" \/>\n\t<meta name=\"twitter:data2\" content=\"In stock\" \/>\n<script type=\"application\/ld+json\" class=\"yoast-schema-graph\">{\"@context\":\"https:\\\/\\\/schema.org\",\"@graph\":[{\"@type\":\"WebPage\",\"@id\":\"https:\\\/\\\/eheating.lt\\\/produktas\\\/moes-wht-002-ga-ismanusis-wi-fi-termostatas-juodas\\\/\",\"url\":\"https:\\\/\\\/eheating.lt\\\/produktas\\\/moes-wht-002-ga-ismanusis-wi-fi-termostatas-juodas\\\/\",\"name\":\"Moes WHT-002-GA i\u0161manusis Wi-Fi termostatas juodas\",\"isPartOf\":{\"@id\":\"https:\\\/\\\/eheating.lt\\\/#website\"},\"primaryImageOfPage\":{\"@id\":\"https:\\\/\\\/eheating.lt\\\/produktas\\\/moes-wht-002-ga-ismanusis-wi-fi-termostatas-juodas\\\/#primaryimage\"},\"image\":{\"@id\":\"https:\\\/\\\/eheating.lt\\\/produktas\\\/moes-wht-002-ga-ismanusis-wi-fi-termostatas-juodas\\\/#primaryimage\"},\"thumbnailUrl\":\"https:\\\/\\\/eheating.lt\\\/wp-content\\\/uploads\\\/2024\\\/01\\\/Moes-WHT-002-GA-ismanusis-Wi-Fi-termostatas-juodas.png\",\"datePublished\":\"2024-01-17T14:11:45+00:00\",\"dateModified\":\"2026-03-03T15:27:11+00:00\",\"description\":\"Moes WHT-002-GA juodas i\u0161manusis Wi-Fi termostatas ; \u012etampa 230V ; Veikia su Amazon Alexa ir Google Assistant ; Lietimui jautr\u016bs mygtukai\",\"breadcrumb\":{\"@id\":\"https:\\\/\\\/eheating.lt\\\/produktas\\\/moes-wht-002-ga-ismanusis-wi-fi-termostatas-juodas\\\/#breadcrumb\"},\"inLanguage\":\"en-US\",\"potentialAction\":[{\"@type\":\"ReadAction\",\"target\":[\"https:\\\/\\\/eheating.lt\\\/produktas\\\/moes-wht-002-ga-ismanusis-wi-fi-termostatas-juodas\\\/\"]}]},{\"@type\":\"ImageObject\",\"inLanguage\":\"en-US\",\"@id\":\"https:\\\/\\\/eheating.lt\\\/produktas\\\/moes-wht-002-ga-ismanusis-wi-fi-termostatas-juodas\\\/#primaryimage\",\"url\":\"https:\\\/\\\/eheating.lt\\\/wp-content\\\/uploads\\\/2024\\\/01\\\/Moes-WHT-002-GA-ismanusis-Wi-Fi-termostatas-juodas.png\",\"contentUrl\":\"https:\\\/\\\/eheating.lt\\\/wp-content\\\/uploads\\\/2024\\\/01\\\/Moes-WHT-002-GA-ismanusis-Wi-Fi-termostatas-juodas.png\",\"width\":800,\"height\":800,\"caption\":\"Moes WHT-002-GA i\u0161manusis Wi-Fi termostatas juodas\"},{\"@type\":\"BreadcrumbList\",\"@id\":\"https:\\\/\\\/eheating.lt\\\/produktas\\\/moes-wht-002-ga-ismanusis-wi-fi-termostatas-juodas\\\/#breadcrumb\",\"itemListElement\":[{\"@type\":\"ListItem\",\"position\":1,\"name\":\"Prad\u017eia\",\"item\":\"https:\\\/\\\/eheating.lt\\\/en\\\/\"},{\"@type\":\"ListItem\",\"position\":2,\"name\":\"Shop\",\"item\":\"https:\\\/\\\/eheating.lt\\\/en\\\/?page_id=5734\"},{\"@type\":\"ListItem\",\"position\":3,\"name\":\"Moes WHT-002-GA i\u0161manusis Wi-Fi termostatas juodas\"}]},{\"@type\":\"WebSite\",\"@id\":\"https:\\\/\\\/eheating.lt\\\/#website\",\"url\":\"https:\\\/\\\/eheating.lt\\\/\",\"name\":\"eHeating\",\"description\":\"Elektronika ir \u0161ildymas\",\"potentialAction\":[{\"@type\":\"SearchAction\",\"target\":{\"@type\":\"EntryPoint\",\"urlTemplate\":\"https:\\\/\\\/eheating.lt\\\/?s={search_term_string}\"},\"query-input\":{\"@type\":\"PropertyValueSpecification\",\"valueRequired\":true,\"valueName\":\"search_term_string\"}}],\"inLanguage\":\"en-US\"}]}<\/script>\n<meta property=\"product:price:amount\" content=\"45.04\" \/>\n<meta property=\"product:price:currency\" content=\"EUR\" \/>\n<meta property=\"og:availability\" content=\"instock\" \/>\n<meta property=\"product:availability\" content=\"instock\" \/>\n<meta property=\"product:retailer_item_id\" content=\"WHT-002-GA-BL\" \/>\n<meta property=\"product:condition\" content=\"new\" \/>\n<!-- \/ Yoast SEO Premium plugin. -->","yoast_head_json":{"title":"Moes WHT-002-GA i\u0161manusis Wi-Fi termostatas juodas","description":"Moes WHT-002-GA juodas i\u0161manusis Wi-Fi termostatas ; \u012etampa 230V ; Veikia su Amazon Alexa ir Google Assistant ; Lietimui jautr\u016bs mygtukai","robots":{"index":"index","follow":"follow","max-snippet":"max-snippet:-1","max-image-preview":"max-image-preview:large","max-video-preview":"max-video-preview:-1"},"canonical":"https:\/\/eheating.lt\/produktas\/moes-wht-002-ga-ismanusis-wi-fi-termostatas-juodas\/","og_locale":"en_US","og_type":"article","og_title":"Moes WHT-002-GA i\u0161manusis Wi-Fi termostatas juodas","og_description":"Moes WHT-002-GA juodas i\u0161manusis Wi-Fi termostatas ; \u012etampa 230V ; Veikia su Amazon Alexa ir Google Assistant ; Lietimui jautr\u016bs mygtukai","og_url":"https:\/\/eheating.lt\/produktas\/moes-wht-002-ga-ismanusis-wi-fi-termostatas-juodas\/","og_site_name":"Elektronika Namams","article_publisher":"https:\/\/www.facebook.com\/ElektronikaNamams","article_modified_time":"2026-03-03T15:27:11+00:00","og_image":[{"width":800,"height":800,"url":"https:\/\/eheating.lt\/wp-content\/uploads\/2024\/01\/Moes-WHT-002-GA-ismanusis-Wi-Fi-termostatas-juodas.png","type":"image\/png"}],"twitter_card":"summary_large_image","twitter_misc":{"Price":"45,04&nbsp;&euro;","Availability":"In stock"},"schema":{"@context":"https:\/\/schema.org","@graph":[{"@type":"WebPage","@id":"https:\/\/eheating.lt\/produktas\/moes-wht-002-ga-ismanusis-wi-fi-termostatas-juodas\/","url":"https:\/\/eheating.lt\/produktas\/moes-wht-002-ga-ismanusis-wi-fi-termostatas-juodas\/","name":"Moes WHT-002-GA i\u0161manusis Wi-Fi termostatas juodas","isPartOf":{"@id":"https:\/\/eheating.lt\/#website"},"primaryImageOfPage":{"@id":"https:\/\/eheating.lt\/produktas\/moes-wht-002-ga-ismanusis-wi-fi-termostatas-juodas\/#primaryimage"},"image":{"@id":"https:\/\/eheating.lt\/produktas\/moes-wht-002-ga-ismanusis-wi-fi-termostatas-juodas\/#primaryimage"},"thumbnailUrl":"https:\/\/eheating.lt\/wp-content\/uploads\/2024\/01\/Moes-WHT-002-GA-ismanusis-Wi-Fi-termostatas-juodas.png","datePublished":"2024-01-17T14:11:45+00:00","dateModified":"2026-03-03T15:27:11+00:00","description":"Moes WHT-002-GA juodas i\u0161manusis Wi-Fi termostatas ; \u012etampa 230V ; Veikia su Amazon Alexa ir Google Assistant ; Lietimui jautr\u016bs mygtukai","breadcrumb":{"@id":"https:\/\/eheating.lt\/produktas\/moes-wht-002-ga-ismanusis-wi-fi-termostatas-juodas\/#breadcrumb"},"inLanguage":"en-US","potentialAction":[{"@type":"ReadAction","target":["https:\/\/eheating.lt\/produktas\/moes-wht-002-ga-ismanusis-wi-fi-termostatas-juodas\/"]}]},{"@type":"ImageObject","inLanguage":"en-US","@id":"https:\/\/eheating.lt\/produktas\/moes-wht-002-ga-ismanusis-wi-fi-termostatas-juodas\/#primaryimage","url":"https:\/\/eheating.lt\/wp-content\/uploads\/2024\/01\/Moes-WHT-002-GA-ismanusis-Wi-Fi-termostatas-juodas.png","contentUrl":"https:\/\/eheating.lt\/wp-content\/uploads\/2024\/01\/Moes-WHT-002-GA-ismanusis-Wi-Fi-termostatas-juodas.png","width":800,"height":800,"caption":"Moes WHT-002-GA i\u0161manusis Wi-Fi termostatas juodas"},{"@type":"BreadcrumbList","@id":"https:\/\/eheating.lt\/produktas\/moes-wht-002-ga-ismanusis-wi-fi-termostatas-juodas\/#breadcrumb","itemListElement":[{"@type":"ListItem","position":1,"name":"Prad\u017eia","item":"https:\/\/eheating.lt\/en\/"},{"@type":"ListItem","position":2,"name":"Shop","item":"https:\/\/eheating.lt\/en\/?page_id=5734"},{"@type":"ListItem","position":3,"name":"Moes WHT-002-GA i\u0161manusis Wi-Fi termostatas juodas"}]},{"@type":"WebSite","@id":"https:\/\/eheating.lt\/#website","url":"https:\/\/eheating.lt\/","name":"eHeating","description":"Elektronika ir \u0161ildymas","potentialAction":[{"@type":"SearchAction","target":{"@type":"EntryPoint","urlTemplate":"https:\/\/eheating.lt\/?s={search_term_string}"},"query-input":{"@type":"PropertyValueSpecification","valueRequired":true,"valueName":"search_term_string"}}],"inLanguage":"en-US"}]},"product_price_amount":"45.04","product_price_currency":"EUR","og_availability":"instock","product_availability":"instock","product_retailer_item_id":"WHT-002-GA-BL","product_condition":"new"},"_links":{"self":[{"href":"https:\/\/eheating.lt\/en\/wp-json\/wp\/v2\/product\/31532","targetHints":{"allow":["GET"]}}],"collection":[{"href":"https:\/\/eheating.lt\/en\/wp-json\/wp\/v2\/product"}],"about":[{"href":"https:\/\/eheating.lt\/en\/wp-json\/wp\/v2\/types\/product"}],"replies":[{"embeddable":true,"href":"https:\/\/eheating.lt\/en\/wp-json\/wp\/v2\/comments?post=31532"}],"version-history":[{"count":1,"href":"https:\/\/eheating.lt\/en\/wp-json\/wp\/v2\/product\/31532\/revisions"}],"predecessor-version":[{"id":39790,"href":"https:\/\/eheating.lt\/en\/wp-json\/wp\/v2\/product\/31532\/revisions\/39790"}],"wp:featuredmedia":[{"embeddable":true,"href":"https:\/\/eheating.lt\/en\/wp-json\/wp\/v2\/media\/31550"}],"wp:attachment":[{"href":"https:\/\/eheating.lt\/en\/wp-json\/wp\/v2\/media?parent=31532"}],"wp:term":[{"taxonomy":"product_brand","embeddable":true,"href":"https:\/\/eheating.lt\/en\/wp-json\/wp\/v2\/product_brand?post=31532"},{"taxonomy":"product_cat","embeddable":true,"href":"https:\/\/eheating.lt\/en\/wp-json\/wp\/v2\/product_cat?post=31532"},{"taxonomy":"product_tag","embeddable":true,"href":"https:\/\/eheating.lt\/en\/wp-json\/wp\/v2\/product_tag?post=31532"}],"curies":[{"name":"wp","href":"https:\/\/api.w.org\/{rel}","templated":true}]}}