{"id":31517,"date":"2024-01-17T15:36:33","date_gmt":"2024-01-17T13:36:33","guid":{"rendered":"https:\/\/eheating.lt\/?post_type=product&#038;p=31517"},"modified":"2025-05-27T09:45:04","modified_gmt":"2025-05-27T06:45:04","slug":"woox-r7067-zigbee-tuya-termostatine-galva-su-lcd-ekranu","status":"publish","type":"product","link":"https:\/\/eheating.lt\/en\/produktas\/woox-r7067-zigbee-tuya-termostatine-galva-su-lcd-ekranu\/","title":{"rendered":"WOOX R7067 ZigBee TUYA termostatin\u0117 galva"},"content":{"rendered":"<p>WOOX R7067 \u012frenginys gali b\u016bti valdomas nuotoliniu b\u016bdu i\u0161maniuoju telefonu tiek WOOX HOME tiek TUYA ar SMART LIFE aplikacija. Suderinamas su Danfoss RA, RAV, RAVL. Galima susieti su visais kitais i\u0161maniais WOOX prietaisais. Reikalinga WOOX Zigbee &#8211; WiFi s\u0105sajos stotel\u0117. Galimas valdymas balsu per Amazon Alexa arba Google Assistant<\/p>\n<p>I\u0161manusis radiatoriaus termostatas reguliuos \u0161ilum\u0105 namie ar ofise pagal visus vartotojo norus. Tinka daugumai Europoje naudojam\u0173 radiatori\u0173.<\/p>\n<hr \/>\n<p><strong><span style=\"font-size: 18px\">Technin\u0117s specifikacijos:<\/span><\/strong><\/p>\n<ul>\n<li>Maitinimas: DC 1.5V AA x 2 baterijos<\/li>\n<li>Baterij\u0173 tarnavimo laikas: iki 18 m\u0117nesi\u0173<\/li>\n<li>Montavimas: M30x1.5mm<\/li>\n<li>Valdymo \u0161erdis: 4.3mm<\/li>\n<li>Nustatomos temperat\u016bros ribos: 5\u2103 &#8211; 29.5\u2103<\/li>\n<li>Rodomos temperat\u016bros ribos: 0.5\u2103 -29.5\u2103<\/li>\n<li>Varikliuko garso lygis: &lt;30dB<\/li>\n<li>Belaid\u0117 s\u0105saja: Zigbee 3.0<\/li>\n<li>S\u0105sajos veikimo atstumas: 10-30m vidaus s\u0105lygomis<\/li>\n<li>S\u0105jajos da\u017enis: 2.4-2.483GHz<\/li>\n<li>Darbo temperat\u016bra: -5\u2103 -45\u2103<\/li>\n<li>Aplinkos dr\u0117gm\u0117: 5-90%RH, be kondensacijos<\/li>\n<li>Max. siuntimo galia: 3.97 dBm<\/li>\n<\/ul>\n<p>&nbsp;<\/p>\n<p>&nbsp;<\/p>\n","protected":false},"excerpt":{"rendered":"<p><b>WOOX R7067<\/b> elektronin\u0117 termostatin\u0117 galva, kuri yra alternatyva tradicin\u0117ms termo galvoms. Su LCD ekranu bei Wi-Fi ry\u0161iu<\/p>\n","protected":false},"featured_media":31519,"comment_status":"closed","ping_status":"closed","template":"","meta":[],"product_brand":[],"product_cat":[274,223],"product_tag":[975],"class_list":{"0":"post-31517","1":"product","2":"type-product","3":"status-publish","4":"has-post-thumbnail","6":"product_cat-radiator-thermostatic-heads","7":"product_cat-heating-control-automation","8":"product_tag-ean-en","10":"first","11":"onbackorder","12":"taxable","13":"shipping-taxable","14":"purchasable","15":"product-type-simple"},"yoast_head":"<!-- This site is optimized with the Yoast SEO Premium plugin v21.5 (Yoast SEO v27.3) - https:\/\/yoast.com\/product\/yoast-seo-premium-wordpress\/ -->\n<title>WOOX R7067 ZigBee TUYA termostatin\u0117 galva su LCD ekranu<\/title>\n<meta name=\"description\" content=\"WOOX R7067 termostatin\u0117 galva ; Wi-Fi ry\u0161ys ; Parametr\u0173 konfig\u016bravimas ; Veikia baterijomis ; LCD ekranas ; ZigBee 3.0 protokolas\" \/>\n<meta name=\"robots\" content=\"index, follow, max-snippet:-1, max-image-preview:large, max-video-preview:-1\" \/>\n<link rel=\"canonical\" href=\"https:\/\/eheating.lt\/en\/produktas\/woox-r7067-zigbee-tuya-termostatine-galva-su-lcd-ekranu\/\" \/>\n<meta property=\"og:locale\" content=\"en_US\" \/>\n<meta property=\"og:type\" content=\"article\" \/>\n<meta property=\"og:title\" content=\"WOOX R7067 ZigBee TUYA termostatin\u0117 galva su LCD ekranu\" \/>\n<meta property=\"og:description\" content=\"WOOX R7067 termostatin\u0117 galva ; Wi-Fi ry\u0161ys ; Parametr\u0173 konfig\u016bravimas ; Veikia baterijomis ; LCD ekranas ; ZigBee 3.0 protokolas\" \/>\n<meta property=\"og:url\" content=\"https:\/\/eheating.lt\/en\/produktas\/woox-r7067-zigbee-tuya-termostatine-galva-su-lcd-ekranu\/\" \/>\n<meta property=\"og:site_name\" content=\"Elektronika Namams\" \/>\n<meta property=\"article:publisher\" content=\"https:\/\/www.facebook.com\/ElektronikaNamams\" \/>\n<meta property=\"article:modified_time\" content=\"2025-05-27T06:45:04+00:00\" \/>\n<meta property=\"og:image\" content=\"https:\/\/eheating.lt\/wp-content\/uploads\/2024\/01\/WOOX-R7067-ZigBee-TUYA-termostatine-galva-su-LCD-ekranu.png\" \/>\n\t<meta property=\"og:image:width\" content=\"800\" \/>\n\t<meta property=\"og:image:height\" content=\"800\" \/>\n\t<meta property=\"og:image:type\" content=\"image\/png\" \/>\n<meta name=\"twitter:card\" content=\"summary_large_image\" \/>\n<meta name=\"twitter:label1\" content=\"Price\" \/>\n\t<meta name=\"twitter:data1\" content=\"42,59&nbsp;&euro;\" \/>\n\t<meta name=\"twitter:label2\" content=\"Availability\" \/>\n\t<meta name=\"twitter:data2\" content=\"On backorder\" \/>\n<script type=\"application\/ld+json\" class=\"yoast-schema-graph\">{\"@context\":\"https:\\\/\\\/schema.org\",\"@graph\":[{\"@type\":\"WebPage\",\"@id\":\"https:\\\/\\\/eheating.lt\\\/en\\\/produktas\\\/woox-r7067-zigbee-tuya-termostatine-galva-su-lcd-ekranu\\\/\",\"url\":\"https:\\\/\\\/eheating.lt\\\/en\\\/produktas\\\/woox-r7067-zigbee-tuya-termostatine-galva-su-lcd-ekranu\\\/\",\"name\":\"WOOX R7067 ZigBee TUYA termostatin\u0117 galva su LCD ekranu\",\"isPartOf\":{\"@id\":\"https:\\\/\\\/eheating.lt\\\/#website\"},\"primaryImageOfPage\":{\"@id\":\"https:\\\/\\\/eheating.lt\\\/en\\\/produktas\\\/woox-r7067-zigbee-tuya-termostatine-galva-su-lcd-ekranu\\\/#primaryimage\"},\"image\":{\"@id\":\"https:\\\/\\\/eheating.lt\\\/en\\\/produktas\\\/woox-r7067-zigbee-tuya-termostatine-galva-su-lcd-ekranu\\\/#primaryimage\"},\"thumbnailUrl\":\"https:\\\/\\\/eheating.lt\\\/wp-content\\\/uploads\\\/2024\\\/01\\\/WOOX-R7067-ZigBee-TUYA-termostatine-galva-su-LCD-ekranu.png\",\"datePublished\":\"2024-01-17T13:36:33+00:00\",\"dateModified\":\"2025-05-27T06:45:04+00:00\",\"description\":\"WOOX R7067 termostatin\u0117 galva ; Wi-Fi ry\u0161ys ; Parametr\u0173 konfig\u016bravimas ; Veikia baterijomis ; LCD ekranas ; ZigBee 3.0 protokolas\",\"breadcrumb\":{\"@id\":\"https:\\\/\\\/eheating.lt\\\/en\\\/produktas\\\/woox-r7067-zigbee-tuya-termostatine-galva-su-lcd-ekranu\\\/#breadcrumb\"},\"inLanguage\":\"en-US\",\"potentialAction\":[{\"@type\":\"ReadAction\",\"target\":[\"https:\\\/\\\/eheating.lt\\\/en\\\/produktas\\\/woox-r7067-zigbee-tuya-termostatine-galva-su-lcd-ekranu\\\/\"]}]},{\"@type\":\"ImageObject\",\"inLanguage\":\"en-US\",\"@id\":\"https:\\\/\\\/eheating.lt\\\/en\\\/produktas\\\/woox-r7067-zigbee-tuya-termostatine-galva-su-lcd-ekranu\\\/#primaryimage\",\"url\":\"https:\\\/\\\/eheating.lt\\\/wp-content\\\/uploads\\\/2024\\\/01\\\/WOOX-R7067-ZigBee-TUYA-termostatine-galva-su-LCD-ekranu.png\",\"contentUrl\":\"https:\\\/\\\/eheating.lt\\\/wp-content\\\/uploads\\\/2024\\\/01\\\/WOOX-R7067-ZigBee-TUYA-termostatine-galva-su-LCD-ekranu.png\",\"width\":800,\"height\":800,\"caption\":\"WOOX R7067 ZigBee TUYA termostatin\u0117 galva su LCD ekranu\"},{\"@type\":\"BreadcrumbList\",\"@id\":\"https:\\\/\\\/eheating.lt\\\/en\\\/produktas\\\/woox-r7067-zigbee-tuya-termostatine-galva-su-lcd-ekranu\\\/#breadcrumb\",\"itemListElement\":[{\"@type\":\"ListItem\",\"position\":1,\"name\":\"Prad\u017eia\",\"item\":\"https:\\\/\\\/eheating.lt\\\/en\\\/\"},{\"@type\":\"ListItem\",\"position\":2,\"name\":\"Shop\",\"item\":\"https:\\\/\\\/eheating.lt\\\/en\\\/?page_id=5734\"},{\"@type\":\"ListItem\",\"position\":3,\"name\":\"WOOX R7067 ZigBee TUYA termostatin\u0117 galva su LCD ekranu\"}]},{\"@type\":\"WebSite\",\"@id\":\"https:\\\/\\\/eheating.lt\\\/#website\",\"url\":\"https:\\\/\\\/eheating.lt\\\/\",\"name\":\"eHeating\",\"description\":\"Elektronika ir \u0161ildymas\",\"potentialAction\":[{\"@type\":\"SearchAction\",\"target\":{\"@type\":\"EntryPoint\",\"urlTemplate\":\"https:\\\/\\\/eheating.lt\\\/?s={search_term_string}\"},\"query-input\":{\"@type\":\"PropertyValueSpecification\",\"valueRequired\":true,\"valueName\":\"search_term_string\"}}],\"inLanguage\":\"en-US\"}]}<\/script>\n<meta property=\"product:price:amount\" content=\"42.59\" \/>\n<meta property=\"product:price:currency\" content=\"EUR\" \/>\n<meta property=\"og:availability\" content=\"backorder\" \/>\n<meta property=\"product:availability\" content=\"available for order\" \/>\n<meta property=\"product:retailer_item_id\" content=\"WOOX-R7067\" \/>\n<meta property=\"product:condition\" content=\"new\" \/>\n<!-- \/ Yoast SEO Premium plugin. -->","yoast_head_json":{"title":"WOOX R7067 ZigBee TUYA termostatin\u0117 galva su LCD ekranu","description":"WOOX R7067 termostatin\u0117 galva ; Wi-Fi ry\u0161ys ; Parametr\u0173 konfig\u016bravimas ; Veikia baterijomis ; LCD ekranas ; ZigBee 3.0 protokolas","robots":{"index":"index","follow":"follow","max-snippet":"max-snippet:-1","max-image-preview":"max-image-preview:large","max-video-preview":"max-video-preview:-1"},"canonical":"https:\/\/eheating.lt\/en\/produktas\/woox-r7067-zigbee-tuya-termostatine-galva-su-lcd-ekranu\/","og_locale":"en_US","og_type":"article","og_title":"WOOX R7067 ZigBee TUYA termostatin\u0117 galva su LCD ekranu","og_description":"WOOX R7067 termostatin\u0117 galva ; Wi-Fi ry\u0161ys ; Parametr\u0173 konfig\u016bravimas ; Veikia baterijomis ; LCD ekranas ; ZigBee 3.0 protokolas","og_url":"https:\/\/eheating.lt\/en\/produktas\/woox-r7067-zigbee-tuya-termostatine-galva-su-lcd-ekranu\/","og_site_name":"Elektronika Namams","article_publisher":"https:\/\/www.facebook.com\/ElektronikaNamams","article_modified_time":"2025-05-27T06:45:04+00:00","og_image":[{"width":800,"height":800,"url":"https:\/\/eheating.lt\/wp-content\/uploads\/2024\/01\/WOOX-R7067-ZigBee-TUYA-termostatine-galva-su-LCD-ekranu.png","type":"image\/png"}],"twitter_card":"summary_large_image","twitter_misc":{"Price":"42,59&nbsp;&euro;","Availability":"On backorder"},"schema":{"@context":"https:\/\/schema.org","@graph":[{"@type":"WebPage","@id":"https:\/\/eheating.lt\/en\/produktas\/woox-r7067-zigbee-tuya-termostatine-galva-su-lcd-ekranu\/","url":"https:\/\/eheating.lt\/en\/produktas\/woox-r7067-zigbee-tuya-termostatine-galva-su-lcd-ekranu\/","name":"WOOX R7067 ZigBee TUYA termostatin\u0117 galva su LCD ekranu","isPartOf":{"@id":"https:\/\/eheating.lt\/#website"},"primaryImageOfPage":{"@id":"https:\/\/eheating.lt\/en\/produktas\/woox-r7067-zigbee-tuya-termostatine-galva-su-lcd-ekranu\/#primaryimage"},"image":{"@id":"https:\/\/eheating.lt\/en\/produktas\/woox-r7067-zigbee-tuya-termostatine-galva-su-lcd-ekranu\/#primaryimage"},"thumbnailUrl":"https:\/\/eheating.lt\/wp-content\/uploads\/2024\/01\/WOOX-R7067-ZigBee-TUYA-termostatine-galva-su-LCD-ekranu.png","datePublished":"2024-01-17T13:36:33+00:00","dateModified":"2025-05-27T06:45:04+00:00","description":"WOOX R7067 termostatin\u0117 galva ; Wi-Fi ry\u0161ys ; Parametr\u0173 konfig\u016bravimas ; Veikia baterijomis ; LCD ekranas ; ZigBee 3.0 protokolas","breadcrumb":{"@id":"https:\/\/eheating.lt\/en\/produktas\/woox-r7067-zigbee-tuya-termostatine-galva-su-lcd-ekranu\/#breadcrumb"},"inLanguage":"en-US","potentialAction":[{"@type":"ReadAction","target":["https:\/\/eheating.lt\/en\/produktas\/woox-r7067-zigbee-tuya-termostatine-galva-su-lcd-ekranu\/"]}]},{"@type":"ImageObject","inLanguage":"en-US","@id":"https:\/\/eheating.lt\/en\/produktas\/woox-r7067-zigbee-tuya-termostatine-galva-su-lcd-ekranu\/#primaryimage","url":"https:\/\/eheating.lt\/wp-content\/uploads\/2024\/01\/WOOX-R7067-ZigBee-TUYA-termostatine-galva-su-LCD-ekranu.png","contentUrl":"https:\/\/eheating.lt\/wp-content\/uploads\/2024\/01\/WOOX-R7067-ZigBee-TUYA-termostatine-galva-su-LCD-ekranu.png","width":800,"height":800,"caption":"WOOX R7067 ZigBee TUYA termostatin\u0117 galva su LCD ekranu"},{"@type":"BreadcrumbList","@id":"https:\/\/eheating.lt\/en\/produktas\/woox-r7067-zigbee-tuya-termostatine-galva-su-lcd-ekranu\/#breadcrumb","itemListElement":[{"@type":"ListItem","position":1,"name":"Prad\u017eia","item":"https:\/\/eheating.lt\/en\/"},{"@type":"ListItem","position":2,"name":"Shop","item":"https:\/\/eheating.lt\/en\/?page_id=5734"},{"@type":"ListItem","position":3,"name":"WOOX R7067 ZigBee TUYA termostatin\u0117 galva su LCD ekranu"}]},{"@type":"WebSite","@id":"https:\/\/eheating.lt\/#website","url":"https:\/\/eheating.lt\/","name":"eHeating","description":"Elektronika ir \u0161ildymas","potentialAction":[{"@type":"SearchAction","target":{"@type":"EntryPoint","urlTemplate":"https:\/\/eheating.lt\/?s={search_term_string}"},"query-input":{"@type":"PropertyValueSpecification","valueRequired":true,"valueName":"search_term_string"}}],"inLanguage":"en-US"}]},"product_price_amount":"42.59","product_price_currency":"EUR","og_availability":"backorder","product_availability":"available for order","product_retailer_item_id":"WOOX-R7067","product_condition":"new"},"_links":{"self":[{"href":"https:\/\/eheating.lt\/en\/wp-json\/wp\/v2\/product\/31517","targetHints":{"allow":["GET"]}}],"collection":[{"href":"https:\/\/eheating.lt\/en\/wp-json\/wp\/v2\/product"}],"about":[{"href":"https:\/\/eheating.lt\/en\/wp-json\/wp\/v2\/types\/product"}],"replies":[{"embeddable":true,"href":"https:\/\/eheating.lt\/en\/wp-json\/wp\/v2\/comments?post=31517"}],"version-history":[{"count":2,"href":"https:\/\/eheating.lt\/en\/wp-json\/wp\/v2\/product\/31517\/revisions"}],"predecessor-version":[{"id":39032,"href":"https:\/\/eheating.lt\/en\/wp-json\/wp\/v2\/product\/31517\/revisions\/39032"}],"wp:featuredmedia":[{"embeddable":true,"href":"https:\/\/eheating.lt\/en\/wp-json\/wp\/v2\/media\/31519"}],"wp:attachment":[{"href":"https:\/\/eheating.lt\/en\/wp-json\/wp\/v2\/media?parent=31517"}],"wp:term":[{"taxonomy":"product_brand","embeddable":true,"href":"https:\/\/eheating.lt\/en\/wp-json\/wp\/v2\/product_brand?post=31517"},{"taxonomy":"product_cat","embeddable":true,"href":"https:\/\/eheating.lt\/en\/wp-json\/wp\/v2\/product_cat?post=31517"},{"taxonomy":"product_tag","embeddable":true,"href":"https:\/\/eheating.lt\/en\/wp-json\/wp\/v2\/product_tag?post=31517"}],"curies":[{"name":"wp","href":"https:\/\/api.w.org\/{rel}","templated":true}]}}