{"id":31507,"date":"2024-01-17T14:54:22","date_gmt":"2024-01-17T12:54:22","guid":{"rendered":"https:\/\/eheating.lt\/?post_type=product&#038;p=31507"},"modified":"2025-03-20T08:54:23","modified_gmt":"2025-03-20T06:54:23","slug":"avatto-trv07-tuya-wi-fi-termostatine-galva","status":"publish","type":"product","link":"https:\/\/eheating.lt\/en\/produktas\/avatto-trv07-tuya-wi-fi-termostatine-galva\/","title":{"rendered":"Avatto TRV07 TUYA Wi-Fi termostatin\u0117 galva"},"content":{"rendered":"<p style=\"font-weight: 400\">Avatto TRV07 termostatinis vo\u017etuvas yra prakti\u0161kas \u012frenginys, kuris leis patogiai valdyti\u0161ildym\u0105 namuose. \u201eTuya Smart\u201c program\u0117l\u0117 leid\u017eia valdyti \u012frengin\u012f nuotoliniub\u016bdu, taip pat sudaryti darbo grafikus. Galite naudotis daugybe nauding\u0173 funkcij\u0173, toki\u0173 kaip atviro lango aptikimas ir automatinis nukalkinimas.<\/p>\n<p style=\"font-weight: 400\">Vo\u017etuvas turi \u012fmontuot\u0105 Wi-Fi modul\u012f, kuris veikia 2,4G da\u017eni\u0173 juostoje, tod\u0117l galite prie jo prisijungti tiesiogiai ir laisvai valdyti beveik bet kurioje pasaulio vietoje. Jame yra skyst\u0173j\u0173 kristal\u0173 ekranas, leid\u017eiantis lengvai pasiekti svarbiausi\u0105informacij\u0105, taip pat rasite \u012fvairi\u0173 tip\u0173 adapterius, tod\u0117l jums nekilsproblem\u0173 diegdami \u012frengin\u012f.<\/p>\n<p style=\"font-weight: 400\">Suma\u017einti \u0161ildymo i\u0161laidas. \u012erenginys turi atviro lango funkcij\u0105, kuri i\u0161kart \u012fsijungia,kai aptinka \u0161alt\u0105 v\u0117j\u0105 ir per 4,5 minut\u0117s temperat\u016bros kritim\u0105 daugiau nei 1,5\u00b0C. Termostatas automati\u0161kai nustatys temperat\u016br\u0105 iki 12\u00b0C, o ekrane pasirodys \u201eOP\u201c. Dabar galite pamir\u0161ti dideles \u0161ildymo s\u0105skaitas!<\/p>\n<p style=\"font-weight: 400\">Pasitik\u0117kite,kad j\u016bs\u0173 \u0161ildytuvas visi\u0161kai veikia. TRV07 turi automatinio kalki\u0173 \u0161alinimo funkcij\u0105. K\u0105 tai rei\u0161kia? Termostatas atlieka \u012fprast\u0105 kalki\u0173 \u0161alinim\u0105 kiekvien\u0105 pirmadien\u012f 12:00, kad nesusidaryt\u0173 daug nuos\u0117d\u0173. Viso proceso metu ekrane bus rodoma \u201eCAL\u201c.<\/p>\n<p style=\"font-weight: 400\">Vo\u017etuvas automati\u0161kai \u012fsimena paskutinius nustatymus, o tai labai naudinga funkcija,ypa\u010d nutr\u016bkus elektrai. Taip pat turi speciali\u0105 vaik\u0173 saugos funkcij\u0105, kuri neleid\u017eia keisti temperat\u016bros. Taip pat galite sinchronizuoti termostatus skirtingose patalpose, sukurdami specialias grupes.<\/p>\n<p style=\"font-weight: 400\">Norite patogiai pasiekti vis\u0105 informacij\u0105? Atsisi\u0173skite nemokam\u0105 program\u0117l\u0119 TUYA Smart\u012f savo i\u0161man\u0173j\u012f telefon\u0105 ar plan\u0161etin\u012f kompiuter\u012f! Su jo pagalba galite lengvai valdyti radiatoriaus termostato vo\u017etuv\u0105 i\u0161 bet kurios vietos. Ta\u010diau tai dar neviskas! \u012erenginyje yra \u012fmontuotas modulis, veikiantis 2,4G da\u017eni\u0173 juostoje,tod\u0117l prie jo galite prisijungti tiesiogiai. TVR07 taip pat veikia su balso pad\u0117j\u0117jais \u201eAmazon Alexa\u201c, \u201eGoogle Home\u201c ir kt. \u2013 tereikia paprastos balso komandos, kad patalpoje b\u016bt\u0173 galima reguliuoti temperat\u016br\u0105 pagal savoporeikius. Be to, naudodamiesi program\u0117le galite dalytis \u012frenginiu su kitais \u0161eimos nariais, kad kartu sukurtum\u0117te i\u0161maniuosius namus.<\/p>\n<p style=\"font-weight: 400\">Suderinkite savo miegamojo ar svetain\u0117s temperat\u016br\u0105 pagal savo tvarkara\u0161t\u012f. Naudodami program\u0105 galite nustatyti Avatto TVR07 vo\u017etuvo bloko savait\u0117s tvarkara\u0161t\u012f.Taigi galite patogiai pasirinkti, kokios temperat\u016bros norite, kad ji b\u016bt\u0173 nakt\u012f ar ryte. Be to, vo\u017etuv\u0105 taip pat galite prijungti prie kit\u0173 savo namuose esan\u010di\u0173 i\u0161mani\u0173j\u0173 \u012frengini\u0173, kad sukurtum\u0117te i\u0161maniuosius scenarijus,pavyzd\u017eiui, i\u0161eidami i\u0161 nam\u0173 ar miegodami.<\/p>\n<p style=\"font-weight: 400\">\u012erenginio montavimas nesukels jums joki\u0173 problem\u0173. Jo \u012fdiegimas itin paprastas ir greitas,o d\u0117l pridedam\u0173 adapteri\u0173 jums nereik\u0117s jaudintis d\u0117l suderinamumo problem\u0173.Nor\u0117dami j\u012f maitinti, jums reik\u0117s tik 3 AA baterij\u0173 (\u012f komplekt\u0105 ne\u012feina). Beto, vo\u017etuve yra ai\u0161kus LCD ekranas, i\u0161 kurio, be kita ko, su\u017einosite ir \u012frenginio \u012fkrovos b\u016bsen\u0105.<\/p>\n<hr \/>\n<p><strong><span style=\"font-size: 18px\">Technin\u0117s specifikacijos:<\/span><\/strong><\/p>\n<ul>\n<li>Gamintojas &#8211; Avatto<\/li>\n<li>Modelis: TRV07<\/li>\n<li>Spalva: Balta<\/li>\n<li>Maitinimas: 3 x 1,5V AA baterijos (nepridedamos)<\/li>\n<li>Apsaugos laipsnis: IP20<\/li>\n<li>Sriegis: M30 x 1,5<\/li>\n<li>Matmenys: 58,4 mm x 97 mm x 58,4 mm<\/li>\n<li>Belaid\u017eio ry\u0161io protokolas: WiFi 2,4GHz<\/li>\n<\/ul>\n<p>&nbsp;<\/p>\n<p><span style=\"font-size: 16px\"><strong>Pakuot\u0117je:<\/strong><\/span><\/p>\n<ul>\n<li>Termostatinis vo\u017etuvas<\/li>\n<li>Danfoss RA adapteris<\/li>\n<li>Danfoss RAV adapteris<\/li>\n<li>Danfoss RAVL adapteris<\/li>\n<li>M28 adapteris<\/li>\n<li>Caleffi adapteris<\/li>\n<li>Giacomini adapteris<\/li>\n<li>Instrukcija<\/li>\n<\/ul>\n","protected":false},"excerpt":{"rendered":"<p><b>Avatto TRV07<\/b> elektronin\u0117 termostatin\u0117 galva, kuri yra alternatyva tradicin\u0117ms termo galvoms. Su LCD ekranu bei Wi-Fi ry\u0161iu<\/p>\n","protected":false},"featured_media":31509,"comment_status":"closed","ping_status":"closed","template":"","meta":[],"product_brand":[],"product_cat":[137,133],"product_tag":[974],"class_list":{"0":"post-31507","1":"product","2":"type-product","3":"status-publish","4":"has-post-thumbnail","6":"product_cat-radiatoriu-termostatines-galvos","7":"product_cat-sildymo-valdymo-automatika","8":"product_tag-ean","10":"first","11":"instock","12":"taxable","13":"shipping-taxable","14":"purchasable","15":"product-type-simple"},"yoast_head":"<!-- This site is optimized with the Yoast SEO Premium plugin v21.5 (Yoast SEO v27.3) - https:\/\/yoast.com\/product\/yoast-seo-premium-wordpress\/ -->\n<title>Avatto TRV07 TUYA Wi-Fi termostatin\u0117 galva<\/title>\n<meta name=\"description\" content=\"Avatto TRV07 termostatin\u0117 galva ; Wi-Fi ry\u0161ys ; Parametr\u0173 konfig\u016bravimas ; Veikia baterijomis ; LCD ekranas ; ZigBee 3.0 protokolas\" \/>\n<meta name=\"robots\" content=\"index, follow, max-snippet:-1, max-image-preview:large, max-video-preview:-1\" \/>\n<link rel=\"canonical\" href=\"https:\/\/eheating.lt\/produktas\/avatto-trv07-tuya-wi-fi-termostatine-galva\/\" \/>\n<meta property=\"og:locale\" content=\"en_US\" \/>\n<meta property=\"og:type\" content=\"article\" \/>\n<meta property=\"og:title\" content=\"Avatto TRV07 TUYA Wi-Fi termostatin\u0117 galva\" \/>\n<meta property=\"og:description\" content=\"Avatto TRV07 termostatin\u0117 galva ; Wi-Fi ry\u0161ys ; Parametr\u0173 konfig\u016bravimas ; Veikia baterijomis ; LCD ekranas ; ZigBee 3.0 protokolas\" \/>\n<meta property=\"og:url\" content=\"https:\/\/eheating.lt\/produktas\/avatto-trv07-tuya-wi-fi-termostatine-galva\/\" \/>\n<meta property=\"og:site_name\" content=\"Elektronika Namams\" \/>\n<meta property=\"article:publisher\" content=\"https:\/\/www.facebook.com\/ElektronikaNamams\" \/>\n<meta property=\"article:modified_time\" content=\"2025-03-20T06:54:23+00:00\" \/>\n<meta property=\"og:image\" content=\"https:\/\/eheating.lt\/wp-content\/uploads\/2024\/01\/Avatto-TRV07-Zigbee-3.0-TUYA-Wi-Fi-termostatine-galva.png\" \/>\n\t<meta property=\"og:image:width\" content=\"800\" \/>\n\t<meta property=\"og:image:height\" content=\"800\" \/>\n\t<meta property=\"og:image:type\" content=\"image\/png\" \/>\n<meta name=\"twitter:card\" content=\"summary_large_image\" \/>\n<meta name=\"twitter:label1\" content=\"Price\" \/>\n\t<meta name=\"twitter:data1\" content=\"44,69&nbsp;&euro;\" \/>\n\t<meta name=\"twitter:label2\" content=\"Availability\" \/>\n\t<meta name=\"twitter:data2\" content=\"In stock\" \/>\n<script type=\"application\/ld+json\" class=\"yoast-schema-graph\">{\"@context\":\"https:\\\/\\\/schema.org\",\"@graph\":[{\"@type\":\"WebPage\",\"@id\":\"https:\\\/\\\/eheating.lt\\\/produktas\\\/avatto-trv07-tuya-wi-fi-termostatine-galva\\\/\",\"url\":\"https:\\\/\\\/eheating.lt\\\/produktas\\\/avatto-trv07-tuya-wi-fi-termostatine-galva\\\/\",\"name\":\"Avatto TRV07 TUYA Wi-Fi termostatin\u0117 galva\",\"isPartOf\":{\"@id\":\"https:\\\/\\\/eheating.lt\\\/#website\"},\"primaryImageOfPage\":{\"@id\":\"https:\\\/\\\/eheating.lt\\\/produktas\\\/avatto-trv07-tuya-wi-fi-termostatine-galva\\\/#primaryimage\"},\"image\":{\"@id\":\"https:\\\/\\\/eheating.lt\\\/produktas\\\/avatto-trv07-tuya-wi-fi-termostatine-galva\\\/#primaryimage\"},\"thumbnailUrl\":\"https:\\\/\\\/eheating.lt\\\/wp-content\\\/uploads\\\/2024\\\/01\\\/Avatto-TRV07-Zigbee-3.0-TUYA-Wi-Fi-termostatine-galva.png\",\"datePublished\":\"2024-01-17T12:54:22+00:00\",\"dateModified\":\"2025-03-20T06:54:23+00:00\",\"description\":\"Avatto TRV07 termostatin\u0117 galva ; Wi-Fi ry\u0161ys ; Parametr\u0173 konfig\u016bravimas ; Veikia baterijomis ; LCD ekranas ; ZigBee 3.0 protokolas\",\"breadcrumb\":{\"@id\":\"https:\\\/\\\/eheating.lt\\\/produktas\\\/avatto-trv07-tuya-wi-fi-termostatine-galva\\\/#breadcrumb\"},\"inLanguage\":\"en-US\",\"potentialAction\":[{\"@type\":\"ReadAction\",\"target\":[\"https:\\\/\\\/eheating.lt\\\/produktas\\\/avatto-trv07-tuya-wi-fi-termostatine-galva\\\/\"]}]},{\"@type\":\"ImageObject\",\"inLanguage\":\"en-US\",\"@id\":\"https:\\\/\\\/eheating.lt\\\/produktas\\\/avatto-trv07-tuya-wi-fi-termostatine-galva\\\/#primaryimage\",\"url\":\"https:\\\/\\\/eheating.lt\\\/wp-content\\\/uploads\\\/2024\\\/01\\\/Avatto-TRV07-Zigbee-3.0-TUYA-Wi-Fi-termostatine-galva.png\",\"contentUrl\":\"https:\\\/\\\/eheating.lt\\\/wp-content\\\/uploads\\\/2024\\\/01\\\/Avatto-TRV07-Zigbee-3.0-TUYA-Wi-Fi-termostatine-galva.png\",\"width\":800,\"height\":800,\"caption\":\"Avatto TRV07 Zigbee 3.0 TUYA Wi-Fi termostatin\u0117 galva\"},{\"@type\":\"BreadcrumbList\",\"@id\":\"https:\\\/\\\/eheating.lt\\\/produktas\\\/avatto-trv07-tuya-wi-fi-termostatine-galva\\\/#breadcrumb\",\"itemListElement\":[{\"@type\":\"ListItem\",\"position\":1,\"name\":\"Prad\u017eia\",\"item\":\"https:\\\/\\\/eheating.lt\\\/en\\\/\"},{\"@type\":\"ListItem\",\"position\":2,\"name\":\"Shop\",\"item\":\"https:\\\/\\\/eheating.lt\\\/en\\\/?page_id=5734\"},{\"@type\":\"ListItem\",\"position\":3,\"name\":\"Avatto TRV07 TUYA Wi-Fi termostatin\u0117 galva\"}]},{\"@type\":\"WebSite\",\"@id\":\"https:\\\/\\\/eheating.lt\\\/#website\",\"url\":\"https:\\\/\\\/eheating.lt\\\/\",\"name\":\"eHeating\",\"description\":\"Elektronika ir \u0161ildymas\",\"potentialAction\":[{\"@type\":\"SearchAction\",\"target\":{\"@type\":\"EntryPoint\",\"urlTemplate\":\"https:\\\/\\\/eheating.lt\\\/?s={search_term_string}\"},\"query-input\":{\"@type\":\"PropertyValueSpecification\",\"valueRequired\":true,\"valueName\":\"search_term_string\"}}],\"inLanguage\":\"en-US\"}]}<\/script>\n<meta property=\"product:price:amount\" content=\"44.69\" \/>\n<meta property=\"product:price:currency\" content=\"EUR\" \/>\n<meta property=\"og:availability\" content=\"instock\" \/>\n<meta property=\"product:availability\" content=\"instock\" \/>\n<meta property=\"product:retailer_item_id\" content=\"AVATTO-TRV07\" \/>\n<meta property=\"product:condition\" content=\"new\" \/>\n<!-- \/ Yoast SEO Premium plugin. -->","yoast_head_json":{"title":"Avatto TRV07 TUYA Wi-Fi termostatin\u0117 galva","description":"Avatto TRV07 termostatin\u0117 galva ; Wi-Fi ry\u0161ys ; Parametr\u0173 konfig\u016bravimas ; Veikia baterijomis ; LCD ekranas ; ZigBee 3.0 protokolas","robots":{"index":"index","follow":"follow","max-snippet":"max-snippet:-1","max-image-preview":"max-image-preview:large","max-video-preview":"max-video-preview:-1"},"canonical":"https:\/\/eheating.lt\/produktas\/avatto-trv07-tuya-wi-fi-termostatine-galva\/","og_locale":"en_US","og_type":"article","og_title":"Avatto TRV07 TUYA Wi-Fi termostatin\u0117 galva","og_description":"Avatto TRV07 termostatin\u0117 galva ; Wi-Fi ry\u0161ys ; Parametr\u0173 konfig\u016bravimas ; Veikia baterijomis ; LCD ekranas ; ZigBee 3.0 protokolas","og_url":"https:\/\/eheating.lt\/produktas\/avatto-trv07-tuya-wi-fi-termostatine-galva\/","og_site_name":"Elektronika Namams","article_publisher":"https:\/\/www.facebook.com\/ElektronikaNamams","article_modified_time":"2025-03-20T06:54:23+00:00","og_image":[{"width":800,"height":800,"url":"https:\/\/eheating.lt\/wp-content\/uploads\/2024\/01\/Avatto-TRV07-Zigbee-3.0-TUYA-Wi-Fi-termostatine-galva.png","type":"image\/png"}],"twitter_card":"summary_large_image","twitter_misc":{"Price":"44,69&nbsp;&euro;","Availability":"In stock"},"schema":{"@context":"https:\/\/schema.org","@graph":[{"@type":"WebPage","@id":"https:\/\/eheating.lt\/produktas\/avatto-trv07-tuya-wi-fi-termostatine-galva\/","url":"https:\/\/eheating.lt\/produktas\/avatto-trv07-tuya-wi-fi-termostatine-galva\/","name":"Avatto TRV07 TUYA Wi-Fi termostatin\u0117 galva","isPartOf":{"@id":"https:\/\/eheating.lt\/#website"},"primaryImageOfPage":{"@id":"https:\/\/eheating.lt\/produktas\/avatto-trv07-tuya-wi-fi-termostatine-galva\/#primaryimage"},"image":{"@id":"https:\/\/eheating.lt\/produktas\/avatto-trv07-tuya-wi-fi-termostatine-galva\/#primaryimage"},"thumbnailUrl":"https:\/\/eheating.lt\/wp-content\/uploads\/2024\/01\/Avatto-TRV07-Zigbee-3.0-TUYA-Wi-Fi-termostatine-galva.png","datePublished":"2024-01-17T12:54:22+00:00","dateModified":"2025-03-20T06:54:23+00:00","description":"Avatto TRV07 termostatin\u0117 galva ; Wi-Fi ry\u0161ys ; Parametr\u0173 konfig\u016bravimas ; Veikia baterijomis ; LCD ekranas ; ZigBee 3.0 protokolas","breadcrumb":{"@id":"https:\/\/eheating.lt\/produktas\/avatto-trv07-tuya-wi-fi-termostatine-galva\/#breadcrumb"},"inLanguage":"en-US","potentialAction":[{"@type":"ReadAction","target":["https:\/\/eheating.lt\/produktas\/avatto-trv07-tuya-wi-fi-termostatine-galva\/"]}]},{"@type":"ImageObject","inLanguage":"en-US","@id":"https:\/\/eheating.lt\/produktas\/avatto-trv07-tuya-wi-fi-termostatine-galva\/#primaryimage","url":"https:\/\/eheating.lt\/wp-content\/uploads\/2024\/01\/Avatto-TRV07-Zigbee-3.0-TUYA-Wi-Fi-termostatine-galva.png","contentUrl":"https:\/\/eheating.lt\/wp-content\/uploads\/2024\/01\/Avatto-TRV07-Zigbee-3.0-TUYA-Wi-Fi-termostatine-galva.png","width":800,"height":800,"caption":"Avatto TRV07 Zigbee 3.0 TUYA Wi-Fi termostatin\u0117 galva"},{"@type":"BreadcrumbList","@id":"https:\/\/eheating.lt\/produktas\/avatto-trv07-tuya-wi-fi-termostatine-galva\/#breadcrumb","itemListElement":[{"@type":"ListItem","position":1,"name":"Prad\u017eia","item":"https:\/\/eheating.lt\/en\/"},{"@type":"ListItem","position":2,"name":"Shop","item":"https:\/\/eheating.lt\/en\/?page_id=5734"},{"@type":"ListItem","position":3,"name":"Avatto TRV07 TUYA Wi-Fi termostatin\u0117 galva"}]},{"@type":"WebSite","@id":"https:\/\/eheating.lt\/#website","url":"https:\/\/eheating.lt\/","name":"eHeating","description":"Elektronika ir \u0161ildymas","potentialAction":[{"@type":"SearchAction","target":{"@type":"EntryPoint","urlTemplate":"https:\/\/eheating.lt\/?s={search_term_string}"},"query-input":{"@type":"PropertyValueSpecification","valueRequired":true,"valueName":"search_term_string"}}],"inLanguage":"en-US"}]},"product_price_amount":"44.69","product_price_currency":"EUR","og_availability":"instock","product_availability":"instock","product_retailer_item_id":"AVATTO-TRV07","product_condition":"new"},"_links":{"self":[{"href":"https:\/\/eheating.lt\/en\/wp-json\/wp\/v2\/product\/31507","targetHints":{"allow":["GET"]}}],"collection":[{"href":"https:\/\/eheating.lt\/en\/wp-json\/wp\/v2\/product"}],"about":[{"href":"https:\/\/eheating.lt\/en\/wp-json\/wp\/v2\/types\/product"}],"replies":[{"embeddable":true,"href":"https:\/\/eheating.lt\/en\/wp-json\/wp\/v2\/comments?post=31507"}],"version-history":[{"count":4,"href":"https:\/\/eheating.lt\/en\/wp-json\/wp\/v2\/product\/31507\/revisions"}],"predecessor-version":[{"id":38982,"href":"https:\/\/eheating.lt\/en\/wp-json\/wp\/v2\/product\/31507\/revisions\/38982"}],"wp:featuredmedia":[{"embeddable":true,"href":"https:\/\/eheating.lt\/en\/wp-json\/wp\/v2\/media\/31509"}],"wp:attachment":[{"href":"https:\/\/eheating.lt\/en\/wp-json\/wp\/v2\/media?parent=31507"}],"wp:term":[{"taxonomy":"product_brand","embeddable":true,"href":"https:\/\/eheating.lt\/en\/wp-json\/wp\/v2\/product_brand?post=31507"},{"taxonomy":"product_cat","embeddable":true,"href":"https:\/\/eheating.lt\/en\/wp-json\/wp\/v2\/product_cat?post=31507"},{"taxonomy":"product_tag","embeddable":true,"href":"https:\/\/eheating.lt\/en\/wp-json\/wp\/v2\/product_tag?post=31507"}],"curies":[{"name":"wp","href":"https:\/\/api.w.org\/{rel}","templated":true}]}}