{"id":31472,"date":"2023-03-28T15:37:14","date_gmt":"2023-03-28T12:37:14","guid":{"rendered":"https:\/\/eheating.lt\/product\/danfoss-icon2-230v-underfloor-heating-controller-15-zones-088u2100\/"},"modified":"2024-03-21T19:49:00","modified_gmt":"2024-03-21T17:49:00","slug":"danfoss-icon2-230v-underfloor-heating-controller-15-zones-088u2100","status":"publish","type":"product","link":"https:\/\/eheating.lt\/en\/produktas\/danfoss-icon2-230v-underfloor-heating-controller-15-zones-088u2100\/","title":{"rendered":"Danfoss Icon2 230V underfloor heating controller"},"content":{"rendered":"<p>The <strong>Danfoss Icon2<\/strong> master controller is used for individual room control of underfloor heating and cooling systems. It can be configured as a wired, wireless or combined system if required.<\/p>\n<hr \/>\n<ul>\n<li>Manufacturer &#8211; Danfoss<\/li>\n<li>Power supply 230V<\/li>\n<li>15 channels<\/li>\n<li>NC \/ NO drive functions<\/li>\n<li>Drive output voltage &#8211; 230V (24V with conversion module installed)<\/li>\n<li>Wireless 2.4 GHz<\/li>\n<li>Thermostat output voltage &#8211; 24V DC<\/li>\n<li>230V pump relay<\/li>\n<li>Mains line connection (24 V for wired thermostats)<\/li>\n<li>Possibility to combine wired and wireless thermostats in the same installation<\/li>\n<li>Mobile app for iOS and Android devices (requires Ally\u2122 GW network interface or Zigbee compatibility).<\/li>\n<li>Manufacturer code &#8211; 088U2100<\/li>\n<\/ul>\n<p>&nbsp;<\/p>\n<p><img decoding=\"async\" style=\"height: 30px;\" src=\"https:\/\/eheating.lt\/wp-content\/uploads\/2022\/12\/pdf-e1720524145211.png\" \/><a href=\"http:\/\/eheating.lt\/wp-content\/uploads\/2023\/03\/Danfoss-Icon2-230V-grindu-sildymo-valdiklis-15-zonu.pdf\"><strong>Specifications (English) <\/strong><\/a><\/p>\n<p>&nbsp;<\/p>\n<p>More about this product: <strong><br \/>\n<a href=\"https:\/\/store.danfoss.com\/en\/Climate-Solutions-for-heating\/Hydronic-floor-heating\/Room-controls\/Floor-Heating-Controls%2C-Danfoss-Icon2%2C-Master-Controller%2C-230-0-V%2C-Number-of-channels%3A-15\/p\/088U2100\">https:\/\/www.store.danfoss.com<\/a><br \/>\n<\/strong><\/p>\n<p>&nbsp;<\/p>\n","protected":false},"excerpt":{"rendered":"<p>Danfoss Icon2 230V standard 15-channel controller.<\/p>\n","protected":false},"featured_media":9578,"comment_status":"closed","ping_status":"closed","template":"","meta":[],"product_brand":[],"product_cat":[233,223],"product_tag":[975],"class_list":{"0":"post-31472","1":"product","2":"type-product","3":"status-publish","4":"has-post-thumbnail","6":"product_cat-control-panels","7":"product_cat-heating-control-automation","8":"product_tag-ean-en","10":"first","11":"onbackorder","12":"sale","13":"taxable","14":"shipping-taxable","15":"purchasable","16":"product-type-simple"},"yoast_head":"<!-- This site is optimized with the Yoast SEO Premium plugin v21.5 (Yoast SEO v27.3) - https:\/\/yoast.com\/product\/yoast-seo-premium-wordpress\/ -->\n<title>Danfoss Icon2 230V underfloor heating controller 15 zones 088U2100<\/title>\n<meta name=\"description\" content=\"Danfoss Icon2 230V controller 15 zones ; Possibility to connect wired and wireless thermostats ; NC \/ NO actuators ; Manufacturer code - 088U2100\" \/>\n<meta name=\"robots\" content=\"index, follow, max-snippet:-1, max-image-preview:large, max-video-preview:-1\" \/>\n<link rel=\"canonical\" href=\"https:\/\/eheating.lt\/en\/produktas\/danfoss-icon2-230v-underfloor-heating-controller-15-zones-088u2100\/\" \/>\n<meta property=\"og:locale\" content=\"en_US\" \/>\n<meta property=\"og:type\" content=\"article\" \/>\n<meta property=\"og:title\" content=\"Danfoss Icon2 230V underfloor heating controller 15 zones 088U2100\" \/>\n<meta property=\"og:description\" content=\"Danfoss Icon2 230V controller 15 zones ; Possibility to connect wired and wireless thermostats ; NC \/ NO actuators ; Manufacturer code - 088U2100\" \/>\n<meta property=\"og:url\" content=\"https:\/\/eheating.lt\/en\/produktas\/danfoss-icon2-230v-underfloor-heating-controller-15-zones-088u2100\/\" \/>\n<meta property=\"og:site_name\" content=\"Elektronika Namams\" \/>\n<meta property=\"article:publisher\" content=\"https:\/\/www.facebook.com\/ElektronikaNamams\" \/>\n<meta property=\"article:modified_time\" content=\"2024-03-21T17:49:00+00:00\" \/>\n<meta property=\"og:image\" content=\"https:\/\/eheating.lt\/wp-content\/uploads\/2023\/03\/Danfoss-Icon2-230V-grindu-sildymo-valdiklis-15-zonu-1.png\" \/>\n\t<meta property=\"og:image:width\" content=\"800\" \/>\n\t<meta property=\"og:image:height\" content=\"800\" \/>\n\t<meta property=\"og:image:type\" content=\"image\/png\" \/>\n<meta name=\"twitter:card\" content=\"summary_large_image\" \/>\n<meta name=\"twitter:label1\" content=\"Price\" \/>\n\t<meta name=\"twitter:data1\" content=\"377,08&nbsp;&euro; Original price was: 377,08&nbsp;&euro;.320,52&nbsp;&euro;Current price is: 320,52&nbsp;&euro;.\" \/>\n\t<meta name=\"twitter:label2\" content=\"Availability\" \/>\n\t<meta name=\"twitter:data2\" content=\"On backorder\" \/>\n<script type=\"application\/ld+json\" class=\"yoast-schema-graph\">{\"@context\":\"https:\\\/\\\/schema.org\",\"@graph\":[{\"@type\":\"WebPage\",\"@id\":\"https:\\\/\\\/eheating.lt\\\/en\\\/produktas\\\/danfoss-icon2-230v-underfloor-heating-controller-15-zones-088u2100\\\/\",\"url\":\"https:\\\/\\\/eheating.lt\\\/en\\\/produktas\\\/danfoss-icon2-230v-underfloor-heating-controller-15-zones-088u2100\\\/\",\"name\":\"Danfoss Icon2 230V underfloor heating controller 15 zones 088U2100\",\"isPartOf\":{\"@id\":\"https:\\\/\\\/eheating.lt\\\/#website\"},\"primaryImageOfPage\":{\"@id\":\"https:\\\/\\\/eheating.lt\\\/en\\\/produktas\\\/danfoss-icon2-230v-underfloor-heating-controller-15-zones-088u2100\\\/#primaryimage\"},\"image\":{\"@id\":\"https:\\\/\\\/eheating.lt\\\/en\\\/produktas\\\/danfoss-icon2-230v-underfloor-heating-controller-15-zones-088u2100\\\/#primaryimage\"},\"thumbnailUrl\":\"https:\\\/\\\/eheating.lt\\\/wp-content\\\/uploads\\\/2023\\\/03\\\/Danfoss-Icon2-230V-grindu-sildymo-valdiklis-15-zonu-1.png\",\"datePublished\":\"2023-03-28T12:37:14+00:00\",\"dateModified\":\"2024-03-21T17:49:00+00:00\",\"description\":\"Danfoss Icon2 230V controller 15 zones ; Possibility to connect wired and wireless thermostats ; NC \\\/ NO actuators ; Manufacturer code - 088U2100\",\"breadcrumb\":{\"@id\":\"https:\\\/\\\/eheating.lt\\\/en\\\/produktas\\\/danfoss-icon2-230v-underfloor-heating-controller-15-zones-088u2100\\\/#breadcrumb\"},\"inLanguage\":\"en-US\",\"potentialAction\":[{\"@type\":\"ReadAction\",\"target\":[\"https:\\\/\\\/eheating.lt\\\/en\\\/produktas\\\/danfoss-icon2-230v-underfloor-heating-controller-15-zones-088u2100\\\/\"]}]},{\"@type\":\"ImageObject\",\"inLanguage\":\"en-US\",\"@id\":\"https:\\\/\\\/eheating.lt\\\/en\\\/produktas\\\/danfoss-icon2-230v-underfloor-heating-controller-15-zones-088u2100\\\/#primaryimage\",\"url\":\"https:\\\/\\\/eheating.lt\\\/wp-content\\\/uploads\\\/2023\\\/03\\\/Danfoss-Icon2-230V-grindu-sildymo-valdiklis-15-zonu-1.png\",\"contentUrl\":\"https:\\\/\\\/eheating.lt\\\/wp-content\\\/uploads\\\/2023\\\/03\\\/Danfoss-Icon2-230V-grindu-sildymo-valdiklis-15-zonu-1.png\",\"width\":800,\"height\":800,\"caption\":\"Danfoss Icon2 230V grind\u0173 \u0161ildymo valdiklis 15 zon\u0173 088U1141\"},{\"@type\":\"BreadcrumbList\",\"@id\":\"https:\\\/\\\/eheating.lt\\\/en\\\/produktas\\\/danfoss-icon2-230v-underfloor-heating-controller-15-zones-088u2100\\\/#breadcrumb\",\"itemListElement\":[{\"@type\":\"ListItem\",\"position\":1,\"name\":\"Prad\u017eia\",\"item\":\"https:\\\/\\\/eheating.lt\\\/en\\\/\"},{\"@type\":\"ListItem\",\"position\":2,\"name\":\"Shop\",\"item\":\"https:\\\/\\\/eheating.lt\\\/en\\\/?page_id=5734\"},{\"@type\":\"ListItem\",\"position\":3,\"name\":\"Danfoss Icon2 230V underfloor heating controller 15 zones 088U2100\"}]},{\"@type\":\"WebSite\",\"@id\":\"https:\\\/\\\/eheating.lt\\\/#website\",\"url\":\"https:\\\/\\\/eheating.lt\\\/\",\"name\":\"eHeating\",\"description\":\"Elektronika ir \u0161ildymas\",\"potentialAction\":[{\"@type\":\"SearchAction\",\"target\":{\"@type\":\"EntryPoint\",\"urlTemplate\":\"https:\\\/\\\/eheating.lt\\\/?s={search_term_string}\"},\"query-input\":{\"@type\":\"PropertyValueSpecification\",\"valueRequired\":true,\"valueName\":\"search_term_string\"}}],\"inLanguage\":\"en-US\"}]}<\/script>\n<meta property=\"product:price:amount\" content=\"320.52\" \/>\n<meta property=\"product:price:currency\" content=\"EUR\" \/>\n<meta property=\"og:availability\" content=\"backorder\" \/>\n<meta property=\"product:availability\" content=\"available for order\" \/>\n<meta property=\"product:retailer_item_id\" content=\"DANFOSS-ICON2-230V-VALDIKLIS-15Z\" \/>\n<meta property=\"product:condition\" content=\"new\" \/>\n<!-- \/ Yoast SEO Premium plugin. -->","yoast_head_json":{"title":"Danfoss Icon2 230V underfloor heating controller 15 zones 088U2100","description":"Danfoss Icon2 230V controller 15 zones ; Possibility to connect wired and wireless thermostats ; NC \/ NO actuators ; Manufacturer code - 088U2100","robots":{"index":"index","follow":"follow","max-snippet":"max-snippet:-1","max-image-preview":"max-image-preview:large","max-video-preview":"max-video-preview:-1"},"canonical":"https:\/\/eheating.lt\/en\/produktas\/danfoss-icon2-230v-underfloor-heating-controller-15-zones-088u2100\/","og_locale":"en_US","og_type":"article","og_title":"Danfoss Icon2 230V underfloor heating controller 15 zones 088U2100","og_description":"Danfoss Icon2 230V controller 15 zones ; Possibility to connect wired and wireless thermostats ; NC \/ NO actuators ; Manufacturer code - 088U2100","og_url":"https:\/\/eheating.lt\/en\/produktas\/danfoss-icon2-230v-underfloor-heating-controller-15-zones-088u2100\/","og_site_name":"Elektronika Namams","article_publisher":"https:\/\/www.facebook.com\/ElektronikaNamams","article_modified_time":"2024-03-21T17:49:00+00:00","og_image":[{"width":800,"height":800,"url":"https:\/\/eheating.lt\/wp-content\/uploads\/2023\/03\/Danfoss-Icon2-230V-grindu-sildymo-valdiklis-15-zonu-1.png","type":"image\/png"}],"twitter_card":"summary_large_image","twitter_misc":{"Price":"377,08&nbsp;&euro; Original price was: 377,08&nbsp;&euro;.320,52&nbsp;&euro;Current price is: 320,52&nbsp;&euro;.","Availability":"On backorder"},"schema":{"@context":"https:\/\/schema.org","@graph":[{"@type":"WebPage","@id":"https:\/\/eheating.lt\/en\/produktas\/danfoss-icon2-230v-underfloor-heating-controller-15-zones-088u2100\/","url":"https:\/\/eheating.lt\/en\/produktas\/danfoss-icon2-230v-underfloor-heating-controller-15-zones-088u2100\/","name":"Danfoss Icon2 230V underfloor heating controller 15 zones 088U2100","isPartOf":{"@id":"https:\/\/eheating.lt\/#website"},"primaryImageOfPage":{"@id":"https:\/\/eheating.lt\/en\/produktas\/danfoss-icon2-230v-underfloor-heating-controller-15-zones-088u2100\/#primaryimage"},"image":{"@id":"https:\/\/eheating.lt\/en\/produktas\/danfoss-icon2-230v-underfloor-heating-controller-15-zones-088u2100\/#primaryimage"},"thumbnailUrl":"https:\/\/eheating.lt\/wp-content\/uploads\/2023\/03\/Danfoss-Icon2-230V-grindu-sildymo-valdiklis-15-zonu-1.png","datePublished":"2023-03-28T12:37:14+00:00","dateModified":"2024-03-21T17:49:00+00:00","description":"Danfoss Icon2 230V controller 15 zones ; Possibility to connect wired and wireless thermostats ; NC \/ NO actuators ; Manufacturer code - 088U2100","breadcrumb":{"@id":"https:\/\/eheating.lt\/en\/produktas\/danfoss-icon2-230v-underfloor-heating-controller-15-zones-088u2100\/#breadcrumb"},"inLanguage":"en-US","potentialAction":[{"@type":"ReadAction","target":["https:\/\/eheating.lt\/en\/produktas\/danfoss-icon2-230v-underfloor-heating-controller-15-zones-088u2100\/"]}]},{"@type":"ImageObject","inLanguage":"en-US","@id":"https:\/\/eheating.lt\/en\/produktas\/danfoss-icon2-230v-underfloor-heating-controller-15-zones-088u2100\/#primaryimage","url":"https:\/\/eheating.lt\/wp-content\/uploads\/2023\/03\/Danfoss-Icon2-230V-grindu-sildymo-valdiklis-15-zonu-1.png","contentUrl":"https:\/\/eheating.lt\/wp-content\/uploads\/2023\/03\/Danfoss-Icon2-230V-grindu-sildymo-valdiklis-15-zonu-1.png","width":800,"height":800,"caption":"Danfoss Icon2 230V grind\u0173 \u0161ildymo valdiklis 15 zon\u0173 088U1141"},{"@type":"BreadcrumbList","@id":"https:\/\/eheating.lt\/en\/produktas\/danfoss-icon2-230v-underfloor-heating-controller-15-zones-088u2100\/#breadcrumb","itemListElement":[{"@type":"ListItem","position":1,"name":"Prad\u017eia","item":"https:\/\/eheating.lt\/en\/"},{"@type":"ListItem","position":2,"name":"Shop","item":"https:\/\/eheating.lt\/en\/?page_id=5734"},{"@type":"ListItem","position":3,"name":"Danfoss Icon2 230V underfloor heating controller 15 zones 088U2100"}]},{"@type":"WebSite","@id":"https:\/\/eheating.lt\/#website","url":"https:\/\/eheating.lt\/","name":"eHeating","description":"Elektronika ir \u0161ildymas","potentialAction":[{"@type":"SearchAction","target":{"@type":"EntryPoint","urlTemplate":"https:\/\/eheating.lt\/?s={search_term_string}"},"query-input":{"@type":"PropertyValueSpecification","valueRequired":true,"valueName":"search_term_string"}}],"inLanguage":"en-US"}]},"product_price_amount":"320.52","product_price_currency":"EUR","og_availability":"backorder","product_availability":"available for order","product_retailer_item_id":"DANFOSS-ICON2-230V-VALDIKLIS-15Z","product_condition":"new"},"_links":{"self":[{"href":"https:\/\/eheating.lt\/en\/wp-json\/wp\/v2\/product\/31472","targetHints":{"allow":["GET"]}}],"collection":[{"href":"https:\/\/eheating.lt\/en\/wp-json\/wp\/v2\/product"}],"about":[{"href":"https:\/\/eheating.lt\/en\/wp-json\/wp\/v2\/types\/product"}],"replies":[{"embeddable":true,"href":"https:\/\/eheating.lt\/en\/wp-json\/wp\/v2\/comments?post=31472"}],"version-history":[{"count":0,"href":"https:\/\/eheating.lt\/en\/wp-json\/wp\/v2\/product\/31472\/revisions"}],"wp:featuredmedia":[{"embeddable":true,"href":"https:\/\/eheating.lt\/en\/wp-json\/wp\/v2\/media\/9578"}],"wp:attachment":[{"href":"https:\/\/eheating.lt\/en\/wp-json\/wp\/v2\/media?parent=31472"}],"wp:term":[{"taxonomy":"product_brand","embeddable":true,"href":"https:\/\/eheating.lt\/en\/wp-json\/wp\/v2\/product_brand?post=31472"},{"taxonomy":"product_cat","embeddable":true,"href":"https:\/\/eheating.lt\/en\/wp-json\/wp\/v2\/product_cat?post=31472"},{"taxonomy":"product_tag","embeddable":true,"href":"https:\/\/eheating.lt\/en\/wp-json\/wp\/v2\/product_tag?post=31472"}],"curies":[{"name":"wp","href":"https:\/\/api.w.org\/{rel}","templated":true}]}}