{"id":31443,"date":"2023-12-28T15:21:25","date_gmt":"2023-12-28T13:21:25","guid":{"rendered":"https:\/\/eheating.lt\/product\/canopy-hikvision-ds-kabd8003-rs1-s\/"},"modified":"2023-12-28T15:21:25","modified_gmt":"2023-12-28T13:21:25","slug":"canopy-hikvision-ds-kabd8003-rs1-s","status":"publish","type":"product","link":"https:\/\/eheating.lt\/en\/produktas\/canopy-hikvision-ds-kabd8003-rs1-s\/","title":{"rendered":"Canopy Hikvision DS-KABD8003-RS1\/S"},"content":{"rendered":"<p>&nbsp;<\/p>\n<ul class=\"tech-specs-items-description\" data-target=\"General\">\n<li class=\"tech-specs-items-description-list\"><span class=\"tech-specs-items-description__title\">Operating conditions (temperature) <\/span><span class=\"tech-specs-items-description__title-details\">-40\u00b0 C to +60\u00b0 C (-40\u00b0 F to 140\u00b0 F)<\/span><\/li>\n<li class=\"tech-specs-items-description-list\"><span class=\"tech-specs-items-description__title\">Working conditions (humidity) <\/span><span class=\"tech-specs-items-description__title-details\">10% to 95%<\/span><\/li>\n<li class=\"tech-specs-items-description-list\"><span class=\"tech-specs-items-description__title-details\">298.9 g<\/span><\/li>\n<li class=\"tech-specs-items-description-list\"><span class=\"tech-specs-items-description__title\">Size <\/span><span class=\"tech-specs-items-description__title-details\">116.4 \u00d7 122 \u00d7 58 mm (4.58&#8243; \u00d7 4.80&#8243; \u00d7 2.28&#8243;)<\/span><\/li>\n<li class=\"tech-specs-items-description-list\"><span class=\"tech-specs-items-description__title\">Available from <\/span><span class=\"tech-specs-items-description__title-details\">Stainless steel<\/span><\/li>\n<\/ul>\n","protected":false},"excerpt":{"rendered":"<ul>\n<li>Suitable for surface mounting of one module with protective shield.<\/li>\n<\/ul>\n","protected":false},"featured_media":30602,"comment_status":"closed","ping_status":"closed","template":"","meta":[],"product_brand":[],"product_cat":[771,772],"product_tag":[975],"class_list":{"0":"post-31443","1":"product","2":"type-product","3":"status-publish","4":"has-post-thumbnail","6":"product_cat-access-control-systems","7":"product_cat-hikvision-access-control","8":"product_tag-ean-en","10":"first","11":"onbackorder","12":"purchasable","13":"product-type-simple"},"yoast_head":"<!-- This site is optimized with the Yoast SEO Premium plugin v21.5 (Yoast SEO v27.4) - https:\/\/yoast.com\/product\/yoast-seo-premium-wordpress\/ -->\n<title>Canopy Hikvision DS-KABD8003-RS1\/S<\/title>\n<meta name=\"description\" content=\"Hikvision DS-KABD8003-RS1\/S canopy ; Suitable for surface mounting of one module with protective screen ; Size 116.4 \u00d7 122 \u00d7 58 mm\" \/>\n<meta name=\"robots\" content=\"index, follow, max-snippet:-1, max-image-preview:large, max-video-preview:-1\" \/>\n<link rel=\"canonical\" href=\"https:\/\/eheating.lt\/en\/produktas\/canopy-hikvision-ds-kabd8003-rs1-s\/\" \/>\n<meta property=\"og:locale\" content=\"en_US\" \/>\n<meta property=\"og:type\" content=\"article\" \/>\n<meta property=\"og:title\" content=\"Canopy Hikvision DS-KABD8003-RS1\/S\" \/>\n<meta property=\"og:description\" content=\"Hikvision DS-KABD8003-RS1\/S canopy ; Suitable for surface mounting of one module with protective screen ; Size 116.4 \u00d7 122 \u00d7 58 mm\" \/>\n<meta property=\"og:url\" content=\"https:\/\/eheating.lt\/en\/produktas\/canopy-hikvision-ds-kabd8003-rs1-s\/\" \/>\n<meta property=\"og:site_name\" content=\"Elektronika Namams\" \/>\n<meta property=\"article:publisher\" content=\"https:\/\/www.facebook.com\/ElektronikaNamams\" \/>\n<meta property=\"og:image\" content=\"https:\/\/eheating.lt\/wp-content\/uploads\/2023\/10\/Stogelis-Hikvision-DS-KABD8003-RS1S.png\" \/>\n\t<meta property=\"og:image:width\" content=\"800\" \/>\n\t<meta property=\"og:image:height\" content=\"800\" \/>\n\t<meta property=\"og:image:type\" content=\"image\/png\" \/>\n<meta name=\"twitter:card\" content=\"summary_large_image\" \/>\n<meta name=\"twitter:label1\" content=\"Price\" \/>\n\t<meta name=\"twitter:data1\" content=\"46,79&nbsp;&euro;\" \/>\n\t<meta name=\"twitter:label2\" content=\"Availability\" \/>\n\t<meta name=\"twitter:data2\" content=\"On backorder\" \/>\n<script type=\"application\/ld+json\" class=\"yoast-schema-graph\">{\"@context\":\"https:\\\/\\\/schema.org\",\"@graph\":[{\"@type\":\"WebPage\",\"@id\":\"https:\\\/\\\/eheating.lt\\\/en\\\/produktas\\\/canopy-hikvision-ds-kabd8003-rs1-s\\\/\",\"url\":\"https:\\\/\\\/eheating.lt\\\/en\\\/produktas\\\/canopy-hikvision-ds-kabd8003-rs1-s\\\/\",\"name\":\"Canopy Hikvision DS-KABD8003-RS1\\\/S\",\"isPartOf\":{\"@id\":\"https:\\\/\\\/eheating.lt\\\/#website\"},\"primaryImageOfPage\":{\"@id\":\"https:\\\/\\\/eheating.lt\\\/en\\\/produktas\\\/canopy-hikvision-ds-kabd8003-rs1-s\\\/#primaryimage\"},\"image\":{\"@id\":\"https:\\\/\\\/eheating.lt\\\/en\\\/produktas\\\/canopy-hikvision-ds-kabd8003-rs1-s\\\/#primaryimage\"},\"thumbnailUrl\":\"https:\\\/\\\/eheating.lt\\\/wp-content\\\/uploads\\\/2023\\\/10\\\/Stogelis-Hikvision-DS-KABD8003-RS1S.png\",\"datePublished\":\"2023-12-28T13:21:25+00:00\",\"description\":\"Hikvision DS-KABD8003-RS1\\\/S canopy ; Suitable for surface mounting of one module with protective screen ; Size 116.4 \u00d7 122 \u00d7 58 mm\",\"breadcrumb\":{\"@id\":\"https:\\\/\\\/eheating.lt\\\/en\\\/produktas\\\/canopy-hikvision-ds-kabd8003-rs1-s\\\/#breadcrumb\"},\"inLanguage\":\"en-US\",\"potentialAction\":[{\"@type\":\"ReadAction\",\"target\":[\"https:\\\/\\\/eheating.lt\\\/en\\\/produktas\\\/canopy-hikvision-ds-kabd8003-rs1-s\\\/\"]}]},{\"@type\":\"ImageObject\",\"inLanguage\":\"en-US\",\"@id\":\"https:\\\/\\\/eheating.lt\\\/en\\\/produktas\\\/canopy-hikvision-ds-kabd8003-rs1-s\\\/#primaryimage\",\"url\":\"https:\\\/\\\/eheating.lt\\\/wp-content\\\/uploads\\\/2023\\\/10\\\/Stogelis-Hikvision-DS-KABD8003-RS1S.png\",\"contentUrl\":\"https:\\\/\\\/eheating.lt\\\/wp-content\\\/uploads\\\/2023\\\/10\\\/Stogelis-Hikvision-DS-KABD8003-RS1S.png\",\"width\":800,\"height\":800,\"caption\":\"Hikvision DS-KABD8003-RS1\\\/S\"},{\"@type\":\"BreadcrumbList\",\"@id\":\"https:\\\/\\\/eheating.lt\\\/en\\\/produktas\\\/canopy-hikvision-ds-kabd8003-rs1-s\\\/#breadcrumb\",\"itemListElement\":[{\"@type\":\"ListItem\",\"position\":1,\"name\":\"Prad\u017eia\",\"item\":\"https:\\\/\\\/eheating.lt\\\/en\\\/\"},{\"@type\":\"ListItem\",\"position\":2,\"name\":\"Shop\",\"item\":\"https:\\\/\\\/eheating.lt\\\/en\\\/?page_id=5734\"},{\"@type\":\"ListItem\",\"position\":3,\"name\":\"Canopy Hikvision DS-KABD8003-RS1\\\/S\"}]},{\"@type\":\"WebSite\",\"@id\":\"https:\\\/\\\/eheating.lt\\\/#website\",\"url\":\"https:\\\/\\\/eheating.lt\\\/\",\"name\":\"eHeating\",\"description\":\"Elektronika ir \u0161ildymas\",\"potentialAction\":[{\"@type\":\"SearchAction\",\"target\":{\"@type\":\"EntryPoint\",\"urlTemplate\":\"https:\\\/\\\/eheating.lt\\\/?s={search_term_string}\"},\"query-input\":{\"@type\":\"PropertyValueSpecification\",\"valueRequired\":true,\"valueName\":\"search_term_string\"}}],\"inLanguage\":\"en-US\"}]}<\/script>\n<meta property=\"product:price:amount\" content=\"46.79\" \/>\n<meta property=\"product:price:currency\" content=\"EUR\" \/>\n<meta property=\"og:availability\" content=\"backorder\" \/>\n<meta property=\"product:availability\" content=\"available for order\" \/>\n<meta property=\"product:retailer_item_id\" content=\"e121618ce579\" \/>\n<meta property=\"product:condition\" content=\"new\" \/>\n<!-- \/ Yoast SEO Premium plugin. -->","yoast_head_json":{"title":"Canopy Hikvision DS-KABD8003-RS1\/S","description":"Hikvision DS-KABD8003-RS1\/S canopy ; Suitable for surface mounting of one module with protective screen ; Size 116.4 \u00d7 122 \u00d7 58 mm","robots":{"index":"index","follow":"follow","max-snippet":"max-snippet:-1","max-image-preview":"max-image-preview:large","max-video-preview":"max-video-preview:-1"},"canonical":"https:\/\/eheating.lt\/en\/produktas\/canopy-hikvision-ds-kabd8003-rs1-s\/","og_locale":"en_US","og_type":"article","og_title":"Canopy Hikvision DS-KABD8003-RS1\/S","og_description":"Hikvision DS-KABD8003-RS1\/S canopy ; Suitable for surface mounting of one module with protective screen ; Size 116.4 \u00d7 122 \u00d7 58 mm","og_url":"https:\/\/eheating.lt\/en\/produktas\/canopy-hikvision-ds-kabd8003-rs1-s\/","og_site_name":"Elektronika Namams","article_publisher":"https:\/\/www.facebook.com\/ElektronikaNamams","og_image":[{"width":800,"height":800,"url":"https:\/\/eheating.lt\/wp-content\/uploads\/2023\/10\/Stogelis-Hikvision-DS-KABD8003-RS1S.png","type":"image\/png"}],"twitter_card":"summary_large_image","twitter_misc":{"Price":"46,79&nbsp;&euro;","Availability":"On backorder"},"schema":{"@context":"https:\/\/schema.org","@graph":[{"@type":"WebPage","@id":"https:\/\/eheating.lt\/en\/produktas\/canopy-hikvision-ds-kabd8003-rs1-s\/","url":"https:\/\/eheating.lt\/en\/produktas\/canopy-hikvision-ds-kabd8003-rs1-s\/","name":"Canopy Hikvision DS-KABD8003-RS1\/S","isPartOf":{"@id":"https:\/\/eheating.lt\/#website"},"primaryImageOfPage":{"@id":"https:\/\/eheating.lt\/en\/produktas\/canopy-hikvision-ds-kabd8003-rs1-s\/#primaryimage"},"image":{"@id":"https:\/\/eheating.lt\/en\/produktas\/canopy-hikvision-ds-kabd8003-rs1-s\/#primaryimage"},"thumbnailUrl":"https:\/\/eheating.lt\/wp-content\/uploads\/2023\/10\/Stogelis-Hikvision-DS-KABD8003-RS1S.png","datePublished":"2023-12-28T13:21:25+00:00","description":"Hikvision DS-KABD8003-RS1\/S canopy ; Suitable for surface mounting of one module with protective screen ; Size 116.4 \u00d7 122 \u00d7 58 mm","breadcrumb":{"@id":"https:\/\/eheating.lt\/en\/produktas\/canopy-hikvision-ds-kabd8003-rs1-s\/#breadcrumb"},"inLanguage":"en-US","potentialAction":[{"@type":"ReadAction","target":["https:\/\/eheating.lt\/en\/produktas\/canopy-hikvision-ds-kabd8003-rs1-s\/"]}]},{"@type":"ImageObject","inLanguage":"en-US","@id":"https:\/\/eheating.lt\/en\/produktas\/canopy-hikvision-ds-kabd8003-rs1-s\/#primaryimage","url":"https:\/\/eheating.lt\/wp-content\/uploads\/2023\/10\/Stogelis-Hikvision-DS-KABD8003-RS1S.png","contentUrl":"https:\/\/eheating.lt\/wp-content\/uploads\/2023\/10\/Stogelis-Hikvision-DS-KABD8003-RS1S.png","width":800,"height":800,"caption":"Hikvision DS-KABD8003-RS1\/S"},{"@type":"BreadcrumbList","@id":"https:\/\/eheating.lt\/en\/produktas\/canopy-hikvision-ds-kabd8003-rs1-s\/#breadcrumb","itemListElement":[{"@type":"ListItem","position":1,"name":"Prad\u017eia","item":"https:\/\/eheating.lt\/en\/"},{"@type":"ListItem","position":2,"name":"Shop","item":"https:\/\/eheating.lt\/en\/?page_id=5734"},{"@type":"ListItem","position":3,"name":"Canopy Hikvision DS-KABD8003-RS1\/S"}]},{"@type":"WebSite","@id":"https:\/\/eheating.lt\/#website","url":"https:\/\/eheating.lt\/","name":"eHeating","description":"Elektronika ir \u0161ildymas","potentialAction":[{"@type":"SearchAction","target":{"@type":"EntryPoint","urlTemplate":"https:\/\/eheating.lt\/?s={search_term_string}"},"query-input":{"@type":"PropertyValueSpecification","valueRequired":true,"valueName":"search_term_string"}}],"inLanguage":"en-US"}]},"product_price_amount":"46.79","product_price_currency":"EUR","og_availability":"backorder","product_availability":"available for order","product_retailer_item_id":"e121618ce579","product_condition":"new"},"_links":{"self":[{"href":"https:\/\/eheating.lt\/en\/wp-json\/wp\/v2\/product\/31443","targetHints":{"allow":["GET"]}}],"collection":[{"href":"https:\/\/eheating.lt\/en\/wp-json\/wp\/v2\/product"}],"about":[{"href":"https:\/\/eheating.lt\/en\/wp-json\/wp\/v2\/types\/product"}],"replies":[{"embeddable":true,"href":"https:\/\/eheating.lt\/en\/wp-json\/wp\/v2\/comments?post=31443"}],"version-history":[{"count":0,"href":"https:\/\/eheating.lt\/en\/wp-json\/wp\/v2\/product\/31443\/revisions"}],"wp:featuredmedia":[{"embeddable":true,"href":"https:\/\/eheating.lt\/en\/wp-json\/wp\/v2\/media\/30602"}],"wp:attachment":[{"href":"https:\/\/eheating.lt\/en\/wp-json\/wp\/v2\/media?parent=31443"}],"wp:term":[{"taxonomy":"product_brand","embeddable":true,"href":"https:\/\/eheating.lt\/en\/wp-json\/wp\/v2\/product_brand?post=31443"},{"taxonomy":"product_cat","embeddable":true,"href":"https:\/\/eheating.lt\/en\/wp-json\/wp\/v2\/product_cat?post=31443"},{"taxonomy":"product_tag","embeddable":true,"href":"https:\/\/eheating.lt\/en\/wp-json\/wp\/v2\/product_tag?post=31443"}],"curies":[{"name":"wp","href":"https:\/\/api.w.org\/{rel}","templated":true}]}}