{"id":31440,"date":"2023-12-28T15:21:26","date_gmt":"2023-12-28T13:21:26","guid":{"rendered":"https:\/\/eheating.lt\/product\/hikvision-card-reader-ds-k1103m\/"},"modified":"2023-12-28T15:21:26","modified_gmt":"2023-12-28T13:21:26","slug":"hikvision-card-reader-ds-k1103m","status":"publish","type":"product","link":"https:\/\/eheating.lt\/en\/produktas\/hikvision-card-reader-ds-k1103m\/","title":{"rendered":"Hikvision Card Reader DS-K1103M"},"content":{"rendered":"<table>\n<tbody>\n<tr>\n<td><strong>Catering<\/strong><\/td>\n<td>12V DC<\/td>\n<\/tr>\n<tr>\n<td style=\"width: 150px;\"><strong>Current consumption<\/strong><\/td>\n<td>\u2264500mA<\/td>\n<\/tr>\n<tr>\n<td><strong>Processor<\/strong><\/td>\n<td>32-bit<\/td>\n<\/tr>\n<tr>\n<td><strong>Reading frequency<\/strong><\/td>\n<td>13.56MHz<\/td>\n<\/tr>\n<tr>\n<td><strong>Scanning distance<\/strong><\/td>\n<td>30 to 50mm (1.18 to 1.96&#8243;)<\/td>\n<\/tr>\n<tr>\n<td><strong>ID settings<\/strong><\/td>\n<td>Setting by the DIP Switch on the Main Board<\/td>\n<\/tr>\n<tr>\n<td><strong>Audible warning<\/strong><\/td>\n<td>Beeper<\/td>\n<\/tr>\n<tr>\n<td><strong>Energy consumption<\/strong><\/td>\n<td>\u22646W<\/td>\n<\/tr>\n<tr>\n<td><strong>Keyboard<\/strong><\/td>\n<td>No Keypad<\/td>\n<\/tr>\n<tr>\n<td><strong>Certificates<\/strong><\/td>\n<td>FCC, CE<\/td>\n<\/tr>\n<tr>\n<td><strong>LED Indication<\/strong><\/td>\n<td>Power Indicator; Status LED Indicator<\/td>\n<\/tr>\n<tr>\n<td><strong>Operating temperature<\/strong><\/td>\n<td>-40\u00b0C to +70\u00b0C (-40\u00b0F to +158\u00b0F)<\/td>\n<\/tr>\n<tr>\n<td><strong>Relative humidity<\/strong><\/td>\n<td>10% to 90% (Non Condensing)<\/td>\n<\/tr>\n<tr>\n<td><strong>IP protection class<\/strong><\/td>\n<td>IP 64<\/td>\n<\/tr>\n<tr>\n<td><strong>Dimensions<\/strong><\/td>\n<td>129\u00d776\u00d714.7mm (5.08\u00d72.99\u00d70.58&#8243;)<\/td>\n<\/tr>\n<tr>\n<td><strong>Weight<\/strong><\/td>\n<td>\u2264 0.15Kg<\/td>\n<\/tr>\n<tr>\n<td><strong>Installation<\/strong><\/td>\n<td>Only applied for120 Gang Box<\/td>\n<\/tr>\n<\/tbody>\n<\/table>\n","protected":false},"excerpt":{"rendered":"<ul>\n<li>Mifare card reader<\/li>\n<li>RS485 and Wiegand (W26\/W34) protocols<\/li>\n<li>Dust-proof<\/li>\n<\/ul>\n","protected":false},"featured_media":30604,"comment_status":"closed","ping_status":"closed","template":"","meta":[],"product_brand":[],"product_cat":[771,772],"product_tag":[975],"class_list":{"0":"post-31440","1":"product","2":"type-product","3":"status-publish","4":"has-post-thumbnail","6":"product_cat-access-control-systems","7":"product_cat-hikvision-access-control","8":"product_tag-ean-en","10":"first","11":"instock","12":"purchasable","13":"product-type-simple"},"yoast_head":"<!-- This site is optimized with the Yoast SEO Premium plugin v21.5 (Yoast SEO v27.4) - https:\/\/yoast.com\/product\/yoast-seo-premium-wordpress\/ -->\n<title>Hikvision Card Reader DS-K1103M<\/title>\n<meta name=\"description\" content=\"Hikvision DS-K1103M card reader ; Mifare card reader ; RS485 and Wiegand (W26\/W34) protocols ; Dustproof\" \/>\n<meta name=\"robots\" content=\"index, follow, max-snippet:-1, max-image-preview:large, max-video-preview:-1\" \/>\n<link rel=\"canonical\" href=\"https:\/\/eheating.lt\/en\/produktas\/hikvision-card-reader-ds-k1103m\/\" \/>\n<meta property=\"og:locale\" content=\"en_US\" \/>\n<meta property=\"og:type\" content=\"article\" \/>\n<meta property=\"og:title\" content=\"Hikvision Card Reader DS-K1103M\" \/>\n<meta property=\"og:description\" content=\"Hikvision DS-K1103M card reader ; Mifare card reader ; RS485 and Wiegand (W26\/W34) protocols ; Dustproof\" \/>\n<meta property=\"og:url\" content=\"https:\/\/eheating.lt\/en\/produktas\/hikvision-card-reader-ds-k1103m\/\" \/>\n<meta property=\"og:site_name\" content=\"Elektronika Namams\" \/>\n<meta property=\"article:publisher\" content=\"https:\/\/www.facebook.com\/ElektronikaNamams\" \/>\n<meta property=\"og:image\" content=\"https:\/\/eheating.lt\/wp-content\/uploads\/2023\/10\/Hikvision-korteliu-skaitytuvas-DS-K1103M.png\" \/>\n\t<meta property=\"og:image:width\" content=\"800\" \/>\n\t<meta property=\"og:image:height\" content=\"800\" \/>\n\t<meta property=\"og:image:type\" content=\"image\/png\" \/>\n<meta name=\"twitter:card\" content=\"summary_large_image\" \/>\n<meta name=\"twitter:label1\" content=\"Price\" \/>\n\t<meta name=\"twitter:data1\" content=\"66,23&nbsp;&euro;\" \/>\n\t<meta name=\"twitter:label2\" content=\"Availability\" \/>\n\t<meta name=\"twitter:data2\" content=\"In stock\" \/>\n<script type=\"application\/ld+json\" class=\"yoast-schema-graph\">{\"@context\":\"https:\\\/\\\/schema.org\",\"@graph\":[{\"@type\":\"WebPage\",\"@id\":\"https:\\\/\\\/eheating.lt\\\/en\\\/produktas\\\/hikvision-card-reader-ds-k1103m\\\/\",\"url\":\"https:\\\/\\\/eheating.lt\\\/en\\\/produktas\\\/hikvision-card-reader-ds-k1103m\\\/\",\"name\":\"Hikvision Card Reader DS-K1103M\",\"isPartOf\":{\"@id\":\"https:\\\/\\\/eheating.lt\\\/#website\"},\"primaryImageOfPage\":{\"@id\":\"https:\\\/\\\/eheating.lt\\\/en\\\/produktas\\\/hikvision-card-reader-ds-k1103m\\\/#primaryimage\"},\"image\":{\"@id\":\"https:\\\/\\\/eheating.lt\\\/en\\\/produktas\\\/hikvision-card-reader-ds-k1103m\\\/#primaryimage\"},\"thumbnailUrl\":\"https:\\\/\\\/eheating.lt\\\/wp-content\\\/uploads\\\/2023\\\/10\\\/Hikvision-korteliu-skaitytuvas-DS-K1103M.png\",\"datePublished\":\"2023-12-28T13:21:26+00:00\",\"description\":\"Hikvision DS-K1103M card reader ; Mifare card reader ; RS485 and Wiegand (W26\\\/W34) protocols ; Dustproof\",\"breadcrumb\":{\"@id\":\"https:\\\/\\\/eheating.lt\\\/en\\\/produktas\\\/hikvision-card-reader-ds-k1103m\\\/#breadcrumb\"},\"inLanguage\":\"en-US\",\"potentialAction\":[{\"@type\":\"ReadAction\",\"target\":[\"https:\\\/\\\/eheating.lt\\\/en\\\/produktas\\\/hikvision-card-reader-ds-k1103m\\\/\"]}]},{\"@type\":\"ImageObject\",\"inLanguage\":\"en-US\",\"@id\":\"https:\\\/\\\/eheating.lt\\\/en\\\/produktas\\\/hikvision-card-reader-ds-k1103m\\\/#primaryimage\",\"url\":\"https:\\\/\\\/eheating.lt\\\/wp-content\\\/uploads\\\/2023\\\/10\\\/Hikvision-korteliu-skaitytuvas-DS-K1103M.png\",\"contentUrl\":\"https:\\\/\\\/eheating.lt\\\/wp-content\\\/uploads\\\/2023\\\/10\\\/Hikvision-korteliu-skaitytuvas-DS-K1103M.png\",\"width\":800,\"height\":800,\"caption\":\"Hikvision DS-K1103M\"},{\"@type\":\"BreadcrumbList\",\"@id\":\"https:\\\/\\\/eheating.lt\\\/en\\\/produktas\\\/hikvision-card-reader-ds-k1103m\\\/#breadcrumb\",\"itemListElement\":[{\"@type\":\"ListItem\",\"position\":1,\"name\":\"Prad\u017eia\",\"item\":\"https:\\\/\\\/eheating.lt\\\/en\\\/\"},{\"@type\":\"ListItem\",\"position\":2,\"name\":\"Shop\",\"item\":\"https:\\\/\\\/eheating.lt\\\/en\\\/?page_id=5734\"},{\"@type\":\"ListItem\",\"position\":3,\"name\":\"Hikvision Card Reader DS-K1103M\"}]},{\"@type\":\"WebSite\",\"@id\":\"https:\\\/\\\/eheating.lt\\\/#website\",\"url\":\"https:\\\/\\\/eheating.lt\\\/\",\"name\":\"eHeating\",\"description\":\"Elektronika ir \u0161ildymas\",\"potentialAction\":[{\"@type\":\"SearchAction\",\"target\":{\"@type\":\"EntryPoint\",\"urlTemplate\":\"https:\\\/\\\/eheating.lt\\\/?s={search_term_string}\"},\"query-input\":{\"@type\":\"PropertyValueSpecification\",\"valueRequired\":true,\"valueName\":\"search_term_string\"}}],\"inLanguage\":\"en-US\"}]}<\/script>\n<meta property=\"product:price:amount\" content=\"66.23\" \/>\n<meta property=\"product:price:currency\" content=\"EUR\" \/>\n<meta property=\"og:availability\" content=\"instock\" \/>\n<meta property=\"product:availability\" content=\"instock\" \/>\n<meta property=\"product:retailer_item_id\" content=\"9b3d891ce7f1\" \/>\n<meta property=\"product:condition\" content=\"new\" \/>\n<!-- \/ Yoast SEO Premium plugin. -->","yoast_head_json":{"title":"Hikvision Card Reader DS-K1103M","description":"Hikvision DS-K1103M card reader ; Mifare card reader ; RS485 and Wiegand (W26\/W34) protocols ; Dustproof","robots":{"index":"index","follow":"follow","max-snippet":"max-snippet:-1","max-image-preview":"max-image-preview:large","max-video-preview":"max-video-preview:-1"},"canonical":"https:\/\/eheating.lt\/en\/produktas\/hikvision-card-reader-ds-k1103m\/","og_locale":"en_US","og_type":"article","og_title":"Hikvision Card Reader DS-K1103M","og_description":"Hikvision DS-K1103M card reader ; Mifare card reader ; RS485 and Wiegand (W26\/W34) protocols ; Dustproof","og_url":"https:\/\/eheating.lt\/en\/produktas\/hikvision-card-reader-ds-k1103m\/","og_site_name":"Elektronika Namams","article_publisher":"https:\/\/www.facebook.com\/ElektronikaNamams","og_image":[{"width":800,"height":800,"url":"https:\/\/eheating.lt\/wp-content\/uploads\/2023\/10\/Hikvision-korteliu-skaitytuvas-DS-K1103M.png","type":"image\/png"}],"twitter_card":"summary_large_image","twitter_misc":{"Price":"66,23&nbsp;&euro;","Availability":"In stock"},"schema":{"@context":"https:\/\/schema.org","@graph":[{"@type":"WebPage","@id":"https:\/\/eheating.lt\/en\/produktas\/hikvision-card-reader-ds-k1103m\/","url":"https:\/\/eheating.lt\/en\/produktas\/hikvision-card-reader-ds-k1103m\/","name":"Hikvision Card Reader DS-K1103M","isPartOf":{"@id":"https:\/\/eheating.lt\/#website"},"primaryImageOfPage":{"@id":"https:\/\/eheating.lt\/en\/produktas\/hikvision-card-reader-ds-k1103m\/#primaryimage"},"image":{"@id":"https:\/\/eheating.lt\/en\/produktas\/hikvision-card-reader-ds-k1103m\/#primaryimage"},"thumbnailUrl":"https:\/\/eheating.lt\/wp-content\/uploads\/2023\/10\/Hikvision-korteliu-skaitytuvas-DS-K1103M.png","datePublished":"2023-12-28T13:21:26+00:00","description":"Hikvision DS-K1103M card reader ; Mifare card reader ; RS485 and Wiegand (W26\/W34) protocols ; Dustproof","breadcrumb":{"@id":"https:\/\/eheating.lt\/en\/produktas\/hikvision-card-reader-ds-k1103m\/#breadcrumb"},"inLanguage":"en-US","potentialAction":[{"@type":"ReadAction","target":["https:\/\/eheating.lt\/en\/produktas\/hikvision-card-reader-ds-k1103m\/"]}]},{"@type":"ImageObject","inLanguage":"en-US","@id":"https:\/\/eheating.lt\/en\/produktas\/hikvision-card-reader-ds-k1103m\/#primaryimage","url":"https:\/\/eheating.lt\/wp-content\/uploads\/2023\/10\/Hikvision-korteliu-skaitytuvas-DS-K1103M.png","contentUrl":"https:\/\/eheating.lt\/wp-content\/uploads\/2023\/10\/Hikvision-korteliu-skaitytuvas-DS-K1103M.png","width":800,"height":800,"caption":"Hikvision DS-K1103M"},{"@type":"BreadcrumbList","@id":"https:\/\/eheating.lt\/en\/produktas\/hikvision-card-reader-ds-k1103m\/#breadcrumb","itemListElement":[{"@type":"ListItem","position":1,"name":"Prad\u017eia","item":"https:\/\/eheating.lt\/en\/"},{"@type":"ListItem","position":2,"name":"Shop","item":"https:\/\/eheating.lt\/en\/?page_id=5734"},{"@type":"ListItem","position":3,"name":"Hikvision Card Reader DS-K1103M"}]},{"@type":"WebSite","@id":"https:\/\/eheating.lt\/#website","url":"https:\/\/eheating.lt\/","name":"eHeating","description":"Elektronika ir \u0161ildymas","potentialAction":[{"@type":"SearchAction","target":{"@type":"EntryPoint","urlTemplate":"https:\/\/eheating.lt\/?s={search_term_string}"},"query-input":{"@type":"PropertyValueSpecification","valueRequired":true,"valueName":"search_term_string"}}],"inLanguage":"en-US"}]},"product_price_amount":"66.23","product_price_currency":"EUR","og_availability":"instock","product_availability":"instock","product_retailer_item_id":"9b3d891ce7f1","product_condition":"new"},"_links":{"self":[{"href":"https:\/\/eheating.lt\/en\/wp-json\/wp\/v2\/product\/31440","targetHints":{"allow":["GET"]}}],"collection":[{"href":"https:\/\/eheating.lt\/en\/wp-json\/wp\/v2\/product"}],"about":[{"href":"https:\/\/eheating.lt\/en\/wp-json\/wp\/v2\/types\/product"}],"replies":[{"embeddable":true,"href":"https:\/\/eheating.lt\/en\/wp-json\/wp\/v2\/comments?post=31440"}],"version-history":[{"count":0,"href":"https:\/\/eheating.lt\/en\/wp-json\/wp\/v2\/product\/31440\/revisions"}],"wp:featuredmedia":[{"embeddable":true,"href":"https:\/\/eheating.lt\/en\/wp-json\/wp\/v2\/media\/30604"}],"wp:attachment":[{"href":"https:\/\/eheating.lt\/en\/wp-json\/wp\/v2\/media?parent=31440"}],"wp:term":[{"taxonomy":"product_brand","embeddable":true,"href":"https:\/\/eheating.lt\/en\/wp-json\/wp\/v2\/product_brand?post=31440"},{"taxonomy":"product_cat","embeddable":true,"href":"https:\/\/eheating.lt\/en\/wp-json\/wp\/v2\/product_cat?post=31440"},{"taxonomy":"product_tag","embeddable":true,"href":"https:\/\/eheating.lt\/en\/wp-json\/wp\/v2\/product_tag?post=31440"}],"curies":[{"name":"wp","href":"https:\/\/api.w.org\/{rel}","templated":true}]}}