{"id":31428,"date":"2023-12-31T18:51:50","date_gmt":"2023-12-31T16:51:50","guid":{"rendered":"https:\/\/eheating.lt\/product\/paradox-k37lcd-wireless-iconic-lcd-keyboard\/"},"modified":"2023-12-31T18:51:50","modified_gmt":"2023-12-31T16:51:50","slug":"paradox-k37lcd-wireless-iconic-lcd-keyboard","status":"publish","type":"product","link":"https:\/\/eheating.lt\/en\/produktas\/paradox-k37lcd-wireless-iconic-lcd-keyboard\/","title":{"rendered":"PARADOX K37LCD wireless iconic LCD keyboard"},"content":{"rendered":"<hr>\n<ul>\n<li><span style=\"font-size: 16px;\">Manufacturer Paradox<\/span><\/li>\n<li><span style=\"font-size: 16px;\">32-zone wireless iconic LCD keypad for SP, MG5000, MG5050 control panels<\/span><\/li>\n<li><span style=\"font-size: 16px;\">Full 2-zone status and 32-zone LCD indication<\/span><\/li>\n<li><span style=\"font-size: 16px;\">3 types of panic alarm<\/span><\/li>\n<li><span style=\"font-size: 16px;\">StayD mode<\/span><\/li>\n<li><span style=\"font-size: 16px;\">8 command buttons<\/span><\/li>\n<li><span style=\"font-size: 16px;\">Adjustable light intensity<\/span><\/li>\n<li><span style=\"font-size: 16px;\">Operating distance in typical residential premises 40m<\/span><\/li>\n<li><span style=\"font-size: 16px;\">Power supply 2x AA cells or DC 6V 350mA power supply (PA6)<\/span><\/li>\n<\/ul>\n","protected":false},"excerpt":{"rendered":"<ul>\n<li>Wireless 32-zone LCD keypad<\/li>\n<li>SP, MG5000, MG5050 central<\/li>\n<\/ul>\n","protected":false},"featured_media":31284,"comment_status":"closed","ping_status":"closed","template":"","meta":[],"product_brand":[],"product_cat":[770,763,761,762],"product_tag":[],"class_list":{"0":"post-31428","1":"product","2":"type-product","3":"status-publish","4":"has-post-thumbnail","6":"product_cat-paradox-wireless-keyboards","7":"product_cat-paradox","8":"product_cat-security-systems","9":"product_cat-wireless-security-systems","11":"first","12":"outofstock","13":"taxable","14":"shipping-taxable","15":"purchasable","16":"product-type-simple"},"yoast_head":"<!-- This site is optimized with the Yoast SEO Premium plugin v21.5 (Yoast SEO v27.4) - https:\/\/yoast.com\/product\/yoast-seo-premium-wordpress\/ -->\n<title>PARADOX K37LCD wireless iconic LCD keyboard<\/title>\n<meta name=\"description\" content=\"Paradox K37LCD wireless iconic LCD keypad ; 32-zone wireless LCD keypad ; SP, MG5000, MG5050 control panels ; 8 command buttons\" \/>\n<meta name=\"robots\" content=\"index, follow, max-snippet:-1, max-image-preview:large, max-video-preview:-1\" \/>\n<link rel=\"canonical\" href=\"https:\/\/eheating.lt\/en\/produktas\/paradox-k37lcd-wireless-iconic-lcd-keyboard\/\" \/>\n<meta property=\"og:locale\" content=\"en_US\" \/>\n<meta property=\"og:type\" content=\"article\" \/>\n<meta property=\"og:title\" content=\"PARADOX K37LCD wireless iconic LCD keyboard\" \/>\n<meta property=\"og:description\" content=\"Paradox K37LCD wireless iconic LCD keypad ; 32-zone wireless LCD keypad ; SP, MG5000, MG5050 control panels ; 8 command buttons\" \/>\n<meta property=\"og:url\" content=\"https:\/\/eheating.lt\/en\/produktas\/paradox-k37lcd-wireless-iconic-lcd-keyboard\/\" \/>\n<meta property=\"og:site_name\" content=\"Elektronika Namams\" \/>\n<meta property=\"article:publisher\" content=\"https:\/\/www.facebook.com\/ElektronikaNamams\" \/>\n<meta property=\"og:image\" content=\"https:\/\/eheating.lt\/wp-content\/uploads\/2023\/10\/PARADOX-K37LCD-beviele-ikonine-LCD-klaviatura.png\" \/>\n\t<meta property=\"og:image:width\" content=\"800\" \/>\n\t<meta property=\"og:image:height\" content=\"800\" \/>\n\t<meta property=\"og:image:type\" content=\"image\/png\" \/>\n<meta name=\"twitter:card\" content=\"summary_large_image\" \/>\n<meta name=\"twitter:label1\" content=\"Price\" \/>\n\t<meta name=\"twitter:data1\" content=\"142,53&nbsp;&euro;\" \/>\n\t<meta name=\"twitter:label2\" content=\"Availability\" \/>\n\t<meta name=\"twitter:data2\" content=\"Out of stock\" \/>\n<script type=\"application\/ld+json\" class=\"yoast-schema-graph\">{\"@context\":\"https:\\\/\\\/schema.org\",\"@graph\":[{\"@type\":\"WebPage\",\"@id\":\"https:\\\/\\\/eheating.lt\\\/en\\\/produktas\\\/paradox-k37lcd-wireless-iconic-lcd-keyboard\\\/\",\"url\":\"https:\\\/\\\/eheating.lt\\\/en\\\/produktas\\\/paradox-k37lcd-wireless-iconic-lcd-keyboard\\\/\",\"name\":\"PARADOX K37LCD wireless iconic LCD keyboard\",\"isPartOf\":{\"@id\":\"https:\\\/\\\/eheating.lt\\\/#website\"},\"primaryImageOfPage\":{\"@id\":\"https:\\\/\\\/eheating.lt\\\/en\\\/produktas\\\/paradox-k37lcd-wireless-iconic-lcd-keyboard\\\/#primaryimage\"},\"image\":{\"@id\":\"https:\\\/\\\/eheating.lt\\\/en\\\/produktas\\\/paradox-k37lcd-wireless-iconic-lcd-keyboard\\\/#primaryimage\"},\"thumbnailUrl\":\"https:\\\/\\\/eheating.lt\\\/wp-content\\\/uploads\\\/2023\\\/10\\\/PARADOX-K37LCD-beviele-ikonine-LCD-klaviatura.png\",\"datePublished\":\"2023-12-31T16:51:50+00:00\",\"description\":\"Paradox K37LCD wireless iconic LCD keypad ; 32-zone wireless LCD keypad ; SP, MG5000, MG5050 control panels ; 8 command buttons\",\"breadcrumb\":{\"@id\":\"https:\\\/\\\/eheating.lt\\\/en\\\/produktas\\\/paradox-k37lcd-wireless-iconic-lcd-keyboard\\\/#breadcrumb\"},\"inLanguage\":\"en-US\",\"potentialAction\":[{\"@type\":\"ReadAction\",\"target\":[\"https:\\\/\\\/eheating.lt\\\/en\\\/produktas\\\/paradox-k37lcd-wireless-iconic-lcd-keyboard\\\/\"]}]},{\"@type\":\"ImageObject\",\"inLanguage\":\"en-US\",\"@id\":\"https:\\\/\\\/eheating.lt\\\/en\\\/produktas\\\/paradox-k37lcd-wireless-iconic-lcd-keyboard\\\/#primaryimage\",\"url\":\"https:\\\/\\\/eheating.lt\\\/wp-content\\\/uploads\\\/2023\\\/10\\\/PARADOX-K37LCD-beviele-ikonine-LCD-klaviatura.png\",\"contentUrl\":\"https:\\\/\\\/eheating.lt\\\/wp-content\\\/uploads\\\/2023\\\/10\\\/PARADOX-K37LCD-beviele-ikonine-LCD-klaviatura.png\",\"width\":800,\"height\":800,\"caption\":\"PARADOX K37LCD beviel\u0117 ikonin\u0117 LCD klaviat\u016bra\"},{\"@type\":\"BreadcrumbList\",\"@id\":\"https:\\\/\\\/eheating.lt\\\/en\\\/produktas\\\/paradox-k37lcd-wireless-iconic-lcd-keyboard\\\/#breadcrumb\",\"itemListElement\":[{\"@type\":\"ListItem\",\"position\":1,\"name\":\"Prad\u017eia\",\"item\":\"https:\\\/\\\/eheating.lt\\\/en\\\/\"},{\"@type\":\"ListItem\",\"position\":2,\"name\":\"Shop\",\"item\":\"https:\\\/\\\/eheating.lt\\\/en\\\/?page_id=5734\"},{\"@type\":\"ListItem\",\"position\":3,\"name\":\"PARADOX K37LCD wireless iconic LCD keyboard\"}]},{\"@type\":\"WebSite\",\"@id\":\"https:\\\/\\\/eheating.lt\\\/#website\",\"url\":\"https:\\\/\\\/eheating.lt\\\/\",\"name\":\"eHeating\",\"description\":\"Elektronika ir \u0161ildymas\",\"potentialAction\":[{\"@type\":\"SearchAction\",\"target\":{\"@type\":\"EntryPoint\",\"urlTemplate\":\"https:\\\/\\\/eheating.lt\\\/?s={search_term_string}\"},\"query-input\":{\"@type\":\"PropertyValueSpecification\",\"valueRequired\":true,\"valueName\":\"search_term_string\"}}],\"inLanguage\":\"en-US\"}]}<\/script>\n<meta property=\"product:price:amount\" content=\"142.53\" \/>\n<meta property=\"product:price:currency\" content=\"EUR\" \/>\n<meta property=\"og:availability\" content=\"out of stock\" \/>\n<meta property=\"product:availability\" content=\"out of stock\" \/>\n<meta property=\"product:retailer_item_id\" content=\"8da27bf20f05\" \/>\n<meta property=\"product:condition\" content=\"new\" \/>\n<!-- \/ Yoast SEO Premium plugin. -->","yoast_head_json":{"title":"PARADOX K37LCD wireless iconic LCD keyboard","description":"Paradox K37LCD wireless iconic LCD keypad ; 32-zone wireless LCD keypad ; SP, MG5000, MG5050 control panels ; 8 command buttons","robots":{"index":"index","follow":"follow","max-snippet":"max-snippet:-1","max-image-preview":"max-image-preview:large","max-video-preview":"max-video-preview:-1"},"canonical":"https:\/\/eheating.lt\/en\/produktas\/paradox-k37lcd-wireless-iconic-lcd-keyboard\/","og_locale":"en_US","og_type":"article","og_title":"PARADOX K37LCD wireless iconic LCD keyboard","og_description":"Paradox K37LCD wireless iconic LCD keypad ; 32-zone wireless LCD keypad ; SP, MG5000, MG5050 control panels ; 8 command buttons","og_url":"https:\/\/eheating.lt\/en\/produktas\/paradox-k37lcd-wireless-iconic-lcd-keyboard\/","og_site_name":"Elektronika Namams","article_publisher":"https:\/\/www.facebook.com\/ElektronikaNamams","og_image":[{"width":800,"height":800,"url":"https:\/\/eheating.lt\/wp-content\/uploads\/2023\/10\/PARADOX-K37LCD-beviele-ikonine-LCD-klaviatura.png","type":"image\/png"}],"twitter_card":"summary_large_image","twitter_misc":{"Price":"142,53&nbsp;&euro;","Availability":"Out of stock"},"schema":{"@context":"https:\/\/schema.org","@graph":[{"@type":"WebPage","@id":"https:\/\/eheating.lt\/en\/produktas\/paradox-k37lcd-wireless-iconic-lcd-keyboard\/","url":"https:\/\/eheating.lt\/en\/produktas\/paradox-k37lcd-wireless-iconic-lcd-keyboard\/","name":"PARADOX K37LCD wireless iconic LCD keyboard","isPartOf":{"@id":"https:\/\/eheating.lt\/#website"},"primaryImageOfPage":{"@id":"https:\/\/eheating.lt\/en\/produktas\/paradox-k37lcd-wireless-iconic-lcd-keyboard\/#primaryimage"},"image":{"@id":"https:\/\/eheating.lt\/en\/produktas\/paradox-k37lcd-wireless-iconic-lcd-keyboard\/#primaryimage"},"thumbnailUrl":"https:\/\/eheating.lt\/wp-content\/uploads\/2023\/10\/PARADOX-K37LCD-beviele-ikonine-LCD-klaviatura.png","datePublished":"2023-12-31T16:51:50+00:00","description":"Paradox K37LCD wireless iconic LCD keypad ; 32-zone wireless LCD keypad ; SP, MG5000, MG5050 control panels ; 8 command buttons","breadcrumb":{"@id":"https:\/\/eheating.lt\/en\/produktas\/paradox-k37lcd-wireless-iconic-lcd-keyboard\/#breadcrumb"},"inLanguage":"en-US","potentialAction":[{"@type":"ReadAction","target":["https:\/\/eheating.lt\/en\/produktas\/paradox-k37lcd-wireless-iconic-lcd-keyboard\/"]}]},{"@type":"ImageObject","inLanguage":"en-US","@id":"https:\/\/eheating.lt\/en\/produktas\/paradox-k37lcd-wireless-iconic-lcd-keyboard\/#primaryimage","url":"https:\/\/eheating.lt\/wp-content\/uploads\/2023\/10\/PARADOX-K37LCD-beviele-ikonine-LCD-klaviatura.png","contentUrl":"https:\/\/eheating.lt\/wp-content\/uploads\/2023\/10\/PARADOX-K37LCD-beviele-ikonine-LCD-klaviatura.png","width":800,"height":800,"caption":"PARADOX K37LCD beviel\u0117 ikonin\u0117 LCD klaviat\u016bra"},{"@type":"BreadcrumbList","@id":"https:\/\/eheating.lt\/en\/produktas\/paradox-k37lcd-wireless-iconic-lcd-keyboard\/#breadcrumb","itemListElement":[{"@type":"ListItem","position":1,"name":"Prad\u017eia","item":"https:\/\/eheating.lt\/en\/"},{"@type":"ListItem","position":2,"name":"Shop","item":"https:\/\/eheating.lt\/en\/?page_id=5734"},{"@type":"ListItem","position":3,"name":"PARADOX K37LCD wireless iconic LCD keyboard"}]},{"@type":"WebSite","@id":"https:\/\/eheating.lt\/#website","url":"https:\/\/eheating.lt\/","name":"eHeating","description":"Elektronika ir \u0161ildymas","potentialAction":[{"@type":"SearchAction","target":{"@type":"EntryPoint","urlTemplate":"https:\/\/eheating.lt\/?s={search_term_string}"},"query-input":{"@type":"PropertyValueSpecification","valueRequired":true,"valueName":"search_term_string"}}],"inLanguage":"en-US"}]},"product_price_amount":"142.53","product_price_currency":"EUR","og_availability":"out of stock","product_availability":"out of stock","product_retailer_item_id":"8da27bf20f05","product_condition":"new"},"_links":{"self":[{"href":"https:\/\/eheating.lt\/en\/wp-json\/wp\/v2\/product\/31428","targetHints":{"allow":["GET"]}}],"collection":[{"href":"https:\/\/eheating.lt\/en\/wp-json\/wp\/v2\/product"}],"about":[{"href":"https:\/\/eheating.lt\/en\/wp-json\/wp\/v2\/types\/product"}],"replies":[{"embeddable":true,"href":"https:\/\/eheating.lt\/en\/wp-json\/wp\/v2\/comments?post=31428"}],"version-history":[{"count":0,"href":"https:\/\/eheating.lt\/en\/wp-json\/wp\/v2\/product\/31428\/revisions"}],"wp:featuredmedia":[{"embeddable":true,"href":"https:\/\/eheating.lt\/en\/wp-json\/wp\/v2\/media\/31284"}],"wp:attachment":[{"href":"https:\/\/eheating.lt\/en\/wp-json\/wp\/v2\/media?parent=31428"}],"wp:term":[{"taxonomy":"product_brand","embeddable":true,"href":"https:\/\/eheating.lt\/en\/wp-json\/wp\/v2\/product_brand?post=31428"},{"taxonomy":"product_cat","embeddable":true,"href":"https:\/\/eheating.lt\/en\/wp-json\/wp\/v2\/product_cat?post=31428"},{"taxonomy":"product_tag","embeddable":true,"href":"https:\/\/eheating.lt\/en\/wp-json\/wp\/v2\/product_tag?post=31428"}],"curies":[{"name":"wp","href":"https:\/\/api.w.org\/{rel}","templated":true}]}}