{"id":30493,"date":"2023-12-28T15:21:09","date_gmt":"2023-12-28T13:21:09","guid":{"rendered":"https:\/\/eheating.lt\/?post_type=product&#038;p=30493"},"modified":"2024-10-18T17:53:10","modified_gmt":"2024-10-18T14:53:10","slug":"kontroleris-su-skaitytuvu-hikvision-ds-k1t805mbfwx","status":"publish","type":"product","link":"https:\/\/eheating.lt\/en\/produktas\/kontroleris-su-skaitytuvu-hikvision-ds-k1t805mbfwx\/","title":{"rendered":"Kontroleris su skaitytuvu Hikvision DS-K1T805MBFWX"},"content":{"rendered":"<ul class=\"tech-specs-items-description\" data-target=\"System\">\n<li class=\"tech-specs-items-description-list\"><span class=\"tech-specs-items-description__title--heading\">Sistema<\/span><\/li>\n<li class=\"tech-specs-items-description-list\"><span class=\"tech-specs-items-description__title\">Operacin\u0117 sistema<\/span><span class=\"tech-specs-items-description__title-details\">Linux<\/span><\/li>\n<\/ul>\n<ul class=\"tech-specs-items-description\" data-target=\"Audio\">\n<li class=\"tech-specs-items-description-list\"><span class=\"tech-specs-items-description__title--heading\">Garsas<\/span><\/li>\n<li class=\"tech-specs-items-description-list\"><span class=\"tech-specs-items-description__title\">Garso i\u0161vestis<\/span><span class=\"tech-specs-items-description__title-details\">1 built-in buzzer<\/span><\/li>\n<\/ul>\n<ul class=\"tech-specs-items-description\" data-target=\"Network\">\n<li class=\"tech-specs-items-description-list\"><span class=\"tech-specs-items-description__title--heading\">Internetas<\/span><\/li>\n<li class=\"tech-specs-items-description-list\"><span class=\"tech-specs-items-description__title\">Bluetooth<\/span><span class=\"tech-specs-items-description__title-details\">Support<\/span><\/li>\n<li class=\"tech-specs-items-description-list\"><span class=\"tech-specs-items-description__title\">Laidinis internetas<\/span><span class=\"tech-specs-items-description__title-details\">10\/100 Mbps self-adaptive<\/span><\/li>\n<li class=\"tech-specs-items-description-list\"><span class=\"tech-specs-items-description__title\">Wi-Fi<\/span><span class=\"tech-specs-items-description__title-details\">2.4 GHz, IEEE802.11b, 802.11g, 802.11n, 802.11d, 802.11e, 802.11h, 802.11i<\/span><\/li>\n<\/ul>\n<ul class=\"tech-specs-items-description\" data-target=\"Interface\">\n<li class=\"tech-specs-items-description-list\"><span class=\"tech-specs-items-description__title--heading\">S\u0105saja<\/span><\/li>\n<li class=\"tech-specs-items-description-list\"><span class=\"tech-specs-items-description__title\">RS-485<\/span><span class=\"tech-specs-items-description__title-details\">1, supports OSDP<\/span><\/li>\n<li class=\"tech-specs-items-description-list\"><span class=\"tech-specs-items-description__title\">Interneto s\u0105saja<\/span><span class=\"tech-specs-items-description__title-details\">1<\/span><\/li>\n<li class=\"tech-specs-items-description-list\"><span class=\"tech-specs-items-description__title\">Wiegand<\/span><span class=\"tech-specs-items-description__title-details\">Wiegand 26\/34<\/span><\/li>\n<li class=\"tech-specs-items-description-list\"><span class=\"tech-specs-items-description__title\">U\u017erakto valdymas<\/span><span class=\"tech-specs-items-description__title-details\">1<\/span><\/li>\n<li class=\"tech-specs-items-description-list\"><span class=\"tech-specs-items-description__title\">I\u0161\u0117jimo mygtukas<\/span><span class=\"tech-specs-items-description__title-details\">1<\/span><\/li>\n<li class=\"tech-specs-items-description-list\"><span class=\"tech-specs-items-description__title\">Dur\u0173 kontakt\u0173 \u012fvestis<\/span><span class=\"tech-specs-items-description__title-details\">1<\/span><\/li>\n<li class=\"tech-specs-items-description-list\"><span class=\"tech-specs-items-description__title\">Signalizacijos \u012fvestis<\/span><span class=\"tech-specs-items-description__title-details\">2<\/span><\/li>\n<li class=\"tech-specs-items-description-list\"><span class=\"tech-specs-items-description__title\">Signalizacijos i\u0161vestis<\/span><span class=\"tech-specs-items-description__title-details\">1<\/span><\/li>\n<li class=\"tech-specs-items-description-list\"><span class=\"tech-specs-items-description__title\">TAMPER<\/span><span class=\"tech-specs-items-description__title-details\">1<\/span><\/li>\n<\/ul>\n<ul class=\"tech-specs-items-description\" data-target=\"Capacity\">\n<li class=\"tech-specs-items-description-list\"><span class=\"tech-specs-items-description__title--heading\">Talpa<\/span><\/li>\n<li class=\"tech-specs-items-description-list\"><span class=\"tech-specs-items-description__title\">Korteli\u0173 talpa<\/span><span class=\"tech-specs-items-description__title-details\">10,000<\/span><\/li>\n<li class=\"tech-specs-items-description-list\"><span class=\"tech-specs-items-description__title\">Pir\u0161t\u0173 atspaud\u0173 talpa<\/span><span class=\"tech-specs-items-description__title-details\">3000<\/span><\/li>\n<li class=\"tech-specs-items-description-list\"><span class=\"tech-specs-items-description__title\">\u012evyki\u0173 talpa<\/span><span class=\"tech-specs-items-description__title-details\">100,000<\/span><\/li>\n<\/ul>\n<ul class=\"tech-specs-items-description\" data-target=\"Authentication\">\n<li class=\"tech-specs-items-description-list\"><span class=\"tech-specs-items-description__title--heading\">Autentifikavimas<\/span><\/li>\n<li class=\"tech-specs-items-description-list\"><span class=\"tech-specs-items-description__title\">Kortel\u0117s tipas<\/span><span class=\"tech-specs-items-description__title-details\">M1 card<\/span><\/li>\n<li class=\"tech-specs-items-description-list\"><span class=\"tech-specs-items-description__title\">Kortel\u0117s skaitymo atstumas<\/span><span class=\"tech-specs-items-description__title-details\">0 to 4 cm<\/span><\/li>\n<li class=\"tech-specs-items-description-list\"><span class=\"tech-specs-items-description__title\">Kortel\u0117s skaitymo trukm\u0117<\/span><span class=\"tech-specs-items-description__title-details\">\uff1c 1 s<\/span><\/li>\n<li class=\"tech-specs-items-description-list\"><span class=\"tech-specs-items-description__title\">Pir\u0161t\u0173 atspaud\u0173 modulis<\/span><span class=\"tech-specs-items-description__title-details\">Optical fingerprint module<\/span><\/li>\n<li class=\"tech-specs-items-description-list\"><span class=\"tech-specs-items-description__title\">Pir\u0161t\u0173 atspaud\u0173 palyginimo re\u017eimas<\/span><span class=\"tech-specs-items-description__title-details\">1:1 and 1:N<\/span><\/li>\n<li class=\"tech-specs-items-description-list\"><span class=\"tech-specs-items-description__title\">Pir\u0161t\u0173 atspaud\u0173 atpa\u017einimo trukm\u0117<\/span><span class=\"tech-specs-items-description__title-details\">\uff1c 1 s<\/span><\/li>\n<\/ul>\n<ul class=\"tech-specs-items-description\" data-target=\"General\">\n<li class=\"tech-specs-items-description-list\"><span class=\"tech-specs-items-description__title--heading\">Pagrindinis<\/span><\/li>\n<li class=\"tech-specs-items-description-list\"><span class=\"tech-specs-items-description__title\">Maitinimas<\/span><span class=\"tech-specs-items-description__title-details\">12 VDC\/1 A<\/span><\/li>\n<li class=\"tech-specs-items-description-list\"><span class=\"tech-specs-items-description__title\">Darbin\u0117 s\u0105lygos temperat\u016bra<\/span><span class=\"tech-specs-items-description__title-details\">-30 \u00b0C to 60 \u00b0C (-22 \u00b0F to 140 \u00b0F)<\/span><\/li>\n<li class=\"tech-specs-items-description-list\"><span class=\"tech-specs-items-description__title\">Darbin\u0117s s\u0105lygos dr\u0117gm\u0117<\/span><span class=\"tech-specs-items-description__title-details\">0% to 90% (no condensing)<\/span><\/li>\n<li class=\"tech-specs-items-description-list\"><span class=\"tech-specs-items-description__title\">Dydis<\/span><span class=\"tech-specs-items-description__title-details\">57.7 mm \u00d7 177 mm \u00d7 34.6 mm (2.3&#8243; \u00d7 7.0&#8243; \u00d7 1.4&#8243;)<\/span><\/li>\n<li class=\"tech-specs-items-description-list\"><span class=\"tech-specs-items-description__title\">Energijos sunaudojimas<\/span><span class=\"tech-specs-items-description__title-details\">\u2264 12 W<\/span><\/li>\n<li class=\"tech-specs-items-description-list\"><span class=\"tech-specs-items-description__title\">Kalba<\/span><span class=\"tech-specs-items-description__title-details\">English, Vietnamese, Brazilian Portuguese, Spanish, French, Italian, Arabic, Thai, Turkish, Indonesian, Ukrainian, and Russian<\/span><\/li>\n<\/ul>\n<ul class=\"tech-specs-items-description\" data-target=\"Function\">\n<li class=\"tech-specs-items-description-list\"><span class=\"tech-specs-items-description__title--heading\">Funkcijos<\/span><\/li>\n<li class=\"tech-specs-items-description-list\"><span class=\"tech-specs-items-description__title\">Hik-Connect<\/span><span class=\"tech-specs-items-description__title-details\">Support<\/span><\/li>\n<li class=\"tech-specs-items-description-list\"><span class=\"tech-specs-items-description__title\">Konfig\u016bravimas WEB aplinkoje<\/span><span class=\"tech-specs-items-description__title-details\">Support PC web configuration and mobile web operation<\/span><\/li>\n<\/ul>\n","protected":false},"excerpt":{"rendered":"<ul>\n<li>Auk\u0161tas apsaugos lygis: IP65 ir IK08<\/li>\n<li>Plonas ir lankstus dizainas<\/li>\n<li>3000 pir\u0161t\u0173 antspaud\u0173, 10 000 korteli\u0173 ir 100 000 \u012fvyki\u0173 saugykla<\/li>\n<li>M1 korteli\u0173 skaitytuvas<\/li>\n<li>Palaiko valdym\u0105 mobili\u0105ja program\u0117le (Hik-Connect)<\/li>\n<li>Palaiko kelis autentifikavimo tipus: kortel\u0117, PIN, antspsaudas, bluetooth<\/li>\n<\/ul>\n","protected":false},"featured_media":30740,"comment_status":"closed","ping_status":"closed","template":"","meta":[],"product_brand":[],"product_cat":[348,328],"product_tag":[974],"class_list":{"0":"post-30493","1":"product","2":"type-product","3":"status-publish","4":"has-post-thumbnail","6":"product_cat-hikvision-ieigos-kontrole","7":"product_cat-ieigos-kontroles-sistemos","8":"product_tag-ean","10":"first","11":"instock","12":"purchasable","13":"product-type-simple"},"yoast_head":"<!-- This site is optimized with the Yoast SEO Premium plugin v21.5 (Yoast SEO v27.3) - https:\/\/yoast.com\/product\/yoast-seo-premium-wordpress\/ -->\n<title>Kontroleris su skaitytuvu Hikvision DS-K1T805MBFWX<\/title>\n<meta name=\"description\" content=\"Hikvision DS-K1T805MBFWX kontroleris su skaitytuvu ; 3000 pir\u0161t\u0173 antspaud\u0173, 10 000 korteli\u0173 ir 100 000 \u012fvyki\u0173 saugykla ; Palaiko valdym\u0105 mob.program\u0117le\" \/>\n<meta name=\"robots\" content=\"index, follow, max-snippet:-1, max-image-preview:large, max-video-preview:-1\" \/>\n<link rel=\"canonical\" href=\"https:\/\/eheating.lt\/en\/produktas\/kontroleris-su-skaitytuvu-hikvision-ds-k1t805mbfwx\/\" \/>\n<meta property=\"og:locale\" content=\"en_US\" \/>\n<meta property=\"og:type\" content=\"article\" \/>\n<meta property=\"og:title\" content=\"Kontroleris su skaitytuvu Hikvision DS-K1T805MBFWX\" \/>\n<meta property=\"og:description\" content=\"Hikvision DS-K1T805MBFWX kontroleris su skaitytuvu ; 3000 pir\u0161t\u0173 antspaud\u0173, 10 000 korteli\u0173 ir 100 000 \u012fvyki\u0173 saugykla ; Palaiko valdym\u0105 mob.program\u0117le\" \/>\n<meta property=\"og:url\" content=\"https:\/\/eheating.lt\/en\/produktas\/kontroleris-su-skaitytuvu-hikvision-ds-k1t805mbfwx\/\" \/>\n<meta property=\"og:site_name\" content=\"Elektronika Namams\" \/>\n<meta property=\"article:publisher\" content=\"https:\/\/www.facebook.com\/ElektronikaNamams\" \/>\n<meta property=\"article:modified_time\" content=\"2024-10-18T14:53:10+00:00\" \/>\n<meta property=\"og:image\" content=\"https:\/\/eheating.lt\/wp-content\/uploads\/2023\/12\/Kontroleris-su-skaitytuvu-Hikvision-DS-K1T805MBFWX.png\" \/>\n\t<meta property=\"og:image:width\" content=\"800\" \/>\n\t<meta property=\"og:image:height\" content=\"800\" \/>\n\t<meta property=\"og:image:type\" content=\"image\/png\" \/>\n<meta name=\"twitter:card\" content=\"summary_large_image\" \/>\n<meta name=\"twitter:label1\" content=\"Price\" \/>\n\t<meta name=\"twitter:data1\" content=\"196,01&nbsp;&euro;\" \/>\n\t<meta name=\"twitter:label2\" content=\"Availability\" \/>\n\t<meta name=\"twitter:data2\" content=\"In stock\" \/>\n<script type=\"application\/ld+json\" class=\"yoast-schema-graph\">{\"@context\":\"https:\\\/\\\/schema.org\",\"@graph\":[{\"@type\":\"WebPage\",\"@id\":\"https:\\\/\\\/eheating.lt\\\/en\\\/produktas\\\/kontroleris-su-skaitytuvu-hikvision-ds-k1t805mbfwx\\\/\",\"url\":\"https:\\\/\\\/eheating.lt\\\/en\\\/produktas\\\/kontroleris-su-skaitytuvu-hikvision-ds-k1t805mbfwx\\\/\",\"name\":\"Kontroleris su skaitytuvu Hikvision DS-K1T805MBFWX\",\"isPartOf\":{\"@id\":\"https:\\\/\\\/eheating.lt\\\/#website\"},\"primaryImageOfPage\":{\"@id\":\"https:\\\/\\\/eheating.lt\\\/en\\\/produktas\\\/kontroleris-su-skaitytuvu-hikvision-ds-k1t805mbfwx\\\/#primaryimage\"},\"image\":{\"@id\":\"https:\\\/\\\/eheating.lt\\\/en\\\/produktas\\\/kontroleris-su-skaitytuvu-hikvision-ds-k1t805mbfwx\\\/#primaryimage\"},\"thumbnailUrl\":\"https:\\\/\\\/eheating.lt\\\/wp-content\\\/uploads\\\/2023\\\/12\\\/Kontroleris-su-skaitytuvu-Hikvision-DS-K1T805MBFWX.png\",\"datePublished\":\"2023-12-28T13:21:09+00:00\",\"dateModified\":\"2024-10-18T14:53:10+00:00\",\"description\":\"Hikvision DS-K1T805MBFWX kontroleris su skaitytuvu ; 3000 pir\u0161t\u0173 antspaud\u0173, 10 000 korteli\u0173 ir 100 000 \u012fvyki\u0173 saugykla ; Palaiko valdym\u0105 mob.program\u0117le\",\"breadcrumb\":{\"@id\":\"https:\\\/\\\/eheating.lt\\\/en\\\/produktas\\\/kontroleris-su-skaitytuvu-hikvision-ds-k1t805mbfwx\\\/#breadcrumb\"},\"inLanguage\":\"en-US\",\"potentialAction\":[{\"@type\":\"ReadAction\",\"target\":[\"https:\\\/\\\/eheating.lt\\\/en\\\/produktas\\\/kontroleris-su-skaitytuvu-hikvision-ds-k1t805mbfwx\\\/\"]}]},{\"@type\":\"ImageObject\",\"inLanguage\":\"en-US\",\"@id\":\"https:\\\/\\\/eheating.lt\\\/en\\\/produktas\\\/kontroleris-su-skaitytuvu-hikvision-ds-k1t805mbfwx\\\/#primaryimage\",\"url\":\"https:\\\/\\\/eheating.lt\\\/wp-content\\\/uploads\\\/2023\\\/12\\\/Kontroleris-su-skaitytuvu-Hikvision-DS-K1T805MBFWX.png\",\"contentUrl\":\"https:\\\/\\\/eheating.lt\\\/wp-content\\\/uploads\\\/2023\\\/12\\\/Kontroleris-su-skaitytuvu-Hikvision-DS-K1T805MBFWX.png\",\"width\":800,\"height\":800,\"caption\":\"Hikvision DS-K1T805MBFWX\"},{\"@type\":\"BreadcrumbList\",\"@id\":\"https:\\\/\\\/eheating.lt\\\/en\\\/produktas\\\/kontroleris-su-skaitytuvu-hikvision-ds-k1t805mbfwx\\\/#breadcrumb\",\"itemListElement\":[{\"@type\":\"ListItem\",\"position\":1,\"name\":\"Prad\u017eia\",\"item\":\"https:\\\/\\\/eheating.lt\\\/en\\\/\"},{\"@type\":\"ListItem\",\"position\":2,\"name\":\"Shop\",\"item\":\"https:\\\/\\\/eheating.lt\\\/en\\\/?page_id=5734\"},{\"@type\":\"ListItem\",\"position\":3,\"name\":\"Kontroleris su skaitytuvu Hikvision DS-K1T805MBFWX\"}]},{\"@type\":\"WebSite\",\"@id\":\"https:\\\/\\\/eheating.lt\\\/#website\",\"url\":\"https:\\\/\\\/eheating.lt\\\/\",\"name\":\"eHeating\",\"description\":\"Elektronika ir \u0161ildymas\",\"potentialAction\":[{\"@type\":\"SearchAction\",\"target\":{\"@type\":\"EntryPoint\",\"urlTemplate\":\"https:\\\/\\\/eheating.lt\\\/?s={search_term_string}\"},\"query-input\":{\"@type\":\"PropertyValueSpecification\",\"valueRequired\":true,\"valueName\":\"search_term_string\"}}],\"inLanguage\":\"en-US\"}]}<\/script>\n<meta property=\"product:price:amount\" content=\"196.01\" \/>\n<meta property=\"product:price:currency\" content=\"EUR\" \/>\n<meta property=\"og:availability\" content=\"instock\" \/>\n<meta property=\"product:availability\" content=\"instock\" \/>\n<meta property=\"product:retailer_item_id\" content=\"ed243dda53ef\" \/>\n<meta property=\"product:condition\" content=\"new\" \/>\n<!-- \/ Yoast SEO Premium plugin. -->","yoast_head_json":{"title":"Kontroleris su skaitytuvu Hikvision DS-K1T805MBFWX","description":"Hikvision DS-K1T805MBFWX kontroleris su skaitytuvu ; 3000 pir\u0161t\u0173 antspaud\u0173, 10 000 korteli\u0173 ir 100 000 \u012fvyki\u0173 saugykla ; Palaiko valdym\u0105 mob.program\u0117le","robots":{"index":"index","follow":"follow","max-snippet":"max-snippet:-1","max-image-preview":"max-image-preview:large","max-video-preview":"max-video-preview:-1"},"canonical":"https:\/\/eheating.lt\/en\/produktas\/kontroleris-su-skaitytuvu-hikvision-ds-k1t805mbfwx\/","og_locale":"en_US","og_type":"article","og_title":"Kontroleris su skaitytuvu Hikvision DS-K1T805MBFWX","og_description":"Hikvision DS-K1T805MBFWX kontroleris su skaitytuvu ; 3000 pir\u0161t\u0173 antspaud\u0173, 10 000 korteli\u0173 ir 100 000 \u012fvyki\u0173 saugykla ; Palaiko valdym\u0105 mob.program\u0117le","og_url":"https:\/\/eheating.lt\/en\/produktas\/kontroleris-su-skaitytuvu-hikvision-ds-k1t805mbfwx\/","og_site_name":"Elektronika Namams","article_publisher":"https:\/\/www.facebook.com\/ElektronikaNamams","article_modified_time":"2024-10-18T14:53:10+00:00","og_image":[{"width":800,"height":800,"url":"https:\/\/eheating.lt\/wp-content\/uploads\/2023\/12\/Kontroleris-su-skaitytuvu-Hikvision-DS-K1T805MBFWX.png","type":"image\/png"}],"twitter_card":"summary_large_image","twitter_misc":{"Price":"196,01&nbsp;&euro;","Availability":"In stock"},"schema":{"@context":"https:\/\/schema.org","@graph":[{"@type":"WebPage","@id":"https:\/\/eheating.lt\/en\/produktas\/kontroleris-su-skaitytuvu-hikvision-ds-k1t805mbfwx\/","url":"https:\/\/eheating.lt\/en\/produktas\/kontroleris-su-skaitytuvu-hikvision-ds-k1t805mbfwx\/","name":"Kontroleris su skaitytuvu Hikvision DS-K1T805MBFWX","isPartOf":{"@id":"https:\/\/eheating.lt\/#website"},"primaryImageOfPage":{"@id":"https:\/\/eheating.lt\/en\/produktas\/kontroleris-su-skaitytuvu-hikvision-ds-k1t805mbfwx\/#primaryimage"},"image":{"@id":"https:\/\/eheating.lt\/en\/produktas\/kontroleris-su-skaitytuvu-hikvision-ds-k1t805mbfwx\/#primaryimage"},"thumbnailUrl":"https:\/\/eheating.lt\/wp-content\/uploads\/2023\/12\/Kontroleris-su-skaitytuvu-Hikvision-DS-K1T805MBFWX.png","datePublished":"2023-12-28T13:21:09+00:00","dateModified":"2024-10-18T14:53:10+00:00","description":"Hikvision DS-K1T805MBFWX kontroleris su skaitytuvu ; 3000 pir\u0161t\u0173 antspaud\u0173, 10 000 korteli\u0173 ir 100 000 \u012fvyki\u0173 saugykla ; Palaiko valdym\u0105 mob.program\u0117le","breadcrumb":{"@id":"https:\/\/eheating.lt\/en\/produktas\/kontroleris-su-skaitytuvu-hikvision-ds-k1t805mbfwx\/#breadcrumb"},"inLanguage":"en-US","potentialAction":[{"@type":"ReadAction","target":["https:\/\/eheating.lt\/en\/produktas\/kontroleris-su-skaitytuvu-hikvision-ds-k1t805mbfwx\/"]}]},{"@type":"ImageObject","inLanguage":"en-US","@id":"https:\/\/eheating.lt\/en\/produktas\/kontroleris-su-skaitytuvu-hikvision-ds-k1t805mbfwx\/#primaryimage","url":"https:\/\/eheating.lt\/wp-content\/uploads\/2023\/12\/Kontroleris-su-skaitytuvu-Hikvision-DS-K1T805MBFWX.png","contentUrl":"https:\/\/eheating.lt\/wp-content\/uploads\/2023\/12\/Kontroleris-su-skaitytuvu-Hikvision-DS-K1T805MBFWX.png","width":800,"height":800,"caption":"Hikvision DS-K1T805MBFWX"},{"@type":"BreadcrumbList","@id":"https:\/\/eheating.lt\/en\/produktas\/kontroleris-su-skaitytuvu-hikvision-ds-k1t805mbfwx\/#breadcrumb","itemListElement":[{"@type":"ListItem","position":1,"name":"Prad\u017eia","item":"https:\/\/eheating.lt\/en\/"},{"@type":"ListItem","position":2,"name":"Shop","item":"https:\/\/eheating.lt\/en\/?page_id=5734"},{"@type":"ListItem","position":3,"name":"Kontroleris su skaitytuvu Hikvision DS-K1T805MBFWX"}]},{"@type":"WebSite","@id":"https:\/\/eheating.lt\/#website","url":"https:\/\/eheating.lt\/","name":"eHeating","description":"Elektronika ir \u0161ildymas","potentialAction":[{"@type":"SearchAction","target":{"@type":"EntryPoint","urlTemplate":"https:\/\/eheating.lt\/?s={search_term_string}"},"query-input":{"@type":"PropertyValueSpecification","valueRequired":true,"valueName":"search_term_string"}}],"inLanguage":"en-US"}]},"product_price_amount":"196.01","product_price_currency":"EUR","og_availability":"instock","product_availability":"instock","product_retailer_item_id":"ed243dda53ef","product_condition":"new"},"_links":{"self":[{"href":"https:\/\/eheating.lt\/en\/wp-json\/wp\/v2\/product\/30493","targetHints":{"allow":["GET"]}}],"collection":[{"href":"https:\/\/eheating.lt\/en\/wp-json\/wp\/v2\/product"}],"about":[{"href":"https:\/\/eheating.lt\/en\/wp-json\/wp\/v2\/types\/product"}],"replies":[{"embeddable":true,"href":"https:\/\/eheating.lt\/en\/wp-json\/wp\/v2\/comments?post=30493"}],"version-history":[{"count":0,"href":"https:\/\/eheating.lt\/en\/wp-json\/wp\/v2\/product\/30493\/revisions"}],"wp:featuredmedia":[{"embeddable":true,"href":"https:\/\/eheating.lt\/en\/wp-json\/wp\/v2\/media\/30740"}],"wp:attachment":[{"href":"https:\/\/eheating.lt\/en\/wp-json\/wp\/v2\/media?parent=30493"}],"wp:term":[{"taxonomy":"product_brand","embeddable":true,"href":"https:\/\/eheating.lt\/en\/wp-json\/wp\/v2\/product_brand?post=30493"},{"taxonomy":"product_cat","embeddable":true,"href":"https:\/\/eheating.lt\/en\/wp-json\/wp\/v2\/product_cat?post=30493"},{"taxonomy":"product_tag","embeddable":true,"href":"https:\/\/eheating.lt\/en\/wp-json\/wp\/v2\/product_tag?post=30493"}],"curies":[{"name":"wp","href":"https:\/\/api.w.org\/{rel}","templated":true}]}}