{"id":30369,"date":"2023-12-30T21:01:17","date_gmt":"2023-12-30T19:01:17","guid":{"rendered":"https:\/\/eheating.lt\/?post_type=product&#038;p=30369"},"modified":"2024-10-18T17:52:30","modified_gmt":"2024-10-18T14:52:30","slug":"hikvision-sp-22-monitorius-ds-d5022fn00","status":"publish","type":"product","link":"https:\/\/eheating.lt\/en\/produktas\/hikvision-sp-22-monitorius-ds-d5022fn00\/","title":{"rendered":"Hikvision SP 22&#8243; monitorius DS-D5022FN00"},"content":{"rendered":"<ul class=\"tech-specs-items-description\" data-target=\"Display\">\n<li class=\"tech-specs-items-description-list\"><span class=\"tech-specs-items-description__title--heading\">Ekranas<\/span><\/li>\n<li class=\"tech-specs-items-description-list\"><span class=\"tech-specs-items-description__title\">Ekrano dydis<\/span><span class=\"tech-specs-items-description__title-details\">21.5 inch<\/span><\/li>\n<li class=\"tech-specs-items-description-list\"><span class=\"tech-specs-items-description__title\">Aktyvi rodymo sritis<\/span><span class=\"tech-specs-items-description__title-details\">478.656 mm \u00d7 260.280 mm<\/span><\/li>\n<li class=\"tech-specs-items-description-list\"><span class=\"tech-specs-items-description__title\">Rezoliucija<\/span><span class=\"tech-specs-items-description__title-details\">1920 \u00d7 1080@60 Hz<\/span><\/li>\n<li class=\"tech-specs-items-description-list\"><span class=\"tech-specs-items-description__title\">Foninis ap\u0161vietimas<\/span><span class=\"tech-specs-items-description__title-details\">E-LED<\/span><\/li>\n<li class=\"tech-specs-items-description-list\"><span class=\"tech-specs-items-description__title\">Ta\u0161kinis \u017eingsnis<\/span><span class=\"tech-specs-items-description__title-details\">0.0831 mm (H) \u00d7 0.241 mm (V)<\/span><\/li>\n<li class=\"tech-specs-items-description-list\"><span class=\"tech-specs-items-description__title\">Ry\u0161kumas<\/span><span class=\"tech-specs-items-description__title-details\">250 cd\/m\u00b2<\/span><\/li>\n<li class=\"tech-specs-items-description-list\"><span class=\"tech-specs-items-description__title\">\u017di\u016br\u0117jimo kampas<\/span><span class=\"tech-specs-items-description__title-details\">178\u00b0 (H) \/ 178\u00b0 (V)<\/span><\/li>\n<li class=\"tech-specs-items-description-list\"><span class=\"tech-specs-items-description__title\">Spalvos gylis<\/span><span class=\"tech-specs-items-description__title-details\">8 bit<\/span><\/li>\n<li class=\"tech-specs-items-description-list\"><span class=\"tech-specs-items-description__title\">Kontrasto santykis<\/span><span class=\"tech-specs-items-description__title-details\">3000 : 1<\/span><\/li>\n<li class=\"tech-specs-items-description-list\"><span class=\"tech-specs-items-description__title\">Reakcijos laikas<\/span><span class=\"tech-specs-items-description__title-details\">6.5 ms<\/span><\/li>\n<li class=\"tech-specs-items-description-list\"><span class=\"tech-specs-items-description__title\">Atsinaujinimo da\u017enis<\/span><span class=\"tech-specs-items-description__title-details\">Max. 75Hz , Typ. 60 Hz<\/span><\/li>\n<li class=\"tech-specs-items-description-list\"><span class=\"tech-specs-items-description__title\">Migla<\/span><span class=\"tech-specs-items-description__title-details\">Haze 25%, 3H<\/span><\/li>\n<li class=\"tech-specs-items-description-list\"><span class=\"tech-specs-items-description__title\">Patikimumas<\/span><span class=\"tech-specs-items-description__title-details\">7 \u00d7 16 H<\/span><\/li>\n<li class=\"tech-specs-items-description-list\"><span class=\"tech-specs-items-description__title\">Spalv\u0173 gama<\/span><span class=\"tech-specs-items-description__title-details\">72% NTSC<\/span><\/li>\n<\/ul>\n<ul class=\"tech-specs-items-description\" data-target=\"Interface\">\n<li class=\"tech-specs-items-description-list\"><span class=\"tech-specs-items-description__title--heading\">S\u0105saja<\/span><\/li>\n<li class=\"tech-specs-items-description-list\"><span class=\"tech-specs-items-description__title\">Vaizdo ir garso \u012fvestis<\/span><span class=\"tech-specs-items-description__title-details\">HDMI 1.4 \u00d7 1, VGA \u00d7 1<\/span><\/li>\n<li class=\"tech-specs-items-description-list\"><span class=\"tech-specs-items-description__title\">Vaizdo ir garso i\u0161vestis<\/span><span class=\"tech-specs-items-description__title-details\">None<\/span><\/li>\n<li class=\"tech-specs-items-description-list\"><span class=\"tech-specs-items-description__title\">Duomen\u0173 perdavimo s\u0105saja<\/span><span class=\"tech-specs-items-description__title-details\">None<\/span><\/li>\n<\/ul>\n<ul class=\"tech-specs-items-description\" data-target=\"Power\">\n<li class=\"tech-specs-items-description-list\"><span class=\"tech-specs-items-description__title--heading\">Sistemos parametrai<\/span><\/li>\n<li class=\"tech-specs-items-description-list\"><span class=\"tech-specs-items-description__title\">Maitinimas<\/span><span class=\"tech-specs-items-description__title-details\">DC 12V, 2.0A<\/span><\/li>\n<li class=\"tech-specs-items-description-list\"><span class=\"tech-specs-items-description__title\">Energijos sunaudojimas<\/span><span class=\"tech-specs-items-description__title-details\">\u2264 24 W<\/span><\/li>\n<li class=\"tech-specs-items-description-list\"><span class=\"tech-specs-items-description__title\">Energijos sunaudojimas bud\u0117jimo re\u017eime<\/span><span class=\"tech-specs-items-description__title-details\">\u2264 0.5 W<\/span><\/li>\n<\/ul>\n<ul class=\"tech-specs-items-description\" data-target=\"Working Environment\">\n<li class=\"tech-specs-items-description-list\"><span class=\"tech-specs-items-description__title--heading\">Darbo aplinka<\/span><\/li>\n<li class=\"tech-specs-items-description-list\"><span class=\"tech-specs-items-description__title\">Darbin\u0117 temperat\u016bra<\/span><span class=\"tech-specs-items-description__title-details\">0\u2103 to 40 \u2103 (32 \u2109 to 104 \u2109)<\/span><\/li>\n<li class=\"tech-specs-items-description-list\"><span class=\"tech-specs-items-description__title\">Atsparumas dr\u0117gmei<\/span><span class=\"tech-specs-items-description__title-details\">10% to 90% RH (Non-Condensing)<\/span><\/li>\n<li class=\"tech-specs-items-description-list\"><span class=\"tech-specs-items-description__title\">Sand\u0117liavimo s\u0105lygos temperat\u016bra<\/span><span class=\"tech-specs-items-description__title-details\">-20 \u2103 to 60 \u2103 (-4 \u2109 to 140 \u2109)<\/span><\/li>\n<li class=\"tech-specs-items-description-list\"><span class=\"tech-specs-items-description__title\">Sand\u0117liavimo s\u0105lygos dr\u0117gm\u0117<\/span><span class=\"tech-specs-items-description__title-details\">0% to 90% RH<\/span><\/li>\n<\/ul>\n<ul class=\"tech-specs-items-description\" data-target=\"General\">\n<li class=\"tech-specs-items-description-list\"><span class=\"tech-specs-items-description__title--heading\">Pagrindinis<\/span><\/li>\n<li class=\"tech-specs-items-description-list\"><span class=\"tech-specs-items-description__title\">Korpuso med\u017eiagas<\/span><span class=\"tech-specs-items-description__title-details\">Plastic<\/span><\/li>\n<li class=\"tech-specs-items-description-list\"><span class=\"tech-specs-items-description__title\">VESA<\/span><span class=\"tech-specs-items-description__title-details\">75 mm \u00d7 75 mm (4 &#8211; M4 \u00d7 6 mm)<\/span><\/li>\n<li class=\"tech-specs-items-description-list\"><span class=\"tech-specs-items-description__title\">R\u0117mo plotis<\/span><span class=\"tech-specs-items-description__title-details\">6.85 mm (top\/left\/right), 21.55 mm (bottom)<\/span><\/li>\n<li class=\"tech-specs-items-description-list\"><span class=\"tech-specs-items-description__title\">Produkto dydis<\/span><span class=\"tech-specs-items-description__title-details\">492.4mm\uff08W\uff09\u00d7 390.1mm\uff08H\uff09\u00d7 200.2mm\uff08D\uff09mm<\/span><\/li>\n<li class=\"tech-specs-items-description-list\"><span class=\"tech-specs-items-description__title\">Pakuot\u0117s dydis<\/span><span class=\"tech-specs-items-description__title-details\">599mm\uff08W\uff09x 393mm\uff08H\uff09x 109 mm\uff08D\uff09<\/span><\/li>\n<li class=\"tech-specs-items-description-list\"><span class=\"tech-specs-items-description__title\">Svoris be \u012fpakavimo<\/span><span class=\"tech-specs-items-description__title-details\">2.08 \u00b1 0.5 kg<\/span><\/li>\n<li class=\"tech-specs-items-description-list\"><span class=\"tech-specs-items-description__title\">Svoris su \u012fpakavimo<\/span><span class=\"tech-specs-items-description__title-details\">3.4 \u00b1 0.5 kg<\/span><\/li>\n<li class=\"tech-specs-items-description-list\"><span class=\"tech-specs-items-description__title\">Pakuot\u0117je<\/span><span class=\"tech-specs-items-description__title-details\">Monitor \u00d7 1, Base component \u00d7 1, Power adapter (12 V, 2.0 A) \u00d7 1, HDMI cable (1.5 m) \u00d7 1, User manual \u00d7 1, Multilingual manual \u00d7 1<\/span><\/li>\n<li class=\"tech-specs-items-description-list\"><span class=\"tech-specs-items-description__title\">Pastabos<\/span><span class=\"tech-specs-items-description__title-details\">If the appearance and parameters in this specification vary from the actual product, the later prevails. You can also consult local sale staff.<\/span><\/li>\n<\/ul>\n","protected":false},"excerpt":{"rendered":"<ul>\n<li>Full HD 1920\u00d71080<\/li>\n<li>Platus matymo kampas: 178\u00b0<\/li>\n<li>8 bit LVDS HD (1920 \u00d7 1080) ekranas<\/li>\n<li>1 kanalo HDMI 1.4 \u012fvesties s\u0105saja<\/li>\n<li>Trys vaizdo re\u017eimai, skirti pritaikyti skirting\u0105 aplink\u0105<\/li>\n<li>Palaiko plataus spektro technologij\u0105, kad suma\u017eintum\u0117te EMI spinduliuot\u0119<\/li>\n<li>VESA stovo laikiklis<\/li>\n<\/ul>\n","protected":false},"featured_media":31191,"comment_status":"closed","ping_status":"closed","template":"","meta":[],"product_brand":[],"product_cat":[533,537,305,584,341,318],"product_tag":[],"class_list":{"0":"post-30369","1":"product","2":"type-product","3":"status-publish","4":"has-post-thumbnail","6":"product_cat-ip-vaizdo-stebejimo-sistemos","7":"product_cat-turbo-hd-kita-iranga","8":"product_cat-ip-kita-iranga","9":"product_cat-monitoriai-turbo-hd","10":"product_cat-monitoriai","11":"product_cat-turbo-hd-apsauga","13":"first","14":"onbackorder","15":"purchasable","16":"product-type-simple"},"yoast_head":"<!-- This site is optimized with the Yoast SEO Premium plugin v21.5 (Yoast SEO v27.3) - https:\/\/yoast.com\/product\/yoast-seo-premium-wordpress\/ -->\n<title>Hikvision SP 22&quot; monitorius DS-D5022FN00<\/title>\n<meta name=\"description\" content=\"Hikvision DS-D5022FN00 SP 22&quot; monitorius ; Full HD 1920\u00d71080 ; Platus matymo kampas: 178\u00b0 ; 1 kanalo HDMI 1.4 \u012fvesties s\u0105saja\" \/>\n<meta name=\"robots\" content=\"index, follow, max-snippet:-1, max-image-preview:large, max-video-preview:-1\" \/>\n<link rel=\"canonical\" href=\"https:\/\/eheating.lt\/produktas\/hikvision-sp-22-monitorius-ds-d5022fn00\/\" \/>\n<meta property=\"og:locale\" content=\"en_US\" \/>\n<meta property=\"og:type\" content=\"article\" \/>\n<meta property=\"og:title\" content=\"Hikvision SP 22&quot; monitorius DS-D5022FN00\" \/>\n<meta property=\"og:description\" content=\"Hikvision DS-D5022FN00 SP 22&quot; monitorius ; Full HD 1920\u00d71080 ; Platus matymo kampas: 178\u00b0 ; 1 kanalo HDMI 1.4 \u012fvesties s\u0105saja\" \/>\n<meta property=\"og:url\" content=\"https:\/\/eheating.lt\/produktas\/hikvision-sp-22-monitorius-ds-d5022fn00\/\" \/>\n<meta property=\"og:site_name\" content=\"Elektronika Namams\" \/>\n<meta property=\"article:publisher\" content=\"https:\/\/www.facebook.com\/ElektronikaNamams\" \/>\n<meta property=\"article:modified_time\" content=\"2024-10-18T14:52:30+00:00\" \/>\n<meta property=\"og:image\" content=\"https:\/\/eheating.lt\/wp-content\/uploads\/2023\/12\/Hikvision-DS-D5022FN00-SP-22-monitorius.png\" \/>\n\t<meta property=\"og:image:width\" content=\"800\" \/>\n\t<meta property=\"og:image:height\" content=\"800\" \/>\n\t<meta property=\"og:image:type\" content=\"image\/png\" \/>\n<meta name=\"twitter:card\" content=\"summary_large_image\" \/>\n<meta name=\"twitter:label1\" content=\"Price\" \/>\n\t<meta name=\"twitter:data1\" content=\"149,47&nbsp;&euro;\" \/>\n\t<meta name=\"twitter:label2\" content=\"Availability\" \/>\n\t<meta name=\"twitter:data2\" content=\"On backorder\" \/>\n<script type=\"application\/ld+json\" class=\"yoast-schema-graph\">{\"@context\":\"https:\\\/\\\/schema.org\",\"@graph\":[{\"@type\":\"WebPage\",\"@id\":\"https:\\\/\\\/eheating.lt\\\/produktas\\\/hikvision-sp-22-monitorius-ds-d5022fn00\\\/\",\"url\":\"https:\\\/\\\/eheating.lt\\\/produktas\\\/hikvision-sp-22-monitorius-ds-d5022fn00\\\/\",\"name\":\"Hikvision SP 22\\\" monitorius DS-D5022FN00\",\"isPartOf\":{\"@id\":\"https:\\\/\\\/eheating.lt\\\/#website\"},\"primaryImageOfPage\":{\"@id\":\"https:\\\/\\\/eheating.lt\\\/produktas\\\/hikvision-sp-22-monitorius-ds-d5022fn00\\\/#primaryimage\"},\"image\":{\"@id\":\"https:\\\/\\\/eheating.lt\\\/produktas\\\/hikvision-sp-22-monitorius-ds-d5022fn00\\\/#primaryimage\"},\"thumbnailUrl\":\"https:\\\/\\\/eheating.lt\\\/wp-content\\\/uploads\\\/2023\\\/12\\\/Hikvision-DS-D5022FN00-SP-22-monitorius.png\",\"datePublished\":\"2023-12-30T19:01:17+00:00\",\"dateModified\":\"2024-10-18T14:52:30+00:00\",\"description\":\"Hikvision DS-D5022FN00 SP 22\\\" monitorius ; Full HD 1920\u00d71080 ; Platus matymo kampas: 178\u00b0 ; 1 kanalo HDMI 1.4 \u012fvesties s\u0105saja\",\"breadcrumb\":{\"@id\":\"https:\\\/\\\/eheating.lt\\\/produktas\\\/hikvision-sp-22-monitorius-ds-d5022fn00\\\/#breadcrumb\"},\"inLanguage\":\"en-US\",\"potentialAction\":[{\"@type\":\"ReadAction\",\"target\":[\"https:\\\/\\\/eheating.lt\\\/produktas\\\/hikvision-sp-22-monitorius-ds-d5022fn00\\\/\"]}]},{\"@type\":\"ImageObject\",\"inLanguage\":\"en-US\",\"@id\":\"https:\\\/\\\/eheating.lt\\\/produktas\\\/hikvision-sp-22-monitorius-ds-d5022fn00\\\/#primaryimage\",\"url\":\"https:\\\/\\\/eheating.lt\\\/wp-content\\\/uploads\\\/2023\\\/12\\\/Hikvision-DS-D5022FN00-SP-22-monitorius.png\",\"contentUrl\":\"https:\\\/\\\/eheating.lt\\\/wp-content\\\/uploads\\\/2023\\\/12\\\/Hikvision-DS-D5022FN00-SP-22-monitorius.png\",\"width\":800,\"height\":800,\"caption\":\"Hikvision DS-D5022FN00 SP 22\\\" monitorius\"},{\"@type\":\"BreadcrumbList\",\"@id\":\"https:\\\/\\\/eheating.lt\\\/produktas\\\/hikvision-sp-22-monitorius-ds-d5022fn00\\\/#breadcrumb\",\"itemListElement\":[{\"@type\":\"ListItem\",\"position\":1,\"name\":\"Prad\u017eia\",\"item\":\"https:\\\/\\\/eheating.lt\\\/en\\\/\"},{\"@type\":\"ListItem\",\"position\":2,\"name\":\"Shop\",\"item\":\"https:\\\/\\\/eheating.lt\\\/en\\\/?page_id=5734\"},{\"@type\":\"ListItem\",\"position\":3,\"name\":\"Hikvision SP 22&#8243; monitorius DS-D5022FN00\"}]},{\"@type\":\"WebSite\",\"@id\":\"https:\\\/\\\/eheating.lt\\\/#website\",\"url\":\"https:\\\/\\\/eheating.lt\\\/\",\"name\":\"eHeating\",\"description\":\"Elektronika ir \u0161ildymas\",\"potentialAction\":[{\"@type\":\"SearchAction\",\"target\":{\"@type\":\"EntryPoint\",\"urlTemplate\":\"https:\\\/\\\/eheating.lt\\\/?s={search_term_string}\"},\"query-input\":{\"@type\":\"PropertyValueSpecification\",\"valueRequired\":true,\"valueName\":\"search_term_string\"}}],\"inLanguage\":\"en-US\"}]}<\/script>\n<meta property=\"product:price:amount\" content=\"149.47\" \/>\n<meta property=\"product:price:currency\" content=\"EUR\" \/>\n<meta property=\"og:availability\" content=\"backorder\" \/>\n<meta property=\"product:availability\" content=\"available for order\" \/>\n<meta property=\"product:retailer_item_id\" content=\"492c6931d355\" \/>\n<meta property=\"product:condition\" content=\"new\" \/>\n<!-- \/ Yoast SEO Premium plugin. -->","yoast_head_json":{"title":"Hikvision SP 22\" monitorius DS-D5022FN00","description":"Hikvision DS-D5022FN00 SP 22\" monitorius ; Full HD 1920\u00d71080 ; Platus matymo kampas: 178\u00b0 ; 1 kanalo HDMI 1.4 \u012fvesties s\u0105saja","robots":{"index":"index","follow":"follow","max-snippet":"max-snippet:-1","max-image-preview":"max-image-preview:large","max-video-preview":"max-video-preview:-1"},"canonical":"https:\/\/eheating.lt\/produktas\/hikvision-sp-22-monitorius-ds-d5022fn00\/","og_locale":"en_US","og_type":"article","og_title":"Hikvision SP 22\" monitorius DS-D5022FN00","og_description":"Hikvision DS-D5022FN00 SP 22\" monitorius ; Full HD 1920\u00d71080 ; Platus matymo kampas: 178\u00b0 ; 1 kanalo HDMI 1.4 \u012fvesties s\u0105saja","og_url":"https:\/\/eheating.lt\/produktas\/hikvision-sp-22-monitorius-ds-d5022fn00\/","og_site_name":"Elektronika Namams","article_publisher":"https:\/\/www.facebook.com\/ElektronikaNamams","article_modified_time":"2024-10-18T14:52:30+00:00","og_image":[{"width":800,"height":800,"url":"https:\/\/eheating.lt\/wp-content\/uploads\/2023\/12\/Hikvision-DS-D5022FN00-SP-22-monitorius.png","type":"image\/png"}],"twitter_card":"summary_large_image","twitter_misc":{"Price":"149,47&nbsp;&euro;","Availability":"On backorder"},"schema":{"@context":"https:\/\/schema.org","@graph":[{"@type":"WebPage","@id":"https:\/\/eheating.lt\/produktas\/hikvision-sp-22-monitorius-ds-d5022fn00\/","url":"https:\/\/eheating.lt\/produktas\/hikvision-sp-22-monitorius-ds-d5022fn00\/","name":"Hikvision SP 22\" monitorius DS-D5022FN00","isPartOf":{"@id":"https:\/\/eheating.lt\/#website"},"primaryImageOfPage":{"@id":"https:\/\/eheating.lt\/produktas\/hikvision-sp-22-monitorius-ds-d5022fn00\/#primaryimage"},"image":{"@id":"https:\/\/eheating.lt\/produktas\/hikvision-sp-22-monitorius-ds-d5022fn00\/#primaryimage"},"thumbnailUrl":"https:\/\/eheating.lt\/wp-content\/uploads\/2023\/12\/Hikvision-DS-D5022FN00-SP-22-monitorius.png","datePublished":"2023-12-30T19:01:17+00:00","dateModified":"2024-10-18T14:52:30+00:00","description":"Hikvision DS-D5022FN00 SP 22\" monitorius ; Full HD 1920\u00d71080 ; Platus matymo kampas: 178\u00b0 ; 1 kanalo HDMI 1.4 \u012fvesties s\u0105saja","breadcrumb":{"@id":"https:\/\/eheating.lt\/produktas\/hikvision-sp-22-monitorius-ds-d5022fn00\/#breadcrumb"},"inLanguage":"en-US","potentialAction":[{"@type":"ReadAction","target":["https:\/\/eheating.lt\/produktas\/hikvision-sp-22-monitorius-ds-d5022fn00\/"]}]},{"@type":"ImageObject","inLanguage":"en-US","@id":"https:\/\/eheating.lt\/produktas\/hikvision-sp-22-monitorius-ds-d5022fn00\/#primaryimage","url":"https:\/\/eheating.lt\/wp-content\/uploads\/2023\/12\/Hikvision-DS-D5022FN00-SP-22-monitorius.png","contentUrl":"https:\/\/eheating.lt\/wp-content\/uploads\/2023\/12\/Hikvision-DS-D5022FN00-SP-22-monitorius.png","width":800,"height":800,"caption":"Hikvision DS-D5022FN00 SP 22\" monitorius"},{"@type":"BreadcrumbList","@id":"https:\/\/eheating.lt\/produktas\/hikvision-sp-22-monitorius-ds-d5022fn00\/#breadcrumb","itemListElement":[{"@type":"ListItem","position":1,"name":"Prad\u017eia","item":"https:\/\/eheating.lt\/en\/"},{"@type":"ListItem","position":2,"name":"Shop","item":"https:\/\/eheating.lt\/en\/?page_id=5734"},{"@type":"ListItem","position":3,"name":"Hikvision SP 22&#8243; monitorius DS-D5022FN00"}]},{"@type":"WebSite","@id":"https:\/\/eheating.lt\/#website","url":"https:\/\/eheating.lt\/","name":"eHeating","description":"Elektronika ir \u0161ildymas","potentialAction":[{"@type":"SearchAction","target":{"@type":"EntryPoint","urlTemplate":"https:\/\/eheating.lt\/?s={search_term_string}"},"query-input":{"@type":"PropertyValueSpecification","valueRequired":true,"valueName":"search_term_string"}}],"inLanguage":"en-US"}]},"product_price_amount":"149.47","product_price_currency":"EUR","og_availability":"backorder","product_availability":"available for order","product_retailer_item_id":"492c6931d355","product_condition":"new"},"_links":{"self":[{"href":"https:\/\/eheating.lt\/en\/wp-json\/wp\/v2\/product\/30369","targetHints":{"allow":["GET"]}}],"collection":[{"href":"https:\/\/eheating.lt\/en\/wp-json\/wp\/v2\/product"}],"about":[{"href":"https:\/\/eheating.lt\/en\/wp-json\/wp\/v2\/types\/product"}],"replies":[{"embeddable":true,"href":"https:\/\/eheating.lt\/en\/wp-json\/wp\/v2\/comments?post=30369"}],"version-history":[{"count":0,"href":"https:\/\/eheating.lt\/en\/wp-json\/wp\/v2\/product\/30369\/revisions"}],"wp:featuredmedia":[{"embeddable":true,"href":"https:\/\/eheating.lt\/en\/wp-json\/wp\/v2\/media\/31191"}],"wp:attachment":[{"href":"https:\/\/eheating.lt\/en\/wp-json\/wp\/v2\/media?parent=30369"}],"wp:term":[{"taxonomy":"product_brand","embeddable":true,"href":"https:\/\/eheating.lt\/en\/wp-json\/wp\/v2\/product_brand?post=30369"},{"taxonomy":"product_cat","embeddable":true,"href":"https:\/\/eheating.lt\/en\/wp-json\/wp\/v2\/product_cat?post=30369"},{"taxonomy":"product_tag","embeddable":true,"href":"https:\/\/eheating.lt\/en\/wp-json\/wp\/v2\/product_tag?post=30369"}],"curies":[{"name":"wp","href":"https:\/\/api.w.org\/{rel}","templated":true}]}}