{"id":29937,"date":"2023-12-28T11:26:05","date_gmt":"2023-12-28T09:26:05","guid":{"rendered":"https:\/\/eheating.lt\/?post_type=product&#038;p=29937"},"modified":"2024-10-18T17:49:55","modified_gmt":"2024-10-18T14:49:55","slug":"hikvision-belaidis-pultelis-ds-pkf1-we-ax-pro-black","status":"publish","type":"product","link":"https:\/\/eheating.lt\/en\/produktas\/hikvision-belaidis-pultelis-ds-pkf1-we-ax-pro-black\/","title":{"rendered":"Hikvision belaidis pultelis DS-PKF1-WE AX PRO"},"content":{"rendered":"<div class=\"video-container\" style=\"margin-top: 50px;\"><\/div>\n<div class=\"tech-specs-items-description-wrap\">\n<ul class=\"tech-specs-items-description\" data-target=\"RF transmission\">\n<li class=\"tech-specs-items-description-list\"><span class=\"tech-specs-items-description__title--heading\">RF perdavimas<\/span><\/li>\n<li class=\"tech-specs-items-description-list\"><span class=\"tech-specs-items-description__title\">RF da\u017enis<\/span><span class=\"tech-specs-items-description__title-details\">868 MHz<\/span><\/li>\n<li class=\"tech-specs-items-description-list\"><span class=\"tech-specs-items-description__title\">RF moduliacija<\/span><span class=\"tech-specs-items-description__title-details\">2GFSK<\/span><\/li>\n<li class=\"tech-specs-items-description-list\"><span class=\"tech-specs-items-description__title\">RF nuotolis<\/span><span class=\"tech-specs-items-description__title-details\">900 m (open area)<\/span><\/li>\n<\/ul>\n<ul class=\"tech-specs-items-description\" data-target=\"General\">\n<li class=\"tech-specs-items-description-list\"><span class=\"tech-specs-items-description__title--heading\">Pagrindinis<\/span><\/li>\n<li class=\"tech-specs-items-description-list\"><span class=\"tech-specs-items-description__title\">Veikimo temperat\u016bra<\/span><span class=\"tech-specs-items-description__title-details\">-10 \u00b0C to +55 \u00b0C (-4 \u00b0F to +122 \u00b0F)<\/span><\/li>\n<li class=\"tech-specs-items-description-list\"><span class=\"tech-specs-items-description__title\">Atsparumas dr\u0117gmei<\/span><span class=\"tech-specs-items-description__title-details\">10% to 90% (No condensing)<\/span><\/li>\n<li class=\"tech-specs-items-description-list\"><span class=\"tech-specs-items-description__title\">Med\u017eiaga<\/span><span class=\"tech-specs-items-description__title-details\">Panel (plastic)+ gasket(rubber)<\/span><\/li>\n<li class=\"tech-specs-items-description-list\"><span class=\"tech-specs-items-description__title\">Svoris<\/span><span class=\"tech-specs-items-description__title-details\">16 g (5.64 oz)<\/span><\/li>\n<li class=\"tech-specs-items-description-list\"><span class=\"tech-specs-items-description__title\">Spalva<\/span><span class=\"tech-specs-items-description__title-details\">White<\/span><\/li>\n<\/ul>\n<\/div>\n","protected":false},"excerpt":{"rendered":"<ul>\n<li>Spalva: juoda<\/li>\n<li>Veikimo atstumas: 900m (atviroje erdv\u0117je)<\/li>\n<li>Radio da\u017eni\u0173 suderinanumas ir atsparumas elektromagnetiniam triuk\u0161mui<\/li>\n<li>Baterijos tipas: 1 * CR2032 baterija (baterija prid\u0117ta komplekte, lengvai kei\u010diama)<\/li>\n<li>Baterijos veikimo laikas: iki 3 met\u0173<\/li>\n<\/ul>\n","protected":false},"featured_media":30964,"comment_status":"closed","ping_status":"closed","template":"","meta":[],"product_brand":[],"product_cat":[761,781,762,776],"product_tag":[975],"class_list":{"0":"post-29937","1":"product","2":"type-product","3":"status-publish","4":"has-post-thumbnail","6":"product_cat-security-systems","7":"product_cat-ax-pro-accessories","8":"product_cat-wireless-security-systems","9":"product_cat-hikvision-ax-pro-wireless-security-systems","10":"product_tag-ean-en","12":"first","13":"instock","14":"purchasable","15":"product-type-simple"},"yoast_head":"<!-- This site is optimized with the Yoast SEO Premium plugin v21.5 (Yoast SEO v27.3) - https:\/\/yoast.com\/product\/yoast-seo-premium-wordpress\/ -->\n<title>Hikvision belaidis pultelis DS-PKF1-WE AX PRO BLACK<\/title>\n<meta name=\"description\" content=\"Hikvision DS-PKF1-WE AX PRO BLACK belaidis pultelis ; Veikimo atstumas: 900m (atviroje erdv\u0117je) ; Baterijos veikimo laikas: iki 3 met\u0173\" \/>\n<meta name=\"robots\" content=\"index, follow, max-snippet:-1, max-image-preview:large, max-video-preview:-1\" \/>\n<link rel=\"canonical\" href=\"https:\/\/eheating.lt\/en\/produktas\/hikvision-belaidis-pultelis-ds-pkf1-we-ax-pro-black\/\" \/>\n<meta property=\"og:locale\" content=\"en_US\" \/>\n<meta property=\"og:type\" content=\"article\" \/>\n<meta property=\"og:title\" content=\"Hikvision belaidis pultelis DS-PKF1-WE AX PRO BLACK\" \/>\n<meta property=\"og:description\" content=\"Hikvision DS-PKF1-WE AX PRO BLACK belaidis pultelis ; Veikimo atstumas: 900m (atviroje erdv\u0117je) ; Baterijos veikimo laikas: iki 3 met\u0173\" \/>\n<meta property=\"og:url\" content=\"https:\/\/eheating.lt\/en\/produktas\/hikvision-belaidis-pultelis-ds-pkf1-we-ax-pro-black\/\" \/>\n<meta property=\"og:site_name\" content=\"Elektronika Namams\" \/>\n<meta property=\"article:publisher\" content=\"https:\/\/www.facebook.com\/ElektronikaNamams\" \/>\n<meta property=\"article:modified_time\" content=\"2024-10-18T14:49:55+00:00\" \/>\n<meta property=\"og:image\" content=\"https:\/\/eheating.lt\/wp-content\/uploads\/2023\/12\/Hikvision-belaidis-pultelis-DS-PKF1-WE-AX-PRO-BLACK-1.png\" \/>\n\t<meta property=\"og:image:width\" content=\"800\" \/>\n\t<meta property=\"og:image:height\" content=\"800\" \/>\n\t<meta property=\"og:image:type\" content=\"image\/png\" \/>\n<meta name=\"twitter:card\" content=\"summary_large_image\" \/>\n<meta name=\"twitter:label1\" content=\"Price\" \/>\n\t<meta name=\"twitter:data1\" content=\"29,73&nbsp;&euro;\" \/>\n\t<meta name=\"twitter:label2\" content=\"Availability\" \/>\n\t<meta name=\"twitter:data2\" content=\"In stock\" \/>\n<script type=\"application\/ld+json\" class=\"yoast-schema-graph\">{\"@context\":\"https:\\\/\\\/schema.org\",\"@graph\":[{\"@type\":\"WebPage\",\"@id\":\"https:\\\/\\\/eheating.lt\\\/en\\\/produktas\\\/hikvision-belaidis-pultelis-ds-pkf1-we-ax-pro-black\\\/\",\"url\":\"https:\\\/\\\/eheating.lt\\\/en\\\/produktas\\\/hikvision-belaidis-pultelis-ds-pkf1-we-ax-pro-black\\\/\",\"name\":\"Hikvision belaidis pultelis DS-PKF1-WE AX PRO BLACK\",\"isPartOf\":{\"@id\":\"https:\\\/\\\/eheating.lt\\\/#website\"},\"primaryImageOfPage\":{\"@id\":\"https:\\\/\\\/eheating.lt\\\/en\\\/produktas\\\/hikvision-belaidis-pultelis-ds-pkf1-we-ax-pro-black\\\/#primaryimage\"},\"image\":{\"@id\":\"https:\\\/\\\/eheating.lt\\\/en\\\/produktas\\\/hikvision-belaidis-pultelis-ds-pkf1-we-ax-pro-black\\\/#primaryimage\"},\"thumbnailUrl\":\"https:\\\/\\\/eheating.lt\\\/wp-content\\\/uploads\\\/2023\\\/12\\\/Hikvision-belaidis-pultelis-DS-PKF1-WE-AX-PRO-BLACK-1.png\",\"datePublished\":\"2023-12-28T09:26:05+00:00\",\"dateModified\":\"2024-10-18T14:49:55+00:00\",\"description\":\"Hikvision DS-PKF1-WE AX PRO BLACK belaidis pultelis ; Veikimo atstumas: 900m (atviroje erdv\u0117je) ; Baterijos veikimo laikas: iki 3 met\u0173\",\"breadcrumb\":{\"@id\":\"https:\\\/\\\/eheating.lt\\\/en\\\/produktas\\\/hikvision-belaidis-pultelis-ds-pkf1-we-ax-pro-black\\\/#breadcrumb\"},\"inLanguage\":\"en-US\",\"potentialAction\":[{\"@type\":\"ReadAction\",\"target\":[\"https:\\\/\\\/eheating.lt\\\/en\\\/produktas\\\/hikvision-belaidis-pultelis-ds-pkf1-we-ax-pro-black\\\/\"]}]},{\"@type\":\"ImageObject\",\"inLanguage\":\"en-US\",\"@id\":\"https:\\\/\\\/eheating.lt\\\/en\\\/produktas\\\/hikvision-belaidis-pultelis-ds-pkf1-we-ax-pro-black\\\/#primaryimage\",\"url\":\"https:\\\/\\\/eheating.lt\\\/wp-content\\\/uploads\\\/2023\\\/12\\\/Hikvision-belaidis-pultelis-DS-PKF1-WE-AX-PRO-BLACK-1.png\",\"contentUrl\":\"https:\\\/\\\/eheating.lt\\\/wp-content\\\/uploads\\\/2023\\\/12\\\/Hikvision-belaidis-pultelis-DS-PKF1-WE-AX-PRO-BLACK-1.png\",\"width\":800,\"height\":800},{\"@type\":\"BreadcrumbList\",\"@id\":\"https:\\\/\\\/eheating.lt\\\/en\\\/produktas\\\/hikvision-belaidis-pultelis-ds-pkf1-we-ax-pro-black\\\/#breadcrumb\",\"itemListElement\":[{\"@type\":\"ListItem\",\"position\":1,\"name\":\"Prad\u017eia\",\"item\":\"https:\\\/\\\/eheating.lt\\\/en\\\/\"},{\"@type\":\"ListItem\",\"position\":2,\"name\":\"Shop\",\"item\":\"https:\\\/\\\/eheating.lt\\\/en\\\/?page_id=5734\"},{\"@type\":\"ListItem\",\"position\":3,\"name\":\"Hikvision belaidis pultelis DS-PKF1-WE AX PRO BLACK\"}]},{\"@type\":\"WebSite\",\"@id\":\"https:\\\/\\\/eheating.lt\\\/#website\",\"url\":\"https:\\\/\\\/eheating.lt\\\/\",\"name\":\"eHeating\",\"description\":\"Elektronika ir \u0161ildymas\",\"potentialAction\":[{\"@type\":\"SearchAction\",\"target\":{\"@type\":\"EntryPoint\",\"urlTemplate\":\"https:\\\/\\\/eheating.lt\\\/?s={search_term_string}\"},\"query-input\":{\"@type\":\"PropertyValueSpecification\",\"valueRequired\":true,\"valueName\":\"search_term_string\"}}],\"inLanguage\":\"en-US\"}]}<\/script>\n<meta property=\"product:price:amount\" content=\"29.73\" \/>\n<meta property=\"product:price:currency\" content=\"EUR\" \/>\n<meta property=\"og:availability\" content=\"instock\" \/>\n<meta property=\"product:availability\" content=\"instock\" \/>\n<meta property=\"product:retailer_item_id\" content=\"cfdac5698334\" \/>\n<meta property=\"product:condition\" content=\"new\" \/>\n<!-- \/ Yoast SEO Premium plugin. -->","yoast_head_json":{"title":"Hikvision belaidis pultelis DS-PKF1-WE AX PRO BLACK","description":"Hikvision DS-PKF1-WE AX PRO BLACK belaidis pultelis ; Veikimo atstumas: 900m (atviroje erdv\u0117je) ; Baterijos veikimo laikas: iki 3 met\u0173","robots":{"index":"index","follow":"follow","max-snippet":"max-snippet:-1","max-image-preview":"max-image-preview:large","max-video-preview":"max-video-preview:-1"},"canonical":"https:\/\/eheating.lt\/en\/produktas\/hikvision-belaidis-pultelis-ds-pkf1-we-ax-pro-black\/","og_locale":"en_US","og_type":"article","og_title":"Hikvision belaidis pultelis DS-PKF1-WE AX PRO BLACK","og_description":"Hikvision DS-PKF1-WE AX PRO BLACK belaidis pultelis ; Veikimo atstumas: 900m (atviroje erdv\u0117je) ; Baterijos veikimo laikas: iki 3 met\u0173","og_url":"https:\/\/eheating.lt\/en\/produktas\/hikvision-belaidis-pultelis-ds-pkf1-we-ax-pro-black\/","og_site_name":"Elektronika Namams","article_publisher":"https:\/\/www.facebook.com\/ElektronikaNamams","article_modified_time":"2024-10-18T14:49:55+00:00","og_image":[{"width":800,"height":800,"url":"https:\/\/eheating.lt\/wp-content\/uploads\/2023\/12\/Hikvision-belaidis-pultelis-DS-PKF1-WE-AX-PRO-BLACK-1.png","type":"image\/png"}],"twitter_card":"summary_large_image","twitter_misc":{"Price":"29,73&nbsp;&euro;","Availability":"In stock"},"schema":{"@context":"https:\/\/schema.org","@graph":[{"@type":"WebPage","@id":"https:\/\/eheating.lt\/en\/produktas\/hikvision-belaidis-pultelis-ds-pkf1-we-ax-pro-black\/","url":"https:\/\/eheating.lt\/en\/produktas\/hikvision-belaidis-pultelis-ds-pkf1-we-ax-pro-black\/","name":"Hikvision belaidis pultelis DS-PKF1-WE AX PRO BLACK","isPartOf":{"@id":"https:\/\/eheating.lt\/#website"},"primaryImageOfPage":{"@id":"https:\/\/eheating.lt\/en\/produktas\/hikvision-belaidis-pultelis-ds-pkf1-we-ax-pro-black\/#primaryimage"},"image":{"@id":"https:\/\/eheating.lt\/en\/produktas\/hikvision-belaidis-pultelis-ds-pkf1-we-ax-pro-black\/#primaryimage"},"thumbnailUrl":"https:\/\/eheating.lt\/wp-content\/uploads\/2023\/12\/Hikvision-belaidis-pultelis-DS-PKF1-WE-AX-PRO-BLACK-1.png","datePublished":"2023-12-28T09:26:05+00:00","dateModified":"2024-10-18T14:49:55+00:00","description":"Hikvision DS-PKF1-WE AX PRO BLACK belaidis pultelis ; Veikimo atstumas: 900m (atviroje erdv\u0117je) ; Baterijos veikimo laikas: iki 3 met\u0173","breadcrumb":{"@id":"https:\/\/eheating.lt\/en\/produktas\/hikvision-belaidis-pultelis-ds-pkf1-we-ax-pro-black\/#breadcrumb"},"inLanguage":"en-US","potentialAction":[{"@type":"ReadAction","target":["https:\/\/eheating.lt\/en\/produktas\/hikvision-belaidis-pultelis-ds-pkf1-we-ax-pro-black\/"]}]},{"@type":"ImageObject","inLanguage":"en-US","@id":"https:\/\/eheating.lt\/en\/produktas\/hikvision-belaidis-pultelis-ds-pkf1-we-ax-pro-black\/#primaryimage","url":"https:\/\/eheating.lt\/wp-content\/uploads\/2023\/12\/Hikvision-belaidis-pultelis-DS-PKF1-WE-AX-PRO-BLACK-1.png","contentUrl":"https:\/\/eheating.lt\/wp-content\/uploads\/2023\/12\/Hikvision-belaidis-pultelis-DS-PKF1-WE-AX-PRO-BLACK-1.png","width":800,"height":800},{"@type":"BreadcrumbList","@id":"https:\/\/eheating.lt\/en\/produktas\/hikvision-belaidis-pultelis-ds-pkf1-we-ax-pro-black\/#breadcrumb","itemListElement":[{"@type":"ListItem","position":1,"name":"Prad\u017eia","item":"https:\/\/eheating.lt\/en\/"},{"@type":"ListItem","position":2,"name":"Shop","item":"https:\/\/eheating.lt\/en\/?page_id=5734"},{"@type":"ListItem","position":3,"name":"Hikvision belaidis pultelis DS-PKF1-WE AX PRO BLACK"}]},{"@type":"WebSite","@id":"https:\/\/eheating.lt\/#website","url":"https:\/\/eheating.lt\/","name":"eHeating","description":"Elektronika ir \u0161ildymas","potentialAction":[{"@type":"SearchAction","target":{"@type":"EntryPoint","urlTemplate":"https:\/\/eheating.lt\/?s={search_term_string}"},"query-input":{"@type":"PropertyValueSpecification","valueRequired":true,"valueName":"search_term_string"}}],"inLanguage":"en-US"}]},"product_price_amount":"29.73","product_price_currency":"EUR","og_availability":"instock","product_availability":"instock","product_retailer_item_id":"cfdac5698334","product_condition":"new"},"_links":{"self":[{"href":"https:\/\/eheating.lt\/en\/wp-json\/wp\/v2\/product\/29937","targetHints":{"allow":["GET"]}}],"collection":[{"href":"https:\/\/eheating.lt\/en\/wp-json\/wp\/v2\/product"}],"about":[{"href":"https:\/\/eheating.lt\/en\/wp-json\/wp\/v2\/types\/product"}],"replies":[{"embeddable":true,"href":"https:\/\/eheating.lt\/en\/wp-json\/wp\/v2\/comments?post=29937"}],"version-history":[{"count":0,"href":"https:\/\/eheating.lt\/en\/wp-json\/wp\/v2\/product\/29937\/revisions"}],"wp:featuredmedia":[{"embeddable":true,"href":"https:\/\/eheating.lt\/en\/wp-json\/wp\/v2\/media\/30964"}],"wp:attachment":[{"href":"https:\/\/eheating.lt\/en\/wp-json\/wp\/v2\/media?parent=29937"}],"wp:term":[{"taxonomy":"product_brand","embeddable":true,"href":"https:\/\/eheating.lt\/en\/wp-json\/wp\/v2\/product_brand?post=29937"},{"taxonomy":"product_cat","embeddable":true,"href":"https:\/\/eheating.lt\/en\/wp-json\/wp\/v2\/product_cat?post=29937"},{"taxonomy":"product_tag","embeddable":true,"href":"https:\/\/eheating.lt\/en\/wp-json\/wp\/v2\/product_tag?post=29937"}],"curies":[{"name":"wp","href":"https:\/\/api.w.org\/{rel}","templated":true}]}}