{"id":29935,"date":"2023-12-28T11:26:05","date_gmt":"2023-12-28T09:26:05","guid":{"rendered":"https:\/\/eheating.lt\/?post_type=product&#038;p=29935"},"modified":"2024-10-18T17:49:50","modified_gmt":"2024-10-18T14:49:50","slug":"hikvision-centrale-ds-pwa96-m-we-ax-pro-black","status":"publish","type":"product","link":"https:\/\/eheating.lt\/en\/produktas\/hikvision-centrale-ds-pwa96-m-we-ax-pro-black\/","title":{"rendered":"Hikvision central\u0117 DS-PWA96-M-WE AX PRO BLACK"},"content":{"rendered":"<div class=\"tech-specs-items-description-wrap\">\n<ul class=\"tech-specs-items-description\" data-target=\"Software features\">\n<li class=\"tech-specs-items-description-list\"><span class=\"tech-specs-items-description__title--heading\">Programin\u0117 \u012franga<\/span><\/li>\n<li class=\"tech-specs-items-description-list\"><span class=\"tech-specs-items-description__title\">Kortel\u0117s<\/span><span class=\"tech-specs-items-description__title-details\">48<\/span><\/li>\n<li class=\"tech-specs-items-description-list\"><span class=\"tech-specs-items-description__title\">Aplinka<\/span><span class=\"tech-specs-items-description__title-details\">32<\/span><\/li>\n<li class=\"tech-specs-items-description-list\"><span class=\"tech-specs-items-description__title\">Zonos<\/span><span class=\"tech-specs-items-description__title-details\">96 (up to 48 PIRCAMs) <\/span><\/li>\n<li class=\"tech-specs-items-description-list\"><span class=\"tech-specs-items-description__title\">Vaizdo klipai<\/span><span class=\"tech-specs-items-description__title-details\">4<\/span><\/li>\n<li class=\"tech-specs-items-description-list\"><span class=\"tech-specs-items-description__title\">\u012ediegimo vedlys<\/span><span class=\"tech-specs-items-description__title-details\">1<\/span><\/li>\n<li class=\"tech-specs-items-description-list\"><span class=\"tech-specs-items-description__title\">Naudotojas<\/span><span class=\"tech-specs-items-description__title-details\">46<\/span><\/li>\n<li class=\"tech-specs-items-description-list\"><span class=\"tech-specs-items-description__title\">Administratorius<\/span><span class=\"tech-specs-items-description__title-details\">1<\/span><\/li>\n<li class=\"tech-specs-items-description-list\"><span class=\"tech-specs-items-description__title\">Raginimas garsu<\/span><span class=\"tech-specs-items-description__title-details\">Supported<\/span><\/li>\n<li class=\"tech-specs-items-description-list\"><span class=\"tech-specs-items-description__title\">\u012emontuotas garsiakalbis<\/span><span class=\"tech-specs-items-description__title-details\">Supported<\/span><\/li>\n<li class=\"tech-specs-items-description-list\"><span class=\"tech-specs-items-description__title\">Korteli\u0173 skaitytuvas<\/span><span class=\"tech-specs-items-description__title-details\">Supported<\/span><\/li>\n<li class=\"tech-specs-items-description-list\"><span class=\"tech-specs-items-description__title\">Saugomi atminties \u012fra\u0161ai<\/span><span class=\"tech-specs-items-description__title-details\">5000<\/span><\/li>\n<li class=\"tech-specs-items-description-list\"><span class=\"tech-specs-items-description__title\">Programavimo \u012frankiai<\/span><span class=\"tech-specs-items-description__title-details\">Hik-Connect\/Hik-ProConnect\/Web Portal\/ IVMS4200\/ Convergence Cloud<\/span><\/li>\n<li class=\"tech-specs-items-description-list\"><span class=\"tech-specs-items-description__title\">Programin\u0117s-aparatin\u0117s \u012frangos atnaujinimai<span class=\"tech-specs-items-description__title-details\">APP\/Web Portal<\/span><\/span><\/li>\n<li class=\"tech-specs-items-description-list\"><span class=\"tech-specs-items-description__title\">Apsaugos r\u0117\u017eimai<\/span><span class=\"tech-specs-items-description__title-details\">Away\/Stay<\/span><\/li>\n<li class=\"tech-specs-items-description-list\"><span class=\"tech-specs-items-description__title\">Automatin\u0117 apsauga\/apsaugos i\u0161jungimo laikmatis<\/span><span class=\"tech-specs-items-description__title-details\">Supported<\/span><\/li>\n<li class=\"tech-specs-items-description-list\"><span class=\"tech-specs-items-description__title\">Priverstinis apsaugos \u012fjungimas atvirose zonose<\/span><span class=\"tech-specs-items-description__title-details\">Supported<\/span><\/li>\n<li class=\"tech-specs-items-description-list\"><span class=\"tech-specs-items-description__title\">Diagnostika naudojant APP arba Web<\/span><span class=\"tech-specs-items-description__title-details\">Supported<\/span><\/li>\n<li class=\"tech-specs-items-description-list\"><span class=\"tech-specs-items-description__title\">ARC protokolai<\/span><span class=\"tech-specs-items-description__title-details\"><span class=\"tech-specs-items-description__title-details\"><br \/>\n<\/span><\/span><\/p>\n<p class=\"mb-p\" style=\"margin-bottom: 0rem; height: auto;\">SIA DC09(SIA level 2, Contact ID), ISUP, ISAPI (SDK)<\/p>\n<p class=\"mb-p\" style=\"margin-bottom: 0rem; height: auto;\">Hik-IP Receiver &amp; Hik-IP Receiver Pro (Sur-Gard &amp; Ademco 685)<\/p>\n<p class=\"mb-p\" style=\"margin-bottom: 0.5em; height: auto;\">Supports video verification and remote control<\/p>\n<p>&nbsp;<\/li>\n<li class=\"tech-specs-items-description-list\"><span class=\"tech-specs-items-description__title\">Naudotojo aplikacija central\u0117s valdymui<\/span><span class=\"tech-specs-items-description__title-details\">Supported<\/span><\/li>\n<li class=\"tech-specs-items-description-list\"><span class=\"tech-specs-items-description__title\">\u012ediegimo vedlys programavimo aplikacijai<\/span><span class=\"tech-specs-items-description__title-details\">Supported<\/span><\/li>\n<li class=\"tech-specs-items-description-list\"><span class=\"tech-specs-items-description__title\">Web serveris klaid\u0173 taisymui<\/span><span class=\"tech-specs-items-description__title-details\">Supported<\/span><\/li>\n<\/ul>\n<ul class=\"tech-specs-items-description\" data-target=\"Hardware features\">\n<li class=\"tech-specs-items-description-list\"><span class=\"tech-specs-items-description__title--heading\">Aparatin\u0117s \u012frangos funkcijos<\/span><\/li>\n<li class=\"tech-specs-items-description-list\"><span class=\"tech-specs-items-description__title\">RS232 i\u0161vestis<\/span><span class=\"tech-specs-items-description__title-details\">Supported<\/span><\/li>\n<li class=\"tech-specs-items-description-list\"><span class=\"tech-specs-items-description__title\">Vieta SIM kortelei<\/span><span class=\"tech-specs-items-description__title-details\">Dual<\/span><\/li>\n<\/ul>\n<ul class=\"tech-specs-items-description\" data-target=\"RF transmission\">\n<li class=\"tech-specs-items-description-list\"><span class=\"tech-specs-items-description__title--heading\">RF perdavimas<\/span><\/li>\n<li class=\"tech-specs-items-description-list\"><span class=\"tech-specs-items-description__title\">Dvipusis belaidis bendravimas<\/span><span class=\"tech-specs-items-description__title-details\">Support<\/span><\/li>\n<li class=\"tech-specs-items-description-list\"><span class=\"tech-specs-items-description__title\">RF da\u017enis<\/span><span class=\"tech-specs-items-description__title-details\">868Mhz<\/span><\/li>\n<li class=\"tech-specs-items-description-list\"><span class=\"tech-specs-items-description__title\">Belaid\u0117 apsauga<\/span><span class=\"tech-specs-items-description__title-details\">Frequency Hoping 128 AES Encryption<\/span><\/li>\n<li class=\"tech-specs-items-description-list\"><span class=\"tech-specs-items-description__title\">3\/4G ry\u0161ys<\/span><span class=\"tech-specs-items-description__title-details\">Supported<\/span><\/li>\n<\/ul>\n<ul class=\"tech-specs-items-description\" data-target=\"Electrical characteristics\">\n<li class=\"tech-specs-items-description-list\"><span class=\"tech-specs-items-description__title--heading\">Elektros charakteristika<\/span><\/li>\n<li class=\"tech-specs-items-description-list\"><span class=\"tech-specs-items-description__title\">Energijos \u0161altinis<\/span><span class=\"tech-specs-items-description__title-details\">Built in power supply<\/span><\/li>\n<li class=\"tech-specs-items-description-list\"><span class=\"tech-specs-items-description__title\">Baterijos tipas<\/span><span class=\"tech-specs-items-description__title-details\">Built in on board Battery Li<\/span><\/li>\n<li class=\"tech-specs-items-description-list\"><span class=\"tech-specs-items-description__title\">Baterijos gyvavimo laikotarpis<\/span><span class=\"tech-specs-items-description__title-details\">12 hours<\/span><\/li>\n<\/ul>\n<ul class=\"tech-specs-items-description\" data-target=\"Wireless transmission\">\n<li class=\"tech-specs-items-description-list\"><span class=\"tech-specs-items-description__title--heading\">Belaidis perdavimas<\/span><\/li>\n<li class=\"tech-specs-items-description-list\"><span class=\"tech-specs-items-description__title\">Laidinis tinklas<\/span><span class=\"tech-specs-items-description__title-details\">Supported<\/span><\/li>\n<li class=\"tech-specs-items-description-list\"><span class=\"tech-specs-items-description__title\">Wi-Fi standartai<\/span><span class=\"tech-specs-items-description__title-details\">Supported<\/span><\/li>\n<\/ul>\n<ul class=\"tech-specs-items-description\" data-target=\"Display\">\n<li class=\"tech-specs-items-description-list\"><span class=\"tech-specs-items-description__title--heading\">Ekranas<\/span><\/li>\n<li class=\"tech-specs-items-description-list\"><span class=\"tech-specs-items-description__title\">LEDs statusas<\/span><span class=\"tech-specs-items-description__title-details\">Arm\/Disarm, Alarm, Tamper, Fault, Cloud, Power<\/span><\/li>\n<\/ul>\n<ul class=\"tech-specs-items-description\" data-target=\"General\">\n<li class=\"tech-specs-items-description-list\"><span class=\"tech-specs-items-description__title--heading\">Pagrindinis<\/span><\/li>\n<li class=\"tech-specs-items-description-list\"><span class=\"tech-specs-items-description__title\">Veikimo temperat\u016bra<\/span><span class=\"tech-specs-items-description__title-details\">-10 \u00b0C to +55 \u00b0C<\/span><\/li>\n<li class=\"tech-specs-items-description-list\"><span class=\"tech-specs-items-description__title\">Med\u017eiaga<\/span><span class=\"tech-specs-items-description__title-details\">Plastic<\/span><\/li>\n<li class=\"tech-specs-items-description-list\"><span class=\"tech-specs-items-description__title\">Matmenys(WxHxD)<\/span><span class=\"tech-specs-items-description__title-details\">170.0 mm (6.7&#8243;) x 170.0 (6.7&#8243;) mm x 38.6 mm (1.5&#8243;)<\/span><\/li>\n<li class=\"tech-specs-items-description-list\"><span class=\"tech-specs-items-description__title\">Svoris<\/span><span class=\"tech-specs-items-description__title-details\">557.5 g(19.7 oz)<\/span><\/li>\n<li class=\"tech-specs-items-description-list\"><span class=\"tech-specs-items-description__title\">Spalva<\/span><span class=\"tech-specs-items-description__title-details\">White<\/span><\/li>\n<\/ul>\n<ul class=\"tech-specs-items-description\" data-target=\"Device management\">\n<li class=\"tech-specs-items-description-list\"><span class=\"tech-specs-items-description__title--heading\">Central\u0117s valdymas<\/span><\/li>\n<li class=\"tech-specs-items-description-list\"><span class=\"tech-specs-items-description__title\">Pulteliai<\/span><span class=\"tech-specs-items-description__title-details\">48<\/span><\/li>\n<li class=\"tech-specs-items-description-list\"><span class=\"tech-specs-items-description__title\">Belaid\u0117s sirenos<\/span><span class=\"tech-specs-items-description__title-details\">6<\/span><\/li>\n<li class=\"tech-specs-items-description-list\"><span class=\"tech-specs-items-description__title\">Klaviat\u016bros<\/span><span class=\"tech-specs-items-description__title-details\">8 (Including Tag reader)<\/span><\/li>\n<li class=\"tech-specs-items-description-list\"><span class=\"tech-specs-items-description__title\">Belaid\u017eiai kartotuvai<\/span><span class=\"tech-specs-items-description__title-details\">4<\/span><\/li>\n<li class=\"tech-specs-items-description-list\"><span class=\"tech-specs-items-description__title\">PIR kameros<\/span><span class=\"tech-specs-items-description__title-details\">Supported<\/span><\/li>\n<\/ul>\n<\/div>\n","protected":false},"excerpt":{"rendered":"<ul>\n<li>Spalva: Juoda<\/li>\n<li>TCP\/IP, Wi-Fi, ir 3G\/4G tinklas<\/li>\n<li>Dvipusis bendravimas su AES-128 \u0161ifravimu<\/li>\n<li>32 sritys<\/li>\n<li>48 vartotojai<\/li>\n<li>Prisijungia prie 96 belaid\u017ei\u0173 zon\u0173\/i\u0161ves\u010di\u0173 (\u012fskaitant 48 PIR su kameromis), 48 belaid\u017eius pultelius, 4 kartotuvus, 6 sirenas, 8 pakabuk\u0173\/korteli\u0173 skaitytuvus &amp; klaviat\u016bras.<\/li>\n<li>Palaiko iki 48 tinklo naudotoj\u0173, \u012fskaitant 1 \u012fdiegimo vedl\u012f, 1 administratori\u0173, ir 46 paprast\u0173 naudotoj\u0173<\/li>\n<li>4520 mAh li\u010dio jon\u0173 atsargin\u0117 baterija<\/li>\n<li>SIA-DC09 protokolas, palaiko abu Contact ID ir SIA duomen\u0173 formatus<\/li>\n<\/ul>\n","protected":false},"featured_media":30962,"comment_status":"closed","ping_status":"closed","template":"","meta":[],"product_brand":[],"product_cat":[279,733,731,732],"product_tag":[974],"class_list":{"0":"post-29935","1":"product","2":"type-product","3":"status-publish","4":"has-post-thumbnail","6":"product_cat-apsaugos-sistemos","7":"product_cat-ax-pro-centrales","8":"product_cat-belaides-apsaugos-sistemos","9":"product_cat-hikvision-ax-pro-belaides-apsaugos-sistemos","10":"product_tag-ean","12":"first","13":"instock","14":"purchasable","15":"product-type-simple"},"yoast_head":"<!-- This site is optimized with the Yoast SEO Premium plugin v21.5 (Yoast SEO v27.6) - https:\/\/yoast.com\/product\/yoast-seo-premium-wordpress\/ -->\n<title>Hikvision central\u0117 DS-PWA96-M-WE AX PRO BLACK<\/title>\n<meta name=\"description\" content=\"Hikvision DS-PWA96-M-WE AX PRO BLACK central\u0117 ; TCP\/IP, Wi-Fi, ir 3G\/4G tinklas ; Dvipusis bendravimas su AES-128 \u0161ifravimu ; 32 sritys\" \/>\n<meta name=\"robots\" content=\"index, follow, max-snippet:-1, max-image-preview:large, max-video-preview:-1\" \/>\n<link rel=\"canonical\" href=\"https:\/\/eheating.lt\/en\/produktas\/hikvision-centrale-ds-pwa96-m-we-ax-pro-black\/\" \/>\n<meta property=\"og:locale\" content=\"en_US\" \/>\n<meta property=\"og:type\" content=\"article\" \/>\n<meta property=\"og:title\" content=\"Hikvision central\u0117 DS-PWA96-M-WE AX PRO BLACK\" \/>\n<meta property=\"og:description\" content=\"Hikvision DS-PWA96-M-WE AX PRO BLACK central\u0117 ; TCP\/IP, Wi-Fi, ir 3G\/4G tinklas ; Dvipusis bendravimas su AES-128 \u0161ifravimu ; 32 sritys\" \/>\n<meta property=\"og:url\" content=\"https:\/\/eheating.lt\/en\/produktas\/hikvision-centrale-ds-pwa96-m-we-ax-pro-black\/\" \/>\n<meta property=\"og:site_name\" content=\"Elektronika Namams\" \/>\n<meta property=\"article:publisher\" content=\"https:\/\/www.facebook.com\/ElektronikaNamams\" \/>\n<meta property=\"article:modified_time\" content=\"2024-10-18T14:49:50+00:00\" \/>\n<meta property=\"og:image\" content=\"https:\/\/eheating.lt\/wp-content\/uploads\/2023\/12\/Hikvision-centrale-DS-PWA96-M-WE-AX-PRO-BLACK-1.png\" \/>\n\t<meta property=\"og:image:width\" content=\"800\" \/>\n\t<meta property=\"og:image:height\" content=\"800\" \/>\n\t<meta property=\"og:image:type\" content=\"image\/png\" \/>\n<meta name=\"twitter:card\" content=\"summary_large_image\" \/>\n<meta name=\"twitter:label1\" content=\"Price\" \/>\n\t<meta name=\"twitter:data1\" content=\"248,90&nbsp;&euro;\" \/>\n\t<meta name=\"twitter:label2\" content=\"Availability\" \/>\n\t<meta name=\"twitter:data2\" content=\"In stock\" \/>\n<script type=\"application\/ld+json\" class=\"yoast-schema-graph\">{\"@context\":\"https:\\\/\\\/schema.org\",\"@graph\":[{\"@type\":\"WebPage\",\"@id\":\"https:\\\/\\\/eheating.lt\\\/en\\\/produktas\\\/hikvision-centrale-ds-pwa96-m-we-ax-pro-black\\\/\",\"url\":\"https:\\\/\\\/eheating.lt\\\/en\\\/produktas\\\/hikvision-centrale-ds-pwa96-m-we-ax-pro-black\\\/\",\"name\":\"Hikvision central\u0117 DS-PWA96-M-WE AX PRO BLACK\",\"isPartOf\":{\"@id\":\"https:\\\/\\\/eheating.lt\\\/#website\"},\"primaryImageOfPage\":{\"@id\":\"https:\\\/\\\/eheating.lt\\\/en\\\/produktas\\\/hikvision-centrale-ds-pwa96-m-we-ax-pro-black\\\/#primaryimage\"},\"image\":{\"@id\":\"https:\\\/\\\/eheating.lt\\\/en\\\/produktas\\\/hikvision-centrale-ds-pwa96-m-we-ax-pro-black\\\/#primaryimage\"},\"thumbnailUrl\":\"https:\\\/\\\/eheating.lt\\\/wp-content\\\/uploads\\\/2023\\\/12\\\/Hikvision-centrale-DS-PWA96-M-WE-AX-PRO-BLACK-1.png\",\"datePublished\":\"2023-12-28T09:26:05+00:00\",\"dateModified\":\"2024-10-18T14:49:50+00:00\",\"description\":\"Hikvision DS-PWA96-M-WE AX PRO BLACK central\u0117 ; TCP\\\/IP, Wi-Fi, ir 3G\\\/4G tinklas ; Dvipusis bendravimas su AES-128 \u0161ifravimu ; 32 sritys\",\"breadcrumb\":{\"@id\":\"https:\\\/\\\/eheating.lt\\\/en\\\/produktas\\\/hikvision-centrale-ds-pwa96-m-we-ax-pro-black\\\/#breadcrumb\"},\"inLanguage\":\"en-US\",\"potentialAction\":[{\"@type\":\"ReadAction\",\"target\":[\"https:\\\/\\\/eheating.lt\\\/en\\\/produktas\\\/hikvision-centrale-ds-pwa96-m-we-ax-pro-black\\\/\"]}]},{\"@type\":\"ImageObject\",\"inLanguage\":\"en-US\",\"@id\":\"https:\\\/\\\/eheating.lt\\\/en\\\/produktas\\\/hikvision-centrale-ds-pwa96-m-we-ax-pro-black\\\/#primaryimage\",\"url\":\"https:\\\/\\\/eheating.lt\\\/wp-content\\\/uploads\\\/2023\\\/12\\\/Hikvision-centrale-DS-PWA96-M-WE-AX-PRO-BLACK-1.png\",\"contentUrl\":\"https:\\\/\\\/eheating.lt\\\/wp-content\\\/uploads\\\/2023\\\/12\\\/Hikvision-centrale-DS-PWA96-M-WE-AX-PRO-BLACK-1.png\",\"width\":800,\"height\":800},{\"@type\":\"BreadcrumbList\",\"@id\":\"https:\\\/\\\/eheating.lt\\\/en\\\/produktas\\\/hikvision-centrale-ds-pwa96-m-we-ax-pro-black\\\/#breadcrumb\",\"itemListElement\":[{\"@type\":\"ListItem\",\"position\":1,\"name\":\"Prad\u017eia\",\"item\":\"https:\\\/\\\/eheating.lt\\\/en\\\/\"},{\"@type\":\"ListItem\",\"position\":2,\"name\":\"Shop\",\"item\":\"https:\\\/\\\/eheating.lt\\\/en\\\/?page_id=5734\"},{\"@type\":\"ListItem\",\"position\":3,\"name\":\"Hikvision central\u0117 DS-PWA96-M-WE AX PRO BLACK\"}]},{\"@type\":\"WebSite\",\"@id\":\"https:\\\/\\\/eheating.lt\\\/#website\",\"url\":\"https:\\\/\\\/eheating.lt\\\/\",\"name\":\"eHeating\",\"description\":\"Elektronika ir \u0161ildymas\",\"potentialAction\":[{\"@type\":\"SearchAction\",\"target\":{\"@type\":\"EntryPoint\",\"urlTemplate\":\"https:\\\/\\\/eheating.lt\\\/?s={search_term_string}\"},\"query-input\":{\"@type\":\"PropertyValueSpecification\",\"valueRequired\":true,\"valueName\":\"search_term_string\"}}],\"inLanguage\":\"en-US\"}]}<\/script>\n<meta property=\"product:price:amount\" content=\"248.90\" \/>\n<meta property=\"product:price:currency\" content=\"EUR\" \/>\n<meta property=\"og:availability\" content=\"instock\" \/>\n<meta property=\"product:availability\" content=\"instock\" \/>\n<meta property=\"product:retailer_item_id\" content=\"f432ea61ec7f\" \/>\n<meta property=\"product:condition\" content=\"new\" \/>\n<!-- \/ Yoast SEO Premium plugin. -->","yoast_head_json":{"title":"Hikvision central\u0117 DS-PWA96-M-WE AX PRO BLACK","description":"Hikvision DS-PWA96-M-WE AX PRO BLACK central\u0117 ; TCP\/IP, Wi-Fi, ir 3G\/4G tinklas ; Dvipusis bendravimas su AES-128 \u0161ifravimu ; 32 sritys","robots":{"index":"index","follow":"follow","max-snippet":"max-snippet:-1","max-image-preview":"max-image-preview:large","max-video-preview":"max-video-preview:-1"},"canonical":"https:\/\/eheating.lt\/en\/produktas\/hikvision-centrale-ds-pwa96-m-we-ax-pro-black\/","og_locale":"en_US","og_type":"article","og_title":"Hikvision central\u0117 DS-PWA96-M-WE AX PRO BLACK","og_description":"Hikvision DS-PWA96-M-WE AX PRO BLACK central\u0117 ; TCP\/IP, Wi-Fi, ir 3G\/4G tinklas ; Dvipusis bendravimas su AES-128 \u0161ifravimu ; 32 sritys","og_url":"https:\/\/eheating.lt\/en\/produktas\/hikvision-centrale-ds-pwa96-m-we-ax-pro-black\/","og_site_name":"Elektronika Namams","article_publisher":"https:\/\/www.facebook.com\/ElektronikaNamams","article_modified_time":"2024-10-18T14:49:50+00:00","og_image":[{"width":800,"height":800,"url":"https:\/\/eheating.lt\/wp-content\/uploads\/2023\/12\/Hikvision-centrale-DS-PWA96-M-WE-AX-PRO-BLACK-1.png","type":"image\/png"}],"twitter_card":"summary_large_image","twitter_misc":{"Price":"248,90&nbsp;&euro;","Availability":"In stock"},"schema":{"@context":"https:\/\/schema.org","@graph":[{"@type":"WebPage","@id":"https:\/\/eheating.lt\/en\/produktas\/hikvision-centrale-ds-pwa96-m-we-ax-pro-black\/","url":"https:\/\/eheating.lt\/en\/produktas\/hikvision-centrale-ds-pwa96-m-we-ax-pro-black\/","name":"Hikvision central\u0117 DS-PWA96-M-WE AX PRO BLACK","isPartOf":{"@id":"https:\/\/eheating.lt\/#website"},"primaryImageOfPage":{"@id":"https:\/\/eheating.lt\/en\/produktas\/hikvision-centrale-ds-pwa96-m-we-ax-pro-black\/#primaryimage"},"image":{"@id":"https:\/\/eheating.lt\/en\/produktas\/hikvision-centrale-ds-pwa96-m-we-ax-pro-black\/#primaryimage"},"thumbnailUrl":"https:\/\/eheating.lt\/wp-content\/uploads\/2023\/12\/Hikvision-centrale-DS-PWA96-M-WE-AX-PRO-BLACK-1.png","datePublished":"2023-12-28T09:26:05+00:00","dateModified":"2024-10-18T14:49:50+00:00","description":"Hikvision DS-PWA96-M-WE AX PRO BLACK central\u0117 ; TCP\/IP, Wi-Fi, ir 3G\/4G tinklas ; Dvipusis bendravimas su AES-128 \u0161ifravimu ; 32 sritys","breadcrumb":{"@id":"https:\/\/eheating.lt\/en\/produktas\/hikvision-centrale-ds-pwa96-m-we-ax-pro-black\/#breadcrumb"},"inLanguage":"en-US","potentialAction":[{"@type":"ReadAction","target":["https:\/\/eheating.lt\/en\/produktas\/hikvision-centrale-ds-pwa96-m-we-ax-pro-black\/"]}]},{"@type":"ImageObject","inLanguage":"en-US","@id":"https:\/\/eheating.lt\/en\/produktas\/hikvision-centrale-ds-pwa96-m-we-ax-pro-black\/#primaryimage","url":"https:\/\/eheating.lt\/wp-content\/uploads\/2023\/12\/Hikvision-centrale-DS-PWA96-M-WE-AX-PRO-BLACK-1.png","contentUrl":"https:\/\/eheating.lt\/wp-content\/uploads\/2023\/12\/Hikvision-centrale-DS-PWA96-M-WE-AX-PRO-BLACK-1.png","width":800,"height":800},{"@type":"BreadcrumbList","@id":"https:\/\/eheating.lt\/en\/produktas\/hikvision-centrale-ds-pwa96-m-we-ax-pro-black\/#breadcrumb","itemListElement":[{"@type":"ListItem","position":1,"name":"Prad\u017eia","item":"https:\/\/eheating.lt\/en\/"},{"@type":"ListItem","position":2,"name":"Shop","item":"https:\/\/eheating.lt\/en\/?page_id=5734"},{"@type":"ListItem","position":3,"name":"Hikvision central\u0117 DS-PWA96-M-WE AX PRO BLACK"}]},{"@type":"WebSite","@id":"https:\/\/eheating.lt\/#website","url":"https:\/\/eheating.lt\/","name":"eHeating","description":"Elektronika ir \u0161ildymas","potentialAction":[{"@type":"SearchAction","target":{"@type":"EntryPoint","urlTemplate":"https:\/\/eheating.lt\/?s={search_term_string}"},"query-input":{"@type":"PropertyValueSpecification","valueRequired":true,"valueName":"search_term_string"}}],"inLanguage":"en-US"}]},"product_price_amount":"248.90","product_price_currency":"EUR","og_availability":"instock","product_availability":"instock","product_retailer_item_id":"f432ea61ec7f","product_condition":"new"},"_links":{"self":[{"href":"https:\/\/eheating.lt\/en\/wp-json\/wp\/v2\/product\/29935","targetHints":{"allow":["GET"]}}],"collection":[{"href":"https:\/\/eheating.lt\/en\/wp-json\/wp\/v2\/product"}],"about":[{"href":"https:\/\/eheating.lt\/en\/wp-json\/wp\/v2\/types\/product"}],"replies":[{"embeddable":true,"href":"https:\/\/eheating.lt\/en\/wp-json\/wp\/v2\/comments?post=29935"}],"version-history":[{"count":0,"href":"https:\/\/eheating.lt\/en\/wp-json\/wp\/v2\/product\/29935\/revisions"}],"wp:featuredmedia":[{"embeddable":true,"href":"https:\/\/eheating.lt\/en\/wp-json\/wp\/v2\/media\/30962"}],"wp:attachment":[{"href":"https:\/\/eheating.lt\/en\/wp-json\/wp\/v2\/media?parent=29935"}],"wp:term":[{"taxonomy":"product_brand","embeddable":true,"href":"https:\/\/eheating.lt\/en\/wp-json\/wp\/v2\/product_brand?post=29935"},{"taxonomy":"product_cat","embeddable":true,"href":"https:\/\/eheating.lt\/en\/wp-json\/wp\/v2\/product_cat?post=29935"},{"taxonomy":"product_tag","embeddable":true,"href":"https:\/\/eheating.lt\/en\/wp-json\/wp\/v2\/product_tag?post=29935"}],"curies":[{"name":"wp","href":"https:\/\/api.w.org\/{rel}","templated":true}]}}