{"id":26450,"date":"2023-11-13T21:37:42","date_gmt":"2023-11-13T19:37:42","guid":{"rendered":"https:\/\/eheating.lt\/?post_type=product&#038;p=26450"},"modified":"2024-10-18T17:42:42","modified_gmt":"2024-10-18T14:42:42","slug":"hikvision-internetine-kamera-ids-ul4p-juoda","status":"publish","type":"product","link":"https:\/\/eheating.lt\/en\/produktas\/hikvision-internetine-kamera-ids-ul4p-juoda\/","title":{"rendered":"Hikvision internetin\u0117 kamera iDS-UL4P (juoda)"},"content":{"rendered":"<ul class=\"tech-specs-items-description\" data-target=\"Camera\">\n<li class=\"tech-specs-items-description-list\"><span class=\"tech-specs-items-description__title--heading\">Kamera<\/span><\/li>\n<li class=\"tech-specs-items-description-list\"><span class=\"tech-specs-items-description__title\">Sensorius<\/span><span class=\"tech-specs-items-description__title-details\">1\/2.7&#8243; 4 MP CMOS<\/span><\/li>\n<li class=\"tech-specs-items-description-list\"><span class=\"tech-specs-items-description__title\">Signalo sistema<\/span><span class=\"tech-specs-items-description__title-details\">PAL\/NTSC<\/span><\/li>\n<li class=\"tech-specs-items-description-list\"><span class=\"tech-specs-items-description__title\">Kadr\u0173 da\u017enis<\/span><span class=\"tech-specs-items-description__title-details\"><span class=\"tech-specs-items-description__title-details\"><br \/>\n<\/span><\/span><\/p>\n<p class=\"mb-p\" style=\"margin-bottom: 0rem; height: auto;\">MJPG:<\/p>\n<p class=\"mb-p\" style=\"margin-bottom: 0rem; height: auto;\">2560 \u00d7 1440 @30 fps\/25 fps<\/p>\n<p class=\"mb-p\" style=\"margin-bottom: 0rem; height: auto;\">1920 \u00d7 1080 @60 fps\/50 fps\/30 fps\/25 fps<\/p>\n<p class=\"mb-p\" style=\"margin-bottom: 0rem; height: auto;\">1280 \u00d7 960 @60 fps\/50 fps\/30 fps\/25 fps<\/p>\n<p class=\"mb-p\" style=\"margin-bottom: 0rem; height: auto;\">1280 \u00d7 720 @60 fps\/50 fps\/30 fps\/25 fps<\/p>\n<p class=\"mb-p\" style=\"margin-bottom: 0rem; height: auto;\">640 \u00d7 480 @60 fps\/50 fps\/30 fps\/25 fps<\/p>\n<p class=\"mb-p\" style=\"margin-bottom: 0rem; height: auto;\">640 \u00d7 360 @60 fps\/50 fps\/30 fps\/25 fps<\/p>\n<p class=\"mb-p\" style=\"margin-bottom: 0rem; height: auto;\">YUV2:<\/p>\n<p class=\"mb-p\" style=\"margin-bottom: 0rem; height: auto;\">1920 \u00d7 1080 @5 fps<\/p>\n<p class=\"mb-p\" style=\"margin-bottom: 0rem; height: auto;\">1280 \u00d7 960 @5 fps<\/p>\n<p class=\"mb-p\" style=\"margin-bottom: 0rem; height: auto;\">1280 \u00d7 720 @10 fps<\/p>\n<p class=\"mb-p\" style=\"margin-bottom: 0rem; height: auto;\">640 \u00d7 480 @30\/25 fps<\/p>\n<p class=\"mb-p\" style=\"margin-bottom: 0rem; height: auto;\">640 \u00d7 360 @30 fps\/25 fps<\/p>\n<p class=\"mb-p\" style=\"margin-bottom: 0rem; height: auto;\">NV12:<\/p>\n<p class=\"mb-p\" style=\"margin-bottom: 0rem; height: auto;\">1920 \u00d7 1080 @5 fps<\/p>\n<p class=\"mb-p\" style=\"margin-bottom: 0rem; height: auto;\">1280 \u00d7 960 @5 fps<\/p>\n<p class=\"mb-p\" style=\"margin-bottom: 0rem; height: auto;\">1280 \u00d7 720 @10 fps<\/p>\n<p class=\"mb-p\" style=\"margin-bottom: 0rem; height: auto;\">640 \u00d7 480 @30\/25 fps<\/p>\n<p class=\"mb-p\" style=\"margin-bottom: 0.5em; height: auto;\">640 \u00d7 360 @30 fps\/25 fps<\/p>\n<p>&nbsp;<\/li>\n<li class=\"tech-specs-items-description-list\"><span class=\"tech-specs-items-description__title\">Rezoliucija<\/span><span class=\"tech-specs-items-description__title-details\">2560 (H) \u00d7 1440 (V)<\/span><\/li>\n<li class=\"tech-specs-items-description-list\"><span class=\"tech-specs-items-description__title\">Min. ap\u0161vietimas<\/span><span class=\"tech-specs-items-description__title-details\">0.1 Lux @ (F1.2, AGC ON) <\/span><\/li>\n<li class=\"tech-specs-items-description-list\"><span class=\"tech-specs-items-description__title\">U\u017erakto greitis<\/span><span class=\"tech-specs-items-description__title-details\">PAL: 1\/25 s to 1\/50,000 s;NTSC: 1\/30 s to 1\/50,000 s<\/span><\/li>\n<li class=\"tech-specs-items-description-list\"><span class=\"tech-specs-items-description__title\">L\u0119\u0161is<\/span><span class=\"tech-specs-items-description__title-details\">Fixed focal lens, 3.6 mm<\/span><\/li>\n<li class=\"tech-specs-items-description-list\"><span class=\"tech-specs-items-description__title\">FOV<\/span><span class=\"tech-specs-items-description__title-details\">horizontal FOV: 80\u00b0, vertical FOV: 50\u00b0, diagonal FOV: 88\u00b0<\/span><\/li>\n<li class=\"tech-specs-items-description-list\"><span class=\"tech-specs-items-description__title\">L\u0119\u0161io montavimas<\/span><span class=\"tech-specs-items-description__title-details\">M8<\/span><\/li>\n<li class=\"tech-specs-items-description-list\"><span class=\"tech-specs-items-description__title\">Kampo keitimas<\/span><span class=\"tech-specs-items-description__title-details\">Pan: 0\u00b0 to 0\u00b0, tilt: 0\u00b0 to 90\u00b0, rotate: 0\u00b0<\/span><\/li>\n<li class=\"tech-specs-items-description-list\"><span class=\"tech-specs-items-description__title\">Skaitmeninis priartinimas<\/span><span class=\"tech-specs-items-description__title-details\">2 \u00d7<\/span><\/li>\n<\/ul>\n<ul class=\"tech-specs-items-description\" data-target=\"Lens\">\n<li class=\"tech-specs-items-description-list\"><span class=\"tech-specs-items-description__title--heading\">L\u0119\u0161is<\/span><\/li>\n<li class=\"tech-specs-items-description-list\"><span class=\"tech-specs-items-description__title\">Ry\u0161kumo gylis<\/span><span class=\"tech-specs-items-description__title-details\">5 cm to \u221e<\/span><\/li>\n<\/ul>\n<ul class=\"tech-specs-items-description\" data-target=\"Microphone\">\n<li class=\"tech-specs-items-description-list\"><span class=\"tech-specs-items-description__title--heading\">Mikrofoans<\/span><\/li>\n<li class=\"tech-specs-items-description-list\"><span class=\"tech-specs-items-description__title\">Tipas<\/span><span class=\"tech-specs-items-description__title-details\">Electret<\/span><\/li>\n<li class=\"tech-specs-items-description-list\"><span class=\"tech-specs-items-description__title\">Kryptis<\/span><span class=\"tech-specs-items-description__title-details\">360\u00b0 Omni-directional<\/span><\/li>\n<li class=\"tech-specs-items-description-list\"><span class=\"tech-specs-items-description__title\">Distancija<\/span><span class=\"tech-specs-items-description__title-details\">In a radius of up to 7 m<\/span><\/li>\n<li class=\"tech-specs-items-description-list\"><span class=\"tech-specs-items-description__title\">Amount<\/span><span class=\"tech-specs-items-description__title-details\">2<\/span><\/li>\n<li class=\"tech-specs-items-description-list\"><span class=\"tech-specs-items-description__title\">Da\u017enio atsakas<\/span><span class=\"tech-specs-items-description__title-details\">100 Hz to 16 kHz <\/span><\/li>\n<li class=\"tech-specs-items-description-list\"><span class=\"tech-specs-items-description__title\">Jautrumas<\/span><span class=\"tech-specs-items-description__title-details\"> -32 dBV\/Pa<\/span><\/li>\n<li class=\"tech-specs-items-description-list\"><span class=\"tech-specs-items-description__title\">SNR<\/span><span class=\"tech-specs-items-description__title-details\">60 dB(A)<\/span><\/li>\n<li class=\"tech-specs-items-description-list\"><span class=\"tech-specs-items-description__title\">Sampling Rate<\/span><span class=\"tech-specs-items-description__title-details\">16 KHz<\/span><\/li>\n<\/ul>\n<ul class=\"tech-specs-items-description\" data-target=\"Functions\">\n<li class=\"tech-specs-items-description-list\"><span class=\"tech-specs-items-description__title--heading\">Functions<\/span><\/li>\n<li class=\"tech-specs-items-description-list\"><span class=\"tech-specs-items-description__title\">Image Function<\/span><span class=\"tech-specs-items-description__title-details\">Face AE, Auto Frame<\/span><\/li>\n<\/ul>\n<ul class=\"tech-specs-items-description\" data-target=\"Image\">\n<li class=\"tech-specs-items-description-list\"><span class=\"tech-specs-items-description__title--heading\">Nuotrauka<\/span><\/li>\n<li class=\"tech-specs-items-description-list\"><span class=\"tech-specs-items-description__title\">Wide Dynamic Range (WDR)<\/span><span class=\"tech-specs-items-description__title-details\">\u2265120 dB<\/span><\/li>\n<li class=\"tech-specs-items-description-list\"><span class=\"tech-specs-items-description__title\">Baltos spalvos balansas<\/span><span class=\"tech-specs-items-description__title-details\">Auto<\/span><\/li>\n<\/ul>\n<ul class=\"tech-specs-items-description\" data-target=\"Interface\">\n<li class=\"tech-specs-items-description-list\"><span class=\"tech-specs-items-description__title--heading\">S\u0105saja<\/span><\/li>\n<li class=\"tech-specs-items-description-list\"><span class=\"tech-specs-items-description__title\">Operating System<\/span><span class=\"tech-specs-items-description__title-details\"><span class=\"tech-specs-items-description__title-details\"><br \/>\n<\/span><\/span><\/p>\n<p class=\"mb-p\" style=\"margin-bottom: 0rem; height: auto;\">Recommended systems<\/p>\n<p class=\"mb-p\" style=\"margin-bottom: 0rem; height: auto;\">Windows 7\/8\/10\/11 (resolution higher than 1080P is only available in Windows 8.1 and above version)<\/p>\n<p class=\"mb-p\" style=\"margin-bottom: 0rem; height: auto;\">Android 8.1 and above version<\/p>\n<p class=\"mb-p\" style=\"margin-bottom: 0rem; height: auto;\">Linux 4.14 and above version<\/p>\n<p class=\"mb-p\" style=\"margin-bottom: 0rem; height: auto;\">macOS 10.12 and above version<\/p>\n<p class=\"mb-p\" style=\"margin-bottom: 0.5em; height: auto;\">Chrome OS<\/p>\n<p>&nbsp;<\/li>\n<li class=\"tech-specs-items-description-list\"><span class=\"tech-specs-items-description__title\">\u012emontuotas mikrofonas<\/span><span class=\"tech-specs-items-description__title-details\">2 built-in microphones, picking up sounds in the radius up to 7 m<\/span><\/li>\n<li class=\"tech-specs-items-description-list\"><span class=\"tech-specs-items-description__title\">Indikatorius<\/span><span class=\"tech-specs-items-description__title-details\">White: Working<\/span><\/li>\n<li class=\"tech-specs-items-description-list\"><span class=\"tech-specs-items-description__title\">Kabelis<\/span><span class=\"tech-specs-items-description__title-details\">Type C to Type A interface (with type A to type C adapter on the cable)<\/span><\/li>\n<li class=\"tech-specs-items-description-list\"><span class=\"tech-specs-items-description__title\">\u012erenginio s\u0105saja<\/span><span class=\"tech-specs-items-description__title-details\">USB Type C interface<\/span><\/li>\n<\/ul>\n<ul class=\"tech-specs-items-description\" data-target=\"General\">\n<li class=\"tech-specs-items-description-list\"><span class=\"tech-specs-items-description__title--heading\">Pagrindinis<\/span><\/li>\n<li class=\"tech-specs-items-description-list\"><span class=\"tech-specs-items-description__title\">Pakuot\u0117s dydis<\/span><span class=\"tech-specs-items-description__title-details\">166 mm \u00d7 96 mm \u00d7 75.5 mm (6.54&#8243; \u00d7 3.78&#8243; \u00d7 2.97&#8243;)<\/span><\/li>\n<li class=\"tech-specs-items-description-list\"><span class=\"tech-specs-items-description__title\">Svoris su \u012fpakavimu<\/span><span class=\"tech-specs-items-description__title-details\">Approx. 536 g (1.18 lb.)<\/span><\/li>\n<li class=\"tech-specs-items-description-list\"><span class=\"tech-specs-items-description__title\">Spalva<\/span><span class=\"tech-specs-items-description__title-details\">White, black<\/span><\/li>\n<li class=\"tech-specs-items-description-list\"><span class=\"tech-specs-items-description__title\">Darbo s\u0105lygos<\/span><span class=\"tech-specs-items-description__title-details\">-10 \u00b0C to 45 \u00b0C (14 \u00b0F to 113\u00b0F). Humidity: 90% or less (non-condensing)<\/span><\/li>\n<li class=\"tech-specs-items-description-list\"><span class=\"tech-specs-items-description__title\">Maitinimas<\/span><span class=\"tech-specs-items-description__title-details\">5 VDC \u00b1 5% (USB interface), max. 4.5 W<\/span><\/li>\n<li class=\"tech-specs-items-description-list\"><span class=\"tech-specs-items-description__title\">Dydis<\/span><span class=\"tech-specs-items-description__title-details\">75.4 mm \u00d7 59.9 mm \u00d7 47.9 mm (2.97&#8243; \u00d7 2.36&#8243; \u00d7 1.89&#8243;)<\/span><\/li>\n<li class=\"tech-specs-items-description-list\"><span class=\"tech-specs-items-description__title\">Svoris<\/span><span class=\"tech-specs-items-description__title-details\">Approx. 109 g (0.24 lb.)<\/span><\/li>\n<li class=\"tech-specs-items-description-list\"><span class=\"tech-specs-items-description__title\">Pakavimo s\u0105ra\u0161as<\/span><span class=\"tech-specs-items-description__title-details\"><span class=\"tech-specs-items-description__title-details\"><br \/>\n<\/span><\/span><\/p>\n<p class=\"mb-p\" style=\"margin-bottom: 0rem; height: auto;\">tripod \u00d7 1<\/p>\n<p class=\"mb-p\" style=\"margin-bottom: 0rem; height: auto;\">privacy cover \u00d7 1<\/p>\n<p class=\"mb-p\" style=\"margin-bottom: 0rem; height: auto;\">USB 2.0 cable (2 m) \u00d7 1<\/p>\n<p class=\"mb-p\" style=\"margin-bottom: 0rem; height: auto;\">Type C to Type A interface \u00d7 1<\/p>\n<p class=\"mb-p\" style=\"margin-bottom: 0rem; height: auto;\">Multilingual Quick Start Guide \u00d7 1<\/p>\n<p class=\"mb-p\" style=\"margin-bottom: 0.5em; height: auto;\">QR code paper card for User Manual \u00d7 1<\/p>\n<p>&nbsp;<\/li>\n<\/ul>\n","protected":false},"excerpt":{"rendered":"<ul>\n<li>Rai\u0161ka: 2560 \u00d7 1440<\/li>\n<li>\u012emontuota pagalbin\u0117 \u0161viesa<\/li>\n<li>\u012emontuotas mikrofonas<\/li>\n<li>Type-C s\u0105saja skirta USB 2.0<\/li>\n<li>\n<div class=\"lRu31\"><span class=\"HwtZe\" lang=\"lt\"><span class=\"jCAhz ChMk0b\"><span class=\"ryNqvb\">AI vaizdo korekcija<br \/>\n<\/span><\/span><\/span><\/div>\n<\/li>\n<li>3.6 mm l\u0119\u0161is<\/li>\n<li>4MP CMOS<\/li>\n<\/ul>\n","protected":false},"featured_media":28090,"comment_status":"closed","ping_status":"closed","template":"","meta":[],"product_brand":[],"product_cat":[534,533,477],"product_tag":[],"class_list":{"0":"post-26450","1":"product","2":"type-product","3":"status-publish","4":"has-post-thumbnail","6":"product_cat-ip-kameros","7":"product_cat-ip-vaizdo-stebejimo-sistemos","8":"product_cat-ip-web-kameros","10":"first","11":"instock","12":"purchasable","13":"product-type-simple"},"yoast_head":"<!-- This site is optimized with the Yoast SEO Premium plugin v21.5 (Yoast SEO v27.3) - https:\/\/yoast.com\/product\/yoast-seo-premium-wordpress\/ -->\n<title>Hikvision internetin\u0117 kamera iDS-UL4P (juoda)<\/title>\n<meta name=\"description\" content=\"Hikvision internetin\u0117 kamera iDS-UL4P (juoda) ; \u012emontuota pagalbin\u0117 \u0161viesa ; Rai\u0161ka - 4MP ; \u012emontuotas mikrofonas ; Type-C s\u0105saja skirta USB 2.0\" \/>\n<meta name=\"robots\" content=\"index, follow, max-snippet:-1, max-image-preview:large, max-video-preview:-1\" \/>\n<link rel=\"canonical\" href=\"https:\/\/eheating.lt\/produktas\/hikvision-internetine-kamera-ids-ul4p-juoda\/\" \/>\n<meta property=\"og:locale\" content=\"en_US\" \/>\n<meta property=\"og:type\" content=\"article\" \/>\n<meta property=\"og:title\" content=\"Hikvision internetin\u0117 kamera iDS-UL4P (juoda)\" \/>\n<meta property=\"og:description\" content=\"Hikvision internetin\u0117 kamera iDS-UL4P (juoda) ; \u012emontuota pagalbin\u0117 \u0161viesa ; Rai\u0161ka - 4MP ; \u012emontuotas mikrofonas ; Type-C s\u0105saja skirta USB 2.0\" \/>\n<meta property=\"og:url\" content=\"https:\/\/eheating.lt\/produktas\/hikvision-internetine-kamera-ids-ul4p-juoda\/\" \/>\n<meta property=\"og:site_name\" content=\"Elektronika Namams\" \/>\n<meta property=\"article:publisher\" content=\"https:\/\/www.facebook.com\/ElektronikaNamams\" \/>\n<meta property=\"article:modified_time\" content=\"2024-10-18T14:42:42+00:00\" \/>\n<meta property=\"og:image\" content=\"https:\/\/eheating.lt\/wp-content\/uploads\/2023\/10\/Hikvision-internetine-kamera-iDS-UL4P-juoda.png\" \/>\n\t<meta property=\"og:image:width\" content=\"800\" \/>\n\t<meta property=\"og:image:height\" content=\"800\" \/>\n\t<meta property=\"og:image:type\" content=\"image\/png\" \/>\n<meta name=\"twitter:card\" content=\"summary_large_image\" \/>\n<meta name=\"twitter:label1\" content=\"Price\" \/>\n\t<meta name=\"twitter:data1\" content=\"185,78&nbsp;&euro;\" \/>\n\t<meta name=\"twitter:label2\" content=\"Availability\" \/>\n\t<meta name=\"twitter:data2\" content=\"In stock\" \/>\n<script type=\"application\/ld+json\" class=\"yoast-schema-graph\">{\"@context\":\"https:\\\/\\\/schema.org\",\"@graph\":[{\"@type\":\"WebPage\",\"@id\":\"https:\\\/\\\/eheating.lt\\\/produktas\\\/hikvision-internetine-kamera-ids-ul4p-juoda\\\/\",\"url\":\"https:\\\/\\\/eheating.lt\\\/produktas\\\/hikvision-internetine-kamera-ids-ul4p-juoda\\\/\",\"name\":\"Hikvision internetin\u0117 kamera iDS-UL4P (juoda)\",\"isPartOf\":{\"@id\":\"https:\\\/\\\/eheating.lt\\\/#website\"},\"primaryImageOfPage\":{\"@id\":\"https:\\\/\\\/eheating.lt\\\/produktas\\\/hikvision-internetine-kamera-ids-ul4p-juoda\\\/#primaryimage\"},\"image\":{\"@id\":\"https:\\\/\\\/eheating.lt\\\/produktas\\\/hikvision-internetine-kamera-ids-ul4p-juoda\\\/#primaryimage\"},\"thumbnailUrl\":\"https:\\\/\\\/eheating.lt\\\/wp-content\\\/uploads\\\/2023\\\/10\\\/Hikvision-internetine-kamera-iDS-UL4P-juoda.png\",\"datePublished\":\"2023-11-13T19:37:42+00:00\",\"dateModified\":\"2024-10-18T14:42:42+00:00\",\"description\":\"Hikvision internetin\u0117 kamera iDS-UL4P (juoda) ; \u012emontuota pagalbin\u0117 \u0161viesa ; Rai\u0161ka - 4MP ; \u012emontuotas mikrofonas ; Type-C s\u0105saja skirta USB 2.0\",\"breadcrumb\":{\"@id\":\"https:\\\/\\\/eheating.lt\\\/produktas\\\/hikvision-internetine-kamera-ids-ul4p-juoda\\\/#breadcrumb\"},\"inLanguage\":\"en-US\",\"potentialAction\":[{\"@type\":\"ReadAction\",\"target\":[\"https:\\\/\\\/eheating.lt\\\/produktas\\\/hikvision-internetine-kamera-ids-ul4p-juoda\\\/\"]}]},{\"@type\":\"ImageObject\",\"inLanguage\":\"en-US\",\"@id\":\"https:\\\/\\\/eheating.lt\\\/produktas\\\/hikvision-internetine-kamera-ids-ul4p-juoda\\\/#primaryimage\",\"url\":\"https:\\\/\\\/eheating.lt\\\/wp-content\\\/uploads\\\/2023\\\/10\\\/Hikvision-internetine-kamera-iDS-UL4P-juoda.png\",\"contentUrl\":\"https:\\\/\\\/eheating.lt\\\/wp-content\\\/uploads\\\/2023\\\/10\\\/Hikvision-internetine-kamera-iDS-UL4P-juoda.png\",\"width\":800,\"height\":800,\"caption\":\"Hikvision internetin\u0117 kamera iDS-UL4P (juoda)\"},{\"@type\":\"BreadcrumbList\",\"@id\":\"https:\\\/\\\/eheating.lt\\\/produktas\\\/hikvision-internetine-kamera-ids-ul4p-juoda\\\/#breadcrumb\",\"itemListElement\":[{\"@type\":\"ListItem\",\"position\":1,\"name\":\"Prad\u017eia\",\"item\":\"https:\\\/\\\/eheating.lt\\\/en\\\/\"},{\"@type\":\"ListItem\",\"position\":2,\"name\":\"Shop\",\"item\":\"https:\\\/\\\/eheating.lt\\\/en\\\/?page_id=5734\"},{\"@type\":\"ListItem\",\"position\":3,\"name\":\"Hikvision internetin\u0117 kamera iDS-UL4P (juoda)\"}]},{\"@type\":\"WebSite\",\"@id\":\"https:\\\/\\\/eheating.lt\\\/#website\",\"url\":\"https:\\\/\\\/eheating.lt\\\/\",\"name\":\"eHeating\",\"description\":\"Elektronika ir \u0161ildymas\",\"potentialAction\":[{\"@type\":\"SearchAction\",\"target\":{\"@type\":\"EntryPoint\",\"urlTemplate\":\"https:\\\/\\\/eheating.lt\\\/?s={search_term_string}\"},\"query-input\":{\"@type\":\"PropertyValueSpecification\",\"valueRequired\":true,\"valueName\":\"search_term_string\"}}],\"inLanguage\":\"en-US\"}]}<\/script>\n<meta property=\"product:price:amount\" content=\"185.78\" \/>\n<meta property=\"product:price:currency\" content=\"EUR\" \/>\n<meta property=\"og:availability\" content=\"instock\" \/>\n<meta property=\"product:availability\" content=\"instock\" \/>\n<meta property=\"product:retailer_item_id\" content=\"eefa2c4cee33\" \/>\n<meta property=\"product:condition\" content=\"new\" \/>\n<!-- \/ Yoast SEO Premium plugin. -->","yoast_head_json":{"title":"Hikvision internetin\u0117 kamera iDS-UL4P (juoda)","description":"Hikvision internetin\u0117 kamera iDS-UL4P (juoda) ; \u012emontuota pagalbin\u0117 \u0161viesa ; Rai\u0161ka - 4MP ; \u012emontuotas mikrofonas ; Type-C s\u0105saja skirta USB 2.0","robots":{"index":"index","follow":"follow","max-snippet":"max-snippet:-1","max-image-preview":"max-image-preview:large","max-video-preview":"max-video-preview:-1"},"canonical":"https:\/\/eheating.lt\/produktas\/hikvision-internetine-kamera-ids-ul4p-juoda\/","og_locale":"en_US","og_type":"article","og_title":"Hikvision internetin\u0117 kamera iDS-UL4P (juoda)","og_description":"Hikvision internetin\u0117 kamera iDS-UL4P (juoda) ; \u012emontuota pagalbin\u0117 \u0161viesa ; Rai\u0161ka - 4MP ; \u012emontuotas mikrofonas ; Type-C s\u0105saja skirta USB 2.0","og_url":"https:\/\/eheating.lt\/produktas\/hikvision-internetine-kamera-ids-ul4p-juoda\/","og_site_name":"Elektronika Namams","article_publisher":"https:\/\/www.facebook.com\/ElektronikaNamams","article_modified_time":"2024-10-18T14:42:42+00:00","og_image":[{"width":800,"height":800,"url":"https:\/\/eheating.lt\/wp-content\/uploads\/2023\/10\/Hikvision-internetine-kamera-iDS-UL4P-juoda.png","type":"image\/png"}],"twitter_card":"summary_large_image","twitter_misc":{"Price":"185,78&nbsp;&euro;","Availability":"In stock"},"schema":{"@context":"https:\/\/schema.org","@graph":[{"@type":"WebPage","@id":"https:\/\/eheating.lt\/produktas\/hikvision-internetine-kamera-ids-ul4p-juoda\/","url":"https:\/\/eheating.lt\/produktas\/hikvision-internetine-kamera-ids-ul4p-juoda\/","name":"Hikvision internetin\u0117 kamera iDS-UL4P (juoda)","isPartOf":{"@id":"https:\/\/eheating.lt\/#website"},"primaryImageOfPage":{"@id":"https:\/\/eheating.lt\/produktas\/hikvision-internetine-kamera-ids-ul4p-juoda\/#primaryimage"},"image":{"@id":"https:\/\/eheating.lt\/produktas\/hikvision-internetine-kamera-ids-ul4p-juoda\/#primaryimage"},"thumbnailUrl":"https:\/\/eheating.lt\/wp-content\/uploads\/2023\/10\/Hikvision-internetine-kamera-iDS-UL4P-juoda.png","datePublished":"2023-11-13T19:37:42+00:00","dateModified":"2024-10-18T14:42:42+00:00","description":"Hikvision internetin\u0117 kamera iDS-UL4P (juoda) ; \u012emontuota pagalbin\u0117 \u0161viesa ; Rai\u0161ka - 4MP ; \u012emontuotas mikrofonas ; Type-C s\u0105saja skirta USB 2.0","breadcrumb":{"@id":"https:\/\/eheating.lt\/produktas\/hikvision-internetine-kamera-ids-ul4p-juoda\/#breadcrumb"},"inLanguage":"en-US","potentialAction":[{"@type":"ReadAction","target":["https:\/\/eheating.lt\/produktas\/hikvision-internetine-kamera-ids-ul4p-juoda\/"]}]},{"@type":"ImageObject","inLanguage":"en-US","@id":"https:\/\/eheating.lt\/produktas\/hikvision-internetine-kamera-ids-ul4p-juoda\/#primaryimage","url":"https:\/\/eheating.lt\/wp-content\/uploads\/2023\/10\/Hikvision-internetine-kamera-iDS-UL4P-juoda.png","contentUrl":"https:\/\/eheating.lt\/wp-content\/uploads\/2023\/10\/Hikvision-internetine-kamera-iDS-UL4P-juoda.png","width":800,"height":800,"caption":"Hikvision internetin\u0117 kamera iDS-UL4P (juoda)"},{"@type":"BreadcrumbList","@id":"https:\/\/eheating.lt\/produktas\/hikvision-internetine-kamera-ids-ul4p-juoda\/#breadcrumb","itemListElement":[{"@type":"ListItem","position":1,"name":"Prad\u017eia","item":"https:\/\/eheating.lt\/en\/"},{"@type":"ListItem","position":2,"name":"Shop","item":"https:\/\/eheating.lt\/en\/?page_id=5734"},{"@type":"ListItem","position":3,"name":"Hikvision internetin\u0117 kamera iDS-UL4P (juoda)"}]},{"@type":"WebSite","@id":"https:\/\/eheating.lt\/#website","url":"https:\/\/eheating.lt\/","name":"eHeating","description":"Elektronika ir \u0161ildymas","potentialAction":[{"@type":"SearchAction","target":{"@type":"EntryPoint","urlTemplate":"https:\/\/eheating.lt\/?s={search_term_string}"},"query-input":{"@type":"PropertyValueSpecification","valueRequired":true,"valueName":"search_term_string"}}],"inLanguage":"en-US"}]},"product_price_amount":"185.78","product_price_currency":"EUR","og_availability":"instock","product_availability":"instock","product_retailer_item_id":"eefa2c4cee33","product_condition":"new"},"_links":{"self":[{"href":"https:\/\/eheating.lt\/en\/wp-json\/wp\/v2\/product\/26450","targetHints":{"allow":["GET"]}}],"collection":[{"href":"https:\/\/eheating.lt\/en\/wp-json\/wp\/v2\/product"}],"about":[{"href":"https:\/\/eheating.lt\/en\/wp-json\/wp\/v2\/types\/product"}],"replies":[{"embeddable":true,"href":"https:\/\/eheating.lt\/en\/wp-json\/wp\/v2\/comments?post=26450"}],"version-history":[{"count":0,"href":"https:\/\/eheating.lt\/en\/wp-json\/wp\/v2\/product\/26450\/revisions"}],"wp:featuredmedia":[{"embeddable":true,"href":"https:\/\/eheating.lt\/en\/wp-json\/wp\/v2\/media\/28090"}],"wp:attachment":[{"href":"https:\/\/eheating.lt\/en\/wp-json\/wp\/v2\/media?parent=26450"}],"wp:term":[{"taxonomy":"product_brand","embeddable":true,"href":"https:\/\/eheating.lt\/en\/wp-json\/wp\/v2\/product_brand?post=26450"},{"taxonomy":"product_cat","embeddable":true,"href":"https:\/\/eheating.lt\/en\/wp-json\/wp\/v2\/product_cat?post=26450"},{"taxonomy":"product_tag","embeddable":true,"href":"https:\/\/eheating.lt\/en\/wp-json\/wp\/v2\/product_tag?post=26450"}],"curies":[{"name":"wp","href":"https:\/\/api.w.org\/{rel}","templated":true}]}}