{"id":26370,"date":"2023-11-13T21:58:39","date_gmt":"2023-11-13T19:58:39","guid":{"rendered":"https:\/\/eheating.lt\/?post_type=product&#038;p=26370"},"modified":"2024-10-18T17:42:11","modified_gmt":"2024-10-18T14:42:11","slug":"hikvision-ds-d5024fn-sp-monitorius-24","status":"publish","type":"product","link":"https:\/\/eheating.lt\/en\/produktas\/hikvision-ds-d5024fn-sp-monitorius-24\/","title":{"rendered":"Hikvision DS-D5024FN SP monitorius 24&#8243;"},"content":{"rendered":"<ul class=\"tech-specs-items-description\" data-target=\"General\">\n<li class=\"tech-specs-items-description-list\"><span class=\"tech-specs-items-description__title--heading\">Pagrindinis<\/span><\/li>\n<li class=\"tech-specs-items-description-list\"><span class=\"tech-specs-items-description__title\">Garsiakalbis<\/span><span class=\"tech-specs-items-description__title-details\">NA<\/span><\/li>\n<li class=\"tech-specs-items-description-list\"><span class=\"tech-specs-items-description__title\">Dydis<\/span><span class=\"tech-specs-items-description__title-details\">540\u00d7418\u00d7227mm( 21.26&#8221; \u00d7 16.46&#8221; \u00d7 8.94&#8221;)<\/span><\/li>\n<li class=\"tech-specs-items-description-list\"><span class=\"tech-specs-items-description__title\">\u012epakavimo dydis<\/span><span class=\"tech-specs-items-description__title-details\">618*491*112mm( 24.33&#8221; \u00d7 19.33&#8221; \u00d7 4.41&#8221;)<\/span><\/li>\n<li class=\"tech-specs-items-description-list\"><span class=\"tech-specs-items-description__title\">Svoris su \u012fpakavimo<\/span><span class=\"tech-specs-items-description__title-details\">4.44 kg (9.8 lb.)<\/span><\/li>\n<li class=\"tech-specs-items-description-list\"><span class=\"tech-specs-items-description__title\">Svoris be \u012fpakavimo<\/span><span class=\"tech-specs-items-description__title-details\">3.43 kg (7.6 lb.)<\/span><\/li>\n<li class=\"tech-specs-items-description-list\"><span class=\"tech-specs-items-description__title\">Sand\u0117liavimo s\u0105lygos temperat\u016bra<\/span><span class=\"tech-specs-items-description__title-details\">-20 to 60 \u00ba C (-4 to 140 \u00ba F)<\/span><\/li>\n<li class=\"tech-specs-items-description-list\"><span class=\"tech-specs-items-description__title\">Maitinimas<\/span><span class=\"tech-specs-items-description__title-details\">100 to 240 VAC, 50\/60Hz<\/span><\/li>\n<li class=\"tech-specs-items-description-list\"><span class=\"tech-specs-items-description__title\">Darbin\u0117 temperat\u016bra<\/span><span class=\"tech-specs-items-description__title-details\">0 to 40 \u00ba C (32 to 104 \u00ba F)<\/span><\/li>\n<li class=\"tech-specs-items-description-list\"><span class=\"tech-specs-items-description__title\">Atsparumas dr\u0117gmei<\/span><span class=\"tech-specs-items-description__title-details\">10 to 90 %<\/span><\/li>\n<li class=\"tech-specs-items-description-list\"><span class=\"tech-specs-items-description__title\">Sand\u0117liavimo s\u0105lygos dr\u0117gm\u0117<\/span><span class=\"tech-specs-items-description__title-details\">5 to 95%<\/span><\/li>\n<li class=\"tech-specs-items-description-list\"><span class=\"tech-specs-items-description__title\">Tvirtinimo prie sienos var\u017etas<\/span><span class=\"tech-specs-items-description__title-details\">M4<\/span><\/li>\n<li class=\"tech-specs-items-description-list\"><span class=\"tech-specs-items-description__title\">Tvirtinimo prie sienos anga<\/span><span class=\"tech-specs-items-description__title-details\">100 \u00d7100 mm<\/span><\/li>\n<li class=\"tech-specs-items-description-list\"><span class=\"tech-specs-items-description__title\">Energijos suvartojimas bud\u0117jimo re\u017eimu<\/span><span class=\"tech-specs-items-description__title-details\">\u2264 0.5 W<\/span><\/li>\n<li class=\"tech-specs-items-description-list\"><span class=\"tech-specs-items-description__title\">Energijos sunaudojimas<\/span><span class=\"tech-specs-items-description__title-details\">100 to 240 VAC, 50\/60Hz<\/span><\/li>\n<li class=\"tech-specs-items-description-list\"><span class=\"tech-specs-items-description__title\">Korpuso spalva<\/span><span class=\"tech-specs-items-description__title-details\">Black<\/span><\/li>\n<li class=\"tech-specs-items-description-list\"><span class=\"tech-specs-items-description__title\">Korpuso med\u017eiagas<\/span><span class=\"tech-specs-items-description__title-details\">Plastic<\/span><\/li>\n<\/ul>\n<ul class=\"tech-specs-items-description\" data-target=\"Interfaces\">\n<li class=\"tech-specs-items-description-list\"><span class=\"tech-specs-items-description__title--heading\">S\u0105sajos<\/span><\/li>\n<li class=\"tech-specs-items-description-list\"><span class=\"tech-specs-items-description__title\">HDMI \u012fvestis<\/span><span class=\"tech-specs-items-description__title-details\">1<\/span><\/li>\n<li class=\"tech-specs-items-description-list\"><span class=\"tech-specs-items-description__title\">VGA \u012fvestis<\/span><span class=\"tech-specs-items-description__title-details\">1<\/span><\/li>\n<\/ul>\n<ul class=\"tech-specs-items-description\" data-target=\"Accessories\">\n<li class=\"tech-specs-items-description-list\"><span class=\"tech-specs-items-description__title--heading\">Priedai<\/span><\/li>\n<li class=\"tech-specs-items-description-list\"><span class=\"tech-specs-items-description__title\">Maitinimo kabelis<\/span><span class=\"tech-specs-items-description__title-details\">1<\/span><\/li>\n<li class=\"tech-specs-items-description-list\"><span class=\"tech-specs-items-description__title\">HDMI kabelis<\/span><span class=\"tech-specs-items-description__title-details\">1<\/span><\/li>\n<li class=\"tech-specs-items-description-list\"><span class=\"tech-specs-items-description__title\">Vartotojo vadovas<\/span><span class=\"tech-specs-items-description__title-details\">1<\/span><\/li>\n<\/ul>\n<ul class=\"tech-specs-items-description\" data-target=\"Monitor\">\n<li class=\"tech-specs-items-description-list\"><span class=\"tech-specs-items-description__title--heading\">Monitorius<\/span><\/li>\n<li class=\"tech-specs-items-description-list\"><span class=\"tech-specs-items-description__title\">Foninis ap\u0161vietimas<\/span><span class=\"tech-specs-items-description__title-details\">TFT-LED Backlight<\/span><\/li>\n<li class=\"tech-specs-items-description-list\"><span class=\"tech-specs-items-description__title\">Ekrano dydis<\/span><span class=\"tech-specs-items-description__title-details\">23.8 inch<\/span><\/li>\n<li class=\"tech-specs-items-description-list\"><span class=\"tech-specs-items-description__title\">Maksimali rai\u0161ka<\/span><span class=\"tech-specs-items-description__title-details\">1920 \u00d71080@60Hz<\/span><\/li>\n<li class=\"tech-specs-items-description-list\"><span class=\"tech-specs-items-description__title\">Ry\u0161kumas<\/span><span class=\"tech-specs-items-description__title-details\">250 cd\/m\u00b2<\/span><\/li>\n<li class=\"tech-specs-items-description-list\"><span class=\"tech-specs-items-description__title\">Kontrastas<\/span><span class=\"tech-specs-items-description__title-details\">4000: 1<\/span><\/li>\n<li class=\"tech-specs-items-description-list\"><span class=\"tech-specs-items-description__title\">Reakcijos laikas<\/span><span class=\"tech-specs-items-description__title-details\">14ms<\/span><\/li>\n<li class=\"tech-specs-items-description-list\"><span class=\"tech-specs-items-description__title\">Spalva<\/span><span class=\"tech-specs-items-description__title-details\">16.7M<\/span><\/li>\n<li class=\"tech-specs-items-description-list\"><span class=\"tech-specs-items-description__title\">Aktyvi zona<\/span><span class=\"tech-specs-items-description__title-details\">527 \u00d7 296 mm<\/span><\/li>\n<li class=\"tech-specs-items-description-list\"><span class=\"tech-specs-items-description__title\">\u017di\u016br\u0117jimo kampas<\/span><span class=\"tech-specs-items-description__title-details\">Horizantal 178\u00b0, vertical 178\u00b0<\/span><\/li>\n<\/ul>\n","protected":false},"excerpt":{"rendered":"<ul>\n<li>Full HD 1920\u00d71080<\/li>\n<li>Platus matymo kampas: 178\u00b0(H)\/178\u00b0(V)<\/li>\n<li>Patogus valdymo meniu<\/li>\n<li>Komponentai skirti darbui 24\/7<\/li>\n<li>1 kanalo HDMI 1.3 \u012fvesties s\u0105saja<\/li>\n<li>Trys vaizdo re\u017eimai, skirti pritaikyti skirting\u0105 aplink\u0105<\/li>\n<li>Palaiko plataus spektro technologij\u0105, kad suma\u017eintum\u0117te EMI spinduliuot\u0119<\/li>\n<li>VESA stovo laikiklis<\/li>\n<\/ul>\n","protected":false},"featured_media":28318,"comment_status":"closed","ping_status":"closed","template":"","meta":[],"product_brand":[],"product_cat":[533,537,305,341,584,318],"product_tag":[],"class_list":{"0":"post-26370","1":"product","2":"type-product","3":"status-publish","4":"has-post-thumbnail","6":"product_cat-ip-vaizdo-stebejimo-sistemos","7":"product_cat-turbo-hd-kita-iranga","8":"product_cat-ip-kita-iranga","9":"product_cat-monitoriai","10":"product_cat-monitoriai-turbo-hd","11":"product_cat-turbo-hd-apsauga","13":"first","14":"onbackorder","15":"purchasable","16":"product-type-simple"},"yoast_head":"<!-- This site is optimized with the Yoast SEO Premium plugin v21.5 (Yoast SEO v27.3) - https:\/\/yoast.com\/product\/yoast-seo-premium-wordpress\/ -->\n<title>Hikvision DS-D5024FN SP monitorius 24&quot;<\/title>\n<meta name=\"description\" content=\"Hikvision DS-D5024FN SP monitorius 24&quot; ; Full HD 1920\u00d71080 ; Platus matymo kampas: 178\u00b0(H)\/178\u00b0(V) ; 1 kanalo HDMI 1.3 \u012fvesties s\u0105saja\" \/>\n<meta name=\"robots\" content=\"index, follow, max-snippet:-1, max-image-preview:large, max-video-preview:-1\" \/>\n<link rel=\"canonical\" href=\"https:\/\/eheating.lt\/produktas\/hikvision-ds-d5024fn-sp-monitorius-24\/\" \/>\n<meta property=\"og:locale\" content=\"en_US\" \/>\n<meta property=\"og:type\" content=\"article\" \/>\n<meta property=\"og:title\" content=\"Hikvision DS-D5024FN SP monitorius 24&quot;\" \/>\n<meta property=\"og:description\" content=\"Hikvision DS-D5024FN SP monitorius 24&quot; ; Full HD 1920\u00d71080 ; Platus matymo kampas: 178\u00b0(H)\/178\u00b0(V) ; 1 kanalo HDMI 1.3 \u012fvesties s\u0105saja\" \/>\n<meta property=\"og:url\" content=\"https:\/\/eheating.lt\/produktas\/hikvision-ds-d5024fn-sp-monitorius-24\/\" \/>\n<meta property=\"og:site_name\" content=\"Elektronika Namams\" \/>\n<meta property=\"article:publisher\" content=\"https:\/\/www.facebook.com\/ElektronikaNamams\" \/>\n<meta property=\"article:modified_time\" content=\"2024-10-18T14:42:11+00:00\" \/>\n<meta property=\"og:image\" content=\"https:\/\/eheating.lt\/wp-content\/uploads\/2023\/10\/Hikvision-DS-D5024FN-SP-monitorius-24.png\" \/>\n\t<meta property=\"og:image:width\" content=\"800\" \/>\n\t<meta property=\"og:image:height\" content=\"800\" \/>\n\t<meta property=\"og:image:type\" content=\"image\/png\" \/>\n<meta name=\"twitter:card\" content=\"summary_large_image\" \/>\n<meta name=\"twitter:label1\" content=\"Price\" \/>\n\t<meta name=\"twitter:data1\" content=\"140,28&nbsp;&euro;\" \/>\n\t<meta name=\"twitter:label2\" content=\"Availability\" \/>\n\t<meta name=\"twitter:data2\" content=\"On backorder\" \/>\n<script type=\"application\/ld+json\" class=\"yoast-schema-graph\">{\"@context\":\"https:\\\/\\\/schema.org\",\"@graph\":[{\"@type\":\"WebPage\",\"@id\":\"https:\\\/\\\/eheating.lt\\\/produktas\\\/hikvision-ds-d5024fn-sp-monitorius-24\\\/\",\"url\":\"https:\\\/\\\/eheating.lt\\\/produktas\\\/hikvision-ds-d5024fn-sp-monitorius-24\\\/\",\"name\":\"Hikvision DS-D5024FN SP monitorius 24\\\"\",\"isPartOf\":{\"@id\":\"https:\\\/\\\/eheating.lt\\\/#website\"},\"primaryImageOfPage\":{\"@id\":\"https:\\\/\\\/eheating.lt\\\/produktas\\\/hikvision-ds-d5024fn-sp-monitorius-24\\\/#primaryimage\"},\"image\":{\"@id\":\"https:\\\/\\\/eheating.lt\\\/produktas\\\/hikvision-ds-d5024fn-sp-monitorius-24\\\/#primaryimage\"},\"thumbnailUrl\":\"https:\\\/\\\/eheating.lt\\\/wp-content\\\/uploads\\\/2023\\\/10\\\/Hikvision-DS-D5024FN-SP-monitorius-24.png\",\"datePublished\":\"2023-11-13T19:58:39+00:00\",\"dateModified\":\"2024-10-18T14:42:11+00:00\",\"description\":\"Hikvision DS-D5024FN SP monitorius 24\\\" ; Full HD 1920\u00d71080 ; Platus matymo kampas: 178\u00b0(H)\\\/178\u00b0(V) ; 1 kanalo HDMI 1.3 \u012fvesties s\u0105saja\",\"breadcrumb\":{\"@id\":\"https:\\\/\\\/eheating.lt\\\/produktas\\\/hikvision-ds-d5024fn-sp-monitorius-24\\\/#breadcrumb\"},\"inLanguage\":\"en-US\",\"potentialAction\":[{\"@type\":\"ReadAction\",\"target\":[\"https:\\\/\\\/eheating.lt\\\/produktas\\\/hikvision-ds-d5024fn-sp-monitorius-24\\\/\"]}]},{\"@type\":\"ImageObject\",\"inLanguage\":\"en-US\",\"@id\":\"https:\\\/\\\/eheating.lt\\\/produktas\\\/hikvision-ds-d5024fn-sp-monitorius-24\\\/#primaryimage\",\"url\":\"https:\\\/\\\/eheating.lt\\\/wp-content\\\/uploads\\\/2023\\\/10\\\/Hikvision-DS-D5024FN-SP-monitorius-24.png\",\"contentUrl\":\"https:\\\/\\\/eheating.lt\\\/wp-content\\\/uploads\\\/2023\\\/10\\\/Hikvision-DS-D5024FN-SP-monitorius-24.png\",\"width\":800,\"height\":800,\"caption\":\"Hikvision DS-D5024FN SP monitorius 24\\\"\"},{\"@type\":\"BreadcrumbList\",\"@id\":\"https:\\\/\\\/eheating.lt\\\/produktas\\\/hikvision-ds-d5024fn-sp-monitorius-24\\\/#breadcrumb\",\"itemListElement\":[{\"@type\":\"ListItem\",\"position\":1,\"name\":\"Prad\u017eia\",\"item\":\"https:\\\/\\\/eheating.lt\\\/en\\\/\"},{\"@type\":\"ListItem\",\"position\":2,\"name\":\"Shop\",\"item\":\"https:\\\/\\\/eheating.lt\\\/en\\\/?page_id=5734\"},{\"@type\":\"ListItem\",\"position\":3,\"name\":\"Hikvision DS-D5024FN SP monitorius 24&#8243;\"}]},{\"@type\":\"WebSite\",\"@id\":\"https:\\\/\\\/eheating.lt\\\/#website\",\"url\":\"https:\\\/\\\/eheating.lt\\\/\",\"name\":\"eHeating\",\"description\":\"Elektronika ir \u0161ildymas\",\"potentialAction\":[{\"@type\":\"SearchAction\",\"target\":{\"@type\":\"EntryPoint\",\"urlTemplate\":\"https:\\\/\\\/eheating.lt\\\/?s={search_term_string}\"},\"query-input\":{\"@type\":\"PropertyValueSpecification\",\"valueRequired\":true,\"valueName\":\"search_term_string\"}}],\"inLanguage\":\"en-US\"}]}<\/script>\n<meta property=\"product:price:amount\" content=\"140.28\" \/>\n<meta property=\"product:price:currency\" content=\"EUR\" \/>\n<meta property=\"og:availability\" content=\"backorder\" \/>\n<meta property=\"product:availability\" content=\"available for order\" \/>\n<meta property=\"product:retailer_item_id\" content=\"6210c33e8b83\" \/>\n<meta property=\"product:condition\" content=\"new\" \/>\n<!-- \/ Yoast SEO Premium plugin. -->","yoast_head_json":{"title":"Hikvision DS-D5024FN SP monitorius 24\"","description":"Hikvision DS-D5024FN SP monitorius 24\" ; Full HD 1920\u00d71080 ; Platus matymo kampas: 178\u00b0(H)\/178\u00b0(V) ; 1 kanalo HDMI 1.3 \u012fvesties s\u0105saja","robots":{"index":"index","follow":"follow","max-snippet":"max-snippet:-1","max-image-preview":"max-image-preview:large","max-video-preview":"max-video-preview:-1"},"canonical":"https:\/\/eheating.lt\/produktas\/hikvision-ds-d5024fn-sp-monitorius-24\/","og_locale":"en_US","og_type":"article","og_title":"Hikvision DS-D5024FN SP monitorius 24\"","og_description":"Hikvision DS-D5024FN SP monitorius 24\" ; Full HD 1920\u00d71080 ; Platus matymo kampas: 178\u00b0(H)\/178\u00b0(V) ; 1 kanalo HDMI 1.3 \u012fvesties s\u0105saja","og_url":"https:\/\/eheating.lt\/produktas\/hikvision-ds-d5024fn-sp-monitorius-24\/","og_site_name":"Elektronika Namams","article_publisher":"https:\/\/www.facebook.com\/ElektronikaNamams","article_modified_time":"2024-10-18T14:42:11+00:00","og_image":[{"width":800,"height":800,"url":"https:\/\/eheating.lt\/wp-content\/uploads\/2023\/10\/Hikvision-DS-D5024FN-SP-monitorius-24.png","type":"image\/png"}],"twitter_card":"summary_large_image","twitter_misc":{"Price":"140,28&nbsp;&euro;","Availability":"On backorder"},"schema":{"@context":"https:\/\/schema.org","@graph":[{"@type":"WebPage","@id":"https:\/\/eheating.lt\/produktas\/hikvision-ds-d5024fn-sp-monitorius-24\/","url":"https:\/\/eheating.lt\/produktas\/hikvision-ds-d5024fn-sp-monitorius-24\/","name":"Hikvision DS-D5024FN SP monitorius 24\"","isPartOf":{"@id":"https:\/\/eheating.lt\/#website"},"primaryImageOfPage":{"@id":"https:\/\/eheating.lt\/produktas\/hikvision-ds-d5024fn-sp-monitorius-24\/#primaryimage"},"image":{"@id":"https:\/\/eheating.lt\/produktas\/hikvision-ds-d5024fn-sp-monitorius-24\/#primaryimage"},"thumbnailUrl":"https:\/\/eheating.lt\/wp-content\/uploads\/2023\/10\/Hikvision-DS-D5024FN-SP-monitorius-24.png","datePublished":"2023-11-13T19:58:39+00:00","dateModified":"2024-10-18T14:42:11+00:00","description":"Hikvision DS-D5024FN SP monitorius 24\" ; Full HD 1920\u00d71080 ; Platus matymo kampas: 178\u00b0(H)\/178\u00b0(V) ; 1 kanalo HDMI 1.3 \u012fvesties s\u0105saja","breadcrumb":{"@id":"https:\/\/eheating.lt\/produktas\/hikvision-ds-d5024fn-sp-monitorius-24\/#breadcrumb"},"inLanguage":"en-US","potentialAction":[{"@type":"ReadAction","target":["https:\/\/eheating.lt\/produktas\/hikvision-ds-d5024fn-sp-monitorius-24\/"]}]},{"@type":"ImageObject","inLanguage":"en-US","@id":"https:\/\/eheating.lt\/produktas\/hikvision-ds-d5024fn-sp-monitorius-24\/#primaryimage","url":"https:\/\/eheating.lt\/wp-content\/uploads\/2023\/10\/Hikvision-DS-D5024FN-SP-monitorius-24.png","contentUrl":"https:\/\/eheating.lt\/wp-content\/uploads\/2023\/10\/Hikvision-DS-D5024FN-SP-monitorius-24.png","width":800,"height":800,"caption":"Hikvision DS-D5024FN SP monitorius 24\""},{"@type":"BreadcrumbList","@id":"https:\/\/eheating.lt\/produktas\/hikvision-ds-d5024fn-sp-monitorius-24\/#breadcrumb","itemListElement":[{"@type":"ListItem","position":1,"name":"Prad\u017eia","item":"https:\/\/eheating.lt\/en\/"},{"@type":"ListItem","position":2,"name":"Shop","item":"https:\/\/eheating.lt\/en\/?page_id=5734"},{"@type":"ListItem","position":3,"name":"Hikvision DS-D5024FN SP monitorius 24&#8243;"}]},{"@type":"WebSite","@id":"https:\/\/eheating.lt\/#website","url":"https:\/\/eheating.lt\/","name":"eHeating","description":"Elektronika ir \u0161ildymas","potentialAction":[{"@type":"SearchAction","target":{"@type":"EntryPoint","urlTemplate":"https:\/\/eheating.lt\/?s={search_term_string}"},"query-input":{"@type":"PropertyValueSpecification","valueRequired":true,"valueName":"search_term_string"}}],"inLanguage":"en-US"}]},"product_price_amount":"140.28","product_price_currency":"EUR","og_availability":"backorder","product_availability":"available for order","product_retailer_item_id":"6210c33e8b83","product_condition":"new"},"_links":{"self":[{"href":"https:\/\/eheating.lt\/en\/wp-json\/wp\/v2\/product\/26370","targetHints":{"allow":["GET"]}}],"collection":[{"href":"https:\/\/eheating.lt\/en\/wp-json\/wp\/v2\/product"}],"about":[{"href":"https:\/\/eheating.lt\/en\/wp-json\/wp\/v2\/types\/product"}],"replies":[{"embeddable":true,"href":"https:\/\/eheating.lt\/en\/wp-json\/wp\/v2\/comments?post=26370"}],"version-history":[{"count":0,"href":"https:\/\/eheating.lt\/en\/wp-json\/wp\/v2\/product\/26370\/revisions"}],"wp:featuredmedia":[{"embeddable":true,"href":"https:\/\/eheating.lt\/en\/wp-json\/wp\/v2\/media\/28318"}],"wp:attachment":[{"href":"https:\/\/eheating.lt\/en\/wp-json\/wp\/v2\/media?parent=26370"}],"wp:term":[{"taxonomy":"product_brand","embeddable":true,"href":"https:\/\/eheating.lt\/en\/wp-json\/wp\/v2\/product_brand?post=26370"},{"taxonomy":"product_cat","embeddable":true,"href":"https:\/\/eheating.lt\/en\/wp-json\/wp\/v2\/product_cat?post=26370"},{"taxonomy":"product_tag","embeddable":true,"href":"https:\/\/eheating.lt\/en\/wp-json\/wp\/v2\/product_tag?post=26370"}],"curies":[{"name":"wp","href":"https:\/\/api.w.org\/{rel}","templated":true}]}}