{"id":25054,"date":"2023-12-28T11:13:08","date_gmt":"2023-12-28T09:13:08","guid":{"rendered":"https:\/\/eheating.lt\/?post_type=product&#038;p=25054"},"modified":"2024-10-18T17:32:32","modified_gmt":"2024-10-18T14:32:32","slug":"cyfral-v-4-monitorius-skirtas-naudoti-su-pc-4000-telefonspynemis","status":"publish","type":"product","link":"https:\/\/eheating.lt\/en\/produktas\/cyfral-v-4-monitorius-skirtas-naudoti-su-pc-4000-telefonspynemis\/","title":{"rendered":"Cyfral V.4 Monitorius, skirtas naudoti su"},"content":{"rendered":"","protected":false},"excerpt":{"rendered":"<ul>\n<li>Monitorius Cyfral V.4<\/li>\n<li>4 colio rai\u0161ka 320&#215;240<\/li>\n<li>Plastikinis korpusas<\/li>\n<li>Skirtas naudoti su PC-4000 telefonspyn\u0117mis<\/li>\n<\/ul>\n","protected":false},"featured_media":29714,"comment_status":"closed","ping_status":"closed","template":"","meta":[],"product_brand":[],"product_cat":[357,358,356],"product_tag":[],"class_list":{"0":"post-25054","1":"product","2":"type-product","3":"status-publish","4":"has-post-thumbnail","6":"product_cat-audio-telefonspynes","7":"product_cat-iskvietimo-moduliai","8":"product_cat-vaizdo-telefonspynes","10":"first","11":"onbackorder","12":"purchasable","13":"product-type-simple"},"yoast_head":"<!-- This site is optimized with the Yoast SEO Premium plugin v21.5 (Yoast SEO v27.3) - https:\/\/yoast.com\/product\/yoast-seo-premium-wordpress\/ -->\n<title>Cyfral V.4 Monitorius, skirtas naudoti su PC-4000 telefonspyn\u0117mis<\/title>\n<meta name=\"robots\" content=\"index, follow, max-snippet:-1, max-image-preview:large, max-video-preview:-1\" \/>\n<link rel=\"canonical\" href=\"https:\/\/eheating.lt\/en\/produktas\/cyfral-v-4-monitorius-skirtas-naudoti-su-pc-4000-telefonspynemis\/\" \/>\n<meta property=\"og:locale\" content=\"en_US\" \/>\n<meta property=\"og:type\" content=\"article\" \/>\n<meta property=\"og:title\" content=\"Cyfral V.4 Monitorius, skirtas naudoti su PC-4000 telefonspyn\u0117mis\" \/>\n<meta property=\"og:description\" content=\"Monitorius Cyfral V.4  4 colio rai\u0161ka 320x240  Plastikinis korpusas  Skirtas naudoti su PC-4000 telefonspyn\u0117mis\" \/>\n<meta property=\"og:url\" content=\"https:\/\/eheating.lt\/en\/produktas\/cyfral-v-4-monitorius-skirtas-naudoti-su-pc-4000-telefonspynemis\/\" \/>\n<meta property=\"og:site_name\" content=\"Elektronika Namams\" \/>\n<meta property=\"article:publisher\" content=\"https:\/\/www.facebook.com\/ElektronikaNamams\" \/>\n<meta property=\"article:modified_time\" content=\"2024-10-18T14:32:32+00:00\" \/>\n<meta property=\"og:image\" content=\"https:\/\/eheating.lt\/wp-content\/uploads\/2023\/10\/Cyfral-V.4-Monitorius.png\" \/>\n\t<meta property=\"og:image:width\" content=\"800\" \/>\n\t<meta property=\"og:image:height\" content=\"800\" \/>\n\t<meta property=\"og:image:type\" content=\"image\/png\" \/>\n<meta name=\"twitter:card\" content=\"summary_large_image\" \/>\n<meta name=\"twitter:label1\" content=\"Price\" \/>\n\t<meta name=\"twitter:data1\" content=\"118,94&nbsp;&euro;\" \/>\n\t<meta name=\"twitter:label2\" content=\"Availability\" \/>\n\t<meta name=\"twitter:data2\" content=\"On backorder\" \/>\n<script type=\"application\/ld+json\" class=\"yoast-schema-graph\">{\"@context\":\"https:\\\/\\\/schema.org\",\"@graph\":[{\"@type\":\"WebPage\",\"@id\":\"https:\\\/\\\/eheating.lt\\\/en\\\/produktas\\\/cyfral-v-4-monitorius-skirtas-naudoti-su-pc-4000-telefonspynemis\\\/\",\"url\":\"https:\\\/\\\/eheating.lt\\\/en\\\/produktas\\\/cyfral-v-4-monitorius-skirtas-naudoti-su-pc-4000-telefonspynemis\\\/\",\"name\":\"Cyfral V.4 Monitorius, skirtas naudoti su PC-4000 telefonspyn\u0117mis\",\"isPartOf\":{\"@id\":\"https:\\\/\\\/eheating.lt\\\/#website\"},\"primaryImageOfPage\":{\"@id\":\"https:\\\/\\\/eheating.lt\\\/en\\\/produktas\\\/cyfral-v-4-monitorius-skirtas-naudoti-su-pc-4000-telefonspynemis\\\/#primaryimage\"},\"image\":{\"@id\":\"https:\\\/\\\/eheating.lt\\\/en\\\/produktas\\\/cyfral-v-4-monitorius-skirtas-naudoti-su-pc-4000-telefonspynemis\\\/#primaryimage\"},\"thumbnailUrl\":\"https:\\\/\\\/eheating.lt\\\/wp-content\\\/uploads\\\/2023\\\/10\\\/Cyfral-V.4-Monitorius.png\",\"datePublished\":\"2023-12-28T09:13:08+00:00\",\"dateModified\":\"2024-10-18T14:32:32+00:00\",\"breadcrumb\":{\"@id\":\"https:\\\/\\\/eheating.lt\\\/en\\\/produktas\\\/cyfral-v-4-monitorius-skirtas-naudoti-su-pc-4000-telefonspynemis\\\/#breadcrumb\"},\"inLanguage\":\"en-US\",\"potentialAction\":[{\"@type\":\"ReadAction\",\"target\":[\"https:\\\/\\\/eheating.lt\\\/en\\\/produktas\\\/cyfral-v-4-monitorius-skirtas-naudoti-su-pc-4000-telefonspynemis\\\/\"]}]},{\"@type\":\"ImageObject\",\"inLanguage\":\"en-US\",\"@id\":\"https:\\\/\\\/eheating.lt\\\/en\\\/produktas\\\/cyfral-v-4-monitorius-skirtas-naudoti-su-pc-4000-telefonspynemis\\\/#primaryimage\",\"url\":\"https:\\\/\\\/eheating.lt\\\/wp-content\\\/uploads\\\/2023\\\/10\\\/Cyfral-V.4-Monitorius.png\",\"contentUrl\":\"https:\\\/\\\/eheating.lt\\\/wp-content\\\/uploads\\\/2023\\\/10\\\/Cyfral-V.4-Monitorius.png\",\"width\":800,\"height\":800,\"caption\":\"Cyfral V.4 monitorius\"},{\"@type\":\"BreadcrumbList\",\"@id\":\"https:\\\/\\\/eheating.lt\\\/en\\\/produktas\\\/cyfral-v-4-monitorius-skirtas-naudoti-su-pc-4000-telefonspynemis\\\/#breadcrumb\",\"itemListElement\":[{\"@type\":\"ListItem\",\"position\":1,\"name\":\"Prad\u017eia\",\"item\":\"https:\\\/\\\/eheating.lt\\\/en\\\/\"},{\"@type\":\"ListItem\",\"position\":2,\"name\":\"Shop\",\"item\":\"https:\\\/\\\/eheating.lt\\\/en\\\/?page_id=5734\"},{\"@type\":\"ListItem\",\"position\":3,\"name\":\"Cyfral V.4 Monitorius, skirtas naudoti su PC-4000 telefonspyn\u0117mis\"}]},{\"@type\":\"WebSite\",\"@id\":\"https:\\\/\\\/eheating.lt\\\/#website\",\"url\":\"https:\\\/\\\/eheating.lt\\\/\",\"name\":\"eHeating\",\"description\":\"Elektronika ir \u0161ildymas\",\"potentialAction\":[{\"@type\":\"SearchAction\",\"target\":{\"@type\":\"EntryPoint\",\"urlTemplate\":\"https:\\\/\\\/eheating.lt\\\/?s={search_term_string}\"},\"query-input\":{\"@type\":\"PropertyValueSpecification\",\"valueRequired\":true,\"valueName\":\"search_term_string\"}}],\"inLanguage\":\"en-US\"}]}<\/script>\n<meta property=\"product:price:amount\" content=\"118.94\" \/>\n<meta property=\"product:price:currency\" content=\"EUR\" \/>\n<meta property=\"og:availability\" content=\"backorder\" \/>\n<meta property=\"product:availability\" content=\"available for order\" \/>\n<meta property=\"product:retailer_item_id\" content=\"0f7fe185831a\" \/>\n<meta property=\"product:condition\" content=\"new\" \/>\n<!-- \/ Yoast SEO Premium plugin. -->","yoast_head_json":{"title":"Cyfral V.4 Monitorius, skirtas naudoti su PC-4000 telefonspyn\u0117mis","robots":{"index":"index","follow":"follow","max-snippet":"max-snippet:-1","max-image-preview":"max-image-preview:large","max-video-preview":"max-video-preview:-1"},"canonical":"https:\/\/eheating.lt\/en\/produktas\/cyfral-v-4-monitorius-skirtas-naudoti-su-pc-4000-telefonspynemis\/","og_locale":"en_US","og_type":"article","og_title":"Cyfral V.4 Monitorius, skirtas naudoti su PC-4000 telefonspyn\u0117mis","og_description":"Monitorius Cyfral V.4  4 colio rai\u0161ka 320x240  Plastikinis korpusas  Skirtas naudoti su PC-4000 telefonspyn\u0117mis","og_url":"https:\/\/eheating.lt\/en\/produktas\/cyfral-v-4-monitorius-skirtas-naudoti-su-pc-4000-telefonspynemis\/","og_site_name":"Elektronika Namams","article_publisher":"https:\/\/www.facebook.com\/ElektronikaNamams","article_modified_time":"2024-10-18T14:32:32+00:00","og_image":[{"width":800,"height":800,"url":"https:\/\/eheating.lt\/wp-content\/uploads\/2023\/10\/Cyfral-V.4-Monitorius.png","type":"image\/png"}],"twitter_card":"summary_large_image","twitter_misc":{"Price":"118,94&nbsp;&euro;","Availability":"On backorder"},"schema":{"@context":"https:\/\/schema.org","@graph":[{"@type":"WebPage","@id":"https:\/\/eheating.lt\/en\/produktas\/cyfral-v-4-monitorius-skirtas-naudoti-su-pc-4000-telefonspynemis\/","url":"https:\/\/eheating.lt\/en\/produktas\/cyfral-v-4-monitorius-skirtas-naudoti-su-pc-4000-telefonspynemis\/","name":"Cyfral V.4 Monitorius, skirtas naudoti su PC-4000 telefonspyn\u0117mis","isPartOf":{"@id":"https:\/\/eheating.lt\/#website"},"primaryImageOfPage":{"@id":"https:\/\/eheating.lt\/en\/produktas\/cyfral-v-4-monitorius-skirtas-naudoti-su-pc-4000-telefonspynemis\/#primaryimage"},"image":{"@id":"https:\/\/eheating.lt\/en\/produktas\/cyfral-v-4-monitorius-skirtas-naudoti-su-pc-4000-telefonspynemis\/#primaryimage"},"thumbnailUrl":"https:\/\/eheating.lt\/wp-content\/uploads\/2023\/10\/Cyfral-V.4-Monitorius.png","datePublished":"2023-12-28T09:13:08+00:00","dateModified":"2024-10-18T14:32:32+00:00","breadcrumb":{"@id":"https:\/\/eheating.lt\/en\/produktas\/cyfral-v-4-monitorius-skirtas-naudoti-su-pc-4000-telefonspynemis\/#breadcrumb"},"inLanguage":"en-US","potentialAction":[{"@type":"ReadAction","target":["https:\/\/eheating.lt\/en\/produktas\/cyfral-v-4-monitorius-skirtas-naudoti-su-pc-4000-telefonspynemis\/"]}]},{"@type":"ImageObject","inLanguage":"en-US","@id":"https:\/\/eheating.lt\/en\/produktas\/cyfral-v-4-monitorius-skirtas-naudoti-su-pc-4000-telefonspynemis\/#primaryimage","url":"https:\/\/eheating.lt\/wp-content\/uploads\/2023\/10\/Cyfral-V.4-Monitorius.png","contentUrl":"https:\/\/eheating.lt\/wp-content\/uploads\/2023\/10\/Cyfral-V.4-Monitorius.png","width":800,"height":800,"caption":"Cyfral V.4 monitorius"},{"@type":"BreadcrumbList","@id":"https:\/\/eheating.lt\/en\/produktas\/cyfral-v-4-monitorius-skirtas-naudoti-su-pc-4000-telefonspynemis\/#breadcrumb","itemListElement":[{"@type":"ListItem","position":1,"name":"Prad\u017eia","item":"https:\/\/eheating.lt\/en\/"},{"@type":"ListItem","position":2,"name":"Shop","item":"https:\/\/eheating.lt\/en\/?page_id=5734"},{"@type":"ListItem","position":3,"name":"Cyfral V.4 Monitorius, skirtas naudoti su PC-4000 telefonspyn\u0117mis"}]},{"@type":"WebSite","@id":"https:\/\/eheating.lt\/#website","url":"https:\/\/eheating.lt\/","name":"eHeating","description":"Elektronika ir \u0161ildymas","potentialAction":[{"@type":"SearchAction","target":{"@type":"EntryPoint","urlTemplate":"https:\/\/eheating.lt\/?s={search_term_string}"},"query-input":{"@type":"PropertyValueSpecification","valueRequired":true,"valueName":"search_term_string"}}],"inLanguage":"en-US"}]},"product_price_amount":"118.94","product_price_currency":"EUR","og_availability":"backorder","product_availability":"available for order","product_retailer_item_id":"0f7fe185831a","product_condition":"new"},"_links":{"self":[{"href":"https:\/\/eheating.lt\/en\/wp-json\/wp\/v2\/product\/25054","targetHints":{"allow":["GET"]}}],"collection":[{"href":"https:\/\/eheating.lt\/en\/wp-json\/wp\/v2\/product"}],"about":[{"href":"https:\/\/eheating.lt\/en\/wp-json\/wp\/v2\/types\/product"}],"replies":[{"embeddable":true,"href":"https:\/\/eheating.lt\/en\/wp-json\/wp\/v2\/comments?post=25054"}],"version-history":[{"count":0,"href":"https:\/\/eheating.lt\/en\/wp-json\/wp\/v2\/product\/25054\/revisions"}],"wp:featuredmedia":[{"embeddable":true,"href":"https:\/\/eheating.lt\/en\/wp-json\/wp\/v2\/media\/29714"}],"wp:attachment":[{"href":"https:\/\/eheating.lt\/en\/wp-json\/wp\/v2\/media?parent=25054"}],"wp:term":[{"taxonomy":"product_brand","embeddable":true,"href":"https:\/\/eheating.lt\/en\/wp-json\/wp\/v2\/product_brand?post=25054"},{"taxonomy":"product_cat","embeddable":true,"href":"https:\/\/eheating.lt\/en\/wp-json\/wp\/v2\/product_cat?post=25054"},{"taxonomy":"product_tag","embeddable":true,"href":"https:\/\/eheating.lt\/en\/wp-json\/wp\/v2\/product_tag?post=25054"}],"curies":[{"name":"wp","href":"https:\/\/api.w.org\/{rel}","templated":true}]}}