{"id":24754,"date":"2023-11-13T21:36:08","date_gmt":"2023-11-13T19:36:08","guid":{"rendered":"https:\/\/eheating.lt\/?post_type=product&#038;p=24754"},"modified":"2024-10-18T17:30:20","modified_gmt":"2024-10-18T14:30:20","slug":"ezviz-cs-cmt-solar-panel-e-saules-kolektorius-veikia-su-eb8","status":"publish","type":"product","link":"https:\/\/eheating.lt\/en\/produktas\/ezviz-cs-cmt-solar-panel-e-saules-kolektorius-veikia-su-eb8\/","title":{"rendered":"EZVIZ CS-CMT-Solar Panel-E saul\u0117s kolektorius (veikia"},"content":{"rendered":"<p><span class=\"tech-specs-items-description__title--heading\">Specifikacijos:<\/span><\/p>\n<ul class=\"tech-specs-items-description\" data-target=\"General\">\n<li class=\"tech-specs-items-description-list\"><span class=\"tech-specs-items-description__title\">Modelis<\/span><span class=\"tech-specs-items-description__title-details\">CS-CMT-Solar Panel-E<\/span><\/li>\n<li class=\"tech-specs-items-description-list\"><span class=\"tech-specs-items-description__title\">Maitinimo \u012ftampa<\/span><span class=\"tech-specs-items-description__title-details\">6V \u00b1 5%<\/span><\/li>\n<li class=\"tech-specs-items-description-list\"><span class=\"tech-specs-items-description__title\">Maksimali maitinimo srov\u0117<\/span><span class=\"tech-specs-items-description__title-details\">1030 mA \u00b1 5%<\/span><\/li>\n<li class=\"tech-specs-items-description-list\"><span class=\"tech-specs-items-description__title\">Maksimali galia<\/span><span class=\"tech-specs-items-description__title-details\">6.18 W<\/span><\/li>\n<li class=\"tech-specs-items-description-list\"><span class=\"tech-specs-items-description__title\">Transformacijos efektyvumas<\/span><span class=\"tech-specs-items-description__title-details\">21.6%<\/span><\/li>\n<li class=\"tech-specs-items-description-list\"><span class=\"tech-specs-items-description__title\">Darbo s\u0105lygos temperat\u016bra<\/span><span class=\"tech-specs-items-description__title-details\">-20\u00b0C &#8211; 60\u00b0C (-4\u00b0F -140\u00b0F); Humidity 90% or less (non-condensing)<\/span><\/li>\n<li class=\"tech-specs-items-description-list\"><span class=\"tech-specs-items-description__title\">IP klas\u0117<\/span><span class=\"tech-specs-items-description__title-details\">IP65<\/span><\/li>\n<\/ul>\n<p>&nbsp;<\/p>\n<ul class=\"tech-specs-items-description\" data-target=\"General\">\n<li class=\"tech-specs-items-description-list\"><span class=\"tech-specs-items-description__title--heading\">Mechaniniai duomenys<\/span><\/li>\n<li class=\"tech-specs-items-description-list\"><span class=\"tech-specs-items-description__title\">Gamybos procesas<\/span><span class=\"tech-specs-items-description__title-details\">Monocrystalline solarcells, PET laminated wood<\/span><\/li>\n<li class=\"tech-specs-items-description-list\"><span class=\"tech-specs-items-description__title\">Produkto dydis<\/span><span class=\"tech-specs-items-description__title-details\">283.7 \u00d7 185.7 \u00d7 2.4 mm(11.17 \u00d7 7.31 \u00d7 0.09 inch)<\/span><\/li>\n<li class=\"tech-specs-items-description-list\"><span class=\"tech-specs-items-description__title\">Pakuot\u0117s dydis<\/span><span class=\"tech-specs-items-description__title-details\">300 \u00d7 202.5 \u00d7 78 mm (11.81\u00d7 7.97 \u00d7 3.07 inch)<\/span><\/li>\n<li class=\"tech-specs-items-description-list\"><span class=\"tech-specs-items-description__title\">Svoris be \u012fpakavimo<\/span><span class=\"tech-specs-items-description__title-details\">484g (17.07 oz)<\/span><\/li>\n<li class=\"tech-specs-items-description-list\"><span class=\"tech-specs-items-description__title\">Scoris su \u012fpakavimu<\/span><span class=\"tech-specs-items-description__title-details\">854g (30.12 oz)<\/span><\/li>\n<\/ul>\n<p>&nbsp;<\/p>\n<ul class=\"tech-specs-items-description\" data-target=\"General\">\n<li style=\"list-style-type: none;\"><\/li>\n<\/ul>\n<ul class=\"tech-specs-items-description\" data-target=\"General\">\n<li class=\"tech-specs-items-description-list\"><span class=\"tech-specs-items-description__title--heading\">Sertifikatai<\/span><\/li>\n<li class=\"tech-specs-items-description-list\"><span class=\"tech-specs-items-description__title\">Sertifikatai<\/span><span class=\"tech-specs-items-description__title-details\">CE \/ FCC \/ UKCA \/ WEEE \/REACH \/ RoHS<\/span><\/li>\n<\/ul>\n","protected":false},"excerpt":{"rendered":"<ul>\n<li>IP klas\u0117: IP65<\/li>\n<li>Pritaikyta naudoti lauke<\/li>\n<li>Veikimo s\u0105lygos: atsparumas dr\u0117gmei iki 90%<\/li>\n<li>Pakuot\u0117je: 4m kabelis ir kron\u0161teinas<\/li>\n<li>Type-C jungtis<\/li>\n<li>Veikia su Ezviz EB8<\/li>\n<\/ul>\n","protected":false},"featured_media":28036,"comment_status":"closed","ping_status":"closed","template":"","meta":[],"product_brand":[],"product_cat":[811,801],"product_tag":[],"class_list":{"0":"post-24754","1":"product","2":"type-product","3":"status-publish","4":"has-post-thumbnail","6":"product_cat-ezviz-series","7":"product_cat-ip-video-surveillance-systems","9":"first","10":"instock","11":"purchasable","12":"product-type-simple"},"yoast_head":"<!-- This site is optimized with the Yoast SEO Premium plugin v21.5 (Yoast SEO v27.3) - https:\/\/yoast.com\/product\/yoast-seo-premium-wordpress\/ -->\n<title>EZVIZ CS-CMT-Solar Panel-E saul\u0117s kolektorius (veikia su EB8)<\/title>\n<meta name=\"description\" content=\"EZVIZ CS-CMT-Solar Panel-E saul\u0117s kolektorius ; Veikia su Ezviz EB8 ; Pritaikyta naudoti lauke ; Pakuot\u0117je 4m kabelis ir kron\u0161teinas\" \/>\n<meta name=\"robots\" content=\"index, follow, max-snippet:-1, max-image-preview:large, max-video-preview:-1\" \/>\n<link rel=\"canonical\" href=\"https:\/\/eheating.lt\/en\/produktas\/ezviz-cs-cmt-solar-panel-e-saules-kolektorius-veikia-su-eb8\/\" \/>\n<meta property=\"og:locale\" content=\"en_US\" \/>\n<meta property=\"og:type\" content=\"article\" \/>\n<meta property=\"og:title\" content=\"EZVIZ CS-CMT-Solar Panel-E saul\u0117s kolektorius (veikia su EB8)\" \/>\n<meta property=\"og:description\" content=\"EZVIZ CS-CMT-Solar Panel-E saul\u0117s kolektorius ; Veikia su Ezviz EB8 ; Pritaikyta naudoti lauke ; Pakuot\u0117je 4m kabelis ir kron\u0161teinas\" \/>\n<meta property=\"og:url\" content=\"https:\/\/eheating.lt\/en\/produktas\/ezviz-cs-cmt-solar-panel-e-saules-kolektorius-veikia-su-eb8\/\" \/>\n<meta property=\"og:site_name\" content=\"Elektronika Namams\" \/>\n<meta property=\"article:publisher\" content=\"https:\/\/www.facebook.com\/ElektronikaNamams\" \/>\n<meta property=\"article:modified_time\" content=\"2024-10-18T14:30:20+00:00\" \/>\n<meta property=\"og:image\" content=\"https:\/\/eheating.lt\/wp-content\/uploads\/2023\/10\/EZVIZ-CS-CMT-Solar-Panel-E-saules-kolektorius.png\" \/>\n\t<meta property=\"og:image:width\" content=\"800\" \/>\n\t<meta property=\"og:image:height\" content=\"800\" \/>\n\t<meta property=\"og:image:type\" content=\"image\/png\" \/>\n<meta name=\"twitter:card\" content=\"summary_large_image\" \/>\n<meta name=\"twitter:label1\" content=\"Price\" \/>\n\t<meta name=\"twitter:data1\" content=\"38,79&nbsp;&euro;\" \/>\n\t<meta name=\"twitter:label2\" content=\"Availability\" \/>\n\t<meta name=\"twitter:data2\" content=\"In stock\" \/>\n<script type=\"application\/ld+json\" class=\"yoast-schema-graph\">{\"@context\":\"https:\\\/\\\/schema.org\",\"@graph\":[{\"@type\":\"WebPage\",\"@id\":\"https:\\\/\\\/eheating.lt\\\/en\\\/produktas\\\/ezviz-cs-cmt-solar-panel-e-saules-kolektorius-veikia-su-eb8\\\/\",\"url\":\"https:\\\/\\\/eheating.lt\\\/en\\\/produktas\\\/ezviz-cs-cmt-solar-panel-e-saules-kolektorius-veikia-su-eb8\\\/\",\"name\":\"EZVIZ CS-CMT-Solar Panel-E saul\u0117s kolektorius (veikia su EB8)\",\"isPartOf\":{\"@id\":\"https:\\\/\\\/eheating.lt\\\/#website\"},\"primaryImageOfPage\":{\"@id\":\"https:\\\/\\\/eheating.lt\\\/en\\\/produktas\\\/ezviz-cs-cmt-solar-panel-e-saules-kolektorius-veikia-su-eb8\\\/#primaryimage\"},\"image\":{\"@id\":\"https:\\\/\\\/eheating.lt\\\/en\\\/produktas\\\/ezviz-cs-cmt-solar-panel-e-saules-kolektorius-veikia-su-eb8\\\/#primaryimage\"},\"thumbnailUrl\":\"https:\\\/\\\/eheating.lt\\\/wp-content\\\/uploads\\\/2023\\\/10\\\/EZVIZ-CS-CMT-Solar-Panel-E-saules-kolektorius.png\",\"datePublished\":\"2023-11-13T19:36:08+00:00\",\"dateModified\":\"2024-10-18T14:30:20+00:00\",\"description\":\"EZVIZ CS-CMT-Solar Panel-E saul\u0117s kolektorius ; Veikia su Ezviz EB8 ; Pritaikyta naudoti lauke ; Pakuot\u0117je 4m kabelis ir kron\u0161teinas\",\"breadcrumb\":{\"@id\":\"https:\\\/\\\/eheating.lt\\\/en\\\/produktas\\\/ezviz-cs-cmt-solar-panel-e-saules-kolektorius-veikia-su-eb8\\\/#breadcrumb\"},\"inLanguage\":\"en-US\",\"potentialAction\":[{\"@type\":\"ReadAction\",\"target\":[\"https:\\\/\\\/eheating.lt\\\/en\\\/produktas\\\/ezviz-cs-cmt-solar-panel-e-saules-kolektorius-veikia-su-eb8\\\/\"]}]},{\"@type\":\"ImageObject\",\"inLanguage\":\"en-US\",\"@id\":\"https:\\\/\\\/eheating.lt\\\/en\\\/produktas\\\/ezviz-cs-cmt-solar-panel-e-saules-kolektorius-veikia-su-eb8\\\/#primaryimage\",\"url\":\"https:\\\/\\\/eheating.lt\\\/wp-content\\\/uploads\\\/2023\\\/10\\\/EZVIZ-CS-CMT-Solar-Panel-E-saules-kolektorius.png\",\"contentUrl\":\"https:\\\/\\\/eheating.lt\\\/wp-content\\\/uploads\\\/2023\\\/10\\\/EZVIZ-CS-CMT-Solar-Panel-E-saules-kolektorius.png\",\"width\":800,\"height\":800,\"caption\":\"EZVIZ CS-CMT-Solar Panel-E saul\u0117s kolektorius\"},{\"@type\":\"BreadcrumbList\",\"@id\":\"https:\\\/\\\/eheating.lt\\\/en\\\/produktas\\\/ezviz-cs-cmt-solar-panel-e-saules-kolektorius-veikia-su-eb8\\\/#breadcrumb\",\"itemListElement\":[{\"@type\":\"ListItem\",\"position\":1,\"name\":\"Prad\u017eia\",\"item\":\"https:\\\/\\\/eheating.lt\\\/en\\\/\"},{\"@type\":\"ListItem\",\"position\":2,\"name\":\"Shop\",\"item\":\"https:\\\/\\\/eheating.lt\\\/en\\\/?page_id=5734\"},{\"@type\":\"ListItem\",\"position\":3,\"name\":\"EZVIZ CS-CMT-Solar Panel-E saul\u0117s kolektorius (veikia su EB8)\"}]},{\"@type\":\"WebSite\",\"@id\":\"https:\\\/\\\/eheating.lt\\\/#website\",\"url\":\"https:\\\/\\\/eheating.lt\\\/\",\"name\":\"eHeating\",\"description\":\"Elektronika ir \u0161ildymas\",\"potentialAction\":[{\"@type\":\"SearchAction\",\"target\":{\"@type\":\"EntryPoint\",\"urlTemplate\":\"https:\\\/\\\/eheating.lt\\\/?s={search_term_string}\"},\"query-input\":{\"@type\":\"PropertyValueSpecification\",\"valueRequired\":true,\"valueName\":\"search_term_string\"}}],\"inLanguage\":\"en-US\"}]}<\/script>\n<meta property=\"product:price:amount\" content=\"38.79\" \/>\n<meta property=\"product:price:currency\" content=\"EUR\" \/>\n<meta property=\"og:availability\" content=\"instock\" \/>\n<meta property=\"product:availability\" content=\"instock\" \/>\n<meta property=\"product:retailer_item_id\" content=\"0fd37459fff1\" \/>\n<meta property=\"product:condition\" content=\"new\" \/>\n<!-- \/ Yoast SEO Premium plugin. -->","yoast_head_json":{"title":"EZVIZ CS-CMT-Solar Panel-E saul\u0117s kolektorius (veikia su EB8)","description":"EZVIZ CS-CMT-Solar Panel-E saul\u0117s kolektorius ; Veikia su Ezviz EB8 ; Pritaikyta naudoti lauke ; Pakuot\u0117je 4m kabelis ir kron\u0161teinas","robots":{"index":"index","follow":"follow","max-snippet":"max-snippet:-1","max-image-preview":"max-image-preview:large","max-video-preview":"max-video-preview:-1"},"canonical":"https:\/\/eheating.lt\/en\/produktas\/ezviz-cs-cmt-solar-panel-e-saules-kolektorius-veikia-su-eb8\/","og_locale":"en_US","og_type":"article","og_title":"EZVIZ CS-CMT-Solar Panel-E saul\u0117s kolektorius (veikia su EB8)","og_description":"EZVIZ CS-CMT-Solar Panel-E saul\u0117s kolektorius ; Veikia su Ezviz EB8 ; Pritaikyta naudoti lauke ; Pakuot\u0117je 4m kabelis ir kron\u0161teinas","og_url":"https:\/\/eheating.lt\/en\/produktas\/ezviz-cs-cmt-solar-panel-e-saules-kolektorius-veikia-su-eb8\/","og_site_name":"Elektronika Namams","article_publisher":"https:\/\/www.facebook.com\/ElektronikaNamams","article_modified_time":"2024-10-18T14:30:20+00:00","og_image":[{"width":800,"height":800,"url":"https:\/\/eheating.lt\/wp-content\/uploads\/2023\/10\/EZVIZ-CS-CMT-Solar-Panel-E-saules-kolektorius.png","type":"image\/png"}],"twitter_card":"summary_large_image","twitter_misc":{"Price":"38,79&nbsp;&euro;","Availability":"In stock"},"schema":{"@context":"https:\/\/schema.org","@graph":[{"@type":"WebPage","@id":"https:\/\/eheating.lt\/en\/produktas\/ezviz-cs-cmt-solar-panel-e-saules-kolektorius-veikia-su-eb8\/","url":"https:\/\/eheating.lt\/en\/produktas\/ezviz-cs-cmt-solar-panel-e-saules-kolektorius-veikia-su-eb8\/","name":"EZVIZ CS-CMT-Solar Panel-E saul\u0117s kolektorius (veikia su EB8)","isPartOf":{"@id":"https:\/\/eheating.lt\/#website"},"primaryImageOfPage":{"@id":"https:\/\/eheating.lt\/en\/produktas\/ezviz-cs-cmt-solar-panel-e-saules-kolektorius-veikia-su-eb8\/#primaryimage"},"image":{"@id":"https:\/\/eheating.lt\/en\/produktas\/ezviz-cs-cmt-solar-panel-e-saules-kolektorius-veikia-su-eb8\/#primaryimage"},"thumbnailUrl":"https:\/\/eheating.lt\/wp-content\/uploads\/2023\/10\/EZVIZ-CS-CMT-Solar-Panel-E-saules-kolektorius.png","datePublished":"2023-11-13T19:36:08+00:00","dateModified":"2024-10-18T14:30:20+00:00","description":"EZVIZ CS-CMT-Solar Panel-E saul\u0117s kolektorius ; Veikia su Ezviz EB8 ; Pritaikyta naudoti lauke ; Pakuot\u0117je 4m kabelis ir kron\u0161teinas","breadcrumb":{"@id":"https:\/\/eheating.lt\/en\/produktas\/ezviz-cs-cmt-solar-panel-e-saules-kolektorius-veikia-su-eb8\/#breadcrumb"},"inLanguage":"en-US","potentialAction":[{"@type":"ReadAction","target":["https:\/\/eheating.lt\/en\/produktas\/ezviz-cs-cmt-solar-panel-e-saules-kolektorius-veikia-su-eb8\/"]}]},{"@type":"ImageObject","inLanguage":"en-US","@id":"https:\/\/eheating.lt\/en\/produktas\/ezviz-cs-cmt-solar-panel-e-saules-kolektorius-veikia-su-eb8\/#primaryimage","url":"https:\/\/eheating.lt\/wp-content\/uploads\/2023\/10\/EZVIZ-CS-CMT-Solar-Panel-E-saules-kolektorius.png","contentUrl":"https:\/\/eheating.lt\/wp-content\/uploads\/2023\/10\/EZVIZ-CS-CMT-Solar-Panel-E-saules-kolektorius.png","width":800,"height":800,"caption":"EZVIZ CS-CMT-Solar Panel-E saul\u0117s kolektorius"},{"@type":"BreadcrumbList","@id":"https:\/\/eheating.lt\/en\/produktas\/ezviz-cs-cmt-solar-panel-e-saules-kolektorius-veikia-su-eb8\/#breadcrumb","itemListElement":[{"@type":"ListItem","position":1,"name":"Prad\u017eia","item":"https:\/\/eheating.lt\/en\/"},{"@type":"ListItem","position":2,"name":"Shop","item":"https:\/\/eheating.lt\/en\/?page_id=5734"},{"@type":"ListItem","position":3,"name":"EZVIZ CS-CMT-Solar Panel-E saul\u0117s kolektorius (veikia su EB8)"}]},{"@type":"WebSite","@id":"https:\/\/eheating.lt\/#website","url":"https:\/\/eheating.lt\/","name":"eHeating","description":"Elektronika ir \u0161ildymas","potentialAction":[{"@type":"SearchAction","target":{"@type":"EntryPoint","urlTemplate":"https:\/\/eheating.lt\/?s={search_term_string}"},"query-input":{"@type":"PropertyValueSpecification","valueRequired":true,"valueName":"search_term_string"}}],"inLanguage":"en-US"}]},"product_price_amount":"38.79","product_price_currency":"EUR","og_availability":"instock","product_availability":"instock","product_retailer_item_id":"0fd37459fff1","product_condition":"new"},"_links":{"self":[{"href":"https:\/\/eheating.lt\/en\/wp-json\/wp\/v2\/product\/24754","targetHints":{"allow":["GET"]}}],"collection":[{"href":"https:\/\/eheating.lt\/en\/wp-json\/wp\/v2\/product"}],"about":[{"href":"https:\/\/eheating.lt\/en\/wp-json\/wp\/v2\/types\/product"}],"replies":[{"embeddable":true,"href":"https:\/\/eheating.lt\/en\/wp-json\/wp\/v2\/comments?post=24754"}],"version-history":[{"count":0,"href":"https:\/\/eheating.lt\/en\/wp-json\/wp\/v2\/product\/24754\/revisions"}],"wp:featuredmedia":[{"embeddable":true,"href":"https:\/\/eheating.lt\/en\/wp-json\/wp\/v2\/media\/28036"}],"wp:attachment":[{"href":"https:\/\/eheating.lt\/en\/wp-json\/wp\/v2\/media?parent=24754"}],"wp:term":[{"taxonomy":"product_brand","embeddable":true,"href":"https:\/\/eheating.lt\/en\/wp-json\/wp\/v2\/product_brand?post=24754"},{"taxonomy":"product_cat","embeddable":true,"href":"https:\/\/eheating.lt\/en\/wp-json\/wp\/v2\/product_cat?post=24754"},{"taxonomy":"product_tag","embeddable":true,"href":"https:\/\/eheating.lt\/en\/wp-json\/wp\/v2\/product_tag?post=24754"}],"curies":[{"name":"wp","href":"https:\/\/api.w.org\/{rel}","templated":true}]}}