{"id":24482,"date":"2023-11-17T23:46:20","date_gmt":"2023-11-17T21:46:20","guid":{"rendered":"https:\/\/eheating.lt\/?post_type=product&#038;p=24482"},"modified":"2024-10-18T17:28:10","modified_gmt":"2024-10-18T14:28:10","slug":"4-kanalu-dvr-hikvision-ids-7204hqhi-m1-s","status":"publish","type":"product","link":"https:\/\/eheating.lt\/en\/produktas\/4-kanalu-dvr-hikvision-ids-7204hqhi-m1-s\/","title":{"rendered":"4 kanal\u0173 DVR Hikvision iDS-7204HQHI-M1\/S"},"content":{"rendered":"<table border=\"0\">\n<colgroup>\n<col \/>\n<col \/> <\/colgroup>\n<tbody>\n<tr>\n<td>Pavadinimas<\/td>\n<td>Apra\u0161ymas<\/td>\n<\/tr>\n<tr>\n<td>Kodavimo rai\u0161ka<\/td>\n<td>Main stream: When 1080p lite mode not enabled: For 4 MP stream access: 4 MP lite@15 fps; 1080p lite\/720p\/WD1\/4CIF\/VGA\/CIF@25 fps (P)\/30 fps (N) For 3 MP stream access: 3 MP\/1080p\/720p\/VGA\/WD1\/4CIF\/CIF@15 fps For 1080p stream access: 1080p\/720p@15 fps; VGA\/WD1\/4CIF\/CIF@25 fps (P)\/30 fps (N) For 720p stream access: 720p\/VGA\/WD1\/4CIF\/CIF@25 fps (P)\/30 fps (N) When 1080p Lite mode enabled: 4 MP lite\/3 MP@15 fps; 1080p lite\/720p lite\/VGA\/WD1\/4CIF\/CIF@25 fps (P)\/30 fps (N) Sub-stream: WD1\/4CIF@12 fps; CIF@25 fps (P)\/30 fps (N)<\/td>\n<\/tr>\n<tr>\n<td>Vaizdo bit\u0173 greitis<\/td>\n<td>32 Kbps to 6 Mbps<\/td>\n<\/tr>\n<tr>\n<td>Vaizdo suspaudimas<\/td>\n<td>H.265 Pro+\/H.265 Pro\/H.265\/H.264+\/H.264<\/td>\n<\/tr>\n<tr>\n<td>Dvigubas srautas<\/td>\n<td>Support<\/td>\n<\/tr>\n<tr>\n<td>Srauto tipas<\/td>\n<td>Video, Video &amp; Audio<\/td>\n<\/tr>\n<tr>\n<td>Garso suspaudimas<\/td>\n<td>G.711u<\/td>\n<\/tr>\n<tr>\n<td>Garso bit\u0173 greitis<\/td>\n<td>64 Kbps<\/td>\n<\/tr>\n<tr>\n<td>Garso \u012fvestis<\/td>\n<td>1-ch, RCA (2.0 Vp-p, 1 K\u03a9)<\/td>\n<\/tr>\n<tr>\n<td>Garso i\u0161vestis<\/td>\n<td>1-ch, RCA (Linear, 1 K\u03a9)<\/td>\n<\/tr>\n<tr>\n<td>Sinchroninis atk\u016brimas<\/td>\n<td>4-ch<\/td>\n<\/tr>\n<tr>\n<td>IP vaizdo i\u0161vestis<\/td>\n<td>2-ch (up to 6-ch);Up to 6 MP resolution;Support H.265+\/H.265\/H.264+\/H.264 IP cameras<\/td>\n<\/tr>\n<tr>\n<td>HDTVI \u012fvestis<\/td>\n<td>3 MP, 1080p@30 fps, 1080p@25 fps, 720p@60 fps, 720p@50 fps, 720p@30 fps, 720p@25 fps *: The 3 MP signal input is only available for channel 1\/2 of iDS-7208HQHI-M2\/S, and for channel 1\/2\/3\/4 of iDS-7216HQHI-M2\/S.<\/td>\n<\/tr>\n<tr>\n<td>HDTVI \u012fvestis<\/td>\n<td>4 MP, 1080p@25 fps, 1080p@30 fps, 720p@25 fps, 720p@30 fps<\/td>\n<\/tr>\n<tr>\n<td>CVBS \u012fvestis<\/td>\n<td>PAL\/NTSC<\/td>\n<\/tr>\n<tr>\n<td>Abipusis garso ry\u0161ys<\/td>\n<td>1-ch, RCA (2.0 Vp-p, 1 K\u03a9) (using the first audio input)<\/td>\n<\/tr>\n<tr>\n<td>Analogin\u0117 vaizdo \u012fvestis<\/td>\n<td>4-ch;BNC interface (1.0 Vp-p, 75 \u03a9), supporting coaxitron connection<\/td>\n<\/tr>\n<tr>\n<td>AHD \u012fvestis<\/td>\n<td>4 MP, 1080p@25 fps, 1080p@30 fps, 720p@25 fps, 720p@30 fps<\/td>\n<\/tr>\n<tr>\n<td>CVBS \u012fvestis<\/td>\n<td>1-ch, BNC (1.0 Vp-p, 75 \u03a9), resolution: PAL: 704 \u00d7 576, NTSC: 704 \u00d7 480<\/td>\n<\/tr>\n<tr>\n<td>HDMI\/VGA i\u0161vestis<\/td>\n<td>1-ch, 1920 \u00d7 1080\/60Hz, 1280 \u00d7 1024\/60Hz, 1280 \u00d7 720\/60Hz, 1024 \u00d7 768\/60Hz, HDMI\/VGA simultaneous output<\/td>\n<\/tr>\n<tr>\n<td>Tinklo protokolas<\/td>\n<td>TCP\/IP, PPPoE, DHCP, Hik-Connect, DNS, DDNS, NTP, SADP, NFS, iSCSI, UPnP\u2122, HTTPS, ONVIF<\/td>\n<\/tr>\n<tr>\n<td>Nuotolinis prisijungimas<\/td>\n<td>32<\/td>\n<\/tr>\n<tr>\n<td>Tinklo s\u0105saja<\/td>\n<td>1, RJ45 10M\/100M self-adaptive Ethernet interface<\/td>\n<\/tr>\n<tr>\n<td>Talpa<\/td>\n<td>Up to 10 TB capacity for each disk<\/td>\n<\/tr>\n<tr>\n<td>Serijin\u0117 s\u0105saja<\/td>\n<td>RS-485 (half-duplex)<\/td>\n<\/tr>\n<tr>\n<td>USB s\u0105saja<\/td>\n<td>2 \u00d7 USB 2.0<\/td>\n<\/tr>\n<tr>\n<td>Pavojaus signalo \u012fvestis\/i\u0161vestis<\/td>\n<td>N\/A<\/td>\n<\/tr>\n<tr>\n<td>SATA<\/td>\n<td>1 SATA interface<\/td>\n<\/tr>\n<tr>\n<td>Suvartojimas (be HDD)<\/td>\n<td>\u2264 18 W<\/td>\n<\/tr>\n<tr>\n<td>Darbin\u0117 dr\u0117gm\u0117<\/td>\n<td>10% to 90%<\/td>\n<\/tr>\n<tr>\n<td>Maitinimas<\/td>\n<td>12 VDC<\/td>\n<\/tr>\n<tr>\n<td>Darbo temperat\u016bra<\/td>\n<td>-10 \u00b0C to +55 \u00b0C (+14 \u00b0F to +131 \u00b0F)<\/td>\n<\/tr>\n<tr>\n<td>Matmenys (P \u00d7 G \u00d7 A)<\/td>\n<td>315 \u00d7 242 \u00d7 45 mm (12.4 \u00d7 9.5 \u00d7 1.8 inch)<\/td>\n<\/tr>\n<tr>\n<td>Svoris (be HDD)<\/td>\n<td>\u2264 1.16 kg (2.6 lb)<\/td>\n<\/tr>\n<\/tbody>\n<\/table>\n","protected":false},"excerpt":{"rendered":"<ul>\n<li>4 kanal\u0173 ir 1 HDD 1U AcuSense DVR<\/li>\n<li>Pateikiama detali informacija ir veido atpa\u017einimo funkcija<\/li>\n<li>Klaiding\u0173 suveikim\u0173 i\u0161skyrimas remiantis giliojo mokymosi algoritmais<\/li>\n<li>Efektyvi H.265 pro+ suspaudimo technologija<\/li>\n<li>Kodavimo galimyb\u0117 iki 1080p @ 15 fps<\/li>\n<li>5 signal\u0173 adaptyvi \u012fvestis (HDTVI\/AHD\/CVI\/CVBS\/IP)<\/li>\n<li>Iki 6 tinklo kamer\u0173 gali b\u016bti prijungta<\/li>\n<\/ul>\n","protected":false},"featured_media":29011,"comment_status":"closed","ping_status":"closed","template":"","meta":[],"product_brand":[],"product_cat":[844,837,843],"product_tag":[],"class_list":{"0":"post-24482","1":"product","2":"type-product","3":"status-publish","4":"has-post-thumbnail","6":"product_cat-4-channel-dvr","7":"product_cat-turbo-hd-video-surveillance","8":"product_cat-turbo-hd-video-recorders","10":"first","11":"instock","12":"purchasable","13":"product-type-simple"},"yoast_head":"<!-- This site is optimized with the Yoast SEO Premium plugin v21.5 (Yoast SEO v27.3) - https:\/\/yoast.com\/product\/yoast-seo-premium-wordpress\/ -->\n<title>4 kanal\u0173 DVR Hikvision iDS-7204HQHI-M1\/S<\/title>\n<meta name=\"description\" content=\"4 kanal\u0173 DVR Hikvision iDS-7204HQHI-M1\/S vaizdo \u012fra\u0161ymo \u012frenginys ; Klaiding\u0173 suveikim\u0173 i\u0161skyrimas remiantis giliojo mokymosi algoritmais\u00a0\" \/>\n<meta name=\"robots\" content=\"index, follow, max-snippet:-1, max-image-preview:large, max-video-preview:-1\" \/>\n<link rel=\"canonical\" href=\"https:\/\/eheating.lt\/en\/produktas\/4-kanalu-dvr-hikvision-ids-7204hqhi-m1-s\/\" \/>\n<meta property=\"og:locale\" content=\"en_US\" \/>\n<meta property=\"og:type\" content=\"article\" \/>\n<meta property=\"og:title\" content=\"4 kanal\u0173 DVR Hikvision iDS-7204HQHI-M1\/S\" \/>\n<meta property=\"og:description\" content=\"4 kanal\u0173 DVR Hikvision iDS-7204HQHI-M1\/S vaizdo \u012fra\u0161ymo \u012frenginys ; Klaiding\u0173 suveikim\u0173 i\u0161skyrimas remiantis giliojo mokymosi algoritmais\u00a0\" \/>\n<meta property=\"og:url\" content=\"https:\/\/eheating.lt\/en\/produktas\/4-kanalu-dvr-hikvision-ids-7204hqhi-m1-s\/\" \/>\n<meta property=\"og:site_name\" content=\"Elektronika Namams\" \/>\n<meta property=\"article:publisher\" content=\"https:\/\/www.facebook.com\/ElektronikaNamams\" \/>\n<meta property=\"article:modified_time\" content=\"2024-10-18T14:28:10+00:00\" \/>\n<meta property=\"og:image\" content=\"https:\/\/eheating.lt\/wp-content\/uploads\/2023\/10\/4-kanalu-DVR-Hikvision-iDS-7204HQHI-M1S.png\" \/>\n\t<meta property=\"og:image:width\" content=\"800\" \/>\n\t<meta property=\"og:image:height\" content=\"800\" \/>\n\t<meta property=\"og:image:type\" content=\"image\/png\" \/>\n<meta name=\"twitter:card\" content=\"summary_large_image\" \/>\n<meta name=\"twitter:label1\" content=\"Price\" \/>\n\t<meta name=\"twitter:data1\" content=\"149,99&nbsp;&euro;\" \/>\n\t<meta name=\"twitter:label2\" content=\"Availability\" \/>\n\t<meta name=\"twitter:data2\" content=\"In stock\" \/>\n<script type=\"application\/ld+json\" class=\"yoast-schema-graph\">{\"@context\":\"https:\\\/\\\/schema.org\",\"@graph\":[{\"@type\":\"WebPage\",\"@id\":\"https:\\\/\\\/eheating.lt\\\/en\\\/produktas\\\/4-kanalu-dvr-hikvision-ids-7204hqhi-m1-s\\\/\",\"url\":\"https:\\\/\\\/eheating.lt\\\/en\\\/produktas\\\/4-kanalu-dvr-hikvision-ids-7204hqhi-m1-s\\\/\",\"name\":\"4 kanal\u0173 DVR Hikvision iDS-7204HQHI-M1\\\/S\",\"isPartOf\":{\"@id\":\"https:\\\/\\\/eheating.lt\\\/#website\"},\"primaryImageOfPage\":{\"@id\":\"https:\\\/\\\/eheating.lt\\\/en\\\/produktas\\\/4-kanalu-dvr-hikvision-ids-7204hqhi-m1-s\\\/#primaryimage\"},\"image\":{\"@id\":\"https:\\\/\\\/eheating.lt\\\/en\\\/produktas\\\/4-kanalu-dvr-hikvision-ids-7204hqhi-m1-s\\\/#primaryimage\"},\"thumbnailUrl\":\"https:\\\/\\\/eheating.lt\\\/wp-content\\\/uploads\\\/2023\\\/10\\\/4-kanalu-DVR-Hikvision-iDS-7204HQHI-M1S.png\",\"datePublished\":\"2023-11-17T21:46:20+00:00\",\"dateModified\":\"2024-10-18T14:28:10+00:00\",\"description\":\"4 kanal\u0173 DVR Hikvision iDS-7204HQHI-M1\\\/S vaizdo \u012fra\u0161ymo \u012frenginys ; Klaiding\u0173 suveikim\u0173 i\u0161skyrimas remiantis giliojo mokymosi algoritmais\u00a0\",\"breadcrumb\":{\"@id\":\"https:\\\/\\\/eheating.lt\\\/en\\\/produktas\\\/4-kanalu-dvr-hikvision-ids-7204hqhi-m1-s\\\/#breadcrumb\"},\"inLanguage\":\"en-US\",\"potentialAction\":[{\"@type\":\"ReadAction\",\"target\":[\"https:\\\/\\\/eheating.lt\\\/en\\\/produktas\\\/4-kanalu-dvr-hikvision-ids-7204hqhi-m1-s\\\/\"]}]},{\"@type\":\"ImageObject\",\"inLanguage\":\"en-US\",\"@id\":\"https:\\\/\\\/eheating.lt\\\/en\\\/produktas\\\/4-kanalu-dvr-hikvision-ids-7204hqhi-m1-s\\\/#primaryimage\",\"url\":\"https:\\\/\\\/eheating.lt\\\/wp-content\\\/uploads\\\/2023\\\/10\\\/4-kanalu-DVR-Hikvision-iDS-7204HQHI-M1S.png\",\"contentUrl\":\"https:\\\/\\\/eheating.lt\\\/wp-content\\\/uploads\\\/2023\\\/10\\\/4-kanalu-DVR-Hikvision-iDS-7204HQHI-M1S.png\",\"width\":800,\"height\":800,\"caption\":\"4 kanal\u0173 DVR Hikvision iDS-7204HQHI-M1\\\/S\"},{\"@type\":\"BreadcrumbList\",\"@id\":\"https:\\\/\\\/eheating.lt\\\/en\\\/produktas\\\/4-kanalu-dvr-hikvision-ids-7204hqhi-m1-s\\\/#breadcrumb\",\"itemListElement\":[{\"@type\":\"ListItem\",\"position\":1,\"name\":\"Prad\u017eia\",\"item\":\"https:\\\/\\\/eheating.lt\\\/en\\\/\"},{\"@type\":\"ListItem\",\"position\":2,\"name\":\"Shop\",\"item\":\"https:\\\/\\\/eheating.lt\\\/en\\\/?page_id=5734\"},{\"@type\":\"ListItem\",\"position\":3,\"name\":\"4 kanal\u0173 DVR Hikvision iDS-7204HQHI-M1\\\/S\"}]},{\"@type\":\"WebSite\",\"@id\":\"https:\\\/\\\/eheating.lt\\\/#website\",\"url\":\"https:\\\/\\\/eheating.lt\\\/\",\"name\":\"eHeating\",\"description\":\"Elektronika ir \u0161ildymas\",\"potentialAction\":[{\"@type\":\"SearchAction\",\"target\":{\"@type\":\"EntryPoint\",\"urlTemplate\":\"https:\\\/\\\/eheating.lt\\\/?s={search_term_string}\"},\"query-input\":{\"@type\":\"PropertyValueSpecification\",\"valueRequired\":true,\"valueName\":\"search_term_string\"}}],\"inLanguage\":\"en-US\"}]}<\/script>\n<meta property=\"product:price:amount\" content=\"149.99\" \/>\n<meta property=\"product:price:currency\" content=\"EUR\" \/>\n<meta property=\"og:availability\" content=\"instock\" \/>\n<meta property=\"product:availability\" content=\"instock\" \/>\n<meta property=\"product:retailer_item_id\" content=\"7a971c4c09ab\" \/>\n<meta property=\"product:condition\" content=\"new\" \/>\n<!-- \/ Yoast SEO Premium plugin. -->","yoast_head_json":{"title":"4 kanal\u0173 DVR Hikvision iDS-7204HQHI-M1\/S","description":"4 kanal\u0173 DVR Hikvision iDS-7204HQHI-M1\/S vaizdo \u012fra\u0161ymo \u012frenginys ; Klaiding\u0173 suveikim\u0173 i\u0161skyrimas remiantis giliojo mokymosi algoritmais\u00a0","robots":{"index":"index","follow":"follow","max-snippet":"max-snippet:-1","max-image-preview":"max-image-preview:large","max-video-preview":"max-video-preview:-1"},"canonical":"https:\/\/eheating.lt\/en\/produktas\/4-kanalu-dvr-hikvision-ids-7204hqhi-m1-s\/","og_locale":"en_US","og_type":"article","og_title":"4 kanal\u0173 DVR Hikvision iDS-7204HQHI-M1\/S","og_description":"4 kanal\u0173 DVR Hikvision iDS-7204HQHI-M1\/S vaizdo \u012fra\u0161ymo \u012frenginys ; Klaiding\u0173 suveikim\u0173 i\u0161skyrimas remiantis giliojo mokymosi algoritmais\u00a0","og_url":"https:\/\/eheating.lt\/en\/produktas\/4-kanalu-dvr-hikvision-ids-7204hqhi-m1-s\/","og_site_name":"Elektronika Namams","article_publisher":"https:\/\/www.facebook.com\/ElektronikaNamams","article_modified_time":"2024-10-18T14:28:10+00:00","og_image":[{"width":800,"height":800,"url":"https:\/\/eheating.lt\/wp-content\/uploads\/2023\/10\/4-kanalu-DVR-Hikvision-iDS-7204HQHI-M1S.png","type":"image\/png"}],"twitter_card":"summary_large_image","twitter_misc":{"Price":"149,99&nbsp;&euro;","Availability":"In stock"},"schema":{"@context":"https:\/\/schema.org","@graph":[{"@type":"WebPage","@id":"https:\/\/eheating.lt\/en\/produktas\/4-kanalu-dvr-hikvision-ids-7204hqhi-m1-s\/","url":"https:\/\/eheating.lt\/en\/produktas\/4-kanalu-dvr-hikvision-ids-7204hqhi-m1-s\/","name":"4 kanal\u0173 DVR Hikvision iDS-7204HQHI-M1\/S","isPartOf":{"@id":"https:\/\/eheating.lt\/#website"},"primaryImageOfPage":{"@id":"https:\/\/eheating.lt\/en\/produktas\/4-kanalu-dvr-hikvision-ids-7204hqhi-m1-s\/#primaryimage"},"image":{"@id":"https:\/\/eheating.lt\/en\/produktas\/4-kanalu-dvr-hikvision-ids-7204hqhi-m1-s\/#primaryimage"},"thumbnailUrl":"https:\/\/eheating.lt\/wp-content\/uploads\/2023\/10\/4-kanalu-DVR-Hikvision-iDS-7204HQHI-M1S.png","datePublished":"2023-11-17T21:46:20+00:00","dateModified":"2024-10-18T14:28:10+00:00","description":"4 kanal\u0173 DVR Hikvision iDS-7204HQHI-M1\/S vaizdo \u012fra\u0161ymo \u012frenginys ; Klaiding\u0173 suveikim\u0173 i\u0161skyrimas remiantis giliojo mokymosi algoritmais\u00a0","breadcrumb":{"@id":"https:\/\/eheating.lt\/en\/produktas\/4-kanalu-dvr-hikvision-ids-7204hqhi-m1-s\/#breadcrumb"},"inLanguage":"en-US","potentialAction":[{"@type":"ReadAction","target":["https:\/\/eheating.lt\/en\/produktas\/4-kanalu-dvr-hikvision-ids-7204hqhi-m1-s\/"]}]},{"@type":"ImageObject","inLanguage":"en-US","@id":"https:\/\/eheating.lt\/en\/produktas\/4-kanalu-dvr-hikvision-ids-7204hqhi-m1-s\/#primaryimage","url":"https:\/\/eheating.lt\/wp-content\/uploads\/2023\/10\/4-kanalu-DVR-Hikvision-iDS-7204HQHI-M1S.png","contentUrl":"https:\/\/eheating.lt\/wp-content\/uploads\/2023\/10\/4-kanalu-DVR-Hikvision-iDS-7204HQHI-M1S.png","width":800,"height":800,"caption":"4 kanal\u0173 DVR Hikvision iDS-7204HQHI-M1\/S"},{"@type":"BreadcrumbList","@id":"https:\/\/eheating.lt\/en\/produktas\/4-kanalu-dvr-hikvision-ids-7204hqhi-m1-s\/#breadcrumb","itemListElement":[{"@type":"ListItem","position":1,"name":"Prad\u017eia","item":"https:\/\/eheating.lt\/en\/"},{"@type":"ListItem","position":2,"name":"Shop","item":"https:\/\/eheating.lt\/en\/?page_id=5734"},{"@type":"ListItem","position":3,"name":"4 kanal\u0173 DVR Hikvision iDS-7204HQHI-M1\/S"}]},{"@type":"WebSite","@id":"https:\/\/eheating.lt\/#website","url":"https:\/\/eheating.lt\/","name":"eHeating","description":"Elektronika ir \u0161ildymas","potentialAction":[{"@type":"SearchAction","target":{"@type":"EntryPoint","urlTemplate":"https:\/\/eheating.lt\/?s={search_term_string}"},"query-input":{"@type":"PropertyValueSpecification","valueRequired":true,"valueName":"search_term_string"}}],"inLanguage":"en-US"}]},"product_price_amount":"149.99","product_price_currency":"EUR","og_availability":"instock","product_availability":"instock","product_retailer_item_id":"7a971c4c09ab","product_condition":"new"},"_links":{"self":[{"href":"https:\/\/eheating.lt\/en\/wp-json\/wp\/v2\/product\/24482","targetHints":{"allow":["GET"]}}],"collection":[{"href":"https:\/\/eheating.lt\/en\/wp-json\/wp\/v2\/product"}],"about":[{"href":"https:\/\/eheating.lt\/en\/wp-json\/wp\/v2\/types\/product"}],"replies":[{"embeddable":true,"href":"https:\/\/eheating.lt\/en\/wp-json\/wp\/v2\/comments?post=24482"}],"version-history":[{"count":0,"href":"https:\/\/eheating.lt\/en\/wp-json\/wp\/v2\/product\/24482\/revisions"}],"wp:featuredmedia":[{"embeddable":true,"href":"https:\/\/eheating.lt\/en\/wp-json\/wp\/v2\/media\/29011"}],"wp:attachment":[{"href":"https:\/\/eheating.lt\/en\/wp-json\/wp\/v2\/media?parent=24482"}],"wp:term":[{"taxonomy":"product_brand","embeddable":true,"href":"https:\/\/eheating.lt\/en\/wp-json\/wp\/v2\/product_brand?post=24482"},{"taxonomy":"product_cat","embeddable":true,"href":"https:\/\/eheating.lt\/en\/wp-json\/wp\/v2\/product_cat?post=24482"},{"taxonomy":"product_tag","embeddable":true,"href":"https:\/\/eheating.lt\/en\/wp-json\/wp\/v2\/product_tag?post=24482"}],"curies":[{"name":"wp","href":"https:\/\/api.w.org\/{rel}","templated":true}]}}