{"id":24416,"date":"2023-12-28T15:21:19","date_gmt":"2023-12-28T13:21:19","guid":{"rendered":"https:\/\/eheating.lt\/?post_type=product&#038;p=24416"},"modified":"2024-10-18T17:27:41","modified_gmt":"2024-10-18T14:27:41","slug":"hikvision-ds-k1t502dbwx","status":"publish","type":"product","link":"https:\/\/eheating.lt\/en\/produktas\/hikvision-ds-k1t502dbwx\/","title":{"rendered":"Hikvision DS-K1T502DBWX"},"content":{"rendered":"<ul class=\"tech-specs-items-description\" data-target=\"System\">\n<li class=\"tech-specs-items-description-list\"><span class=\"tech-specs-items-description__title--heading\">Sistema<\/span><\/li>\n<li class=\"tech-specs-items-description-list\"><span class=\"tech-specs-items-description__title\">Operacin\u0117 sistema<\/span><span class=\"tech-specs-items-description__title-details\">Linux<\/span><\/li>\n<\/ul>\n<ul class=\"tech-specs-items-description\" data-target=\"Video\">\n<li class=\"tech-specs-items-description-list\"><span class=\"tech-specs-items-description__title--heading\">Vaizdas<\/span><\/li>\n<li class=\"tech-specs-items-description-list\"><span class=\"tech-specs-items-description__title\">Vaizdo suspaudimo formatas<\/span><span class=\"tech-specs-items-description__title-details\">H.264 and H.265<\/span><\/li>\n<\/ul>\n<ul class=\"tech-specs-items-description\" data-target=\"Network\">\n<li class=\"tech-specs-items-description-list\"><span class=\"tech-specs-items-description__title--heading\">Internetas<\/span><\/li>\n<li class=\"tech-specs-items-description-list\"><span class=\"tech-specs-items-description__title\">Laidinis internetas<\/span><span class=\"tech-specs-items-description__title-details\">10 M\/100 M self-adaptive<\/span><\/li>\n<li class=\"tech-specs-items-description-list\"><span class=\"tech-specs-items-description__title\">Wi-Fi<\/span><span class=\"tech-specs-items-description__title-details\">Support<\/span><\/li>\n<li class=\"tech-specs-items-description-list\"><span class=\"tech-specs-items-description__title\">Bluetooth<\/span><span class=\"tech-specs-items-description__title-details\">Support<\/span><\/li>\n<\/ul>\n<ul class=\"tech-specs-items-description\" data-target=\"Interface\">\n<li class=\"tech-specs-items-description-list\"><span class=\"tech-specs-items-description__title--heading\">S\u0105saja<\/span><\/li>\n<li class=\"tech-specs-items-description-list\"><span class=\"tech-specs-items-description__title\">Network interface<\/span><span class=\"tech-specs-items-description__title-details\">1<\/span><\/li>\n<li class=\"tech-specs-items-description-list\"><span class=\"tech-specs-items-description__title\">U\u017erakto valdymas<\/span><span class=\"tech-specs-items-description__title-details\">1<\/span><\/li>\n<li class=\"tech-specs-items-description-list\"><span class=\"tech-specs-items-description__title\">I\u0161\u0117jimo mygtukas<\/span><span class=\"tech-specs-items-description__title-details\">1<\/span><\/li>\n<li class=\"tech-specs-items-description-list\"><span class=\"tech-specs-items-description__title\">Dur\u0173 kontakt\u0173 \u012fvestis<\/span><span class=\"tech-specs-items-description__title-details\">1<\/span><\/li>\n<li class=\"tech-specs-items-description-list\"><span class=\"tech-specs-items-description__title\">Signalizacijos \u012fvestis<\/span><span class=\"tech-specs-items-description__title-details\">1<\/span><\/li>\n<li class=\"tech-specs-items-description-list\"><span class=\"tech-specs-items-description__title\">Signalizacijos i\u0161vestis<\/span><span class=\"tech-specs-items-description__title-details\">1<\/span><\/li>\n<li class=\"tech-specs-items-description-list\"><span class=\"tech-specs-items-description__title\">TAMPER<\/span><span class=\"tech-specs-items-description__title-details\">1<\/span><\/li>\n<li class=\"tech-specs-items-description-list\"><span class=\"tech-specs-items-description__title\">RS-485<\/span><span class=\"tech-specs-items-description__title-details\">1<\/span><\/li>\n<li class=\"tech-specs-items-description-list\"><span class=\"tech-specs-items-description__title\">Wiegand<\/span><span class=\"tech-specs-items-description__title-details\">1 (Input and output)<\/span><\/li>\n<li class=\"tech-specs-items-description-list\"><span class=\"tech-specs-items-description__title\">SD Card Slot<\/span><span class=\"tech-specs-items-description__title-details\">1<\/span><\/li>\n<\/ul>\n<ul class=\"tech-specs-items-description\" data-target=\"Capacity\">\n<li class=\"tech-specs-items-description-list\"><span class=\"tech-specs-items-description__title--heading\">Talpa<\/span><\/li>\n<li class=\"tech-specs-items-description-list\"><span class=\"tech-specs-items-description__title\">Korteli\u0173 talpa<\/span><span class=\"tech-specs-items-description__title-details\">100,000<\/span><\/li>\n<li class=\"tech-specs-items-description-list\"><span class=\"tech-specs-items-description__title\">\u012evyki\u0173 talpa<\/span><span class=\"tech-specs-items-description__title-details\">300,000<\/span><\/li>\n<\/ul>\n<ul class=\"tech-specs-items-description\" data-target=\"Authentication\">\n<li class=\"tech-specs-items-description-list\"><span class=\"tech-specs-items-description__title--heading\">Autentifikavimas<\/span><\/li>\n<li class=\"tech-specs-items-description-list\"><span class=\"tech-specs-items-description__title\">Kortel\u0117s tipas<\/span><span class=\"tech-specs-items-description__title-details\">M1 card;DESfire card<\/span><\/li>\n<li class=\"tech-specs-items-description-list\"><span class=\"tech-specs-items-description__title\">Card reading distance<\/span><span class=\"tech-specs-items-description__title-details\">0 ~ 3 cm<\/span><\/li>\n<\/ul>\n<ul class=\"tech-specs-items-description\" data-target=\"Function\">\n<li class=\"tech-specs-items-description-list\"><span class=\"tech-specs-items-description__title--heading\">Funkcijos<\/span><\/li>\n<li class=\"tech-specs-items-description-list\"><span class=\"tech-specs-items-description__title\">Dviej\u0173 kryp\u010di\u0173 garsas<\/span><span class=\"tech-specs-items-description__title-details\">Support<\/span><\/li>\n<li class=\"tech-specs-items-description-list\"><span class=\"tech-specs-items-description__title\">Video intercom<\/span><span class=\"tech-specs-items-description__title-details\">Support<\/span><\/li>\n<li class=\"tech-specs-items-description-list\"><span class=\"tech-specs-items-description__title\">Hik-Connect<\/span><span class=\"tech-specs-items-description__title-details\">Support<\/span><\/li>\n<\/ul>\n<p>&nbsp;<\/p>\n<ul class=\"tech-specs-items-description\" data-target=\"General\">\n<li class=\"tech-specs-items-description-list\"><span class=\"tech-specs-items-description__title\">Maitinimas<\/span><span class=\"tech-specs-items-description__title-details\">1 A (12 VDC to 24 VDC)<\/span><\/li>\n<li class=\"tech-specs-items-description-list\"><span class=\"tech-specs-items-description__title\">Energijos sunaudojimas<\/span><span class=\"tech-specs-items-description__title-details\">\u226412 W<\/span><\/li>\n<li class=\"tech-specs-items-description-list\"><span class=\"tech-specs-items-description__title\">Darbin\u0117 s\u0105lygos temperat\u016bra<\/span><span class=\"tech-specs-items-description__title-details\"> -40 \u2103 ~ +70 \u2103 (-40 \u00b0F ~ +158 \u00b0F)<\/span><\/li>\n<li class=\"tech-specs-items-description-list\"><span class=\"tech-specs-items-description__title\">IP apsaugos lygis<\/span><span class=\"tech-specs-items-description__title-details\">IK09, IP65<\/span><\/li>\n<li class=\"tech-specs-items-description-list\"><span class=\"tech-specs-items-description__title\">Kalba<\/span><span class=\"tech-specs-items-description__title-details\">Arabic, English, French, Indonesian, Italian, Portuguese (Brazil), Russian, Spanish (Europe), Thai, Ukrainian, Vietnamese, German, Polish, Hungarian, Czech, Romanian, Bulgarian, Croatian, Serbian, Greek, Slovak, Portuguese, and Dutch<\/span><\/li>\n<\/ul>\n","protected":false},"excerpt":{"rendered":"<ul>\n<li>Standalone<\/li>\n<li>Korteli\u0173 skaitytuvas<\/li>\n<li>Wi-Fi, Bluetooth<\/li>\n<li>IP65, IK09<\/li>\n<li>SD kortel\u0117 iki 256 GB<\/li>\n<\/ul>\n","protected":false},"featured_media":29925,"comment_status":"closed","ping_status":"closed","template":"","meta":[],"product_brand":[],"product_cat":[772,771],"product_tag":[975],"class_list":{"0":"post-24416","1":"product","2":"type-product","3":"status-publish","4":"has-post-thumbnail","6":"product_cat-hikvision-access-control","7":"product_cat-access-control-systems","8":"product_tag-ean-en","10":"first","11":"instock","12":"purchasable","13":"product-type-simple"},"yoast_head":"<!-- This site is optimized with the Yoast SEO Premium plugin v21.5 (Yoast SEO v27.3) - https:\/\/yoast.com\/product\/yoast-seo-premium-wordpress\/ -->\n<title>Hikvision DS-K1T502DBWX<\/title>\n<meta name=\"description\" content=\"Hikvision DS-K1T502DBWX korteli\u0173 skaitytuvas ; Standalone ; Korteli\u0173 skaitytuvas ; Wi-Fi, Bluetooth ; IP65, IK09 ; SD kortel\u0117 iki 256 GB\" \/>\n<meta name=\"robots\" content=\"index, follow, max-snippet:-1, max-image-preview:large, max-video-preview:-1\" \/>\n<link rel=\"canonical\" href=\"https:\/\/eheating.lt\/produktas\/hikvision-ds-k1t502dbwx\/\" \/>\n<meta property=\"og:locale\" content=\"en_US\" \/>\n<meta property=\"og:type\" content=\"article\" \/>\n<meta property=\"og:title\" content=\"Hikvision DS-K1T502DBWX\" \/>\n<meta property=\"og:description\" content=\"Hikvision DS-K1T502DBWX korteli\u0173 skaitytuvas ; Standalone ; Korteli\u0173 skaitytuvas ; Wi-Fi, Bluetooth ; IP65, IK09 ; SD kortel\u0117 iki 256 GB\" \/>\n<meta property=\"og:url\" content=\"https:\/\/eheating.lt\/produktas\/hikvision-ds-k1t502dbwx\/\" \/>\n<meta property=\"og:site_name\" content=\"Elektronika Namams\" \/>\n<meta property=\"article:publisher\" content=\"https:\/\/www.facebook.com\/ElektronikaNamams\" \/>\n<meta property=\"article:modified_time\" content=\"2024-10-18T14:27:41+00:00\" \/>\n<meta property=\"og:image\" content=\"https:\/\/eheating.lt\/wp-content\/uploads\/2023\/10\/Hikvision-DS-K1T502DBWX.png\" \/>\n\t<meta property=\"og:image:width\" content=\"800\" \/>\n\t<meta property=\"og:image:height\" content=\"800\" \/>\n\t<meta property=\"og:image:type\" content=\"image\/png\" \/>\n<meta name=\"twitter:card\" content=\"summary_large_image\" \/>\n<meta name=\"twitter:label1\" content=\"Price\" \/>\n\t<meta name=\"twitter:data1\" content=\"225,62&nbsp;&euro;\" \/>\n\t<meta name=\"twitter:label2\" content=\"Availability\" \/>\n\t<meta name=\"twitter:data2\" content=\"In stock\" \/>\n<script type=\"application\/ld+json\" class=\"yoast-schema-graph\">{\"@context\":\"https:\\\/\\\/schema.org\",\"@graph\":[{\"@type\":\"WebPage\",\"@id\":\"https:\\\/\\\/eheating.lt\\\/produktas\\\/hikvision-ds-k1t502dbwx\\\/\",\"url\":\"https:\\\/\\\/eheating.lt\\\/produktas\\\/hikvision-ds-k1t502dbwx\\\/\",\"name\":\"Hikvision DS-K1T502DBWX\",\"isPartOf\":{\"@id\":\"https:\\\/\\\/eheating.lt\\\/#website\"},\"primaryImageOfPage\":{\"@id\":\"https:\\\/\\\/eheating.lt\\\/produktas\\\/hikvision-ds-k1t502dbwx\\\/#primaryimage\"},\"image\":{\"@id\":\"https:\\\/\\\/eheating.lt\\\/produktas\\\/hikvision-ds-k1t502dbwx\\\/#primaryimage\"},\"thumbnailUrl\":\"https:\\\/\\\/eheating.lt\\\/wp-content\\\/uploads\\\/2023\\\/10\\\/Hikvision-DS-K1T502DBWX.png\",\"datePublished\":\"2023-12-28T13:21:19+00:00\",\"dateModified\":\"2024-10-18T14:27:41+00:00\",\"description\":\"Hikvision DS-K1T502DBWX korteli\u0173 skaitytuvas ; Standalone ; Korteli\u0173 skaitytuvas ; Wi-Fi, Bluetooth ; IP65, IK09 ; SD kortel\u0117 iki 256 GB\",\"breadcrumb\":{\"@id\":\"https:\\\/\\\/eheating.lt\\\/produktas\\\/hikvision-ds-k1t502dbwx\\\/#breadcrumb\"},\"inLanguage\":\"en-US\",\"potentialAction\":[{\"@type\":\"ReadAction\",\"target\":[\"https:\\\/\\\/eheating.lt\\\/produktas\\\/hikvision-ds-k1t502dbwx\\\/\"]}]},{\"@type\":\"ImageObject\",\"inLanguage\":\"en-US\",\"@id\":\"https:\\\/\\\/eheating.lt\\\/produktas\\\/hikvision-ds-k1t502dbwx\\\/#primaryimage\",\"url\":\"https:\\\/\\\/eheating.lt\\\/wp-content\\\/uploads\\\/2023\\\/10\\\/Hikvision-DS-K1T502DBWX.png\",\"contentUrl\":\"https:\\\/\\\/eheating.lt\\\/wp-content\\\/uploads\\\/2023\\\/10\\\/Hikvision-DS-K1T502DBWX.png\",\"width\":800,\"height\":800,\"caption\":\"Hikvision DS-K1T502DBWX\"},{\"@type\":\"BreadcrumbList\",\"@id\":\"https:\\\/\\\/eheating.lt\\\/produktas\\\/hikvision-ds-k1t502dbwx\\\/#breadcrumb\",\"itemListElement\":[{\"@type\":\"ListItem\",\"position\":1,\"name\":\"Prad\u017eia\",\"item\":\"https:\\\/\\\/eheating.lt\\\/en\\\/\"},{\"@type\":\"ListItem\",\"position\":2,\"name\":\"Shop\",\"item\":\"https:\\\/\\\/eheating.lt\\\/en\\\/?page_id=5734\"},{\"@type\":\"ListItem\",\"position\":3,\"name\":\"Hikvision DS-K1T502DBWX\"}]},{\"@type\":\"WebSite\",\"@id\":\"https:\\\/\\\/eheating.lt\\\/#website\",\"url\":\"https:\\\/\\\/eheating.lt\\\/\",\"name\":\"eHeating\",\"description\":\"Elektronika ir \u0161ildymas\",\"potentialAction\":[{\"@type\":\"SearchAction\",\"target\":{\"@type\":\"EntryPoint\",\"urlTemplate\":\"https:\\\/\\\/eheating.lt\\\/?s={search_term_string}\"},\"query-input\":{\"@type\":\"PropertyValueSpecification\",\"valueRequired\":true,\"valueName\":\"search_term_string\"}}],\"inLanguage\":\"en-US\"}]}<\/script>\n<meta property=\"product:price:amount\" content=\"225.62\" \/>\n<meta property=\"product:price:currency\" content=\"EUR\" \/>\n<meta property=\"og:availability\" content=\"instock\" \/>\n<meta property=\"product:availability\" content=\"instock\" \/>\n<meta property=\"product:retailer_item_id\" content=\"78332c4a07a7\" \/>\n<meta property=\"product:condition\" content=\"new\" \/>\n<!-- \/ Yoast SEO Premium plugin. -->","yoast_head_json":{"title":"Hikvision DS-K1T502DBWX","description":"Hikvision DS-K1T502DBWX korteli\u0173 skaitytuvas ; Standalone ; Korteli\u0173 skaitytuvas ; Wi-Fi, Bluetooth ; IP65, IK09 ; SD kortel\u0117 iki 256 GB","robots":{"index":"index","follow":"follow","max-snippet":"max-snippet:-1","max-image-preview":"max-image-preview:large","max-video-preview":"max-video-preview:-1"},"canonical":"https:\/\/eheating.lt\/produktas\/hikvision-ds-k1t502dbwx\/","og_locale":"en_US","og_type":"article","og_title":"Hikvision DS-K1T502DBWX","og_description":"Hikvision DS-K1T502DBWX korteli\u0173 skaitytuvas ; Standalone ; Korteli\u0173 skaitytuvas ; Wi-Fi, Bluetooth ; IP65, IK09 ; SD kortel\u0117 iki 256 GB","og_url":"https:\/\/eheating.lt\/produktas\/hikvision-ds-k1t502dbwx\/","og_site_name":"Elektronika Namams","article_publisher":"https:\/\/www.facebook.com\/ElektronikaNamams","article_modified_time":"2024-10-18T14:27:41+00:00","og_image":[{"width":800,"height":800,"url":"https:\/\/eheating.lt\/wp-content\/uploads\/2023\/10\/Hikvision-DS-K1T502DBWX.png","type":"image\/png"}],"twitter_card":"summary_large_image","twitter_misc":{"Price":"225,62&nbsp;&euro;","Availability":"In stock"},"schema":{"@context":"https:\/\/schema.org","@graph":[{"@type":"WebPage","@id":"https:\/\/eheating.lt\/produktas\/hikvision-ds-k1t502dbwx\/","url":"https:\/\/eheating.lt\/produktas\/hikvision-ds-k1t502dbwx\/","name":"Hikvision DS-K1T502DBWX","isPartOf":{"@id":"https:\/\/eheating.lt\/#website"},"primaryImageOfPage":{"@id":"https:\/\/eheating.lt\/produktas\/hikvision-ds-k1t502dbwx\/#primaryimage"},"image":{"@id":"https:\/\/eheating.lt\/produktas\/hikvision-ds-k1t502dbwx\/#primaryimage"},"thumbnailUrl":"https:\/\/eheating.lt\/wp-content\/uploads\/2023\/10\/Hikvision-DS-K1T502DBWX.png","datePublished":"2023-12-28T13:21:19+00:00","dateModified":"2024-10-18T14:27:41+00:00","description":"Hikvision DS-K1T502DBWX korteli\u0173 skaitytuvas ; Standalone ; Korteli\u0173 skaitytuvas ; Wi-Fi, Bluetooth ; IP65, IK09 ; SD kortel\u0117 iki 256 GB","breadcrumb":{"@id":"https:\/\/eheating.lt\/produktas\/hikvision-ds-k1t502dbwx\/#breadcrumb"},"inLanguage":"en-US","potentialAction":[{"@type":"ReadAction","target":["https:\/\/eheating.lt\/produktas\/hikvision-ds-k1t502dbwx\/"]}]},{"@type":"ImageObject","inLanguage":"en-US","@id":"https:\/\/eheating.lt\/produktas\/hikvision-ds-k1t502dbwx\/#primaryimage","url":"https:\/\/eheating.lt\/wp-content\/uploads\/2023\/10\/Hikvision-DS-K1T502DBWX.png","contentUrl":"https:\/\/eheating.lt\/wp-content\/uploads\/2023\/10\/Hikvision-DS-K1T502DBWX.png","width":800,"height":800,"caption":"Hikvision DS-K1T502DBWX"},{"@type":"BreadcrumbList","@id":"https:\/\/eheating.lt\/produktas\/hikvision-ds-k1t502dbwx\/#breadcrumb","itemListElement":[{"@type":"ListItem","position":1,"name":"Prad\u017eia","item":"https:\/\/eheating.lt\/en\/"},{"@type":"ListItem","position":2,"name":"Shop","item":"https:\/\/eheating.lt\/en\/?page_id=5734"},{"@type":"ListItem","position":3,"name":"Hikvision DS-K1T502DBWX"}]},{"@type":"WebSite","@id":"https:\/\/eheating.lt\/#website","url":"https:\/\/eheating.lt\/","name":"eHeating","description":"Elektronika ir \u0161ildymas","potentialAction":[{"@type":"SearchAction","target":{"@type":"EntryPoint","urlTemplate":"https:\/\/eheating.lt\/?s={search_term_string}"},"query-input":{"@type":"PropertyValueSpecification","valueRequired":true,"valueName":"search_term_string"}}],"inLanguage":"en-US"}]},"product_price_amount":"225.62","product_price_currency":"EUR","og_availability":"instock","product_availability":"instock","product_retailer_item_id":"78332c4a07a7","product_condition":"new"},"_links":{"self":[{"href":"https:\/\/eheating.lt\/en\/wp-json\/wp\/v2\/product\/24416","targetHints":{"allow":["GET"]}}],"collection":[{"href":"https:\/\/eheating.lt\/en\/wp-json\/wp\/v2\/product"}],"about":[{"href":"https:\/\/eheating.lt\/en\/wp-json\/wp\/v2\/types\/product"}],"replies":[{"embeddable":true,"href":"https:\/\/eheating.lt\/en\/wp-json\/wp\/v2\/comments?post=24416"}],"version-history":[{"count":0,"href":"https:\/\/eheating.lt\/en\/wp-json\/wp\/v2\/product\/24416\/revisions"}],"wp:featuredmedia":[{"embeddable":true,"href":"https:\/\/eheating.lt\/en\/wp-json\/wp\/v2\/media\/29925"}],"wp:attachment":[{"href":"https:\/\/eheating.lt\/en\/wp-json\/wp\/v2\/media?parent=24416"}],"wp:term":[{"taxonomy":"product_brand","embeddable":true,"href":"https:\/\/eheating.lt\/en\/wp-json\/wp\/v2\/product_brand?post=24416"},{"taxonomy":"product_cat","embeddable":true,"href":"https:\/\/eheating.lt\/en\/wp-json\/wp\/v2\/product_cat?post=24416"},{"taxonomy":"product_tag","embeddable":true,"href":"https:\/\/eheating.lt\/en\/wp-json\/wp\/v2\/product_tag?post=24416"}],"curies":[{"name":"wp","href":"https:\/\/api.w.org\/{rel}","templated":true}]}}