{"id":24412,"date":"2023-11-17T23:42:59","date_gmt":"2023-11-17T21:42:59","guid":{"rendered":"https:\/\/eheating.lt\/?post_type=product&#038;p=24412"},"modified":"2024-10-18T17:27:39","modified_gmt":"2024-10-18T14:27:39","slug":"hikvision-dome-ds-2ce79d0t-vfit3f-c-f2-7-13-5","status":"publish","type":"product","link":"https:\/\/eheating.lt\/en\/produktas\/hikvision-dome-ds-2ce79d0t-vfit3f-c-f2-7-13-5\/","title":{"rendered":"Hikvision dome DS-2CE79D0T-VFIT3F (C) F2.7-13.5"},"content":{"rendered":"<ul class=\"tech-specs-items-description\" data-target=\"Camera\">\n<li class=\"tech-specs-items-description-list\"><span class=\"tech-specs-items-description__title--heading\">Kamera<\/span><\/li>\n<li class=\"tech-specs-items-description-list\"><span class=\"tech-specs-items-description__title\">Sensorius<\/span><span class=\"tech-specs-items-description__title-details\">2 MP CMOS<\/span><\/li>\n<li class=\"tech-specs-items-description-list\"><span class=\"tech-specs-items-description__title\">Signalo sistema<\/span><span class=\"tech-specs-items-description__title-details\">PAL\/NTSC<\/span><\/li>\n<li class=\"tech-specs-items-description-list\"><span class=\"tech-specs-items-description__title\">Rezoliucija<\/span><span class=\"tech-specs-items-description__title-details\">1920 (H) \u00d7 1080 (V)<\/span><\/li>\n<li class=\"tech-specs-items-description-list\"><span class=\"tech-specs-items-description__title\">Frame Rate<\/span><span class=\"tech-specs-items-description__title-details\"><span class=\"tech-specs-items-description__title-details\"><br \/>\n<\/span><\/span><\/p>\n<p class=\"mb-p\" style=\"margin-bottom: 0rem; height: auto;\">TVI: 1920 \u00d7 1080 @ 30 fps, 1080P @ 25 fps<\/p>\n<p class=\"mb-p\" style=\"margin-bottom: 0rem; height: auto;\">AHD: 1920 \u00d7 1080 @ 30 fps, 1080P @ 25 fps<\/p>\n<p class=\"mb-p\" style=\"margin-bottom: 0rem; height: auto;\">CVI: 1920 \u00d7 1080 @ 30 fps, 1080P @ 25 fps<\/p>\n<p class=\"mb-p\" style=\"margin-bottom: 0.5em; height: auto;\">CVBS: PAL\/NTSC<\/p>\n<p>&nbsp;<\/li>\n<li class=\"tech-specs-items-description-list\"><span class=\"tech-specs-items-description__title\">Min. ap\u0161vietimas<\/span><span class=\"tech-specs-items-description__title-details\">0.01 Lux @ (F1.2, AGC ON), 0 Lux with IR<\/span><\/li>\n<li class=\"tech-specs-items-description-list\"><span class=\"tech-specs-items-description__title\">U\u017erakto greitis<\/span><span class=\"tech-specs-items-description__title-details\">PAL: 1\/25 s to 1\/50,000 s;NTSC: 1\/30 s to 1\/50,000 s<\/span><\/li>\n<li class=\"tech-specs-items-description-list\"><span class=\"tech-specs-items-description__title\">L\u0119\u0161is<\/span><span class=\"tech-specs-items-description__title-details\">2.7 mm to 13.5 mm varifocal lens<\/span><\/li>\n<li class=\"tech-specs-items-description-list\"><span class=\"tech-specs-items-description__title\">FOV<\/span><span class=\"tech-specs-items-description__title-details\"><span class=\"tech-specs-items-description__title-details\"><br \/>\n<\/span><\/span><\/p>\n<p class=\"mb-p\" style=\"margin-bottom: 0rem; height: auto;\">Horizontal FOV: 100\u00b0 to 30\u00b0, vertical FOV: 52\u00b0 to 17\u00b0, diagonal FOV: 116\u00b0 to 34.5\u00b0<\/p>\n<p>&nbsp;<\/li>\n<li class=\"tech-specs-items-description-list\"><span class=\"tech-specs-items-description__title\">L\u0119\u0161io montavimas<\/span><span class=\"tech-specs-items-description__title-details\">\u03a614<\/span><\/li>\n<li class=\"tech-specs-items-description-list\"><span class=\"tech-specs-items-description__title\">Day &amp; Night<\/span><span class=\"tech-specs-items-description__title-details\">Color&amp;ICR<\/span><\/li>\n<li class=\"tech-specs-items-description-list\"><span class=\"tech-specs-items-description__title\">WDR (Wide Dynamic Range)<\/span><span class=\"tech-specs-items-description__title-details\">Digital WDR<\/span><\/li>\n<li class=\"tech-specs-items-description-list\"><span class=\"tech-specs-items-description__title\">Kampo keitimas<\/span><span class=\"tech-specs-items-description__title-details\">Pan: 0\u00b0 to 360\u00b0, Tilt: 0\u00b0 to 75\u00b0, Rotation: 0\u00b0 to 360\u00b0<\/span><\/li>\n<\/ul>\n<ul class=\"tech-specs-items-description\" data-target=\"Image\">\n<li class=\"tech-specs-items-description-list\"><span class=\"tech-specs-items-description__title--heading\">Nuotrauka<\/span><\/li>\n<li class=\"tech-specs-items-description-list\"><span class=\"tech-specs-items-description__title\">Day\/Night Mode<\/span><span class=\"tech-specs-items-description__title-details\">Auto\/Color\/BW (Black and White)<\/span><\/li>\n<li class=\"tech-specs-items-description-list\"><span class=\"tech-specs-items-description__title\">Image Mode<\/span><span class=\"tech-specs-items-description__title-details\">STD\/HIGH-SAT<\/span><\/li>\n<li class=\"tech-specs-items-description-list\"><span class=\"tech-specs-items-description__title\">AGC<\/span><span class=\"tech-specs-items-description__title-details\">Yes<\/span><\/li>\n<li class=\"tech-specs-items-description-list\"><span class=\"tech-specs-items-description__title\">Baltos spalvos balansas<\/span><span class=\"tech-specs-items-description__title-details\">Auto\/Manual<\/span><\/li>\n<li class=\"tech-specs-items-description-list\"><span class=\"tech-specs-items-description__title\">AE (Auto Exposure) Mode<\/span><span class=\"tech-specs-items-description__title-details\">BLC;HLC;Global;DWDR<\/span><\/li>\n<li class=\"tech-specs-items-description-list\"><span class=\"tech-specs-items-description__title\">Noise Reduction<\/span><span class=\"tech-specs-items-description__title-details\">2D DNR<\/span><\/li>\n<li class=\"tech-specs-items-description-list\"><span class=\"tech-specs-items-description__title\">Kalba<\/span><span class=\"tech-specs-items-description__title-details\">English<\/span><\/li>\n<li class=\"tech-specs-items-description-list\"><span class=\"tech-specs-items-description__title\">Funkcijos<\/span><span class=\"tech-specs-items-description__title-details\">Brightness;Contrast;Smart IR;Sharpness;Saturation;Mirror<\/span><\/li>\n<\/ul>\n<ul class=\"tech-specs-items-description\" data-target=\"Interface\">\n<li class=\"tech-specs-items-description-list\"><span class=\"tech-specs-items-description__title--heading\">S\u0105saja<\/span><\/li>\n<li class=\"tech-specs-items-description-list\"><span class=\"tech-specs-items-description__title\">Vaizdo i\u0161vestis<\/span><span class=\"tech-specs-items-description__title-details\">Switchable TVI\/AHD\/CVI\/CVBS<\/span><\/li>\n<\/ul>\n<ul class=\"tech-specs-items-description\" data-target=\"General\">\n<li class=\"tech-specs-items-description-list\"><span class=\"tech-specs-items-description__title--heading\">Pagrindinis<\/span><\/li>\n<li class=\"tech-specs-items-description-list\"><span class=\"tech-specs-items-description__title\">IR distancija<\/span><span class=\"tech-specs-items-description__title-details\">Up to 40 m<\/span><\/li>\n<li class=\"tech-specs-items-description-list\"><span class=\"tech-specs-items-description__title\">Darbo s\u0105lygos<\/span><span class=\"tech-specs-items-description__title-details\">-40\u00b0C to 60\u00b0C (-40\u00b0F to 140\u00b0F), Humidity: 90% or less (non-condensing)<\/span><\/li>\n<li class=\"tech-specs-items-description-list\"><span class=\"tech-specs-items-description__title\">Maitinimas<\/span><span class=\"tech-specs-items-description__title-details\"><span class=\"tech-specs-items-description__title-details\"><br \/>\n<\/span><\/span><\/p>\n<p class=\"mb-p\" style=\"margin-bottom: 0rem; height: auto;\">12 VDC \u00b1 15%<\/p>\n<p>&nbsp;<\/li>\n<li class=\"tech-specs-items-description-list\"><span class=\"tech-specs-items-description__title\">Energijos sunaudojimas<\/span><span class=\"tech-specs-items-description__title-details\">Max. 5 W <\/span><\/li>\n<li class=\"tech-specs-items-description-list\"><span class=\"tech-specs-items-description__title\">Apsaugos lygis<\/span><span class=\"tech-specs-items-description__title-details\">IP67<\/span><\/li>\n<li class=\"tech-specs-items-description-list\"><span class=\"tech-specs-items-description__title\">Med\u017eiaga<\/span><span class=\"tech-specs-items-description__title-details\">Front cover: Metal, Main body: Plastic<\/span><\/li>\n<li class=\"tech-specs-items-description-list\"><span class=\"tech-specs-items-description__title\">Bendravimas<\/span><span class=\"tech-specs-items-description__title-details\">HIKVISION-C<\/span><\/li>\n<li class=\"tech-specs-items-description-list\"><span class=\"tech-specs-items-description__title\">Dydis<\/span><span class=\"tech-specs-items-description__title-details\">84.5 mm \u00d7 92 mm \u00d7 255.1 mm (3.33&#8243; \u00d7 3.62&#8243; \u00d7 10.04&#8243;)<\/span><\/li>\n<li class=\"tech-specs-items-description-list\"><span class=\"tech-specs-items-description__title\">Svoris<\/span><span class=\"tech-specs-items-description__title-details\">Approx. 682 g (1.50 lb.)<\/span><\/li>\n<\/ul>\n","protected":false},"excerpt":{"rendered":"<ul>\n<li>2MP analogin\u0117 dome kamera<\/li>\n<li>2.7 mm iki 13.5 mm motorizuotas l\u0119\u0161is<\/li>\n<li>Iki 40 m IR distancija<\/li>\n<li>1 prievadas 4 signalam (TVI\/AHD\/CVI\/CVBS)<\/li>\n<li>IP67<\/li>\n<\/ul>\n","protected":false},"featured_media":28929,"comment_status":"closed","ping_status":"closed","template":"","meta":[],"product_brand":[],"product_cat":[371,344,318],"product_tag":[],"class_list":{"0":"post-24412","1":"product","2":"type-product","3":"status-publish","4":"has-post-thumbnail","6":"product_cat-turbo-hd-kupolines-kameros","7":"product_cat-turbo-hd-kameros","8":"product_cat-turbo-hd-apsauga","10":"first","11":"onbackorder","12":"purchasable","13":"product-type-simple"},"yoast_head":"<!-- This site is optimized with the Yoast SEO Premium plugin v21.5 (Yoast SEO v27.3) - https:\/\/yoast.com\/product\/yoast-seo-premium-wordpress\/ -->\n<title>Hikvision dome DS-2CE79D0T-VFIT3F (C) F2.7-13.5<\/title>\n<meta name=\"description\" content=\"Hikvision dome DS-2CE79D0T-VFIT3F (C) F2.7-13.5 kamera ; 2.7 mm iki 13.5 mm motorizuotas l\u0119\u0161is ; Rai\u0161ka - 2MP ; IR nuotolis iki 40m\" \/>\n<meta name=\"robots\" content=\"index, follow, max-snippet:-1, max-image-preview:large, max-video-preview:-1\" \/>\n<link rel=\"canonical\" href=\"https:\/\/eheating.lt\/produktas\/hikvision-dome-ds-2ce79d0t-vfit3f-c-f2-7-13-5\/\" \/>\n<meta property=\"og:locale\" content=\"en_US\" \/>\n<meta property=\"og:type\" content=\"article\" \/>\n<meta property=\"og:title\" content=\"Hikvision dome DS-2CE79D0T-VFIT3F (C) F2.7-13.5\" \/>\n<meta property=\"og:description\" content=\"Hikvision dome DS-2CE79D0T-VFIT3F (C) F2.7-13.5 kamera ; 2.7 mm iki 13.5 mm motorizuotas l\u0119\u0161is ; Rai\u0161ka - 2MP ; IR nuotolis iki 40m\" \/>\n<meta property=\"og:url\" content=\"https:\/\/eheating.lt\/produktas\/hikvision-dome-ds-2ce79d0t-vfit3f-c-f2-7-13-5\/\" \/>\n<meta property=\"og:site_name\" content=\"Elektronika Namams\" \/>\n<meta property=\"article:publisher\" content=\"https:\/\/www.facebook.com\/ElektronikaNamams\" \/>\n<meta property=\"article:modified_time\" content=\"2024-10-18T14:27:39+00:00\" \/>\n<meta property=\"og:image\" content=\"https:\/\/eheating.lt\/wp-content\/uploads\/2023\/10\/Hikvision-dome-DS-2CE79D0T-VFIT3F-C-F2.7-13.5.png\" \/>\n\t<meta property=\"og:image:width\" content=\"800\" \/>\n\t<meta property=\"og:image:height\" content=\"800\" \/>\n\t<meta property=\"og:image:type\" content=\"image\/png\" \/>\n<meta name=\"twitter:card\" content=\"summary_large_image\" \/>\n<meta name=\"twitter:label1\" content=\"Price\" \/>\n\t<meta name=\"twitter:data1\" content=\"114,19&nbsp;&euro;\" \/>\n\t<meta name=\"twitter:label2\" content=\"Availability\" \/>\n\t<meta name=\"twitter:data2\" content=\"On backorder\" \/>\n<script type=\"application\/ld+json\" class=\"yoast-schema-graph\">{\"@context\":\"https:\\\/\\\/schema.org\",\"@graph\":[{\"@type\":\"WebPage\",\"@id\":\"https:\\\/\\\/eheating.lt\\\/produktas\\\/hikvision-dome-ds-2ce79d0t-vfit3f-c-f2-7-13-5\\\/\",\"url\":\"https:\\\/\\\/eheating.lt\\\/produktas\\\/hikvision-dome-ds-2ce79d0t-vfit3f-c-f2-7-13-5\\\/\",\"name\":\"Hikvision dome DS-2CE79D0T-VFIT3F (C) F2.7-13.5\",\"isPartOf\":{\"@id\":\"https:\\\/\\\/eheating.lt\\\/#website\"},\"primaryImageOfPage\":{\"@id\":\"https:\\\/\\\/eheating.lt\\\/produktas\\\/hikvision-dome-ds-2ce79d0t-vfit3f-c-f2-7-13-5\\\/#primaryimage\"},\"image\":{\"@id\":\"https:\\\/\\\/eheating.lt\\\/produktas\\\/hikvision-dome-ds-2ce79d0t-vfit3f-c-f2-7-13-5\\\/#primaryimage\"},\"thumbnailUrl\":\"https:\\\/\\\/eheating.lt\\\/wp-content\\\/uploads\\\/2023\\\/10\\\/Hikvision-dome-DS-2CE79D0T-VFIT3F-C-F2.7-13.5.png\",\"datePublished\":\"2023-11-17T21:42:59+00:00\",\"dateModified\":\"2024-10-18T14:27:39+00:00\",\"description\":\"Hikvision dome DS-2CE79D0T-VFIT3F (C) F2.7-13.5 kamera ; 2.7 mm iki 13.5 mm motorizuotas l\u0119\u0161is ; Rai\u0161ka - 2MP ; IR nuotolis iki 40m\",\"breadcrumb\":{\"@id\":\"https:\\\/\\\/eheating.lt\\\/produktas\\\/hikvision-dome-ds-2ce79d0t-vfit3f-c-f2-7-13-5\\\/#breadcrumb\"},\"inLanguage\":\"en-US\",\"potentialAction\":[{\"@type\":\"ReadAction\",\"target\":[\"https:\\\/\\\/eheating.lt\\\/produktas\\\/hikvision-dome-ds-2ce79d0t-vfit3f-c-f2-7-13-5\\\/\"]}]},{\"@type\":\"ImageObject\",\"inLanguage\":\"en-US\",\"@id\":\"https:\\\/\\\/eheating.lt\\\/produktas\\\/hikvision-dome-ds-2ce79d0t-vfit3f-c-f2-7-13-5\\\/#primaryimage\",\"url\":\"https:\\\/\\\/eheating.lt\\\/wp-content\\\/uploads\\\/2023\\\/10\\\/Hikvision-dome-DS-2CE79D0T-VFIT3F-C-F2.7-13.5.png\",\"contentUrl\":\"https:\\\/\\\/eheating.lt\\\/wp-content\\\/uploads\\\/2023\\\/10\\\/Hikvision-dome-DS-2CE79D0T-VFIT3F-C-F2.7-13.5.png\",\"width\":800,\"height\":800,\"caption\":\"Hikvision dome DS-2CE79D0T-VFIT3F (C) F2.7-13.5\"},{\"@type\":\"BreadcrumbList\",\"@id\":\"https:\\\/\\\/eheating.lt\\\/produktas\\\/hikvision-dome-ds-2ce79d0t-vfit3f-c-f2-7-13-5\\\/#breadcrumb\",\"itemListElement\":[{\"@type\":\"ListItem\",\"position\":1,\"name\":\"Prad\u017eia\",\"item\":\"https:\\\/\\\/eheating.lt\\\/en\\\/\"},{\"@type\":\"ListItem\",\"position\":2,\"name\":\"Shop\",\"item\":\"https:\\\/\\\/eheating.lt\\\/en\\\/?page_id=5734\"},{\"@type\":\"ListItem\",\"position\":3,\"name\":\"Hikvision dome DS-2CE79D0T-VFIT3F (C) F2.7-13.5\"}]},{\"@type\":\"WebSite\",\"@id\":\"https:\\\/\\\/eheating.lt\\\/#website\",\"url\":\"https:\\\/\\\/eheating.lt\\\/\",\"name\":\"eHeating\",\"description\":\"Elektronika ir \u0161ildymas\",\"potentialAction\":[{\"@type\":\"SearchAction\",\"target\":{\"@type\":\"EntryPoint\",\"urlTemplate\":\"https:\\\/\\\/eheating.lt\\\/?s={search_term_string}\"},\"query-input\":{\"@type\":\"PropertyValueSpecification\",\"valueRequired\":true,\"valueName\":\"search_term_string\"}}],\"inLanguage\":\"en-US\"}]}<\/script>\n<meta property=\"product:price:amount\" content=\"114.19\" \/>\n<meta property=\"product:price:currency\" content=\"EUR\" \/>\n<meta property=\"og:availability\" content=\"backorder\" \/>\n<meta property=\"product:availability\" content=\"available for order\" \/>\n<meta property=\"product:retailer_item_id\" content=\"a2b1b776e817\" \/>\n<meta property=\"product:condition\" content=\"new\" \/>\n<!-- \/ Yoast SEO Premium plugin. -->","yoast_head_json":{"title":"Hikvision dome DS-2CE79D0T-VFIT3F (C) F2.7-13.5","description":"Hikvision dome DS-2CE79D0T-VFIT3F (C) F2.7-13.5 kamera ; 2.7 mm iki 13.5 mm motorizuotas l\u0119\u0161is ; Rai\u0161ka - 2MP ; IR nuotolis iki 40m","robots":{"index":"index","follow":"follow","max-snippet":"max-snippet:-1","max-image-preview":"max-image-preview:large","max-video-preview":"max-video-preview:-1"},"canonical":"https:\/\/eheating.lt\/produktas\/hikvision-dome-ds-2ce79d0t-vfit3f-c-f2-7-13-5\/","og_locale":"en_US","og_type":"article","og_title":"Hikvision dome DS-2CE79D0T-VFIT3F (C) F2.7-13.5","og_description":"Hikvision dome DS-2CE79D0T-VFIT3F (C) F2.7-13.5 kamera ; 2.7 mm iki 13.5 mm motorizuotas l\u0119\u0161is ; Rai\u0161ka - 2MP ; IR nuotolis iki 40m","og_url":"https:\/\/eheating.lt\/produktas\/hikvision-dome-ds-2ce79d0t-vfit3f-c-f2-7-13-5\/","og_site_name":"Elektronika Namams","article_publisher":"https:\/\/www.facebook.com\/ElektronikaNamams","article_modified_time":"2024-10-18T14:27:39+00:00","og_image":[{"width":800,"height":800,"url":"https:\/\/eheating.lt\/wp-content\/uploads\/2023\/10\/Hikvision-dome-DS-2CE79D0T-VFIT3F-C-F2.7-13.5.png","type":"image\/png"}],"twitter_card":"summary_large_image","twitter_misc":{"Price":"114,19&nbsp;&euro;","Availability":"On backorder"},"schema":{"@context":"https:\/\/schema.org","@graph":[{"@type":"WebPage","@id":"https:\/\/eheating.lt\/produktas\/hikvision-dome-ds-2ce79d0t-vfit3f-c-f2-7-13-5\/","url":"https:\/\/eheating.lt\/produktas\/hikvision-dome-ds-2ce79d0t-vfit3f-c-f2-7-13-5\/","name":"Hikvision dome DS-2CE79D0T-VFIT3F (C) F2.7-13.5","isPartOf":{"@id":"https:\/\/eheating.lt\/#website"},"primaryImageOfPage":{"@id":"https:\/\/eheating.lt\/produktas\/hikvision-dome-ds-2ce79d0t-vfit3f-c-f2-7-13-5\/#primaryimage"},"image":{"@id":"https:\/\/eheating.lt\/produktas\/hikvision-dome-ds-2ce79d0t-vfit3f-c-f2-7-13-5\/#primaryimage"},"thumbnailUrl":"https:\/\/eheating.lt\/wp-content\/uploads\/2023\/10\/Hikvision-dome-DS-2CE79D0T-VFIT3F-C-F2.7-13.5.png","datePublished":"2023-11-17T21:42:59+00:00","dateModified":"2024-10-18T14:27:39+00:00","description":"Hikvision dome DS-2CE79D0T-VFIT3F (C) F2.7-13.5 kamera ; 2.7 mm iki 13.5 mm motorizuotas l\u0119\u0161is ; Rai\u0161ka - 2MP ; IR nuotolis iki 40m","breadcrumb":{"@id":"https:\/\/eheating.lt\/produktas\/hikvision-dome-ds-2ce79d0t-vfit3f-c-f2-7-13-5\/#breadcrumb"},"inLanguage":"en-US","potentialAction":[{"@type":"ReadAction","target":["https:\/\/eheating.lt\/produktas\/hikvision-dome-ds-2ce79d0t-vfit3f-c-f2-7-13-5\/"]}]},{"@type":"ImageObject","inLanguage":"en-US","@id":"https:\/\/eheating.lt\/produktas\/hikvision-dome-ds-2ce79d0t-vfit3f-c-f2-7-13-5\/#primaryimage","url":"https:\/\/eheating.lt\/wp-content\/uploads\/2023\/10\/Hikvision-dome-DS-2CE79D0T-VFIT3F-C-F2.7-13.5.png","contentUrl":"https:\/\/eheating.lt\/wp-content\/uploads\/2023\/10\/Hikvision-dome-DS-2CE79D0T-VFIT3F-C-F2.7-13.5.png","width":800,"height":800,"caption":"Hikvision dome DS-2CE79D0T-VFIT3F (C) F2.7-13.5"},{"@type":"BreadcrumbList","@id":"https:\/\/eheating.lt\/produktas\/hikvision-dome-ds-2ce79d0t-vfit3f-c-f2-7-13-5\/#breadcrumb","itemListElement":[{"@type":"ListItem","position":1,"name":"Prad\u017eia","item":"https:\/\/eheating.lt\/en\/"},{"@type":"ListItem","position":2,"name":"Shop","item":"https:\/\/eheating.lt\/en\/?page_id=5734"},{"@type":"ListItem","position":3,"name":"Hikvision dome DS-2CE79D0T-VFIT3F (C) F2.7-13.5"}]},{"@type":"WebSite","@id":"https:\/\/eheating.lt\/#website","url":"https:\/\/eheating.lt\/","name":"eHeating","description":"Elektronika ir \u0161ildymas","potentialAction":[{"@type":"SearchAction","target":{"@type":"EntryPoint","urlTemplate":"https:\/\/eheating.lt\/?s={search_term_string}"},"query-input":{"@type":"PropertyValueSpecification","valueRequired":true,"valueName":"search_term_string"}}],"inLanguage":"en-US"}]},"product_price_amount":"114.19","product_price_currency":"EUR","og_availability":"backorder","product_availability":"available for order","product_retailer_item_id":"a2b1b776e817","product_condition":"new"},"_links":{"self":[{"href":"https:\/\/eheating.lt\/en\/wp-json\/wp\/v2\/product\/24412","targetHints":{"allow":["GET"]}}],"collection":[{"href":"https:\/\/eheating.lt\/en\/wp-json\/wp\/v2\/product"}],"about":[{"href":"https:\/\/eheating.lt\/en\/wp-json\/wp\/v2\/types\/product"}],"replies":[{"embeddable":true,"href":"https:\/\/eheating.lt\/en\/wp-json\/wp\/v2\/comments?post=24412"}],"version-history":[{"count":0,"href":"https:\/\/eheating.lt\/en\/wp-json\/wp\/v2\/product\/24412\/revisions"}],"wp:featuredmedia":[{"embeddable":true,"href":"https:\/\/eheating.lt\/en\/wp-json\/wp\/v2\/media\/28929"}],"wp:attachment":[{"href":"https:\/\/eheating.lt\/en\/wp-json\/wp\/v2\/media?parent=24412"}],"wp:term":[{"taxonomy":"product_brand","embeddable":true,"href":"https:\/\/eheating.lt\/en\/wp-json\/wp\/v2\/product_brand?post=24412"},{"taxonomy":"product_cat","embeddable":true,"href":"https:\/\/eheating.lt\/en\/wp-json\/wp\/v2\/product_cat?post=24412"},{"taxonomy":"product_tag","embeddable":true,"href":"https:\/\/eheating.lt\/en\/wp-json\/wp\/v2\/product_tag?post=24412"}],"curies":[{"name":"wp","href":"https:\/\/api.w.org\/{rel}","templated":true}]}}