{"id":24302,"date":"2023-12-30T19:11:02","date_gmt":"2023-12-30T17:11:02","guid":{"rendered":"https:\/\/eheating.lt\/?post_type=product&#038;p=24302"},"modified":"2024-10-18T17:26:43","modified_gmt":"2024-10-18T14:26:43","slug":"centrale-paradox-sp5500","status":"publish","type":"product","link":"https:\/\/eheating.lt\/en\/produktas\/centrale-paradox-sp5500\/","title":{"rendered":"Central\u0117 PARADOX SP5500+"},"content":{"rendered":"<ul>\n<li>5 integruotos zonos, i\u0161ple\u010diamos iki 32 zon\u0173 belaid\u017eiu (naudojant RTX3) arba laidiniu ry\u0161iu (naudojant ZX8 \/ ZX82)<\/li>\n<li>2 integruoti PGM, i\u0161ple\u010diami iki 16 (bet kuris i\u0161 j\u0173 gali b\u016bti belaidis)<\/li>\n<li>32 vartotojo kodai ir 32 nuotolinio valdymo pultai, priskiriami bet kuriai i\u0161 2 skaidini\u0173<\/li>\n<li>Meniu valdomas programavimas pagrindiniam vartotojui ir montuotojui<\/li>\n<li>2 nuoseklieji prievadai \u2013 1 serija naudojama pirminiam ry\u0161io kanalui, 2 serija naudojama atsarginiam ry\u0161io kanalui<\/li>\n<li>Programin\u0117s aparatin\u0117s \u012frangos atnaujinimas lauke per BabyWare<\/li>\n<li>Palaiko PCS , IP150+ ir VDMP3<\/li>\n<li>Keli telefon\u0173 numeriai ataskaitoms teikti: 3 centrinei stotis, 5 asmeniniai ir 1 gaviklis<\/li>\n<li>Paspaudus mygtuk\u0105 maitinimo nustatymas i\u0161 naujo<\/li>\n<li>115K baud ry\u0161ys su \u201eBabyWare\u201c<\/li>\n<\/ul>\n","protected":false},"excerpt":{"rendered":"<ul>\n<li>5 Zon\u0173 central\u0117 (i\u0161ple\u010diama iki 32)<\/li>\n<li>2\/16 PGM i\u0161vestys<\/li>\n<li>32 vartotoj\u0173 kodai<\/li>\n<\/ul>\n","protected":false},"featured_media":31002,"comment_status":"closed","ping_status":"closed","template":"","meta":[],"product_brand":[],"product_cat":[761,860,858,859],"product_tag":[975],"class_list":{"0":"post-24302","1":"product","2":"type-product","3":"status-publish","4":"has-post-thumbnail","6":"product_cat-security-systems","7":"product_cat-paradox-control-panels","8":"product_cat-wired-security-systems","9":"product_cat-paradox-wired-security-systems","10":"product_tag-ean-en","12":"first","13":"instock","14":"purchasable","15":"product-type-simple"},"yoast_head":"<!-- This site is optimized with the Yoast SEO Premium plugin v21.5 (Yoast SEO v27.3) - https:\/\/yoast.com\/product\/yoast-seo-premium-wordpress\/ -->\n<title>Central\u0117 PARADOX SP5500+<\/title>\n<meta name=\"description\" content=\"Paradox SP5500+ central\u0117 ; 5 Zon\u0173 central\u0117 (i\u0161ple\u010diama iki 32) ; 2\/16 PGM i\u0161vestys ; 32 vartotoj\u0173 kodai ; Palaiko PCS , IP150+ ir VDMP3\" \/>\n<meta name=\"robots\" content=\"index, follow, max-snippet:-1, max-image-preview:large, max-video-preview:-1\" \/>\n<link rel=\"canonical\" href=\"https:\/\/eheating.lt\/produktas\/centrale-paradox-sp5500\/\" \/>\n<meta property=\"og:locale\" content=\"en_US\" \/>\n<meta property=\"og:type\" content=\"article\" \/>\n<meta property=\"og:title\" content=\"Central\u0117 PARADOX SP5500+\" \/>\n<meta property=\"og:description\" content=\"Paradox SP5500+ central\u0117 ; 5 Zon\u0173 central\u0117 (i\u0161ple\u010diama iki 32) ; 2\/16 PGM i\u0161vestys ; 32 vartotoj\u0173 kodai ; Palaiko PCS , IP150+ ir VDMP3\" \/>\n<meta property=\"og:url\" content=\"https:\/\/eheating.lt\/produktas\/centrale-paradox-sp5500\/\" \/>\n<meta property=\"og:site_name\" content=\"Elektronika Namams\" \/>\n<meta property=\"article:publisher\" content=\"https:\/\/www.facebook.com\/ElektronikaNamams\" \/>\n<meta property=\"article:modified_time\" content=\"2024-10-18T14:26:43+00:00\" \/>\n<meta property=\"og:image\" content=\"https:\/\/eheating.lt\/wp-content\/uploads\/2023\/10\/Centrale-PARADOX-SP5500.png\" \/>\n\t<meta property=\"og:image:width\" content=\"800\" \/>\n\t<meta property=\"og:image:height\" content=\"800\" \/>\n\t<meta property=\"og:image:type\" content=\"image\/png\" \/>\n<meta name=\"twitter:card\" content=\"summary_large_image\" \/>\n<meta name=\"twitter:label1\" content=\"Price\" \/>\n\t<meta name=\"twitter:data1\" content=\"69,91&nbsp;&euro;\" \/>\n\t<meta name=\"twitter:label2\" content=\"Availability\" \/>\n\t<meta name=\"twitter:data2\" content=\"In stock\" \/>\n<script type=\"application\/ld+json\" class=\"yoast-schema-graph\">{\"@context\":\"https:\\\/\\\/schema.org\",\"@graph\":[{\"@type\":\"WebPage\",\"@id\":\"https:\\\/\\\/eheating.lt\\\/produktas\\\/centrale-paradox-sp5500\\\/\",\"url\":\"https:\\\/\\\/eheating.lt\\\/produktas\\\/centrale-paradox-sp5500\\\/\",\"name\":\"Central\u0117 PARADOX SP5500+\",\"isPartOf\":{\"@id\":\"https:\\\/\\\/eheating.lt\\\/#website\"},\"primaryImageOfPage\":{\"@id\":\"https:\\\/\\\/eheating.lt\\\/produktas\\\/centrale-paradox-sp5500\\\/#primaryimage\"},\"image\":{\"@id\":\"https:\\\/\\\/eheating.lt\\\/produktas\\\/centrale-paradox-sp5500\\\/#primaryimage\"},\"thumbnailUrl\":\"https:\\\/\\\/eheating.lt\\\/wp-content\\\/uploads\\\/2023\\\/10\\\/Centrale-PARADOX-SP5500.png\",\"datePublished\":\"2023-12-30T17:11:02+00:00\",\"dateModified\":\"2024-10-18T14:26:43+00:00\",\"description\":\"Paradox SP5500+ central\u0117 ; 5 Zon\u0173 central\u0117 (i\u0161ple\u010diama iki 32) ; 2\\\/16 PGM i\u0161vestys ; 32 vartotoj\u0173 kodai ; Palaiko PCS , IP150+ ir VDMP3\",\"breadcrumb\":{\"@id\":\"https:\\\/\\\/eheating.lt\\\/produktas\\\/centrale-paradox-sp5500\\\/#breadcrumb\"},\"inLanguage\":\"en-US\",\"potentialAction\":[{\"@type\":\"ReadAction\",\"target\":[\"https:\\\/\\\/eheating.lt\\\/produktas\\\/centrale-paradox-sp5500\\\/\"]}]},{\"@type\":\"ImageObject\",\"inLanguage\":\"en-US\",\"@id\":\"https:\\\/\\\/eheating.lt\\\/produktas\\\/centrale-paradox-sp5500\\\/#primaryimage\",\"url\":\"https:\\\/\\\/eheating.lt\\\/wp-content\\\/uploads\\\/2023\\\/10\\\/Centrale-PARADOX-SP5500.png\",\"contentUrl\":\"https:\\\/\\\/eheating.lt\\\/wp-content\\\/uploads\\\/2023\\\/10\\\/Centrale-PARADOX-SP5500.png\",\"width\":800,\"height\":800,\"caption\":\"PARADOX SP5500+\"},{\"@type\":\"BreadcrumbList\",\"@id\":\"https:\\\/\\\/eheating.lt\\\/produktas\\\/centrale-paradox-sp5500\\\/#breadcrumb\",\"itemListElement\":[{\"@type\":\"ListItem\",\"position\":1,\"name\":\"Prad\u017eia\",\"item\":\"https:\\\/\\\/eheating.lt\\\/en\\\/\"},{\"@type\":\"ListItem\",\"position\":2,\"name\":\"Shop\",\"item\":\"https:\\\/\\\/eheating.lt\\\/en\\\/?page_id=5734\"},{\"@type\":\"ListItem\",\"position\":3,\"name\":\"Central\u0117 PARADOX SP5500+\"}]},{\"@type\":\"WebSite\",\"@id\":\"https:\\\/\\\/eheating.lt\\\/#website\",\"url\":\"https:\\\/\\\/eheating.lt\\\/\",\"name\":\"eHeating\",\"description\":\"Elektronika ir \u0161ildymas\",\"potentialAction\":[{\"@type\":\"SearchAction\",\"target\":{\"@type\":\"EntryPoint\",\"urlTemplate\":\"https:\\\/\\\/eheating.lt\\\/?s={search_term_string}\"},\"query-input\":{\"@type\":\"PropertyValueSpecification\",\"valueRequired\":true,\"valueName\":\"search_term_string\"}}],\"inLanguage\":\"en-US\"}]}<\/script>\n<meta property=\"product:price:amount\" content=\"69.91\" \/>\n<meta property=\"product:price:currency\" content=\"EUR\" \/>\n<meta property=\"og:availability\" content=\"instock\" \/>\n<meta property=\"product:availability\" content=\"instock\" \/>\n<meta property=\"product:retailer_item_id\" content=\"776c4113c164\" \/>\n<meta property=\"product:condition\" content=\"new\" \/>\n<!-- \/ Yoast SEO Premium plugin. -->","yoast_head_json":{"title":"Central\u0117 PARADOX SP5500+","description":"Paradox SP5500+ central\u0117 ; 5 Zon\u0173 central\u0117 (i\u0161ple\u010diama iki 32) ; 2\/16 PGM i\u0161vestys ; 32 vartotoj\u0173 kodai ; Palaiko PCS , IP150+ ir VDMP3","robots":{"index":"index","follow":"follow","max-snippet":"max-snippet:-1","max-image-preview":"max-image-preview:large","max-video-preview":"max-video-preview:-1"},"canonical":"https:\/\/eheating.lt\/produktas\/centrale-paradox-sp5500\/","og_locale":"en_US","og_type":"article","og_title":"Central\u0117 PARADOX SP5500+","og_description":"Paradox SP5500+ central\u0117 ; 5 Zon\u0173 central\u0117 (i\u0161ple\u010diama iki 32) ; 2\/16 PGM i\u0161vestys ; 32 vartotoj\u0173 kodai ; Palaiko PCS , IP150+ ir VDMP3","og_url":"https:\/\/eheating.lt\/produktas\/centrale-paradox-sp5500\/","og_site_name":"Elektronika Namams","article_publisher":"https:\/\/www.facebook.com\/ElektronikaNamams","article_modified_time":"2024-10-18T14:26:43+00:00","og_image":[{"width":800,"height":800,"url":"https:\/\/eheating.lt\/wp-content\/uploads\/2023\/10\/Centrale-PARADOX-SP5500.png","type":"image\/png"}],"twitter_card":"summary_large_image","twitter_misc":{"Price":"69,91&nbsp;&euro;","Availability":"In stock"},"schema":{"@context":"https:\/\/schema.org","@graph":[{"@type":"WebPage","@id":"https:\/\/eheating.lt\/produktas\/centrale-paradox-sp5500\/","url":"https:\/\/eheating.lt\/produktas\/centrale-paradox-sp5500\/","name":"Central\u0117 PARADOX SP5500+","isPartOf":{"@id":"https:\/\/eheating.lt\/#website"},"primaryImageOfPage":{"@id":"https:\/\/eheating.lt\/produktas\/centrale-paradox-sp5500\/#primaryimage"},"image":{"@id":"https:\/\/eheating.lt\/produktas\/centrale-paradox-sp5500\/#primaryimage"},"thumbnailUrl":"https:\/\/eheating.lt\/wp-content\/uploads\/2023\/10\/Centrale-PARADOX-SP5500.png","datePublished":"2023-12-30T17:11:02+00:00","dateModified":"2024-10-18T14:26:43+00:00","description":"Paradox SP5500+ central\u0117 ; 5 Zon\u0173 central\u0117 (i\u0161ple\u010diama iki 32) ; 2\/16 PGM i\u0161vestys ; 32 vartotoj\u0173 kodai ; Palaiko PCS , IP150+ ir VDMP3","breadcrumb":{"@id":"https:\/\/eheating.lt\/produktas\/centrale-paradox-sp5500\/#breadcrumb"},"inLanguage":"en-US","potentialAction":[{"@type":"ReadAction","target":["https:\/\/eheating.lt\/produktas\/centrale-paradox-sp5500\/"]}]},{"@type":"ImageObject","inLanguage":"en-US","@id":"https:\/\/eheating.lt\/produktas\/centrale-paradox-sp5500\/#primaryimage","url":"https:\/\/eheating.lt\/wp-content\/uploads\/2023\/10\/Centrale-PARADOX-SP5500.png","contentUrl":"https:\/\/eheating.lt\/wp-content\/uploads\/2023\/10\/Centrale-PARADOX-SP5500.png","width":800,"height":800,"caption":"PARADOX SP5500+"},{"@type":"BreadcrumbList","@id":"https:\/\/eheating.lt\/produktas\/centrale-paradox-sp5500\/#breadcrumb","itemListElement":[{"@type":"ListItem","position":1,"name":"Prad\u017eia","item":"https:\/\/eheating.lt\/en\/"},{"@type":"ListItem","position":2,"name":"Shop","item":"https:\/\/eheating.lt\/en\/?page_id=5734"},{"@type":"ListItem","position":3,"name":"Central\u0117 PARADOX SP5500+"}]},{"@type":"WebSite","@id":"https:\/\/eheating.lt\/#website","url":"https:\/\/eheating.lt\/","name":"eHeating","description":"Elektronika ir \u0161ildymas","potentialAction":[{"@type":"SearchAction","target":{"@type":"EntryPoint","urlTemplate":"https:\/\/eheating.lt\/?s={search_term_string}"},"query-input":{"@type":"PropertyValueSpecification","valueRequired":true,"valueName":"search_term_string"}}],"inLanguage":"en-US"}]},"product_price_amount":"69.91","product_price_currency":"EUR","og_availability":"instock","product_availability":"instock","product_retailer_item_id":"776c4113c164","product_condition":"new"},"_links":{"self":[{"href":"https:\/\/eheating.lt\/en\/wp-json\/wp\/v2\/product\/24302","targetHints":{"allow":["GET"]}}],"collection":[{"href":"https:\/\/eheating.lt\/en\/wp-json\/wp\/v2\/product"}],"about":[{"href":"https:\/\/eheating.lt\/en\/wp-json\/wp\/v2\/types\/product"}],"replies":[{"embeddable":true,"href":"https:\/\/eheating.lt\/en\/wp-json\/wp\/v2\/comments?post=24302"}],"version-history":[{"count":0,"href":"https:\/\/eheating.lt\/en\/wp-json\/wp\/v2\/product\/24302\/revisions"}],"wp:featuredmedia":[{"embeddable":true,"href":"https:\/\/eheating.lt\/en\/wp-json\/wp\/v2\/media\/31002"}],"wp:attachment":[{"href":"https:\/\/eheating.lt\/en\/wp-json\/wp\/v2\/media?parent=24302"}],"wp:term":[{"taxonomy":"product_brand","embeddable":true,"href":"https:\/\/eheating.lt\/en\/wp-json\/wp\/v2\/product_brand?post=24302"},{"taxonomy":"product_cat","embeddable":true,"href":"https:\/\/eheating.lt\/en\/wp-json\/wp\/v2\/product_cat?post=24302"},{"taxonomy":"product_tag","embeddable":true,"href":"https:\/\/eheating.lt\/en\/wp-json\/wp\/v2\/product_tag?post=24302"}],"curies":[{"name":"wp","href":"https:\/\/api.w.org\/{rel}","templated":true}]}}