{"id":24168,"date":"2023-11-13T21:36:10","date_gmt":"2023-11-13T19:36:10","guid":{"rendered":"https:\/\/eheating.lt\/?post_type=product&#038;p=24168"},"modified":"2024-07-11T17:58:55","modified_gmt":"2024-07-11T14:58:55","slug":"ezviz-cs-c3tn-lauko-kryptine-kamera-1080p-2-8mm-color-night-vision","status":"publish","type":"product","link":"https:\/\/eheating.lt\/en\/produktas\/ezviz-cs-c3tn-lauko-kryptine-kamera-1080p-2-8mm-color-night-vision\/","title":{"rendered":"EZVIZ CS-C3TN lauko kryptin\u0117 kamera (1080P,"},"content":{"rendered":"<ul>\n<li><span class=\"tech-specs-items-description__title--heading\">Pagrindinis<\/span><\/li>\n<\/ul>\n<ul class=\"tech-specs-items-description\" data-target=\"General\">\n<li class=\"tech-specs-items-description-list\"><span class=\"tech-specs-items-description__title\">Dydis<\/span><span class=\"tech-specs-items-description__title-details\">72 \u00d7 72 \u00d7 152 mm (2.83 \u00d72.83 \u00d7 5.98 inch)<\/span><\/li>\n<li class=\"tech-specs-items-description-list\"><span class=\"tech-specs-items-description__title\">Pakuot\u0117s dydis<\/span><span class=\"tech-specs-items-description__title-details\">227 \u00d7 100 \u00d7 92 mm (8.94 \u00d73.94 \u00d7 3.62 inch)<\/span><\/li>\n<li class=\"tech-specs-items-description-list\"><span class=\"tech-specs-items-description__title\">Svoris be \u012fpakavimo<\/span><span class=\"tech-specs-items-description__title-details\">Product: 256 g (9.03 oz),With package: 500 g (17.64 oz)<\/span><\/li>\n<li class=\"tech-specs-items-description-list\"><span class=\"tech-specs-items-description__title\">IP klas\u0117<\/span><span class=\"tech-specs-items-description__title-details\">IP67<\/span><\/li>\n<li class=\"tech-specs-items-description-list\"><span class=\"tech-specs-items-description__title\">Veikimo s\u0105lygos<\/span><span class=\"tech-specs-items-description__title-details\">-4 \u00b0F to 122 \u00b0F (-20 \u00b0C to50 \u00b0C )Humidity 95% or less (non-condensing)<\/span><\/li>\n<\/ul>\n<ul class=\"tech-specs-items-description\" data-target=\"General\">\n<li class=\"tech-specs-items-description-list\"><span class=\"tech-specs-items-description__title--heading\">Kamera<\/span><\/li>\n<li class=\"tech-specs-items-description-list\"><span class=\"tech-specs-items-description__title\">Sensorius<\/span><span class=\"tech-specs-items-description__title-details\">1\/2.7\u201d Progressive ScanCMOS<\/span><\/li>\n<li class=\"tech-specs-items-description-list\"><span class=\"tech-specs-items-description__title\">Minimalus ap\u0161vietimas<\/span><span class=\"tech-specs-items-description__title-details\">0.01 Lux @ (F2.0, AGC ON),0 Lux with IR<\/span><\/li>\n<li class=\"tech-specs-items-description-list\"><span class=\"tech-specs-items-description__title\">IR naktinio matymo atstumas<\/span><span class=\"tech-specs-items-description__title-details\">Up to 98 ft \/ 30 m<\/span><\/li>\n<li class=\"tech-specs-items-description-list\"><span class=\"tech-specs-items-description__title\">U\u017erakto greitis<\/span><span class=\"tech-specs-items-description__title-details\">Self-adaptive shutter<\/span><\/li>\n<li class=\"tech-specs-items-description-list\"><span class=\"tech-specs-items-description__title\">L\u0119\u0161is<\/span><span class=\"tech-specs-items-description__title-details\">2.8 mm @ F2.0, view angle:106\u00b0 (Horizontal), 122\u00b0(Diagonal)<\/span><\/li>\n<li class=\"tech-specs-items-description-list\"><span class=\"tech-specs-items-description__title\">L\u0119\u0161io montavimas<\/span><span class=\"tech-specs-items-description__title-details\">M12<\/span><\/li>\n<li class=\"tech-specs-items-description-list\"><span class=\"tech-specs-items-description__title\">DNR<\/span><span class=\"tech-specs-items-description__title-details\">3D DNR<\/span><\/li>\n<li class=\"tech-specs-items-description-list\"><span class=\"tech-specs-items-description__title\">WDR<\/span><span class=\"tech-specs-items-description__title-details\">Digital WDR<\/span><\/li>\n<\/ul>\n<ul class=\"tech-specs-items-description\" data-target=\"General\">\n<li class=\"tech-specs-items-description-list\"><span class=\"tech-specs-items-description__title--heading\">Garsas ir vaizdas<\/span><\/li>\n<li class=\"tech-specs-items-description-list\"><span class=\"tech-specs-items-description__title\">Maks. rezoliucija<\/span><span class=\"tech-specs-items-description__title-details\">2MP, 1920 \u00d7 1080<\/span><\/li>\n<li class=\"tech-specs-items-description-list\"><span class=\"tech-specs-items-description__title\">Vaizdo suspaudimas<\/span><span class=\"tech-specs-items-description__title-details\">H.265 \/ H.264<\/span><\/li>\n<li class=\"tech-specs-items-description-list\"><span class=\"tech-specs-items-description__title\">Vaizdo bit\u0173 greitis<\/span><span class=\"tech-specs-items-description__title-details\">Full HD; HD; Standard.Adaptive bit rate<\/span><\/li>\n<li class=\"tech-specs-items-description-list\"><span class=\"tech-specs-items-description__title\">Kadr\u0173 skai\u010dius<\/span><span class=\"tech-specs-items-description__title-details\">Max: 30fps; Self-Adaptiveduring network transmission<\/span><\/li>\n<li class=\"tech-specs-items-description-list\"><span class=\"tech-specs-items-description__title\">Maks. bit\u0173 greitis<\/span><span class=\"tech-specs-items-description__title-details\">2 Mbps<\/span><\/li>\n<\/ul>\n<ul class=\"tech-specs-items-description\" data-target=\"General\">\n<li class=\"tech-specs-items-description-list\"><span class=\"tech-specs-items-description__title--heading\">Internetas<\/span><\/li>\n<li class=\"tech-specs-items-description-list\"><span class=\"tech-specs-items-description__title\">Wi-Fi poravimas<\/span><span class=\"tech-specs-items-description__title-details\">AP pairing<\/span><\/li>\n<li class=\"tech-specs-items-description-list\"><span class=\"tech-specs-items-description__title\">Protokolai<\/span><span class=\"tech-specs-items-description__title-details\">EZVIZ cloud proprietaryprotocol<\/span><\/li>\n<li class=\"tech-specs-items-description-list\"><span class=\"tech-specs-items-description__title\">S\u0105sajos protokolas<\/span><span class=\"tech-specs-items-description__title-details\">EZVIZ cloud proprietaryprotocol<\/span><\/li>\n<li class=\"tech-specs-items-description-list\"><span class=\"tech-specs-items-description__title\">Wi-Fi standartas<\/span><span class=\"tech-specs-items-description__title-details\">IEEE802.11b, 802.11g,802.11n<\/span><\/li>\n<li class=\"tech-specs-items-description-list\"><span class=\"tech-specs-items-description__title\">Kanalo da\u017eni\u0173 juostos plotis<\/span><span class=\"tech-specs-items-description__title-details\">Supports 20MHz<\/span><\/li>\n<li class=\"tech-specs-items-description-list\"><span class=\"tech-specs-items-description__title\">Laidinis tinklas<\/span><span class=\"tech-specs-items-description__title-details\">RJ45 \u00d7 1(10M \/ 100MAdaptive Ethernet Port)<\/span><\/li>\n<li class=\"tech-specs-items-description-list\"><span class=\"tech-specs-items-description__title\">Perdavimo reitingas<\/span><span class=\"tech-specs-items-description__title-details\">11b: 11Mbps,11g:54Mbps,11n: 144Mbps<\/span><\/li>\n<li class=\"tech-specs-items-description-list\"><span class=\"tech-specs-items-description__title\">Da\u017enio diapazonas<\/span><span class=\"tech-specs-items-description__title-details\">2.4GHz ~ 2.4835 GHz<\/span><\/li>\n<\/ul>\n<ul class=\"tech-specs-items-description\" data-target=\"General\">\n<li class=\"tech-specs-items-description-list\"><span class=\"tech-specs-items-description__title--heading\">Funkcijos<\/span><\/li>\n<li class=\"tech-specs-items-description-list\"><span class=\"tech-specs-items-description__title\">Aptikimas<\/span><span class=\"tech-specs-items-description__title-details\">Motion Detection<\/span><\/li>\n<li class=\"tech-specs-items-description-list\"><span class=\"tech-specs-items-description__title\">Pagrindin\u0117s funkcijos<\/span><span class=\"tech-specs-items-description__title-details\">Anti-Flicker, Dual-Stream,Heart Beat, Mirror Image,Password Protection, Watermark<\/span><\/li>\n<li class=\"tech-specs-items-description-list\"><span class=\"tech-specs-items-description__title\">Saugumas<\/span><span class=\"tech-specs-items-description__title-details\">64 \/ 128-bit WEP, WPA \/WPA2, WPA-PSK \/ WPA2-PSK<\/span><\/li>\n<\/ul>\n<ul class=\"tech-specs-items-description\" data-target=\"General\">\n<li class=\"tech-specs-items-description-list\"><span class=\"tech-specs-items-description__title--heading\">Saugykla<\/span><\/li>\n<li class=\"tech-specs-items-description-list\"><span class=\"tech-specs-items-description__title\">Vidin\u0117 saugykla<\/span><span class=\"tech-specs-items-description__title-details\">Supports microSD card (Upto 256 GB)<\/span><\/li>\n<li class=\"tech-specs-items-description-list\"><span class=\"tech-specs-items-description__title\">Debes\u0173 saugykla<\/span><span class=\"tech-specs-items-description__title-details\">Supports EZVIZ CloudPlaystorage (Subscription required)<\/span><\/li>\n<\/ul>\n<ul class=\"tech-specs-items-description\" data-target=\"General\">\n<li class=\"tech-specs-items-description-list\"><span class=\"tech-specs-items-description__title--heading\">Sistemos parametrai<\/span><\/li>\n<li class=\"tech-specs-items-description-list\"><span class=\"tech-specs-items-description__title\">Maitinimas<\/span><span class=\"tech-specs-items-description__title-details\">DC 12V \/ 1A<\/span><\/li>\n<li class=\"tech-specs-items-description-list\"><span class=\"tech-specs-items-description__title\">Energijos sunaudojimas<\/span><span class=\"tech-specs-items-description__title-details\">Max. 6W<\/span><\/li>\n<\/ul>\n<ul class=\"tech-specs-items-description\" data-target=\"General\">\n<li style=\"list-style-type: none;\">\n<ul class=\"tech-specs-items-description\" data-target=\"General\">\n<li class=\"tech-specs-items-description-list\"><span class=\"tech-specs-items-description__title--heading\">D\u0117\u017eut\u0117je<\/span><span class=\"tech-specs-items-description__title-details\">&#8211; C3TN Color Camera<\/span><\/li>\n<\/ul>\n<\/li>\n<\/ul>\n<p>&#8211; Drill Template- Screw Kit- Waterproof Kit- Power Adapter- RegulatoryInformation- Quick Start Guide<\/p>\n<ul class=\"tech-specs-items-description\" data-target=\"General\">\n<li class=\"tech-specs-items-description-list\"><span class=\"tech-specs-items-description__title--heading\">Sertifikatai<\/span><\/li>\n<li class=\"tech-specs-items-description-list\"><span class=\"tech-specs-items-description__title\">Sertifikatai<\/span><span class=\"tech-specs-items-description__title-details\">CE \/ WEEE \/ REACH \/ RoHS \/UL \/ FCC \/ UKCA<\/span><\/li>\n<\/ul>\n","protected":false},"excerpt":{"rendered":"<ul>\n<li>MP (rai\u0161ka): 2MP (1920 x 1080)<\/li>\n<li>Objektyvas: 2.8mm<\/li>\n<li>IR nuotolis: iki 30m<\/li>\n<li>Wifi palaikymas: 2.4 GHz<\/li>\n<li>IP klas\u0117: IP67<\/li>\n<li>Pritaikyta naudoti: lauko s\u0105lygomis<\/li>\n<li>SD kortel\u0117: 256GB (perkama atskirai)<\/li>\n<li>Vaizdo suspaudimas: H.264\/H.265<\/li>\n<li>Informacijos perdavimas: Wi-Fi arba kabeliu<\/li>\n<li>Laikiklis\/baz\u0117 (perkama atskirai): n\u0117ra<\/li>\n<\/ul>\n","protected":false},"featured_media":28040,"comment_status":"closed","ping_status":"closed","template":"","meta":[],"product_brand":[],"product_cat":[458,534,533],"product_tag":[],"class_list":{"0":"post-24168","1":"product","2":"type-product","3":"status-publish","4":"has-post-thumbnail","6":"product_cat-ezviz-serija","7":"product_cat-ip-kameros","8":"product_cat-ip-vaizdo-stebejimo-sistemos","10":"first","11":"instock","12":"purchasable","13":"product-type-simple"},"yoast_head":"<!-- This site is optimized with the Yoast SEO Premium plugin v21.5 (Yoast SEO v27.3) - https:\/\/yoast.com\/product\/yoast-seo-premium-wordpress\/ -->\n<title>EZVIZ CS-C3TN lauko kryptin\u0117 kamera 1080P<\/title>\n<meta name=\"description\" content=\"EZVIZ CS-C3TN IP kamera ; IR nuotolis: iki 30m ; Wifi palaikymas 2.4 GHz ; Rai\u0161ka - 2MP ; Informacijos perdavimas Wi-Fi arba kabeliu ; SD kortel\u0117 iki 256GB\" \/>\n<meta name=\"robots\" content=\"index, follow, max-snippet:-1, max-image-preview:large, max-video-preview:-1\" \/>\n<link rel=\"canonical\" href=\"https:\/\/eheating.lt\/produktas\/ezviz-cs-c3tn-lauko-kryptine-kamera-1080p-2-8mm-color-night-vision\/\" \/>\n<meta property=\"og:locale\" content=\"en_US\" \/>\n<meta property=\"og:type\" content=\"article\" \/>\n<meta property=\"og:title\" content=\"EZVIZ CS-C3TN lauko kryptin\u0117 kamera (1080P, 2.8mm, color night vision)\" \/>\n<meta property=\"og:description\" content=\"EZVIZ CS-C3TN IP kamera ; IR nuotolis: iki 30m ; Wifi palaikymas 2.4 GHz ; Rai\u0161ka - 2MP ; Informacijos perdavimas Wi-Fi arba kabeliu ; SD kortel\u0117 iki 256GB\" \/>\n<meta property=\"og:url\" content=\"https:\/\/eheating.lt\/produktas\/ezviz-cs-c3tn-lauko-kryptine-kamera-1080p-2-8mm-color-night-vision\/\" \/>\n<meta property=\"og:site_name\" content=\"Elektronika Namams\" \/>\n<meta property=\"article:publisher\" content=\"https:\/\/www.facebook.com\/ElektronikaNamams\" \/>\n<meta property=\"article:modified_time\" content=\"2024-07-11T14:58:55+00:00\" \/>\n<meta property=\"og:image\" content=\"https:\/\/eheating.lt\/wp-content\/uploads\/2023\/10\/EZVIZ-CS-C3TN-lauko-kryptine-kamera.png\" \/>\n\t<meta property=\"og:image:width\" content=\"800\" \/>\n\t<meta property=\"og:image:height\" content=\"800\" \/>\n\t<meta property=\"og:image:type\" content=\"image\/png\" \/>\n<meta name=\"twitter:card\" content=\"summary_large_image\" \/>\n<meta name=\"twitter:label1\" content=\"Price\" \/>\n\t<meta name=\"twitter:data1\" content=\"58,18&nbsp;&euro;\" \/>\n\t<meta name=\"twitter:label2\" content=\"Availability\" \/>\n\t<meta name=\"twitter:data2\" content=\"In stock\" \/>\n<script type=\"application\/ld+json\" class=\"yoast-schema-graph\">{\"@context\":\"https:\\\/\\\/schema.org\",\"@graph\":[{\"@type\":\"WebPage\",\"@id\":\"https:\\\/\\\/eheating.lt\\\/produktas\\\/ezviz-cs-c3tn-lauko-kryptine-kamera-1080p-2-8mm-color-night-vision\\\/\",\"url\":\"https:\\\/\\\/eheating.lt\\\/produktas\\\/ezviz-cs-c3tn-lauko-kryptine-kamera-1080p-2-8mm-color-night-vision\\\/\",\"name\":\"EZVIZ CS-C3TN lauko kryptin\u0117 kamera 1080P\",\"isPartOf\":{\"@id\":\"https:\\\/\\\/eheating.lt\\\/#website\"},\"primaryImageOfPage\":{\"@id\":\"https:\\\/\\\/eheating.lt\\\/produktas\\\/ezviz-cs-c3tn-lauko-kryptine-kamera-1080p-2-8mm-color-night-vision\\\/#primaryimage\"},\"image\":{\"@id\":\"https:\\\/\\\/eheating.lt\\\/produktas\\\/ezviz-cs-c3tn-lauko-kryptine-kamera-1080p-2-8mm-color-night-vision\\\/#primaryimage\"},\"thumbnailUrl\":\"https:\\\/\\\/eheating.lt\\\/wp-content\\\/uploads\\\/2023\\\/10\\\/EZVIZ-CS-C3TN-lauko-kryptine-kamera.png\",\"datePublished\":\"2023-11-13T19:36:10+00:00\",\"dateModified\":\"2024-07-11T14:58:55+00:00\",\"description\":\"EZVIZ CS-C3TN IP kamera ; IR nuotolis: iki 30m ; Wifi palaikymas 2.4 GHz ; Rai\u0161ka - 2MP ; Informacijos perdavimas Wi-Fi arba kabeliu ; SD kortel\u0117 iki 256GB\",\"breadcrumb\":{\"@id\":\"https:\\\/\\\/eheating.lt\\\/produktas\\\/ezviz-cs-c3tn-lauko-kryptine-kamera-1080p-2-8mm-color-night-vision\\\/#breadcrumb\"},\"inLanguage\":\"en-US\",\"potentialAction\":[{\"@type\":\"ReadAction\",\"target\":[\"https:\\\/\\\/eheating.lt\\\/produktas\\\/ezviz-cs-c3tn-lauko-kryptine-kamera-1080p-2-8mm-color-night-vision\\\/\"]}]},{\"@type\":\"ImageObject\",\"inLanguage\":\"en-US\",\"@id\":\"https:\\\/\\\/eheating.lt\\\/produktas\\\/ezviz-cs-c3tn-lauko-kryptine-kamera-1080p-2-8mm-color-night-vision\\\/#primaryimage\",\"url\":\"https:\\\/\\\/eheating.lt\\\/wp-content\\\/uploads\\\/2023\\\/10\\\/EZVIZ-CS-C3TN-lauko-kryptine-kamera.png\",\"contentUrl\":\"https:\\\/\\\/eheating.lt\\\/wp-content\\\/uploads\\\/2023\\\/10\\\/EZVIZ-CS-C3TN-lauko-kryptine-kamera.png\",\"width\":800,\"height\":800,\"caption\":\"EZVIZ CS-C3TN lauko kryptin\u0117 kamera\"},{\"@type\":\"BreadcrumbList\",\"@id\":\"https:\\\/\\\/eheating.lt\\\/produktas\\\/ezviz-cs-c3tn-lauko-kryptine-kamera-1080p-2-8mm-color-night-vision\\\/#breadcrumb\",\"itemListElement\":[{\"@type\":\"ListItem\",\"position\":1,\"name\":\"Prad\u017eia\",\"item\":\"https:\\\/\\\/eheating.lt\\\/en\\\/\"},{\"@type\":\"ListItem\",\"position\":2,\"name\":\"Shop\",\"item\":\"https:\\\/\\\/eheating.lt\\\/en\\\/?page_id=5734\"},{\"@type\":\"ListItem\",\"position\":3,\"name\":\"EZVIZ CS-C3TN lauko kryptin\u0117 kamera (1080P, 2.8mm, color night vision)\"}]},{\"@type\":\"WebSite\",\"@id\":\"https:\\\/\\\/eheating.lt\\\/#website\",\"url\":\"https:\\\/\\\/eheating.lt\\\/\",\"name\":\"eHeating\",\"description\":\"Elektronika ir \u0161ildymas\",\"potentialAction\":[{\"@type\":\"SearchAction\",\"target\":{\"@type\":\"EntryPoint\",\"urlTemplate\":\"https:\\\/\\\/eheating.lt\\\/?s={search_term_string}\"},\"query-input\":{\"@type\":\"PropertyValueSpecification\",\"valueRequired\":true,\"valueName\":\"search_term_string\"}}],\"inLanguage\":\"en-US\"}]}<\/script>\n<meta property=\"product:price:amount\" content=\"58.18\" \/>\n<meta property=\"product:price:currency\" content=\"EUR\" \/>\n<meta property=\"og:availability\" content=\"instock\" \/>\n<meta property=\"product:availability\" content=\"instock\" \/>\n<meta property=\"product:retailer_item_id\" content=\"80ad2586a96c\" \/>\n<meta property=\"product:condition\" content=\"new\" \/>\n<!-- \/ Yoast SEO Premium plugin. -->","yoast_head_json":{"title":"EZVIZ CS-C3TN lauko kryptin\u0117 kamera 1080P","description":"EZVIZ CS-C3TN IP kamera ; IR nuotolis: iki 30m ; Wifi palaikymas 2.4 GHz ; Rai\u0161ka - 2MP ; Informacijos perdavimas Wi-Fi arba kabeliu ; SD kortel\u0117 iki 256GB","robots":{"index":"index","follow":"follow","max-snippet":"max-snippet:-1","max-image-preview":"max-image-preview:large","max-video-preview":"max-video-preview:-1"},"canonical":"https:\/\/eheating.lt\/produktas\/ezviz-cs-c3tn-lauko-kryptine-kamera-1080p-2-8mm-color-night-vision\/","og_locale":"en_US","og_type":"article","og_title":"EZVIZ CS-C3TN lauko kryptin\u0117 kamera (1080P, 2.8mm, color night vision)","og_description":"EZVIZ CS-C3TN IP kamera ; IR nuotolis: iki 30m ; Wifi palaikymas 2.4 GHz ; Rai\u0161ka - 2MP ; Informacijos perdavimas Wi-Fi arba kabeliu ; SD kortel\u0117 iki 256GB","og_url":"https:\/\/eheating.lt\/produktas\/ezviz-cs-c3tn-lauko-kryptine-kamera-1080p-2-8mm-color-night-vision\/","og_site_name":"Elektronika Namams","article_publisher":"https:\/\/www.facebook.com\/ElektronikaNamams","article_modified_time":"2024-07-11T14:58:55+00:00","og_image":[{"width":800,"height":800,"url":"https:\/\/eheating.lt\/wp-content\/uploads\/2023\/10\/EZVIZ-CS-C3TN-lauko-kryptine-kamera.png","type":"image\/png"}],"twitter_card":"summary_large_image","twitter_misc":{"Price":"58,18&nbsp;&euro;","Availability":"In stock"},"schema":{"@context":"https:\/\/schema.org","@graph":[{"@type":"WebPage","@id":"https:\/\/eheating.lt\/produktas\/ezviz-cs-c3tn-lauko-kryptine-kamera-1080p-2-8mm-color-night-vision\/","url":"https:\/\/eheating.lt\/produktas\/ezviz-cs-c3tn-lauko-kryptine-kamera-1080p-2-8mm-color-night-vision\/","name":"EZVIZ CS-C3TN lauko kryptin\u0117 kamera 1080P","isPartOf":{"@id":"https:\/\/eheating.lt\/#website"},"primaryImageOfPage":{"@id":"https:\/\/eheating.lt\/produktas\/ezviz-cs-c3tn-lauko-kryptine-kamera-1080p-2-8mm-color-night-vision\/#primaryimage"},"image":{"@id":"https:\/\/eheating.lt\/produktas\/ezviz-cs-c3tn-lauko-kryptine-kamera-1080p-2-8mm-color-night-vision\/#primaryimage"},"thumbnailUrl":"https:\/\/eheating.lt\/wp-content\/uploads\/2023\/10\/EZVIZ-CS-C3TN-lauko-kryptine-kamera.png","datePublished":"2023-11-13T19:36:10+00:00","dateModified":"2024-07-11T14:58:55+00:00","description":"EZVIZ CS-C3TN IP kamera ; IR nuotolis: iki 30m ; Wifi palaikymas 2.4 GHz ; Rai\u0161ka - 2MP ; Informacijos perdavimas Wi-Fi arba kabeliu ; SD kortel\u0117 iki 256GB","breadcrumb":{"@id":"https:\/\/eheating.lt\/produktas\/ezviz-cs-c3tn-lauko-kryptine-kamera-1080p-2-8mm-color-night-vision\/#breadcrumb"},"inLanguage":"en-US","potentialAction":[{"@type":"ReadAction","target":["https:\/\/eheating.lt\/produktas\/ezviz-cs-c3tn-lauko-kryptine-kamera-1080p-2-8mm-color-night-vision\/"]}]},{"@type":"ImageObject","inLanguage":"en-US","@id":"https:\/\/eheating.lt\/produktas\/ezviz-cs-c3tn-lauko-kryptine-kamera-1080p-2-8mm-color-night-vision\/#primaryimage","url":"https:\/\/eheating.lt\/wp-content\/uploads\/2023\/10\/EZVIZ-CS-C3TN-lauko-kryptine-kamera.png","contentUrl":"https:\/\/eheating.lt\/wp-content\/uploads\/2023\/10\/EZVIZ-CS-C3TN-lauko-kryptine-kamera.png","width":800,"height":800,"caption":"EZVIZ CS-C3TN lauko kryptin\u0117 kamera"},{"@type":"BreadcrumbList","@id":"https:\/\/eheating.lt\/produktas\/ezviz-cs-c3tn-lauko-kryptine-kamera-1080p-2-8mm-color-night-vision\/#breadcrumb","itemListElement":[{"@type":"ListItem","position":1,"name":"Prad\u017eia","item":"https:\/\/eheating.lt\/en\/"},{"@type":"ListItem","position":2,"name":"Shop","item":"https:\/\/eheating.lt\/en\/?page_id=5734"},{"@type":"ListItem","position":3,"name":"EZVIZ CS-C3TN lauko kryptin\u0117 kamera (1080P, 2.8mm, color night vision)"}]},{"@type":"WebSite","@id":"https:\/\/eheating.lt\/#website","url":"https:\/\/eheating.lt\/","name":"eHeating","description":"Elektronika ir \u0161ildymas","potentialAction":[{"@type":"SearchAction","target":{"@type":"EntryPoint","urlTemplate":"https:\/\/eheating.lt\/?s={search_term_string}"},"query-input":{"@type":"PropertyValueSpecification","valueRequired":true,"valueName":"search_term_string"}}],"inLanguage":"en-US"}]},"product_price_amount":"58.18","product_price_currency":"EUR","og_availability":"instock","product_availability":"instock","product_retailer_item_id":"80ad2586a96c","product_condition":"new"},"_links":{"self":[{"href":"https:\/\/eheating.lt\/en\/wp-json\/wp\/v2\/product\/24168","targetHints":{"allow":["GET"]}}],"collection":[{"href":"https:\/\/eheating.lt\/en\/wp-json\/wp\/v2\/product"}],"about":[{"href":"https:\/\/eheating.lt\/en\/wp-json\/wp\/v2\/types\/product"}],"replies":[{"embeddable":true,"href":"https:\/\/eheating.lt\/en\/wp-json\/wp\/v2\/comments?post=24168"}],"version-history":[{"count":0,"href":"https:\/\/eheating.lt\/en\/wp-json\/wp\/v2\/product\/24168\/revisions"}],"wp:featuredmedia":[{"embeddable":true,"href":"https:\/\/eheating.lt\/en\/wp-json\/wp\/v2\/media\/28040"}],"wp:attachment":[{"href":"https:\/\/eheating.lt\/en\/wp-json\/wp\/v2\/media?parent=24168"}],"wp:term":[{"taxonomy":"product_brand","embeddable":true,"href":"https:\/\/eheating.lt\/en\/wp-json\/wp\/v2\/product_brand?post=24168"},{"taxonomy":"product_cat","embeddable":true,"href":"https:\/\/eheating.lt\/en\/wp-json\/wp\/v2\/product_cat?post=24168"},{"taxonomy":"product_tag","embeddable":true,"href":"https:\/\/eheating.lt\/en\/wp-json\/wp\/v2\/product_tag?post=24168"}],"curies":[{"name":"wp","href":"https:\/\/api.w.org\/{rel}","templated":true}]}}