{"id":24120,"date":"2023-11-13T21:58:40","date_gmt":"2023-11-13T19:58:40","guid":{"rendered":"https:\/\/eheating.lt\/?post_type=product&#038;p=24120"},"modified":"2024-10-18T17:24:56","modified_gmt":"2024-10-18T14:24:56","slug":"hikvision-ds-dm1940w-lcd-monitoriaus-sieninis-laikiklis","status":"publish","type":"product","link":"https:\/\/eheating.lt\/en\/produktas\/hikvision-ds-dm1940w-lcd-monitoriaus-sieninis-laikiklis\/","title":{"rendered":"Hikvision DS-DM1940W LCD monitoriaus sieninis laikiklis"},"content":{"rendered":"<ul class=\"tech-specs-items-description\" data-target=\"General\">\n<li class=\"tech-specs-items-description-list\"><span class=\"tech-specs-items-description__title--heading\">Pagrindinis<\/span><\/li>\n<li class=\"tech-specs-items-description-list\"><span class=\"tech-specs-items-description__title\">Dydis (W \u00d7 H \u00d7 D) <\/span><span class=\"tech-specs-items-description__title-details\">250 mm \u00d7 220 mm \u00d7 25mm (9.84&#8221; \u00d7 8.66&#8221; \u00d7 0.98&#8221;)<\/span><\/li>\n<li class=\"tech-specs-items-description-list\"><span class=\"tech-specs-items-description__title\">VESA<\/span><span class=\"tech-specs-items-description__title-details\">200 (H) mm \u00d7 200 (V) mm <\/span><\/li>\n<li class=\"tech-specs-items-description-list\"><span class=\"tech-specs-items-description__title\">Svoris be \u012fpakavimo<\/span><span class=\"tech-specs-items-description__title-details\">0.75 \u00b1 0.5 Kg (1.65 \u00b1 1.1 lb)<\/span><\/li>\n<li class=\"tech-specs-items-description-list\"><span class=\"tech-specs-items-description__title\">Svoris su \u012fpakavimo<\/span><span class=\"tech-specs-items-description__title-details\"><span class=\"tech-specs-items-description__title-details\"><br \/>\n<\/span><\/span><\/p>\n<p class=\"mb-p\" style=\"margin-bottom: 0rem; height: auto;\">0.83 \u00b1 0.5 Kg (1.83 \u00b1 1.1 lb)<\/p>\n<p>&nbsp;<\/li>\n<li class=\"tech-specs-items-description-list\"><span class=\"tech-specs-items-description__title\">Spalva<\/span><span class=\"tech-specs-items-description__title-details\">Black<\/span><\/li>\n<li class=\"tech-specs-items-description-list\"><span class=\"tech-specs-items-description__title\">Med\u017eiaga<\/span><span class=\"tech-specs-items-description__title-details\">Cold-rolled steel plate (SPCC)<\/span><\/li>\n<\/ul>\n","protected":false},"excerpt":{"rendered":"<ul>\n<li>Skirtas ekranui iki 40&#8243;<\/li>\n<li>Tvirta plienin\u0117 konstrukcija, neleid\u017eianti ekranui sulenkti ar susisukti<\/li>\n<li>\u0160altai valcuota plieno plok\u0161t\u0117 (SPCC)<\/li>\n<li>Greitas ir paprastas montavimas<\/li>\n<\/ul>\n","protected":false},"featured_media":28320,"comment_status":"closed","ping_status":"closed","template":"","meta":[],"product_brand":[],"product_cat":[533,537,305,584,341,318],"product_tag":[],"class_list":{"0":"post-24120","1":"product","2":"type-product","3":"status-publish","4":"has-post-thumbnail","6":"product_cat-ip-vaizdo-stebejimo-sistemos","7":"product_cat-turbo-hd-kita-iranga","8":"product_cat-ip-kita-iranga","9":"product_cat-monitoriai-turbo-hd","10":"product_cat-monitoriai","11":"product_cat-turbo-hd-apsauga","13":"first","14":"onbackorder","15":"purchasable","16":"product-type-simple"},"yoast_head":"<!-- This site is optimized with the Yoast SEO Premium plugin v21.5 (Yoast SEO v27.3) - https:\/\/yoast.com\/product\/yoast-seo-premium-wordpress\/ -->\n<title>Hikvision DS-DM1940W LCD monitoriaus sieninis laikiklis<\/title>\n<meta name=\"description\" content=\"Hikvision DS-DM1940W LCD monitoriaus sieninis laikiklis ; Skirtas ekranui iki 40&quot; ; \u0160altai valcuota plieno plok\u0161t\u0117 (SPCC) ; Greitas ir paprastas montavimas\" \/>\n<meta name=\"robots\" content=\"index, follow, max-snippet:-1, max-image-preview:large, max-video-preview:-1\" \/>\n<link rel=\"canonical\" href=\"https:\/\/eheating.lt\/en\/produktas\/hikvision-ds-dm1940w-lcd-monitoriaus-sieninis-laikiklis\/\" \/>\n<meta property=\"og:locale\" content=\"en_US\" \/>\n<meta property=\"og:type\" content=\"article\" \/>\n<meta property=\"og:title\" content=\"Hikvision DS-DM1940W LCD monitoriaus sieninis laikiklis\" \/>\n<meta property=\"og:description\" content=\"Hikvision DS-DM1940W LCD monitoriaus sieninis laikiklis ; Skirtas ekranui iki 40&quot; ; \u0160altai valcuota plieno plok\u0161t\u0117 (SPCC) ; Greitas ir paprastas montavimas\" \/>\n<meta property=\"og:url\" content=\"https:\/\/eheating.lt\/en\/produktas\/hikvision-ds-dm1940w-lcd-monitoriaus-sieninis-laikiklis\/\" \/>\n<meta property=\"og:site_name\" content=\"Elektronika Namams\" \/>\n<meta property=\"article:publisher\" content=\"https:\/\/www.facebook.com\/ElektronikaNamams\" \/>\n<meta property=\"article:modified_time\" content=\"2024-10-18T14:24:56+00:00\" \/>\n<meta property=\"og:image\" content=\"https:\/\/eheating.lt\/wp-content\/uploads\/2023\/10\/Hikvision-DS-DM1940W-LCD-monitoriaus-sieninis-laikiklis.png\" \/>\n\t<meta property=\"og:image:width\" content=\"800\" \/>\n\t<meta property=\"og:image:height\" content=\"800\" \/>\n\t<meta property=\"og:image:type\" content=\"image\/png\" \/>\n<meta name=\"twitter:card\" content=\"summary_large_image\" \/>\n<meta name=\"twitter:label1\" content=\"Price\" \/>\n\t<meta name=\"twitter:data1\" content=\"14,78&nbsp;&euro;\" \/>\n\t<meta name=\"twitter:label2\" content=\"Availability\" \/>\n\t<meta name=\"twitter:data2\" content=\"On backorder\" \/>\n<script type=\"application\/ld+json\" class=\"yoast-schema-graph\">{\"@context\":\"https:\\\/\\\/schema.org\",\"@graph\":[{\"@type\":\"WebPage\",\"@id\":\"https:\\\/\\\/eheating.lt\\\/en\\\/produktas\\\/hikvision-ds-dm1940w-lcd-monitoriaus-sieninis-laikiklis\\\/\",\"url\":\"https:\\\/\\\/eheating.lt\\\/en\\\/produktas\\\/hikvision-ds-dm1940w-lcd-monitoriaus-sieninis-laikiklis\\\/\",\"name\":\"Hikvision DS-DM1940W LCD monitoriaus sieninis laikiklis\",\"isPartOf\":{\"@id\":\"https:\\\/\\\/eheating.lt\\\/#website\"},\"primaryImageOfPage\":{\"@id\":\"https:\\\/\\\/eheating.lt\\\/en\\\/produktas\\\/hikvision-ds-dm1940w-lcd-monitoriaus-sieninis-laikiklis\\\/#primaryimage\"},\"image\":{\"@id\":\"https:\\\/\\\/eheating.lt\\\/en\\\/produktas\\\/hikvision-ds-dm1940w-lcd-monitoriaus-sieninis-laikiklis\\\/#primaryimage\"},\"thumbnailUrl\":\"https:\\\/\\\/eheating.lt\\\/wp-content\\\/uploads\\\/2023\\\/10\\\/Hikvision-DS-DM1940W-LCD-monitoriaus-sieninis-laikiklis.png\",\"datePublished\":\"2023-11-13T19:58:40+00:00\",\"dateModified\":\"2024-10-18T14:24:56+00:00\",\"description\":\"Hikvision DS-DM1940W LCD monitoriaus sieninis laikiklis ; Skirtas ekranui iki 40\\\" ; \u0160altai valcuota plieno plok\u0161t\u0117 (SPCC) ; Greitas ir paprastas montavimas\",\"breadcrumb\":{\"@id\":\"https:\\\/\\\/eheating.lt\\\/en\\\/produktas\\\/hikvision-ds-dm1940w-lcd-monitoriaus-sieninis-laikiklis\\\/#breadcrumb\"},\"inLanguage\":\"en-US\",\"potentialAction\":[{\"@type\":\"ReadAction\",\"target\":[\"https:\\\/\\\/eheating.lt\\\/en\\\/produktas\\\/hikvision-ds-dm1940w-lcd-monitoriaus-sieninis-laikiklis\\\/\"]}]},{\"@type\":\"ImageObject\",\"inLanguage\":\"en-US\",\"@id\":\"https:\\\/\\\/eheating.lt\\\/en\\\/produktas\\\/hikvision-ds-dm1940w-lcd-monitoriaus-sieninis-laikiklis\\\/#primaryimage\",\"url\":\"https:\\\/\\\/eheating.lt\\\/wp-content\\\/uploads\\\/2023\\\/10\\\/Hikvision-DS-DM1940W-LCD-monitoriaus-sieninis-laikiklis.png\",\"contentUrl\":\"https:\\\/\\\/eheating.lt\\\/wp-content\\\/uploads\\\/2023\\\/10\\\/Hikvision-DS-DM1940W-LCD-monitoriaus-sieninis-laikiklis.png\",\"width\":800,\"height\":800,\"caption\":\"Hikvision DS-DM1940W LCD monitoriaus sieninis laikiklis\"},{\"@type\":\"BreadcrumbList\",\"@id\":\"https:\\\/\\\/eheating.lt\\\/en\\\/produktas\\\/hikvision-ds-dm1940w-lcd-monitoriaus-sieninis-laikiklis\\\/#breadcrumb\",\"itemListElement\":[{\"@type\":\"ListItem\",\"position\":1,\"name\":\"Prad\u017eia\",\"item\":\"https:\\\/\\\/eheating.lt\\\/en\\\/\"},{\"@type\":\"ListItem\",\"position\":2,\"name\":\"Shop\",\"item\":\"https:\\\/\\\/eheating.lt\\\/en\\\/?page_id=5734\"},{\"@type\":\"ListItem\",\"position\":3,\"name\":\"Hikvision DS-DM1940W LCD monitoriaus sieninis laikiklis\"}]},{\"@type\":\"WebSite\",\"@id\":\"https:\\\/\\\/eheating.lt\\\/#website\",\"url\":\"https:\\\/\\\/eheating.lt\\\/\",\"name\":\"eHeating\",\"description\":\"Elektronika ir \u0161ildymas\",\"potentialAction\":[{\"@type\":\"SearchAction\",\"target\":{\"@type\":\"EntryPoint\",\"urlTemplate\":\"https:\\\/\\\/eheating.lt\\\/?s={search_term_string}\"},\"query-input\":{\"@type\":\"PropertyValueSpecification\",\"valueRequired\":true,\"valueName\":\"search_term_string\"}}],\"inLanguage\":\"en-US\"}]}<\/script>\n<meta property=\"product:price:amount\" content=\"14.78\" \/>\n<meta property=\"product:price:currency\" content=\"EUR\" \/>\n<meta property=\"og:availability\" content=\"backorder\" \/>\n<meta property=\"product:availability\" content=\"available for order\" \/>\n<meta property=\"product:retailer_item_id\" content=\"883db8881bbf\" \/>\n<meta property=\"product:condition\" content=\"new\" \/>\n<!-- \/ Yoast SEO Premium plugin. -->","yoast_head_json":{"title":"Hikvision DS-DM1940W LCD monitoriaus sieninis laikiklis","description":"Hikvision DS-DM1940W LCD monitoriaus sieninis laikiklis ; Skirtas ekranui iki 40\" ; \u0160altai valcuota plieno plok\u0161t\u0117 (SPCC) ; Greitas ir paprastas montavimas","robots":{"index":"index","follow":"follow","max-snippet":"max-snippet:-1","max-image-preview":"max-image-preview:large","max-video-preview":"max-video-preview:-1"},"canonical":"https:\/\/eheating.lt\/en\/produktas\/hikvision-ds-dm1940w-lcd-monitoriaus-sieninis-laikiklis\/","og_locale":"en_US","og_type":"article","og_title":"Hikvision DS-DM1940W LCD monitoriaus sieninis laikiklis","og_description":"Hikvision DS-DM1940W LCD monitoriaus sieninis laikiklis ; Skirtas ekranui iki 40\" ; \u0160altai valcuota plieno plok\u0161t\u0117 (SPCC) ; Greitas ir paprastas montavimas","og_url":"https:\/\/eheating.lt\/en\/produktas\/hikvision-ds-dm1940w-lcd-monitoriaus-sieninis-laikiklis\/","og_site_name":"Elektronika Namams","article_publisher":"https:\/\/www.facebook.com\/ElektronikaNamams","article_modified_time":"2024-10-18T14:24:56+00:00","og_image":[{"width":800,"height":800,"url":"https:\/\/eheating.lt\/wp-content\/uploads\/2023\/10\/Hikvision-DS-DM1940W-LCD-monitoriaus-sieninis-laikiklis.png","type":"image\/png"}],"twitter_card":"summary_large_image","twitter_misc":{"Price":"14,78&nbsp;&euro;","Availability":"On backorder"},"schema":{"@context":"https:\/\/schema.org","@graph":[{"@type":"WebPage","@id":"https:\/\/eheating.lt\/en\/produktas\/hikvision-ds-dm1940w-lcd-monitoriaus-sieninis-laikiklis\/","url":"https:\/\/eheating.lt\/en\/produktas\/hikvision-ds-dm1940w-lcd-monitoriaus-sieninis-laikiklis\/","name":"Hikvision DS-DM1940W LCD monitoriaus sieninis laikiklis","isPartOf":{"@id":"https:\/\/eheating.lt\/#website"},"primaryImageOfPage":{"@id":"https:\/\/eheating.lt\/en\/produktas\/hikvision-ds-dm1940w-lcd-monitoriaus-sieninis-laikiklis\/#primaryimage"},"image":{"@id":"https:\/\/eheating.lt\/en\/produktas\/hikvision-ds-dm1940w-lcd-monitoriaus-sieninis-laikiklis\/#primaryimage"},"thumbnailUrl":"https:\/\/eheating.lt\/wp-content\/uploads\/2023\/10\/Hikvision-DS-DM1940W-LCD-monitoriaus-sieninis-laikiklis.png","datePublished":"2023-11-13T19:58:40+00:00","dateModified":"2024-10-18T14:24:56+00:00","description":"Hikvision DS-DM1940W LCD monitoriaus sieninis laikiklis ; Skirtas ekranui iki 40\" ; \u0160altai valcuota plieno plok\u0161t\u0117 (SPCC) ; Greitas ir paprastas montavimas","breadcrumb":{"@id":"https:\/\/eheating.lt\/en\/produktas\/hikvision-ds-dm1940w-lcd-monitoriaus-sieninis-laikiklis\/#breadcrumb"},"inLanguage":"en-US","potentialAction":[{"@type":"ReadAction","target":["https:\/\/eheating.lt\/en\/produktas\/hikvision-ds-dm1940w-lcd-monitoriaus-sieninis-laikiklis\/"]}]},{"@type":"ImageObject","inLanguage":"en-US","@id":"https:\/\/eheating.lt\/en\/produktas\/hikvision-ds-dm1940w-lcd-monitoriaus-sieninis-laikiklis\/#primaryimage","url":"https:\/\/eheating.lt\/wp-content\/uploads\/2023\/10\/Hikvision-DS-DM1940W-LCD-monitoriaus-sieninis-laikiklis.png","contentUrl":"https:\/\/eheating.lt\/wp-content\/uploads\/2023\/10\/Hikvision-DS-DM1940W-LCD-monitoriaus-sieninis-laikiklis.png","width":800,"height":800,"caption":"Hikvision DS-DM1940W LCD monitoriaus sieninis laikiklis"},{"@type":"BreadcrumbList","@id":"https:\/\/eheating.lt\/en\/produktas\/hikvision-ds-dm1940w-lcd-monitoriaus-sieninis-laikiklis\/#breadcrumb","itemListElement":[{"@type":"ListItem","position":1,"name":"Prad\u017eia","item":"https:\/\/eheating.lt\/en\/"},{"@type":"ListItem","position":2,"name":"Shop","item":"https:\/\/eheating.lt\/en\/?page_id=5734"},{"@type":"ListItem","position":3,"name":"Hikvision DS-DM1940W LCD monitoriaus sieninis laikiklis"}]},{"@type":"WebSite","@id":"https:\/\/eheating.lt\/#website","url":"https:\/\/eheating.lt\/","name":"eHeating","description":"Elektronika ir \u0161ildymas","potentialAction":[{"@type":"SearchAction","target":{"@type":"EntryPoint","urlTemplate":"https:\/\/eheating.lt\/?s={search_term_string}"},"query-input":{"@type":"PropertyValueSpecification","valueRequired":true,"valueName":"search_term_string"}}],"inLanguage":"en-US"}]},"product_price_amount":"14.78","product_price_currency":"EUR","og_availability":"backorder","product_availability":"available for order","product_retailer_item_id":"883db8881bbf","product_condition":"new"},"_links":{"self":[{"href":"https:\/\/eheating.lt\/en\/wp-json\/wp\/v2\/product\/24120","targetHints":{"allow":["GET"]}}],"collection":[{"href":"https:\/\/eheating.lt\/en\/wp-json\/wp\/v2\/product"}],"about":[{"href":"https:\/\/eheating.lt\/en\/wp-json\/wp\/v2\/types\/product"}],"replies":[{"embeddable":true,"href":"https:\/\/eheating.lt\/en\/wp-json\/wp\/v2\/comments?post=24120"}],"version-history":[{"count":0,"href":"https:\/\/eheating.lt\/en\/wp-json\/wp\/v2\/product\/24120\/revisions"}],"wp:featuredmedia":[{"embeddable":true,"href":"https:\/\/eheating.lt\/en\/wp-json\/wp\/v2\/media\/28320"}],"wp:attachment":[{"href":"https:\/\/eheating.lt\/en\/wp-json\/wp\/v2\/media?parent=24120"}],"wp:term":[{"taxonomy":"product_brand","embeddable":true,"href":"https:\/\/eheating.lt\/en\/wp-json\/wp\/v2\/product_brand?post=24120"},{"taxonomy":"product_cat","embeddable":true,"href":"https:\/\/eheating.lt\/en\/wp-json\/wp\/v2\/product_cat?post=24120"},{"taxonomy":"product_tag","embeddable":true,"href":"https:\/\/eheating.lt\/en\/wp-json\/wp\/v2\/product_tag?post=24120"}],"curies":[{"name":"wp","href":"https:\/\/api.w.org\/{rel}","templated":true}]}}