{"id":24076,"date":"2023-11-13T21:58:42","date_gmt":"2023-11-13T19:58:42","guid":{"rendered":"https:\/\/eheating.lt\/?post_type=product&#038;p=24076"},"modified":"2024-10-18T17:24:31","modified_gmt":"2024-10-18T14:24:31","slug":"hikvision-ds-d5043qe-sp-43-monitorius","status":"publish","type":"product","link":"https:\/\/eheating.lt\/en\/produktas\/hikvision-ds-d5043qe-sp-43-monitorius\/","title":{"rendered":"Hikvision DS-D5043QE SP 43&#8243; monitorius"},"content":{"rendered":"<ul class=\"tech-specs-items-description\" data-target=\"General\">\n<li class=\"tech-specs-items-description-list\"><span class=\"tech-specs-items-description__title--heading\">Pagrindinis<\/span><\/li>\n<li class=\"tech-specs-items-description-list\"><span class=\"tech-specs-items-description__title\">Garsiakalbis<\/span><span class=\"tech-specs-items-description__title-details\">5W * 2<\/span><\/li>\n<li class=\"tech-specs-items-description-list\"><span class=\"tech-specs-items-description__title\">VESA<\/span><span class=\"tech-specs-items-description__title-details\">M4 200mm*200mm<\/span><\/li>\n<li class=\"tech-specs-items-description-list\"><span class=\"tech-specs-items-description__title\">Dydis<\/span><span class=\"tech-specs-items-description__title-details\">968.18mm*562.99mm*76.8mm(38.12&#8221; \u00d7 22.16&#8221; \u00d7 3.02&#8221;)<\/span><\/li>\n<li class=\"tech-specs-items-description-list\"><span class=\"tech-specs-items-description__title\">Dydis su \u012fpakavimu<\/span><span class=\"tech-specs-items-description__title-details\">1065mm*678mm*163mm( 41.93&#8221; \u00d7 26.69&#8221; \u00d7 6.42&#8221;)<\/span><\/li>\n<li class=\"tech-specs-items-description-list\"><span class=\"tech-specs-items-description__title\">Svoris su \u012fpakavimo<\/span><span class=\"tech-specs-items-description__title-details\">11.1Kg (24.5 lb.)<\/span><\/li>\n<li class=\"tech-specs-items-description-list\"><span class=\"tech-specs-items-description__title\">Svoris be \u012fpakavimo<\/span><span class=\"tech-specs-items-description__title-details\">8.2Kg (18.1 lb.)<\/span><\/li>\n<li class=\"tech-specs-items-description-list\"><span class=\"tech-specs-items-description__title\">Sand\u0117liavimo s\u0105lygos (temperat\u016bra)<\/span><span class=\"tech-specs-items-description__title-details\">-20\u00b0C ~ 60\u00b0C<\/span><\/li>\n<li class=\"tech-specs-items-description-list\"><span class=\"tech-specs-items-description__title\">Maitinimas<\/span><span class=\"tech-specs-items-description__title-details\">100 to 240 V AC, 50\/60Hz<\/span><\/li>\n<li class=\"tech-specs-items-description-list\"><span class=\"tech-specs-items-description__title\">Darbin\u0117 temperat\u016bra<\/span><span class=\"tech-specs-items-description__title-details\">0\u00b0C ~ 40\u00b0C<\/span><\/li>\n<li class=\"tech-specs-items-description-list\"><span class=\"tech-specs-items-description__title\">Atsparumas dr\u0117gmei<\/span><span class=\"tech-specs-items-description__title-details\">20 &#8211; 80%RH(No Condensation)<\/span><\/li>\n<li class=\"tech-specs-items-description-list\"><span class=\"tech-specs-items-description__title\">Sand\u0117liavimo s\u0105lygos (dr\u0117gm\u0117)<\/span><span class=\"tech-specs-items-description__title-details\">10 &#8211; 90%RH(No Condensation)<\/span><\/li>\n<li class=\"tech-specs-items-description-list\"><span class=\"tech-specs-items-description__title\">Energijos suvartojimas bud\u0117jimo re\u017eimu<\/span><span class=\"tech-specs-items-description__title-details\">0.5W<\/span><\/li>\n<li class=\"tech-specs-items-description-list\"><span class=\"tech-specs-items-description__title\">Energijos sunaudojimas<\/span><span class=\"tech-specs-items-description__title-details\">\u226474W<\/span><\/li>\n<li class=\"tech-specs-items-description-list\"><span class=\"tech-specs-items-description__title\">Korpuso spalva<\/span><span class=\"tech-specs-items-description__title-details\">Black<\/span><\/li>\n<\/ul>\n<ul class=\"tech-specs-items-description\" data-target=\"Interface\">\n<li class=\"tech-specs-items-description-list\"><span class=\"tech-specs-items-description__title--heading\">S\u0105saja<\/span><\/li>\n<li class=\"tech-specs-items-description-list\"><span class=\"tech-specs-items-description__title\">HDMI In<\/span><span class=\"tech-specs-items-description__title-details\">1<\/span><\/li>\n<li class=\"tech-specs-items-description-list\"><span class=\"tech-specs-items-description__title\">VGA In<\/span><span class=\"tech-specs-items-description__title-details\">1<\/span><\/li>\n<li class=\"tech-specs-items-description-list\"><span class=\"tech-specs-items-description__title\">Audio In<\/span><span class=\"tech-specs-items-description__title-details\">1<\/span><\/li>\n<\/ul>\n<ul class=\"tech-specs-items-description\" data-target=\"Accessories\">\n<li class=\"tech-specs-items-description-list\"><span class=\"tech-specs-items-description__title--heading\">Priedai<\/span><\/li>\n<li class=\"tech-specs-items-description-list\"><span class=\"tech-specs-items-description__title\">Maitinimo kabelis<\/span><span class=\"tech-specs-items-description__title-details\">1<\/span><\/li>\n<li class=\"tech-specs-items-description-list\"><span class=\"tech-specs-items-description__title\">HDMI kabelis<\/span><span class=\"tech-specs-items-description__title-details\">1<\/span><\/li>\n<li class=\"tech-specs-items-description-list\"><span class=\"tech-specs-items-description__title\">Vartotojo vadovas<\/span><span class=\"tech-specs-items-description__title-details\">1<\/span><\/li>\n<li class=\"tech-specs-items-description-list\"><span class=\"tech-specs-items-description__title\">Nuotolinis valdymas<\/span><span class=\"tech-specs-items-description__title-details\">1<\/span><\/li>\n<\/ul>\n<ul class=\"tech-specs-items-description\" data-target=\"Monitor\">\n<li class=\"tech-specs-items-description-list\"><span class=\"tech-specs-items-description__title--heading\">Monitorius<\/span><\/li>\n<li class=\"tech-specs-items-description-list\"><span class=\"tech-specs-items-description__title\">Foninis ap\u0161vietimas<\/span><span class=\"tech-specs-items-description__title-details\">D-LED Backlight<\/span><\/li>\n<li class=\"tech-specs-items-description-list\"><span class=\"tech-specs-items-description__title\">Ekrano dydis<\/span><span class=\"tech-specs-items-description__title-details\">42.5 inch<\/span><\/li>\n<li class=\"tech-specs-items-description-list\"><span class=\"tech-specs-items-description__title\">Ta\u0161kinis \u017eingsnis<\/span><span class=\"tech-specs-items-description__title-details\">0.49(H)mm * 0.49(V) mm<\/span><\/li>\n<li class=\"tech-specs-items-description-list\"><span class=\"tech-specs-items-description__title\">Maksimali rai\u0161ka<\/span><span class=\"tech-specs-items-description__title-details\">1920 * 1080 @60Hz<\/span><\/li>\n<li class=\"tech-specs-items-description-list\"><span class=\"tech-specs-items-description__title\">Ry\u0161kumas<\/span><span class=\"tech-specs-items-description__title-details\">360 cd\/m\u00b2(typ.)<\/span><\/li>\n<li class=\"tech-specs-items-description-list\"><span class=\"tech-specs-items-description__title\">Kontrastas<\/span><span class=\"tech-specs-items-description__title-details\">1200:1(typ.)<\/span><\/li>\n<li class=\"tech-specs-items-description-list\"><span class=\"tech-specs-items-description__title\">Reakcijos laikas<\/span><span class=\"tech-specs-items-description__title-details\">8ms<\/span><\/li>\n<li class=\"tech-specs-items-description-list\"><span class=\"tech-specs-items-description__title\">Spalva<\/span><span class=\"tech-specs-items-description__title-details\">16.7M<\/span><\/li>\n<li class=\"tech-specs-items-description-list\"><span class=\"tech-specs-items-description__title\">Aktyvi zona<\/span><span class=\"tech-specs-items-description__title-details\">940.896 (H) \u00d7 529.254(V) mm<\/span><\/li>\n<li class=\"tech-specs-items-description-list\"><span class=\"tech-specs-items-description__title\">\u017di\u016br\u0117jimo kampas<\/span><span class=\"tech-specs-items-description__title-details\">Horizontal 178\u00b0, Vertical 178\u00b0<\/span><\/li>\n<\/ul>\n<ul class=\"tech-specs-items-description\" data-target=\"Bracket\">\n<li class=\"tech-specs-items-description-list\"><span class=\"tech-specs-items-description__title--heading\">Laikiklis<\/span><\/li>\n<li class=\"tech-specs-items-description-list\"><span class=\"tech-specs-items-description__title\">Baz\u0117<\/span><span class=\"tech-specs-items-description__title-details\">Contain 1<\/span><\/li>\n<li class=\"tech-specs-items-description-list\"><span class=\"tech-specs-items-description__title\">Pakabinamas ant sienos<\/span><span class=\"tech-specs-items-description__title-details\">DS-DM4255W<\/span><\/li>\n<\/ul>\n","protected":false},"excerpt":{"rendered":"<ul>\n<li>Full HD 1920 x 1080<\/li>\n<li>43&#8243;LED monitorius<\/li>\n<li>16.7 milijon\u0173 spalv\u0173 itin kokybi\u0161kai atvaizduoja nuotraukas<\/li>\n<li>HDMI, VGA, audio in s\u0105sajos<\/li>\n<li>\u012emontuotas garsiakalbis<\/li>\n<li>Platus 178\u00b0 matymo kampas<\/li>\n<li>Komponentai skirti darbui 24\/7<\/li>\n<\/ul>\n","protected":false},"featured_media":28322,"comment_status":"closed","ping_status":"closed","template":"","meta":[],"product_brand":[],"product_cat":[533,537,305,584,341,318],"product_tag":[],"class_list":{"0":"post-24076","1":"product","2":"type-product","3":"status-publish","4":"has-post-thumbnail","6":"product_cat-ip-vaizdo-stebejimo-sistemos","7":"product_cat-turbo-hd-kita-iranga","8":"product_cat-ip-kita-iranga","9":"product_cat-monitoriai-turbo-hd","10":"product_cat-monitoriai","11":"product_cat-turbo-hd-apsauga","13":"first","14":"instock","15":"purchasable","16":"product-type-simple"},"yoast_head":"<!-- This site is optimized with the Yoast SEO Premium plugin v21.5 (Yoast SEO v27.3) - https:\/\/yoast.com\/product\/yoast-seo-premium-wordpress\/ -->\n<title>Hikvision DS-D5043QE SP 43&quot; monitorius<\/title>\n<meta name=\"description\" content=\"Hikvision DS-D5043QE SP 43&quot; monitorius ; Full HD 1920 x 1080 ; 43&quot;LED monitorius ; Platus 178\u00b0 matymo kampas ; \u012emontuotas garsiakalbis\" \/>\n<meta name=\"robots\" content=\"index, follow, max-snippet:-1, max-image-preview:large, max-video-preview:-1\" \/>\n<link rel=\"canonical\" href=\"https:\/\/eheating.lt\/produktas\/hikvision-ds-d5043qe-sp-43-monitorius\/\" \/>\n<meta property=\"og:locale\" content=\"en_US\" \/>\n<meta property=\"og:type\" content=\"article\" \/>\n<meta property=\"og:title\" content=\"Hikvision DS-D5043QE SP 43&quot; monitorius\" \/>\n<meta property=\"og:description\" content=\"Hikvision DS-D5043QE SP 43&quot; monitorius ; Full HD 1920 x 1080 ; 43&quot;LED monitorius ; Platus 178\u00b0 matymo kampas ; \u012emontuotas garsiakalbis\" \/>\n<meta property=\"og:url\" content=\"https:\/\/eheating.lt\/produktas\/hikvision-ds-d5043qe-sp-43-monitorius\/\" \/>\n<meta property=\"og:site_name\" content=\"Elektronika Namams\" \/>\n<meta property=\"article:publisher\" content=\"https:\/\/www.facebook.com\/ElektronikaNamams\" \/>\n<meta property=\"article:modified_time\" content=\"2024-10-18T14:24:31+00:00\" \/>\n<meta property=\"og:image\" content=\"https:\/\/eheating.lt\/wp-content\/uploads\/2023\/10\/Hikvision-DS-D5043QE-SP-43-monitorius.png\" \/>\n\t<meta property=\"og:image:width\" content=\"800\" \/>\n\t<meta property=\"og:image:height\" content=\"800\" \/>\n\t<meta property=\"og:image:type\" content=\"image\/png\" \/>\n<meta name=\"twitter:card\" content=\"summary_large_image\" \/>\n<meta name=\"twitter:label1\" content=\"Price\" \/>\n\t<meta name=\"twitter:data1\" content=\"464,46&nbsp;&euro;\" \/>\n\t<meta name=\"twitter:label2\" content=\"Availability\" \/>\n\t<meta name=\"twitter:data2\" content=\"In stock\" \/>\n<script type=\"application\/ld+json\" class=\"yoast-schema-graph\">{\"@context\":\"https:\\\/\\\/schema.org\",\"@graph\":[{\"@type\":\"WebPage\",\"@id\":\"https:\\\/\\\/eheating.lt\\\/produktas\\\/hikvision-ds-d5043qe-sp-43-monitorius\\\/\",\"url\":\"https:\\\/\\\/eheating.lt\\\/produktas\\\/hikvision-ds-d5043qe-sp-43-monitorius\\\/\",\"name\":\"Hikvision DS-D5043QE SP 43\\\" monitorius\",\"isPartOf\":{\"@id\":\"https:\\\/\\\/eheating.lt\\\/#website\"},\"primaryImageOfPage\":{\"@id\":\"https:\\\/\\\/eheating.lt\\\/produktas\\\/hikvision-ds-d5043qe-sp-43-monitorius\\\/#primaryimage\"},\"image\":{\"@id\":\"https:\\\/\\\/eheating.lt\\\/produktas\\\/hikvision-ds-d5043qe-sp-43-monitorius\\\/#primaryimage\"},\"thumbnailUrl\":\"https:\\\/\\\/eheating.lt\\\/wp-content\\\/uploads\\\/2023\\\/10\\\/Hikvision-DS-D5043QE-SP-43-monitorius.png\",\"datePublished\":\"2023-11-13T19:58:42+00:00\",\"dateModified\":\"2024-10-18T14:24:31+00:00\",\"description\":\"Hikvision DS-D5043QE SP 43\\\" monitorius ; Full HD 1920 x 1080 ; 43\\\"LED monitorius ; Platus 178\u00b0 matymo kampas ; \u012emontuotas garsiakalbis\",\"breadcrumb\":{\"@id\":\"https:\\\/\\\/eheating.lt\\\/produktas\\\/hikvision-ds-d5043qe-sp-43-monitorius\\\/#breadcrumb\"},\"inLanguage\":\"en-US\",\"potentialAction\":[{\"@type\":\"ReadAction\",\"target\":[\"https:\\\/\\\/eheating.lt\\\/produktas\\\/hikvision-ds-d5043qe-sp-43-monitorius\\\/\"]}]},{\"@type\":\"ImageObject\",\"inLanguage\":\"en-US\",\"@id\":\"https:\\\/\\\/eheating.lt\\\/produktas\\\/hikvision-ds-d5043qe-sp-43-monitorius\\\/#primaryimage\",\"url\":\"https:\\\/\\\/eheating.lt\\\/wp-content\\\/uploads\\\/2023\\\/10\\\/Hikvision-DS-D5043QE-SP-43-monitorius.png\",\"contentUrl\":\"https:\\\/\\\/eheating.lt\\\/wp-content\\\/uploads\\\/2023\\\/10\\\/Hikvision-DS-D5043QE-SP-43-monitorius.png\",\"width\":800,\"height\":800,\"caption\":\"Hikvision DS-D5043QE SP 43\\\" monitorius\"},{\"@type\":\"BreadcrumbList\",\"@id\":\"https:\\\/\\\/eheating.lt\\\/produktas\\\/hikvision-ds-d5043qe-sp-43-monitorius\\\/#breadcrumb\",\"itemListElement\":[{\"@type\":\"ListItem\",\"position\":1,\"name\":\"Prad\u017eia\",\"item\":\"https:\\\/\\\/eheating.lt\\\/en\\\/\"},{\"@type\":\"ListItem\",\"position\":2,\"name\":\"Shop\",\"item\":\"https:\\\/\\\/eheating.lt\\\/en\\\/?page_id=5734\"},{\"@type\":\"ListItem\",\"position\":3,\"name\":\"Hikvision DS-D5043QE SP 43&#8243; monitorius\"}]},{\"@type\":\"WebSite\",\"@id\":\"https:\\\/\\\/eheating.lt\\\/#website\",\"url\":\"https:\\\/\\\/eheating.lt\\\/\",\"name\":\"eHeating\",\"description\":\"Elektronika ir \u0161ildymas\",\"potentialAction\":[{\"@type\":\"SearchAction\",\"target\":{\"@type\":\"EntryPoint\",\"urlTemplate\":\"https:\\\/\\\/eheating.lt\\\/?s={search_term_string}\"},\"query-input\":{\"@type\":\"PropertyValueSpecification\",\"valueRequired\":true,\"valueName\":\"search_term_string\"}}],\"inLanguage\":\"en-US\"}]}<\/script>\n<meta property=\"product:price:amount\" content=\"464.46\" \/>\n<meta property=\"product:price:currency\" content=\"EUR\" \/>\n<meta property=\"og:availability\" content=\"instock\" \/>\n<meta property=\"product:availability\" content=\"instock\" \/>\n<meta property=\"product:retailer_item_id\" content=\"666e225294a1\" \/>\n<meta property=\"product:condition\" content=\"new\" \/>\n<!-- \/ Yoast SEO Premium plugin. -->","yoast_head_json":{"title":"Hikvision DS-D5043QE SP 43\" monitorius","description":"Hikvision DS-D5043QE SP 43\" monitorius ; Full HD 1920 x 1080 ; 43\"LED monitorius ; Platus 178\u00b0 matymo kampas ; \u012emontuotas garsiakalbis","robots":{"index":"index","follow":"follow","max-snippet":"max-snippet:-1","max-image-preview":"max-image-preview:large","max-video-preview":"max-video-preview:-1"},"canonical":"https:\/\/eheating.lt\/produktas\/hikvision-ds-d5043qe-sp-43-monitorius\/","og_locale":"en_US","og_type":"article","og_title":"Hikvision DS-D5043QE SP 43\" monitorius","og_description":"Hikvision DS-D5043QE SP 43\" monitorius ; Full HD 1920 x 1080 ; 43\"LED monitorius ; Platus 178\u00b0 matymo kampas ; \u012emontuotas garsiakalbis","og_url":"https:\/\/eheating.lt\/produktas\/hikvision-ds-d5043qe-sp-43-monitorius\/","og_site_name":"Elektronika Namams","article_publisher":"https:\/\/www.facebook.com\/ElektronikaNamams","article_modified_time":"2024-10-18T14:24:31+00:00","og_image":[{"width":800,"height":800,"url":"https:\/\/eheating.lt\/wp-content\/uploads\/2023\/10\/Hikvision-DS-D5043QE-SP-43-monitorius.png","type":"image\/png"}],"twitter_card":"summary_large_image","twitter_misc":{"Price":"464,46&nbsp;&euro;","Availability":"In stock"},"schema":{"@context":"https:\/\/schema.org","@graph":[{"@type":"WebPage","@id":"https:\/\/eheating.lt\/produktas\/hikvision-ds-d5043qe-sp-43-monitorius\/","url":"https:\/\/eheating.lt\/produktas\/hikvision-ds-d5043qe-sp-43-monitorius\/","name":"Hikvision DS-D5043QE SP 43\" monitorius","isPartOf":{"@id":"https:\/\/eheating.lt\/#website"},"primaryImageOfPage":{"@id":"https:\/\/eheating.lt\/produktas\/hikvision-ds-d5043qe-sp-43-monitorius\/#primaryimage"},"image":{"@id":"https:\/\/eheating.lt\/produktas\/hikvision-ds-d5043qe-sp-43-monitorius\/#primaryimage"},"thumbnailUrl":"https:\/\/eheating.lt\/wp-content\/uploads\/2023\/10\/Hikvision-DS-D5043QE-SP-43-monitorius.png","datePublished":"2023-11-13T19:58:42+00:00","dateModified":"2024-10-18T14:24:31+00:00","description":"Hikvision DS-D5043QE SP 43\" monitorius ; Full HD 1920 x 1080 ; 43\"LED monitorius ; Platus 178\u00b0 matymo kampas ; \u012emontuotas garsiakalbis","breadcrumb":{"@id":"https:\/\/eheating.lt\/produktas\/hikvision-ds-d5043qe-sp-43-monitorius\/#breadcrumb"},"inLanguage":"en-US","potentialAction":[{"@type":"ReadAction","target":["https:\/\/eheating.lt\/produktas\/hikvision-ds-d5043qe-sp-43-monitorius\/"]}]},{"@type":"ImageObject","inLanguage":"en-US","@id":"https:\/\/eheating.lt\/produktas\/hikvision-ds-d5043qe-sp-43-monitorius\/#primaryimage","url":"https:\/\/eheating.lt\/wp-content\/uploads\/2023\/10\/Hikvision-DS-D5043QE-SP-43-monitorius.png","contentUrl":"https:\/\/eheating.lt\/wp-content\/uploads\/2023\/10\/Hikvision-DS-D5043QE-SP-43-monitorius.png","width":800,"height":800,"caption":"Hikvision DS-D5043QE SP 43\" monitorius"},{"@type":"BreadcrumbList","@id":"https:\/\/eheating.lt\/produktas\/hikvision-ds-d5043qe-sp-43-monitorius\/#breadcrumb","itemListElement":[{"@type":"ListItem","position":1,"name":"Prad\u017eia","item":"https:\/\/eheating.lt\/en\/"},{"@type":"ListItem","position":2,"name":"Shop","item":"https:\/\/eheating.lt\/en\/?page_id=5734"},{"@type":"ListItem","position":3,"name":"Hikvision DS-D5043QE SP 43&#8243; monitorius"}]},{"@type":"WebSite","@id":"https:\/\/eheating.lt\/#website","url":"https:\/\/eheating.lt\/","name":"eHeating","description":"Elektronika ir \u0161ildymas","potentialAction":[{"@type":"SearchAction","target":{"@type":"EntryPoint","urlTemplate":"https:\/\/eheating.lt\/?s={search_term_string}"},"query-input":{"@type":"PropertyValueSpecification","valueRequired":true,"valueName":"search_term_string"}}],"inLanguage":"en-US"}]},"product_price_amount":"464.46","product_price_currency":"EUR","og_availability":"instock","product_availability":"instock","product_retailer_item_id":"666e225294a1","product_condition":"new"},"_links":{"self":[{"href":"https:\/\/eheating.lt\/en\/wp-json\/wp\/v2\/product\/24076","targetHints":{"allow":["GET"]}}],"collection":[{"href":"https:\/\/eheating.lt\/en\/wp-json\/wp\/v2\/product"}],"about":[{"href":"https:\/\/eheating.lt\/en\/wp-json\/wp\/v2\/types\/product"}],"replies":[{"embeddable":true,"href":"https:\/\/eheating.lt\/en\/wp-json\/wp\/v2\/comments?post=24076"}],"version-history":[{"count":0,"href":"https:\/\/eheating.lt\/en\/wp-json\/wp\/v2\/product\/24076\/revisions"}],"wp:featuredmedia":[{"embeddable":true,"href":"https:\/\/eheating.lt\/en\/wp-json\/wp\/v2\/media\/28322"}],"wp:attachment":[{"href":"https:\/\/eheating.lt\/en\/wp-json\/wp\/v2\/media?parent=24076"}],"wp:term":[{"taxonomy":"product_brand","embeddable":true,"href":"https:\/\/eheating.lt\/en\/wp-json\/wp\/v2\/product_brand?post=24076"},{"taxonomy":"product_cat","embeddable":true,"href":"https:\/\/eheating.lt\/en\/wp-json\/wp\/v2\/product_cat?post=24076"},{"taxonomy":"product_tag","embeddable":true,"href":"https:\/\/eheating.lt\/en\/wp-json\/wp\/v2\/product_tag?post=24076"}],"curies":[{"name":"wp","href":"https:\/\/api.w.org\/{rel}","templated":true}]}}