{"id":24070,"date":"2023-11-13T21:58:44","date_gmt":"2023-11-13T19:58:44","guid":{"rendered":"https:\/\/eheating.lt\/?post_type=product&#038;p=24070"},"modified":"2024-10-18T17:24:27","modified_gmt":"2024-10-18T14:24:27","slug":"hikvision-ds-d5065uc-c-sp-65-monitorius","status":"publish","type":"product","link":"https:\/\/eheating.lt\/en\/produktas\/hikvision-ds-d5065uc-c-sp-65-monitorius\/","title":{"rendered":"Hikvision DS-D5065UC-C SP 65&#8243; monitorius"},"content":{"rendered":"<ul class=\"tech-specs-items-description\" data-target=\"Display\">\n<li class=\"tech-specs-items-description-list\"><span class=\"tech-specs-items-description__title--heading\">Ekranas<\/span><\/li>\n<li class=\"tech-specs-items-description-list\"><span class=\"tech-specs-items-description__title\">Ekrano dydis<\/span><span class=\"tech-specs-items-description__title-details\">65\u201d<\/span><\/li>\n<li class=\"tech-specs-items-description-list\"><span class=\"tech-specs-items-description__title\">Aktyvi rodymo sritis<\/span><span class=\"tech-specs-items-description__title-details\">1428.48 (H) mm \u00d7 803.52 (V) mm<\/span><\/li>\n<li class=\"tech-specs-items-description-list\"><span class=\"tech-specs-items-description__title\">Rezoliucija<\/span><span class=\"tech-specs-items-description__title-details\">3840 \u00d7 2160@60 Hz<\/span><\/li>\n<li class=\"tech-specs-items-description-list\"><span class=\"tech-specs-items-description__title\">Foninis ap\u0161vietimas<\/span><span class=\"tech-specs-items-description__title-details\">LED<\/span><\/li>\n<li class=\"tech-specs-items-description-list\"><span class=\"tech-specs-items-description__title\">Ta\u0161kinis \u017eingsnis<\/span><span class=\"tech-specs-items-description__title-details\">0.372 (H) mm \u00d7 0.372 (V) mm<\/span><\/li>\n<li class=\"tech-specs-items-description-list\"><span class=\"tech-specs-items-description__title\">Ry\u0161kumas<\/span><span class=\"tech-specs-items-description__title-details\">350 cd\/m\u00b2<\/span><\/li>\n<li class=\"tech-specs-items-description-list\"><span class=\"tech-specs-items-description__title\">\u017di\u016br\u0117jimo kampas<\/span><span class=\"tech-specs-items-description__title-details\">178\u00b0 (H) \/ 178\u00b0 (V)<\/span><\/li>\n<li class=\"tech-specs-items-description-list\"><span class=\"tech-specs-items-description__title\">Spalvos gylis<\/span><span class=\"tech-specs-items-description__title-details\">8 bit<\/span><\/li>\n<li class=\"tech-specs-items-description-list\"><span class=\"tech-specs-items-description__title\">Kontrasto santykis<\/span><span class=\"tech-specs-items-description__title-details\">1200:1<\/span><\/li>\n<li class=\"tech-specs-items-description-list\"><span class=\"tech-specs-items-description__title\">Reakcijos laikas<\/span><span class=\"tech-specs-items-description__title-details\">8 ms<\/span><\/li>\n<li class=\"tech-specs-items-description-list\"><span class=\"tech-specs-items-description__title\">Atsinaujinimo reitingas<\/span><span class=\"tech-specs-items-description__title-details\">60 Hz<\/span><\/li>\n<li class=\"tech-specs-items-description-list\"><span class=\"tech-specs-items-description__title\">Migla<\/span><span class=\"tech-specs-items-description__title-details\">1%<\/span><\/li>\n<li class=\"tech-specs-items-description-list\"><span class=\"tech-specs-items-description__title\">Patikimumas<\/span><span class=\"tech-specs-items-description__title-details\">7 \u00d7 24 H<\/span><\/li>\n<li class=\"tech-specs-items-description-list\"><span class=\"tech-specs-items-description__title\">Spalv\u0173 gama<\/span><span class=\"tech-specs-items-description__title-details\">72% NTSC<\/span><\/li>\n<\/ul>\n<ul class=\"tech-specs-items-description\" data-target=\"Power\">\n<li class=\"tech-specs-items-description-list\"><span class=\"tech-specs-items-description__title--heading\">Sistemos parametrai<\/span><\/li>\n<li class=\"tech-specs-items-description-list\"><span class=\"tech-specs-items-description__title\">Maitinimas<\/span><span class=\"tech-specs-items-description__title-details\">100~240 VAC, 50\/60Hz<\/span><\/li>\n<li class=\"tech-specs-items-description-list\"><span class=\"tech-specs-items-description__title\">Energijos sunaudojimas<\/span><span class=\"tech-specs-items-description__title-details\">\u2264 190 W<\/span><\/li>\n<li class=\"tech-specs-items-description-list\"><span class=\"tech-specs-items-description__title\">Energijos sunaudojimas bud\u0117jimo re\u017eime<\/span><span class=\"tech-specs-items-description__title-details\">\u2264 0.5 W<\/span><\/li>\n<\/ul>\n<ul class=\"tech-specs-items-description\" data-target=\"Working Environment\">\n<li class=\"tech-specs-items-description-list\"><span class=\"tech-specs-items-description__title--heading\">Darbo aplinka<\/span><\/li>\n<li class=\"tech-specs-items-description-list\"><span class=\"tech-specs-items-description__title\">Darbin\u0117 temperat\u016bra<\/span><span class=\"tech-specs-items-description__title-details\">0\u2103 to 40 \u2103 (32 \u2109 to 104 \u2109)<\/span><\/li>\n<li class=\"tech-specs-items-description-list\"><span class=\"tech-specs-items-description__title\">Atsparumas dr\u0117gmei<\/span><span class=\"tech-specs-items-description__title-details\">20% to 80% RH (Non-Condensing)<\/span><\/li>\n<li class=\"tech-specs-items-description-list\"><span class=\"tech-specs-items-description__title\">Sand\u0117liavimo s\u0105lygos (temperat\u016bra)<\/span><span class=\"tech-specs-items-description__title-details\">-20 \u2103 to 60 \u2103 (-4 \u2109 to 140 \u2109)<\/span><\/li>\n<li class=\"tech-specs-items-description-list\"><span class=\"tech-specs-items-description__title\">Sand\u0117liavimo s\u0105lygos (dr\u0117gm\u0117)<\/span><span class=\"tech-specs-items-description__title-details\">10% to 90% RH (Non-Condensing)<\/span><\/li>\n<\/ul>\n<ul class=\"tech-specs-items-description\" data-target=\"General\">\n<li class=\"tech-specs-items-description-list\"><span class=\"tech-specs-items-description__title--heading\">Pagrindinis<\/span><\/li>\n<li class=\"tech-specs-items-description-list\"><span class=\"tech-specs-items-description__title\">Korpuso med\u017eiagas<\/span><span class=\"tech-specs-items-description__title-details\">Plastic<\/span><\/li>\n<li class=\"tech-specs-items-description-list\"><span class=\"tech-specs-items-description__title\">VESA<\/span><span class=\"tech-specs-items-description__title-details\">300 mm \u00d7 300 mm (4 \u00d7 M6-25 mm)<\/span><\/li>\n<li class=\"tech-specs-items-description-list\"><span class=\"tech-specs-items-description__title\">R\u0117mo plotis<\/span><span class=\"tech-specs-items-description__title-details\">8.24 mm (top\/left\/right), 22.62 mm (bottom)<\/span><\/li>\n<li class=\"tech-specs-items-description-list\"><span class=\"tech-specs-items-description__title\">Dydis be \u012fpakavimo<\/span><span class=\"tech-specs-items-description__title-details\"><span class=\"tech-specs-items-description__title-details\"><br \/>\n<\/span><\/span><\/p>\n<p class=\"mb-p\" style=\"margin-bottom: 0rem; height: auto;\">Without stand: 1449.6 mm \u00d7 838.38 mm \u00d7 79.6 mm (57.07&#8243; \u00d7 33.01&#8243; \u00d7 3.13&#8243;)<\/p>\n<p class=\"mb-p\" style=\"margin-bottom: 0.5em; height: auto;\">With stand: 1449.6 mm \u00d7 883.35 mm \u00d7 283.4 mm (57.07 \u00d7 34.78&#8243; \u00d7 11.16&#8243;)&#8221;<\/p>\n<p>&nbsp;<\/li>\n<li class=\"tech-specs-items-description-list\"><span class=\"tech-specs-items-description__title\">Dydis su \u012fpakavimu<\/span><span class=\"tech-specs-items-description__title-details\">1600 mm \u00d7 995 mm \u00d7 175 mm (62.99&#8243; \u00d7 39.17&#8243;\u00d7 6.89&#8243;)<\/span><\/li>\n<li class=\"tech-specs-items-description-list\"><span class=\"tech-specs-items-description__title\">Svoris be \u012fpakavimo<\/span><span class=\"tech-specs-items-description__title-details\"><span class=\"tech-specs-items-description__title-details\"><br \/>\n<\/span><\/span><\/p>\n<p class=\"mb-p\" style=\"margin-bottom: 0rem; height: auto;\">Without stand: 18.6 kg (41.01 lb)<\/p>\n<p class=\"mb-p\" style=\"margin-bottom: 0.5em; height: auto;\">With stand: 18.7 kg (41.23 lb)<\/p>\n<p>&nbsp;<\/li>\n<li class=\"tech-specs-items-description-list\"><span class=\"tech-specs-items-description__title\">Svoris su \u012fpakavimo<\/span><span class=\"tech-specs-items-description__title-details\"><span class=\"tech-specs-items-description__title-details\"><br \/>\n<\/span><\/span><\/p>\n<p class=\"mb-p\" style=\"margin-bottom: 0rem; height: auto;\">Without stand: 24.4 kg (53.79 lb)<\/p>\n<p class=\"mb-p\" style=\"margin-bottom: 0.5em; height: auto;\">With stand: 24.5 kg (54.01 lb)<\/p>\n<p>&nbsp;<\/li>\n<li class=\"tech-specs-items-description-list\"><span class=\"tech-specs-items-description__title\">Pakavimo s\u0105ra\u0161as<\/span><span class=\"tech-specs-items-description__title-details\">Power cable \u00d7 1, remote control \u00d7 1, user manual \u00d7 1, HDMI cable \u00d7 1, base bracket \u00d7 1<\/span><\/li>\n<li class=\"tech-specs-items-description-list\"><span class=\"tech-specs-items-description__title\">Pastabos<\/span><span class=\"tech-specs-items-description__title-details\">If the appearance and parameters in this specification vary from the actual product, the later prevails. You can also consult local sale staff.<\/span><\/li>\n<\/ul>\n<ul class=\"tech-specs-items-description\" data-target=\"Interface\">\n<li class=\"tech-specs-items-description-list\"><span class=\"tech-specs-items-description__title--heading\">S\u0105saja<\/span><\/li>\n<li class=\"tech-specs-items-description-list\"><span class=\"tech-specs-items-description__title\">Video &amp; Audio \u012fvestis<\/span><span class=\"tech-specs-items-description__title-details\">HDMI 1.4 \u00d7 1, HDMI2.0 \u00d7 1, VGA \u00d7 1, Audio in \u00d7 1<\/span><\/li>\n<li class=\"tech-specs-items-description-list\"><span class=\"tech-specs-items-description__title\">Video &amp; Audio i\u0161vestis<\/span><span class=\"tech-specs-items-description__title-details\">Speaker (6\u03a9 7W) \u00d7 2<\/span><\/li>\n<li class=\"tech-specs-items-description-list\"><span class=\"tech-specs-items-description__title\">Duomen\u0173 perdavimo s\u0105saja<\/span><span class=\"tech-specs-items-description__title-details\">USB \u00d7 1<\/span><\/li>\n<\/ul>\n","protected":false},"excerpt":{"rendered":"<ul>\n<li>65 coli\u0173 LED ekranas<\/li>\n<li>3840 \u00d7 2160 rai\u0161ka<\/li>\n<li>Keli \u012f\u0117jimai: HDMI, VGA, USB<\/li>\n<li>Siauras priekinis r\u0117melis<\/li>\n<li>Platus matymo kampas: 178\u00b0<\/li>\n<li>Komponentai skirti darbui 24\/7<\/li>\n<\/ul>\n","protected":false},"featured_media":28326,"comment_status":"closed","ping_status":"closed","template":"","meta":[],"product_brand":[],"product_cat":[801,848,824,852,829,837],"product_tag":[],"class_list":{"0":"post-24070","1":"product","2":"type-product","3":"status-publish","4":"has-post-thumbnail","6":"product_cat-ip-video-surveillance-systems","7":"product_cat-turbo-hd-other-equipment","8":"product_cat-ip-other-equipment","9":"product_cat-monitors-turbo-hd","10":"product_cat-monitors","11":"product_cat-turbo-hd-video-surveillance","13":"first","14":"instock","15":"purchasable","16":"product-type-simple"},"yoast_head":"<!-- This site is optimized with the Yoast SEO Premium plugin v21.5 (Yoast SEO v27.6) - https:\/\/yoast.com\/product\/yoast-seo-premium-wordpress\/ -->\n<title>Hikvision DS-D5065UC-C SP 65&quot; monitorius<\/title>\n<meta name=\"description\" content=\"Hikvision DS-D5065UC-C SP 65&quot; monitorius ; 65 coli\u0173 LED ekranas ; 3840 \u00d7 2160 rai\u0161ka ; Platus matymo kampas: 178\u00b0 ; Komponentai skirti darbui 24\/7\" \/>\n<meta name=\"robots\" content=\"index, follow, max-snippet:-1, max-image-preview:large, max-video-preview:-1\" \/>\n<link rel=\"canonical\" href=\"https:\/\/eheating.lt\/produktas\/hikvision-ds-d5065uc-c-sp-65-monitorius\/\" \/>\n<meta property=\"og:locale\" content=\"en_US\" \/>\n<meta property=\"og:type\" content=\"article\" \/>\n<meta property=\"og:title\" content=\"Hikvision DS-D5065UC-C SP 65&quot; monitorius\" \/>\n<meta property=\"og:description\" content=\"Hikvision DS-D5065UC-C SP 65&quot; monitorius ; 65 coli\u0173 LED ekranas ; 3840 \u00d7 2160 rai\u0161ka ; Platus matymo kampas: 178\u00b0 ; Komponentai skirti darbui 24\/7\" \/>\n<meta property=\"og:url\" content=\"https:\/\/eheating.lt\/produktas\/hikvision-ds-d5065uc-c-sp-65-monitorius\/\" \/>\n<meta property=\"og:site_name\" content=\"Elektronika Namams\" \/>\n<meta property=\"article:publisher\" content=\"https:\/\/www.facebook.com\/ElektronikaNamams\" \/>\n<meta property=\"article:modified_time\" content=\"2024-10-18T14:24:27+00:00\" \/>\n<meta property=\"og:image\" content=\"https:\/\/eheating.lt\/wp-content\/uploads\/2023\/10\/Hikvision-DS-D5065UC-C-SP-65-monitorius.png\" \/>\n\t<meta property=\"og:image:width\" content=\"800\" \/>\n\t<meta property=\"og:image:height\" content=\"800\" \/>\n\t<meta property=\"og:image:type\" content=\"image\/png\" \/>\n<meta name=\"twitter:card\" content=\"summary_large_image\" \/>\n<meta name=\"twitter:label1\" content=\"Price\" \/>\n\t<meta name=\"twitter:data1\" content=\"2330,07&nbsp;&euro;\" \/>\n\t<meta name=\"twitter:label2\" content=\"Availability\" \/>\n\t<meta name=\"twitter:data2\" content=\"In stock\" \/>\n<script type=\"application\/ld+json\" class=\"yoast-schema-graph\">{\"@context\":\"https:\\\/\\\/schema.org\",\"@graph\":[{\"@type\":\"WebPage\",\"@id\":\"https:\\\/\\\/eheating.lt\\\/produktas\\\/hikvision-ds-d5065uc-c-sp-65-monitorius\\\/\",\"url\":\"https:\\\/\\\/eheating.lt\\\/produktas\\\/hikvision-ds-d5065uc-c-sp-65-monitorius\\\/\",\"name\":\"Hikvision DS-D5065UC-C SP 65\\\" monitorius\",\"isPartOf\":{\"@id\":\"https:\\\/\\\/eheating.lt\\\/#website\"},\"primaryImageOfPage\":{\"@id\":\"https:\\\/\\\/eheating.lt\\\/produktas\\\/hikvision-ds-d5065uc-c-sp-65-monitorius\\\/#primaryimage\"},\"image\":{\"@id\":\"https:\\\/\\\/eheating.lt\\\/produktas\\\/hikvision-ds-d5065uc-c-sp-65-monitorius\\\/#primaryimage\"},\"thumbnailUrl\":\"https:\\\/\\\/eheating.lt\\\/wp-content\\\/uploads\\\/2023\\\/10\\\/Hikvision-DS-D5065UC-C-SP-65-monitorius.png\",\"datePublished\":\"2023-11-13T19:58:44+00:00\",\"dateModified\":\"2024-10-18T14:24:27+00:00\",\"description\":\"Hikvision DS-D5065UC-C SP 65\\\" monitorius ; 65 coli\u0173 LED ekranas ; 3840 \u00d7 2160 rai\u0161ka ; Platus matymo kampas: 178\u00b0 ; Komponentai skirti darbui 24\\\/7\",\"breadcrumb\":{\"@id\":\"https:\\\/\\\/eheating.lt\\\/produktas\\\/hikvision-ds-d5065uc-c-sp-65-monitorius\\\/#breadcrumb\"},\"inLanguage\":\"en-US\",\"potentialAction\":[{\"@type\":\"ReadAction\",\"target\":[\"https:\\\/\\\/eheating.lt\\\/produktas\\\/hikvision-ds-d5065uc-c-sp-65-monitorius\\\/\"]}]},{\"@type\":\"ImageObject\",\"inLanguage\":\"en-US\",\"@id\":\"https:\\\/\\\/eheating.lt\\\/produktas\\\/hikvision-ds-d5065uc-c-sp-65-monitorius\\\/#primaryimage\",\"url\":\"https:\\\/\\\/eheating.lt\\\/wp-content\\\/uploads\\\/2023\\\/10\\\/Hikvision-DS-D5065UC-C-SP-65-monitorius.png\",\"contentUrl\":\"https:\\\/\\\/eheating.lt\\\/wp-content\\\/uploads\\\/2023\\\/10\\\/Hikvision-DS-D5065UC-C-SP-65-monitorius.png\",\"width\":800,\"height\":800,\"caption\":\"Hikvision DS-D5065UC-C SP 65\\\" monitorius\"},{\"@type\":\"BreadcrumbList\",\"@id\":\"https:\\\/\\\/eheating.lt\\\/produktas\\\/hikvision-ds-d5065uc-c-sp-65-monitorius\\\/#breadcrumb\",\"itemListElement\":[{\"@type\":\"ListItem\",\"position\":1,\"name\":\"Prad\u017eia\",\"item\":\"https:\\\/\\\/eheating.lt\\\/en\\\/\"},{\"@type\":\"ListItem\",\"position\":2,\"name\":\"Shop\",\"item\":\"https:\\\/\\\/eheating.lt\\\/en\\\/?page_id=5734\"},{\"@type\":\"ListItem\",\"position\":3,\"name\":\"Hikvision DS-D5065UC-C SP 65&#8243; monitorius\"}]},{\"@type\":\"WebSite\",\"@id\":\"https:\\\/\\\/eheating.lt\\\/#website\",\"url\":\"https:\\\/\\\/eheating.lt\\\/\",\"name\":\"eHeating\",\"description\":\"Elektronika ir \u0161ildymas\",\"potentialAction\":[{\"@type\":\"SearchAction\",\"target\":{\"@type\":\"EntryPoint\",\"urlTemplate\":\"https:\\\/\\\/eheating.lt\\\/?s={search_term_string}\"},\"query-input\":{\"@type\":\"PropertyValueSpecification\",\"valueRequired\":true,\"valueName\":\"search_term_string\"}}],\"inLanguage\":\"en-US\"}]}<\/script>\n<meta property=\"product:price:amount\" content=\"2330.07\" \/>\n<meta property=\"product:price:currency\" content=\"EUR\" \/>\n<meta property=\"og:availability\" content=\"instock\" \/>\n<meta property=\"product:availability\" content=\"instock\" \/>\n<meta property=\"product:retailer_item_id\" content=\"f1b2c01c901d\" \/>\n<meta property=\"product:condition\" content=\"new\" \/>\n<!-- \/ Yoast SEO Premium plugin. -->","yoast_head_json":{"title":"Hikvision DS-D5065UC-C SP 65\" monitorius","description":"Hikvision DS-D5065UC-C SP 65\" monitorius ; 65 coli\u0173 LED ekranas ; 3840 \u00d7 2160 rai\u0161ka ; Platus matymo kampas: 178\u00b0 ; Komponentai skirti darbui 24\/7","robots":{"index":"index","follow":"follow","max-snippet":"max-snippet:-1","max-image-preview":"max-image-preview:large","max-video-preview":"max-video-preview:-1"},"canonical":"https:\/\/eheating.lt\/produktas\/hikvision-ds-d5065uc-c-sp-65-monitorius\/","og_locale":"en_US","og_type":"article","og_title":"Hikvision DS-D5065UC-C SP 65\" monitorius","og_description":"Hikvision DS-D5065UC-C SP 65\" monitorius ; 65 coli\u0173 LED ekranas ; 3840 \u00d7 2160 rai\u0161ka ; Platus matymo kampas: 178\u00b0 ; Komponentai skirti darbui 24\/7","og_url":"https:\/\/eheating.lt\/produktas\/hikvision-ds-d5065uc-c-sp-65-monitorius\/","og_site_name":"Elektronika Namams","article_publisher":"https:\/\/www.facebook.com\/ElektronikaNamams","article_modified_time":"2024-10-18T14:24:27+00:00","og_image":[{"width":800,"height":800,"url":"https:\/\/eheating.lt\/wp-content\/uploads\/2023\/10\/Hikvision-DS-D5065UC-C-SP-65-monitorius.png","type":"image\/png"}],"twitter_card":"summary_large_image","twitter_misc":{"Price":"2330,07&nbsp;&euro;","Availability":"In stock"},"schema":{"@context":"https:\/\/schema.org","@graph":[{"@type":"WebPage","@id":"https:\/\/eheating.lt\/produktas\/hikvision-ds-d5065uc-c-sp-65-monitorius\/","url":"https:\/\/eheating.lt\/produktas\/hikvision-ds-d5065uc-c-sp-65-monitorius\/","name":"Hikvision DS-D5065UC-C SP 65\" monitorius","isPartOf":{"@id":"https:\/\/eheating.lt\/#website"},"primaryImageOfPage":{"@id":"https:\/\/eheating.lt\/produktas\/hikvision-ds-d5065uc-c-sp-65-monitorius\/#primaryimage"},"image":{"@id":"https:\/\/eheating.lt\/produktas\/hikvision-ds-d5065uc-c-sp-65-monitorius\/#primaryimage"},"thumbnailUrl":"https:\/\/eheating.lt\/wp-content\/uploads\/2023\/10\/Hikvision-DS-D5065UC-C-SP-65-monitorius.png","datePublished":"2023-11-13T19:58:44+00:00","dateModified":"2024-10-18T14:24:27+00:00","description":"Hikvision DS-D5065UC-C SP 65\" monitorius ; 65 coli\u0173 LED ekranas ; 3840 \u00d7 2160 rai\u0161ka ; Platus matymo kampas: 178\u00b0 ; Komponentai skirti darbui 24\/7","breadcrumb":{"@id":"https:\/\/eheating.lt\/produktas\/hikvision-ds-d5065uc-c-sp-65-monitorius\/#breadcrumb"},"inLanguage":"en-US","potentialAction":[{"@type":"ReadAction","target":["https:\/\/eheating.lt\/produktas\/hikvision-ds-d5065uc-c-sp-65-monitorius\/"]}]},{"@type":"ImageObject","inLanguage":"en-US","@id":"https:\/\/eheating.lt\/produktas\/hikvision-ds-d5065uc-c-sp-65-monitorius\/#primaryimage","url":"https:\/\/eheating.lt\/wp-content\/uploads\/2023\/10\/Hikvision-DS-D5065UC-C-SP-65-monitorius.png","contentUrl":"https:\/\/eheating.lt\/wp-content\/uploads\/2023\/10\/Hikvision-DS-D5065UC-C-SP-65-monitorius.png","width":800,"height":800,"caption":"Hikvision DS-D5065UC-C SP 65\" monitorius"},{"@type":"BreadcrumbList","@id":"https:\/\/eheating.lt\/produktas\/hikvision-ds-d5065uc-c-sp-65-monitorius\/#breadcrumb","itemListElement":[{"@type":"ListItem","position":1,"name":"Prad\u017eia","item":"https:\/\/eheating.lt\/en\/"},{"@type":"ListItem","position":2,"name":"Shop","item":"https:\/\/eheating.lt\/en\/?page_id=5734"},{"@type":"ListItem","position":3,"name":"Hikvision DS-D5065UC-C SP 65&#8243; monitorius"}]},{"@type":"WebSite","@id":"https:\/\/eheating.lt\/#website","url":"https:\/\/eheating.lt\/","name":"eHeating","description":"Elektronika ir \u0161ildymas","potentialAction":[{"@type":"SearchAction","target":{"@type":"EntryPoint","urlTemplate":"https:\/\/eheating.lt\/?s={search_term_string}"},"query-input":{"@type":"PropertyValueSpecification","valueRequired":true,"valueName":"search_term_string"}}],"inLanguage":"en-US"}]},"product_price_amount":"2330.07","product_price_currency":"EUR","og_availability":"instock","product_availability":"instock","product_retailer_item_id":"f1b2c01c901d","product_condition":"new"},"_links":{"self":[{"href":"https:\/\/eheating.lt\/en\/wp-json\/wp\/v2\/product\/24070","targetHints":{"allow":["GET"]}}],"collection":[{"href":"https:\/\/eheating.lt\/en\/wp-json\/wp\/v2\/product"}],"about":[{"href":"https:\/\/eheating.lt\/en\/wp-json\/wp\/v2\/types\/product"}],"replies":[{"embeddable":true,"href":"https:\/\/eheating.lt\/en\/wp-json\/wp\/v2\/comments?post=24070"}],"version-history":[{"count":0,"href":"https:\/\/eheating.lt\/en\/wp-json\/wp\/v2\/product\/24070\/revisions"}],"wp:featuredmedia":[{"embeddable":true,"href":"https:\/\/eheating.lt\/en\/wp-json\/wp\/v2\/media\/28326"}],"wp:attachment":[{"href":"https:\/\/eheating.lt\/en\/wp-json\/wp\/v2\/media?parent=24070"}],"wp:term":[{"taxonomy":"product_brand","embeddable":true,"href":"https:\/\/eheating.lt\/en\/wp-json\/wp\/v2\/product_brand?post=24070"},{"taxonomy":"product_cat","embeddable":true,"href":"https:\/\/eheating.lt\/en\/wp-json\/wp\/v2\/product_cat?post=24070"},{"taxonomy":"product_tag","embeddable":true,"href":"https:\/\/eheating.lt\/en\/wp-json\/wp\/v2\/product_tag?post=24070"}],"curies":[{"name":"wp","href":"https:\/\/api.w.org\/{rel}","templated":true}]}}