{"id":24038,"date":"2023-11-13T21:36:10","date_gmt":"2023-11-13T19:36:10","guid":{"rendered":"https:\/\/eheating.lt\/?post_type=product&#038;p=24038"},"modified":"2024-07-11T18:00:21","modified_gmt":"2024-07-11T15:00:21","slug":"ezviz-cs-dp2-belaidzio-duru-skambucio-komplektas","status":"publish","type":"product","link":"https:\/\/eheating.lt\/en\/produktas\/ezviz-cs-dp2-belaidzio-duru-skambucio-komplektas\/","title":{"rendered":"EZVIZ CS-DP2 belaid\u017eio dur\u0173 skambu\u010dio komplektas"},"content":{"rendered":"<ul>\n<li><span class=\"tech-specs-items-description__title--heading\">Pagrindinis<\/span><\/li>\n<\/ul>\n<ul class=\"tech-specs-items-description\" data-target=\"Camera\">\n<li class=\"tech-specs-items-description-list\"><span class=\"tech-specs-items-description__title\">Dydis<\/span><span class=\"tech-specs-items-description__title-details\">Screen and Base: 115.5 x 85.5 x 24.5 mm (4.55 x 3.37 x 0.96 inch) Camera: 71 x 71 x 48.3 mm (2.80 x 2.80 x 1.90 inch)<\/span><\/li>\n<li class=\"tech-specs-items-description-list\"><span class=\"tech-specs-items-description__title\">Svoris<\/span><span class=\"tech-specs-items-description__title-details\">Product: 320 g (11.28 oz) With package: 603 g (21.27 oz)<\/span><\/li>\n<li class=\"tech-specs-items-description-list\"><span class=\"tech-specs-items-description__title\">Ekranas<\/span><span class=\"tech-specs-items-description__title-details\">4.3 inch Color Touch Screen<\/span><\/li>\n<li class=\"tech-specs-items-description-list\"><span class=\"tech-specs-items-description__title\">Spalva<\/span><span class=\"tech-specs-items-description__title-details\">Silver<\/span><\/li>\n<li class=\"tech-specs-items-description-list\"><span class=\"tech-specs-items-description__title\">Mygtukas<\/span><span class=\"tech-specs-items-description__title-details\">Doorbell button, power button, screen wake-up button<\/span><\/li>\n<li class=\"tech-specs-items-description-list\"><span class=\"tech-specs-items-description__title\">Palaikomas \u017evilgsnio angos skersmuo<\/span><span class=\"tech-specs-items-description__title-details\">16.5 mm to 50 mm (0.65 inch to 1.97 inch)<\/span><\/li>\n<li class=\"tech-specs-items-description-list\"><span class=\"tech-specs-items-description__title\">Palaikomas dur\u0173 storis<\/span><span class=\"tech-specs-items-description__title-details\">35 mm to 105 mm (1.38 inch to 4.13 inch)<\/span><\/li>\n<li class=\"tech-specs-items-description-list\"><span class=\"tech-specs-items-description__title\">Apsaugos nuo patekimo laipsnis<\/span><span class=\"tech-specs-items-description__title-details\">IP54 for the outdoor camera part (needs to be installed correctly and tightly onto the door)<\/span><\/li>\n<li class=\"tech-specs-items-description-list\"><span class=\"tech-specs-items-description__title\">Darbo s\u0105lygos<\/span><span class=\"tech-specs-items-description__title-details\">-10\u00b0C to 45\u00b0C (14\u00b0F to 113 \u00b0F ), Humidity 95% or less (non-condensing)<\/span><\/li>\n<\/ul>\n<ul class=\"tech-specs-items-description\" data-target=\"Image\">\n<li class=\"tech-specs-items-description-list\"><span class=\"tech-specs-items-description__title--heading\">Kamera<\/span><\/li>\n<li class=\"tech-specs-items-description-list\"><span class=\"tech-specs-items-description__title\">Sensorius<\/span><span class=\"tech-specs-items-description__title-details\">1\/2.7&#8243; Progressive Scan CMOS<\/span><\/li>\n<li class=\"tech-specs-items-description-list\"><span class=\"tech-specs-items-description__title\">L\u0119\u0161is<\/span><span class=\"tech-specs-items-description__title-details\">2.0mm @ F2.0 Viewing angle: 166\u00b0 (Diagonal), 136\u00b0 (Horizontal), 80\u00b0 (Vertical)<\/span><\/li>\n<li class=\"tech-specs-items-description-list\"><span class=\"tech-specs-items-description__title\">Maks. rezoliucija<\/span><span class=\"tech-specs-items-description__title-details\">1080p \/ 2MP<\/span><\/li>\n<li class=\"tech-specs-items-description-list\"><span class=\"tech-specs-items-description__title\">Diena \/ Naktis re\u017eimas<\/span><span class=\"tech-specs-items-description__title-details\">ICR infrared filter<\/span><\/li>\n<li class=\"tech-specs-items-description-list\"><span class=\"tech-specs-items-description__title\">IR ap\u0161vietimas<\/span><span class=\"tech-specs-items-description__title-details\">Up to 16.4 ft \/ 5 m<\/span><\/li>\n<\/ul>\n<ul class=\"tech-specs-items-description\" data-target=\"Interface\">\n<li class=\"tech-specs-items-description-list\"><span class=\"tech-specs-items-description__title--heading\">Garsas ir vaizdas<\/span><\/li>\n<li class=\"tech-specs-items-description-list\"><span class=\"tech-specs-items-description__title\">Kadr\u0173 skai\u010dius<\/span><span class=\"tech-specs-items-description__title-details\">15 fps<\/span><\/li>\n<li class=\"tech-specs-items-description-list\"><span class=\"tech-specs-items-description__title\">WDR<\/span><span class=\"tech-specs-items-description__title-details\">DWDR<\/span><\/li>\n<li class=\"tech-specs-items-description-list\"><span class=\"tech-specs-items-description__title\">Garso \u012fvestis<\/span><span class=\"tech-specs-items-description__title-details\">Built-in high sensitivity microphone<\/span><\/li>\n<li class=\"tech-specs-items-description-list\"><span class=\"tech-specs-items-description__title\">Garso i\u0161vestis<\/span><span class=\"tech-specs-items-description__title-details\">Built-in high-power speaker<\/span><\/li>\n<li class=\"tech-specs-items-description-list\"><span class=\"tech-specs-items-description__title\">Skambu\u010diai<\/span><span class=\"tech-specs-items-description__title-details\">Supports up to 5 ringtones, and the volume is adjustable<\/span><\/li>\n<\/ul>\n<ul class=\"tech-specs-items-description\" data-target=\"General\">\n<li class=\"tech-specs-items-description-list\"><span class=\"tech-specs-items-description__title--heading\">Funkcijos<\/span><\/li>\n<li class=\"tech-specs-items-description-list\"><span class=\"tech-specs-items-description__title\">Aptikimas<\/span><span class=\"tech-specs-items-description__title-details\">Advanced PIR Motion Detection<\/span><\/li>\n<li class=\"tech-specs-items-description-list\"><span class=\"tech-specs-items-description__title\">PIR kampas<\/span><span class=\"tech-specs-items-description__title-details\">110\u00b0<\/span><\/li>\n<li class=\"tech-specs-items-description-list\"><span class=\"tech-specs-items-description__title\">PIR distancija<\/span><span class=\"tech-specs-items-description__title-details\">Up to 20 ft \/ 6 m<\/span><\/li>\n<li class=\"tech-specs-items-description-list\"><span class=\"tech-specs-items-description__title\">PIR jautrumas<\/span><span class=\"tech-specs-items-description__title-details\">Adjustable<\/span><\/li>\n<li class=\"tech-specs-items-description-list\"><span class=\"tech-specs-items-description__title\">Vaizdo i\u0161kraipymo korekcija<\/span><span class=\"tech-specs-items-description__title-details\">Supports<\/span><\/li>\n<li class=\"tech-specs-items-description-list\"><span class=\"tech-specs-items-description__title\">Vidin\u0117 saugykla<\/span><span class=\"tech-specs-items-description__title-details\">Supports microSD card (Up to 256 GB)<\/span><\/li>\n<li class=\"tech-specs-items-description-list\"><span class=\"tech-specs-items-description__title\">Debes\u0173 saugykla<\/span><span class=\"tech-specs-items-description__title-details\">Supports EZVIZ CloudPlay storage (Subscription required)<\/span><\/li>\n<li class=\"tech-specs-items-description-list\"><span class=\"tech-specs-items-description__title\">Pagrindin\u0117s funkcijos<\/span><span class=\"tech-specs-items-description__title-details\">Cloud video encryption and image encryption<\/span><\/li>\n<\/ul>\n<ul class=\"tech-specs-items-description\" data-target=\"General\">\n<li class=\"tech-specs-items-description-list\"><span class=\"tech-specs-items-description__title--heading\">Internetas<\/span><\/li>\n<li class=\"tech-specs-items-description-list\"><span class=\"tech-specs-items-description__title\">Protokolai<\/span><span class=\"tech-specs-items-description__title-details\">EZVIZ Cloud Proprietary Protocol<\/span><\/li>\n<li class=\"tech-specs-items-description-list\"><span class=\"tech-specs-items-description__title\">Video interkomas<\/span><span class=\"tech-specs-items-description__title-details\">Local and remote video intercom<\/span><\/li>\n<li class=\"tech-specs-items-description-list\"><span class=\"tech-specs-items-description__title\">Wi-Fi standartas<\/span><span class=\"tech-specs-items-description__title-details\">IEEE802.11b, 802.11g, 802.11n<\/span><\/li>\n<li class=\"tech-specs-items-description-list\"><span class=\"tech-specs-items-description__title\">Da\u017enio diapazonas<\/span><span class=\"tech-specs-items-description__title-details\">2.4 GHz ~ 2.4835 GHz<\/span><\/li>\n<li class=\"tech-specs-items-description-list\"><span class=\"tech-specs-items-description__title\">Kanalo da\u017eni\u0173 juostos plotis<\/span><span class=\"tech-specs-items-description__title-details\">Supports 20 MHz<\/span><\/li>\n<li class=\"tech-specs-items-description-list\"><span class=\"tech-specs-items-description__title\">Saugumas<\/span><span class=\"tech-specs-items-description__title-details\">64 \/ 128-bit WEP, WPA \/ WPA2, WPA-PSK \/ WPA2-PSK, WPS<\/span><\/li>\n<li class=\"tech-specs-items-description-list\"><span class=\"tech-specs-items-description__title\">Perdavimo reitingas<\/span><span class=\"tech-specs-items-description__title-details\">11b: 11Mbps, 11g: 54Mbps, 11n: 150Mbps<\/span><\/li>\n<\/ul>\n<ul class=\"tech-specs-items-description\" data-target=\"Interface\">\n<li class=\"tech-specs-items-description-list\"><span class=\"tech-specs-items-description__title--heading\">Sistemos parametrai<\/span><\/li>\n<li class=\"tech-specs-items-description-list\"><span class=\"tech-specs-items-description__title\">Laidai<\/span><span class=\"tech-specs-items-description__title-details\">Hard-wired<\/span><\/li>\n<li class=\"tech-specs-items-description-list\"><span class=\"tech-specs-items-description__title\">Maitinimas<\/span><span class=\"tech-specs-items-description__title-details\">DC 5V \u00b1 10%<\/span><\/li>\n<li class=\"tech-specs-items-description-list\"><span class=\"tech-specs-items-description__title\">Energijos sunaudojimas<\/span><span class=\"tech-specs-items-description__title-details\">Max. 2.2W<\/span><\/li>\n<\/ul>\n<ul class=\"tech-specs-items-description\" data-target=\"General\">\n<li class=\"tech-specs-items-description-list\"><span class=\"tech-specs-items-description__title--heading\">D\u0117\u017eut\u0117je<\/span><\/li>\n<li class=\"tech-specs-items-description-list\"><span class=\"tech-specs-items-description__title\">D\u0117\u017eut\u0117je<\/span><span class=\"tech-specs-items-description__title-details\">&#8211; DP2 Peephole Doorbell &#8211; Panel &#8211; Mounting Base &#8211; Buckle &#8211; Screws \u00d7 6 &#8211; Power cable &#8211; Regulatory Information &#8211; Quick Start Guide<\/span><\/li>\n<\/ul>\n<ul class=\"tech-specs-items-description\" data-target=\"General\">\n<li class=\"tech-specs-items-description-list\"><span class=\"tech-specs-items-description__title--heading\">Sertifikatai<\/span><\/li>\n<li class=\"tech-specs-items-description-list\"><span class=\"tech-specs-items-description__title\">Sertifikatai<\/span><span class=\"tech-specs-items-description__title-details\">UL \/ CE \/ FCC \/ REACH \/ WEEE \/ RoHS \/ UKCA<\/span><\/li>\n<\/ul>\n","protected":false},"excerpt":{"rendered":"<ul>\n<li>Belaidis dur\u0173 skambu\u010dio komplektas<\/li>\n<li>Lietimui jautrus ekranas<\/li>\n<li>PIR judesio jutiklis<\/li>\n<li>Two-Way Talk<\/li>\n<li>2 MP rai\u0161ka<\/li>\n<li>SD kortel\u0117: 256GB (perkama atskirai)<\/li>\n<li>4600mAh kraunama li\u010dio baterija<\/li>\n<li>4.3\u2019 spalvotas ekranas<\/li>\n<li>IR ap\u0161vietimas iki 5 m<\/li>\n<li>Vaizdo suspaudimas: H.264\/H.265<\/li>\n<li>Darbin\u0117 temperat\u016bra: -10 +45 \u00b0C<\/li>\n<li>Apsaugos klas\u0117: IP54<\/li>\n<li>2.4 GHz Wi-Fi<\/li>\n<\/ul>\n","protected":false},"featured_media":28042,"comment_status":"closed","ping_status":"closed","template":"","meta":[],"product_brand":[],"product_cat":[811,883,801],"product_tag":[],"class_list":{"0":"post-24038","1":"product","2":"type-product","3":"status-publish","4":"has-post-thumbnail","6":"product_cat-ezviz-series","7":"product_cat-ip-cameras","8":"product_cat-ip-video-surveillance-systems","10":"first","11":"instock","12":"taxable","13":"shipping-taxable","14":"purchasable","15":"product-type-simple"},"yoast_head":"<!-- This site is optimized with the Yoast SEO Premium plugin v21.5 (Yoast SEO v27.3) - https:\/\/yoast.com\/product\/yoast-seo-premium-wordpress\/ -->\n<title>EZVIZ CS-DP2 belaid\u017eio dur\u0173 skambu\u010dio komplektas<\/title>\n<meta name=\"description\" content=\"EZVIZ CS-DP2 belaid\u017eio dur\u0173 skambu\u010dio komplektas ; PIR judesio jutiklis ; Rai\u0161ka - 2MP ; 4600mAh kraunama li\u010dio baterija ; 2.4 GHz Wi-Fi ry\u0161ys\" \/>\n<meta name=\"robots\" content=\"index, follow, max-snippet:-1, max-image-preview:large, max-video-preview:-1\" \/>\n<link rel=\"canonical\" href=\"https:\/\/eheating.lt\/produktas\/ezviz-cs-dp2-belaidzio-duru-skambucio-komplektas\/\" \/>\n<meta property=\"og:locale\" content=\"en_US\" \/>\n<meta property=\"og:type\" content=\"article\" \/>\n<meta property=\"og:title\" content=\"EZVIZ CS-DP2 belaid\u017eio dur\u0173 skambu\u010dio komplektas\" \/>\n<meta property=\"og:description\" content=\"EZVIZ CS-DP2 belaid\u017eio dur\u0173 skambu\u010dio komplektas ; PIR judesio jutiklis ; Rai\u0161ka - 2MP ; 4600mAh kraunama li\u010dio baterija ; 2.4 GHz Wi-Fi ry\u0161ys\" \/>\n<meta property=\"og:url\" content=\"https:\/\/eheating.lt\/produktas\/ezviz-cs-dp2-belaidzio-duru-skambucio-komplektas\/\" \/>\n<meta property=\"og:site_name\" content=\"Elektronika Namams\" \/>\n<meta property=\"article:publisher\" content=\"https:\/\/www.facebook.com\/ElektronikaNamams\" \/>\n<meta property=\"article:modified_time\" content=\"2024-07-11T15:00:21+00:00\" \/>\n<meta property=\"og:image\" content=\"https:\/\/eheating.lt\/wp-content\/uploads\/2023\/10\/EZVIZ-CS-DP2-belaidzio-duru-skambucio-komplektas.png\" \/>\n\t<meta property=\"og:image:width\" content=\"800\" \/>\n\t<meta property=\"og:image:height\" content=\"800\" \/>\n\t<meta property=\"og:image:type\" content=\"image\/png\" \/>\n<meta name=\"twitter:card\" content=\"summary_large_image\" \/>\n<meta name=\"twitter:label1\" content=\"Price\" \/>\n\t<meta name=\"twitter:data1\" content=\"174,58&nbsp;&euro;\" \/>\n\t<meta name=\"twitter:label2\" content=\"Availability\" \/>\n\t<meta name=\"twitter:data2\" content=\"In stock\" \/>\n<script type=\"application\/ld+json\" class=\"yoast-schema-graph\">{\"@context\":\"https:\\\/\\\/schema.org\",\"@graph\":[{\"@type\":\"WebPage\",\"@id\":\"https:\\\/\\\/eheating.lt\\\/produktas\\\/ezviz-cs-dp2-belaidzio-duru-skambucio-komplektas\\\/\",\"url\":\"https:\\\/\\\/eheating.lt\\\/produktas\\\/ezviz-cs-dp2-belaidzio-duru-skambucio-komplektas\\\/\",\"name\":\"EZVIZ CS-DP2 belaid\u017eio dur\u0173 skambu\u010dio komplektas\",\"isPartOf\":{\"@id\":\"https:\\\/\\\/eheating.lt\\\/#website\"},\"primaryImageOfPage\":{\"@id\":\"https:\\\/\\\/eheating.lt\\\/produktas\\\/ezviz-cs-dp2-belaidzio-duru-skambucio-komplektas\\\/#primaryimage\"},\"image\":{\"@id\":\"https:\\\/\\\/eheating.lt\\\/produktas\\\/ezviz-cs-dp2-belaidzio-duru-skambucio-komplektas\\\/#primaryimage\"},\"thumbnailUrl\":\"https:\\\/\\\/eheating.lt\\\/wp-content\\\/uploads\\\/2023\\\/10\\\/EZVIZ-CS-DP2-belaidzio-duru-skambucio-komplektas.png\",\"datePublished\":\"2023-11-13T19:36:10+00:00\",\"dateModified\":\"2024-07-11T15:00:21+00:00\",\"description\":\"EZVIZ CS-DP2 belaid\u017eio dur\u0173 skambu\u010dio komplektas ; PIR judesio jutiklis ; Rai\u0161ka - 2MP ; 4600mAh kraunama li\u010dio baterija ; 2.4 GHz Wi-Fi ry\u0161ys\",\"breadcrumb\":{\"@id\":\"https:\\\/\\\/eheating.lt\\\/produktas\\\/ezviz-cs-dp2-belaidzio-duru-skambucio-komplektas\\\/#breadcrumb\"},\"inLanguage\":\"en-US\",\"potentialAction\":[{\"@type\":\"ReadAction\",\"target\":[\"https:\\\/\\\/eheating.lt\\\/produktas\\\/ezviz-cs-dp2-belaidzio-duru-skambucio-komplektas\\\/\"]}]},{\"@type\":\"ImageObject\",\"inLanguage\":\"en-US\",\"@id\":\"https:\\\/\\\/eheating.lt\\\/produktas\\\/ezviz-cs-dp2-belaidzio-duru-skambucio-komplektas\\\/#primaryimage\",\"url\":\"https:\\\/\\\/eheating.lt\\\/wp-content\\\/uploads\\\/2023\\\/10\\\/EZVIZ-CS-DP2-belaidzio-duru-skambucio-komplektas.png\",\"contentUrl\":\"https:\\\/\\\/eheating.lt\\\/wp-content\\\/uploads\\\/2023\\\/10\\\/EZVIZ-CS-DP2-belaidzio-duru-skambucio-komplektas.png\",\"width\":800,\"height\":800,\"caption\":\"EZVIZ CS-DP2 belaid\u017eio dur\u0173 skambu\u010dio komplektas\"},{\"@type\":\"BreadcrumbList\",\"@id\":\"https:\\\/\\\/eheating.lt\\\/produktas\\\/ezviz-cs-dp2-belaidzio-duru-skambucio-komplektas\\\/#breadcrumb\",\"itemListElement\":[{\"@type\":\"ListItem\",\"position\":1,\"name\":\"Prad\u017eia\",\"item\":\"https:\\\/\\\/eheating.lt\\\/en\\\/\"},{\"@type\":\"ListItem\",\"position\":2,\"name\":\"Shop\",\"item\":\"https:\\\/\\\/eheating.lt\\\/en\\\/?page_id=5734\"},{\"@type\":\"ListItem\",\"position\":3,\"name\":\"EZVIZ CS-DP2 belaid\u017eio dur\u0173 skambu\u010dio komplektas\"}]},{\"@type\":\"WebSite\",\"@id\":\"https:\\\/\\\/eheating.lt\\\/#website\",\"url\":\"https:\\\/\\\/eheating.lt\\\/\",\"name\":\"eHeating\",\"description\":\"Elektronika ir \u0161ildymas\",\"potentialAction\":[{\"@type\":\"SearchAction\",\"target\":{\"@type\":\"EntryPoint\",\"urlTemplate\":\"https:\\\/\\\/eheating.lt\\\/?s={search_term_string}\"},\"query-input\":{\"@type\":\"PropertyValueSpecification\",\"valueRequired\":true,\"valueName\":\"search_term_string\"}}],\"inLanguage\":\"en-US\"}]}<\/script>\n<meta property=\"product:price:amount\" content=\"174.58\" \/>\n<meta property=\"product:price:currency\" content=\"EUR\" \/>\n<meta property=\"og:availability\" content=\"instock\" \/>\n<meta property=\"product:availability\" content=\"instock\" \/>\n<meta property=\"product:retailer_item_id\" content=\"eb5f1eedeb41\" \/>\n<meta property=\"product:condition\" content=\"new\" \/>\n<!-- \/ Yoast SEO Premium plugin. -->","yoast_head_json":{"title":"EZVIZ CS-DP2 belaid\u017eio dur\u0173 skambu\u010dio komplektas","description":"EZVIZ CS-DP2 belaid\u017eio dur\u0173 skambu\u010dio komplektas ; PIR judesio jutiklis ; Rai\u0161ka - 2MP ; 4600mAh kraunama li\u010dio baterija ; 2.4 GHz Wi-Fi ry\u0161ys","robots":{"index":"index","follow":"follow","max-snippet":"max-snippet:-1","max-image-preview":"max-image-preview:large","max-video-preview":"max-video-preview:-1"},"canonical":"https:\/\/eheating.lt\/produktas\/ezviz-cs-dp2-belaidzio-duru-skambucio-komplektas\/","og_locale":"en_US","og_type":"article","og_title":"EZVIZ CS-DP2 belaid\u017eio dur\u0173 skambu\u010dio komplektas","og_description":"EZVIZ CS-DP2 belaid\u017eio dur\u0173 skambu\u010dio komplektas ; PIR judesio jutiklis ; Rai\u0161ka - 2MP ; 4600mAh kraunama li\u010dio baterija ; 2.4 GHz Wi-Fi ry\u0161ys","og_url":"https:\/\/eheating.lt\/produktas\/ezviz-cs-dp2-belaidzio-duru-skambucio-komplektas\/","og_site_name":"Elektronika Namams","article_publisher":"https:\/\/www.facebook.com\/ElektronikaNamams","article_modified_time":"2024-07-11T15:00:21+00:00","og_image":[{"width":800,"height":800,"url":"https:\/\/eheating.lt\/wp-content\/uploads\/2023\/10\/EZVIZ-CS-DP2-belaidzio-duru-skambucio-komplektas.png","type":"image\/png"}],"twitter_card":"summary_large_image","twitter_misc":{"Price":"174,58&nbsp;&euro;","Availability":"In stock"},"schema":{"@context":"https:\/\/schema.org","@graph":[{"@type":"WebPage","@id":"https:\/\/eheating.lt\/produktas\/ezviz-cs-dp2-belaidzio-duru-skambucio-komplektas\/","url":"https:\/\/eheating.lt\/produktas\/ezviz-cs-dp2-belaidzio-duru-skambucio-komplektas\/","name":"EZVIZ CS-DP2 belaid\u017eio dur\u0173 skambu\u010dio komplektas","isPartOf":{"@id":"https:\/\/eheating.lt\/#website"},"primaryImageOfPage":{"@id":"https:\/\/eheating.lt\/produktas\/ezviz-cs-dp2-belaidzio-duru-skambucio-komplektas\/#primaryimage"},"image":{"@id":"https:\/\/eheating.lt\/produktas\/ezviz-cs-dp2-belaidzio-duru-skambucio-komplektas\/#primaryimage"},"thumbnailUrl":"https:\/\/eheating.lt\/wp-content\/uploads\/2023\/10\/EZVIZ-CS-DP2-belaidzio-duru-skambucio-komplektas.png","datePublished":"2023-11-13T19:36:10+00:00","dateModified":"2024-07-11T15:00:21+00:00","description":"EZVIZ CS-DP2 belaid\u017eio dur\u0173 skambu\u010dio komplektas ; PIR judesio jutiklis ; Rai\u0161ka - 2MP ; 4600mAh kraunama li\u010dio baterija ; 2.4 GHz Wi-Fi ry\u0161ys","breadcrumb":{"@id":"https:\/\/eheating.lt\/produktas\/ezviz-cs-dp2-belaidzio-duru-skambucio-komplektas\/#breadcrumb"},"inLanguage":"en-US","potentialAction":[{"@type":"ReadAction","target":["https:\/\/eheating.lt\/produktas\/ezviz-cs-dp2-belaidzio-duru-skambucio-komplektas\/"]}]},{"@type":"ImageObject","inLanguage":"en-US","@id":"https:\/\/eheating.lt\/produktas\/ezviz-cs-dp2-belaidzio-duru-skambucio-komplektas\/#primaryimage","url":"https:\/\/eheating.lt\/wp-content\/uploads\/2023\/10\/EZVIZ-CS-DP2-belaidzio-duru-skambucio-komplektas.png","contentUrl":"https:\/\/eheating.lt\/wp-content\/uploads\/2023\/10\/EZVIZ-CS-DP2-belaidzio-duru-skambucio-komplektas.png","width":800,"height":800,"caption":"EZVIZ CS-DP2 belaid\u017eio dur\u0173 skambu\u010dio komplektas"},{"@type":"BreadcrumbList","@id":"https:\/\/eheating.lt\/produktas\/ezviz-cs-dp2-belaidzio-duru-skambucio-komplektas\/#breadcrumb","itemListElement":[{"@type":"ListItem","position":1,"name":"Prad\u017eia","item":"https:\/\/eheating.lt\/en\/"},{"@type":"ListItem","position":2,"name":"Shop","item":"https:\/\/eheating.lt\/en\/?page_id=5734"},{"@type":"ListItem","position":3,"name":"EZVIZ CS-DP2 belaid\u017eio dur\u0173 skambu\u010dio komplektas"}]},{"@type":"WebSite","@id":"https:\/\/eheating.lt\/#website","url":"https:\/\/eheating.lt\/","name":"eHeating","description":"Elektronika ir \u0161ildymas","potentialAction":[{"@type":"SearchAction","target":{"@type":"EntryPoint","urlTemplate":"https:\/\/eheating.lt\/?s={search_term_string}"},"query-input":{"@type":"PropertyValueSpecification","valueRequired":true,"valueName":"search_term_string"}}],"inLanguage":"en-US"}]},"product_price_amount":"174.58","product_price_currency":"EUR","og_availability":"instock","product_availability":"instock","product_retailer_item_id":"eb5f1eedeb41","product_condition":"new"},"_links":{"self":[{"href":"https:\/\/eheating.lt\/en\/wp-json\/wp\/v2\/product\/24038","targetHints":{"allow":["GET"]}}],"collection":[{"href":"https:\/\/eheating.lt\/en\/wp-json\/wp\/v2\/product"}],"about":[{"href":"https:\/\/eheating.lt\/en\/wp-json\/wp\/v2\/types\/product"}],"replies":[{"embeddable":true,"href":"https:\/\/eheating.lt\/en\/wp-json\/wp\/v2\/comments?post=24038"}],"version-history":[{"count":0,"href":"https:\/\/eheating.lt\/en\/wp-json\/wp\/v2\/product\/24038\/revisions"}],"wp:featuredmedia":[{"embeddable":true,"href":"https:\/\/eheating.lt\/en\/wp-json\/wp\/v2\/media\/28042"}],"wp:attachment":[{"href":"https:\/\/eheating.lt\/en\/wp-json\/wp\/v2\/media?parent=24038"}],"wp:term":[{"taxonomy":"product_brand","embeddable":true,"href":"https:\/\/eheating.lt\/en\/wp-json\/wp\/v2\/product_brand?post=24038"},{"taxonomy":"product_cat","embeddable":true,"href":"https:\/\/eheating.lt\/en\/wp-json\/wp\/v2\/product_cat?post=24038"},{"taxonomy":"product_tag","embeddable":true,"href":"https:\/\/eheating.lt\/en\/wp-json\/wp\/v2\/product_tag?post=24038"}],"curies":[{"name":"wp","href":"https:\/\/api.w.org\/{rel}","templated":true}]}}