{"id":23934,"date":"2023-11-13T21:36:12","date_gmt":"2023-11-13T19:36:12","guid":{"rendered":"https:\/\/eheating.lt\/?post_type=product&#038;p=23934"},"modified":"2024-07-11T18:01:25","modified_gmt":"2024-07-11T15:01:25","slug":"ezviz-cs-h8-valdoma-lauko-kamera","status":"publish","type":"product","link":"https:\/\/eheating.lt\/en\/produktas\/ezviz-cs-h8-valdoma-lauko-kamera\/","title":{"rendered":"EZVIZ CS-H8 valdoma lauko kamera"},"content":{"rendered":"<ul>\n<li><span class=\"tech-specs-items-description__title--heading\">Ypatyb\u0117s<\/span><\/li>\n<\/ul>\n<ul class=\"tech-specs-items-description\" data-target=\"General\">\n<li class=\"tech-specs-items-description-list\"><span class=\"tech-specs-items-description__title\">Pagrindin\u0117s funkcijos<\/span><span class=\"tech-specs-items-description__title-details\">\u017dmogaus, transporto priemon\u0117s aptikimas, mojuojan\u010dios rankos atpa\u017einimas ir valdymas, abipus\u0117 komunikacija, IR pa\u0161vietimas iki 30m<\/span><\/li>\n<li class=\"tech-specs-items-description-list\"><span class=\"tech-specs-items-description__title\">\u012emontuotas mikrofonas<\/span><span class=\"tech-specs-items-description__title-details\">Taip<\/span><\/li>\n<li class=\"tech-specs-items-description-list\"><span class=\"tech-specs-items-description__title\">\u012emontuotas garsiakalbis<\/span><span class=\"tech-specs-items-description__title-details\">Taip<\/span><\/li>\n<li class=\"tech-specs-items-description-list\"><span class=\"tech-specs-items-description__title\">Abipus\u0117 komunikacija<\/span><span class=\"tech-specs-items-description__title-details\">Taip<\/span><\/li>\n<li class=\"tech-specs-items-description-list\"><span class=\"tech-specs-items-description__title\">Naktinis spalvotas filmavimas<\/span><span class=\"tech-specs-items-description__title-details\">Taip<\/span><\/li>\n<li class=\"tech-specs-items-description-list\"><span class=\"tech-specs-items-description__title\">Automobili\u0173 ir \u017emoni\u0173 aptikimas<\/span><span class=\"tech-specs-items-description__title-details\">iki 8 m<\/span><\/li>\n<\/ul>\n<ul class=\"tech-specs-items-description\" data-target=\"Camera\">\n<li class=\"tech-specs-items-description-list\"><span class=\"tech-specs-items-description__title--heading\">Sensorius<\/span><\/li>\n<li class=\"tech-specs-items-description-list\"><span class=\"tech-specs-items-description__title\">Sensorius<\/span><span class=\"tech-specs-items-description__title-details\">1\/2.7&#8243; Progressive Scan CMOS<\/span><\/li>\n<li class=\"tech-specs-items-description-list\"><span class=\"tech-specs-items-description__title\">U\u017erakto greitis<\/span><span class=\"tech-specs-items-description__title-details\">Self-adaptive shutter<\/span><\/li>\n<li class=\"tech-specs-items-description-list\"><span class=\"tech-specs-items-description__title\">L\u0119\u0161is<\/span><span class=\"tech-specs-items-description__title-details\">4mm@ F1.6, Viewing angle: 46\u00b0 (Vertica), 89\u00b0 (Horizontal), 104\u00b0 (Diagonal) 6mm@ F1.6, Viewing angle:28\u00b0 (Vertica), 54\u00b0 (Horizontal), 62\u00b0 (Diagonal)<\/span><\/li>\n<li class=\"tech-specs-items-description-list\"><span class=\"tech-specs-items-description__title\">PT kampas<\/span><span class=\"tech-specs-items-description__title-details\">Pan: 340\u00b0, Tilt: 80\u00b0<\/span><\/li>\n<li class=\"tech-specs-items-description-list\"><span class=\"tech-specs-items-description__title\">Minimalus ap\u0161vietimas<\/span><span class=\"tech-specs-items-description__title-details\">0.5 Lux @ (F1.6, AGC ON), 0 Lux with IR (Data is obtained from EZVIZ laboratories)<\/span><\/li>\n<li class=\"tech-specs-items-description-list\"><span class=\"tech-specs-items-description__title\">L\u0119\u0161io montavimas<\/span><span class=\"tech-specs-items-description__title-details\">L\u0119\u0161io montavimas<\/span><\/li>\n<li class=\"tech-specs-items-description-list\"><span class=\"tech-specs-items-description__title\">Diena &amp; Naktis<\/span><span class=\"tech-specs-items-description__title-details\">IR-Cut filter with auto-switching<\/span><\/li>\n<li class=\"tech-specs-items-description-list\"><span class=\"tech-specs-items-description__title\">DNR<\/span><span class=\"tech-specs-items-description__title-details\">3D DNR<\/span><\/li>\n<li class=\"tech-specs-items-description-list\"><span class=\"tech-specs-items-description__title\">WDR<\/span><span class=\"tech-specs-items-description__title-details\">Digital WDR<\/span><\/li>\n<li class=\"tech-specs-items-description-list\"><span class=\"tech-specs-items-description__title\">IR atstumas<\/span><span class=\"tech-specs-items-description__title-details\">Up to 30m \/ 98ft<\/span><\/li>\n<\/ul>\n<ul class=\"tech-specs-items-description\" data-target=\"Image\">\n<li class=\"tech-specs-items-description-list\"><span class=\"tech-specs-items-description__title--heading\">Garsas ir vaizdas<\/span><\/li>\n<li class=\"tech-specs-items-description-list\"><span class=\"tech-specs-items-description__title\">Maks. rezoliucija<\/span><span class=\"tech-specs-items-description__title-details\">2880 \u00d7 1620<\/span><\/li>\n<li class=\"tech-specs-items-description-list\"><span class=\"tech-specs-items-description__title\">Kadrai<\/span><span class=\"tech-specs-items-description__title-details\">Max:30fps; Self-Adaptive during network transmission<\/span><\/li>\n<li class=\"tech-specs-items-description-list\"><span class=\"tech-specs-items-description__title\">Vaizdo suspaudimas<\/span><span class=\"tech-specs-items-description__title-details\">H.265 \/ H.264<\/span><\/li>\n<li class=\"tech-specs-items-description-list\"><span class=\"tech-specs-items-description__title\">H.265 tipas<\/span><span class=\"tech-specs-items-description__title-details\">Main Profile<\/span><\/li>\n<li class=\"tech-specs-items-description-list\"><span class=\"tech-specs-items-description__title\">Vaizdo bit\u0173 greitis<\/span><span class=\"tech-specs-items-description__title-details\">Ultra-HD; HD; Standard. Adaptive Bit Rate.<\/span><\/li>\n<li class=\"tech-specs-items-description-list\"><span class=\"tech-specs-items-description__title\">Garso bit\u0173 greitis<\/span><span class=\"tech-specs-items-description__title-details\">Self-Adaptive<\/span><\/li>\n<li class=\"tech-specs-items-description-list\"><span class=\"tech-specs-items-description__title\">Maks. bit\u0173 perdavimas<\/span><span class=\"tech-specs-items-description__title-details\">4 Mbps<\/span><\/li>\n<\/ul>\n<ul class=\"tech-specs-items-description\" data-target=\"Interface\">\n<li class=\"tech-specs-items-description-list\"><span class=\"tech-specs-items-description__title--heading\">Internetas<\/span><\/li>\n<li class=\"tech-specs-items-description-list\"><span class=\"tech-specs-items-description__title\">Wi-Fi standartas<\/span><span class=\"tech-specs-items-description__title-details\">IEEE802.11b, 802.11g, 802.11n<\/span><\/li>\n<li class=\"tech-specs-items-description-list\"><span class=\"tech-specs-items-description__title\">Da\u017enio diapazonas<\/span><span class=\"tech-specs-items-description__title-details\">2.4 GHz ~ 2.4835 GHz<\/span><\/li>\n<li class=\"tech-specs-items-description-list\"><span class=\"tech-specs-items-description__title\">Kanalo da\u017eni\u0173 juostos plotis<\/span><span class=\"tech-specs-items-description__title-details\">Supports 20 MHz<\/span><\/li>\n<li class=\"tech-specs-items-description-list\"><span class=\"tech-specs-items-description__title\">Saugumas<\/span><span class=\"tech-specs-items-description__title-details\">WPA-PSK \/ WPA2-PSK<\/span><\/li>\n<li class=\"tech-specs-items-description-list\"><span class=\"tech-specs-items-description__title\">Perdavimo reitingas<\/span><span class=\"tech-specs-items-description__title-details\">11b: 11Mbps, 11g: 54Mbps, 11n: 150Mbps<\/span><\/li>\n<li class=\"tech-specs-items-description-list\"><span class=\"tech-specs-items-description__title\">Wi-Fi s\u0105saja<\/span><span class=\"tech-specs-items-description__title-details\">AP pairing<\/span><\/li>\n<li class=\"tech-specs-items-description-list\"><span class=\"tech-specs-items-description__title\">Protokolai<\/span><span class=\"tech-specs-items-description__title-details\">EZVIZ cloud proprietary protocol<\/span><\/li>\n<li class=\"tech-specs-items-description-list\"><span class=\"tech-specs-items-description__title\">S\u0105sajos protokolai<\/span><span class=\"tech-specs-items-description__title-details\">EZVIZ cloud proprietary protocol<\/span><\/li>\n<li class=\"tech-specs-items-description-list\"><span class=\"tech-specs-items-description__title\">Laidin\u0117 s\u0105saja<\/span><span class=\"tech-specs-items-description__title-details\">RJ45 \u00d7 1(10M \/ 100M Adaptive Ethernet Port)<\/span><\/li>\n<\/ul>\n<ul class=\"tech-specs-items-description\" data-target=\"General\">\n<li class=\"tech-specs-items-description-list\"><span class=\"tech-specs-items-description__title--heading\">Funkcijos<\/span><\/li>\n<li class=\"tech-specs-items-description-list\"><span class=\"tech-specs-items-description__title\">Signalizacija<\/span><span class=\"tech-specs-items-description__title-details\">AI Powered Human \/ Vehicle Detection \/ Waving-Hand Recognition &amp;Control<\/span><\/li>\n<li class=\"tech-specs-items-description-list\"><span class=\"tech-specs-items-description__title\">Automatinis sekimas<\/span><span class=\"tech-specs-items-description__title-details\">Supports<\/span><\/li>\n<li class=\"tech-specs-items-description-list\"><span class=\"tech-specs-items-description__title\">Pritaikyta \u012fsp\u0117jimo zona<\/span><span class=\"tech-specs-items-description__title-details\">Supports<\/span><\/li>\n<li class=\"tech-specs-items-description-list\"><span class=\"tech-specs-items-description__title\">Abipus\u0117 komunikacija<\/span><span class=\"tech-specs-items-description__title-details\">Supports<\/span><\/li>\n<li class=\"tech-specs-items-description-list\"><span class=\"tech-specs-items-description__title\">Pagrindin\u0117s funkcijos<\/span><span class=\"tech-specs-items-description__title-details\">Anti-Flicker, Dual-Stream, Heart Beat, Password Protection, Watermark<\/span><\/li>\n<\/ul>\n<ul class=\"tech-specs-items-description\" data-target=\"General\">\n<li class=\"tech-specs-items-description-list\"><span class=\"tech-specs-items-description__title--heading\">Saugykla<\/span><\/li>\n<li class=\"tech-specs-items-description-list\"><span class=\"tech-specs-items-description__title\">Vidin\u0117 saugykla<\/span><span class=\"tech-specs-items-description__title-details\">Supports Micro SD card (Up to 512GB)<\/span><\/li>\n<li class=\"tech-specs-items-description-list\"><span class=\"tech-specs-items-description__title\">Debes\u0173 saugykla<\/span><span class=\"tech-specs-items-description__title-details\">Supports EZVIZ CloudPlay storage (Subscription required)<\/span><\/li>\n<\/ul>\n<ul class=\"tech-specs-items-description\" data-target=\"Interface\">\n<li class=\"tech-specs-items-description-list\"><span class=\"tech-specs-items-description__title--heading\">Pagrindinis<\/span><\/li>\n<li class=\"tech-specs-items-description-list\"><span class=\"tech-specs-items-description__title\">Darbo s\u0105lygos<\/span><span class=\"tech-specs-items-description__title-details\">-30 \u00b0C to 50\u00b0C ( -4 \u00b0F to 122 \u00b0F ), humidity 95% or less (non-condensing)<\/span><\/li>\n<li class=\"tech-specs-items-description-list\"><span class=\"tech-specs-items-description__title\">IP reitingas<\/span><span class=\"tech-specs-items-description__title-details\">Weatherproof Design<\/span><\/li>\n<li class=\"tech-specs-items-description-list\"><span class=\"tech-specs-items-description__title\">Energijos sunaudojimas<\/span><span class=\"tech-specs-items-description__title-details\">MAX. 6W<\/span><\/li>\n<li class=\"tech-specs-items-description-list\"><span class=\"tech-specs-items-description__title\">Maitinimas<\/span><span class=\"tech-specs-items-description__title-details\">DC 12V \/ 1A<\/span><\/li>\n<li class=\"tech-specs-items-description-list\"><span class=\"tech-specs-items-description__title\">Produkto dydis (be pakuot\u0117s)<\/span><span class=\"tech-specs-items-description__title-details\">116 \u00d7 153.2 \u00d7 163.8 mm (4.57 \u00d7 6.03 \u00d7 6.45 inch)<\/span><\/li>\n<li class=\"tech-specs-items-description-list\"><span class=\"tech-specs-items-description__title\">Produkto dydis (su pakuote)<\/span><span class=\"tech-specs-items-description__title-details\">187 \u00d7 174 \u00d7 186.5 mm (7.36 \u00d7 6.85 \u00d7 7.34 inch)<\/span><\/li>\n<li class=\"tech-specs-items-description-list\"><span class=\"tech-specs-items-description__title\">Svoris<\/span><span class=\"tech-specs-items-description__title-details\">Net Weight: 592 g (20.88 oz) With Package: 943 g (33.26 oz) For EU Standard Version<\/span><\/li>\n<li class=\"tech-specs-items-description-list\"><span class=\"tech-specs-items-description__title\">D\u0117\u017eut\u0117je<\/span><span class=\"tech-specs-items-description__title-details\">&#8211; H8 Pro 3K Camera &#8211; Power Adapter &#8211; Screw Kit &#8211; Waterproof Kit &#8211; Drilling Template &#8211; Regulatory Information &#8211; Quick Start Guide<\/span><\/li>\n<\/ul>\n<ul class=\"tech-specs-items-description\" data-target=\"General\">\n<li class=\"tech-specs-items-description-list\"><span class=\"tech-specs-items-description__title--heading\">Sertifikatai<\/span><\/li>\n<li class=\"tech-specs-items-description-list\"><span class=\"tech-specs-items-description__title\">Sertifikatai<\/span><span class=\"tech-specs-items-description__title-details\">UL \/ FCC \/ CE \/ WEEE \/ RoHS \/ UKCA<\/span><\/li>\n<\/ul>\n","protected":false},"excerpt":{"rendered":"<ul>\n<li>MP (rai\u0161ka): 5MP (2880 \u00d7 1620)<\/li>\n<li>Objektyvas: 4mm<\/li>\n<li>IR nuotolis: iki 30m<\/li>\n<li>Wifi palaikymas: 2.4 GHz<\/li>\n<li>IP klas\u0117: IP65<\/li>\n<li>Pritaikyta naudoti: lauko s\u0105lygomis<\/li>\n<li>SD kortel\u0117: 512GB (perkama atskirai)<\/li>\n<li>Vaizdo suspaudimas: H.264\/H.265<\/li>\n<li>Automobili\u0173 ir \u017emoni\u0173 aptikimas iki 8m<\/li>\n<li>Informacijos perdavimas: Wi-Fi<\/li>\n<li>Laikiklis\/baz\u0117: komplekte<\/li>\n<\/ul>\n","protected":false},"featured_media":28046,"comment_status":"closed","ping_status":"closed","template":"","meta":[],"product_brand":[],"product_cat":[811,883,801],"product_tag":[],"class_list":{"0":"post-23934","1":"product","2":"type-product","3":"status-publish","4":"has-post-thumbnail","6":"product_cat-ezviz-series","7":"product_cat-ip-cameras","8":"product_cat-ip-video-surveillance-systems","10":"first","11":"instock","12":"taxable","13":"shipping-taxable","14":"purchasable","15":"product-type-simple"},"yoast_head":"<!-- This site is optimized with the Yoast SEO Premium plugin v21.5 (Yoast SEO v27.3) - https:\/\/yoast.com\/product\/yoast-seo-premium-wordpress\/ -->\n<title>EZVIZ CS-H8 valdoma lauko kamera<\/title>\n<meta name=\"description\" content=\"EZVIZ CS-H8 valdoma lauko kamera ; Automobili\u0173 ir \u017emoni\u0173 aptikimas iki 8m ; Rai\u0161ka - 5MP ; IR nuotolis iki 30m ; Wifi palaikymas 2.4 GHz\" \/>\n<meta name=\"robots\" content=\"index, follow, max-snippet:-1, max-image-preview:large, max-video-preview:-1\" \/>\n<link rel=\"canonical\" href=\"https:\/\/eheating.lt\/produktas\/ezviz-cs-h8-valdoma-lauko-kamera\/\" \/>\n<meta property=\"og:locale\" content=\"en_US\" \/>\n<meta property=\"og:type\" content=\"article\" \/>\n<meta property=\"og:title\" content=\"EZVIZ CS-H8 valdoma lauko kamera\" \/>\n<meta property=\"og:description\" content=\"EZVIZ CS-H8 valdoma lauko kamera ; Automobili\u0173 ir \u017emoni\u0173 aptikimas iki 8m ; Rai\u0161ka - 5MP ; IR nuotolis iki 30m ; Wifi palaikymas 2.4 GHz\" \/>\n<meta property=\"og:url\" content=\"https:\/\/eheating.lt\/produktas\/ezviz-cs-h8-valdoma-lauko-kamera\/\" \/>\n<meta property=\"og:site_name\" content=\"Elektronika Namams\" \/>\n<meta property=\"article:publisher\" content=\"https:\/\/www.facebook.com\/ElektronikaNamams\" \/>\n<meta property=\"article:modified_time\" content=\"2024-07-11T15:01:25+00:00\" \/>\n<meta property=\"og:image\" content=\"https:\/\/eheating.lt\/wp-content\/uploads\/2023\/10\/EZVIZ-CS-H8-valdoma-lauko-kamera.png\" \/>\n\t<meta property=\"og:image:width\" content=\"800\" \/>\n\t<meta property=\"og:image:height\" content=\"800\" \/>\n\t<meta property=\"og:image:type\" content=\"image\/png\" \/>\n<meta name=\"twitter:card\" content=\"summary_large_image\" \/>\n<meta name=\"twitter:label1\" content=\"Price\" \/>\n\t<meta name=\"twitter:data1\" content=\"145,48&nbsp;&euro;\" \/>\n\t<meta name=\"twitter:label2\" content=\"Availability\" \/>\n\t<meta name=\"twitter:data2\" content=\"In stock\" \/>\n<script type=\"application\/ld+json\" class=\"yoast-schema-graph\">{\"@context\":\"https:\\\/\\\/schema.org\",\"@graph\":[{\"@type\":\"WebPage\",\"@id\":\"https:\\\/\\\/eheating.lt\\\/produktas\\\/ezviz-cs-h8-valdoma-lauko-kamera\\\/\",\"url\":\"https:\\\/\\\/eheating.lt\\\/produktas\\\/ezviz-cs-h8-valdoma-lauko-kamera\\\/\",\"name\":\"EZVIZ CS-H8 valdoma lauko kamera\",\"isPartOf\":{\"@id\":\"https:\\\/\\\/eheating.lt\\\/#website\"},\"primaryImageOfPage\":{\"@id\":\"https:\\\/\\\/eheating.lt\\\/produktas\\\/ezviz-cs-h8-valdoma-lauko-kamera\\\/#primaryimage\"},\"image\":{\"@id\":\"https:\\\/\\\/eheating.lt\\\/produktas\\\/ezviz-cs-h8-valdoma-lauko-kamera\\\/#primaryimage\"},\"thumbnailUrl\":\"https:\\\/\\\/eheating.lt\\\/wp-content\\\/uploads\\\/2023\\\/10\\\/EZVIZ-CS-H8-valdoma-lauko-kamera.png\",\"datePublished\":\"2023-11-13T19:36:12+00:00\",\"dateModified\":\"2024-07-11T15:01:25+00:00\",\"description\":\"EZVIZ CS-H8 valdoma lauko kamera ; Automobili\u0173 ir \u017emoni\u0173 aptikimas iki 8m ; Rai\u0161ka - 5MP ; IR nuotolis iki 30m ; Wifi palaikymas 2.4 GHz\",\"breadcrumb\":{\"@id\":\"https:\\\/\\\/eheating.lt\\\/produktas\\\/ezviz-cs-h8-valdoma-lauko-kamera\\\/#breadcrumb\"},\"inLanguage\":\"en-US\",\"potentialAction\":[{\"@type\":\"ReadAction\",\"target\":[\"https:\\\/\\\/eheating.lt\\\/produktas\\\/ezviz-cs-h8-valdoma-lauko-kamera\\\/\"]}]},{\"@type\":\"ImageObject\",\"inLanguage\":\"en-US\",\"@id\":\"https:\\\/\\\/eheating.lt\\\/produktas\\\/ezviz-cs-h8-valdoma-lauko-kamera\\\/#primaryimage\",\"url\":\"https:\\\/\\\/eheating.lt\\\/wp-content\\\/uploads\\\/2023\\\/10\\\/EZVIZ-CS-H8-valdoma-lauko-kamera.png\",\"contentUrl\":\"https:\\\/\\\/eheating.lt\\\/wp-content\\\/uploads\\\/2023\\\/10\\\/EZVIZ-CS-H8-valdoma-lauko-kamera.png\",\"width\":800,\"height\":800,\"caption\":\"EZVIZ CS-H8 valdoma lauko kamera\"},{\"@type\":\"BreadcrumbList\",\"@id\":\"https:\\\/\\\/eheating.lt\\\/produktas\\\/ezviz-cs-h8-valdoma-lauko-kamera\\\/#breadcrumb\",\"itemListElement\":[{\"@type\":\"ListItem\",\"position\":1,\"name\":\"Prad\u017eia\",\"item\":\"https:\\\/\\\/eheating.lt\\\/en\\\/\"},{\"@type\":\"ListItem\",\"position\":2,\"name\":\"Shop\",\"item\":\"https:\\\/\\\/eheating.lt\\\/en\\\/?page_id=5734\"},{\"@type\":\"ListItem\",\"position\":3,\"name\":\"EZVIZ CS-H8 valdoma lauko kamera\"}]},{\"@type\":\"WebSite\",\"@id\":\"https:\\\/\\\/eheating.lt\\\/#website\",\"url\":\"https:\\\/\\\/eheating.lt\\\/\",\"name\":\"eHeating\",\"description\":\"Elektronika ir \u0161ildymas\",\"potentialAction\":[{\"@type\":\"SearchAction\",\"target\":{\"@type\":\"EntryPoint\",\"urlTemplate\":\"https:\\\/\\\/eheating.lt\\\/?s={search_term_string}\"},\"query-input\":{\"@type\":\"PropertyValueSpecification\",\"valueRequired\":true,\"valueName\":\"search_term_string\"}}],\"inLanguage\":\"en-US\"}]}<\/script>\n<meta property=\"product:price:amount\" content=\"145.48\" \/>\n<meta property=\"product:price:currency\" content=\"EUR\" \/>\n<meta property=\"og:availability\" content=\"instock\" \/>\n<meta property=\"product:availability\" content=\"instock\" \/>\n<meta property=\"product:retailer_item_id\" content=\"7d149232d33e\" \/>\n<meta property=\"product:condition\" content=\"new\" \/>\n<!-- \/ Yoast SEO Premium plugin. -->","yoast_head_json":{"title":"EZVIZ CS-H8 valdoma lauko kamera","description":"EZVIZ CS-H8 valdoma lauko kamera ; Automobili\u0173 ir \u017emoni\u0173 aptikimas iki 8m ; Rai\u0161ka - 5MP ; IR nuotolis iki 30m ; Wifi palaikymas 2.4 GHz","robots":{"index":"index","follow":"follow","max-snippet":"max-snippet:-1","max-image-preview":"max-image-preview:large","max-video-preview":"max-video-preview:-1"},"canonical":"https:\/\/eheating.lt\/produktas\/ezviz-cs-h8-valdoma-lauko-kamera\/","og_locale":"en_US","og_type":"article","og_title":"EZVIZ CS-H8 valdoma lauko kamera","og_description":"EZVIZ CS-H8 valdoma lauko kamera ; Automobili\u0173 ir \u017emoni\u0173 aptikimas iki 8m ; Rai\u0161ka - 5MP ; IR nuotolis iki 30m ; Wifi palaikymas 2.4 GHz","og_url":"https:\/\/eheating.lt\/produktas\/ezviz-cs-h8-valdoma-lauko-kamera\/","og_site_name":"Elektronika Namams","article_publisher":"https:\/\/www.facebook.com\/ElektronikaNamams","article_modified_time":"2024-07-11T15:01:25+00:00","og_image":[{"width":800,"height":800,"url":"https:\/\/eheating.lt\/wp-content\/uploads\/2023\/10\/EZVIZ-CS-H8-valdoma-lauko-kamera.png","type":"image\/png"}],"twitter_card":"summary_large_image","twitter_misc":{"Price":"145,48&nbsp;&euro;","Availability":"In stock"},"schema":{"@context":"https:\/\/schema.org","@graph":[{"@type":"WebPage","@id":"https:\/\/eheating.lt\/produktas\/ezviz-cs-h8-valdoma-lauko-kamera\/","url":"https:\/\/eheating.lt\/produktas\/ezviz-cs-h8-valdoma-lauko-kamera\/","name":"EZVIZ CS-H8 valdoma lauko kamera","isPartOf":{"@id":"https:\/\/eheating.lt\/#website"},"primaryImageOfPage":{"@id":"https:\/\/eheating.lt\/produktas\/ezviz-cs-h8-valdoma-lauko-kamera\/#primaryimage"},"image":{"@id":"https:\/\/eheating.lt\/produktas\/ezviz-cs-h8-valdoma-lauko-kamera\/#primaryimage"},"thumbnailUrl":"https:\/\/eheating.lt\/wp-content\/uploads\/2023\/10\/EZVIZ-CS-H8-valdoma-lauko-kamera.png","datePublished":"2023-11-13T19:36:12+00:00","dateModified":"2024-07-11T15:01:25+00:00","description":"EZVIZ CS-H8 valdoma lauko kamera ; Automobili\u0173 ir \u017emoni\u0173 aptikimas iki 8m ; Rai\u0161ka - 5MP ; IR nuotolis iki 30m ; Wifi palaikymas 2.4 GHz","breadcrumb":{"@id":"https:\/\/eheating.lt\/produktas\/ezviz-cs-h8-valdoma-lauko-kamera\/#breadcrumb"},"inLanguage":"en-US","potentialAction":[{"@type":"ReadAction","target":["https:\/\/eheating.lt\/produktas\/ezviz-cs-h8-valdoma-lauko-kamera\/"]}]},{"@type":"ImageObject","inLanguage":"en-US","@id":"https:\/\/eheating.lt\/produktas\/ezviz-cs-h8-valdoma-lauko-kamera\/#primaryimage","url":"https:\/\/eheating.lt\/wp-content\/uploads\/2023\/10\/EZVIZ-CS-H8-valdoma-lauko-kamera.png","contentUrl":"https:\/\/eheating.lt\/wp-content\/uploads\/2023\/10\/EZVIZ-CS-H8-valdoma-lauko-kamera.png","width":800,"height":800,"caption":"EZVIZ CS-H8 valdoma lauko kamera"},{"@type":"BreadcrumbList","@id":"https:\/\/eheating.lt\/produktas\/ezviz-cs-h8-valdoma-lauko-kamera\/#breadcrumb","itemListElement":[{"@type":"ListItem","position":1,"name":"Prad\u017eia","item":"https:\/\/eheating.lt\/en\/"},{"@type":"ListItem","position":2,"name":"Shop","item":"https:\/\/eheating.lt\/en\/?page_id=5734"},{"@type":"ListItem","position":3,"name":"EZVIZ CS-H8 valdoma lauko kamera"}]},{"@type":"WebSite","@id":"https:\/\/eheating.lt\/#website","url":"https:\/\/eheating.lt\/","name":"eHeating","description":"Elektronika ir \u0161ildymas","potentialAction":[{"@type":"SearchAction","target":{"@type":"EntryPoint","urlTemplate":"https:\/\/eheating.lt\/?s={search_term_string}"},"query-input":{"@type":"PropertyValueSpecification","valueRequired":true,"valueName":"search_term_string"}}],"inLanguage":"en-US"}]},"product_price_amount":"145.48","product_price_currency":"EUR","og_availability":"instock","product_availability":"instock","product_retailer_item_id":"7d149232d33e","product_condition":"new"},"_links":{"self":[{"href":"https:\/\/eheating.lt\/en\/wp-json\/wp\/v2\/product\/23934","targetHints":{"allow":["GET"]}}],"collection":[{"href":"https:\/\/eheating.lt\/en\/wp-json\/wp\/v2\/product"}],"about":[{"href":"https:\/\/eheating.lt\/en\/wp-json\/wp\/v2\/types\/product"}],"replies":[{"embeddable":true,"href":"https:\/\/eheating.lt\/en\/wp-json\/wp\/v2\/comments?post=23934"}],"version-history":[{"count":0,"href":"https:\/\/eheating.lt\/en\/wp-json\/wp\/v2\/product\/23934\/revisions"}],"wp:featuredmedia":[{"embeddable":true,"href":"https:\/\/eheating.lt\/en\/wp-json\/wp\/v2\/media\/28046"}],"wp:attachment":[{"href":"https:\/\/eheating.lt\/en\/wp-json\/wp\/v2\/media?parent=23934"}],"wp:term":[{"taxonomy":"product_brand","embeddable":true,"href":"https:\/\/eheating.lt\/en\/wp-json\/wp\/v2\/product_brand?post=23934"},{"taxonomy":"product_cat","embeddable":true,"href":"https:\/\/eheating.lt\/en\/wp-json\/wp\/v2\/product_cat?post=23934"},{"taxonomy":"product_tag","embeddable":true,"href":"https:\/\/eheating.lt\/en\/wp-json\/wp\/v2\/product_tag?post=23934"}],"curies":[{"name":"wp","href":"https:\/\/api.w.org\/{rel}","templated":true}]}}