{"id":23886,"date":"2023-11-13T21:36:13","date_gmt":"2023-11-13T19:36:13","guid":{"rendered":"https:\/\/eheating.lt\/?post_type=product&#038;p=23886"},"modified":"2024-10-18T17:22:08","modified_gmt":"2024-10-18T14:22:08","slug":"ezviz-cs-h3-lauko-kryptine-kamera","status":"publish","type":"product","link":"https:\/\/eheating.lt\/en\/produktas\/ezviz-cs-h3-lauko-kryptine-kamera\/","title":{"rendered":"EZVIZ CS-H3 lauko kryptin\u0117 kamera"},"content":{"rendered":"<ul>\n<li><span class=\"tech-specs-items-description__title--heading\">Sensorius<\/span><\/li>\n<\/ul>\n<ul class=\"tech-specs-items-description\" data-target=\"Camera\">\n<li class=\"tech-specs-items-description-list\"><span class=\"tech-specs-items-description__title\">Sensorius<\/span><span class=\"tech-specs-items-description__title-details\">1\/2.7\u201dProgressive Scan CMOS<\/span><\/li>\n<li class=\"tech-specs-items-description-list\"><span class=\"tech-specs-items-description__title\">U\u017erakto greitis<\/span><span class=\"tech-specs-items-description__title-details\">Self-adaptive shutter<\/span><\/li>\n<li class=\"tech-specs-items-description-list\"><span class=\"tech-specs-items-description__title\">L\u0119\u0161is<\/span><span class=\"tech-specs-items-description__title-details\">2.8mm @ F2.0, viewing angle: 122\u00b0 (Diagonal), 106\u00b0 (Horizontal), 56\u00b0 (Vertical) 4mm @ F2.0, viewing angle:102\u00b0 (Diagonal), 86\u00b0 (Horizontal), 44\u00b0 (Vertical)<\/span><\/li>\n<li class=\"tech-specs-items-description-list\"><span class=\"tech-specs-items-description__title\">Minimalus ap\u0161vietimas<\/span><span class=\"tech-specs-items-description__title-details\">0.01 lux @ (F2.0, AGC ON), 0 Lux with IR<\/span><\/li>\n<li class=\"tech-specs-items-description-list\"><span class=\"tech-specs-items-description__title\">L\u0119\u0161io montavimas<\/span><span class=\"tech-specs-items-description__title-details\">M12<\/span><\/li>\n<li class=\"tech-specs-items-description-list\"><span class=\"tech-specs-items-description__title\">Dienos nakties perjungimas<\/span><span class=\"tech-specs-items-description__title-details\">IR-Cut filter with auto-switching<\/span><\/li>\n<li class=\"tech-specs-items-description-list\"><span class=\"tech-specs-items-description__title\">DNR<\/span><span class=\"tech-specs-items-description__title-details\">3D DNR<\/span><\/li>\n<li class=\"tech-specs-items-description-list\"><span class=\"tech-specs-items-description__title\">WDR<\/span><span class=\"tech-specs-items-description__title-details\">Digital WDR<\/span><\/li>\n<li class=\"tech-specs-items-description-list\"><span class=\"tech-specs-items-description__title\">BLC<\/span><span class=\"tech-specs-items-description__title-details\">Supports<\/span><\/li>\n<li class=\"tech-specs-items-description-list\"><span class=\"tech-specs-items-description__title\">IR pa\u0161vietimas<\/span><span class=\"tech-specs-items-description__title-details\">Up to 98 ft \/ 30 m<\/span><\/li>\n<\/ul>\n<ul class=\"tech-specs-items-description\" data-target=\"Image\">\n<li class=\"tech-specs-items-description-list\"><span class=\"tech-specs-items-description__title--heading\">Vaizdas ir garsas<\/span><\/li>\n<li class=\"tech-specs-items-description-list\"><span class=\"tech-specs-items-description__title\">Maks. rezoliucija<\/span><span class=\"tech-specs-items-description__title-details\">2304 \u00d7 1296 pixels<\/span><\/li>\n<li class=\"tech-specs-items-description-list\"><span class=\"tech-specs-items-description__title\">Kadrai per sukund\u0119<\/span><span class=\"tech-specs-items-description__title-details\">Max: 30fps; Self-Adaptive during network transmission<\/span><\/li>\n<li class=\"tech-specs-items-description-list\"><span class=\"tech-specs-items-description__title\">Vaizdo suspaudimas<\/span><span class=\"tech-specs-items-description__title-details\">H.265 \/ H.264<\/span><\/li>\n<li class=\"tech-specs-items-description-list\"><span class=\"tech-specs-items-description__title\">Vaizdo bit\u0173 greitis<\/span><span class=\"tech-specs-items-description__title-details\">Ultra-HD; HD; Standard. Adaptive bit rate.<\/span><\/li>\n<li class=\"tech-specs-items-description-list\"><span class=\"tech-specs-items-description__title\">Garso bit\u0173 greitis<\/span><span class=\"tech-specs-items-description__title-details\">Self-Adaptive<\/span><\/li>\n<li class=\"tech-specs-items-description-list\"><span class=\"tech-specs-items-description__title\">Maks. bit\u0173 greitis<\/span><span class=\"tech-specs-items-description__title-details\">3 Mbps<\/span><\/li>\n<\/ul>\n<ul class=\"tech-specs-items-description\" data-target=\"Interface\">\n<li class=\"tech-specs-items-description-list\"><span class=\"tech-specs-items-description__title--heading\">Internetas<\/span><\/li>\n<li class=\"tech-specs-items-description-list\"><span class=\"tech-specs-items-description__title\">Wi-Fi standartas<\/span><span class=\"tech-specs-items-description__title-details\">IEEE802.11b, 802.11g, 802.11n<\/span><\/li>\n<li class=\"tech-specs-items-description-list\"><span class=\"tech-specs-items-description__title\">Da\u017enio diapazonas<\/span><span class=\"tech-specs-items-description__title-details\">2.4 GHz ~ 2.4835 GHz<\/span><\/li>\n<li class=\"tech-specs-items-description-list\"><span class=\"tech-specs-items-description__title\">Kanalo da\u017eni\u0173 juostos plotis<\/span><span class=\"tech-specs-items-description__title-details\">Supports 20 MHz<\/span><\/li>\n<li class=\"tech-specs-items-description-list\"><span class=\"tech-specs-items-description__title\">Saugumas<\/span><span class=\"tech-specs-items-description__title-details\">64 \/ 128-bit WEP, WPA \/ WPA2, WPA-PSK \/ WPA2-PSK<\/span><\/li>\n<li class=\"tech-specs-items-description-list\"><span class=\"tech-specs-items-description__title\">Srautas<\/span><span class=\"tech-specs-items-description__title-details\">11b: 11 Mbps, 11g: 54 Mbps, 11n: 150 Mbps<\/span><\/li>\n<li class=\"tech-specs-items-description-list\"><span class=\"tech-specs-items-description__title\">Wi-Fi susiejimas<\/span><span class=\"tech-specs-items-description__title-details\">AP Pairing<\/span><\/li>\n<li class=\"tech-specs-items-description-list\"><span class=\"tech-specs-items-description__title\">Protokolas<\/span><span class=\"tech-specs-items-description__title-details\">EZVIZ cloud proprietary protocol<\/span><\/li>\n<li class=\"tech-specs-items-description-list\"><span class=\"tech-specs-items-description__title\">S\u0105sajos protokolas<\/span><span class=\"tech-specs-items-description__title-details\">EZVIZ cloud proprietary protocol<\/span><\/li>\n<li class=\"tech-specs-items-description-list\"><span class=\"tech-specs-items-description__title\">Laidinis internetas<\/span><span class=\"tech-specs-items-description__title-details\">RJ45 \u00d7 1 (10M \/ 100M Adaptive Ethernet Port)<\/span><\/li>\n<\/ul>\n<ul class=\"tech-specs-items-description\" data-target=\"General\">\n<li class=\"tech-specs-items-description-list\"><span class=\"tech-specs-items-description__title--heading\">Funkcijos<\/span><\/li>\n<li class=\"tech-specs-items-description-list\"><span class=\"tech-specs-items-description__title\">Aptikimas<\/span><span class=\"tech-specs-items-description__title-details\">AI-Powered Human \/ Vehicle Shape Detection, Motion Detection<\/span><\/li>\n<li class=\"tech-specs-items-description-list\"><span class=\"tech-specs-items-description__title\">Taikoma \u012fsp\u0117jamoji zona<\/span><span class=\"tech-specs-items-description__title-details\">Supports<\/span><\/li>\n<li class=\"tech-specs-items-description-list\"><span class=\"tech-specs-items-description__title\">Integracija<\/span><span class=\"tech-specs-items-description__title-details\">Works with Alexa, Google Assistant, IFTTT<\/span><\/li>\n<li class=\"tech-specs-items-description-list\"><span class=\"tech-specs-items-description__title\">Pagrindin\u0117s funkcijos<\/span><span class=\"tech-specs-items-description__title-details\">Anti-Flicker, Dual-Stream, Heart Beat, Mirror Image, Password Protection, Watermark<\/span><\/li>\n<\/ul>\n<ul class=\"tech-specs-items-description\" data-target=\"General\">\n<li class=\"tech-specs-items-description-list\"><span class=\"tech-specs-items-description__title--heading\">Saugykla<\/span><\/li>\n<li class=\"tech-specs-items-description-list\"><span class=\"tech-specs-items-description__title\">Vietin\u0117 saugykla<\/span><span class=\"tech-specs-items-description__title-details\">Supports microSD card (Up to 512 GB)<\/span><\/li>\n<li class=\"tech-specs-items-description-list\"><span class=\"tech-specs-items-description__title\">Debes\u0173 saugykla<\/span><span class=\"tech-specs-items-description__title-details\">Supports EZVIZ CloudPlay storage (Subscription required)<\/span><\/li>\n<\/ul>\n<ul class=\"tech-specs-items-description\" data-target=\"Interface\">\n<li class=\"tech-specs-items-description-list\"><span class=\"tech-specs-items-description__title--heading\">Pagrindinis<\/span><\/li>\n<li class=\"tech-specs-items-description-list\"><span class=\"tech-specs-items-description__title\">Dydis<\/span><span class=\"tech-specs-items-description__title-details\">-20 \u00b0C to 50 \u00b0C (-4 \u00b0F to 122 \u00b0F ), humidity 95% or less (Non-condensing)<\/span><\/li>\n<li class=\"tech-specs-items-description-list\"><span class=\"tech-specs-items-description__title\">Dydis su d\u0117\u017eute<\/span><span class=\"tech-specs-items-description__title-details\">Weatherproof Design<\/span><\/li>\n<li class=\"tech-specs-items-description-list\"><span class=\"tech-specs-items-description__title\">Svoris<\/span><span class=\"tech-specs-items-description__title-details\">Max. 10W<\/span><\/li>\n<li class=\"tech-specs-items-description-list\"><span class=\"tech-specs-items-description__title\">IP reitingas<\/span><span class=\"tech-specs-items-description__title-details\">183 \u00d7 116 \u00d7 166 mm (7.20 \u00d7 4.57 \u00d7 6.52 inch)<\/span><\/li>\n<li class=\"tech-specs-items-description-list\"><span class=\"tech-specs-items-description__title\">Darbo s\u0105lygos<\/span><span class=\"tech-specs-items-description__title-details\">216 \u00d7 145 \u00d7 203 mm (8.50 \u00d7 5.71 \u00d7 7.99 inch)<\/span><\/li>\n<\/ul>\n<ul class=\"tech-specs-items-description\" data-target=\"General\">\n<li class=\"tech-specs-items-description-list\"><span class=\"tech-specs-items-description__title--heading\">Sistemos parametrai<\/span><\/li>\n<li class=\"tech-specs-items-description-list\"><span class=\"tech-specs-items-description__title\">Laidai<\/span><span class=\"tech-specs-items-description__title-details\">Hard-Wired<\/span><\/li>\n<li class=\"tech-specs-items-description-list\"><span class=\"tech-specs-items-description__title\">Maitinimas<\/span><span class=\"tech-specs-items-description__title-details\">DC 12V \/ 1A<\/span><\/li>\n<li class=\"tech-specs-items-description-list\"><span class=\"tech-specs-items-description__title\">Energijos sunaudojimas<\/span><span class=\"tech-specs-items-description__title-details\">Max. 7W<\/span><\/li>\n<\/ul>\n<ul class=\"tech-specs-items-description\" data-target=\"General\">\n<li class=\"tech-specs-items-description-list\"><span class=\"tech-specs-items-description__title--heading\">D\u0117\u017eut\u0117je<\/span><\/li>\n<li class=\"tech-specs-items-description-list\"><span class=\"tech-specs-items-description__title\">D\u0117\u017eut\u0117je<\/span><span class=\"tech-specs-items-description__title-details\">&#8211; EZVIZ H3 2K Camera- Drill Template- Screw Kit- Waterproof Kit- Power Adapter- Regulatory Information- Quick Start Quide<\/span><\/li>\n<\/ul>\n<ul class=\"tech-specs-items-description\" data-target=\"General\">\n<li class=\"tech-specs-items-description-list\"><span class=\"tech-specs-items-description__title--heading\">Sertifikatai<\/span><\/li>\n<li class=\"tech-specs-items-description-list\"><span class=\"tech-specs-items-description__title\">Sertifikatai<\/span><span class=\"tech-specs-items-description__title-details\">CE \/ FCC \/ UKCA \/ UL \/ WEEE \/ RoHS \/ REACH<\/span><\/li>\n<\/ul>\n","protected":false},"excerpt":{"rendered":"<ul>\n<li>MP (rai\u0161ka): 5MP (2880 \u00d7 1620)<\/li>\n<li>Objektyvas: 2.8mm<\/li>\n<li>IR nuotolis: iki 30m<\/li>\n<li>Wifi palaikymas: 2.4 GHz<\/li>\n<li>IP klas\u0117: IP67<\/li>\n<li>Pritaikyta naudoti: lauko s\u0105lygomis<\/li>\n<li>SD kortel\u0117: 512GB (perkama atskirai)<\/li>\n<li>Vaizdo suspaudimas: H.264\/H.265<\/li>\n<li>Informacijos perdavimas: Wi-Fi arba kabeliu<\/li>\n<li>Laikiklis\/baz\u0117 : papildomai pirkti nereikia<\/li>\n<\/ul>\n","protected":false},"featured_media":28048,"comment_status":"closed","ping_status":"closed","template":"","meta":[],"product_brand":[],"product_cat":[458,534,533],"product_tag":[],"class_list":{"0":"post-23886","1":"product","2":"type-product","3":"status-publish","4":"has-post-thumbnail","6":"product_cat-ezviz-serija","7":"product_cat-ip-kameros","8":"product_cat-ip-vaizdo-stebejimo-sistemos","10":"first","11":"instock","12":"purchasable","13":"product-type-simple"},"yoast_head":"<!-- This site is optimized with the Yoast SEO Premium plugin v21.5 (Yoast SEO v27.3) - https:\/\/yoast.com\/product\/yoast-seo-premium-wordpress\/ -->\n<title>EZVIZ CS-H3 lauko kryptin\u0117 kamera<\/title>\n<meta name=\"description\" content=\"EZVIZ CS-H3 lauko kryptin\u0117 kamera ; IR nuotolis: iki 30m ; Rai\u0161ka - 5MP ; Wifi palaikymas 2.4 GHz ; SD kortel\u0117 iki 512GB ; IP67\" \/>\n<meta name=\"robots\" content=\"index, follow, max-snippet:-1, max-image-preview:large, max-video-preview:-1\" \/>\n<link rel=\"canonical\" href=\"https:\/\/eheating.lt\/produktas\/ezviz-cs-h3-lauko-kryptine-kamera\/\" \/>\n<meta property=\"og:locale\" content=\"en_US\" \/>\n<meta property=\"og:type\" content=\"article\" \/>\n<meta property=\"og:title\" content=\"EZVIZ CS-H3 lauko kryptin\u0117 kamera\" \/>\n<meta property=\"og:description\" content=\"EZVIZ CS-H3 lauko kryptin\u0117 kamera ; IR nuotolis: iki 30m ; Rai\u0161ka - 5MP ; Wifi palaikymas 2.4 GHz ; SD kortel\u0117 iki 512GB ; IP67\" \/>\n<meta property=\"og:url\" content=\"https:\/\/eheating.lt\/produktas\/ezviz-cs-h3-lauko-kryptine-kamera\/\" \/>\n<meta property=\"og:site_name\" content=\"Elektronika Namams\" \/>\n<meta property=\"article:publisher\" content=\"https:\/\/www.facebook.com\/ElektronikaNamams\" \/>\n<meta property=\"article:modified_time\" content=\"2024-10-18T14:22:08+00:00\" \/>\n<meta property=\"og:image\" content=\"https:\/\/eheating.lt\/wp-content\/uploads\/2023\/10\/EZVIZ-CS-H3-lauko-kryptine-kamera.png\" \/>\n\t<meta property=\"og:image:width\" content=\"800\" \/>\n\t<meta property=\"og:image:height\" content=\"800\" \/>\n\t<meta property=\"og:image:type\" content=\"image\/png\" \/>\n<meta name=\"twitter:card\" content=\"summary_large_image\" \/>\n<meta name=\"twitter:label1\" content=\"Price\" \/>\n\t<meta name=\"twitter:data1\" content=\"126,08&nbsp;&euro;\" \/>\n\t<meta name=\"twitter:label2\" content=\"Availability\" \/>\n\t<meta name=\"twitter:data2\" content=\"In stock\" \/>\n<script type=\"application\/ld+json\" class=\"yoast-schema-graph\">{\"@context\":\"https:\\\/\\\/schema.org\",\"@graph\":[{\"@type\":\"WebPage\",\"@id\":\"https:\\\/\\\/eheating.lt\\\/produktas\\\/ezviz-cs-h3-lauko-kryptine-kamera\\\/\",\"url\":\"https:\\\/\\\/eheating.lt\\\/produktas\\\/ezviz-cs-h3-lauko-kryptine-kamera\\\/\",\"name\":\"EZVIZ CS-H3 lauko kryptin\u0117 kamera\",\"isPartOf\":{\"@id\":\"https:\\\/\\\/eheating.lt\\\/#website\"},\"primaryImageOfPage\":{\"@id\":\"https:\\\/\\\/eheating.lt\\\/produktas\\\/ezviz-cs-h3-lauko-kryptine-kamera\\\/#primaryimage\"},\"image\":{\"@id\":\"https:\\\/\\\/eheating.lt\\\/produktas\\\/ezviz-cs-h3-lauko-kryptine-kamera\\\/#primaryimage\"},\"thumbnailUrl\":\"https:\\\/\\\/eheating.lt\\\/wp-content\\\/uploads\\\/2023\\\/10\\\/EZVIZ-CS-H3-lauko-kryptine-kamera.png\",\"datePublished\":\"2023-11-13T19:36:13+00:00\",\"dateModified\":\"2024-10-18T14:22:08+00:00\",\"description\":\"EZVIZ CS-H3 lauko kryptin\u0117 kamera ; IR nuotolis: iki 30m ; Rai\u0161ka - 5MP ; Wifi palaikymas 2.4 GHz ; SD kortel\u0117 iki 512GB ; IP67\",\"breadcrumb\":{\"@id\":\"https:\\\/\\\/eheating.lt\\\/produktas\\\/ezviz-cs-h3-lauko-kryptine-kamera\\\/#breadcrumb\"},\"inLanguage\":\"en-US\",\"potentialAction\":[{\"@type\":\"ReadAction\",\"target\":[\"https:\\\/\\\/eheating.lt\\\/produktas\\\/ezviz-cs-h3-lauko-kryptine-kamera\\\/\"]}]},{\"@type\":\"ImageObject\",\"inLanguage\":\"en-US\",\"@id\":\"https:\\\/\\\/eheating.lt\\\/produktas\\\/ezviz-cs-h3-lauko-kryptine-kamera\\\/#primaryimage\",\"url\":\"https:\\\/\\\/eheating.lt\\\/wp-content\\\/uploads\\\/2023\\\/10\\\/EZVIZ-CS-H3-lauko-kryptine-kamera.png\",\"contentUrl\":\"https:\\\/\\\/eheating.lt\\\/wp-content\\\/uploads\\\/2023\\\/10\\\/EZVIZ-CS-H3-lauko-kryptine-kamera.png\",\"width\":800,\"height\":800,\"caption\":\"EZVIZ CS-H3 lauko kryptin\u0117 kamera\"},{\"@type\":\"BreadcrumbList\",\"@id\":\"https:\\\/\\\/eheating.lt\\\/produktas\\\/ezviz-cs-h3-lauko-kryptine-kamera\\\/#breadcrumb\",\"itemListElement\":[{\"@type\":\"ListItem\",\"position\":1,\"name\":\"Prad\u017eia\",\"item\":\"https:\\\/\\\/eheating.lt\\\/en\\\/\"},{\"@type\":\"ListItem\",\"position\":2,\"name\":\"Shop\",\"item\":\"https:\\\/\\\/eheating.lt\\\/en\\\/?page_id=5734\"},{\"@type\":\"ListItem\",\"position\":3,\"name\":\"EZVIZ CS-H3 lauko kryptin\u0117 kamera\"}]},{\"@type\":\"WebSite\",\"@id\":\"https:\\\/\\\/eheating.lt\\\/#website\",\"url\":\"https:\\\/\\\/eheating.lt\\\/\",\"name\":\"eHeating\",\"description\":\"Elektronika ir \u0161ildymas\",\"potentialAction\":[{\"@type\":\"SearchAction\",\"target\":{\"@type\":\"EntryPoint\",\"urlTemplate\":\"https:\\\/\\\/eheating.lt\\\/?s={search_term_string}\"},\"query-input\":{\"@type\":\"PropertyValueSpecification\",\"valueRequired\":true,\"valueName\":\"search_term_string\"}}],\"inLanguage\":\"en-US\"}]}<\/script>\n<meta property=\"product:price:amount\" content=\"126.08\" \/>\n<meta property=\"product:price:currency\" content=\"EUR\" \/>\n<meta property=\"og:availability\" content=\"instock\" \/>\n<meta property=\"product:availability\" content=\"instock\" \/>\n<meta property=\"product:retailer_item_id\" content=\"79d079157854\" \/>\n<meta property=\"product:condition\" content=\"new\" \/>\n<!-- \/ Yoast SEO Premium plugin. -->","yoast_head_json":{"title":"EZVIZ CS-H3 lauko kryptin\u0117 kamera","description":"EZVIZ CS-H3 lauko kryptin\u0117 kamera ; IR nuotolis: iki 30m ; Rai\u0161ka - 5MP ; Wifi palaikymas 2.4 GHz ; SD kortel\u0117 iki 512GB ; IP67","robots":{"index":"index","follow":"follow","max-snippet":"max-snippet:-1","max-image-preview":"max-image-preview:large","max-video-preview":"max-video-preview:-1"},"canonical":"https:\/\/eheating.lt\/produktas\/ezviz-cs-h3-lauko-kryptine-kamera\/","og_locale":"en_US","og_type":"article","og_title":"EZVIZ CS-H3 lauko kryptin\u0117 kamera","og_description":"EZVIZ CS-H3 lauko kryptin\u0117 kamera ; IR nuotolis: iki 30m ; Rai\u0161ka - 5MP ; Wifi palaikymas 2.4 GHz ; SD kortel\u0117 iki 512GB ; IP67","og_url":"https:\/\/eheating.lt\/produktas\/ezviz-cs-h3-lauko-kryptine-kamera\/","og_site_name":"Elektronika Namams","article_publisher":"https:\/\/www.facebook.com\/ElektronikaNamams","article_modified_time":"2024-10-18T14:22:08+00:00","og_image":[{"width":800,"height":800,"url":"https:\/\/eheating.lt\/wp-content\/uploads\/2023\/10\/EZVIZ-CS-H3-lauko-kryptine-kamera.png","type":"image\/png"}],"twitter_card":"summary_large_image","twitter_misc":{"Price":"126,08&nbsp;&euro;","Availability":"In stock"},"schema":{"@context":"https:\/\/schema.org","@graph":[{"@type":"WebPage","@id":"https:\/\/eheating.lt\/produktas\/ezviz-cs-h3-lauko-kryptine-kamera\/","url":"https:\/\/eheating.lt\/produktas\/ezviz-cs-h3-lauko-kryptine-kamera\/","name":"EZVIZ CS-H3 lauko kryptin\u0117 kamera","isPartOf":{"@id":"https:\/\/eheating.lt\/#website"},"primaryImageOfPage":{"@id":"https:\/\/eheating.lt\/produktas\/ezviz-cs-h3-lauko-kryptine-kamera\/#primaryimage"},"image":{"@id":"https:\/\/eheating.lt\/produktas\/ezviz-cs-h3-lauko-kryptine-kamera\/#primaryimage"},"thumbnailUrl":"https:\/\/eheating.lt\/wp-content\/uploads\/2023\/10\/EZVIZ-CS-H3-lauko-kryptine-kamera.png","datePublished":"2023-11-13T19:36:13+00:00","dateModified":"2024-10-18T14:22:08+00:00","description":"EZVIZ CS-H3 lauko kryptin\u0117 kamera ; IR nuotolis: iki 30m ; Rai\u0161ka - 5MP ; Wifi palaikymas 2.4 GHz ; SD kortel\u0117 iki 512GB ; IP67","breadcrumb":{"@id":"https:\/\/eheating.lt\/produktas\/ezviz-cs-h3-lauko-kryptine-kamera\/#breadcrumb"},"inLanguage":"en-US","potentialAction":[{"@type":"ReadAction","target":["https:\/\/eheating.lt\/produktas\/ezviz-cs-h3-lauko-kryptine-kamera\/"]}]},{"@type":"ImageObject","inLanguage":"en-US","@id":"https:\/\/eheating.lt\/produktas\/ezviz-cs-h3-lauko-kryptine-kamera\/#primaryimage","url":"https:\/\/eheating.lt\/wp-content\/uploads\/2023\/10\/EZVIZ-CS-H3-lauko-kryptine-kamera.png","contentUrl":"https:\/\/eheating.lt\/wp-content\/uploads\/2023\/10\/EZVIZ-CS-H3-lauko-kryptine-kamera.png","width":800,"height":800,"caption":"EZVIZ CS-H3 lauko kryptin\u0117 kamera"},{"@type":"BreadcrumbList","@id":"https:\/\/eheating.lt\/produktas\/ezviz-cs-h3-lauko-kryptine-kamera\/#breadcrumb","itemListElement":[{"@type":"ListItem","position":1,"name":"Prad\u017eia","item":"https:\/\/eheating.lt\/en\/"},{"@type":"ListItem","position":2,"name":"Shop","item":"https:\/\/eheating.lt\/en\/?page_id=5734"},{"@type":"ListItem","position":3,"name":"EZVIZ CS-H3 lauko kryptin\u0117 kamera"}]},{"@type":"WebSite","@id":"https:\/\/eheating.lt\/#website","url":"https:\/\/eheating.lt\/","name":"eHeating","description":"Elektronika ir \u0161ildymas","potentialAction":[{"@type":"SearchAction","target":{"@type":"EntryPoint","urlTemplate":"https:\/\/eheating.lt\/?s={search_term_string}"},"query-input":{"@type":"PropertyValueSpecification","valueRequired":true,"valueName":"search_term_string"}}],"inLanguage":"en-US"}]},"product_price_amount":"126.08","product_price_currency":"EUR","og_availability":"instock","product_availability":"instock","product_retailer_item_id":"79d079157854","product_condition":"new"},"_links":{"self":[{"href":"https:\/\/eheating.lt\/en\/wp-json\/wp\/v2\/product\/23886","targetHints":{"allow":["GET"]}}],"collection":[{"href":"https:\/\/eheating.lt\/en\/wp-json\/wp\/v2\/product"}],"about":[{"href":"https:\/\/eheating.lt\/en\/wp-json\/wp\/v2\/types\/product"}],"replies":[{"embeddable":true,"href":"https:\/\/eheating.lt\/en\/wp-json\/wp\/v2\/comments?post=23886"}],"version-history":[{"count":0,"href":"https:\/\/eheating.lt\/en\/wp-json\/wp\/v2\/product\/23886\/revisions"}],"wp:featuredmedia":[{"embeddable":true,"href":"https:\/\/eheating.lt\/en\/wp-json\/wp\/v2\/media\/28048"}],"wp:attachment":[{"href":"https:\/\/eheating.lt\/en\/wp-json\/wp\/v2\/media?parent=23886"}],"wp:term":[{"taxonomy":"product_brand","embeddable":true,"href":"https:\/\/eheating.lt\/en\/wp-json\/wp\/v2\/product_brand?post=23886"},{"taxonomy":"product_cat","embeddable":true,"href":"https:\/\/eheating.lt\/en\/wp-json\/wp\/v2\/product_cat?post=23886"},{"taxonomy":"product_tag","embeddable":true,"href":"https:\/\/eheating.lt\/en\/wp-json\/wp\/v2\/product_tag?post=23886"}],"curies":[{"name":"wp","href":"https:\/\/api.w.org\/{rel}","templated":true}]}}