{"id":23766,"date":"2023-11-13T21:36:14","date_gmt":"2023-11-13T19:36:14","guid":{"rendered":"https:\/\/eheating.lt\/?post_type=product&#038;p=23766"},"modified":"2024-10-18T17:21:17","modified_gmt":"2024-10-18T14:21:17","slug":"ezviz-cs-t30-10b-eu-ismanus-kistukinis-lizdas","status":"publish","type":"product","link":"https:\/\/eheating.lt\/en\/produktas\/ezviz-cs-t30-10b-eu-ismanus-kistukinis-lizdas\/","title":{"rendered":"EZVIZ CS-T30-10B-EU i\u0161manus ki\u0161tukinis lizdas"},"content":{"rendered":"<ul>\n<li><span class=\"tech-specs-items-description__title--heading\">Tinklas<\/span><\/li>\n<\/ul>\n<ul class=\"tech-specs-items-description\" data-target=\"General\">\n<li class=\"tech-specs-items-description-list\"><span class=\"tech-specs-items-description__title\">Standartas<\/span><span class=\"tech-specs-items-description__title-details\">IEEE802.11 b\/g\/n, 2.4 GHz<\/span><\/li>\n<li class=\"tech-specs-items-description-list\"><span class=\"tech-specs-items-description__title\">Wi-Fi suporavimas<\/span><span class=\"tech-specs-items-description__title-details\">AP Pairing<\/span><\/li>\n<\/ul>\n<ul class=\"tech-specs-items-description\" data-target=\"General\">\n<li class=\"tech-specs-items-description-list\"><span class=\"tech-specs-items-description__title--heading\">Funkcijos<\/span><\/li>\n<li class=\"tech-specs-items-description-list\"><span class=\"tech-specs-items-description__title\">Nuotolinis valdymas<\/span><span class=\"tech-specs-items-description__title-details\">Supports<\/span><\/li>\n<li class=\"tech-specs-items-description-list\"><span class=\"tech-specs-items-description__title\">Laikmatis<\/span><span class=\"tech-specs-items-description__title-details\">Supports<\/span><\/li>\n<li class=\"tech-specs-items-description-list\"><span class=\"tech-specs-items-description__title\">Skai\u010diavimo re\u017eimas<\/span><span class=\"tech-specs-items-description__title-details\">Supports<\/span><\/li>\n<li class=\"tech-specs-items-description-list\"><span class=\"tech-specs-items-description__title\">Rankinis re\u017eimas<\/span><span class=\"tech-specs-items-description__title-details\">Supports<\/span><\/li>\n<li class=\"tech-specs-items-description-list\"><span class=\"tech-specs-items-description__title\">Amazon Alexa and Google Home valymas balsu<\/span><span class=\"tech-specs-items-description__title-details\">Supports<\/span><\/li>\n<li class=\"tech-specs-items-description-list\"><span class=\"tech-specs-items-description__title\">Elektros sunaudojimo statistika<\/span><span class=\"tech-specs-items-description__title-details\">Supports<\/span><\/li>\n<\/ul>\n<ul class=\"tech-specs-items-description\" data-target=\"General\">\n<li class=\"tech-specs-items-description-list\"><span class=\"tech-specs-items-description__title--heading\">Parametrai<\/span><\/li>\n<li class=\"tech-specs-items-description-list\"><span class=\"tech-specs-items-description__title\">I\u0161\u0117jimo srov\u0117<\/span><span class=\"tech-specs-items-description__title-details\">Max. 10A<\/span><\/li>\n<li class=\"tech-specs-items-description-list\"><span class=\"tech-specs-items-description__title\">I\u0161\u0117jimo galia<\/span><span class=\"tech-specs-items-description__title-details\">Max. 2300W<\/span><\/li>\n<\/ul>\n<ul class=\"tech-specs-items-description\" data-target=\"General\">\n<li class=\"tech-specs-items-description-list\"><span class=\"tech-specs-items-description__title--heading\">\u012esijungimo laikas<\/span><\/li>\n<li class=\"tech-specs-items-description-list\"><span class=\"tech-specs-items-description__title\">Did\u017eiausias pradinis \u012fsijungimo laikas<\/span><span class=\"tech-specs-items-description__title-details\">30s<\/span><\/li>\n<\/ul>\n<ul class=\"tech-specs-items-description\" data-target=\"General\">\n<li class=\"tech-specs-items-description-list\"><span class=\"tech-specs-items-description__title--heading\">Pagrindinis<\/span><\/li>\n<li class=\"tech-specs-items-description-list\"><span class=\"tech-specs-items-description__title\">Pagrindinis<\/span><span class=\"tech-specs-items-description__title-details\">High temperature flame retardant material<\/span><\/li>\n<li class=\"tech-specs-items-description-list\"><span class=\"tech-specs-items-description__title\">Darbo s\u0105lygos (temperat\u016bra)<\/span><span class=\"tech-specs-items-description__title-details\">0\u2103 to 40\u2103 (32\u00b0F to 104\u00b0F)<\/span><\/li>\n<li class=\"tech-specs-items-description-list\"><span class=\"tech-specs-items-description__title\">Darbo s\u0105lygos (dr\u0117gm\u0117) <\/span><span class=\"tech-specs-items-description__title-details\">80% or less<\/span><\/li>\n<li class=\"tech-specs-items-description-list\"><span class=\"tech-specs-items-description__title\">Maitinimas<\/span><span class=\"tech-specs-items-description__title-details\">AC 125V<\/span><\/li>\n<li class=\"tech-specs-items-description-list\"><span class=\"tech-specs-items-description__title\">Elektros energijos sunaudojimas<\/span><span class=\"tech-specs-items-description__title-details\">Recessed Less than 1 kWh per month fixture<\/span><\/li>\n<li class=\"tech-specs-items-description-list\"><span class=\"tech-specs-items-description__title\">Dydis<\/span><span class=\"tech-specs-items-description__title-details\">74 x 38 x 53 mm (2.91 x 1.50 x 2.09 inch)<\/span><\/li>\n<li class=\"tech-specs-items-description-list\"><span class=\"tech-specs-items-description__title\">Svoris<\/span><span class=\"tech-specs-items-description__title-details\">55.9 g (1.97 oz)<\/span><\/li>\n<\/ul>\n<ul class=\"tech-specs-items-description\" data-target=\"General\">\n<li class=\"tech-specs-items-description-list\"><span class=\"tech-specs-items-description__title--heading\">Pakuot\u0117je<\/span><\/li>\n<li class=\"tech-specs-items-description-list\"><span class=\"tech-specs-items-description__title\">Pakuot\u0117je<\/span><span class=\"tech-specs-items-description__title-details\">T30 Smart Plug ; Regulatory Information ; Quick Start Guide<\/span><\/li>\n<\/ul>\n<ul class=\"tech-specs-items-description\" data-target=\"General\">\n<li class=\"tech-specs-items-description-list\"><span class=\"tech-specs-items-description__title--heading\">Sertifikatai<\/span><\/li>\n<li class=\"tech-specs-items-description-list\"><span class=\"tech-specs-items-description__title\">Sertifikatai<\/span><span class=\"tech-specs-items-description__title-details\">ETL\/CETL\/WEEE\/ROHS\/REACH\/FCC\/IC<\/span><\/li>\n<\/ul>\n","protected":false},"excerpt":{"rendered":"<ul>\n<li>Pritaikyta naudoti: vidaus s\u0105lygomis<\/li>\n<li>IP klas\u0117: IP20<\/li>\n<li>Nedegus iki 750\u00b0C<\/li>\n<li>Wifi palaikymas: 2.4 GHz<\/li>\n<li>I\u0161\u0117jimo srov\u0117: Max 10A<\/li>\n<li>I\u0161\u0117jimo galia: Max. 2300W<\/li>\n<li>Maitinimo \u0161altinis: AC 125V<\/li>\n<li>Darbin\u0117 temperat\u016bra: Nuo 0\u2103 iki 40\u2103<\/li>\n<li>I\u0161matavimai: 74 x 38 x 53 mm<\/li>\n<\/ul>\n","protected":false},"featured_media":28050,"comment_status":"closed","ping_status":"closed","template":"","meta":[],"product_brand":[],"product_cat":[458],"product_tag":[],"class_list":{"0":"post-23766","1":"product","2":"type-product","3":"status-publish","4":"has-post-thumbnail","6":"product_cat-ezviz-serija","8":"first","9":"instock","10":"purchasable","11":"product-type-simple"},"yoast_head":"<!-- This site is optimized with the Yoast SEO Premium plugin v21.5 (Yoast SEO v27.3) - https:\/\/yoast.com\/product\/yoast-seo-premium-wordpress\/ -->\n<title>EZVIZ CS-T30-10B-EU i\u0161manus ki\u0161tukinis lizdas<\/title>\n<meta name=\"description\" content=\"EZVIZ CS-T30-10B-EU i\u0161manus ki\u0161tukinis lizdas ; Wifi palaikymas 2.4 GHz ; I\u0161\u0117jimo srov\u0117 Max 10A ; I\u0161\u0117jimo galia: Max. 2300W ; IP20\" \/>\n<meta name=\"robots\" content=\"index, follow, max-snippet:-1, max-image-preview:large, max-video-preview:-1\" \/>\n<link rel=\"canonical\" href=\"https:\/\/eheating.lt\/en\/produktas\/ezviz-cs-t30-10b-eu-ismanus-kistukinis-lizdas\/\" \/>\n<meta property=\"og:locale\" content=\"en_US\" \/>\n<meta property=\"og:type\" content=\"article\" \/>\n<meta property=\"og:title\" content=\"EZVIZ CS-T30-10B-EU i\u0161manus ki\u0161tukinis lizdas\" \/>\n<meta property=\"og:description\" content=\"EZVIZ CS-T30-10B-EU i\u0161manus ki\u0161tukinis lizdas ; Wifi palaikymas 2.4 GHz ; I\u0161\u0117jimo srov\u0117 Max 10A ; I\u0161\u0117jimo galia: Max. 2300W ; IP20\" \/>\n<meta property=\"og:url\" content=\"https:\/\/eheating.lt\/en\/produktas\/ezviz-cs-t30-10b-eu-ismanus-kistukinis-lizdas\/\" \/>\n<meta property=\"og:site_name\" content=\"Elektronika Namams\" \/>\n<meta property=\"article:publisher\" content=\"https:\/\/www.facebook.com\/ElektronikaNamams\" \/>\n<meta property=\"article:modified_time\" content=\"2024-10-18T14:21:17+00:00\" \/>\n<meta property=\"og:image\" content=\"https:\/\/eheating.lt\/wp-content\/uploads\/2023\/10\/EZVIZ-CS-T30-10B-EU-ismanus-kistukinis-lizdas.png\" \/>\n\t<meta property=\"og:image:width\" content=\"800\" \/>\n\t<meta property=\"og:image:height\" content=\"800\" \/>\n\t<meta property=\"og:image:type\" content=\"image\/png\" \/>\n<meta name=\"twitter:card\" content=\"summary_large_image\" \/>\n<meta name=\"twitter:label1\" content=\"Price\" \/>\n\t<meta name=\"twitter:data1\" content=\"16,48&nbsp;&euro;\" \/>\n\t<meta name=\"twitter:label2\" content=\"Availability\" \/>\n\t<meta name=\"twitter:data2\" content=\"In stock\" \/>\n<script type=\"application\/ld+json\" class=\"yoast-schema-graph\">{\"@context\":\"https:\\\/\\\/schema.org\",\"@graph\":[{\"@type\":\"WebPage\",\"@id\":\"https:\\\/\\\/eheating.lt\\\/en\\\/produktas\\\/ezviz-cs-t30-10b-eu-ismanus-kistukinis-lizdas\\\/\",\"url\":\"https:\\\/\\\/eheating.lt\\\/en\\\/produktas\\\/ezviz-cs-t30-10b-eu-ismanus-kistukinis-lizdas\\\/\",\"name\":\"EZVIZ CS-T30-10B-EU i\u0161manus ki\u0161tukinis lizdas\",\"isPartOf\":{\"@id\":\"https:\\\/\\\/eheating.lt\\\/#website\"},\"primaryImageOfPage\":{\"@id\":\"https:\\\/\\\/eheating.lt\\\/en\\\/produktas\\\/ezviz-cs-t30-10b-eu-ismanus-kistukinis-lizdas\\\/#primaryimage\"},\"image\":{\"@id\":\"https:\\\/\\\/eheating.lt\\\/en\\\/produktas\\\/ezviz-cs-t30-10b-eu-ismanus-kistukinis-lizdas\\\/#primaryimage\"},\"thumbnailUrl\":\"https:\\\/\\\/eheating.lt\\\/wp-content\\\/uploads\\\/2023\\\/10\\\/EZVIZ-CS-T30-10B-EU-ismanus-kistukinis-lizdas.png\",\"datePublished\":\"2023-11-13T19:36:14+00:00\",\"dateModified\":\"2024-10-18T14:21:17+00:00\",\"description\":\"EZVIZ CS-T30-10B-EU i\u0161manus ki\u0161tukinis lizdas ; Wifi palaikymas 2.4 GHz ; I\u0161\u0117jimo srov\u0117 Max 10A ; I\u0161\u0117jimo galia: Max. 2300W ; IP20\",\"breadcrumb\":{\"@id\":\"https:\\\/\\\/eheating.lt\\\/en\\\/produktas\\\/ezviz-cs-t30-10b-eu-ismanus-kistukinis-lizdas\\\/#breadcrumb\"},\"inLanguage\":\"en-US\",\"potentialAction\":[{\"@type\":\"ReadAction\",\"target\":[\"https:\\\/\\\/eheating.lt\\\/en\\\/produktas\\\/ezviz-cs-t30-10b-eu-ismanus-kistukinis-lizdas\\\/\"]}]},{\"@type\":\"ImageObject\",\"inLanguage\":\"en-US\",\"@id\":\"https:\\\/\\\/eheating.lt\\\/en\\\/produktas\\\/ezviz-cs-t30-10b-eu-ismanus-kistukinis-lizdas\\\/#primaryimage\",\"url\":\"https:\\\/\\\/eheating.lt\\\/wp-content\\\/uploads\\\/2023\\\/10\\\/EZVIZ-CS-T30-10B-EU-ismanus-kistukinis-lizdas.png\",\"contentUrl\":\"https:\\\/\\\/eheating.lt\\\/wp-content\\\/uploads\\\/2023\\\/10\\\/EZVIZ-CS-T30-10B-EU-ismanus-kistukinis-lizdas.png\",\"width\":800,\"height\":800,\"caption\":\"EZVIZ CS-T30-10B-EU i\u0161manus ki\u0161tukinis lizdas\"},{\"@type\":\"BreadcrumbList\",\"@id\":\"https:\\\/\\\/eheating.lt\\\/en\\\/produktas\\\/ezviz-cs-t30-10b-eu-ismanus-kistukinis-lizdas\\\/#breadcrumb\",\"itemListElement\":[{\"@type\":\"ListItem\",\"position\":1,\"name\":\"Prad\u017eia\",\"item\":\"https:\\\/\\\/eheating.lt\\\/en\\\/\"},{\"@type\":\"ListItem\",\"position\":2,\"name\":\"Shop\",\"item\":\"https:\\\/\\\/eheating.lt\\\/en\\\/?page_id=5734\"},{\"@type\":\"ListItem\",\"position\":3,\"name\":\"EZVIZ CS-T30-10B-EU i\u0161manus ki\u0161tukinis lizdas\"}]},{\"@type\":\"WebSite\",\"@id\":\"https:\\\/\\\/eheating.lt\\\/#website\",\"url\":\"https:\\\/\\\/eheating.lt\\\/\",\"name\":\"eHeating\",\"description\":\"Elektronika ir \u0161ildymas\",\"potentialAction\":[{\"@type\":\"SearchAction\",\"target\":{\"@type\":\"EntryPoint\",\"urlTemplate\":\"https:\\\/\\\/eheating.lt\\\/?s={search_term_string}\"},\"query-input\":{\"@type\":\"PropertyValueSpecification\",\"valueRequired\":true,\"valueName\":\"search_term_string\"}}],\"inLanguage\":\"en-US\"}]}<\/script>\n<meta property=\"product:price:amount\" content=\"16.48\" \/>\n<meta property=\"product:price:currency\" content=\"EUR\" \/>\n<meta property=\"og:availability\" content=\"instock\" \/>\n<meta property=\"product:availability\" content=\"instock\" \/>\n<meta property=\"product:retailer_item_id\" content=\"65179fdc3532\" \/>\n<meta property=\"product:condition\" content=\"new\" \/>\n<!-- \/ Yoast SEO Premium plugin. -->","yoast_head_json":{"title":"EZVIZ CS-T30-10B-EU i\u0161manus ki\u0161tukinis lizdas","description":"EZVIZ CS-T30-10B-EU i\u0161manus ki\u0161tukinis lizdas ; Wifi palaikymas 2.4 GHz ; I\u0161\u0117jimo srov\u0117 Max 10A ; I\u0161\u0117jimo galia: Max. 2300W ; IP20","robots":{"index":"index","follow":"follow","max-snippet":"max-snippet:-1","max-image-preview":"max-image-preview:large","max-video-preview":"max-video-preview:-1"},"canonical":"https:\/\/eheating.lt\/en\/produktas\/ezviz-cs-t30-10b-eu-ismanus-kistukinis-lizdas\/","og_locale":"en_US","og_type":"article","og_title":"EZVIZ CS-T30-10B-EU i\u0161manus ki\u0161tukinis lizdas","og_description":"EZVIZ CS-T30-10B-EU i\u0161manus ki\u0161tukinis lizdas ; Wifi palaikymas 2.4 GHz ; I\u0161\u0117jimo srov\u0117 Max 10A ; I\u0161\u0117jimo galia: Max. 2300W ; IP20","og_url":"https:\/\/eheating.lt\/en\/produktas\/ezviz-cs-t30-10b-eu-ismanus-kistukinis-lizdas\/","og_site_name":"Elektronika Namams","article_publisher":"https:\/\/www.facebook.com\/ElektronikaNamams","article_modified_time":"2024-10-18T14:21:17+00:00","og_image":[{"width":800,"height":800,"url":"https:\/\/eheating.lt\/wp-content\/uploads\/2023\/10\/EZVIZ-CS-T30-10B-EU-ismanus-kistukinis-lizdas.png","type":"image\/png"}],"twitter_card":"summary_large_image","twitter_misc":{"Price":"16,48&nbsp;&euro;","Availability":"In stock"},"schema":{"@context":"https:\/\/schema.org","@graph":[{"@type":"WebPage","@id":"https:\/\/eheating.lt\/en\/produktas\/ezviz-cs-t30-10b-eu-ismanus-kistukinis-lizdas\/","url":"https:\/\/eheating.lt\/en\/produktas\/ezviz-cs-t30-10b-eu-ismanus-kistukinis-lizdas\/","name":"EZVIZ CS-T30-10B-EU i\u0161manus ki\u0161tukinis lizdas","isPartOf":{"@id":"https:\/\/eheating.lt\/#website"},"primaryImageOfPage":{"@id":"https:\/\/eheating.lt\/en\/produktas\/ezviz-cs-t30-10b-eu-ismanus-kistukinis-lizdas\/#primaryimage"},"image":{"@id":"https:\/\/eheating.lt\/en\/produktas\/ezviz-cs-t30-10b-eu-ismanus-kistukinis-lizdas\/#primaryimage"},"thumbnailUrl":"https:\/\/eheating.lt\/wp-content\/uploads\/2023\/10\/EZVIZ-CS-T30-10B-EU-ismanus-kistukinis-lizdas.png","datePublished":"2023-11-13T19:36:14+00:00","dateModified":"2024-10-18T14:21:17+00:00","description":"EZVIZ CS-T30-10B-EU i\u0161manus ki\u0161tukinis lizdas ; Wifi palaikymas 2.4 GHz ; I\u0161\u0117jimo srov\u0117 Max 10A ; I\u0161\u0117jimo galia: Max. 2300W ; IP20","breadcrumb":{"@id":"https:\/\/eheating.lt\/en\/produktas\/ezviz-cs-t30-10b-eu-ismanus-kistukinis-lizdas\/#breadcrumb"},"inLanguage":"en-US","potentialAction":[{"@type":"ReadAction","target":["https:\/\/eheating.lt\/en\/produktas\/ezviz-cs-t30-10b-eu-ismanus-kistukinis-lizdas\/"]}]},{"@type":"ImageObject","inLanguage":"en-US","@id":"https:\/\/eheating.lt\/en\/produktas\/ezviz-cs-t30-10b-eu-ismanus-kistukinis-lizdas\/#primaryimage","url":"https:\/\/eheating.lt\/wp-content\/uploads\/2023\/10\/EZVIZ-CS-T30-10B-EU-ismanus-kistukinis-lizdas.png","contentUrl":"https:\/\/eheating.lt\/wp-content\/uploads\/2023\/10\/EZVIZ-CS-T30-10B-EU-ismanus-kistukinis-lizdas.png","width":800,"height":800,"caption":"EZVIZ CS-T30-10B-EU i\u0161manus ki\u0161tukinis lizdas"},{"@type":"BreadcrumbList","@id":"https:\/\/eheating.lt\/en\/produktas\/ezviz-cs-t30-10b-eu-ismanus-kistukinis-lizdas\/#breadcrumb","itemListElement":[{"@type":"ListItem","position":1,"name":"Prad\u017eia","item":"https:\/\/eheating.lt\/en\/"},{"@type":"ListItem","position":2,"name":"Shop","item":"https:\/\/eheating.lt\/en\/?page_id=5734"},{"@type":"ListItem","position":3,"name":"EZVIZ CS-T30-10B-EU i\u0161manus ki\u0161tukinis lizdas"}]},{"@type":"WebSite","@id":"https:\/\/eheating.lt\/#website","url":"https:\/\/eheating.lt\/","name":"eHeating","description":"Elektronika ir \u0161ildymas","potentialAction":[{"@type":"SearchAction","target":{"@type":"EntryPoint","urlTemplate":"https:\/\/eheating.lt\/?s={search_term_string}"},"query-input":{"@type":"PropertyValueSpecification","valueRequired":true,"valueName":"search_term_string"}}],"inLanguage":"en-US"}]},"product_price_amount":"16.48","product_price_currency":"EUR","og_availability":"instock","product_availability":"instock","product_retailer_item_id":"65179fdc3532","product_condition":"new"},"_links":{"self":[{"href":"https:\/\/eheating.lt\/en\/wp-json\/wp\/v2\/product\/23766","targetHints":{"allow":["GET"]}}],"collection":[{"href":"https:\/\/eheating.lt\/en\/wp-json\/wp\/v2\/product"}],"about":[{"href":"https:\/\/eheating.lt\/en\/wp-json\/wp\/v2\/types\/product"}],"replies":[{"embeddable":true,"href":"https:\/\/eheating.lt\/en\/wp-json\/wp\/v2\/comments?post=23766"}],"version-history":[{"count":0,"href":"https:\/\/eheating.lt\/en\/wp-json\/wp\/v2\/product\/23766\/revisions"}],"wp:featuredmedia":[{"embeddable":true,"href":"https:\/\/eheating.lt\/en\/wp-json\/wp\/v2\/media\/28050"}],"wp:attachment":[{"href":"https:\/\/eheating.lt\/en\/wp-json\/wp\/v2\/media?parent=23766"}],"wp:term":[{"taxonomy":"product_brand","embeddable":true,"href":"https:\/\/eheating.lt\/en\/wp-json\/wp\/v2\/product_brand?post=23766"},{"taxonomy":"product_cat","embeddable":true,"href":"https:\/\/eheating.lt\/en\/wp-json\/wp\/v2\/product_cat?post=23766"},{"taxonomy":"product_tag","embeddable":true,"href":"https:\/\/eheating.lt\/en\/wp-json\/wp\/v2\/product_tag?post=23766"}],"curies":[{"name":"wp","href":"https:\/\/api.w.org\/{rel}","templated":true}]}}