{"id":23668,"date":"2023-11-17T23:41:11","date_gmt":"2023-11-17T21:41:11","guid":{"rendered":"https:\/\/eheating.lt\/?post_type=product&#038;p=23668"},"modified":"2024-10-18T17:20:24","modified_gmt":"2024-10-18T14:20:24","slug":"hikvision-bullet-ds-2ce17h0t-it5fc-f3-6","status":"publish","type":"product","link":"https:\/\/eheating.lt\/en\/produktas\/hikvision-bullet-ds-2ce17h0t-it5fc-f3-6\/","title":{"rendered":"Hikvision bullet DS-2CE17H0T-IT5F(C) F3.6"},"content":{"rendered":"<div class=\"tech-specs-items-description-wrap\">\n<ul class=\"tech-specs-items-description\" data-target=\"Camera\">\n<li class=\"tech-specs-items-description-list\"><span class=\"tech-specs-items-description__title--heading\">Kamera<\/span><\/li>\n<li class=\"tech-specs-items-description-list\"><span class=\"tech-specs-items-description__title\">Sensorius<\/span><span class=\"tech-specs-items-description__title-details\">5 MP CMOS<\/span><\/li>\n<li class=\"tech-specs-items-description-list\"><span class=\"tech-specs-items-description__title\">Maks. rai\u0161ka<\/span><span class=\"tech-specs-items-description__title-details\">2560 (H) \u00d7 1944 (V)<\/span><\/li>\n<li class=\"tech-specs-items-description-list\"><span class=\"tech-specs-items-description__title\">Min. ap\u0161vietimas<\/span><span class=\"tech-specs-items-description__title-details\">0.01 Lux @ (F1.2, AGC ON), 0 Lux with IR<\/span><\/li>\n<li class=\"tech-specs-items-description-list\"><span class=\"tech-specs-items-description__title\">U\u017erakto greitis<\/span><span class=\"tech-specs-items-description__title-details\"><span class=\"tech-specs-items-description__title-details\"><br \/>\n<\/span><\/span><\/p>\n<p class=\"mb-p\" style=\"margin-bottom: 0rem; height: auto;\">PAL: 1\/25 s to 1\/50, 000 s<\/p>\n<p class=\"mb-p\" style=\"margin-bottom: 0.5em; height: auto;\">NTSC: 1\/30 s to 1\/50, 000 s<\/p>\n<p>&nbsp;<\/li>\n<li class=\"tech-specs-items-description-list\"><span class=\"tech-specs-items-description__title\">Diena &amp; naktis<\/span><span class=\"tech-specs-items-description__title-details\">ICR<\/span><\/li>\n<li class=\"tech-specs-items-description-list\"><span class=\"tech-specs-items-description__title\">Kampo pasirinkimas<\/span><span class=\"tech-specs-items-description__title-details\">Pan: 0 to 360\u00b0, Tilt: 0 to 180\u00b0, Rotation 0 to 360\u00b0<\/span><\/li>\n<li class=\"tech-specs-items-description-list\"><span class=\"tech-specs-items-description__title\">Signal\u0173 sistema<\/span><span class=\"tech-specs-items-description__title-details\">PAL\/NTSC<\/span><\/li>\n<\/ul>\n<ul class=\"tech-specs-items-description\" data-target=\"Lens\">\n<li class=\"tech-specs-items-description-list\"><span class=\"tech-specs-items-description__title--heading\">L\u0119\u0161iai<\/span><\/li>\n<li class=\"tech-specs-items-description-list\"><span class=\"tech-specs-items-description__title\">L\u0119\u0161i\u0173 tipai<\/span><span class=\"tech-specs-items-description__title-details\">3.6 mm, 6 mm, 8 mm, 12 mm fixed lens<\/span><\/li>\n<li class=\"tech-specs-items-description-list\"><span class=\"tech-specs-items-description__title\">\u017didinio nuotolis &amp; FOV<\/span><span class=\"tech-specs-items-description__title-details\"><span class=\"tech-specs-items-description__title-details\"><br \/>\n<\/span><\/span><\/p>\n<p class=\"mb-p\" style=\"margin-bottom: 0rem; height: auto;\">3.6 mm, horizontal FOV: 80\u00b0, vertical FOV: 63\u00b0, diagonal FOV:105\u00b0<\/p>\n<p class=\"mb-p\" style=\"margin-bottom: 0rem; height: auto;\">6 mm, horizontal FOV: 57\u00b0, vertical FOV: 43\u00b0, diagonal FOV:72\u00b0<\/p>\n<p class=\"mb-p\" style=\"margin-bottom: 0rem; height: auto;\">8 mm, horizontal FOV: 41\u00b0, vertical FOV: 31\u00b0, diagonal FOV:52\u00b0<\/p>\n<p class=\"mb-p\" style=\"margin-bottom: 0.5em; height: auto;\">12 mm, horizontal FOV: 26\u00b0, vertical FOV: 19\u00b0, diagonal FOV:32\u00b0<\/p>\n<p>&nbsp;<\/li>\n<li class=\"tech-specs-items-description-list\"><span class=\"tech-specs-items-description__title\">L\u0119\u0161i\u0173 montavimas<\/span><span class=\"tech-specs-items-description__title-details\">M12<\/span><\/li>\n<\/ul>\n<ul class=\"tech-specs-items-description\" data-target=\"Image\">\n<li class=\"tech-specs-items-description-list\"><span class=\"tech-specs-items-description__title--heading\">Nuotraukos<\/span><\/li>\n<li class=\"tech-specs-items-description-list\"><span class=\"tech-specs-items-description__title\">Nuotrauk\u0173 nustatym\u0173 keitimas<\/span><span class=\"tech-specs-items-description__title-details\">STD\/HIGH-SAT <\/span><\/li>\n<li class=\"tech-specs-items-description-list\"><span class=\"tech-specs-items-description__title\">Nuotrauk\u0173 nustatymai<\/span><span class=\"tech-specs-items-description__title-details\">Brightness, Sharpness, Mirror, Smart IR<\/span><\/li>\n<li class=\"tech-specs-items-description-list\"><span class=\"tech-specs-items-description__title\">Kadr\u0173 da\u017enis<\/span><span class=\"tech-specs-items-description__title-details\"><span class=\"tech-specs-items-description__title-details\"><br \/>\n<\/span><\/span><\/p>\n<p class=\"mb-p\" style=\"margin-bottom: 0rem; height: auto;\">TVI: 5M@20fps, 4M@30fps, 4M@25fps, 1080p@30fps, 1080p@25fps<\/p>\n<p class=\"mb-p\" style=\"margin-bottom: 0rem; height: auto;\">AHD: 5M@20fps, 4M@30fps, 4M@25fps<\/p>\n<p class=\"mb-p\" style=\"margin-bottom: 0rem; height: auto;\">CVI: 4M@30fps, 4M@25fps<\/p>\n<p class=\"mb-p\" style=\"margin-bottom: 0.5em; height: auto;\">CVBS: PAL\/NTSC<\/p>\n<p>&nbsp;<\/li>\n<li class=\"tech-specs-items-description-list\"><span class=\"tech-specs-items-description__title\">Dienos\/nakties r\u0117\u017eimas<\/span><span class=\"tech-specs-items-description__title-details\">Auto\/Color\/BW (Black and White)<\/span><\/li>\n<li class=\"tech-specs-items-description-list\"><span class=\"tech-specs-items-description__title\">Platus dinaminis nuotolis (WDR)<\/span><span class=\"tech-specs-items-description__title-details\">Digital WDR<\/span><\/li>\n<li class=\"tech-specs-items-description-list\"><span class=\"tech-specs-items-description__title\">Nuotrauk\u0173 gerinimas<\/span><span class=\"tech-specs-items-description__title-details\">DWDR\/BLC\/HLC\/Global<\/span><\/li>\n<li class=\"tech-specs-items-description-list\"><span class=\"tech-specs-items-description__title\">Triuk\u0161mo filtravimas<\/span><span class=\"tech-specs-items-description__title-details\">Yes<\/span><\/li>\n<li class=\"tech-specs-items-description-list\"><span class=\"tech-specs-items-description__title\">Baltumo balansas<\/span><span class=\"tech-specs-items-description__title-details\">Auto\/Manual<\/span><\/li>\n<li class=\"tech-specs-items-description-list\"><span class=\"tech-specs-items-description__title\">AGC<\/span><span class=\"tech-specs-items-description__title-details\">Yes<\/span><\/li>\n<\/ul>\n<ul class=\"tech-specs-items-description\" data-target=\"Interface\">\n<li class=\"tech-specs-items-description-list\"><span class=\"tech-specs-items-description__title--heading\">S\u0105sajos<\/span><\/li>\n<li class=\"tech-specs-items-description-list\"><span class=\"tech-specs-items-description__title\">Vaizdo i\u0161vestis<\/span><span class=\"tech-specs-items-description__title-details\">Switchable TVI\/AHD\/CVI\/CVBS<\/span><\/li>\n<\/ul>\n<ul class=\"tech-specs-items-description\" data-target=\"General\">\n<li class=\"tech-specs-items-description-list\"><span class=\"tech-specs-items-description__title--heading\">Pagrindinis<\/span><\/li>\n<li class=\"tech-specs-items-description-list\"><span class=\"tech-specs-items-description__title\">Med\u017eiaga<\/span><span class=\"tech-specs-items-description__title-details\"><span class=\"tech-specs-items-description__title-details\"><br \/>\n<\/span><\/span><\/p>\n<p class=\"mb-p\" style=\"margin-bottom: 0rem; height: auto;\">Front Cover: Metal<\/p>\n<p class=\"mb-p\" style=\"margin-bottom: 0.5em; height: auto;\">Main Body: Plastic<\/p>\n<p>&nbsp;<\/li>\n<li class=\"tech-specs-items-description-list\"><span class=\"tech-specs-items-description__title\">Matmenys<\/span><span class=\"tech-specs-items-description__title-details\">78.9 mm \u00d7 75.4 mm \u00d7 216.6 mm (3.10&#8243; \u00d7 2.97&#8243; \u00d7 8.53&#8243;)<\/span><\/li>\n<li class=\"tech-specs-items-description-list\"><span class=\"tech-specs-items-description__title\">Svoris<\/span><span class=\"tech-specs-items-description__title-details\">Approx. 330 g (0.73 lb.)<\/span><\/li>\n<li class=\"tech-specs-items-description-list\"><span class=\"tech-specs-items-description__title\">Veikimo s\u0105lygos<\/span><span class=\"tech-specs-items-description__title-details\">-40 \u00b0C to 60 \u00b0C (-40 \u00b0F to 140 \u00b0F), humidity: 90% or less (non-condensation)<\/span><\/li>\n<li class=\"tech-specs-items-description-list\"><span class=\"tech-specs-items-description__title\">Sujungimas<\/span><span class=\"tech-specs-items-description__title-details\">HIKVISION-C<\/span><\/li>\n<li class=\"tech-specs-items-description-list\"><span class=\"tech-specs-items-description__title\">Kalba<\/span><span class=\"tech-specs-items-description__title-details\">English<\/span><\/li>\n<li class=\"tech-specs-items-description-list\"><span class=\"tech-specs-items-description__title\">Energijos \u0161altinis<\/span><span class=\"tech-specs-items-description__title-details\">12 VDC \u00b1 25%<\/span><\/li>\n<li class=\"tech-specs-items-description-list\"><span class=\"tech-specs-items-description__title\">Suvartojimas<\/span><span class=\"tech-specs-items-description__title-details\"><span class=\"tech-specs-items-description__title-details\"><br \/>\n<\/span><\/span><\/p>\n<p class=\"mb-p\" style=\"margin-bottom: 0rem; height: auto;\">Max. 5 W<\/p>\n<p>&nbsp;<\/li>\n<li class=\"tech-specs-items-description-list\"><span class=\"tech-specs-items-description__title\">IR nuotolis<\/span><span class=\"tech-specs-items-description__title-details\">Up to 80 m<\/span><\/li>\n<\/ul>\n<ul class=\"tech-specs-items-description\" data-target=\"Approval\">\n<li class=\"tech-specs-items-description-list\"><span class=\"tech-specs-items-description__title--heading\">Patvirtinimai<\/span><\/li>\n<li class=\"tech-specs-items-description-list\"><span class=\"tech-specs-items-description__title\">Apsauga<\/span><span class=\"tech-specs-items-description__title-details\">IP67 <\/span><\/li>\n<\/ul>\n<\/div>\n","protected":false},"excerpt":{"rendered":"<ul>\n<li>5MP bullet Turbo HD kamera<\/li>\n<li>3.6mm l\u0119\u0161is<\/li>\n<li>Iki 80m IR nuotolio<\/li>\n<li>IP67<\/li>\n<li>Vienas prievadas 4 kei\u010diamiems signalams (TVI\/AHD\/CVI\/CVBS)<\/li>\n<\/ul>\n","protected":false},"featured_media":28815,"comment_status":"closed","ping_status":"closed","template":"","meta":[],"product_brand":[],"product_cat":[839,838,837],"product_tag":[],"class_list":{"0":"post-23668","1":"product","2":"type-product","3":"status-publish","4":"has-post-thumbnail","6":"product_cat-turbo-hd-bullet-cameras","7":"product_cat-turbo-hd-cameras","8":"product_cat-turbo-hd-video-surveillance","10":"first","11":"onbackorder","12":"purchasable","13":"product-type-simple"},"yoast_head":"<!-- This site is optimized with the Yoast SEO Premium plugin v21.5 (Yoast SEO v27.3) - https:\/\/yoast.com\/product\/yoast-seo-premium-wordpress\/ -->\n<title>Hikvision bullet DS-2CE17H0T-IT5F(C) F3.6<\/title>\n<meta name=\"description\" content=\"Hikvision bullet DS-2CE17H0T-IT5F(C) F3.6 kamera ; Vienas prievadas 4 kei\u010diamiems signalams (TVI\/AHD\/CVI\/CVBS) ; Rai\u0161ka - 5MP ; Iki 80m IR nuotolio\" \/>\n<meta name=\"robots\" content=\"index, follow, max-snippet:-1, max-image-preview:large, max-video-preview:-1\" \/>\n<link rel=\"canonical\" href=\"https:\/\/eheating.lt\/produktas\/hikvision-bullet-ds-2ce17h0t-it5fc-f3-6\/\" \/>\n<meta property=\"og:locale\" content=\"en_US\" \/>\n<meta property=\"og:type\" content=\"article\" \/>\n<meta property=\"og:title\" content=\"Hikvision bullet DS-2CE17H0T-IT5F(C) F3.6\" \/>\n<meta property=\"og:description\" content=\"Hikvision bullet DS-2CE17H0T-IT5F(C) F3.6 kamera ; Vienas prievadas 4 kei\u010diamiems signalams (TVI\/AHD\/CVI\/CVBS) ; Rai\u0161ka - 5MP ; Iki 80m IR nuotolio\" \/>\n<meta property=\"og:url\" content=\"https:\/\/eheating.lt\/produktas\/hikvision-bullet-ds-2ce17h0t-it5fc-f3-6\/\" \/>\n<meta property=\"og:site_name\" content=\"Elektronika Namams\" \/>\n<meta property=\"article:publisher\" content=\"https:\/\/www.facebook.com\/ElektronikaNamams\" \/>\n<meta property=\"article:modified_time\" content=\"2024-10-18T14:20:24+00:00\" \/>\n<meta property=\"og:image\" content=\"https:\/\/eheating.lt\/wp-content\/uploads\/2023\/10\/Hikvision-bullet-DS-2CE17H0T-IT5FC-F3.6.png\" \/>\n\t<meta property=\"og:image:width\" content=\"800\" \/>\n\t<meta property=\"og:image:height\" content=\"800\" \/>\n\t<meta property=\"og:image:type\" content=\"image\/png\" \/>\n<meta name=\"twitter:card\" content=\"summary_large_image\" \/>\n<meta name=\"twitter:label1\" content=\"Price\" \/>\n\t<meta name=\"twitter:data1\" content=\"89,43&nbsp;&euro;\" \/>\n\t<meta name=\"twitter:label2\" content=\"Availability\" \/>\n\t<meta name=\"twitter:data2\" content=\"On backorder\" \/>\n<script type=\"application\/ld+json\" class=\"yoast-schema-graph\">{\"@context\":\"https:\\\/\\\/schema.org\",\"@graph\":[{\"@type\":\"WebPage\",\"@id\":\"https:\\\/\\\/eheating.lt\\\/produktas\\\/hikvision-bullet-ds-2ce17h0t-it5fc-f3-6\\\/\",\"url\":\"https:\\\/\\\/eheating.lt\\\/produktas\\\/hikvision-bullet-ds-2ce17h0t-it5fc-f3-6\\\/\",\"name\":\"Hikvision bullet DS-2CE17H0T-IT5F(C) F3.6\",\"isPartOf\":{\"@id\":\"https:\\\/\\\/eheating.lt\\\/#website\"},\"primaryImageOfPage\":{\"@id\":\"https:\\\/\\\/eheating.lt\\\/produktas\\\/hikvision-bullet-ds-2ce17h0t-it5fc-f3-6\\\/#primaryimage\"},\"image\":{\"@id\":\"https:\\\/\\\/eheating.lt\\\/produktas\\\/hikvision-bullet-ds-2ce17h0t-it5fc-f3-6\\\/#primaryimage\"},\"thumbnailUrl\":\"https:\\\/\\\/eheating.lt\\\/wp-content\\\/uploads\\\/2023\\\/10\\\/Hikvision-bullet-DS-2CE17H0T-IT5FC-F3.6.png\",\"datePublished\":\"2023-11-17T21:41:11+00:00\",\"dateModified\":\"2024-10-18T14:20:24+00:00\",\"description\":\"Hikvision bullet DS-2CE17H0T-IT5F(C) F3.6 kamera ; Vienas prievadas 4 kei\u010diamiems signalams (TVI\\\/AHD\\\/CVI\\\/CVBS) ; Rai\u0161ka - 5MP ; Iki 80m IR nuotolio\",\"breadcrumb\":{\"@id\":\"https:\\\/\\\/eheating.lt\\\/produktas\\\/hikvision-bullet-ds-2ce17h0t-it5fc-f3-6\\\/#breadcrumb\"},\"inLanguage\":\"en-US\",\"potentialAction\":[{\"@type\":\"ReadAction\",\"target\":[\"https:\\\/\\\/eheating.lt\\\/produktas\\\/hikvision-bullet-ds-2ce17h0t-it5fc-f3-6\\\/\"]}]},{\"@type\":\"ImageObject\",\"inLanguage\":\"en-US\",\"@id\":\"https:\\\/\\\/eheating.lt\\\/produktas\\\/hikvision-bullet-ds-2ce17h0t-it5fc-f3-6\\\/#primaryimage\",\"url\":\"https:\\\/\\\/eheating.lt\\\/wp-content\\\/uploads\\\/2023\\\/10\\\/Hikvision-bullet-DS-2CE17H0T-IT5FC-F3.6.png\",\"contentUrl\":\"https:\\\/\\\/eheating.lt\\\/wp-content\\\/uploads\\\/2023\\\/10\\\/Hikvision-bullet-DS-2CE17H0T-IT5FC-F3.6.png\",\"width\":800,\"height\":800,\"caption\":\"Hikvision bullet DS-2CE17H0T-IT5F(C) F3.6\"},{\"@type\":\"BreadcrumbList\",\"@id\":\"https:\\\/\\\/eheating.lt\\\/produktas\\\/hikvision-bullet-ds-2ce17h0t-it5fc-f3-6\\\/#breadcrumb\",\"itemListElement\":[{\"@type\":\"ListItem\",\"position\":1,\"name\":\"Prad\u017eia\",\"item\":\"https:\\\/\\\/eheating.lt\\\/en\\\/\"},{\"@type\":\"ListItem\",\"position\":2,\"name\":\"Shop\",\"item\":\"https:\\\/\\\/eheating.lt\\\/en\\\/?page_id=5734\"},{\"@type\":\"ListItem\",\"position\":3,\"name\":\"Hikvision bullet DS-2CE17H0T-IT5F(C) F3.6\"}]},{\"@type\":\"WebSite\",\"@id\":\"https:\\\/\\\/eheating.lt\\\/#website\",\"url\":\"https:\\\/\\\/eheating.lt\\\/\",\"name\":\"eHeating\",\"description\":\"Elektronika ir \u0161ildymas\",\"potentialAction\":[{\"@type\":\"SearchAction\",\"target\":{\"@type\":\"EntryPoint\",\"urlTemplate\":\"https:\\\/\\\/eheating.lt\\\/?s={search_term_string}\"},\"query-input\":{\"@type\":\"PropertyValueSpecification\",\"valueRequired\":true,\"valueName\":\"search_term_string\"}}],\"inLanguage\":\"en-US\"}]}<\/script>\n<meta property=\"product:price:amount\" content=\"89.43\" \/>\n<meta property=\"product:price:currency\" content=\"EUR\" \/>\n<meta property=\"og:availability\" content=\"backorder\" \/>\n<meta property=\"product:availability\" content=\"available for order\" \/>\n<meta property=\"product:retailer_item_id\" content=\"af5249e2f1d0\" \/>\n<meta property=\"product:condition\" content=\"new\" \/>\n<!-- \/ Yoast SEO Premium plugin. -->","yoast_head_json":{"title":"Hikvision bullet DS-2CE17H0T-IT5F(C) F3.6","description":"Hikvision bullet DS-2CE17H0T-IT5F(C) F3.6 kamera ; Vienas prievadas 4 kei\u010diamiems signalams (TVI\/AHD\/CVI\/CVBS) ; Rai\u0161ka - 5MP ; Iki 80m IR nuotolio","robots":{"index":"index","follow":"follow","max-snippet":"max-snippet:-1","max-image-preview":"max-image-preview:large","max-video-preview":"max-video-preview:-1"},"canonical":"https:\/\/eheating.lt\/produktas\/hikvision-bullet-ds-2ce17h0t-it5fc-f3-6\/","og_locale":"en_US","og_type":"article","og_title":"Hikvision bullet DS-2CE17H0T-IT5F(C) F3.6","og_description":"Hikvision bullet DS-2CE17H0T-IT5F(C) F3.6 kamera ; Vienas prievadas 4 kei\u010diamiems signalams (TVI\/AHD\/CVI\/CVBS) ; Rai\u0161ka - 5MP ; Iki 80m IR nuotolio","og_url":"https:\/\/eheating.lt\/produktas\/hikvision-bullet-ds-2ce17h0t-it5fc-f3-6\/","og_site_name":"Elektronika Namams","article_publisher":"https:\/\/www.facebook.com\/ElektronikaNamams","article_modified_time":"2024-10-18T14:20:24+00:00","og_image":[{"width":800,"height":800,"url":"https:\/\/eheating.lt\/wp-content\/uploads\/2023\/10\/Hikvision-bullet-DS-2CE17H0T-IT5FC-F3.6.png","type":"image\/png"}],"twitter_card":"summary_large_image","twitter_misc":{"Price":"89,43&nbsp;&euro;","Availability":"On backorder"},"schema":{"@context":"https:\/\/schema.org","@graph":[{"@type":"WebPage","@id":"https:\/\/eheating.lt\/produktas\/hikvision-bullet-ds-2ce17h0t-it5fc-f3-6\/","url":"https:\/\/eheating.lt\/produktas\/hikvision-bullet-ds-2ce17h0t-it5fc-f3-6\/","name":"Hikvision bullet DS-2CE17H0T-IT5F(C) F3.6","isPartOf":{"@id":"https:\/\/eheating.lt\/#website"},"primaryImageOfPage":{"@id":"https:\/\/eheating.lt\/produktas\/hikvision-bullet-ds-2ce17h0t-it5fc-f3-6\/#primaryimage"},"image":{"@id":"https:\/\/eheating.lt\/produktas\/hikvision-bullet-ds-2ce17h0t-it5fc-f3-6\/#primaryimage"},"thumbnailUrl":"https:\/\/eheating.lt\/wp-content\/uploads\/2023\/10\/Hikvision-bullet-DS-2CE17H0T-IT5FC-F3.6.png","datePublished":"2023-11-17T21:41:11+00:00","dateModified":"2024-10-18T14:20:24+00:00","description":"Hikvision bullet DS-2CE17H0T-IT5F(C) F3.6 kamera ; Vienas prievadas 4 kei\u010diamiems signalams (TVI\/AHD\/CVI\/CVBS) ; Rai\u0161ka - 5MP ; Iki 80m IR nuotolio","breadcrumb":{"@id":"https:\/\/eheating.lt\/produktas\/hikvision-bullet-ds-2ce17h0t-it5fc-f3-6\/#breadcrumb"},"inLanguage":"en-US","potentialAction":[{"@type":"ReadAction","target":["https:\/\/eheating.lt\/produktas\/hikvision-bullet-ds-2ce17h0t-it5fc-f3-6\/"]}]},{"@type":"ImageObject","inLanguage":"en-US","@id":"https:\/\/eheating.lt\/produktas\/hikvision-bullet-ds-2ce17h0t-it5fc-f3-6\/#primaryimage","url":"https:\/\/eheating.lt\/wp-content\/uploads\/2023\/10\/Hikvision-bullet-DS-2CE17H0T-IT5FC-F3.6.png","contentUrl":"https:\/\/eheating.lt\/wp-content\/uploads\/2023\/10\/Hikvision-bullet-DS-2CE17H0T-IT5FC-F3.6.png","width":800,"height":800,"caption":"Hikvision bullet DS-2CE17H0T-IT5F(C) F3.6"},{"@type":"BreadcrumbList","@id":"https:\/\/eheating.lt\/produktas\/hikvision-bullet-ds-2ce17h0t-it5fc-f3-6\/#breadcrumb","itemListElement":[{"@type":"ListItem","position":1,"name":"Prad\u017eia","item":"https:\/\/eheating.lt\/en\/"},{"@type":"ListItem","position":2,"name":"Shop","item":"https:\/\/eheating.lt\/en\/?page_id=5734"},{"@type":"ListItem","position":3,"name":"Hikvision bullet DS-2CE17H0T-IT5F(C) F3.6"}]},{"@type":"WebSite","@id":"https:\/\/eheating.lt\/#website","url":"https:\/\/eheating.lt\/","name":"eHeating","description":"Elektronika ir \u0161ildymas","potentialAction":[{"@type":"SearchAction","target":{"@type":"EntryPoint","urlTemplate":"https:\/\/eheating.lt\/?s={search_term_string}"},"query-input":{"@type":"PropertyValueSpecification","valueRequired":true,"valueName":"search_term_string"}}],"inLanguage":"en-US"}]},"product_price_amount":"89.43","product_price_currency":"EUR","og_availability":"backorder","product_availability":"available for order","product_retailer_item_id":"af5249e2f1d0","product_condition":"new"},"_links":{"self":[{"href":"https:\/\/eheating.lt\/en\/wp-json\/wp\/v2\/product\/23668","targetHints":{"allow":["GET"]}}],"collection":[{"href":"https:\/\/eheating.lt\/en\/wp-json\/wp\/v2\/product"}],"about":[{"href":"https:\/\/eheating.lt\/en\/wp-json\/wp\/v2\/types\/product"}],"replies":[{"embeddable":true,"href":"https:\/\/eheating.lt\/en\/wp-json\/wp\/v2\/comments?post=23668"}],"version-history":[{"count":0,"href":"https:\/\/eheating.lt\/en\/wp-json\/wp\/v2\/product\/23668\/revisions"}],"wp:featuredmedia":[{"embeddable":true,"href":"https:\/\/eheating.lt\/en\/wp-json\/wp\/v2\/media\/28815"}],"wp:attachment":[{"href":"https:\/\/eheating.lt\/en\/wp-json\/wp\/v2\/media?parent=23668"}],"wp:term":[{"taxonomy":"product_brand","embeddable":true,"href":"https:\/\/eheating.lt\/en\/wp-json\/wp\/v2\/product_brand?post=23668"},{"taxonomy":"product_cat","embeddable":true,"href":"https:\/\/eheating.lt\/en\/wp-json\/wp\/v2\/product_cat?post=23668"},{"taxonomy":"product_tag","embeddable":true,"href":"https:\/\/eheating.lt\/en\/wp-json\/wp\/v2\/product_tag?post=23668"}],"curies":[{"name":"wp","href":"https:\/\/api.w.org\/{rel}","templated":true}]}}