{"id":23650,"date":"2023-11-17T23:43:01","date_gmt":"2023-11-17T21:43:01","guid":{"rendered":"https:\/\/eheating.lt\/?post_type=product&#038;p=23650"},"modified":"2024-10-18T17:19:52","modified_gmt":"2024-10-18T14:19:52","slug":"hikvision-dome-ds-2ce56d8t-itmf-f2-8","status":"publish","type":"product","link":"https:\/\/eheating.lt\/en\/produktas\/hikvision-dome-ds-2ce56d8t-itmf-f2-8\/","title":{"rendered":"Hikvision dome DS-2CE56D8T-ITMF F2.8"},"content":{"rendered":"<table border=\"0\">\n<colgroup>\n<col \/>\n<col \/> <\/colgroup>\n<tbody>\n<tr>\n<td>Vaizdo jutiklis<\/td>\n<td>2MPCMOS<\/td>\n<\/tr>\n<tr>\n<td>Signal\u0173 sistema<\/td>\n<td>PAL\/NTSC<\/td>\n<\/tr>\n<tr>\n<td>Rezoliucija<\/td>\n<td>1920 (H)\u00d7 1080 (V)<\/td>\n<\/tr>\n<tr>\n<td>Kadr\u0173 da\u017enis<\/td>\n<td>PAL: 1080p@25kps<br \/>\nNTSC: 1080p@30kps<\/td>\n<\/tr>\n<tr>\n<td>Min. ap\u0161vietimas<\/td>\n<td>Spalvotai: 0.003 Lux @ (F1.2, AGC \u012fjungtas), 0 Lux su IR<\/td>\n<\/tr>\n<tr>\n<td>U\u017erakto laikas<\/td>\n<td>PAL: nuo 1\/25s iki 1\/50,000s<br \/>\nNTSC: nuo 1\/30s iki 1\/50,000s<\/td>\n<\/tr>\n<tr>\n<td>Objektyvas<\/td>\n<td>2,8 mm, 3,6 mm, 6 mm fiksuoto \u017eidinio objektyvas<\/td>\n<\/tr>\n<tr>\n<td>Horizontalus reg\u0117jimo laukas<\/td>\n<td>104\u00b0 (2.8 mm), 79.1\u00b0 (3.6 mm), 50.2\u00b0 (6 mm)<\/td>\n<\/tr>\n<tr>\n<td>Objektyvo tvirtinimas<\/td>\n<td>M12<\/td>\n<\/tr>\n<tr>\n<td>Diena \/ naktis<\/td>\n<td>ICR<\/td>\n<\/tr>\n<tr>\n<td>WDR (platus dinaminis diapazonas)<\/td>\n<td>\u2265130dB<\/td>\n<\/tr>\n<tr>\n<td>Kampo reguliavimas<\/td>\n<td>Pakreipimas: nuo 0\u00b0 iki 360\u00b0, pasukimas: nuo 0\u00b0 iki 75\u00b0, pak\u0117limas: nuo 0\u00b0 iki 360\u00b0<\/td>\n<\/tr>\n<tr>\n<td>Vaizdo re\u017eimas<\/td>\n<td>STD\/HIGH-SAT<\/td>\n<\/tr>\n<tr>\n<td>AGC<\/td>\n<td>Taip<\/td>\n<\/tr>\n<tr>\n<td>Dienos \/ nakties re\u017eimas<\/td>\n<td>Automatinis \/ spalvotas \/ nespalvotas<\/td>\n<\/tr>\n<tr>\n<td>Baltos spalvos balansas<\/td>\n<td>Automatinis \/ rankinis<\/td>\n<\/tr>\n<tr>\n<td>Privatumo kauk\u0117<\/td>\n<td>4 programuojamos privatumo kauk\u0117s<\/td>\n<\/tr>\n<tr>\n<td>Judesio aptikimas<\/td>\n<td>4 programuojamos judesio zonos<\/td>\n<\/tr>\n<tr>\n<td>AE (automatin\u0117s ekspozicijos) re\u017eimas<\/td>\n<td>WDR \/ BLC \/ HLC \/ bendras<\/td>\n<\/tr>\n<tr>\n<td>NR (triuk\u0161mo ma\u017einimas)<\/td>\n<td>3D\/2D<\/td>\n<\/tr>\n<tr>\n<td>Kalba<\/td>\n<td>Angl\u0173<\/td>\n<\/tr>\n<tr>\n<td>Funkcijos<\/td>\n<td>\u0160viesumas, ry\u0161kumas, veidrodis, i\u0161manusis IR<\/td>\n<\/tr>\n<tr>\n<td>Vaizdo i\u0161vestis<\/td>\n<td>Perjungiamas TVI \/ AHD \/ CVI \/ CVBS<\/td>\n<\/tr>\n<tr>\n<td>Eksploatavimo s\u0105lygos<\/td>\n<td>Nuo -40 \u00b0 C iki 60 \u00b0 C, dr\u0117gm\u0117: 90% ar ma\u017eiau (nekondensuojantis)<\/td>\n<\/tr>\n<tr>\n<td>Maitinimas<\/td>\n<td>12 VDC \u00b1 25%<\/td>\n<\/tr>\n<tr>\n<td>Energijos s\u0105naudos<\/td>\n<td>Maks. 3.4 W<\/td>\n<\/tr>\n<tr>\n<td>Apsauga<\/td>\n<td>IP67<\/td>\n<\/tr>\n<tr>\n<td>Med\u017eiaga<\/td>\n<td>Metalas<\/td>\n<\/tr>\n<tr>\n<td>IR diapazonas<\/td>\n<td>Iki 20 m<\/td>\n<\/tr>\n<tr>\n<td>Ry\u0161ys<\/td>\n<td>HIKVISION-C<\/td>\n<\/tr>\n<tr>\n<td>Matmenys<\/td>\n<td>89.47 mm \u00d7 68.2 mm<\/td>\n<\/tr>\n<tr>\n<td>Svoris<\/td>\n<td>238 g<\/td>\n<\/tr>\n<\/tbody>\n<\/table>\n","protected":false},"excerpt":{"rendered":"<ul>\n<li>2MP \u201eTurbo\u201c kupolin\u0117 kamera<\/li>\n<li>Objektyvas &#8211; 2,8 mm<\/li>\n<li>Vaizdo jutiklis 2MPCMOS<\/li>\n<li>Min. ap\u0161vietimas: spalva: 0.003Lux @ (F1.2, AGC \u012fjungtas), 0 Lux su IR<\/li>\n<li>IR diapazonas iki 30 m<\/li>\n<li>Vaizdo i\u0161vestis: perjungiama TVI \/ AHD \/ CVI \/ CVBS<\/li>\n<li>Darbo s\u0105lygos nuo -40 \u00b0 C iki + 60 \u00b0 C<\/li>\n<li>IP67<\/li>\n<\/ul>\n","protected":false},"featured_media":28933,"comment_status":"closed","ping_status":"closed","template":"","meta":[],"product_brand":[],"product_cat":[371,344,318],"product_tag":[],"class_list":{"0":"post-23650","1":"product","2":"type-product","3":"status-publish","4":"has-post-thumbnail","6":"product_cat-turbo-hd-kupolines-kameros","7":"product_cat-turbo-hd-kameros","8":"product_cat-turbo-hd-apsauga","10":"first","11":"onbackorder","12":"purchasable","13":"product-type-simple"},"yoast_head":"<!-- This site is optimized with the Yoast SEO Premium plugin v21.5 (Yoast SEO v27.3) - https:\/\/yoast.com\/product\/yoast-seo-premium-wordpress\/ -->\n<title>Hikvision dome DS-2CE56D8T-ITMF F2.8<\/title>\n<meta name=\"description\" content=\"Hikvision dome DS-2CE56D8T-ITMF F2.8 kamera ; Vieno prievado keturi kei\u010diami signalai (TVI\/AHD\/CVI\/CVBS) ; Rai\u0161ka - 2MP ; IR diapazonas iki 30 m\" \/>\n<meta name=\"robots\" content=\"index, follow, max-snippet:-1, max-image-preview:large, max-video-preview:-1\" \/>\n<link rel=\"canonical\" href=\"https:\/\/eheating.lt\/produktas\/hikvision-dome-ds-2ce56d8t-itmf-f2-8\/\" \/>\n<meta property=\"og:locale\" content=\"en_US\" \/>\n<meta property=\"og:type\" content=\"article\" \/>\n<meta property=\"og:title\" content=\"Hikvision dome DS-2CE56D8T-ITMF F2.8\" \/>\n<meta property=\"og:description\" content=\"Hikvision dome DS-2CE56D8T-ITMF F2.8 kamera ; Vieno prievado keturi kei\u010diami signalai (TVI\/AHD\/CVI\/CVBS) ; Rai\u0161ka - 2MP ; IR diapazonas iki 30 m\" \/>\n<meta property=\"og:url\" content=\"https:\/\/eheating.lt\/produktas\/hikvision-dome-ds-2ce56d8t-itmf-f2-8\/\" \/>\n<meta property=\"og:site_name\" content=\"Elektronika Namams\" \/>\n<meta property=\"article:publisher\" content=\"https:\/\/www.facebook.com\/ElektronikaNamams\" \/>\n<meta property=\"article:modified_time\" content=\"2024-10-18T14:19:52+00:00\" \/>\n<meta property=\"og:image\" content=\"https:\/\/eheating.lt\/wp-content\/uploads\/2023\/10\/Hikvision-dome-DS-2CE56D8T-ITMF-F2.8.png\" \/>\n\t<meta property=\"og:image:width\" content=\"800\" \/>\n\t<meta property=\"og:image:height\" content=\"800\" \/>\n\t<meta property=\"og:image:type\" content=\"image\/png\" \/>\n<meta name=\"twitter:card\" content=\"summary_large_image\" \/>\n<meta name=\"twitter:label1\" content=\"Price\" \/>\n\t<meta name=\"twitter:data1\" content=\"77,89&nbsp;&euro;\" \/>\n\t<meta name=\"twitter:label2\" content=\"Availability\" \/>\n\t<meta name=\"twitter:data2\" content=\"On backorder\" \/>\n<script type=\"application\/ld+json\" class=\"yoast-schema-graph\">{\"@context\":\"https:\\\/\\\/schema.org\",\"@graph\":[{\"@type\":\"WebPage\",\"@id\":\"https:\\\/\\\/eheating.lt\\\/produktas\\\/hikvision-dome-ds-2ce56d8t-itmf-f2-8\\\/\",\"url\":\"https:\\\/\\\/eheating.lt\\\/produktas\\\/hikvision-dome-ds-2ce56d8t-itmf-f2-8\\\/\",\"name\":\"Hikvision dome DS-2CE56D8T-ITMF F2.8\",\"isPartOf\":{\"@id\":\"https:\\\/\\\/eheating.lt\\\/#website\"},\"primaryImageOfPage\":{\"@id\":\"https:\\\/\\\/eheating.lt\\\/produktas\\\/hikvision-dome-ds-2ce56d8t-itmf-f2-8\\\/#primaryimage\"},\"image\":{\"@id\":\"https:\\\/\\\/eheating.lt\\\/produktas\\\/hikvision-dome-ds-2ce56d8t-itmf-f2-8\\\/#primaryimage\"},\"thumbnailUrl\":\"https:\\\/\\\/eheating.lt\\\/wp-content\\\/uploads\\\/2023\\\/10\\\/Hikvision-dome-DS-2CE56D8T-ITMF-F2.8.png\",\"datePublished\":\"2023-11-17T21:43:01+00:00\",\"dateModified\":\"2024-10-18T14:19:52+00:00\",\"description\":\"Hikvision dome DS-2CE56D8T-ITMF F2.8 kamera ; Vieno prievado keturi kei\u010diami signalai (TVI\\\/AHD\\\/CVI\\\/CVBS) ; Rai\u0161ka - 2MP ; IR diapazonas iki 30 m\",\"breadcrumb\":{\"@id\":\"https:\\\/\\\/eheating.lt\\\/produktas\\\/hikvision-dome-ds-2ce56d8t-itmf-f2-8\\\/#breadcrumb\"},\"inLanguage\":\"en-US\",\"potentialAction\":[{\"@type\":\"ReadAction\",\"target\":[\"https:\\\/\\\/eheating.lt\\\/produktas\\\/hikvision-dome-ds-2ce56d8t-itmf-f2-8\\\/\"]}]},{\"@type\":\"ImageObject\",\"inLanguage\":\"en-US\",\"@id\":\"https:\\\/\\\/eheating.lt\\\/produktas\\\/hikvision-dome-ds-2ce56d8t-itmf-f2-8\\\/#primaryimage\",\"url\":\"https:\\\/\\\/eheating.lt\\\/wp-content\\\/uploads\\\/2023\\\/10\\\/Hikvision-dome-DS-2CE56D8T-ITMF-F2.8.png\",\"contentUrl\":\"https:\\\/\\\/eheating.lt\\\/wp-content\\\/uploads\\\/2023\\\/10\\\/Hikvision-dome-DS-2CE56D8T-ITMF-F2.8.png\",\"width\":800,\"height\":800,\"caption\":\"Hikvision dome DS-2CE56D8T-ITMF F2.8\"},{\"@type\":\"BreadcrumbList\",\"@id\":\"https:\\\/\\\/eheating.lt\\\/produktas\\\/hikvision-dome-ds-2ce56d8t-itmf-f2-8\\\/#breadcrumb\",\"itemListElement\":[{\"@type\":\"ListItem\",\"position\":1,\"name\":\"Prad\u017eia\",\"item\":\"https:\\\/\\\/eheating.lt\\\/en\\\/\"},{\"@type\":\"ListItem\",\"position\":2,\"name\":\"Shop\",\"item\":\"https:\\\/\\\/eheating.lt\\\/en\\\/?page_id=5734\"},{\"@type\":\"ListItem\",\"position\":3,\"name\":\"Hikvision dome DS-2CE56D8T-ITMF F2.8\"}]},{\"@type\":\"WebSite\",\"@id\":\"https:\\\/\\\/eheating.lt\\\/#website\",\"url\":\"https:\\\/\\\/eheating.lt\\\/\",\"name\":\"eHeating\",\"description\":\"Elektronika ir \u0161ildymas\",\"potentialAction\":[{\"@type\":\"SearchAction\",\"target\":{\"@type\":\"EntryPoint\",\"urlTemplate\":\"https:\\\/\\\/eheating.lt\\\/?s={search_term_string}\"},\"query-input\":{\"@type\":\"PropertyValueSpecification\",\"valueRequired\":true,\"valueName\":\"search_term_string\"}}],\"inLanguage\":\"en-US\"}]}<\/script>\n<meta property=\"product:price:amount\" content=\"77.89\" \/>\n<meta property=\"product:price:currency\" content=\"EUR\" \/>\n<meta property=\"og:availability\" content=\"backorder\" \/>\n<meta property=\"product:availability\" content=\"available for order\" \/>\n<meta property=\"product:retailer_item_id\" content=\"506def68f5d9\" \/>\n<meta property=\"product:condition\" content=\"new\" \/>\n<!-- \/ Yoast SEO Premium plugin. -->","yoast_head_json":{"title":"Hikvision dome DS-2CE56D8T-ITMF F2.8","description":"Hikvision dome DS-2CE56D8T-ITMF F2.8 kamera ; Vieno prievado keturi kei\u010diami signalai (TVI\/AHD\/CVI\/CVBS) ; Rai\u0161ka - 2MP ; IR diapazonas iki 30 m","robots":{"index":"index","follow":"follow","max-snippet":"max-snippet:-1","max-image-preview":"max-image-preview:large","max-video-preview":"max-video-preview:-1"},"canonical":"https:\/\/eheating.lt\/produktas\/hikvision-dome-ds-2ce56d8t-itmf-f2-8\/","og_locale":"en_US","og_type":"article","og_title":"Hikvision dome DS-2CE56D8T-ITMF F2.8","og_description":"Hikvision dome DS-2CE56D8T-ITMF F2.8 kamera ; Vieno prievado keturi kei\u010diami signalai (TVI\/AHD\/CVI\/CVBS) ; Rai\u0161ka - 2MP ; IR diapazonas iki 30 m","og_url":"https:\/\/eheating.lt\/produktas\/hikvision-dome-ds-2ce56d8t-itmf-f2-8\/","og_site_name":"Elektronika Namams","article_publisher":"https:\/\/www.facebook.com\/ElektronikaNamams","article_modified_time":"2024-10-18T14:19:52+00:00","og_image":[{"width":800,"height":800,"url":"https:\/\/eheating.lt\/wp-content\/uploads\/2023\/10\/Hikvision-dome-DS-2CE56D8T-ITMF-F2.8.png","type":"image\/png"}],"twitter_card":"summary_large_image","twitter_misc":{"Price":"77,89&nbsp;&euro;","Availability":"On backorder"},"schema":{"@context":"https:\/\/schema.org","@graph":[{"@type":"WebPage","@id":"https:\/\/eheating.lt\/produktas\/hikvision-dome-ds-2ce56d8t-itmf-f2-8\/","url":"https:\/\/eheating.lt\/produktas\/hikvision-dome-ds-2ce56d8t-itmf-f2-8\/","name":"Hikvision dome DS-2CE56D8T-ITMF F2.8","isPartOf":{"@id":"https:\/\/eheating.lt\/#website"},"primaryImageOfPage":{"@id":"https:\/\/eheating.lt\/produktas\/hikvision-dome-ds-2ce56d8t-itmf-f2-8\/#primaryimage"},"image":{"@id":"https:\/\/eheating.lt\/produktas\/hikvision-dome-ds-2ce56d8t-itmf-f2-8\/#primaryimage"},"thumbnailUrl":"https:\/\/eheating.lt\/wp-content\/uploads\/2023\/10\/Hikvision-dome-DS-2CE56D8T-ITMF-F2.8.png","datePublished":"2023-11-17T21:43:01+00:00","dateModified":"2024-10-18T14:19:52+00:00","description":"Hikvision dome DS-2CE56D8T-ITMF F2.8 kamera ; Vieno prievado keturi kei\u010diami signalai (TVI\/AHD\/CVI\/CVBS) ; Rai\u0161ka - 2MP ; IR diapazonas iki 30 m","breadcrumb":{"@id":"https:\/\/eheating.lt\/produktas\/hikvision-dome-ds-2ce56d8t-itmf-f2-8\/#breadcrumb"},"inLanguage":"en-US","potentialAction":[{"@type":"ReadAction","target":["https:\/\/eheating.lt\/produktas\/hikvision-dome-ds-2ce56d8t-itmf-f2-8\/"]}]},{"@type":"ImageObject","inLanguage":"en-US","@id":"https:\/\/eheating.lt\/produktas\/hikvision-dome-ds-2ce56d8t-itmf-f2-8\/#primaryimage","url":"https:\/\/eheating.lt\/wp-content\/uploads\/2023\/10\/Hikvision-dome-DS-2CE56D8T-ITMF-F2.8.png","contentUrl":"https:\/\/eheating.lt\/wp-content\/uploads\/2023\/10\/Hikvision-dome-DS-2CE56D8T-ITMF-F2.8.png","width":800,"height":800,"caption":"Hikvision dome DS-2CE56D8T-ITMF F2.8"},{"@type":"BreadcrumbList","@id":"https:\/\/eheating.lt\/produktas\/hikvision-dome-ds-2ce56d8t-itmf-f2-8\/#breadcrumb","itemListElement":[{"@type":"ListItem","position":1,"name":"Prad\u017eia","item":"https:\/\/eheating.lt\/en\/"},{"@type":"ListItem","position":2,"name":"Shop","item":"https:\/\/eheating.lt\/en\/?page_id=5734"},{"@type":"ListItem","position":3,"name":"Hikvision dome DS-2CE56D8T-ITMF F2.8"}]},{"@type":"WebSite","@id":"https:\/\/eheating.lt\/#website","url":"https:\/\/eheating.lt\/","name":"eHeating","description":"Elektronika ir \u0161ildymas","potentialAction":[{"@type":"SearchAction","target":{"@type":"EntryPoint","urlTemplate":"https:\/\/eheating.lt\/?s={search_term_string}"},"query-input":{"@type":"PropertyValueSpecification","valueRequired":true,"valueName":"search_term_string"}}],"inLanguage":"en-US"}]},"product_price_amount":"77.89","product_price_currency":"EUR","og_availability":"backorder","product_availability":"available for order","product_retailer_item_id":"506def68f5d9","product_condition":"new"},"_links":{"self":[{"href":"https:\/\/eheating.lt\/en\/wp-json\/wp\/v2\/product\/23650","targetHints":{"allow":["GET"]}}],"collection":[{"href":"https:\/\/eheating.lt\/en\/wp-json\/wp\/v2\/product"}],"about":[{"href":"https:\/\/eheating.lt\/en\/wp-json\/wp\/v2\/types\/product"}],"replies":[{"embeddable":true,"href":"https:\/\/eheating.lt\/en\/wp-json\/wp\/v2\/comments?post=23650"}],"version-history":[{"count":0,"href":"https:\/\/eheating.lt\/en\/wp-json\/wp\/v2\/product\/23650\/revisions"}],"wp:featuredmedia":[{"embeddable":true,"href":"https:\/\/eheating.lt\/en\/wp-json\/wp\/v2\/media\/28933"}],"wp:attachment":[{"href":"https:\/\/eheating.lt\/en\/wp-json\/wp\/v2\/media?parent=23650"}],"wp:term":[{"taxonomy":"product_brand","embeddable":true,"href":"https:\/\/eheating.lt\/en\/wp-json\/wp\/v2\/product_brand?post=23650"},{"taxonomy":"product_cat","embeddable":true,"href":"https:\/\/eheating.lt\/en\/wp-json\/wp\/v2\/product_cat?post=23650"},{"taxonomy":"product_tag","embeddable":true,"href":"https:\/\/eheating.lt\/en\/wp-json\/wp\/v2\/product_tag?post=23650"}],"curies":[{"name":"wp","href":"https:\/\/api.w.org\/{rel}","templated":true}]}}