{"id":23436,"date":"2023-11-13T21:37:44","date_gmt":"2023-11-13T19:37:44","guid":{"rendered":"https:\/\/eheating.lt\/?post_type=product&#038;p=23436"},"modified":"2024-10-18T17:17:28","modified_gmt":"2024-10-18T14:17:28","slug":"hikvision-internetine-kamera-ds-u102","status":"publish","type":"product","link":"https:\/\/eheating.lt\/en\/produktas\/hikvision-internetine-kamera-ds-u102\/","title":{"rendered":"Hikvision internetin\u0117 kamera DS-U102"},"content":{"rendered":"<div class=\"tech-specs-items-description-wrap\">\n<ul class=\"tech-specs-items-description\" data-target=\"Camera\">\n<li class=\"tech-specs-items-description-list\"><span class=\"tech-specs-items-description__title--heading\">Kamera<\/span><\/li>\n<li class=\"tech-specs-items-description-list\"><span class=\"tech-specs-items-description__title\">Sensorius<\/span><span class=\"tech-specs-items-description__title-details\">2 MP CMOS<\/span><\/li>\n<li class=\"tech-specs-items-description-list\"><span class=\"tech-specs-items-description__title\">Signal\u0173 sistema<\/span><span class=\"tech-specs-items-description__title-details\">PAL\/NTSC<\/span><\/li>\n<li class=\"tech-specs-items-description-list\"><span class=\"tech-specs-items-description__title\">Maks. rai\u0161ka<\/span><span class=\"tech-specs-items-description__title-details\">1920 \u00d7 1080<\/span><\/li>\n<li class=\"tech-specs-items-description-list\"><span class=\"tech-specs-items-description__title\">Kadr\u0173 da\u017enis<\/span><span class=\"tech-specs-items-description__title-details\"><span class=\"tech-specs-items-description__title-details\"><br \/>\n<\/span><\/span><\/p>\n<p class=\"mb-p\" style=\"margin-bottom: 0rem; height: auto;\">MJPEG\uff1a<\/p>\n<p class=\"mb-p\" style=\"margin-bottom: 0rem; height: auto;\">640\u00d7480@30fps\/25fps<\/p>\n<p class=\"mb-p\" style=\"margin-bottom: 0rem; height: auto;\">160\u00d7120@30fps\/25fps<\/p>\n<p class=\"mb-p\" style=\"margin-bottom: 0rem; height: auto;\">176\u00d7144@30fps\/25fps<\/p>\n<p class=\"mb-p\" style=\"margin-bottom: 0rem; height: auto;\">320\u00d7240@30fps\/25fps<\/p>\n<p class=\"mb-p\" style=\"margin-bottom: 0rem; height: auto;\">352\u00d7288@30fps\/25fps<\/p>\n<p class=\"mb-p\" style=\"margin-bottom: 0rem; height: auto;\">432\u00d7240@30fps\/25fps<\/p>\n<p class=\"mb-p\" style=\"margin-bottom: 0rem; height: auto;\">640\u00d7360@30fps\/25fps<\/p>\n<p class=\"mb-p\" style=\"margin-bottom: 0rem; height: auto;\">800\u00d7448@30fps\/25fps<\/p>\n<p class=\"mb-p\" style=\"margin-bottom: 0rem; height: auto;\">800\u00d7600@30fps\/25fps<\/p>\n<p class=\"mb-p\" style=\"margin-bottom: 0rem; height: auto;\">864\u00d7480@30fps\/25fps<\/p>\n<p class=\"mb-p\" style=\"margin-bottom: 0rem; height: auto;\">960\u00d7720@30fps\/25fps<\/p>\n<p class=\"mb-p\" style=\"margin-bottom: 0rem; height: auto;\">1024\u00d7576@30fps\/25fps<\/p>\n<p class=\"mb-p\" style=\"margin-bottom: 0rem; height: auto;\">1280\u00d7720@30fps\/25fps<\/p>\n<p class=\"mb-p\" style=\"margin-bottom: 0rem; height: auto;\">1920\u00d71080@30fps\/25fps<\/p>\n<p class=\"mb-p\" style=\"margin-bottom: 0rem; height: auto;\">YUV\uff1a<\/p>\n<p class=\"mb-p\" style=\"margin-bottom: 0rem; height: auto;\">640\u00d7480@30fps<\/p>\n<p class=\"mb-p\" style=\"margin-bottom: 0rem; height: auto;\">160\u00d7120@30fps<\/p>\n<p class=\"mb-p\" style=\"margin-bottom: 0rem; height: auto;\">176\u00d7144@30fps<\/p>\n<p class=\"mb-p\" style=\"margin-bottom: 0rem; height: auto;\">320\u00d7240@30fps<\/p>\n<p class=\"mb-p\" style=\"margin-bottom: 0rem; height: auto;\">352\u00d7288@30fps<\/p>\n<p class=\"mb-p\" style=\"margin-bottom: 0rem; height: auto;\">432\u00d7240@30fps<\/p>\n<p class=\"mb-p\" style=\"margin-bottom: 0rem; height: auto;\">640\u00d7360@30fps<\/p>\n<p class=\"mb-p\" style=\"margin-bottom: 0rem; height: auto;\">800\u00d7448@30fps<\/p>\n<p class=\"mb-p\" style=\"margin-bottom: 0rem; height: auto;\">800\u00d7600@25fps<\/p>\n<p class=\"mb-p\" style=\"margin-bottom: 0rem; height: auto;\">864\u00d7480@29fps<\/p>\n<p class=\"mb-p\" style=\"margin-bottom: 0rem; height: auto;\">960\u00d7720@17fps<\/p>\n<p class=\"mb-p\" style=\"margin-bottom: 0rem; height: auto;\">1024\u00d7576@20fps<\/p>\n<p class=\"mb-p\" style=\"margin-bottom: 0rem; height: auto;\">1280\u00d7720@13fps<\/p>\n<p class=\"mb-p\" style=\"margin-bottom: 0rem; height: auto;\">1600\u00d7896@8fps<\/p>\n<p class=\"mb-p\" style=\"margin-bottom: 0.5em; height: auto;\">1920\u00d71080@5fps<\/p>\n<p>&nbsp;<\/li>\n<li class=\"tech-specs-items-description-list\"><span class=\"tech-specs-items-description__title\">Min. ap\u0161vietimas<\/span><span class=\"tech-specs-items-description__title-details\">0.1 Lux @ (F1.2, AGC ON)<\/span><\/li>\n<li class=\"tech-specs-items-description-list\"><span class=\"tech-specs-items-description__title\">U\u017erakto greitis<\/span><span class=\"tech-specs-items-description__title-details\"><span class=\"tech-specs-items-description__title-details\"><br \/>\n<\/span><\/span><\/p>\n<p class=\"mb-p\" style=\"margin-bottom: 0rem; height: auto;\">PAL: 1\/25 s to 1\/50,000 s<\/p>\n<p class=\"mb-p\" style=\"margin-bottom: 0.5em; height: auto;\">NTSC: 1\/30 s to 1\/50,000 s<\/p>\n<p>&nbsp;<\/li>\n<li class=\"tech-specs-items-description-list\"><span class=\"tech-specs-items-description__title\">L\u0119\u0161iai<\/span><span class=\"tech-specs-items-description__title-details\">3.1 mm to 15.5 mm varifocal lens<\/span><\/li>\n<li class=\"tech-specs-items-description-list\"><span class=\"tech-specs-items-description__title\">FOV<\/span><span class=\"tech-specs-items-description__title-details\"><span class=\"tech-specs-items-description__title-details\"><br \/>\n<\/span><\/span><\/p>\n<p class=\"mb-p\" style=\"margin-bottom: 0rem; height: auto;\">Horizontal FOV: 84.9\u00b0 to 20.8\u00b0<\/p>\n<p class=\"mb-p\" style=\"margin-bottom: 0rem; height: auto;\">Vertical FOV: 92.8\u00b0 to 23.8\u00b0<\/p>\n<p class=\"mb-p\" style=\"margin-bottom: 0.5em; height: auto;\">Diagonal FOV: 94\u00b0 to 23.8\u00b0<\/p>\n<p>&nbsp;<\/li>\n<li class=\"tech-specs-items-description-list\"><span class=\"tech-specs-items-description__title\">Diena &amp; naktis<\/span><span class=\"tech-specs-items-description__title-details\">Color<\/span><\/li>\n<li class=\"tech-specs-items-description-list\"><span class=\"tech-specs-items-description__title\">Platus dinaminis nuotolis<\/span><span class=\"tech-specs-items-description__title-details\">\u2265120 dB <\/span><\/li>\n<li class=\"tech-specs-items-description-list\"><span class=\"tech-specs-items-description__title\">Aptikimo nuotolis<\/span><span class=\"tech-specs-items-description__title-details\">5 m<\/span><\/li>\n<li class=\"tech-specs-items-description-list\"><span class=\"tech-specs-items-description__title\">Kampo pasirinkimas<\/span><span class=\"tech-specs-items-description__title-details\">Pan: -170\u00b0 to 160\u00b0, Tilt:-28\u00b0 to 28\u00b0<\/span><\/li>\n<li class=\"tech-specs-items-description-list\"><span class=\"tech-specs-items-description__title\">Kabelio ilgis<\/span><span class=\"tech-specs-items-description__title-details\">4.5 m<\/span><\/li>\n<\/ul>\n<ul class=\"tech-specs-items-description\" data-target=\"Interface\">\n<li class=\"tech-specs-items-description-list\"><span class=\"tech-specs-items-description__title--heading\">S\u0105saja<\/span><\/li>\n<li class=\"tech-specs-items-description-list\"><span class=\"tech-specs-items-description__title\">Vaizdo i\u0161vestis<\/span><span class=\"tech-specs-items-description__title-details\">USB 2.0<\/span><\/li>\n<li class=\"tech-specs-items-description-list\"><span class=\"tech-specs-items-description__title\">Garso \u012fvestis<\/span><span class=\"tech-specs-items-description__title-details\">Built-in Mic<\/span><\/li>\n<li class=\"tech-specs-items-description-list\"><span class=\"tech-specs-items-description__title\">Operacin\u0117 sistema<\/span><span class=\"tech-specs-items-description__title-details\">Windows XP\/7\/10, Android, Linux, Mac OS <\/span><\/li>\n<\/ul>\n<ul class=\"tech-specs-items-description\" data-target=\"General\">\n<li class=\"tech-specs-items-description-list\"><span class=\"tech-specs-items-description__title--heading\">Pagrindinis<\/span><\/li>\n<li class=\"tech-specs-items-description-list\"><span class=\"tech-specs-items-description__title\">Veikimo s\u0105lygos<\/span><span class=\"tech-specs-items-description__title-details\">-10\u2103 to 50\u2103 (-40\u00b0F to 122\u00b0F); Humidity: 90% or less (non-condensing)<\/span><\/li>\n<li class=\"tech-specs-items-description-list\"><span class=\"tech-specs-items-description__title\">Energijos \u0161altinis<\/span><span class=\"tech-specs-items-description__title-details\"> DC12V\u00b110% <\/span><\/li>\n<li class=\"tech-specs-items-description-list\"><span class=\"tech-specs-items-description__title\">Energijos suvartojimas<\/span><span class=\"tech-specs-items-description__title-details\">5.7 W MAX <\/span><\/li>\n<li class=\"tech-specs-items-description-list\"><span class=\"tech-specs-items-description__title\">Matmenys<\/span><span class=\"tech-specs-items-description__title-details\">145.3 mm \u00d7 145.6 mm \u00d7 145.8 mm (5.7&#8243; \u00d7 5.7&#8243; \u00d7 5.7&#8243;)<\/span><\/li>\n<li class=\"tech-specs-items-description-list\"><span class=\"tech-specs-items-description__title\">Svoris<\/span><span class=\"tech-specs-items-description__title-details\">Approx. 925 g (2.04 lb.)<\/span><\/li>\n<\/ul>\n<ul class=\"tech-specs-items-description\" data-target=\"Function\">\n<li class=\"tech-specs-items-description-list\"><span class=\"tech-specs-items-description__title--heading\">Funkcijos<\/span><\/li>\n<li class=\"tech-specs-items-description-list\"><span class=\"tech-specs-items-description__title\">LED indikatorius<\/span><span class=\"tech-specs-items-description__title-details\">Red: Standby, Blue: Normally Working;Blue Light Flashes Twice: Preset Setting Completed;Red Light Flashes Three Times: Restore to Factory Settings.<\/span><\/li>\n<li class=\"tech-specs-items-description-list\"><span class=\"tech-specs-items-description__title\">Baltumo balansas<\/span><span class=\"tech-specs-items-description__title-details\">Auto<\/span><\/li>\n<\/ul>\n<ul class=\"tech-specs-items-description\" data-target=\"Accessory\">\n<li class=\"tech-specs-items-description-list\"><span class=\"tech-specs-items-description__title--heading\">Priedai<\/span><\/li>\n<li class=\"tech-specs-items-description-list\"><span class=\"tech-specs-items-description__title\">Pakuot\u0117je<\/span><span class=\"tech-specs-items-description__title-details\"><span class=\"tech-specs-items-description__title-details\"><br \/>\n<\/span><\/span><\/p>\n<p class=\"mb-p\" style=\"margin-bottom: 0rem; height: auto;\">Camera (including lens cover) \u00d7 1<\/p>\n<p class=\"mb-p\" style=\"margin-bottom: 0rem; height: auto;\">Remote Control \u00d7 1<\/p>\n<p class=\"mb-p\" style=\"margin-bottom: 0rem; height: auto;\">Power Adapter \u00d7 1<\/p>\n<p class=\"mb-p\" style=\"margin-bottom: 0rem; height: auto;\">Cable \u00d7 1<\/p>\n<p class=\"mb-p\" style=\"margin-bottom: 0rem; height: auto;\">Bracket \u00d7 1<\/p>\n<p class=\"mb-p\" style=\"margin-bottom: 0rem; height: auto;\">Screws \u00d7 1<\/p>\n<p class=\"mb-p\" style=\"margin-bottom: 0.5em; height: auto;\">Quick Start Guide \u00d7 1<\/p>\n<p>&nbsp;<\/li>\n<\/ul>\n<\/div>\n","protected":false},"excerpt":{"rendered":"<ul>\n<li>Rai\u0161ka: 1920 \u00d7 1080<\/li>\n<li>2 MP CMOS<\/li>\n<li>\u012emontuotas mikrofonas<\/li>\n<li>5x optinis priartinimas<\/li>\n<li>USB 2.0<\/li>\n<li>Nuo 3.1 mm iki 15.5 mm motorizuotas l\u0119\u0161is<\/li>\n<\/ul>\n","protected":false},"featured_media":28092,"comment_status":"closed","ping_status":"closed","template":"","meta":[],"product_brand":[],"product_cat":[534,533,477],"product_tag":[],"class_list":{"0":"post-23436","1":"product","2":"type-product","3":"status-publish","4":"has-post-thumbnail","6":"product_cat-ip-kameros","7":"product_cat-ip-vaizdo-stebejimo-sistemos","8":"product_cat-ip-web-kameros","10":"first","11":"onbackorder","12":"purchasable","13":"product-type-simple"},"yoast_head":"<!-- This site is optimized with the Yoast SEO Premium plugin v21.5 (Yoast SEO v27.3) - https:\/\/yoast.com\/product\/yoast-seo-premium-wordpress\/ -->\n<title>Hikvision internetin\u0117 kamera DS-U102<\/title>\n<meta name=\"description\" content=\"Hikvision internetin\u0117 kamera DS-U102 ; \u012emontuotas mikrofonas ; Rai\u0161ka - 4MP ; 5x optinis priartinimas ; USB 2.0 ; Nuo 3.1 mm iki 15.5 mm motorizuotas l\u0119\u0161is\" \/>\n<meta name=\"robots\" content=\"index, follow, max-snippet:-1, max-image-preview:large, max-video-preview:-1\" \/>\n<link rel=\"canonical\" href=\"https:\/\/eheating.lt\/produktas\/hikvision-internetine-kamera-ds-u102\/\" \/>\n<meta property=\"og:locale\" content=\"en_US\" \/>\n<meta property=\"og:type\" content=\"article\" \/>\n<meta property=\"og:title\" content=\"Hikvision internetin\u0117 kamera DS-U102\" \/>\n<meta property=\"og:description\" content=\"Hikvision internetin\u0117 kamera DS-U102 ; \u012emontuotas mikrofonas ; Rai\u0161ka - 4MP ; 5x optinis priartinimas ; USB 2.0 ; Nuo 3.1 mm iki 15.5 mm motorizuotas l\u0119\u0161is\" \/>\n<meta property=\"og:url\" content=\"https:\/\/eheating.lt\/produktas\/hikvision-internetine-kamera-ds-u102\/\" \/>\n<meta property=\"og:site_name\" content=\"Elektronika Namams\" \/>\n<meta property=\"article:publisher\" content=\"https:\/\/www.facebook.com\/ElektronikaNamams\" \/>\n<meta property=\"article:modified_time\" content=\"2024-10-18T14:17:28+00:00\" \/>\n<meta property=\"og:image\" content=\"https:\/\/eheating.lt\/wp-content\/uploads\/2023\/10\/Hikvision-internetine-kamera-DS-U102.png\" \/>\n\t<meta property=\"og:image:width\" content=\"800\" \/>\n\t<meta property=\"og:image:height\" content=\"800\" \/>\n\t<meta property=\"og:image:type\" content=\"image\/png\" \/>\n<meta name=\"twitter:card\" content=\"summary_large_image\" \/>\n<meta name=\"twitter:label1\" content=\"Price\" \/>\n\t<meta name=\"twitter:data1\" content=\"479,74&nbsp;&euro;\" \/>\n\t<meta name=\"twitter:label2\" content=\"Availability\" \/>\n\t<meta name=\"twitter:data2\" content=\"On backorder\" \/>\n<script type=\"application\/ld+json\" class=\"yoast-schema-graph\">{\"@context\":\"https:\\\/\\\/schema.org\",\"@graph\":[{\"@type\":\"WebPage\",\"@id\":\"https:\\\/\\\/eheating.lt\\\/produktas\\\/hikvision-internetine-kamera-ds-u102\\\/\",\"url\":\"https:\\\/\\\/eheating.lt\\\/produktas\\\/hikvision-internetine-kamera-ds-u102\\\/\",\"name\":\"Hikvision internetin\u0117 kamera DS-U102\",\"isPartOf\":{\"@id\":\"https:\\\/\\\/eheating.lt\\\/#website\"},\"primaryImageOfPage\":{\"@id\":\"https:\\\/\\\/eheating.lt\\\/produktas\\\/hikvision-internetine-kamera-ds-u102\\\/#primaryimage\"},\"image\":{\"@id\":\"https:\\\/\\\/eheating.lt\\\/produktas\\\/hikvision-internetine-kamera-ds-u102\\\/#primaryimage\"},\"thumbnailUrl\":\"https:\\\/\\\/eheating.lt\\\/wp-content\\\/uploads\\\/2023\\\/10\\\/Hikvision-internetine-kamera-DS-U102.png\",\"datePublished\":\"2023-11-13T19:37:44+00:00\",\"dateModified\":\"2024-10-18T14:17:28+00:00\",\"description\":\"Hikvision internetin\u0117 kamera DS-U102 ; \u012emontuotas mikrofonas ; Rai\u0161ka - 4MP ; 5x optinis priartinimas ; USB 2.0 ; Nuo 3.1 mm iki 15.5 mm motorizuotas l\u0119\u0161is\",\"breadcrumb\":{\"@id\":\"https:\\\/\\\/eheating.lt\\\/produktas\\\/hikvision-internetine-kamera-ds-u102\\\/#breadcrumb\"},\"inLanguage\":\"en-US\",\"potentialAction\":[{\"@type\":\"ReadAction\",\"target\":[\"https:\\\/\\\/eheating.lt\\\/produktas\\\/hikvision-internetine-kamera-ds-u102\\\/\"]}]},{\"@type\":\"ImageObject\",\"inLanguage\":\"en-US\",\"@id\":\"https:\\\/\\\/eheating.lt\\\/produktas\\\/hikvision-internetine-kamera-ds-u102\\\/#primaryimage\",\"url\":\"https:\\\/\\\/eheating.lt\\\/wp-content\\\/uploads\\\/2023\\\/10\\\/Hikvision-internetine-kamera-DS-U102.png\",\"contentUrl\":\"https:\\\/\\\/eheating.lt\\\/wp-content\\\/uploads\\\/2023\\\/10\\\/Hikvision-internetine-kamera-DS-U102.png\",\"width\":800,\"height\":800,\"caption\":\"Hikvision internetin\u0117 kamera DS-U102\"},{\"@type\":\"BreadcrumbList\",\"@id\":\"https:\\\/\\\/eheating.lt\\\/produktas\\\/hikvision-internetine-kamera-ds-u102\\\/#breadcrumb\",\"itemListElement\":[{\"@type\":\"ListItem\",\"position\":1,\"name\":\"Prad\u017eia\",\"item\":\"https:\\\/\\\/eheating.lt\\\/en\\\/\"},{\"@type\":\"ListItem\",\"position\":2,\"name\":\"Shop\",\"item\":\"https:\\\/\\\/eheating.lt\\\/en\\\/?page_id=5734\"},{\"@type\":\"ListItem\",\"position\":3,\"name\":\"Hikvision internetin\u0117 kamera DS-U102\"}]},{\"@type\":\"WebSite\",\"@id\":\"https:\\\/\\\/eheating.lt\\\/#website\",\"url\":\"https:\\\/\\\/eheating.lt\\\/\",\"name\":\"eHeating\",\"description\":\"Elektronika ir \u0161ildymas\",\"potentialAction\":[{\"@type\":\"SearchAction\",\"target\":{\"@type\":\"EntryPoint\",\"urlTemplate\":\"https:\\\/\\\/eheating.lt\\\/?s={search_term_string}\"},\"query-input\":{\"@type\":\"PropertyValueSpecification\",\"valueRequired\":true,\"valueName\":\"search_term_string\"}}],\"inLanguage\":\"en-US\"}]}<\/script>\n<meta property=\"product:price:amount\" content=\"479.74\" \/>\n<meta property=\"product:price:currency\" content=\"EUR\" \/>\n<meta property=\"og:availability\" content=\"backorder\" \/>\n<meta property=\"product:availability\" content=\"available for order\" \/>\n<meta property=\"product:retailer_item_id\" content=\"30fe0c106145\" \/>\n<meta property=\"product:condition\" content=\"new\" \/>\n<!-- \/ Yoast SEO Premium plugin. -->","yoast_head_json":{"title":"Hikvision internetin\u0117 kamera DS-U102","description":"Hikvision internetin\u0117 kamera DS-U102 ; \u012emontuotas mikrofonas ; Rai\u0161ka - 4MP ; 5x optinis priartinimas ; USB 2.0 ; Nuo 3.1 mm iki 15.5 mm motorizuotas l\u0119\u0161is","robots":{"index":"index","follow":"follow","max-snippet":"max-snippet:-1","max-image-preview":"max-image-preview:large","max-video-preview":"max-video-preview:-1"},"canonical":"https:\/\/eheating.lt\/produktas\/hikvision-internetine-kamera-ds-u102\/","og_locale":"en_US","og_type":"article","og_title":"Hikvision internetin\u0117 kamera DS-U102","og_description":"Hikvision internetin\u0117 kamera DS-U102 ; \u012emontuotas mikrofonas ; Rai\u0161ka - 4MP ; 5x optinis priartinimas ; USB 2.0 ; Nuo 3.1 mm iki 15.5 mm motorizuotas l\u0119\u0161is","og_url":"https:\/\/eheating.lt\/produktas\/hikvision-internetine-kamera-ds-u102\/","og_site_name":"Elektronika Namams","article_publisher":"https:\/\/www.facebook.com\/ElektronikaNamams","article_modified_time":"2024-10-18T14:17:28+00:00","og_image":[{"width":800,"height":800,"url":"https:\/\/eheating.lt\/wp-content\/uploads\/2023\/10\/Hikvision-internetine-kamera-DS-U102.png","type":"image\/png"}],"twitter_card":"summary_large_image","twitter_misc":{"Price":"479,74&nbsp;&euro;","Availability":"On backorder"},"schema":{"@context":"https:\/\/schema.org","@graph":[{"@type":"WebPage","@id":"https:\/\/eheating.lt\/produktas\/hikvision-internetine-kamera-ds-u102\/","url":"https:\/\/eheating.lt\/produktas\/hikvision-internetine-kamera-ds-u102\/","name":"Hikvision internetin\u0117 kamera DS-U102","isPartOf":{"@id":"https:\/\/eheating.lt\/#website"},"primaryImageOfPage":{"@id":"https:\/\/eheating.lt\/produktas\/hikvision-internetine-kamera-ds-u102\/#primaryimage"},"image":{"@id":"https:\/\/eheating.lt\/produktas\/hikvision-internetine-kamera-ds-u102\/#primaryimage"},"thumbnailUrl":"https:\/\/eheating.lt\/wp-content\/uploads\/2023\/10\/Hikvision-internetine-kamera-DS-U102.png","datePublished":"2023-11-13T19:37:44+00:00","dateModified":"2024-10-18T14:17:28+00:00","description":"Hikvision internetin\u0117 kamera DS-U102 ; \u012emontuotas mikrofonas ; Rai\u0161ka - 4MP ; 5x optinis priartinimas ; USB 2.0 ; Nuo 3.1 mm iki 15.5 mm motorizuotas l\u0119\u0161is","breadcrumb":{"@id":"https:\/\/eheating.lt\/produktas\/hikvision-internetine-kamera-ds-u102\/#breadcrumb"},"inLanguage":"en-US","potentialAction":[{"@type":"ReadAction","target":["https:\/\/eheating.lt\/produktas\/hikvision-internetine-kamera-ds-u102\/"]}]},{"@type":"ImageObject","inLanguage":"en-US","@id":"https:\/\/eheating.lt\/produktas\/hikvision-internetine-kamera-ds-u102\/#primaryimage","url":"https:\/\/eheating.lt\/wp-content\/uploads\/2023\/10\/Hikvision-internetine-kamera-DS-U102.png","contentUrl":"https:\/\/eheating.lt\/wp-content\/uploads\/2023\/10\/Hikvision-internetine-kamera-DS-U102.png","width":800,"height":800,"caption":"Hikvision internetin\u0117 kamera DS-U102"},{"@type":"BreadcrumbList","@id":"https:\/\/eheating.lt\/produktas\/hikvision-internetine-kamera-ds-u102\/#breadcrumb","itemListElement":[{"@type":"ListItem","position":1,"name":"Prad\u017eia","item":"https:\/\/eheating.lt\/en\/"},{"@type":"ListItem","position":2,"name":"Shop","item":"https:\/\/eheating.lt\/en\/?page_id=5734"},{"@type":"ListItem","position":3,"name":"Hikvision internetin\u0117 kamera DS-U102"}]},{"@type":"WebSite","@id":"https:\/\/eheating.lt\/#website","url":"https:\/\/eheating.lt\/","name":"eHeating","description":"Elektronika ir \u0161ildymas","potentialAction":[{"@type":"SearchAction","target":{"@type":"EntryPoint","urlTemplate":"https:\/\/eheating.lt\/?s={search_term_string}"},"query-input":{"@type":"PropertyValueSpecification","valueRequired":true,"valueName":"search_term_string"}}],"inLanguage":"en-US"}]},"product_price_amount":"479.74","product_price_currency":"EUR","og_availability":"backorder","product_availability":"available for order","product_retailer_item_id":"30fe0c106145","product_condition":"new"},"_links":{"self":[{"href":"https:\/\/eheating.lt\/en\/wp-json\/wp\/v2\/product\/23436","targetHints":{"allow":["GET"]}}],"collection":[{"href":"https:\/\/eheating.lt\/en\/wp-json\/wp\/v2\/product"}],"about":[{"href":"https:\/\/eheating.lt\/en\/wp-json\/wp\/v2\/types\/product"}],"replies":[{"embeddable":true,"href":"https:\/\/eheating.lt\/en\/wp-json\/wp\/v2\/comments?post=23436"}],"version-history":[{"count":0,"href":"https:\/\/eheating.lt\/en\/wp-json\/wp\/v2\/product\/23436\/revisions"}],"wp:featuredmedia":[{"embeddable":true,"href":"https:\/\/eheating.lt\/en\/wp-json\/wp\/v2\/media\/28092"}],"wp:attachment":[{"href":"https:\/\/eheating.lt\/en\/wp-json\/wp\/v2\/media?parent=23436"}],"wp:term":[{"taxonomy":"product_brand","embeddable":true,"href":"https:\/\/eheating.lt\/en\/wp-json\/wp\/v2\/product_brand?post=23436"},{"taxonomy":"product_cat","embeddable":true,"href":"https:\/\/eheating.lt\/en\/wp-json\/wp\/v2\/product_cat?post=23436"},{"taxonomy":"product_tag","embeddable":true,"href":"https:\/\/eheating.lt\/en\/wp-json\/wp\/v2\/product_tag?post=23436"}],"curies":[{"name":"wp","href":"https:\/\/api.w.org\/{rel}","templated":true}]}}