{"id":23428,"date":"2023-11-13T21:54:26","date_gmt":"2023-11-13T19:54:26","guid":{"rendered":"https:\/\/eheating.lt\/?post_type=product&#038;p=23428"},"modified":"2024-10-18T17:17:09","modified_gmt":"2024-10-18T14:17:09","slug":"hikvision-nvr-ds-9664ni-i16","status":"publish","type":"product","link":"https:\/\/eheating.lt\/en\/produktas\/hikvision-nvr-ds-9664ni-i16\/","title":{"rendered":"Hikvision NVR DS-9664NI-I16"},"content":{"rendered":"<ul class=\"tech-specs-items-description\" data-target=\"Video and Audio\">\n<li class=\"tech-specs-items-description-list\"><span class=\"tech-specs-items-description__title--heading\">Vaizdas ir garsas<\/span><\/li>\n<li class=\"tech-specs-items-description-list\"><span class=\"tech-specs-items-description__title\">IP vaizdo \u012fra\u0161\u0173 \u012fvestis<\/span><span class=\"tech-specs-items-description__title-details\"><span class=\"tech-specs-items-description__title-details\"><br \/>\n<\/span><\/span><\/p>\n<p class=\"mb-p\" style=\"margin-bottom: 0rem; height: auto;\">64-ch<\/p>\n<p class=\"mb-p\" style=\"margin-bottom: 0rem; height: auto;\">Up to 12 MP resolution<\/p>\n<p class=\"mb-p\" style=\"margin-bottom: 0.5em; height: auto;\">*: 32 MP and 24 MP is only available for channel 1 when ultra HD resolution mode is enabled. For DS-9632NI-I16, when ultra HD resolution mode is enabled, it will reduce the IP video input to 24-ch.<\/p>\n<p>&nbsp;<\/li>\n<li class=\"tech-specs-items-description-list\"><span class=\"tech-specs-items-description__title\">\u012eeinantis pralaidumas<\/span><span class=\"tech-specs-items-description__title-details\">320 Mbps<\/span><\/li>\n<li class=\"tech-specs-items-description-list\"><span class=\"tech-specs-items-description__title\">I\u0161einantis pralaidumas<\/span><span class=\"tech-specs-items-description__title-details\">256 Mbps<\/span><\/li>\n<li class=\"tech-specs-items-description-list\"><span class=\"tech-specs-items-description__title\">Incoming Bandwidth (RAID Mode)<\/span><span class=\"tech-specs-items-description__title-details\">200 Mbps<\/span><\/li>\n<li class=\"tech-specs-items-description-list\"><span class=\"tech-specs-items-description__title\">Outgoing Bandwidth (RAID mode)<\/span><span class=\"tech-specs-items-description__title-details\">200 Mbps<\/span><\/li>\n<li class=\"tech-specs-items-description-list\"><span class=\"tech-specs-items-description__title\">HDMI 1 Output<\/span><span class=\"tech-specs-items-description__title-details\">4K (3840 \u00d7 2160)\/60Hz, 4K (3840 \u00d7 2160)\/30Hz, 1920 \u00d7 1080p\/60Hz, 1600 \u00d7 1200\/60Hz, 1280 \u00d7 1024\/60Hz, 1280 \u00d7 720\/60Hz, 1024 \u00d7 768\/60Hz<\/span><\/li>\n<li class=\"tech-specs-items-description-list\"><span class=\"tech-specs-items-description__title\">HDMI 2 Output<\/span><span class=\"tech-specs-items-description__title-details\">1920 \u00d7 1080p\/60Hz, 1280 \u00d7 1024\/60Hz, 1280 \u00d7 720\/60Hz, 1024 \u00d7 768\/60Hz <\/span><\/li>\n<li class=\"tech-specs-items-description-list\"><span class=\"tech-specs-items-description__title\">VGA 1 Output<\/span><span class=\"tech-specs-items-description__title-details\">1920 \u00d7 1080p\/60Hz, 1280 \u00d7 1024\/60Hz, 1280 \u00d7 720\/60Hz, 1024 \u00d7 768\/60Hz<\/span><\/li>\n<li class=\"tech-specs-items-description-list\"><span class=\"tech-specs-items-description__title\">VGA 2 Output<\/span><span class=\"tech-specs-items-description__title-details\">1920 \u00d7 1080p\/60Hz, 1280 \u00d7 1024\/60Hz, 1280 \u00d7 720\/60Hz, 1024 \u00d7 768\/60Hz<\/span><\/li>\n<li class=\"tech-specs-items-description-list\"><span class=\"tech-specs-items-description__title\">Vaizdo i\u0161vesties re\u017eimas<\/span><span class=\"tech-specs-items-description__title-details\"><span class=\"tech-specs-items-description__title-details\"><br \/>\n<\/span><\/span><\/p>\n<p class=\"mb-p\" style=\"margin-bottom: 0rem; height: auto;\">HDMI 1 and VGA 1 provide simultaneous video output, and work as the main output;<\/p>\n<p class=\"mb-p\" style=\"margin-bottom: 0.5em; height: auto;\">HDMI 2 and VGA 2 provide simultaneous video output, and work as the auxiliary output<\/p>\n<p>&nbsp;<\/li>\n<li class=\"tech-specs-items-description-list\"><span class=\"tech-specs-items-description__title\">CVBS i\u0161vestis<\/span><span class=\"tech-specs-items-description__title-details\">1-ch, BNC (1.0 Vp-p, 75 \u03a9), resolution: PAL: 704 \u00d7 576, NTSC: 704 \u00d7 480<\/span><\/li>\n<li class=\"tech-specs-items-description-list\"><span class=\"tech-specs-items-description__title\">Garso \u012fvestis<\/span><span class=\"tech-specs-items-description__title-details\">1-ch, RCA (2.0 Vp-p, 1 K\u03a9) <\/span><\/li>\n<li class=\"tech-specs-items-description-list\"><span class=\"tech-specs-items-description__title\">Garso i\u0161vestis<\/span><span class=\"tech-specs-items-description__title-details\">2-ch, RCA (Linear, 1 K\u03a9) <\/span><\/li>\n<li class=\"tech-specs-items-description-list\"><span class=\"tech-specs-items-description__title\">Dvipusis greitis<\/span><span class=\"tech-specs-items-description__title-details\">1-ch, RCA (2.0 Vp-p, 1 k \u03a9)<\/span><\/li>\n<\/ul>\n<ul class=\"tech-specs-items-description\" data-target=\"Decoding\">\n<li class=\"tech-specs-items-description-list\"><span class=\"tech-specs-items-description__title--heading\">I\u0161kodavimas<\/span><\/li>\n<li class=\"tech-specs-items-description-list\"><span class=\"tech-specs-items-description__title\">Vaizdo i\u0161kodavimo formatas<\/span><span class=\"tech-specs-items-description__title-details\">H.265\/H.265+\/H.264\/H.264+\/MPEG4<\/span><\/li>\n<li class=\"tech-specs-items-description-list\"><span class=\"tech-specs-items-description__title\">\u012era\u0161ymo rai\u0161ka<\/span><span class=\"tech-specs-items-description__title-details\"><span class=\"tech-specs-items-description__title-details\"><br \/>\n<\/span><\/span><\/p>\n<p class=\"mb-p\" style=\"margin-bottom: 0rem; height: auto;\">32 MP\/24 MP\/12 MP\/8 MP\/6 MP\/5 MP\/4 MP\/3 MP\/1080p\/UXGA\/720p\/VGA\/4CIF\/DCIF \/2CIF\/CIF\/QCIF<\/p>\n<p class=\"mb-p\" style=\"margin-bottom: 0.5em; height: auto;\">*: 32 MP and 24 MP is only available for channel 1 when ultra HD resolution mode is enabled. For DS-9632NI-I16, when ultra HD resolution mode is enabled, it will reduce the IP video input to 24-ch.<\/p>\n<p>&nbsp;<\/li>\n<li class=\"tech-specs-items-description-list\"><span class=\"tech-specs-items-description__title\">Sinchroninis atk\u016brimas<\/span><span class=\"tech-specs-items-description__title-details\">16-ch<\/span><\/li>\n<li class=\"tech-specs-items-description-list\"><span class=\"tech-specs-items-description__title\">I\u0161kodavimo paj\u0117gumas<\/span><span class=\"tech-specs-items-description__title-details\">1-ch@32 MP (30 fps)\/2-ch@12 MP (20fps)\/4-ch@8 MP (25fps)\/8-ch@4 MP (30fps)\/16-ch@1080p (30fps)<\/span><\/li>\n<li class=\"tech-specs-items-description-list\"><span class=\"tech-specs-items-description__title\">Dviej\u0173 sraut\u0173 \u012fra\u0161ymas<\/span><span class=\"tech-specs-items-description__title-details\">Ramstis<\/span><\/li>\n<li class=\"tech-specs-items-description-list\"><span class=\"tech-specs-items-description__title\">Srauto tipas<\/span><span class=\"tech-specs-items-description__title-details\">Video, Video &amp; Audio<\/span><\/li>\n<li class=\"tech-specs-items-description-list\"><span class=\"tech-specs-items-description__title\">Garso suspaudimas<\/span><span class=\"tech-specs-items-description__title-details\">G.711ulaw\/G.711alaw\/G.722\/G.726\/AAC\/MP2L2\/PCM<\/span><\/li>\n<\/ul>\n<ul class=\"tech-specs-items-description\" data-target=\"Network\">\n<li class=\"tech-specs-items-description-list\"><span class=\"tech-specs-items-description__title--heading\">Internetas<\/span><\/li>\n<li class=\"tech-specs-items-description-list\"><span class=\"tech-specs-items-description__title\">Nuotolinis prisijungimas<\/span><span class=\"tech-specs-items-description__title-details\">128<\/span><\/li>\n<li class=\"tech-specs-items-description-list\"><span class=\"tech-specs-items-description__title\">Protokolai<\/span><span class=\"tech-specs-items-description__title-details\">TCP\/IP, DHCP, IPv4, IPv6, DNS, DDNS, NTP, RTSP, SADP, SMTP, SNMP, NFS, iSCSI, ISUP, UPnP\u2122, HTTP, HTTPS<\/span><\/li>\n<li class=\"tech-specs-items-description-list\"><span class=\"tech-specs-items-description__title\">Tinklo s\u0105saja<\/span><span class=\"tech-specs-items-description__title-details\">2, RJ-45 10\/100\/1000 Mbps self-adaptive Ethernet interface<\/span><\/li>\n<\/ul>\n<ul class=\"tech-specs-items-description\" data-target=\"RAID\">\n<li class=\"tech-specs-items-description-list\"><span class=\"tech-specs-items-description__title--heading\">RAID<\/span><\/li>\n<li class=\"tech-specs-items-description-list\"><span class=\"tech-specs-items-description__title\">RAID Type<\/span><span class=\"tech-specs-items-description__title-details\">RAID0, RAID1, RAID5, RAID6, and RAID10 (at least 4 TB for each HDD)<\/span><\/li>\n<\/ul>\n<ul class=\"tech-specs-items-description\" data-target=\"Auxiliary Interface\">\n<li class=\"tech-specs-items-description-list\"><span class=\"tech-specs-items-description__title--heading\">S\u0105sajos<\/span><\/li>\n<li class=\"tech-specs-items-description-list\"><span class=\"tech-specs-items-description__title\">Serijin\u0117 s\u0105saja<\/span><span class=\"tech-specs-items-description__title-details\">1 RS-485 (full-duplex), 1 RS-232, 1 keyboard<\/span><\/li>\n<li class=\"tech-specs-items-description-list\"><span class=\"tech-specs-items-description__title\">SATA<\/span><span class=\"tech-specs-items-description__title-details\">16 SATA interfaces supporting hot-plug<\/span><\/li>\n<li class=\"tech-specs-items-description-list\"><span class=\"tech-specs-items-description__title\">eSATA<\/span><span class=\"tech-specs-items-description__title-details\">1 eSATA interface<\/span><\/li>\n<li class=\"tech-specs-items-description-list\"><span class=\"tech-specs-items-description__title\">Talpa<\/span><span class=\"tech-specs-items-description__title-details\">Up to 10TB capacity for each disk<\/span><\/li>\n<li class=\"tech-specs-items-description-list\"><span class=\"tech-specs-items-description__title\">Isp\u0117jamojo signalo \u012fvestis\/i\u0161vestis<\/span><span class=\"tech-specs-items-description__title-details\">16\/8<\/span><\/li>\n<li class=\"tech-specs-items-description-list\"><span class=\"tech-specs-items-description__title\">USB s\u0105saja<\/span><span class=\"tech-specs-items-description__title-details\">Front panel: 2 \u00d7 USB 2.0; Rear panel: 1 \u00d7 USB 3.0<\/span><\/li>\n<\/ul>\n<ul class=\"tech-specs-items-description\" data-target=\"General\">\n<li class=\"tech-specs-items-description-list\"><span class=\"tech-specs-items-description__title--heading\">Pagrindinis<\/span><\/li>\n<li class=\"tech-specs-items-description-list\"><span class=\"tech-specs-items-description__title\">Maitinimas<\/span><span class=\"tech-specs-items-description__title-details\">100 to 240 VAC, 50 to 60 Hz<\/span><\/li>\n<li class=\"tech-specs-items-description-list\"><span class=\"tech-specs-items-description__title\">Energijos sunaudojimas<\/span><span class=\"tech-specs-items-description__title-details\">\u2264 45 W<\/span><\/li>\n<li class=\"tech-specs-items-description-list\"><span class=\"tech-specs-items-description__title\">Darbin\u0117 temperat\u016bra<\/span><span class=\"tech-specs-items-description__title-details\">-10 \u00b0C to 55 \u00b0C (14 \u00b0F to 131 \u00b0F)<\/span><\/li>\n<li class=\"tech-specs-items-description-list\"><span class=\"tech-specs-items-description__title\">Atsparumas dr\u0117gmei<\/span><span class=\"tech-specs-items-description__title-details\">10 to 90 %<\/span><\/li>\n<li class=\"tech-specs-items-description-list\"><span class=\"tech-specs-items-description__title\">Korpusas<\/span><span class=\"tech-specs-items-description__title-details\">3U chassis<\/span><\/li>\n<li class=\"tech-specs-items-description-list\"><span class=\"tech-specs-items-description__title\">Dydis<\/span><span class=\"tech-specs-items-description__title-details\">445 \u00d7 496 \u00d7 146 mm (17.5&#8243; \u00d7 19.5&#8243; \u00d7 5.7&#8243;)<\/span><\/li>\n<li class=\"tech-specs-items-description-list\"><span class=\"tech-specs-items-description__title\">Svoris<\/span><span class=\"tech-specs-items-description__title-details\">\u2264 12.5 kg (27.6 lb)<\/span><\/li>\n<\/ul>\n<ul class=\"tech-specs-items-description\" data-target=\"Certification\">\n<li class=\"tech-specs-items-description-list\"><span class=\"tech-specs-items-description__title--heading\">Sertifikatai<\/span><\/li>\n<li class=\"tech-specs-items-description-list\"><span class=\"tech-specs-items-description__title\">FCC<\/span><span class=\"tech-specs-items-description__title-details\">Part 15 Subpart B, ANSI C63.4-2014<\/span><\/li>\n<li class=\"tech-specs-items-description-list\"><span class=\"tech-specs-items-description__title\">CE<\/span><span class=\"tech-specs-items-description__title-details\">EN 55032:2015, EN 61000-3-2, EN 61000-3-3, EN 50130-4<\/span><\/li>\n<\/ul>\n","protected":false},"excerpt":{"rendered":"<ul>\n<li>64 kanal\u0173 NVR<\/li>\n<li>16 SATA s\u0105saj\u0173 (iki 6TB kiekvienam HDD)<\/li>\n<li>\u012eeinantis srautas iki 320Mbps<\/li>\n<li>Iki 12 Megapikseli\u0173 ra\u0161ymo rai\u0161ka<\/li>\n<li>Garso \u012fvestis\/i\u0161vestis<\/li>\n<li>Pavojaus siganlo \u012fvestis\/i\u0161vestis<\/li>\n<li>2 HDMI\/VGA i\u0161vestys<\/li>\n<\/ul>\n","protected":false},"featured_media":28312,"comment_status":"closed","ping_status":"closed","template":"","meta":[],"product_brand":[],"product_cat":[488,533,440],"product_tag":[],"class_list":{"0":"post-23428","1":"product","2":"type-product","3":"status-publish","4":"has-post-thumbnail","6":"product_cat-64-kanalu-nvr","7":"product_cat-ip-vaizdo-stebejimo-sistemos","8":"product_cat-ip-vaizdo-irasymo-irenginiai","10":"first","11":"onbackorder","12":"purchasable","13":"product-type-simple"},"yoast_head":"<!-- This site is optimized with the Yoast SEO Premium plugin v21.5 (Yoast SEO v27.3) - https:\/\/yoast.com\/product\/yoast-seo-premium-wordpress\/ -->\n<title>Hikvision NVR DS-9664NI-I16<\/title>\n<meta name=\"description\" content=\"Hikvision NVR DS-9664NI-I16 ; Iki 64-ch IP kamer\u0173 kanal\u0173 ; 16 SATA s\u0105saj\u0173 ; \u012eeinantis srautas iki 320Mbps ; Iki 12 Megapikseli\u0173 ra\u0161ymo rai\u0161ka\" \/>\n<meta name=\"robots\" content=\"index, follow, max-snippet:-1, max-image-preview:large, max-video-preview:-1\" \/>\n<link rel=\"canonical\" href=\"https:\/\/eheating.lt\/produktas\/hikvision-nvr-ds-9664ni-i16\/\" \/>\n<meta property=\"og:locale\" content=\"en_US\" \/>\n<meta property=\"og:type\" content=\"article\" \/>\n<meta property=\"og:title\" content=\"Hikvision NVR DS-9664NI-I16\" \/>\n<meta property=\"og:description\" content=\"Hikvision NVR DS-9664NI-I16 ; Iki 64-ch IP kamer\u0173 kanal\u0173 ; 16 SATA s\u0105saj\u0173 ; \u012eeinantis srautas iki 320Mbps ; Iki 12 Megapikseli\u0173 ra\u0161ymo rai\u0161ka\" \/>\n<meta property=\"og:url\" content=\"https:\/\/eheating.lt\/produktas\/hikvision-nvr-ds-9664ni-i16\/\" \/>\n<meta property=\"og:site_name\" content=\"Elektronika Namams\" \/>\n<meta property=\"article:publisher\" content=\"https:\/\/www.facebook.com\/ElektronikaNamams\" \/>\n<meta property=\"article:modified_time\" content=\"2024-10-18T14:17:09+00:00\" \/>\n<meta property=\"og:image\" content=\"https:\/\/eheating.lt\/wp-content\/uploads\/2023\/10\/Hikvision-NVR-DS-9664NI-I16.png\" \/>\n\t<meta property=\"og:image:width\" content=\"800\" \/>\n\t<meta property=\"og:image:height\" content=\"800\" \/>\n\t<meta property=\"og:image:type\" content=\"image\/png\" \/>\n<meta name=\"twitter:card\" content=\"summary_large_image\" \/>\n<meta name=\"twitter:label1\" content=\"Price\" \/>\n\t<meta name=\"twitter:data1\" content=\"5314,40&nbsp;&euro;\" \/>\n\t<meta name=\"twitter:label2\" content=\"Availability\" \/>\n\t<meta name=\"twitter:data2\" content=\"On backorder\" \/>\n<script type=\"application\/ld+json\" class=\"yoast-schema-graph\">{\"@context\":\"https:\\\/\\\/schema.org\",\"@graph\":[{\"@type\":\"WebPage\",\"@id\":\"https:\\\/\\\/eheating.lt\\\/produktas\\\/hikvision-nvr-ds-9664ni-i16\\\/\",\"url\":\"https:\\\/\\\/eheating.lt\\\/produktas\\\/hikvision-nvr-ds-9664ni-i16\\\/\",\"name\":\"Hikvision NVR DS-9664NI-I16\",\"isPartOf\":{\"@id\":\"https:\\\/\\\/eheating.lt\\\/#website\"},\"primaryImageOfPage\":{\"@id\":\"https:\\\/\\\/eheating.lt\\\/produktas\\\/hikvision-nvr-ds-9664ni-i16\\\/#primaryimage\"},\"image\":{\"@id\":\"https:\\\/\\\/eheating.lt\\\/produktas\\\/hikvision-nvr-ds-9664ni-i16\\\/#primaryimage\"},\"thumbnailUrl\":\"https:\\\/\\\/eheating.lt\\\/wp-content\\\/uploads\\\/2023\\\/10\\\/Hikvision-NVR-DS-9664NI-I16.png\",\"datePublished\":\"2023-11-13T19:54:26+00:00\",\"dateModified\":\"2024-10-18T14:17:09+00:00\",\"description\":\"Hikvision NVR DS-9664NI-I16 ; Iki 64-ch IP kamer\u0173 kanal\u0173 ; 16 SATA s\u0105saj\u0173 ; \u012eeinantis srautas iki 320Mbps ; Iki 12 Megapikseli\u0173 ra\u0161ymo rai\u0161ka\",\"breadcrumb\":{\"@id\":\"https:\\\/\\\/eheating.lt\\\/produktas\\\/hikvision-nvr-ds-9664ni-i16\\\/#breadcrumb\"},\"inLanguage\":\"en-US\",\"potentialAction\":[{\"@type\":\"ReadAction\",\"target\":[\"https:\\\/\\\/eheating.lt\\\/produktas\\\/hikvision-nvr-ds-9664ni-i16\\\/\"]}]},{\"@type\":\"ImageObject\",\"inLanguage\":\"en-US\",\"@id\":\"https:\\\/\\\/eheating.lt\\\/produktas\\\/hikvision-nvr-ds-9664ni-i16\\\/#primaryimage\",\"url\":\"https:\\\/\\\/eheating.lt\\\/wp-content\\\/uploads\\\/2023\\\/10\\\/Hikvision-NVR-DS-9664NI-I16.png\",\"contentUrl\":\"https:\\\/\\\/eheating.lt\\\/wp-content\\\/uploads\\\/2023\\\/10\\\/Hikvision-NVR-DS-9664NI-I16.png\",\"width\":800,\"height\":800,\"caption\":\"Hikvision NVR DS-9664NI-I16\"},{\"@type\":\"BreadcrumbList\",\"@id\":\"https:\\\/\\\/eheating.lt\\\/produktas\\\/hikvision-nvr-ds-9664ni-i16\\\/#breadcrumb\",\"itemListElement\":[{\"@type\":\"ListItem\",\"position\":1,\"name\":\"Prad\u017eia\",\"item\":\"https:\\\/\\\/eheating.lt\\\/en\\\/\"},{\"@type\":\"ListItem\",\"position\":2,\"name\":\"Shop\",\"item\":\"https:\\\/\\\/eheating.lt\\\/en\\\/?page_id=5734\"},{\"@type\":\"ListItem\",\"position\":3,\"name\":\"Hikvision NVR DS-9664NI-I16\"}]},{\"@type\":\"WebSite\",\"@id\":\"https:\\\/\\\/eheating.lt\\\/#website\",\"url\":\"https:\\\/\\\/eheating.lt\\\/\",\"name\":\"eHeating\",\"description\":\"Elektronika ir \u0161ildymas\",\"potentialAction\":[{\"@type\":\"SearchAction\",\"target\":{\"@type\":\"EntryPoint\",\"urlTemplate\":\"https:\\\/\\\/eheating.lt\\\/?s={search_term_string}\"},\"query-input\":{\"@type\":\"PropertyValueSpecification\",\"valueRequired\":true,\"valueName\":\"search_term_string\"}}],\"inLanguage\":\"en-US\"}]}<\/script>\n<meta property=\"product:price:amount\" content=\"5314.40\" \/>\n<meta property=\"product:price:currency\" content=\"EUR\" \/>\n<meta property=\"og:availability\" content=\"backorder\" \/>\n<meta property=\"product:availability\" content=\"available for order\" \/>\n<meta property=\"product:retailer_item_id\" content=\"d497f1db00c6\" \/>\n<meta property=\"product:condition\" content=\"new\" \/>\n<!-- \/ Yoast SEO Premium plugin. -->","yoast_head_json":{"title":"Hikvision NVR DS-9664NI-I16","description":"Hikvision NVR DS-9664NI-I16 ; Iki 64-ch IP kamer\u0173 kanal\u0173 ; 16 SATA s\u0105saj\u0173 ; \u012eeinantis srautas iki 320Mbps ; Iki 12 Megapikseli\u0173 ra\u0161ymo rai\u0161ka","robots":{"index":"index","follow":"follow","max-snippet":"max-snippet:-1","max-image-preview":"max-image-preview:large","max-video-preview":"max-video-preview:-1"},"canonical":"https:\/\/eheating.lt\/produktas\/hikvision-nvr-ds-9664ni-i16\/","og_locale":"en_US","og_type":"article","og_title":"Hikvision NVR DS-9664NI-I16","og_description":"Hikvision NVR DS-9664NI-I16 ; Iki 64-ch IP kamer\u0173 kanal\u0173 ; 16 SATA s\u0105saj\u0173 ; \u012eeinantis srautas iki 320Mbps ; Iki 12 Megapikseli\u0173 ra\u0161ymo rai\u0161ka","og_url":"https:\/\/eheating.lt\/produktas\/hikvision-nvr-ds-9664ni-i16\/","og_site_name":"Elektronika Namams","article_publisher":"https:\/\/www.facebook.com\/ElektronikaNamams","article_modified_time":"2024-10-18T14:17:09+00:00","og_image":[{"width":800,"height":800,"url":"https:\/\/eheating.lt\/wp-content\/uploads\/2023\/10\/Hikvision-NVR-DS-9664NI-I16.png","type":"image\/png"}],"twitter_card":"summary_large_image","twitter_misc":{"Price":"5314,40&nbsp;&euro;","Availability":"On backorder"},"schema":{"@context":"https:\/\/schema.org","@graph":[{"@type":"WebPage","@id":"https:\/\/eheating.lt\/produktas\/hikvision-nvr-ds-9664ni-i16\/","url":"https:\/\/eheating.lt\/produktas\/hikvision-nvr-ds-9664ni-i16\/","name":"Hikvision NVR DS-9664NI-I16","isPartOf":{"@id":"https:\/\/eheating.lt\/#website"},"primaryImageOfPage":{"@id":"https:\/\/eheating.lt\/produktas\/hikvision-nvr-ds-9664ni-i16\/#primaryimage"},"image":{"@id":"https:\/\/eheating.lt\/produktas\/hikvision-nvr-ds-9664ni-i16\/#primaryimage"},"thumbnailUrl":"https:\/\/eheating.lt\/wp-content\/uploads\/2023\/10\/Hikvision-NVR-DS-9664NI-I16.png","datePublished":"2023-11-13T19:54:26+00:00","dateModified":"2024-10-18T14:17:09+00:00","description":"Hikvision NVR DS-9664NI-I16 ; Iki 64-ch IP kamer\u0173 kanal\u0173 ; 16 SATA s\u0105saj\u0173 ; \u012eeinantis srautas iki 320Mbps ; Iki 12 Megapikseli\u0173 ra\u0161ymo rai\u0161ka","breadcrumb":{"@id":"https:\/\/eheating.lt\/produktas\/hikvision-nvr-ds-9664ni-i16\/#breadcrumb"},"inLanguage":"en-US","potentialAction":[{"@type":"ReadAction","target":["https:\/\/eheating.lt\/produktas\/hikvision-nvr-ds-9664ni-i16\/"]}]},{"@type":"ImageObject","inLanguage":"en-US","@id":"https:\/\/eheating.lt\/produktas\/hikvision-nvr-ds-9664ni-i16\/#primaryimage","url":"https:\/\/eheating.lt\/wp-content\/uploads\/2023\/10\/Hikvision-NVR-DS-9664NI-I16.png","contentUrl":"https:\/\/eheating.lt\/wp-content\/uploads\/2023\/10\/Hikvision-NVR-DS-9664NI-I16.png","width":800,"height":800,"caption":"Hikvision NVR DS-9664NI-I16"},{"@type":"BreadcrumbList","@id":"https:\/\/eheating.lt\/produktas\/hikvision-nvr-ds-9664ni-i16\/#breadcrumb","itemListElement":[{"@type":"ListItem","position":1,"name":"Prad\u017eia","item":"https:\/\/eheating.lt\/en\/"},{"@type":"ListItem","position":2,"name":"Shop","item":"https:\/\/eheating.lt\/en\/?page_id=5734"},{"@type":"ListItem","position":3,"name":"Hikvision NVR DS-9664NI-I16"}]},{"@type":"WebSite","@id":"https:\/\/eheating.lt\/#website","url":"https:\/\/eheating.lt\/","name":"eHeating","description":"Elektronika ir \u0161ildymas","potentialAction":[{"@type":"SearchAction","target":{"@type":"EntryPoint","urlTemplate":"https:\/\/eheating.lt\/?s={search_term_string}"},"query-input":{"@type":"PropertyValueSpecification","valueRequired":true,"valueName":"search_term_string"}}],"inLanguage":"en-US"}]},"product_price_amount":"5314.40","product_price_currency":"EUR","og_availability":"backorder","product_availability":"available for order","product_retailer_item_id":"d497f1db00c6","product_condition":"new"},"_links":{"self":[{"href":"https:\/\/eheating.lt\/en\/wp-json\/wp\/v2\/product\/23428","targetHints":{"allow":["GET"]}}],"collection":[{"href":"https:\/\/eheating.lt\/en\/wp-json\/wp\/v2\/product"}],"about":[{"href":"https:\/\/eheating.lt\/en\/wp-json\/wp\/v2\/types\/product"}],"replies":[{"embeddable":true,"href":"https:\/\/eheating.lt\/en\/wp-json\/wp\/v2\/comments?post=23428"}],"version-history":[{"count":0,"href":"https:\/\/eheating.lt\/en\/wp-json\/wp\/v2\/product\/23428\/revisions"}],"wp:featuredmedia":[{"embeddable":true,"href":"https:\/\/eheating.lt\/en\/wp-json\/wp\/v2\/media\/28312"}],"wp:attachment":[{"href":"https:\/\/eheating.lt\/en\/wp-json\/wp\/v2\/media?parent=23428"}],"wp:term":[{"taxonomy":"product_brand","embeddable":true,"href":"https:\/\/eheating.lt\/en\/wp-json\/wp\/v2\/product_brand?post=23428"},{"taxonomy":"product_cat","embeddable":true,"href":"https:\/\/eheating.lt\/en\/wp-json\/wp\/v2\/product_cat?post=23428"},{"taxonomy":"product_tag","embeddable":true,"href":"https:\/\/eheating.lt\/en\/wp-json\/wp\/v2\/product_tag?post=23428"}],"curies":[{"name":"wp","href":"https:\/\/api.w.org\/{rel}","templated":true}]}}