{"id":23416,"date":"2023-11-13T21:53:13","date_gmt":"2023-11-13T19:53:13","guid":{"rendered":"https:\/\/eheating.lt\/?post_type=product&#038;p=23416"},"modified":"2024-10-18T17:16:45","modified_gmt":"2024-10-18T14:16:45","slug":"hikvision-nvr-ds-7732nxi-i4-s","status":"publish","type":"product","link":"https:\/\/eheating.lt\/en\/produktas\/hikvision-nvr-ds-7732nxi-i4-s\/","title":{"rendered":"Hikvision NVR DS-7732NXI-I4\/S"},"content":{"rendered":"<table class=\"pro_infobox\">\n<tbody>\n<tr class=\"line\">\n<th class=\"title\" colspan=\"2\" rowspan=\"1\">Sistemos nustatymai<\/th>\n<\/tr>\n<tr class=\"lines\">\n<th colspan=\"1\" rowspan=\"1\" width=\"200\">Vaizdo \u012fvesties kanalai<\/th>\n<td class=\"tdline3\" colspan=\"1\" rowspan=\"1\">32<\/td>\n<\/tr>\n<tr class=\"lines\">\n<th colspan=\"1\" rowspan=\"1\" width=\"200\">\u012evesties pralaidumas<\/th>\n<td class=\"tdline3\" colspan=\"1\" rowspan=\"1\">256 Mbps<\/td>\n<\/tr>\n<tr class=\"lines\">\n<th colspan=\"1\" rowspan=\"1\" width=\"200\">I\u0161vesties pralaidumas<\/th>\n<td class=\"tdline3\" colspan=\"1\" rowspan=\"1\">256 Mbps<\/td>\n<\/tr>\n<tr class=\"lines\">\n<th colspan=\"1\" rowspan=\"1\" width=\"200\">Vaizdo rai\u0161ka<\/th>\n<td class=\"tdline3\" colspan=\"1\" rowspan=\"1\">12MP\/8MP\/7MP\/6MP\/5MP\/4MP\/3MP\/1080p\/UXGA\/720p\/VGA\/4CIF\/DCIF\/2CIF\/CIF\/QCIF<\/td>\n<\/tr>\n<tr class=\"line\">\n<th class=\"title\" colspan=\"2\" rowspan=\"1\">Vaizdo nustatymai<\/th>\n<\/tr>\n<tr class=\"lines\">\n<th colspan=\"1\" rowspan=\"1\" width=\"200\">Vaizdo i\u0161vestis<\/th>\n<td class=\"tdline3\" colspan=\"1\" rowspan=\"1\">2-ch HDMI, 1-ch VGA<\/td>\n<\/tr>\n<tr class=\"lines\">\n<th colspan=\"1\" rowspan=\"1\" width=\"200\">HDMI i\u0161vestis<\/th>\n<td class=\"tdline3\" colspan=\"1\" rowspan=\"1\">HDMI1 output: 4K (3840 \u00d7 2160)\/60Hz, 4K (3840 \u00d7 2160)\/30Hz, 2K (2560 \u00d7 1440)\/60Hz, 1920 \u00d7 1080\/60Hz, 1600 \u00d7 1200\/60Hz, 1280 \u00d7 1024\/60Hz, 1280 \u00d7 720\/60Hz, 1024 \u00d7 768\/60Hz, HDMI1\/VGA simultaneous output HDMI2 output:1920 \u00d7 1080\/60Hz, 1280 \u00d7 1024\/60Hz, 1280 \u00d7 720\/60Hz, 1024 \u00d7 768\/60Hz, HDMI2\/VGA independent output<\/td>\n<\/tr>\n<tr class=\"lines\">\n<th colspan=\"1\" rowspan=\"1\" width=\"200\">VGA i\u0161vestis<\/th>\n<td class=\"tdline3\" colspan=\"1\" rowspan=\"1\">1-ch, 1920 \u00d7 1080\/60Hz, 1280 \u00d7 1024\/60Hz, 1280 \u00d7 720\/60Hz, 1024 \u00d7 768\/60Hz,<\/td>\n<\/tr>\n<tr class=\"lines\">\n<th colspan=\"1\" rowspan=\"1\" width=\"200\">CVBS i\u0161vestis<\/th>\n<td class=\"tdline3\" colspan=\"1\" rowspan=\"1\">1-ch, BNC (1.0 Vp-p, 75 \u03a9), resolution: PAL: 704 \u00d7 576, NTSC: 704 \u00d7 480<\/td>\n<\/tr>\n<tr class=\"lines\">\n<th colspan=\"1\" rowspan=\"1\" width=\"200\">Tiesioginio \u017ei\u016br\u0117jimo lang\u0173 grup\u0117s<\/th>\n<td class=\"tdline3\" colspan=\"1\" rowspan=\"1\">1\/4\/6\/8\/9\/16\/25\/32\/36<\/td>\n<\/tr>\n<tr class=\"lines\">\n<th colspan=\"1\" rowspan=\"1\" width=\"200\">Aux prievado lang\u0173 grup\u0117s<\/th>\n<td class=\"tdline3\" colspan=\"1\" rowspan=\"1\">1\/4\/6\/8\/9\/16\/25\/32\/36<\/td>\n<\/tr>\n<tr class=\"lines\">\n<th colspan=\"1\" rowspan=\"1\" width=\"200\">Vaizdo i\u0161kodavimo formatas<\/th>\n<td class=\"tdline3\" colspan=\"1\" rowspan=\"1\">H.265;H.265+;H.264;H.264+;MPEG4<\/td>\n<\/tr>\n<tr class=\"lines\">\n<th colspan=\"1\" rowspan=\"1\" width=\"200\">I\u0161kodavimo galimyb\u0117s<\/th>\n<td class=\"tdline3\" colspan=\"1\" rowspan=\"1\">16-ch @ 1080p (30 fps)<\/td>\n<\/tr>\n<tr class=\"line\">\n<th class=\"title\" colspan=\"2\" rowspan=\"1\">I\u0161mani analiz\u0117<\/th>\n<\/tr>\n<tr class=\"lines\">\n<th colspan=\"1\" rowspan=\"1\" width=\"200\">Veid\u0173 nuotrauk\u0173 biblioteka<\/th>\n<td class=\"tdline3\" colspan=\"1\" rowspan=\"1\">Up to 16 face picture libraries, with up to 10,000 face pictures in total (each picture \u2264 512 KB, total capacity \u2264 150 MB)<\/td>\n<\/tr>\n<tr class=\"lines\">\n<th colspan=\"1\" rowspan=\"1\" width=\"200\">S\u0105ra\u0161\u0173 bibliotekos talpa<\/th>\n<td class=\"tdline3\" colspan=\"1\" rowspan=\"1\">1w<\/td>\n<\/tr>\n<tr class=\"lines\">\n<th colspan=\"1\" rowspan=\"1\" width=\"200\">S\u0105ra\u0161\u0173 biblioteka<\/th>\n<td class=\"tdline3\" colspan=\"1\" rowspan=\"1\">16<\/td>\n<\/tr>\n<tr class=\"lines\">\n<th colspan=\"1\" rowspan=\"1\" width=\"200\">Veid\u0173 nuotrauk\u0173 lyginimas<\/th>\n<td class=\"tdline3\" colspan=\"1\" rowspan=\"1\">4-ch face picture comparison alarm<\/td>\n<\/tr>\n<tr class=\"lines\">\n<th colspan=\"1\" rowspan=\"1\" width=\"200\">Veid\u0173 nuskaitymas<\/th>\n<td class=\"tdline3\" colspan=\"1\" rowspan=\"1\">1-ch human face capture (HD network camera, up to 4 MP, H.264\/H.265)<\/td>\n<\/tr>\n<tr class=\"line\">\n<th class=\"title\" colspan=\"2\" rowspan=\"1\">Garso nustatymai<\/th>\n<\/tr>\n<tr class=\"lines\">\n<th colspan=\"1\" rowspan=\"1\" width=\"200\">Garso i\u0161kodavimo formatas<\/th>\n<td class=\"tdline3\" colspan=\"1\" rowspan=\"1\">G.711ulaw;G.711alaw;G.722;G.726;MP2L2<\/td>\n<\/tr>\n<tr class=\"lines\">\n<th colspan=\"1\" rowspan=\"1\" width=\"200\">Garso i\u0161vestis<\/th>\n<td class=\"tdline3\" colspan=\"1\" rowspan=\"1\">1-ch, RCA (Linear, 1 K\u03a9)<\/td>\n<\/tr>\n<tr class=\"lines\">\n<th colspan=\"1\" rowspan=\"1\" width=\"200\">Dviej\u0173 keli\u0173 garsas<\/th>\n<td class=\"tdline3\" colspan=\"1\" rowspan=\"1\">1-ch, RCA (2.0 Vp-p, 1 K\u03a9)<\/td>\n<\/tr>\n<tr class=\"line\">\n<th class=\"title\" colspan=\"2\" rowspan=\"1\">HDD valdymas<\/th>\n<\/tr>\n<tr class=\"lines\">\n<th colspan=\"1\" rowspan=\"1\" width=\"200\">HDD Ne.<\/th>\n<td class=\"tdline3\" colspan=\"1\" rowspan=\"1\">4 SATA interfaces<\/td>\n<\/tr>\n<tr class=\"lines\">\n<th colspan=\"1\" rowspan=\"1\" width=\"200\">Talpykla<\/th>\n<td class=\"tdline3\" colspan=\"1\" rowspan=\"1\">1 eSATA interface<\/td>\n<\/tr>\n<tr class=\"line\">\n<th class=\"title\" colspan=\"2\" rowspan=\"1\">Vaizdo \u012fra\u0161\u0173 pa\u0117mimo nustatymai<\/th>\n<\/tr>\n<tr class=\"lines\">\n<th colspan=\"1\" rowspan=\"1\" width=\"200\">Atsukimo r\u0117\u017eimas<\/th>\n<td class=\"tdline3\" colspan=\"1\" rowspan=\"1\">Normal\/Smart, Event, Tag, Eternal File<\/td>\n<\/tr>\n<tr class=\"line\">\n<th class=\"title\" colspan=\"2\" rowspan=\"1\">I\u0161orinis prievadas<\/th>\n<\/tr>\n<tr class=\"lines\">\n<th colspan=\"1\" rowspan=\"1\" width=\"200\">Tinklo s\u0105saja<\/th>\n<td class=\"tdline3\" colspan=\"1\" rowspan=\"1\">2, RJ-45 10\/100\/1000 Mbps self-adaptive Ethernet interface<\/td>\n<\/tr>\n<tr class=\"lines\">\n<th colspan=\"1\" rowspan=\"1\" width=\"200\">Serijinis prievadas<\/th>\n<td class=\"tdline3\" colspan=\"1\" rowspan=\"1\">RS-485 (half-duplex), RS-232, Keyboard<\/td>\n<\/tr>\n<tr class=\"lines\">\n<th colspan=\"1\" rowspan=\"1\" width=\"200\">USB s\u0105saja<\/th>\n<td class=\"tdline3\" colspan=\"1\" rowspan=\"1\">Front panel: 2 \u00d7 USB 2.0; Rear panel: 1 \u00d7 USB 3.0<\/td>\n<\/tr>\n<tr class=\"lines\">\n<th colspan=\"1\" rowspan=\"1\" width=\"200\">Alarm \u012fvestis\/i\u0161vestis<\/th>\n<td class=\"tdline3\" colspan=\"1\" rowspan=\"1\">16\/4<\/td>\n<\/tr>\n<tr class=\"line\">\n<th class=\"title\" colspan=\"2\" rowspan=\"1\">Pagrindiniai standartai<\/th>\n<\/tr>\n<tr class=\"lines\">\n<th colspan=\"1\" rowspan=\"1\" width=\"200\">Galia<\/th>\n<td class=\"tdline3\" colspan=\"1\" rowspan=\"1\">\u2264 80W<\/td>\n<\/tr>\n<tr class=\"lines\">\n<th colspan=\"1\" rowspan=\"1\" width=\"200\">Suvartojimas (be HDD)<\/th>\n<td class=\"tdline3\" colspan=\"1\" rowspan=\"1\">\u2264 30W<\/td>\n<\/tr>\n<tr class=\"lines\">\n<th colspan=\"1\" rowspan=\"1\" width=\"200\">Darbin\u0117 temperat\u016bra<\/th>\n<td class=\"tdline3\" colspan=\"1\" rowspan=\"1\">-10\u2103\uff5e\uff0b55\u2103<\/td>\n<\/tr>\n<tr class=\"lines\">\n<th colspan=\"1\" rowspan=\"1\" width=\"200\">Atsparumas dr\u0117gmei<\/th>\n<td class=\"tdline3\" colspan=\"1\" rowspan=\"1\">10\uff05\uff5e90\uff05<\/td>\n<\/tr>\n<tr class=\"lines\">\n<th colspan=\"1\" rowspan=\"1\" width=\"200\">Chassis<\/th>\n<td class=\"tdline3\" colspan=\"1\" rowspan=\"1\">1.5U<\/td>\n<\/tr>\n<tr class=\"lines\">\n<th colspan=\"1\" rowspan=\"1\" width=\"200\">Matmenys<\/th>\n<td class=\"tdline3\" colspan=\"1\" rowspan=\"1\">445 \u00d7 400 \u00d775 mm ( 17.5&#8243;\u00d7 15.7&#8243; \u00d7 3.0&#8243;)<\/td>\n<\/tr>\n<tr class=\"lines\">\n<th colspan=\"1\" rowspan=\"1\" width=\"200\">Svoris (Without HDD)<\/th>\n<td class=\"tdline3\" colspan=\"1\" rowspan=\"1\">\u2264 5.6 kg (12.3 lb)<\/td>\n<\/tr>\n<\/tbody>\n<\/table>\n","protected":false},"excerpt":{"rendered":"<ul>\n<li>H.265+\/H.265\/H.264+\/H.264 video formatai<\/li>\n<li>Iki 4-ch perimetro apsaugos<\/li>\n<li>Iki 1-ch veido atpa\u017einimo vaizdo \u012fra\u0161ams, arba iki 4-ch veido atpa\u017einimo nuotraukoms<\/li>\n<li>Iki 32-ch IP kameros \u012fvesties<\/li>\n<li>Iki 16-ch 1080p i\u0161kodavimo galimybi\u0173<\/li>\n<li>Iki 256 Mbps \u012fvesties pralaidumo<\/li>\n<\/ul>\n","protected":false},"featured_media":28286,"comment_status":"closed","ping_status":"closed","template":"","meta":[],"product_brand":[],"product_cat":[487,533,440],"product_tag":[],"class_list":{"0":"post-23416","1":"product","2":"type-product","3":"status-publish","4":"has-post-thumbnail","6":"product_cat-32-kanalu-nvr","7":"product_cat-ip-vaizdo-stebejimo-sistemos","8":"product_cat-ip-vaizdo-irasymo-irenginiai","10":"first","11":"onbackorder","12":"purchasable","13":"product-type-simple"},"yoast_head":"<!-- This site is optimized with the Yoast SEO Premium plugin v21.5 (Yoast SEO v27.3) - https:\/\/yoast.com\/product\/yoast-seo-premium-wordpress\/ -->\n<title>Hikvision NVR DS-7732NXI-I4\/S<\/title>\n<meta name=\"description\" content=\"Hikvision NVR DS-7732NXI-I4\/S ; Iki 32-ch IP kamer\u0173 kanal\u0173 ; Iki 1-ch veido atpa\u017einimo ; Iki 256 Mbps \u012fvesties pralaidumo\" \/>\n<meta name=\"robots\" content=\"index, follow, max-snippet:-1, max-image-preview:large, max-video-preview:-1\" \/>\n<link rel=\"canonical\" href=\"https:\/\/eheating.lt\/produktas\/hikvision-nvr-ds-7732nxi-i4-s\/\" \/>\n<meta property=\"og:locale\" content=\"en_US\" \/>\n<meta property=\"og:type\" content=\"article\" \/>\n<meta property=\"og:title\" content=\"Hikvision NVR DS-7732NXI-I4\/S\" \/>\n<meta property=\"og:description\" content=\"Hikvision NVR DS-7732NXI-I4\/S ; Iki 32-ch IP kamer\u0173 kanal\u0173 ; Iki 1-ch veido atpa\u017einimo ; Iki 256 Mbps \u012fvesties pralaidumo\" \/>\n<meta property=\"og:url\" content=\"https:\/\/eheating.lt\/produktas\/hikvision-nvr-ds-7732nxi-i4-s\/\" \/>\n<meta property=\"og:site_name\" content=\"Elektronika Namams\" \/>\n<meta property=\"article:publisher\" content=\"https:\/\/www.facebook.com\/ElektronikaNamams\" \/>\n<meta property=\"article:modified_time\" content=\"2024-10-18T14:16:45+00:00\" \/>\n<meta property=\"og:image\" content=\"https:\/\/eheating.lt\/wp-content\/uploads\/2023\/10\/Hikvision-NVR-DS-7732NXI-I4S.png\" \/>\n\t<meta property=\"og:image:width\" content=\"800\" \/>\n\t<meta property=\"og:image:height\" content=\"800\" \/>\n\t<meta property=\"og:image:type\" content=\"image\/png\" \/>\n<meta name=\"twitter:card\" content=\"summary_large_image\" \/>\n<meta name=\"twitter:label1\" content=\"Price\" \/>\n\t<meta name=\"twitter:data1\" content=\"1084,19&nbsp;&euro;\" \/>\n\t<meta name=\"twitter:label2\" content=\"Availability\" \/>\n\t<meta name=\"twitter:data2\" content=\"On backorder\" \/>\n<script type=\"application\/ld+json\" class=\"yoast-schema-graph\">{\"@context\":\"https:\\\/\\\/schema.org\",\"@graph\":[{\"@type\":\"WebPage\",\"@id\":\"https:\\\/\\\/eheating.lt\\\/produktas\\\/hikvision-nvr-ds-7732nxi-i4-s\\\/\",\"url\":\"https:\\\/\\\/eheating.lt\\\/produktas\\\/hikvision-nvr-ds-7732nxi-i4-s\\\/\",\"name\":\"Hikvision NVR DS-7732NXI-I4\\\/S\",\"isPartOf\":{\"@id\":\"https:\\\/\\\/eheating.lt\\\/#website\"},\"primaryImageOfPage\":{\"@id\":\"https:\\\/\\\/eheating.lt\\\/produktas\\\/hikvision-nvr-ds-7732nxi-i4-s\\\/#primaryimage\"},\"image\":{\"@id\":\"https:\\\/\\\/eheating.lt\\\/produktas\\\/hikvision-nvr-ds-7732nxi-i4-s\\\/#primaryimage\"},\"thumbnailUrl\":\"https:\\\/\\\/eheating.lt\\\/wp-content\\\/uploads\\\/2023\\\/10\\\/Hikvision-NVR-DS-7732NXI-I4S.png\",\"datePublished\":\"2023-11-13T19:53:13+00:00\",\"dateModified\":\"2024-10-18T14:16:45+00:00\",\"description\":\"Hikvision NVR DS-7732NXI-I4\\\/S ; Iki 32-ch IP kamer\u0173 kanal\u0173 ; Iki 1-ch veido atpa\u017einimo ; Iki 256 Mbps \u012fvesties pralaidumo\",\"breadcrumb\":{\"@id\":\"https:\\\/\\\/eheating.lt\\\/produktas\\\/hikvision-nvr-ds-7732nxi-i4-s\\\/#breadcrumb\"},\"inLanguage\":\"en-US\",\"potentialAction\":[{\"@type\":\"ReadAction\",\"target\":[\"https:\\\/\\\/eheating.lt\\\/produktas\\\/hikvision-nvr-ds-7732nxi-i4-s\\\/\"]}]},{\"@type\":\"ImageObject\",\"inLanguage\":\"en-US\",\"@id\":\"https:\\\/\\\/eheating.lt\\\/produktas\\\/hikvision-nvr-ds-7732nxi-i4-s\\\/#primaryimage\",\"url\":\"https:\\\/\\\/eheating.lt\\\/wp-content\\\/uploads\\\/2023\\\/10\\\/Hikvision-NVR-DS-7732NXI-I4S.png\",\"contentUrl\":\"https:\\\/\\\/eheating.lt\\\/wp-content\\\/uploads\\\/2023\\\/10\\\/Hikvision-NVR-DS-7732NXI-I4S.png\",\"width\":800,\"height\":800,\"caption\":\"Hikvision NVR DS-7732NXI-I4\\\/S\"},{\"@type\":\"BreadcrumbList\",\"@id\":\"https:\\\/\\\/eheating.lt\\\/produktas\\\/hikvision-nvr-ds-7732nxi-i4-s\\\/#breadcrumb\",\"itemListElement\":[{\"@type\":\"ListItem\",\"position\":1,\"name\":\"Prad\u017eia\",\"item\":\"https:\\\/\\\/eheating.lt\\\/en\\\/\"},{\"@type\":\"ListItem\",\"position\":2,\"name\":\"Shop\",\"item\":\"https:\\\/\\\/eheating.lt\\\/en\\\/?page_id=5734\"},{\"@type\":\"ListItem\",\"position\":3,\"name\":\"Hikvision NVR DS-7732NXI-I4\\\/S\"}]},{\"@type\":\"WebSite\",\"@id\":\"https:\\\/\\\/eheating.lt\\\/#website\",\"url\":\"https:\\\/\\\/eheating.lt\\\/\",\"name\":\"eHeating\",\"description\":\"Elektronika ir \u0161ildymas\",\"potentialAction\":[{\"@type\":\"SearchAction\",\"target\":{\"@type\":\"EntryPoint\",\"urlTemplate\":\"https:\\\/\\\/eheating.lt\\\/?s={search_term_string}\"},\"query-input\":{\"@type\":\"PropertyValueSpecification\",\"valueRequired\":true,\"valueName\":\"search_term_string\"}}],\"inLanguage\":\"en-US\"}]}<\/script>\n<meta property=\"product:price:amount\" content=\"1084.19\" \/>\n<meta property=\"product:price:currency\" content=\"EUR\" \/>\n<meta property=\"og:availability\" content=\"backorder\" \/>\n<meta property=\"product:availability\" content=\"available for order\" \/>\n<meta property=\"product:retailer_item_id\" content=\"dd847326a7e7\" \/>\n<meta property=\"product:condition\" content=\"new\" \/>\n<!-- \/ Yoast SEO Premium plugin. -->","yoast_head_json":{"title":"Hikvision NVR DS-7732NXI-I4\/S","description":"Hikvision NVR DS-7732NXI-I4\/S ; Iki 32-ch IP kamer\u0173 kanal\u0173 ; Iki 1-ch veido atpa\u017einimo ; Iki 256 Mbps \u012fvesties pralaidumo","robots":{"index":"index","follow":"follow","max-snippet":"max-snippet:-1","max-image-preview":"max-image-preview:large","max-video-preview":"max-video-preview:-1"},"canonical":"https:\/\/eheating.lt\/produktas\/hikvision-nvr-ds-7732nxi-i4-s\/","og_locale":"en_US","og_type":"article","og_title":"Hikvision NVR DS-7732NXI-I4\/S","og_description":"Hikvision NVR DS-7732NXI-I4\/S ; Iki 32-ch IP kamer\u0173 kanal\u0173 ; Iki 1-ch veido atpa\u017einimo ; Iki 256 Mbps \u012fvesties pralaidumo","og_url":"https:\/\/eheating.lt\/produktas\/hikvision-nvr-ds-7732nxi-i4-s\/","og_site_name":"Elektronika Namams","article_publisher":"https:\/\/www.facebook.com\/ElektronikaNamams","article_modified_time":"2024-10-18T14:16:45+00:00","og_image":[{"width":800,"height":800,"url":"https:\/\/eheating.lt\/wp-content\/uploads\/2023\/10\/Hikvision-NVR-DS-7732NXI-I4S.png","type":"image\/png"}],"twitter_card":"summary_large_image","twitter_misc":{"Price":"1084,19&nbsp;&euro;","Availability":"On backorder"},"schema":{"@context":"https:\/\/schema.org","@graph":[{"@type":"WebPage","@id":"https:\/\/eheating.lt\/produktas\/hikvision-nvr-ds-7732nxi-i4-s\/","url":"https:\/\/eheating.lt\/produktas\/hikvision-nvr-ds-7732nxi-i4-s\/","name":"Hikvision NVR DS-7732NXI-I4\/S","isPartOf":{"@id":"https:\/\/eheating.lt\/#website"},"primaryImageOfPage":{"@id":"https:\/\/eheating.lt\/produktas\/hikvision-nvr-ds-7732nxi-i4-s\/#primaryimage"},"image":{"@id":"https:\/\/eheating.lt\/produktas\/hikvision-nvr-ds-7732nxi-i4-s\/#primaryimage"},"thumbnailUrl":"https:\/\/eheating.lt\/wp-content\/uploads\/2023\/10\/Hikvision-NVR-DS-7732NXI-I4S.png","datePublished":"2023-11-13T19:53:13+00:00","dateModified":"2024-10-18T14:16:45+00:00","description":"Hikvision NVR DS-7732NXI-I4\/S ; Iki 32-ch IP kamer\u0173 kanal\u0173 ; Iki 1-ch veido atpa\u017einimo ; Iki 256 Mbps \u012fvesties pralaidumo","breadcrumb":{"@id":"https:\/\/eheating.lt\/produktas\/hikvision-nvr-ds-7732nxi-i4-s\/#breadcrumb"},"inLanguage":"en-US","potentialAction":[{"@type":"ReadAction","target":["https:\/\/eheating.lt\/produktas\/hikvision-nvr-ds-7732nxi-i4-s\/"]}]},{"@type":"ImageObject","inLanguage":"en-US","@id":"https:\/\/eheating.lt\/produktas\/hikvision-nvr-ds-7732nxi-i4-s\/#primaryimage","url":"https:\/\/eheating.lt\/wp-content\/uploads\/2023\/10\/Hikvision-NVR-DS-7732NXI-I4S.png","contentUrl":"https:\/\/eheating.lt\/wp-content\/uploads\/2023\/10\/Hikvision-NVR-DS-7732NXI-I4S.png","width":800,"height":800,"caption":"Hikvision NVR DS-7732NXI-I4\/S"},{"@type":"BreadcrumbList","@id":"https:\/\/eheating.lt\/produktas\/hikvision-nvr-ds-7732nxi-i4-s\/#breadcrumb","itemListElement":[{"@type":"ListItem","position":1,"name":"Prad\u017eia","item":"https:\/\/eheating.lt\/en\/"},{"@type":"ListItem","position":2,"name":"Shop","item":"https:\/\/eheating.lt\/en\/?page_id=5734"},{"@type":"ListItem","position":3,"name":"Hikvision NVR DS-7732NXI-I4\/S"}]},{"@type":"WebSite","@id":"https:\/\/eheating.lt\/#website","url":"https:\/\/eheating.lt\/","name":"eHeating","description":"Elektronika ir \u0161ildymas","potentialAction":[{"@type":"SearchAction","target":{"@type":"EntryPoint","urlTemplate":"https:\/\/eheating.lt\/?s={search_term_string}"},"query-input":{"@type":"PropertyValueSpecification","valueRequired":true,"valueName":"search_term_string"}}],"inLanguage":"en-US"}]},"product_price_amount":"1084.19","product_price_currency":"EUR","og_availability":"backorder","product_availability":"available for order","product_retailer_item_id":"dd847326a7e7","product_condition":"new"},"_links":{"self":[{"href":"https:\/\/eheating.lt\/en\/wp-json\/wp\/v2\/product\/23416","targetHints":{"allow":["GET"]}}],"collection":[{"href":"https:\/\/eheating.lt\/en\/wp-json\/wp\/v2\/product"}],"about":[{"href":"https:\/\/eheating.lt\/en\/wp-json\/wp\/v2\/types\/product"}],"replies":[{"embeddable":true,"href":"https:\/\/eheating.lt\/en\/wp-json\/wp\/v2\/comments?post=23416"}],"version-history":[{"count":0,"href":"https:\/\/eheating.lt\/en\/wp-json\/wp\/v2\/product\/23416\/revisions"}],"wp:featuredmedia":[{"embeddable":true,"href":"https:\/\/eheating.lt\/en\/wp-json\/wp\/v2\/media\/28286"}],"wp:attachment":[{"href":"https:\/\/eheating.lt\/en\/wp-json\/wp\/v2\/media?parent=23416"}],"wp:term":[{"taxonomy":"product_brand","embeddable":true,"href":"https:\/\/eheating.lt\/en\/wp-json\/wp\/v2\/product_brand?post=23416"},{"taxonomy":"product_cat","embeddable":true,"href":"https:\/\/eheating.lt\/en\/wp-json\/wp\/v2\/product_cat?post=23416"},{"taxonomy":"product_tag","embeddable":true,"href":"https:\/\/eheating.lt\/en\/wp-json\/wp\/v2\/product_tag?post=23416"}],"curies":[{"name":"wp","href":"https:\/\/api.w.org\/{rel}","templated":true}]}}