{"id":23414,"date":"2023-11-13T21:50:17","date_gmt":"2023-11-13T19:50:17","guid":{"rendered":"https:\/\/eheating.lt\/?post_type=product&#038;p=23414"},"modified":"2024-10-18T17:16:43","modified_gmt":"2024-10-18T14:16:43","slug":"hikvision-nvr-ds-7608nxi-i2-8p-s","status":"publish","type":"product","link":"https:\/\/eheating.lt\/en\/produktas\/hikvision-nvr-ds-7608nxi-i2-8p-s\/","title":{"rendered":"Hikvision NVR DS-7608NXI-I2\/8P\/S"},"content":{"rendered":"<table>\n<tbody>\n<tr>\n<td>Pavadinimas<\/td>\n<td>Apra\u0161ymas<\/td>\n<\/tr>\n<tr>\n<td>Veid\u0173 atvaizd\u0173 saugykla<\/td>\n<td>Up to 16 face picture libraries, with up to 10,000 face pictures in total (each picture \u2264 512 KB, total capacity \u2264 150 MB)<\/td>\n<\/tr>\n<tr>\n<td>Veid\u0173 atvaizd\u0173 palyginimas<\/td>\n<td>4-ch face picture comparison alarm<\/td>\n<\/tr>\n<tr>\n<td>Veid\u0173 atpa\u017einimas ir analitika<\/td>\n<td>Face picture comparison, human face capture, face picture search<\/td>\n<\/tr>\n<tr>\n<td>Veid\u0173 aptikimas ir analitika<\/td>\n<td>1-ch human face capture (HD network camera, up to 8 MP, H.264\/H.265)<\/td>\n<\/tr>\n<tr>\n<td>\u017dmogus\/transportas atpa\u017einimas<\/td>\n<td>Up to 4-ch 2 MP (H.264\/H.265) video analysis for human and vehicle recognition to reduce false alarm<\/td>\n<\/tr>\n<tr>\n<td>IP vaizdo \u012fvestis<\/td>\n<td>8<\/td>\n<\/tr>\n<tr>\n<td>\u012eeinantis srautas<\/td>\n<td>80 Mbps<\/td>\n<\/tr>\n<tr>\n<td>I\u0161einantis srautas<\/td>\n<td>256 Mbps<\/td>\n<\/tr>\n<tr>\n<td>HDMI 1 i\u0161vestis<\/td>\n<td>HDMI1 output: 4K (3840 \u00d7 2160)\/60Hz, 4K (3840 \u00d7 2160)\/30Hz, 2K (2560 \u00d7 1440)\/60Hz, 1920 \u00d7 1080\/60Hz, 1600 \u00d7 1200\/60Hz, 1280 \u00d7 1024\/60Hz, 1280 \u00d7 720\/60Hz, 1024 \u00d7 768\/60Hz, HDMI1\/VGA simultaneous output HDMI2 output:1920 \u00d7 1080\/60Hz, 1280 \u00d7 1024\/60Hz, 1280 \u00d7 720\/60Hz, 1024 \u00d7 768\/60Hz, HDMI2\/VGA independent output<\/td>\n<\/tr>\n<tr>\n<td>VGA 1 i\u0161vestis<\/td>\n<td>1-ch, 1920 \u00d7 1080\/60Hz, 1280 \u00d7 1024\/60Hz, 1280 \u00d7 720\/60Hz, 1024 \u00d7 768\/60Hz,<\/td>\n<\/tr>\n<tr>\n<td>CVBS i\u0161vestis<\/td>\n<td>1-ch, BNC (1.0 Vp-p, 75 \u03a9), resolution: PAL: 704 \u00d7 576, NTSC: 704 \u00d7 480<\/td>\n<\/tr>\n<tr>\n<td>Garso i\u0161vestis<\/td>\n<td>1-ch, RCA (Linear, 1 K\u03a9)<\/td>\n<\/tr>\n<tr>\n<td>Abipusis garso ry\u0161ys<\/td>\n<td>1-ch, RCA (2.0 Vp-p, 1 K\u03a9)<\/td>\n<\/tr>\n<tr>\n<td>Dekodavimo formatas<\/td>\n<td>H.265,H.265+,H.264,H.264+,MPEG4<\/td>\n<\/tr>\n<tr>\n<td>\u012era\u0161ymo re\u017eoliucija<\/td>\n<td>12MP\/8MP\/6MP\/5MP\/4MP\/3MP\/1080p\/UXGA\/720p\/VGA\/4CIF\/DCIF\/2CIF\/CIF\/QCIF<\/td>\n<\/tr>\n<tr>\n<td>Atk\u016brimo re\u017eimas<\/td>\n<td>Normal\/Smart, Event, Tag, Eternal File<\/td>\n<\/tr>\n<tr>\n<td>Sinchroninis atk\u016brimas<\/td>\n<td>8-ch<\/td>\n<\/tr>\n<tr>\n<td>Vaizdo skaidymas transliuojant<\/td>\n<td>1\/4\/6\/8\/9\/16<\/td>\n<\/tr>\n<tr>\n<td>Papildomo prievado vaizdo skaidymas<\/td>\n<td>1\/4\/6\/8\/9\/16<\/td>\n<\/tr>\n<tr>\n<td>Dekodavimo galimyb\u0117s<\/td>\n<td>8-ch @ 1080p (30 fps)<\/td>\n<\/tr>\n<tr>\n<td>Garso suspaudimas<\/td>\n<td>G.711ulaw,G.711alaw,G.722,G.726,MP2L2<\/td>\n<\/tr>\n<tr>\n<td>TInklo s\u0105saja<\/td>\n<td>1, RJ-45 10\/100\/1000 Mbps self-adaptive Ethernet interface<\/td>\n<\/tr>\n<tr>\n<td>S\u0105saja<\/td>\n<td>8, RJ-45 10\/100 Mbps self-adaptive Ethernet interface<\/td>\n<\/tr>\n<tr>\n<td>Galia<\/td>\n<td>\u2264 120W<\/td>\n<\/tr>\n<tr>\n<td>Standartas<\/td>\n<td>IEEE 802.3 af\/at<\/td>\n<\/tr>\n<tr>\n<td>SATA<\/td>\n<td>2 SATA interfaces<\/td>\n<\/tr>\n<tr>\n<td>Talpa<\/td>\n<td>Up to 8 TB capacity for each disk<\/td>\n<\/tr>\n<tr>\n<td>Serijin\u0117 s\u0105saja<\/td>\n<td>RS-485 (half-duplex), RS-232, Keyboard<\/td>\n<\/tr>\n<tr>\n<td>Aliarmo \u012fvestis\/i\u0161vestis<\/td>\n<td>4\/1<\/td>\n<\/tr>\n<tr>\n<td>USB s\u0105saja<\/td>\n<td>Front panel: 2 \u00d7 USB 2.0; Rear panel: 1 \u00d7 USB 3.0<\/td>\n<\/tr>\n<tr>\n<td>eSATA<\/td>\n<td>1\u4e2aeSATA\u63a5\u53e3<\/td>\n<\/tr>\n<tr>\n<td>Maitinimas<\/td>\n<td>\u2264 180 W<\/td>\n<\/tr>\n<tr>\n<td>Suvartojimas<\/td>\n<td>\u2264 15W<\/td>\n<\/tr>\n<tr>\n<td>Darbin\u0117 temperat\u016bra<\/td>\n<td>-10\u2103\uff5e\uff0b55\u2103<\/td>\n<\/tr>\n<tr>\n<td>Darbo dr\u0117gm\u0117<\/td>\n<td>10\uff05\uff5e90\uff05<\/td>\n<\/tr>\n<tr>\n<td>Laikiklis<\/td>\n<td>1U<\/td>\n<\/tr>\n<tr>\n<td>Matmenys (P \u00d7 G \u00d7 A)<\/td>\n<td>385 \u00d7 315 \u00d752 mm ( 11.6&#8243;\u00d7 9.5&#8243; \u00d7 1.6&#8243;)<\/td>\n<\/tr>\n<tr>\n<td>Svoris<\/td>\n<td>\u2264 3 kg (6.6 lb)<\/td>\n<\/tr>\n<\/tbody>\n<\/table>\n","protected":false},"excerpt":{"rendered":"<ul>\n<li>H.265+\/H.265\/H.264+\/H.264 vaizdo formatai<\/li>\n<li>I\u0161mani analitika paremta giliojo mokymosi algoritmais<\/li>\n<li>Iki 4 kanal\u0173 perimetro apsaugai<\/li>\n<li>1 kanalas veid\u0173 atpa\u017einimui transliacijos metu<\/li>\n<li>Iki 4 kanal\u0173 veid\u0173 atpa\u017einimui pagal nuotrauk\u0105<\/li>\n<li>Iki 8 kanal\u0173 IP kamer\u0173 prijungimui<\/li>\n<li>Iki 16 kanal\u0173 1080p dekodavimui<\/li>\n<\/ul>\n","protected":false},"featured_media":28188,"comment_status":"closed","ping_status":"closed","template":"","meta":[],"product_brand":[],"product_cat":[484,533,440],"product_tag":[],"class_list":{"0":"post-23414","1":"product","2":"type-product","3":"status-publish","4":"has-post-thumbnail","6":"product_cat-8-kanalu-nvr","7":"product_cat-ip-vaizdo-stebejimo-sistemos","8":"product_cat-ip-vaizdo-irasymo-irenginiai","10":"first","11":"onbackorder","12":"purchasable","13":"product-type-simple"},"yoast_head":"<!-- This site is optimized with the Yoast SEO Premium plugin v21.5 (Yoast SEO v27.3) - https:\/\/yoast.com\/product\/yoast-seo-premium-wordpress\/ -->\n<title>Hikvision NVR DS-7608NXI-I2\/8P\/S<\/title>\n<meta name=\"description\" content=\"Hikvision NVR DS-7608NXI-I2\/8P\/S ; I\u0161mani analitika paremta giliojo mokymosi algoritmais ; Iki 4 kanal\u0173 veid\u0173 atpa\u017einimui pagal nuotrauk\u0105\" \/>\n<meta name=\"robots\" content=\"index, follow, max-snippet:-1, max-image-preview:large, max-video-preview:-1\" \/>\n<link rel=\"canonical\" href=\"https:\/\/eheating.lt\/produktas\/hikvision-nvr-ds-7608nxi-i2-8p-s\/\" \/>\n<meta property=\"og:locale\" content=\"en_US\" \/>\n<meta property=\"og:type\" content=\"article\" \/>\n<meta property=\"og:title\" content=\"Hikvision NVR DS-7608NXI-I2\/8P\/S\" \/>\n<meta property=\"og:description\" content=\"Hikvision NVR DS-7608NXI-I2\/8P\/S ; I\u0161mani analitika paremta giliojo mokymosi algoritmais ; Iki 4 kanal\u0173 veid\u0173 atpa\u017einimui pagal nuotrauk\u0105\" \/>\n<meta property=\"og:url\" content=\"https:\/\/eheating.lt\/produktas\/hikvision-nvr-ds-7608nxi-i2-8p-s\/\" \/>\n<meta property=\"og:site_name\" content=\"Elektronika Namams\" \/>\n<meta property=\"article:publisher\" content=\"https:\/\/www.facebook.com\/ElektronikaNamams\" \/>\n<meta property=\"article:modified_time\" content=\"2024-10-18T14:16:43+00:00\" \/>\n<meta property=\"og:image\" content=\"https:\/\/eheating.lt\/wp-content\/uploads\/2023\/10\/Hikvision-NVR-DS-7608NXI-I28PS.png\" \/>\n\t<meta property=\"og:image:width\" content=\"800\" \/>\n\t<meta property=\"og:image:height\" content=\"800\" \/>\n\t<meta property=\"og:image:type\" content=\"image\/png\" \/>\n<meta name=\"twitter:card\" content=\"summary_large_image\" \/>\n<meta name=\"twitter:label1\" content=\"Price\" \/>\n\t<meta name=\"twitter:data1\" content=\"676,07&nbsp;&euro;\" \/>\n\t<meta name=\"twitter:label2\" content=\"Availability\" \/>\n\t<meta name=\"twitter:data2\" content=\"On backorder\" \/>\n<script type=\"application\/ld+json\" class=\"yoast-schema-graph\">{\"@context\":\"https:\\\/\\\/schema.org\",\"@graph\":[{\"@type\":\"WebPage\",\"@id\":\"https:\\\/\\\/eheating.lt\\\/produktas\\\/hikvision-nvr-ds-7608nxi-i2-8p-s\\\/\",\"url\":\"https:\\\/\\\/eheating.lt\\\/produktas\\\/hikvision-nvr-ds-7608nxi-i2-8p-s\\\/\",\"name\":\"Hikvision NVR DS-7608NXI-I2\\\/8P\\\/S\",\"isPartOf\":{\"@id\":\"https:\\\/\\\/eheating.lt\\\/#website\"},\"primaryImageOfPage\":{\"@id\":\"https:\\\/\\\/eheating.lt\\\/produktas\\\/hikvision-nvr-ds-7608nxi-i2-8p-s\\\/#primaryimage\"},\"image\":{\"@id\":\"https:\\\/\\\/eheating.lt\\\/produktas\\\/hikvision-nvr-ds-7608nxi-i2-8p-s\\\/#primaryimage\"},\"thumbnailUrl\":\"https:\\\/\\\/eheating.lt\\\/wp-content\\\/uploads\\\/2023\\\/10\\\/Hikvision-NVR-DS-7608NXI-I28PS.png\",\"datePublished\":\"2023-11-13T19:50:17+00:00\",\"dateModified\":\"2024-10-18T14:16:43+00:00\",\"description\":\"Hikvision NVR DS-7608NXI-I2\\\/8P\\\/S ; I\u0161mani analitika paremta giliojo mokymosi algoritmais ; Iki 4 kanal\u0173 veid\u0173 atpa\u017einimui pagal nuotrauk\u0105\",\"breadcrumb\":{\"@id\":\"https:\\\/\\\/eheating.lt\\\/produktas\\\/hikvision-nvr-ds-7608nxi-i2-8p-s\\\/#breadcrumb\"},\"inLanguage\":\"en-US\",\"potentialAction\":[{\"@type\":\"ReadAction\",\"target\":[\"https:\\\/\\\/eheating.lt\\\/produktas\\\/hikvision-nvr-ds-7608nxi-i2-8p-s\\\/\"]}]},{\"@type\":\"ImageObject\",\"inLanguage\":\"en-US\",\"@id\":\"https:\\\/\\\/eheating.lt\\\/produktas\\\/hikvision-nvr-ds-7608nxi-i2-8p-s\\\/#primaryimage\",\"url\":\"https:\\\/\\\/eheating.lt\\\/wp-content\\\/uploads\\\/2023\\\/10\\\/Hikvision-NVR-DS-7608NXI-I28PS.png\",\"contentUrl\":\"https:\\\/\\\/eheating.lt\\\/wp-content\\\/uploads\\\/2023\\\/10\\\/Hikvision-NVR-DS-7608NXI-I28PS.png\",\"width\":800,\"height\":800,\"caption\":\"Hikvision NVR DS-7608NXI-I2\\\/8P\\\/S\"},{\"@type\":\"BreadcrumbList\",\"@id\":\"https:\\\/\\\/eheating.lt\\\/produktas\\\/hikvision-nvr-ds-7608nxi-i2-8p-s\\\/#breadcrumb\",\"itemListElement\":[{\"@type\":\"ListItem\",\"position\":1,\"name\":\"Prad\u017eia\",\"item\":\"https:\\\/\\\/eheating.lt\\\/en\\\/\"},{\"@type\":\"ListItem\",\"position\":2,\"name\":\"Shop\",\"item\":\"https:\\\/\\\/eheating.lt\\\/en\\\/?page_id=5734\"},{\"@type\":\"ListItem\",\"position\":3,\"name\":\"Hikvision NVR DS-7608NXI-I2\\\/8P\\\/S\"}]},{\"@type\":\"WebSite\",\"@id\":\"https:\\\/\\\/eheating.lt\\\/#website\",\"url\":\"https:\\\/\\\/eheating.lt\\\/\",\"name\":\"eHeating\",\"description\":\"Elektronika ir \u0161ildymas\",\"potentialAction\":[{\"@type\":\"SearchAction\",\"target\":{\"@type\":\"EntryPoint\",\"urlTemplate\":\"https:\\\/\\\/eheating.lt\\\/?s={search_term_string}\"},\"query-input\":{\"@type\":\"PropertyValueSpecification\",\"valueRequired\":true,\"valueName\":\"search_term_string\"}}],\"inLanguage\":\"en-US\"}]}<\/script>\n<meta property=\"product:price:amount\" content=\"676.07\" \/>\n<meta property=\"product:price:currency\" content=\"EUR\" \/>\n<meta property=\"og:availability\" content=\"backorder\" \/>\n<meta property=\"product:availability\" content=\"available for order\" \/>\n<meta property=\"product:retailer_item_id\" content=\"a8a0152ef22f\" \/>\n<meta property=\"product:condition\" content=\"new\" \/>\n<!-- \/ Yoast SEO Premium plugin. -->","yoast_head_json":{"title":"Hikvision NVR DS-7608NXI-I2\/8P\/S","description":"Hikvision NVR DS-7608NXI-I2\/8P\/S ; I\u0161mani analitika paremta giliojo mokymosi algoritmais ; Iki 4 kanal\u0173 veid\u0173 atpa\u017einimui pagal nuotrauk\u0105","robots":{"index":"index","follow":"follow","max-snippet":"max-snippet:-1","max-image-preview":"max-image-preview:large","max-video-preview":"max-video-preview:-1"},"canonical":"https:\/\/eheating.lt\/produktas\/hikvision-nvr-ds-7608nxi-i2-8p-s\/","og_locale":"en_US","og_type":"article","og_title":"Hikvision NVR DS-7608NXI-I2\/8P\/S","og_description":"Hikvision NVR DS-7608NXI-I2\/8P\/S ; I\u0161mani analitika paremta giliojo mokymosi algoritmais ; Iki 4 kanal\u0173 veid\u0173 atpa\u017einimui pagal nuotrauk\u0105","og_url":"https:\/\/eheating.lt\/produktas\/hikvision-nvr-ds-7608nxi-i2-8p-s\/","og_site_name":"Elektronika Namams","article_publisher":"https:\/\/www.facebook.com\/ElektronikaNamams","article_modified_time":"2024-10-18T14:16:43+00:00","og_image":[{"width":800,"height":800,"url":"https:\/\/eheating.lt\/wp-content\/uploads\/2023\/10\/Hikvision-NVR-DS-7608NXI-I28PS.png","type":"image\/png"}],"twitter_card":"summary_large_image","twitter_misc":{"Price":"676,07&nbsp;&euro;","Availability":"On backorder"},"schema":{"@context":"https:\/\/schema.org","@graph":[{"@type":"WebPage","@id":"https:\/\/eheating.lt\/produktas\/hikvision-nvr-ds-7608nxi-i2-8p-s\/","url":"https:\/\/eheating.lt\/produktas\/hikvision-nvr-ds-7608nxi-i2-8p-s\/","name":"Hikvision NVR DS-7608NXI-I2\/8P\/S","isPartOf":{"@id":"https:\/\/eheating.lt\/#website"},"primaryImageOfPage":{"@id":"https:\/\/eheating.lt\/produktas\/hikvision-nvr-ds-7608nxi-i2-8p-s\/#primaryimage"},"image":{"@id":"https:\/\/eheating.lt\/produktas\/hikvision-nvr-ds-7608nxi-i2-8p-s\/#primaryimage"},"thumbnailUrl":"https:\/\/eheating.lt\/wp-content\/uploads\/2023\/10\/Hikvision-NVR-DS-7608NXI-I28PS.png","datePublished":"2023-11-13T19:50:17+00:00","dateModified":"2024-10-18T14:16:43+00:00","description":"Hikvision NVR DS-7608NXI-I2\/8P\/S ; I\u0161mani analitika paremta giliojo mokymosi algoritmais ; Iki 4 kanal\u0173 veid\u0173 atpa\u017einimui pagal nuotrauk\u0105","breadcrumb":{"@id":"https:\/\/eheating.lt\/produktas\/hikvision-nvr-ds-7608nxi-i2-8p-s\/#breadcrumb"},"inLanguage":"en-US","potentialAction":[{"@type":"ReadAction","target":["https:\/\/eheating.lt\/produktas\/hikvision-nvr-ds-7608nxi-i2-8p-s\/"]}]},{"@type":"ImageObject","inLanguage":"en-US","@id":"https:\/\/eheating.lt\/produktas\/hikvision-nvr-ds-7608nxi-i2-8p-s\/#primaryimage","url":"https:\/\/eheating.lt\/wp-content\/uploads\/2023\/10\/Hikvision-NVR-DS-7608NXI-I28PS.png","contentUrl":"https:\/\/eheating.lt\/wp-content\/uploads\/2023\/10\/Hikvision-NVR-DS-7608NXI-I28PS.png","width":800,"height":800,"caption":"Hikvision NVR DS-7608NXI-I2\/8P\/S"},{"@type":"BreadcrumbList","@id":"https:\/\/eheating.lt\/produktas\/hikvision-nvr-ds-7608nxi-i2-8p-s\/#breadcrumb","itemListElement":[{"@type":"ListItem","position":1,"name":"Prad\u017eia","item":"https:\/\/eheating.lt\/en\/"},{"@type":"ListItem","position":2,"name":"Shop","item":"https:\/\/eheating.lt\/en\/?page_id=5734"},{"@type":"ListItem","position":3,"name":"Hikvision NVR DS-7608NXI-I2\/8P\/S"}]},{"@type":"WebSite","@id":"https:\/\/eheating.lt\/#website","url":"https:\/\/eheating.lt\/","name":"eHeating","description":"Elektronika ir \u0161ildymas","potentialAction":[{"@type":"SearchAction","target":{"@type":"EntryPoint","urlTemplate":"https:\/\/eheating.lt\/?s={search_term_string}"},"query-input":{"@type":"PropertyValueSpecification","valueRequired":true,"valueName":"search_term_string"}}],"inLanguage":"en-US"}]},"product_price_amount":"676.07","product_price_currency":"EUR","og_availability":"backorder","product_availability":"available for order","product_retailer_item_id":"a8a0152ef22f","product_condition":"new"},"_links":{"self":[{"href":"https:\/\/eheating.lt\/en\/wp-json\/wp\/v2\/product\/23414","targetHints":{"allow":["GET"]}}],"collection":[{"href":"https:\/\/eheating.lt\/en\/wp-json\/wp\/v2\/product"}],"about":[{"href":"https:\/\/eheating.lt\/en\/wp-json\/wp\/v2\/types\/product"}],"replies":[{"embeddable":true,"href":"https:\/\/eheating.lt\/en\/wp-json\/wp\/v2\/comments?post=23414"}],"version-history":[{"count":0,"href":"https:\/\/eheating.lt\/en\/wp-json\/wp\/v2\/product\/23414\/revisions"}],"wp:featuredmedia":[{"embeddable":true,"href":"https:\/\/eheating.lt\/en\/wp-json\/wp\/v2\/media\/28188"}],"wp:attachment":[{"href":"https:\/\/eheating.lt\/en\/wp-json\/wp\/v2\/media?parent=23414"}],"wp:term":[{"taxonomy":"product_brand","embeddable":true,"href":"https:\/\/eheating.lt\/en\/wp-json\/wp\/v2\/product_brand?post=23414"},{"taxonomy":"product_cat","embeddable":true,"href":"https:\/\/eheating.lt\/en\/wp-json\/wp\/v2\/product_cat?post=23414"},{"taxonomy":"product_tag","embeddable":true,"href":"https:\/\/eheating.lt\/en\/wp-json\/wp\/v2\/product_tag?post=23414"}],"curies":[{"name":"wp","href":"https:\/\/api.w.org\/{rel}","templated":true}]}}