{"id":23410,"date":"2023-11-13T21:48:53","date_gmt":"2023-11-13T19:48:53","guid":{"rendered":"https:\/\/eheating.lt\/?post_type=product&#038;p=23410"},"modified":"2024-10-18T17:16:41","modified_gmt":"2024-10-18T14:16:41","slug":"hikvision-nvr-ds-7108ni-k1-w-m","status":"publish","type":"product","link":"https:\/\/eheating.lt\/en\/produktas\/hikvision-nvr-ds-7108ni-k1-w-m\/","title":{"rendered":"Hikvision NVR DS-7108NI-K1\/W\/M"},"content":{"rendered":"<table>\n<tbody>\n<tr>\n<th colspan=\"2\">Vaizdo\/garso \u012fvestis<\/th>\n<\/tr>\n<tr>\n<td class=\"td1\">Garso \u012fvestis<\/td>\n<td>1-ch, RCA (2.0 Vp-p, 1k\u03a9)<\/td>\n<\/tr>\n<tr>\n<td class=\"td1\">IP vaizdo \u012fvestis<\/td>\n<td>8-ch<\/td>\n<\/tr>\n<tr>\n<td class=\"td1\">Garso i\u0161vestis<\/td>\n<td>1-ch, RCA (2.0Vp-p, 1k\u03a9)<\/td>\n<\/tr>\n<tr>\n<th colspan=\"2\">Tinklas<\/th>\n<\/tr>\n<tr>\n<td class=\"td1\">\u012eeinantis srautas<\/td>\n<td>50Mbps<\/td>\n<\/tr>\n<tr>\n<td class=\"td1\">I\u0161einantis srautas<\/td>\n<td>40Mbps<\/td>\n<\/tr>\n<tr>\n<th colspan=\"2\">Vaizdo\/garso i\u0161vestis<\/th>\n<\/tr>\n<tr>\n<td class=\"td1\">HDMI\/VGA i\u0161vestis<\/td>\n<td>1-ch, resolution:<br \/>\n1920 \u00d7 1080P \/60Hz, 1280 \u00d7 1024 \/60Hz, 1280 \u00d7 720 \/60Hz, 1024 \u00d7 768 \/60Hz<\/td>\n<\/tr>\n<tr>\n<td class=\"td1\">Garso i\u0161vestis<\/td>\n<td>1-ch, RCA (Linear, 1k\u03a9)<\/td>\n<\/tr>\n<tr>\n<th colspan=\"2\">Kodavimas<\/th>\n<\/tr>\n<tr>\n<td class=\"td1\">Paj\u0117gumas<\/td>\n<td>1-ch @ 4 MP \/ 2-ch @ 1080p<\/td>\n<\/tr>\n<tr>\n<th colspan=\"2\">Kietasis diskas<\/th>\n<\/tr>\n<tr>\n<td class=\"td1\">S\u0105sajos tipas<\/td>\n<td>1 SATA interface<\/td>\n<\/tr>\n<tr>\n<td class=\"td1\">SATA<\/td>\n<td>1 SATA interface for 1 HDD<\/td>\n<\/tr>\n<tr>\n<td class=\"td1\">Paj\u0117gumas<\/td>\n<td>Up to 6TB capacity for each HDD<\/td>\n<\/tr>\n<tr>\n<th colspan=\"2\">I\u0161orin\u0117 s\u0105saja<\/th>\n<\/tr>\n<tr>\n<td class=\"td1\">Tinklo s\u0105saja<\/td>\n<td>1 RJ-45 10 \/ 100 Mbps selfadaptive<br \/>\nEthernet interface<\/td>\n<\/tr>\n<tr>\n<td class=\"td1\">USB s\u0105saja<\/td>\n<td>2, USB2.0<\/td>\n<\/tr>\n<tr>\n<th colspan=\"2\">Pagrindin\u0117s savyb\u0117s<\/th>\n<\/tr>\n<tr>\n<td class=\"td1\">Maitinimas<\/td>\n<td>12 VDC<\/td>\n<\/tr>\n<tr>\n<td class=\"td1\">Energijos suvartojimas<\/td>\n<td>\u2264 12 W\u00a0(without hard disk and POE)<\/td>\n<\/tr>\n<tr>\n<td class=\"td1\">Veikimo temperat\u016bra<\/td>\n<td>-10 oC ~ +55 oC (+14 oF~ + 131 oF)<\/td>\n<\/tr>\n<tr>\n<td class=\"td1\">Santykinis oro dr\u0117gnumas<\/td>\n<td>10 % ~ 90 %<\/td>\n<\/tr>\n<tr>\n<td class=\"td1\">I\u0161matavimai<\/td>\n<td>260 \u00d7 246 \u00d7 48 mm (10.2&#8243; \u00d7 9.7&#8243; \u00d7 1.9&#8243;)<\/td>\n<\/tr>\n<tr>\n<td class=\"td1\">Svoris(be HDD):<\/td>\n<td>\u2264 1 kg (2.2 lb)<\/td>\n<\/tr>\n<\/tbody>\n<\/table>\n","protected":false},"excerpt":{"rendered":"<ul>\n<li>8 kanal\u0173 NVR<\/li>\n<li>Wi-Fi funkcija<\/li>\n<li>1 SATA s\u0105saja (iki 6TB kiekvienam HDD)<\/li>\n<li>\u012eeinantis srautas iki 50Mbps<\/li>\n<li>Iki 4 Mpx ra\u0161ymo rai\u0161ka<\/li>\n<li>HDMI\/VGA i\u0161vestis<\/li>\n<\/ul>\n","protected":false},"featured_media":28156,"comment_status":"closed","ping_status":"closed","template":"","meta":[],"product_brand":[],"product_cat":[486,533,440],"product_tag":[],"class_list":{"0":"post-23410","1":"product","2":"type-product","3":"status-publish","4":"has-post-thumbnail","6":"product_cat-4-kanalu-nvr","7":"product_cat-ip-vaizdo-stebejimo-sistemos","8":"product_cat-ip-vaizdo-irasymo-irenginiai","10":"first","11":"instock","12":"purchasable","13":"product-type-simple"},"yoast_head":"<!-- This site is optimized with the Yoast SEO Premium plugin v21.5 (Yoast SEO v27.3) - https:\/\/yoast.com\/product\/yoast-seo-premium-wordpress\/ -->\n<title>Hikvision NVR DS-7108NI-K1\/W\/M<\/title>\n<meta name=\"description\" content=\"Hikvision NVR DS-7108NI-K1\/W\/M ; Wi-Fi funkcija ; \u012eeinantis srautas iki 50Mbps ; Iki 4 Mpx ra\u0161ymo rai\u0161ka ; 8 kanal\u0173 NVR\u00a0; HDMI\/VGA i\u0161vestis\" \/>\n<meta name=\"robots\" content=\"index, follow, max-snippet:-1, max-image-preview:large, max-video-preview:-1\" \/>\n<link rel=\"canonical\" href=\"https:\/\/eheating.lt\/en\/produktas\/hikvision-nvr-ds-7108ni-k1-w-m\/\" \/>\n<meta property=\"og:locale\" content=\"en_US\" \/>\n<meta property=\"og:type\" content=\"article\" \/>\n<meta property=\"og:title\" content=\"Hikvision NVR DS-7108NI-K1\/W\/M\" \/>\n<meta property=\"og:description\" content=\"Hikvision NVR DS-7108NI-K1\/W\/M ; Wi-Fi funkcija ; \u012eeinantis srautas iki 50Mbps ; Iki 4 Mpx ra\u0161ymo rai\u0161ka ; 8 kanal\u0173 NVR\u00a0; HDMI\/VGA i\u0161vestis\" \/>\n<meta property=\"og:url\" content=\"https:\/\/eheating.lt\/en\/produktas\/hikvision-nvr-ds-7108ni-k1-w-m\/\" \/>\n<meta property=\"og:site_name\" content=\"Elektronika Namams\" \/>\n<meta property=\"article:publisher\" content=\"https:\/\/www.facebook.com\/ElektronikaNamams\" \/>\n<meta property=\"article:modified_time\" content=\"2024-10-18T14:16:41+00:00\" \/>\n<meta property=\"og:image\" content=\"https:\/\/eheating.lt\/wp-content\/uploads\/2023\/10\/Hikvision-NVR-DS-7108NI-K1WM.png\" \/>\n\t<meta property=\"og:image:width\" content=\"800\" \/>\n\t<meta property=\"og:image:height\" content=\"800\" \/>\n\t<meta property=\"og:image:type\" content=\"image\/png\" \/>\n<meta name=\"twitter:card\" content=\"summary_large_image\" \/>\n<meta name=\"twitter:label1\" content=\"Price\" \/>\n\t<meta name=\"twitter:data1\" content=\"219,83&nbsp;&euro;\" \/>\n\t<meta name=\"twitter:label2\" content=\"Availability\" \/>\n\t<meta name=\"twitter:data2\" content=\"In stock\" \/>\n<script type=\"application\/ld+json\" class=\"yoast-schema-graph\">{\"@context\":\"https:\\\/\\\/schema.org\",\"@graph\":[{\"@type\":\"WebPage\",\"@id\":\"https:\\\/\\\/eheating.lt\\\/en\\\/produktas\\\/hikvision-nvr-ds-7108ni-k1-w-m\\\/\",\"url\":\"https:\\\/\\\/eheating.lt\\\/en\\\/produktas\\\/hikvision-nvr-ds-7108ni-k1-w-m\\\/\",\"name\":\"Hikvision NVR DS-7108NI-K1\\\/W\\\/M\",\"isPartOf\":{\"@id\":\"https:\\\/\\\/eheating.lt\\\/#website\"},\"primaryImageOfPage\":{\"@id\":\"https:\\\/\\\/eheating.lt\\\/en\\\/produktas\\\/hikvision-nvr-ds-7108ni-k1-w-m\\\/#primaryimage\"},\"image\":{\"@id\":\"https:\\\/\\\/eheating.lt\\\/en\\\/produktas\\\/hikvision-nvr-ds-7108ni-k1-w-m\\\/#primaryimage\"},\"thumbnailUrl\":\"https:\\\/\\\/eheating.lt\\\/wp-content\\\/uploads\\\/2023\\\/10\\\/Hikvision-NVR-DS-7108NI-K1WM.png\",\"datePublished\":\"2023-11-13T19:48:53+00:00\",\"dateModified\":\"2024-10-18T14:16:41+00:00\",\"description\":\"Hikvision NVR DS-7108NI-K1\\\/W\\\/M ; Wi-Fi funkcija ; \u012eeinantis srautas iki 50Mbps ; Iki 4 Mpx ra\u0161ymo rai\u0161ka ; 8 kanal\u0173 NVR\u00a0; HDMI\\\/VGA i\u0161vestis\",\"breadcrumb\":{\"@id\":\"https:\\\/\\\/eheating.lt\\\/en\\\/produktas\\\/hikvision-nvr-ds-7108ni-k1-w-m\\\/#breadcrumb\"},\"inLanguage\":\"en-US\",\"potentialAction\":[{\"@type\":\"ReadAction\",\"target\":[\"https:\\\/\\\/eheating.lt\\\/en\\\/produktas\\\/hikvision-nvr-ds-7108ni-k1-w-m\\\/\"]}]},{\"@type\":\"ImageObject\",\"inLanguage\":\"en-US\",\"@id\":\"https:\\\/\\\/eheating.lt\\\/en\\\/produktas\\\/hikvision-nvr-ds-7108ni-k1-w-m\\\/#primaryimage\",\"url\":\"https:\\\/\\\/eheating.lt\\\/wp-content\\\/uploads\\\/2023\\\/10\\\/Hikvision-NVR-DS-7108NI-K1WM.png\",\"contentUrl\":\"https:\\\/\\\/eheating.lt\\\/wp-content\\\/uploads\\\/2023\\\/10\\\/Hikvision-NVR-DS-7108NI-K1WM.png\",\"width\":800,\"height\":800,\"caption\":\"Hikvision NVR DS-7108NI-K1\\\/W\\\/M\"},{\"@type\":\"BreadcrumbList\",\"@id\":\"https:\\\/\\\/eheating.lt\\\/en\\\/produktas\\\/hikvision-nvr-ds-7108ni-k1-w-m\\\/#breadcrumb\",\"itemListElement\":[{\"@type\":\"ListItem\",\"position\":1,\"name\":\"Prad\u017eia\",\"item\":\"https:\\\/\\\/eheating.lt\\\/en\\\/\"},{\"@type\":\"ListItem\",\"position\":2,\"name\":\"Shop\",\"item\":\"https:\\\/\\\/eheating.lt\\\/en\\\/?page_id=5734\"},{\"@type\":\"ListItem\",\"position\":3,\"name\":\"Hikvision NVR DS-7108NI-K1\\\/W\\\/M\"}]},{\"@type\":\"WebSite\",\"@id\":\"https:\\\/\\\/eheating.lt\\\/#website\",\"url\":\"https:\\\/\\\/eheating.lt\\\/\",\"name\":\"eHeating\",\"description\":\"Elektronika ir \u0161ildymas\",\"potentialAction\":[{\"@type\":\"SearchAction\",\"target\":{\"@type\":\"EntryPoint\",\"urlTemplate\":\"https:\\\/\\\/eheating.lt\\\/?s={search_term_string}\"},\"query-input\":{\"@type\":\"PropertyValueSpecification\",\"valueRequired\":true,\"valueName\":\"search_term_string\"}}],\"inLanguage\":\"en-US\"}]}<\/script>\n<meta property=\"product:price:amount\" content=\"219.83\" \/>\n<meta property=\"product:price:currency\" content=\"EUR\" \/>\n<meta property=\"og:availability\" content=\"instock\" \/>\n<meta property=\"product:availability\" content=\"instock\" \/>\n<meta property=\"product:retailer_item_id\" content=\"0bd627287f5e\" \/>\n<meta property=\"product:condition\" content=\"new\" \/>\n<!-- \/ Yoast SEO Premium plugin. -->","yoast_head_json":{"title":"Hikvision NVR DS-7108NI-K1\/W\/M","description":"Hikvision NVR DS-7108NI-K1\/W\/M ; Wi-Fi funkcija ; \u012eeinantis srautas iki 50Mbps ; Iki 4 Mpx ra\u0161ymo rai\u0161ka ; 8 kanal\u0173 NVR\u00a0; HDMI\/VGA i\u0161vestis","robots":{"index":"index","follow":"follow","max-snippet":"max-snippet:-1","max-image-preview":"max-image-preview:large","max-video-preview":"max-video-preview:-1"},"canonical":"https:\/\/eheating.lt\/en\/produktas\/hikvision-nvr-ds-7108ni-k1-w-m\/","og_locale":"en_US","og_type":"article","og_title":"Hikvision NVR DS-7108NI-K1\/W\/M","og_description":"Hikvision NVR DS-7108NI-K1\/W\/M ; Wi-Fi funkcija ; \u012eeinantis srautas iki 50Mbps ; Iki 4 Mpx ra\u0161ymo rai\u0161ka ; 8 kanal\u0173 NVR\u00a0; HDMI\/VGA i\u0161vestis","og_url":"https:\/\/eheating.lt\/en\/produktas\/hikvision-nvr-ds-7108ni-k1-w-m\/","og_site_name":"Elektronika Namams","article_publisher":"https:\/\/www.facebook.com\/ElektronikaNamams","article_modified_time":"2024-10-18T14:16:41+00:00","og_image":[{"width":800,"height":800,"url":"https:\/\/eheating.lt\/wp-content\/uploads\/2023\/10\/Hikvision-NVR-DS-7108NI-K1WM.png","type":"image\/png"}],"twitter_card":"summary_large_image","twitter_misc":{"Price":"219,83&nbsp;&euro;","Availability":"In stock"},"schema":{"@context":"https:\/\/schema.org","@graph":[{"@type":"WebPage","@id":"https:\/\/eheating.lt\/en\/produktas\/hikvision-nvr-ds-7108ni-k1-w-m\/","url":"https:\/\/eheating.lt\/en\/produktas\/hikvision-nvr-ds-7108ni-k1-w-m\/","name":"Hikvision NVR DS-7108NI-K1\/W\/M","isPartOf":{"@id":"https:\/\/eheating.lt\/#website"},"primaryImageOfPage":{"@id":"https:\/\/eheating.lt\/en\/produktas\/hikvision-nvr-ds-7108ni-k1-w-m\/#primaryimage"},"image":{"@id":"https:\/\/eheating.lt\/en\/produktas\/hikvision-nvr-ds-7108ni-k1-w-m\/#primaryimage"},"thumbnailUrl":"https:\/\/eheating.lt\/wp-content\/uploads\/2023\/10\/Hikvision-NVR-DS-7108NI-K1WM.png","datePublished":"2023-11-13T19:48:53+00:00","dateModified":"2024-10-18T14:16:41+00:00","description":"Hikvision NVR DS-7108NI-K1\/W\/M ; Wi-Fi funkcija ; \u012eeinantis srautas iki 50Mbps ; Iki 4 Mpx ra\u0161ymo rai\u0161ka ; 8 kanal\u0173 NVR\u00a0; HDMI\/VGA i\u0161vestis","breadcrumb":{"@id":"https:\/\/eheating.lt\/en\/produktas\/hikvision-nvr-ds-7108ni-k1-w-m\/#breadcrumb"},"inLanguage":"en-US","potentialAction":[{"@type":"ReadAction","target":["https:\/\/eheating.lt\/en\/produktas\/hikvision-nvr-ds-7108ni-k1-w-m\/"]}]},{"@type":"ImageObject","inLanguage":"en-US","@id":"https:\/\/eheating.lt\/en\/produktas\/hikvision-nvr-ds-7108ni-k1-w-m\/#primaryimage","url":"https:\/\/eheating.lt\/wp-content\/uploads\/2023\/10\/Hikvision-NVR-DS-7108NI-K1WM.png","contentUrl":"https:\/\/eheating.lt\/wp-content\/uploads\/2023\/10\/Hikvision-NVR-DS-7108NI-K1WM.png","width":800,"height":800,"caption":"Hikvision NVR DS-7108NI-K1\/W\/M"},{"@type":"BreadcrumbList","@id":"https:\/\/eheating.lt\/en\/produktas\/hikvision-nvr-ds-7108ni-k1-w-m\/#breadcrumb","itemListElement":[{"@type":"ListItem","position":1,"name":"Prad\u017eia","item":"https:\/\/eheating.lt\/en\/"},{"@type":"ListItem","position":2,"name":"Shop","item":"https:\/\/eheating.lt\/en\/?page_id=5734"},{"@type":"ListItem","position":3,"name":"Hikvision NVR DS-7108NI-K1\/W\/M"}]},{"@type":"WebSite","@id":"https:\/\/eheating.lt\/#website","url":"https:\/\/eheating.lt\/","name":"eHeating","description":"Elektronika ir \u0161ildymas","potentialAction":[{"@type":"SearchAction","target":{"@type":"EntryPoint","urlTemplate":"https:\/\/eheating.lt\/?s={search_term_string}"},"query-input":{"@type":"PropertyValueSpecification","valueRequired":true,"valueName":"search_term_string"}}],"inLanguage":"en-US"}]},"product_price_amount":"219.83","product_price_currency":"EUR","og_availability":"instock","product_availability":"instock","product_retailer_item_id":"0bd627287f5e","product_condition":"new"},"_links":{"self":[{"href":"https:\/\/eheating.lt\/en\/wp-json\/wp\/v2\/product\/23410","targetHints":{"allow":["GET"]}}],"collection":[{"href":"https:\/\/eheating.lt\/en\/wp-json\/wp\/v2\/product"}],"about":[{"href":"https:\/\/eheating.lt\/en\/wp-json\/wp\/v2\/types\/product"}],"replies":[{"embeddable":true,"href":"https:\/\/eheating.lt\/en\/wp-json\/wp\/v2\/comments?post=23410"}],"version-history":[{"count":0,"href":"https:\/\/eheating.lt\/en\/wp-json\/wp\/v2\/product\/23410\/revisions"}],"wp:featuredmedia":[{"embeddable":true,"href":"https:\/\/eheating.lt\/en\/wp-json\/wp\/v2\/media\/28156"}],"wp:attachment":[{"href":"https:\/\/eheating.lt\/en\/wp-json\/wp\/v2\/media?parent=23410"}],"wp:term":[{"taxonomy":"product_brand","embeddable":true,"href":"https:\/\/eheating.lt\/en\/wp-json\/wp\/v2\/product_brand?post=23410"},{"taxonomy":"product_cat","embeddable":true,"href":"https:\/\/eheating.lt\/en\/wp-json\/wp\/v2\/product_cat?post=23410"},{"taxonomy":"product_tag","embeddable":true,"href":"https:\/\/eheating.lt\/en\/wp-json\/wp\/v2\/product_tag?post=23410"}],"curies":[{"name":"wp","href":"https:\/\/api.w.org\/{rel}","templated":true}]}}