{"id":23224,"date":"2023-11-13T21:46:13","date_gmt":"2023-11-13T19:46:13","guid":{"rendered":"https:\/\/eheating.lt\/?post_type=product&#038;p=23224"},"modified":"2024-10-18T17:14:24","modified_gmt":"2024-10-18T14:14:24","slug":"hikvision-ds-2tp03-15vm-w","status":"publish","type":"product","link":"https:\/\/eheating.lt\/en\/produktas\/hikvision-ds-2tp03-15vm-w\/","title":{"rendered":"Hikvision DS-2TP03-15VM\/W"},"content":{"rendered":"<table>\n<tbody>\n<tr>\n<th colspan=\"2\" scope=\"col\">Termovizorinis modulis<\/th>\n<\/tr>\n<tr>\n<td>Maks. rai\u0161ka<\/td>\n<td>384*288<\/td>\n<\/tr>\n<tr>\n<td>Aptikimo aik\u0161t\u0117<\/td>\n<td>17um<\/td>\n<\/tr>\n<tr>\n<td>Atsakymo bangos ilgis<\/td>\n<td>8um to 14um<\/td>\n<\/tr>\n<tr>\n<td>NETD<\/td>\n<td>&lt; 40mk(@25\u00b0C,F#=1.0)<\/td>\n<\/tr>\n<tr>\n<td>Objektyvas<\/td>\n<td>15mm<\/td>\n<\/tr>\n<tr>\n<td>MRAD<\/td>\n<td>1.13 mrad<\/td>\n<\/tr>\n<tr>\n<td>Matymo kampas<\/td>\n<td>25\u00b0 \u00d7 19 \u00b0<\/td>\n<\/tr>\n<tr>\n<td>F skai\u010dius<\/td>\n<td>1.0<\/td>\n<\/tr>\n<tr>\n<td>Pasirenkamas objektyvas<\/td>\n<td>2X Zoom Ratio Lens (FOV: 12\u00b0 \u00d7 10\u00b0 )<br \/>\n3X Zoom Ratio Lens (FOV: 7\u00b0 \u00d7 5.6\u00b0 )<br \/>\n1\/2X Zoom Ratio Lens (FOV: 46\u00b0 \u00d7 37.6\u00b0 )<\/td>\n<\/tr>\n<tr>\n<th colspan=\"2\" scope=\"col\">Optinis modulis<\/th>\n<\/tr>\n<tr>\n<td>Maks. rai\u0161ka<\/td>\n<td>1920 \u00d7 1080<\/td>\n<\/tr>\n<tr>\n<td>Par\u017ei\u016bros rai\u0161ka<\/td>\n<td>1920 \u00d7 1080<\/td>\n<\/tr>\n<tr>\n<th colspan=\"2\" scope=\"col\">Vaizdo rodymas<\/th>\n<\/tr>\n<tr>\n<td>Kar\u0161\u010dio sekimas<\/td>\n<td>Support<\/td>\n<\/tr>\n<tr>\n<td>Atmintis<\/td>\n<td>Built-in memory module (64G)<\/td>\n<\/tr>\n<tr>\n<td>\u012era\u0161omas vaizdas<\/td>\n<td>Support on-board video recording<\/td>\n<\/tr>\n<tr>\n<td>Skaitmeninis artinimas<\/td>\n<td>2\u00d7 , 4\u00d7<\/td>\n<\/tr>\n<tr>\n<td>Momentin\u0117 nuotrauka<\/td>\n<td>Thermal\/Optical\/Fusion image<\/td>\n<\/tr>\n<tr>\n<td>WIFI<\/td>\n<td>Support<\/td>\n<\/tr>\n<tr>\n<th colspan=\"2\" scope=\"col\">Termografija<\/th>\n<\/tr>\n<tr>\n<td>Taisykl\u0117s<\/td>\n<td>Max. Temperature; Min. Temperature; Center Temperature;<br \/>\nCustom Point\/Line\/Frame Thermometry<\/td>\n<\/tr>\n<tr>\n<td>Termometrijos diapazonas<\/td>\n<td>-20 \u00b0 C to 650 \u00b0 C (-4 \u00b0 F to 1202 \u00b0 F)<\/td>\n<\/tr>\n<tr>\n<td>Termometrijos tikslumas<\/td>\n<td>\u00b1 2 \u00b0 C or \u00b1 2% (Larger Value)<\/td>\n<\/tr>\n<\/tbody>\n<tbody>\n<tr>\n<th colspan=\"3\">Maitinimas<\/th>\n<\/tr>\n<\/tbody>\n<tbody>\n<tr>\n<td>Baterijos tipas<\/td>\n<td>Lithium Battery<\/td>\n<\/tr>\n<tr>\n<td>Baterijos veikimo laikas<\/td>\n<td>Up to five hours continuous running (with GPS function and<br \/>\nWi-Fi hot spot function off)<\/td>\n<\/tr>\n<tr>\n<td>Baterijos paj\u0117gumo rodymas<\/td>\n<td>Support<\/td>\n<\/tr>\n<tr>\n<th colspan=\"2\" scope=\"col\">Funkcijos<\/th>\n<\/tr>\n<tr>\n<td>LED \u0161viesa<\/td>\n<td>Support<\/td>\n<\/tr>\n<tr>\n<td>Wi-Fi<\/td>\n<td>Support<\/td>\n<\/tr>\n<tr>\n<td>Kar\u0161\u010dio sekimas<\/td>\n<td>Support<\/td>\n<\/tr>\n<tr>\n<td>AGC<\/td>\n<td>Support (Auto AGC and Manual AGC)<\/td>\n<\/tr>\n<tr>\n<td>Lazerio \u0161viesa<\/td>\n<td>Support (Auto AGC and Manual AGC)<\/td>\n<\/tr>\n<tr>\n<td>Vaizdas vaizde<\/td>\n<td>Support (Thermal View in Optical View &amp; Optical View in<br \/>\nThermal View)<\/td>\n<\/tr>\n<tr>\n<td>Fusion<\/td>\n<td>Support (Thermal View and Optical View Combined)<\/td>\n<\/tr>\n<tr>\n<th colspan=\"2\" scope=\"col\">Pagrindin\u0117s savyb\u0117s<\/th>\n<\/tr>\n<tr>\n<td>Maitinimas<\/td>\n<td>12 V DC\/1.5A, 5V DC\/2A (Charging via USB)<\/td>\n<\/tr>\n<tr>\n<td>Energijos suvartojimas<\/td>\n<td>Approx. 5 W (Wi-Fi On), 4.2 W (Wi-Fi Off)<\/td>\n<\/tr>\n<tr>\n<td>Veikimo temperat\u016bra<\/td>\n<td>-20 \u00b0 C to 50 \u00b0 C (-4 \u00b0 F to 122 \u00b0 F)<\/td>\n<\/tr>\n<tr>\n<td>Kritimo testas<\/td>\n<td>2 m (6.56 feet)<\/td>\n<\/tr>\n<tr>\n<td>IP apsaugos klas\u0117<\/td>\n<td>IP54<\/td>\n<\/tr>\n<tr>\n<td>I\u0161matavimai<\/td>\n<td>281 mm \u00d7 117 mm \u00d7 135 mm (11.1 \u2033 \u00d7 4.6 \u2033 \u00d7 5.3 \u2033)<\/td>\n<\/tr>\n<tr>\n<td>Svoris<\/td>\n<td>Approx. 1000 g (2.21 lb)<\/td>\n<\/tr>\n<\/tbody>\n<\/table>\n","protected":false},"excerpt":{"rendered":"<ul>\n<li>Bi-spectrum rankin\u0117 termovizorin\u0117 kamera<\/li>\n<li>384\u00a0<span class=\"fontstyle2\">\u00d7\u00a0<\/span><span class=\"fontstyle0\">288 rai\u0161ka (thermal), ir 1080P rai\u0161ka (optical)<\/span><\/li>\n<li>DDE (Digital Detail Enhancement) technologija<\/li>\n<li>3D DNR, prisitaikantis AGC (Automatic Gain Control)<\/li>\n<li>320\u00d7 240 rai\u0161kos 3.5\u2019\u2019 LCD lie\u010diamas ekranas<\/li>\n<li>\u012emontuota pakraunama Li-ion baterija<\/li>\n<li>Iki 4 valand\u0173 nepertraukiamas veikimas<\/li>\n<\/ul>\n","protected":false},"featured_media":28114,"comment_status":"closed","ping_status":"closed","template":"","meta":[],"product_brand":[],"product_cat":[534,533,423],"product_tag":[],"class_list":{"0":"post-23224","1":"product","2":"type-product","3":"status-publish","4":"has-post-thumbnail","6":"product_cat-ip-kameros","7":"product_cat-ip-vaizdo-stebejimo-sistemos","8":"product_cat-ip-termovizorines-kameros","10":"first","11":"onbackorder","12":"purchasable","13":"product-type-simple"},"yoast_head":"<!-- This site is optimized with the Yoast SEO Premium plugin v21.5 (Yoast SEO v27.4) - https:\/\/yoast.com\/product\/yoast-seo-premium-wordpress\/ -->\n<title>Hikvision DS-2TP03-15VM\/W<\/title>\n<meta name=\"description\" content=\"Hikvision DS-2TP03-15VM\/W ; Bi-spectrum rankin\u0117 termovizorin\u0117 kamera ; \u012emontuota pakraunama Li-ion baterija ; Iki 4 valand\u0173 nepertraukiamas veikimas\" \/>\n<meta name=\"robots\" content=\"index, follow, max-snippet:-1, max-image-preview:large, max-video-preview:-1\" \/>\n<link rel=\"canonical\" href=\"https:\/\/eheating.lt\/produktas\/hikvision-ds-2tp03-15vm-w\/\" \/>\n<meta property=\"og:locale\" content=\"en_US\" \/>\n<meta property=\"og:type\" content=\"article\" \/>\n<meta property=\"og:title\" content=\"Hikvision DS-2TP03-15VM\/W\" \/>\n<meta property=\"og:description\" content=\"Hikvision DS-2TP03-15VM\/W ; Bi-spectrum rankin\u0117 termovizorin\u0117 kamera ; \u012emontuota pakraunama Li-ion baterija ; Iki 4 valand\u0173 nepertraukiamas veikimas\" \/>\n<meta property=\"og:url\" content=\"https:\/\/eheating.lt\/produktas\/hikvision-ds-2tp03-15vm-w\/\" \/>\n<meta property=\"og:site_name\" content=\"Elektronika Namams\" \/>\n<meta property=\"article:publisher\" content=\"https:\/\/www.facebook.com\/ElektronikaNamams\" \/>\n<meta property=\"article:modified_time\" content=\"2024-10-18T14:14:24+00:00\" \/>\n<meta property=\"og:image\" content=\"https:\/\/eheating.lt\/wp-content\/uploads\/2023\/10\/Hikvision-DS-2TP03-15VMW.png\" \/>\n\t<meta property=\"og:image:width\" content=\"800\" \/>\n\t<meta property=\"og:image:height\" content=\"800\" \/>\n\t<meta property=\"og:image:type\" content=\"image\/png\" \/>\n<meta name=\"twitter:card\" content=\"summary_large_image\" \/>\n<meta name=\"twitter:label1\" content=\"Price\" \/>\n\t<meta name=\"twitter:data1\" content=\"12743,34&nbsp;&euro;\" \/>\n\t<meta name=\"twitter:label2\" content=\"Availability\" \/>\n\t<meta name=\"twitter:data2\" content=\"On backorder\" \/>\n<script type=\"application\/ld+json\" class=\"yoast-schema-graph\">{\"@context\":\"https:\\\/\\\/schema.org\",\"@graph\":[{\"@type\":\"WebPage\",\"@id\":\"https:\\\/\\\/eheating.lt\\\/produktas\\\/hikvision-ds-2tp03-15vm-w\\\/\",\"url\":\"https:\\\/\\\/eheating.lt\\\/produktas\\\/hikvision-ds-2tp03-15vm-w\\\/\",\"name\":\"Hikvision DS-2TP03-15VM\\\/W\",\"isPartOf\":{\"@id\":\"https:\\\/\\\/eheating.lt\\\/#website\"},\"primaryImageOfPage\":{\"@id\":\"https:\\\/\\\/eheating.lt\\\/produktas\\\/hikvision-ds-2tp03-15vm-w\\\/#primaryimage\"},\"image\":{\"@id\":\"https:\\\/\\\/eheating.lt\\\/produktas\\\/hikvision-ds-2tp03-15vm-w\\\/#primaryimage\"},\"thumbnailUrl\":\"https:\\\/\\\/eheating.lt\\\/wp-content\\\/uploads\\\/2023\\\/10\\\/Hikvision-DS-2TP03-15VMW.png\",\"datePublished\":\"2023-11-13T19:46:13+00:00\",\"dateModified\":\"2024-10-18T14:14:24+00:00\",\"description\":\"Hikvision DS-2TP03-15VM\\\/W ; Bi-spectrum rankin\u0117 termovizorin\u0117 kamera ; \u012emontuota pakraunama Li-ion baterija ; Iki 4 valand\u0173 nepertraukiamas veikimas\",\"breadcrumb\":{\"@id\":\"https:\\\/\\\/eheating.lt\\\/produktas\\\/hikvision-ds-2tp03-15vm-w\\\/#breadcrumb\"},\"inLanguage\":\"en-US\",\"potentialAction\":[{\"@type\":\"ReadAction\",\"target\":[\"https:\\\/\\\/eheating.lt\\\/produktas\\\/hikvision-ds-2tp03-15vm-w\\\/\"]}]},{\"@type\":\"ImageObject\",\"inLanguage\":\"en-US\",\"@id\":\"https:\\\/\\\/eheating.lt\\\/produktas\\\/hikvision-ds-2tp03-15vm-w\\\/#primaryimage\",\"url\":\"https:\\\/\\\/eheating.lt\\\/wp-content\\\/uploads\\\/2023\\\/10\\\/Hikvision-DS-2TP03-15VMW.png\",\"contentUrl\":\"https:\\\/\\\/eheating.lt\\\/wp-content\\\/uploads\\\/2023\\\/10\\\/Hikvision-DS-2TP03-15VMW.png\",\"width\":800,\"height\":800,\"caption\":\"Hikvision DS-2TP03-15VM\\\/W\"},{\"@type\":\"BreadcrumbList\",\"@id\":\"https:\\\/\\\/eheating.lt\\\/produktas\\\/hikvision-ds-2tp03-15vm-w\\\/#breadcrumb\",\"itemListElement\":[{\"@type\":\"ListItem\",\"position\":1,\"name\":\"Prad\u017eia\",\"item\":\"https:\\\/\\\/eheating.lt\\\/en\\\/\"},{\"@type\":\"ListItem\",\"position\":2,\"name\":\"Shop\",\"item\":\"https:\\\/\\\/eheating.lt\\\/en\\\/?page_id=5734\"},{\"@type\":\"ListItem\",\"position\":3,\"name\":\"Hikvision DS-2TP03-15VM\\\/W\"}]},{\"@type\":\"WebSite\",\"@id\":\"https:\\\/\\\/eheating.lt\\\/#website\",\"url\":\"https:\\\/\\\/eheating.lt\\\/\",\"name\":\"eHeating\",\"description\":\"Elektronika ir \u0161ildymas\",\"potentialAction\":[{\"@type\":\"SearchAction\",\"target\":{\"@type\":\"EntryPoint\",\"urlTemplate\":\"https:\\\/\\\/eheating.lt\\\/?s={search_term_string}\"},\"query-input\":{\"@type\":\"PropertyValueSpecification\",\"valueRequired\":true,\"valueName\":\"search_term_string\"}}],\"inLanguage\":\"en-US\"}]}<\/script>\n<meta property=\"product:price:amount\" content=\"12743.34\" \/>\n<meta property=\"product:price:currency\" content=\"EUR\" \/>\n<meta property=\"og:availability\" content=\"backorder\" \/>\n<meta property=\"product:availability\" content=\"available for order\" \/>\n<meta property=\"product:retailer_item_id\" content=\"a5e5487c5b82\" \/>\n<meta property=\"product:condition\" content=\"new\" \/>\n<!-- \/ Yoast SEO Premium plugin. -->","yoast_head_json":{"title":"Hikvision DS-2TP03-15VM\/W","description":"Hikvision DS-2TP03-15VM\/W ; Bi-spectrum rankin\u0117 termovizorin\u0117 kamera ; \u012emontuota pakraunama Li-ion baterija ; Iki 4 valand\u0173 nepertraukiamas veikimas","robots":{"index":"index","follow":"follow","max-snippet":"max-snippet:-1","max-image-preview":"max-image-preview:large","max-video-preview":"max-video-preview:-1"},"canonical":"https:\/\/eheating.lt\/produktas\/hikvision-ds-2tp03-15vm-w\/","og_locale":"en_US","og_type":"article","og_title":"Hikvision DS-2TP03-15VM\/W","og_description":"Hikvision DS-2TP03-15VM\/W ; Bi-spectrum rankin\u0117 termovizorin\u0117 kamera ; \u012emontuota pakraunama Li-ion baterija ; Iki 4 valand\u0173 nepertraukiamas veikimas","og_url":"https:\/\/eheating.lt\/produktas\/hikvision-ds-2tp03-15vm-w\/","og_site_name":"Elektronika Namams","article_publisher":"https:\/\/www.facebook.com\/ElektronikaNamams","article_modified_time":"2024-10-18T14:14:24+00:00","og_image":[{"width":800,"height":800,"url":"https:\/\/eheating.lt\/wp-content\/uploads\/2023\/10\/Hikvision-DS-2TP03-15VMW.png","type":"image\/png"}],"twitter_card":"summary_large_image","twitter_misc":{"Price":"12743,34&nbsp;&euro;","Availability":"On backorder"},"schema":{"@context":"https:\/\/schema.org","@graph":[{"@type":"WebPage","@id":"https:\/\/eheating.lt\/produktas\/hikvision-ds-2tp03-15vm-w\/","url":"https:\/\/eheating.lt\/produktas\/hikvision-ds-2tp03-15vm-w\/","name":"Hikvision DS-2TP03-15VM\/W","isPartOf":{"@id":"https:\/\/eheating.lt\/#website"},"primaryImageOfPage":{"@id":"https:\/\/eheating.lt\/produktas\/hikvision-ds-2tp03-15vm-w\/#primaryimage"},"image":{"@id":"https:\/\/eheating.lt\/produktas\/hikvision-ds-2tp03-15vm-w\/#primaryimage"},"thumbnailUrl":"https:\/\/eheating.lt\/wp-content\/uploads\/2023\/10\/Hikvision-DS-2TP03-15VMW.png","datePublished":"2023-11-13T19:46:13+00:00","dateModified":"2024-10-18T14:14:24+00:00","description":"Hikvision DS-2TP03-15VM\/W ; Bi-spectrum rankin\u0117 termovizorin\u0117 kamera ; \u012emontuota pakraunama Li-ion baterija ; Iki 4 valand\u0173 nepertraukiamas veikimas","breadcrumb":{"@id":"https:\/\/eheating.lt\/produktas\/hikvision-ds-2tp03-15vm-w\/#breadcrumb"},"inLanguage":"en-US","potentialAction":[{"@type":"ReadAction","target":["https:\/\/eheating.lt\/produktas\/hikvision-ds-2tp03-15vm-w\/"]}]},{"@type":"ImageObject","inLanguage":"en-US","@id":"https:\/\/eheating.lt\/produktas\/hikvision-ds-2tp03-15vm-w\/#primaryimage","url":"https:\/\/eheating.lt\/wp-content\/uploads\/2023\/10\/Hikvision-DS-2TP03-15VMW.png","contentUrl":"https:\/\/eheating.lt\/wp-content\/uploads\/2023\/10\/Hikvision-DS-2TP03-15VMW.png","width":800,"height":800,"caption":"Hikvision DS-2TP03-15VM\/W"},{"@type":"BreadcrumbList","@id":"https:\/\/eheating.lt\/produktas\/hikvision-ds-2tp03-15vm-w\/#breadcrumb","itemListElement":[{"@type":"ListItem","position":1,"name":"Prad\u017eia","item":"https:\/\/eheating.lt\/en\/"},{"@type":"ListItem","position":2,"name":"Shop","item":"https:\/\/eheating.lt\/en\/?page_id=5734"},{"@type":"ListItem","position":3,"name":"Hikvision DS-2TP03-15VM\/W"}]},{"@type":"WebSite","@id":"https:\/\/eheating.lt\/#website","url":"https:\/\/eheating.lt\/","name":"eHeating","description":"Elektronika ir \u0161ildymas","potentialAction":[{"@type":"SearchAction","target":{"@type":"EntryPoint","urlTemplate":"https:\/\/eheating.lt\/?s={search_term_string}"},"query-input":{"@type":"PropertyValueSpecification","valueRequired":true,"valueName":"search_term_string"}}],"inLanguage":"en-US"}]},"product_price_amount":"12743.34","product_price_currency":"EUR","og_availability":"backorder","product_availability":"available for order","product_retailer_item_id":"a5e5487c5b82","product_condition":"new"},"_links":{"self":[{"href":"https:\/\/eheating.lt\/en\/wp-json\/wp\/v2\/product\/23224","targetHints":{"allow":["GET"]}}],"collection":[{"href":"https:\/\/eheating.lt\/en\/wp-json\/wp\/v2\/product"}],"about":[{"href":"https:\/\/eheating.lt\/en\/wp-json\/wp\/v2\/types\/product"}],"replies":[{"embeddable":true,"href":"https:\/\/eheating.lt\/en\/wp-json\/wp\/v2\/comments?post=23224"}],"version-history":[{"count":0,"href":"https:\/\/eheating.lt\/en\/wp-json\/wp\/v2\/product\/23224\/revisions"}],"wp:featuredmedia":[{"embeddable":true,"href":"https:\/\/eheating.lt\/en\/wp-json\/wp\/v2\/media\/28114"}],"wp:attachment":[{"href":"https:\/\/eheating.lt\/en\/wp-json\/wp\/v2\/media?parent=23224"}],"wp:term":[{"taxonomy":"product_brand","embeddable":true,"href":"https:\/\/eheating.lt\/en\/wp-json\/wp\/v2\/product_brand?post=23224"},{"taxonomy":"product_cat","embeddable":true,"href":"https:\/\/eheating.lt\/en\/wp-json\/wp\/v2\/product_cat?post=23224"},{"taxonomy":"product_tag","embeddable":true,"href":"https:\/\/eheating.lt\/en\/wp-json\/wp\/v2\/product_tag?post=23224"}],"curies":[{"name":"wp","href":"https:\/\/api.w.org\/{rel}","templated":true}]}}