{"id":23222,"date":"2023-11-13T21:18:53","date_gmt":"2023-11-13T19:18:53","guid":{"rendered":"https:\/\/eheating.lt\/?post_type=product&#038;p=23222"},"modified":"2024-10-18T17:14:21","modified_gmt":"2024-10-18T14:14:21","slug":"hikvision-ids-2cd8426g0-f-i-f4","status":"publish","type":"product","link":"https:\/\/eheating.lt\/en\/produktas\/hikvision-ids-2cd8426g0-f-i-f4\/","title":{"rendered":"Hikvision iDS-2CD8426G0\/F-I F4"},"content":{"rendered":"<table>\n<tbody>\n<tr>\n<th colspan=\"2\" scope=\"col\">Kamera<\/th>\n<\/tr>\n<tr>\n<td>Sensorius<\/td>\n<td>1\/2.8\u2033 Progressive Scan CMOS \u00d72<\/td>\n<\/tr>\n<tr>\n<td>Min. ap\u0161vietimas<\/td>\n<td>Color: 0.005 Lux @ (F1.2, AGC ON) Color: 0.0089 Lux @(F1.6, AGC ON) 0 Lux with IR ON<\/td>\n<\/tr>\n<tr>\n<td>U\u017erakto laikas<\/td>\n<td>1\/25 s to 1\/100,000 s<\/td>\n<\/tr>\n<tr>\n<td>L\u0117tas u\u017eraktas<\/td>\n<td>No<\/td>\n<\/tr>\n<tr>\n<td>Auto-iris<\/td>\n<td>No<\/td>\n<\/tr>\n<tr>\n<td>2-a\u0161i\u0173 reguliavimas<\/td>\n<td>Tilt: -45\u00b0to 90\u00b0, rotate: 0\u00b0to 355\u00b0<\/td>\n<\/tr>\n<tr>\n<td>Diena\/naktis<\/td>\n<td>IR cut filter with auto switch<\/td>\n<\/tr>\n<tr>\n<td>Platus dinaminis diapazonas<\/td>\n<td>120 dB<\/td>\n<\/tr>\n<tr>\n<td>Skaitmeninis triuk\u0161mo slopinimas<\/td>\n<td>3D DNR<\/td>\n<\/tr>\n<tr>\n<td style=\"text-align: center;\" colspan=\"2\"><strong>Objektyvas<\/strong><\/td>\n<\/tr>\n<tr>\n<td>Objektyvai<\/td>\n<td>4 mm \u00d7 2<\/td>\n<\/tr>\n<tr>\n<td>Diafragma<\/td>\n<td>F1.6<\/td>\n<\/tr>\n<tr>\n<td>FOV<\/td>\n<td>4mm: horizontal FOV 85.7\u00b0<\/td>\n<\/tr>\n<tr>\n<td style=\"text-align: center;\" colspan=\"2\"><strong>IR ap\u0161vietimas<\/strong><\/td>\n<\/tr>\n<tr>\n<td>IR ap\u0161vietimas<\/td>\n<td>Up to 10 m<\/td>\n<\/tr>\n<tr>\n<th colspan=\"2\" scope=\"col\">Suspaudimo standartai<\/th>\n<\/tr>\n<tr>\n<td>Vaizdo suspaudimas<\/td>\n<td>Main stream: H.265\/H.264<\/p>\n<p>Sub stream: H.265\/H.264\/MPEG4\/MJPEG<\/p>\n<p>Third stream: H.265\/H.264<\/p>\n<p>Fourth stream: H.265\/H.264<\/p>\n<p>Fifth stream: H.265\/H.264<\/td>\n<\/tr>\n<tr>\n<td>Vaizdo sparta<\/td>\n<td>32Kbps~16Mbps<\/td>\n<\/tr>\n<tr>\n<td>Garso suspaudimas<\/td>\n<td>G.711\/G.722.1\/G.726\/MP2L2\/PCM<\/td>\n<\/tr>\n<tr>\n<td>Garso sparta<\/td>\n<td>64Kbps(G.711)\/16Kbps(G.722.1)\/16Kbps(G.726)\/32-192Kbps(MP2L2)<\/td>\n<\/tr>\n<tr>\n<td style=\"text-align: center;\" colspan=\"2\"><strong>I\u0161manios funkcijos<\/strong><\/td>\n<\/tr>\n<tr>\n<td>I\u0161manios funkcijos<\/td>\n<td>Audio exception detection,\u00a0Face Capture,\u00a0Face Recognition<\/td>\n<\/tr>\n<tr>\n<th colspan=\"2\" scope=\"col\">Vaizdas<\/th>\n<\/tr>\n<tr>\n<td>Maks. vaizdo rai\u0161ka<\/td>\n<td>1920 \u00d7 1080<\/td>\n<\/tr>\n<tr>\n<td>Pagrindinis srautas<\/td>\n<td>50Hz: 25fps (1920 \u00d7 1080, 1280 \u00d7 720)<\/p>\n<p>60Hz: 30fps (1920 \u00d7 1080, 1280 \u00d7 720)<\/td>\n<\/tr>\n<tr>\n<td>Antrinis srautas<\/td>\n<td>50Hz: 25fps (704 \u00d7 576, 640 \u00d7 480, 352 \u00d7 288)<\/p>\n<p>60Hz: 30fps (704 \u00d7 480, 640 \u00d7 480, 352 \u00d7 240)<\/td>\n<\/tr>\n<tr>\n<td>Tre\u010dias srautas<\/td>\n<td>50Hz: 25fps (3840 \u00d7 1080, 1280 \u00d7 720, 704 \u00d7 576, 640 \u00d7 480, 352 \u00d7 288)<\/p>\n<p>60Hz: 30fps (1920 \u00d7 1080, 1280 \u00d7 720, 704 \u00d7 480, 640 \u00d7 480, 352 \u00d7 240)<\/td>\n<\/tr>\n<tr>\n<td>Ketvirtas srautas<\/td>\n<td>50Hz: 25fps (704 \u00d7 576, 640 \u00d7 480, 352 \u00d7 288)<\/p>\n<p>60Hz: 30fps (704 \u00d7 480, 640 \u00d7 480, 352 \u00d7 240)<\/td>\n<\/tr>\n<tr>\n<td>Penktas srautas<\/td>\n<td>50Hz: 25fps (704 \u00d7 576, 640 \u00d7 480, 352 \u00d7 288)<\/p>\n<p>60Hz: 30fps (704 \u00d7 480, 640 \u00d7 480, 352 \u00d7 240)<\/td>\n<\/tr>\n<tr>\n<td>Vaizdo ry\u0161kinimas<\/td>\n<td>BLC, HLC, defog, EIS, lens distortion correction, 3D DNR<\/td>\n<\/tr>\n<tr>\n<td>Vaizdo nustatymai<\/td>\n<td>Rotate Mode, Saturation, Brightness, Contrast, Sharpness adjustable by client software or web browser<\/td>\n<\/tr>\n<tr>\n<td>Dienos\/nakties perjungimas<\/td>\n<td>Auto\/Schedule\/Triggered by Alarm In<\/td>\n<\/tr>\n<tr>\n<th colspan=\"2\" scope=\"col\">Tinklas<\/th>\n<\/tr>\n<tr>\n<td>Protokolai<\/td>\n<td>TCP\/IP, ICMP, HTTP, HTTPS, FTP, DHCP, DNS, DDNS, RTP, RTSP, RTCP, PPPoE, NTP, UPnP\u2122, SMTP, SNMP, IGMP, 802.1X, QoS, IPv6, Bonjour<\/td>\n<\/tr>\n<tr>\n<th colspan=\"2\" scope=\"col\">S\u0105saja<\/th>\n<\/tr>\n<tr>\n<td>Garsas<\/td>\n<td>1 audio input (line in), 1 audio output (line out), mono soundtrack<\/td>\n<\/tr>\n<tr>\n<td>Ry\u0161io s\u0105saja<\/td>\n<td>1 RJ45 10M\/100M\/1000M self-adaptive Ethernet port, 1 RS-485 interface<\/td>\n<\/tr>\n<tr>\n<td>Pavojaus signalas<\/td>\n<td>1 input, 1 output (up to 24 VDC 1 A or 110 VAC 500 mA)<\/td>\n<\/tr>\n<tr>\n<td>Vidin\u0117 atmintis<\/td>\n<td>Built-in micro SD\/SDHC\/SDXC slot, up to 128 GB<\/td>\n<\/tr>\n<tr>\n<th colspan=\"2\" scope=\"col\">Pagrindin\u0117s savyb\u0117s<\/th>\n<\/tr>\n<tr>\n<td>Veikimo s\u0105lygos<\/td>\n<td>-10 \u00b0C to 40 \u00b0C (-14 \u00b0F to 104 \u00b0F) Humidity 95% or less (non-condensing)<\/td>\n<\/tr>\n<tr>\n<td>Maitinimas<\/td>\n<td>36 VDC, two-core terminal block<\/td>\n<\/tr>\n<tr>\n<td>Energijos suvartojimas ir srov\u0117<\/td>\n<td>36 VDC, max. 27 W, 0.75A<\/td>\n<\/tr>\n<tr>\n<td>I\u0161matavimai<\/td>\n<td>180.4 \u00d7 147 \u00d7 117.9 mm (7.10\u2033 \u00d7 5.79\u2033 \u00d7 4.64\u2033)<\/td>\n<\/tr>\n<tr>\n<td>Svoris<\/td>\n<td>Approx. 1500 g (3.31 lb)<\/td>\n<\/tr>\n<\/tbody>\n<\/table>\n","protected":false},"excerpt":{"rendered":"<ul>\n<li>1\/2.8\u2033\u00a0Progressive Scan CMOS sensorius<\/li>\n<li>1920 \u00d7 1080 @ 30fps rai\u0161ka<\/li>\n<li>120dB WDR<\/li>\n<li>H.265+, H.265, H.264+, H.264<\/li>\n<li>5 vaizdo srautai<\/li>\n<li>Veid\u0173 atpa\u017einimas<\/li>\n<li>IR ap\u0161vietimas iki 10 m<\/li>\n<\/ul>\n","protected":false},"featured_media":27642,"comment_status":"closed","ping_status":"closed","template":"","meta":[],"product_brand":[],"product_cat":[426,534,533],"product_tag":[],"class_list":{"0":"post-23222","1":"product","2":"type-product","3":"status-publish","4":"has-post-thumbnail","6":"product_cat-ip-cilindrines-kameros","7":"product_cat-ip-kameros","8":"product_cat-ip-vaizdo-stebejimo-sistemos","10":"first","11":"onbackorder","12":"purchasable","13":"product-type-simple"},"yoast_head":"<!-- This site is optimized with the Yoast SEO Premium plugin v21.5 (Yoast SEO v27.4) - https:\/\/yoast.com\/product\/yoast-seo-premium-wordpress\/ -->\n<title>Hikvision iDS-2CD8426G0\/F-I F4<\/title>\n<meta name=\"description\" content=\"Hikvision iDS-2CD8426G0\/F-I F4 IP kamera ; Veid\u0173 atpa\u017einimas ; 1920 \u00d7 1080 @ 30fps rai\u0161ka ; IR ap\u0161vietimas iki 10m ; 5 vaizdo srautai ;\" \/>\n<meta name=\"robots\" content=\"index, follow, max-snippet:-1, max-image-preview:large, max-video-preview:-1\" \/>\n<link rel=\"canonical\" href=\"https:\/\/eheating.lt\/produktas\/hikvision-ids-2cd8426g0-f-i-f4\/\" \/>\n<meta property=\"og:locale\" content=\"en_US\" \/>\n<meta property=\"og:type\" content=\"article\" \/>\n<meta property=\"og:title\" content=\"Hikvision iDS-2CD8426G0\/F-I F4\" \/>\n<meta property=\"og:description\" content=\"Hikvision iDS-2CD8426G0\/F-I F4 IP kamera ; Veid\u0173 atpa\u017einimas ; 1920 \u00d7 1080 @ 30fps rai\u0161ka ; IR ap\u0161vietimas iki 10m ; 5 vaizdo srautai ;\" \/>\n<meta property=\"og:url\" content=\"https:\/\/eheating.lt\/produktas\/hikvision-ids-2cd8426g0-f-i-f4\/\" \/>\n<meta property=\"og:site_name\" content=\"Elektronika Namams\" \/>\n<meta property=\"article:publisher\" content=\"https:\/\/www.facebook.com\/ElektronikaNamams\" \/>\n<meta property=\"article:modified_time\" content=\"2024-10-18T14:14:21+00:00\" \/>\n<meta property=\"og:image\" content=\"https:\/\/eheating.lt\/wp-content\/uploads\/2023\/10\/Hikvision-iDS-2CD8426G0F-I-F4.png\" \/>\n\t<meta property=\"og:image:width\" content=\"800\" \/>\n\t<meta property=\"og:image:height\" content=\"800\" \/>\n\t<meta property=\"og:image:type\" content=\"image\/png\" \/>\n<meta name=\"twitter:card\" content=\"summary_large_image\" \/>\n<meta name=\"twitter:label1\" content=\"Price\" \/>\n\t<meta name=\"twitter:data1\" content=\"4545,06&nbsp;&euro;\" \/>\n\t<meta name=\"twitter:label2\" content=\"Availability\" \/>\n\t<meta name=\"twitter:data2\" content=\"On backorder\" \/>\n<script type=\"application\/ld+json\" class=\"yoast-schema-graph\">{\"@context\":\"https:\\\/\\\/schema.org\",\"@graph\":[{\"@type\":\"WebPage\",\"@id\":\"https:\\\/\\\/eheating.lt\\\/produktas\\\/hikvision-ids-2cd8426g0-f-i-f4\\\/\",\"url\":\"https:\\\/\\\/eheating.lt\\\/produktas\\\/hikvision-ids-2cd8426g0-f-i-f4\\\/\",\"name\":\"Hikvision iDS-2CD8426G0\\\/F-I F4\",\"isPartOf\":{\"@id\":\"https:\\\/\\\/eheating.lt\\\/#website\"},\"primaryImageOfPage\":{\"@id\":\"https:\\\/\\\/eheating.lt\\\/produktas\\\/hikvision-ids-2cd8426g0-f-i-f4\\\/#primaryimage\"},\"image\":{\"@id\":\"https:\\\/\\\/eheating.lt\\\/produktas\\\/hikvision-ids-2cd8426g0-f-i-f4\\\/#primaryimage\"},\"thumbnailUrl\":\"https:\\\/\\\/eheating.lt\\\/wp-content\\\/uploads\\\/2023\\\/10\\\/Hikvision-iDS-2CD8426G0F-I-F4.png\",\"datePublished\":\"2023-11-13T19:18:53+00:00\",\"dateModified\":\"2024-10-18T14:14:21+00:00\",\"description\":\"Hikvision iDS-2CD8426G0\\\/F-I F4 IP kamera ; Veid\u0173 atpa\u017einimas ; 1920 \u00d7 1080 @ 30fps rai\u0161ka ; IR ap\u0161vietimas iki 10m ; 5 vaizdo srautai ;\",\"breadcrumb\":{\"@id\":\"https:\\\/\\\/eheating.lt\\\/produktas\\\/hikvision-ids-2cd8426g0-f-i-f4\\\/#breadcrumb\"},\"inLanguage\":\"en-US\",\"potentialAction\":[{\"@type\":\"ReadAction\",\"target\":[\"https:\\\/\\\/eheating.lt\\\/produktas\\\/hikvision-ids-2cd8426g0-f-i-f4\\\/\"]}]},{\"@type\":\"ImageObject\",\"inLanguage\":\"en-US\",\"@id\":\"https:\\\/\\\/eheating.lt\\\/produktas\\\/hikvision-ids-2cd8426g0-f-i-f4\\\/#primaryimage\",\"url\":\"https:\\\/\\\/eheating.lt\\\/wp-content\\\/uploads\\\/2023\\\/10\\\/Hikvision-iDS-2CD8426G0F-I-F4.png\",\"contentUrl\":\"https:\\\/\\\/eheating.lt\\\/wp-content\\\/uploads\\\/2023\\\/10\\\/Hikvision-iDS-2CD8426G0F-I-F4.png\",\"width\":800,\"height\":800,\"caption\":\"Hikvision iDS-2CD8426G0\\\/F-I F4\"},{\"@type\":\"BreadcrumbList\",\"@id\":\"https:\\\/\\\/eheating.lt\\\/produktas\\\/hikvision-ids-2cd8426g0-f-i-f4\\\/#breadcrumb\",\"itemListElement\":[{\"@type\":\"ListItem\",\"position\":1,\"name\":\"Prad\u017eia\",\"item\":\"https:\\\/\\\/eheating.lt\\\/en\\\/\"},{\"@type\":\"ListItem\",\"position\":2,\"name\":\"Shop\",\"item\":\"https:\\\/\\\/eheating.lt\\\/en\\\/?page_id=5734\"},{\"@type\":\"ListItem\",\"position\":3,\"name\":\"Hikvision iDS-2CD8426G0\\\/F-I F4\"}]},{\"@type\":\"WebSite\",\"@id\":\"https:\\\/\\\/eheating.lt\\\/#website\",\"url\":\"https:\\\/\\\/eheating.lt\\\/\",\"name\":\"eHeating\",\"description\":\"Elektronika ir \u0161ildymas\",\"potentialAction\":[{\"@type\":\"SearchAction\",\"target\":{\"@type\":\"EntryPoint\",\"urlTemplate\":\"https:\\\/\\\/eheating.lt\\\/?s={search_term_string}\"},\"query-input\":{\"@type\":\"PropertyValueSpecification\",\"valueRequired\":true,\"valueName\":\"search_term_string\"}}],\"inLanguage\":\"en-US\"}]}<\/script>\n<meta property=\"product:price:amount\" content=\"4545.06\" \/>\n<meta property=\"product:price:currency\" content=\"EUR\" \/>\n<meta property=\"og:availability\" content=\"backorder\" \/>\n<meta property=\"product:availability\" content=\"available for order\" \/>\n<meta property=\"product:retailer_item_id\" content=\"221b4cb5544b\" \/>\n<meta property=\"product:condition\" content=\"new\" \/>\n<!-- \/ Yoast SEO Premium plugin. -->","yoast_head_json":{"title":"Hikvision iDS-2CD8426G0\/F-I F4","description":"Hikvision iDS-2CD8426G0\/F-I F4 IP kamera ; Veid\u0173 atpa\u017einimas ; 1920 \u00d7 1080 @ 30fps rai\u0161ka ; IR ap\u0161vietimas iki 10m ; 5 vaizdo srautai ;","robots":{"index":"index","follow":"follow","max-snippet":"max-snippet:-1","max-image-preview":"max-image-preview:large","max-video-preview":"max-video-preview:-1"},"canonical":"https:\/\/eheating.lt\/produktas\/hikvision-ids-2cd8426g0-f-i-f4\/","og_locale":"en_US","og_type":"article","og_title":"Hikvision iDS-2CD8426G0\/F-I F4","og_description":"Hikvision iDS-2CD8426G0\/F-I F4 IP kamera ; Veid\u0173 atpa\u017einimas ; 1920 \u00d7 1080 @ 30fps rai\u0161ka ; IR ap\u0161vietimas iki 10m ; 5 vaizdo srautai ;","og_url":"https:\/\/eheating.lt\/produktas\/hikvision-ids-2cd8426g0-f-i-f4\/","og_site_name":"Elektronika Namams","article_publisher":"https:\/\/www.facebook.com\/ElektronikaNamams","article_modified_time":"2024-10-18T14:14:21+00:00","og_image":[{"width":800,"height":800,"url":"https:\/\/eheating.lt\/wp-content\/uploads\/2023\/10\/Hikvision-iDS-2CD8426G0F-I-F4.png","type":"image\/png"}],"twitter_card":"summary_large_image","twitter_misc":{"Price":"4545,06&nbsp;&euro;","Availability":"On backorder"},"schema":{"@context":"https:\/\/schema.org","@graph":[{"@type":"WebPage","@id":"https:\/\/eheating.lt\/produktas\/hikvision-ids-2cd8426g0-f-i-f4\/","url":"https:\/\/eheating.lt\/produktas\/hikvision-ids-2cd8426g0-f-i-f4\/","name":"Hikvision iDS-2CD8426G0\/F-I F4","isPartOf":{"@id":"https:\/\/eheating.lt\/#website"},"primaryImageOfPage":{"@id":"https:\/\/eheating.lt\/produktas\/hikvision-ids-2cd8426g0-f-i-f4\/#primaryimage"},"image":{"@id":"https:\/\/eheating.lt\/produktas\/hikvision-ids-2cd8426g0-f-i-f4\/#primaryimage"},"thumbnailUrl":"https:\/\/eheating.lt\/wp-content\/uploads\/2023\/10\/Hikvision-iDS-2CD8426G0F-I-F4.png","datePublished":"2023-11-13T19:18:53+00:00","dateModified":"2024-10-18T14:14:21+00:00","description":"Hikvision iDS-2CD8426G0\/F-I F4 IP kamera ; Veid\u0173 atpa\u017einimas ; 1920 \u00d7 1080 @ 30fps rai\u0161ka ; IR ap\u0161vietimas iki 10m ; 5 vaizdo srautai ;","breadcrumb":{"@id":"https:\/\/eheating.lt\/produktas\/hikvision-ids-2cd8426g0-f-i-f4\/#breadcrumb"},"inLanguage":"en-US","potentialAction":[{"@type":"ReadAction","target":["https:\/\/eheating.lt\/produktas\/hikvision-ids-2cd8426g0-f-i-f4\/"]}]},{"@type":"ImageObject","inLanguage":"en-US","@id":"https:\/\/eheating.lt\/produktas\/hikvision-ids-2cd8426g0-f-i-f4\/#primaryimage","url":"https:\/\/eheating.lt\/wp-content\/uploads\/2023\/10\/Hikvision-iDS-2CD8426G0F-I-F4.png","contentUrl":"https:\/\/eheating.lt\/wp-content\/uploads\/2023\/10\/Hikvision-iDS-2CD8426G0F-I-F4.png","width":800,"height":800,"caption":"Hikvision iDS-2CD8426G0\/F-I F4"},{"@type":"BreadcrumbList","@id":"https:\/\/eheating.lt\/produktas\/hikvision-ids-2cd8426g0-f-i-f4\/#breadcrumb","itemListElement":[{"@type":"ListItem","position":1,"name":"Prad\u017eia","item":"https:\/\/eheating.lt\/en\/"},{"@type":"ListItem","position":2,"name":"Shop","item":"https:\/\/eheating.lt\/en\/?page_id=5734"},{"@type":"ListItem","position":3,"name":"Hikvision iDS-2CD8426G0\/F-I F4"}]},{"@type":"WebSite","@id":"https:\/\/eheating.lt\/#website","url":"https:\/\/eheating.lt\/","name":"eHeating","description":"Elektronika ir \u0161ildymas","potentialAction":[{"@type":"SearchAction","target":{"@type":"EntryPoint","urlTemplate":"https:\/\/eheating.lt\/?s={search_term_string}"},"query-input":{"@type":"PropertyValueSpecification","valueRequired":true,"valueName":"search_term_string"}}],"inLanguage":"en-US"}]},"product_price_amount":"4545.06","product_price_currency":"EUR","og_availability":"backorder","product_availability":"available for order","product_retailer_item_id":"221b4cb5544b","product_condition":"new"},"_links":{"self":[{"href":"https:\/\/eheating.lt\/en\/wp-json\/wp\/v2\/product\/23222","targetHints":{"allow":["GET"]}}],"collection":[{"href":"https:\/\/eheating.lt\/en\/wp-json\/wp\/v2\/product"}],"about":[{"href":"https:\/\/eheating.lt\/en\/wp-json\/wp\/v2\/types\/product"}],"replies":[{"embeddable":true,"href":"https:\/\/eheating.lt\/en\/wp-json\/wp\/v2\/comments?post=23222"}],"version-history":[{"count":0,"href":"https:\/\/eheating.lt\/en\/wp-json\/wp\/v2\/product\/23222\/revisions"}],"wp:featuredmedia":[{"embeddable":true,"href":"https:\/\/eheating.lt\/en\/wp-json\/wp\/v2\/media\/27642"}],"wp:attachment":[{"href":"https:\/\/eheating.lt\/en\/wp-json\/wp\/v2\/media?parent=23222"}],"wp:term":[{"taxonomy":"product_brand","embeddable":true,"href":"https:\/\/eheating.lt\/en\/wp-json\/wp\/v2\/product_brand?post=23222"},{"taxonomy":"product_cat","embeddable":true,"href":"https:\/\/eheating.lt\/en\/wp-json\/wp\/v2\/product_cat?post=23222"},{"taxonomy":"product_tag","embeddable":true,"href":"https:\/\/eheating.lt\/en\/wp-json\/wp\/v2\/product_tag?post=23222"}],"curies":[{"name":"wp","href":"https:\/\/api.w.org\/{rel}","templated":true}]}}