{"id":23220,"date":"2023-11-13T21:29:44","date_gmt":"2023-11-13T19:29:44","guid":{"rendered":"https:\/\/eheating.lt\/?post_type=product&#038;p=23220"},"modified":"2024-10-18T17:14:19","modified_gmt":"2024-10-18T14:14:19","slug":"hikvision-fisheye-ds-2cd2955fwd-is","status":"publish","type":"product","link":"https:\/\/eheating.lt\/en\/produktas\/hikvision-fisheye-ds-2cd2955fwd-is\/","title":{"rendered":"Hikvision fisheye DS-2CD2955FWD-IS"},"content":{"rendered":"<hr \/>\n<table style=\"width: 625px;\" border=\"1\">\n<tbody>\n<tr>\n<td>Sensorius<\/td>\n<td>1\/2.5&#8243; Progressive Scan CMOS<\/td>\n<\/tr>\n<tr>\n<td style=\"width: 150px;\">Min. ap\u0161vietimas<\/td>\n<td>Color: 0.01Lux @ (F1.2, AGC ON), 0 Lux with IR on<\/td>\n<\/tr>\n<tr>\n<td>U\u017erakto greitis<\/td>\n<td>1\/3 s to 1\/100,000 s<\/td>\n<\/tr>\n<tr>\n<td>Objektyvas<\/td>\n<td>1.05 mm @ F2.2, horizontal field of view: 180\u00b0, vertical field of view: 180\u00b0<\/td>\n<\/tr>\n<tr>\n<td>Objektyvo montavimas<\/td>\n<td>M12<\/td>\n<\/tr>\n<tr>\n<td>Diena \/ naktis<\/td>\n<td>IR cult filter with auto switch<\/td>\n<\/tr>\n<tr>\n<td>DNR<\/td>\n<td>3D DNR<\/td>\n<\/tr>\n<tr>\n<td>Paltus dinaminis diepazonas<\/td>\n<td>120 dB<\/td>\n<\/tr>\n<tr>\n<td>Vaizdo suspaudimas<\/td>\n<td>Main stream: H.265\/H.264 Sub stream: H.265\/H.264\/MJPEG<\/td>\n<\/tr>\n<tr>\n<td>Vaizdo sparta<\/td>\n<td>32 Kbps to 16 Mbps<\/td>\n<\/tr>\n<tr>\n<td>Garso suspaudimas<\/td>\n<td>G.711\/G.722.1\/G.726\/MP2L2<\/td>\n<\/tr>\n<tr>\n<td>Garso sparta<\/td>\n<td>64Kbps(G.711)\/16Kbps(G.722.1)\/16Kbps(G.726)\/32-128Kbps(MP2L2)<\/td>\n<\/tr>\n<tr>\n<td>Maks. vaizdo rai\u0161ka<\/td>\n<td>2560 \u00d7 1920<\/td>\n<\/tr>\n<tr>\n<td>Kadrai per sekund\u0119<\/td>\n<td>50Hz: 25fps (2560 \u00d7 1920, 2048 \u00d7 1536, 1280 \u00d7 960)<\/p>\n<p>60Hz: 30fps (2560 \u00d7 1920, 2048 \u00d7 1536, 1280 \u00d7 960)<\/td>\n<\/tr>\n<tr>\n<td>Antrinis srautas<\/td>\n<td>50Hz: 25fps (352\u00d7 288, 704 \u00d7 576)<\/p>\n<p>60Hz: 30fps (352 \u00d7 240, 704 \u00d7 576)<\/td>\n<\/tr>\n<tr>\n<td>Vaizdo nustatymai<\/td>\n<td>Saturation, brightness, contrast, and sharpness are adjustable via client software or web browser<\/td>\n<\/tr>\n<tr>\n<td>Foninio ap\u0161vietimo kompensavimas<\/td>\n<td>WDR\/3D DNR\/Backlight Compensation\/Defog<\/td>\n<\/tr>\n<tr>\n<td>Dienos \/ nakties perjungimas<\/td>\n<td>Auto\/Schedule\/Triggered by Alarm In<\/td>\n<\/tr>\n<tr>\n<td>Tinklinis talpinimas<\/td>\n<td>NAS (Support NFS,SMB\/CIFS), built-in microSD\/SDHC\/SDXC card slot, up to 128 G, ANR<\/td>\n<\/tr>\n<tr>\n<td>Pavojaus signalas<\/td>\n<td>Video tampering alarm, HDD full, HDD error, network disconnected, IP address conflicted, illegal login<\/td>\n<\/tr>\n<tr>\n<td>Aptikimas<\/td>\n<td>Motion detection, dynamic analysis, intrusion detection, line crossing detection<\/td>\n<\/tr>\n<tr>\n<td>Protokolai<\/td>\n<td>TCP\/IP, ICMP, HTTP, HTTPS, FTP, DHCP, DNS, DDNS, RTP, RTSP, RTCP, PPPoE, NTP, UPnP, SMTP, SNMP, IGMP, 802.1X, QoS, IPv6<\/td>\n<\/tr>\n<tr>\n<td>Standartai<\/td>\n<td>ONVIF (PROFILE S, PROFILE G), PSIA, CGI, ISAPI<\/td>\n<\/tr>\n<tr>\n<td>Ry\u0161io s\u0105saja<\/td>\n<td>1 RJ45 10M\/100M self-adaptive Ethernet port<\/td>\n<\/tr>\n<tr>\n<td>Garsas<\/td>\n<td>1 audio input (line in), 1 audio output interface<\/td>\n<\/tr>\n<tr>\n<td>Aliarmas<\/td>\n<td>1 alarm input, 1 alarm output (DC24V, 1A or AC110V, 500mA, max.)<\/td>\n<\/tr>\n<tr>\n<td>Vidin\u0117 atmintis<\/td>\n<td>Built-in microSD\/SDHC\/SDXC slot, up to 128 GB<\/td>\n<\/tr>\n<tr>\n<td>Darbo s\u0105lygos<\/td>\n<td>-10 \u00b0C to +50 \u00b0C (-14 \u00b0F to +122 \u00b0F), Humidity 95% or less (non-condensing)<\/td>\n<\/tr>\n<tr>\n<td>Maitinimas<\/td>\n<td>DC 12V \u00b1 25%, 2A, 5W PoE(802.3af 36-57V, class 3), 0.4 \u2013 0.7 A, 6.7W<\/td>\n<\/tr>\n<tr>\n<td>IR ap\u0161vietimas<\/td>\n<td>\u00a0Up to 8 m<\/td>\n<\/tr>\n<tr>\n<td>I\u0161matavimai<\/td>\n<td>\u03a6 119.9 \u00d7 41.2 mm (\u03a6 4.72\u2033 \u00d7 1.62\u2033)<\/td>\n<\/tr>\n<tr>\n<td>Svoris<\/td>\n<td>600g<\/td>\n<\/tr>\n<\/tbody>\n<\/table>\n","protected":false},"excerpt":{"rendered":"<ul>\n<li>5 Mpx auk\u0161ta rai\u0161ka<\/li>\n<li>Fish eye objektyvas<\/li>\n<li>H.265, H.265+, H.264+, H.264<\/li>\n<li>Iki 8 m IR ap\u0161vietimas<\/li>\n<li>Vieta SD kortelei, iki 128 GB<\/li>\n<li>Garso, pavojaus \u012fvestys\/i\u0161vestys<\/li>\n<\/ul>\n","protected":false},"featured_media":27940,"comment_status":"closed","ping_status":"closed","template":"","meta":[],"product_brand":[],"product_cat":[410,534,533],"product_tag":[],"class_list":{"0":"post-23220","1":"product","2":"type-product","3":"status-publish","4":"has-post-thumbnail","6":"product_cat-ip-fisheye-kameros","7":"product_cat-ip-kameros","8":"product_cat-ip-vaizdo-stebejimo-sistemos","10":"first","11":"onbackorder","12":"purchasable","13":"product-type-simple"},"yoast_head":"<!-- This site is optimized with the Yoast SEO Premium plugin v21.5 (Yoast SEO v27.3) - https:\/\/yoast.com\/product\/yoast-seo-premium-wordpress\/ -->\n<title>Hikvision fisheye DS-2CD2955FWD-IS<\/title>\n<meta name=\"description\" content=\"Hikvision fisheye DS-2CD2955FWD-IS IP kamera ; Iki 8 m IR ap\u0161vietimas ; Vieta SD kortelei, iki 128 GB ; Rai\u0161ka - 5MP ; Spalva - balta\" \/>\n<meta name=\"robots\" content=\"index, follow, max-snippet:-1, max-image-preview:large, max-video-preview:-1\" \/>\n<link rel=\"canonical\" href=\"https:\/\/eheating.lt\/produktas\/hikvision-fisheye-ds-2cd2955fwd-is\/\" \/>\n<meta property=\"og:locale\" content=\"en_US\" \/>\n<meta property=\"og:type\" content=\"article\" \/>\n<meta property=\"og:title\" content=\"Hikvision fisheye DS-2CD2955FWD-IS\" \/>\n<meta property=\"og:description\" content=\"Hikvision fisheye DS-2CD2955FWD-IS IP kamera ; Iki 8 m IR ap\u0161vietimas ; Vieta SD kortelei, iki 128 GB ; Rai\u0161ka - 5MP ; Spalva - balta\" \/>\n<meta property=\"og:url\" content=\"https:\/\/eheating.lt\/produktas\/hikvision-fisheye-ds-2cd2955fwd-is\/\" \/>\n<meta property=\"og:site_name\" content=\"Elektronika Namams\" \/>\n<meta property=\"article:publisher\" content=\"https:\/\/www.facebook.com\/ElektronikaNamams\" \/>\n<meta property=\"article:modified_time\" content=\"2024-10-18T14:14:19+00:00\" \/>\n<meta property=\"og:image\" content=\"https:\/\/eheating.lt\/wp-content\/uploads\/2023\/10\/Hikvision-fisheye-DS-2CD2955FWD-IS.png\" \/>\n\t<meta property=\"og:image:width\" content=\"800\" \/>\n\t<meta property=\"og:image:height\" content=\"800\" \/>\n\t<meta property=\"og:image:type\" content=\"image\/png\" \/>\n<meta name=\"twitter:card\" content=\"summary_large_image\" \/>\n<meta name=\"twitter:label1\" content=\"Price\" \/>\n\t<meta name=\"twitter:data1\" content=\"664,96&nbsp;&euro;\" \/>\n\t<meta name=\"twitter:label2\" content=\"Availability\" \/>\n\t<meta name=\"twitter:data2\" content=\"On backorder\" \/>\n<script type=\"application\/ld+json\" class=\"yoast-schema-graph\">{\"@context\":\"https:\\\/\\\/schema.org\",\"@graph\":[{\"@type\":\"WebPage\",\"@id\":\"https:\\\/\\\/eheating.lt\\\/produktas\\\/hikvision-fisheye-ds-2cd2955fwd-is\\\/\",\"url\":\"https:\\\/\\\/eheating.lt\\\/produktas\\\/hikvision-fisheye-ds-2cd2955fwd-is\\\/\",\"name\":\"Hikvision fisheye DS-2CD2955FWD-IS\",\"isPartOf\":{\"@id\":\"https:\\\/\\\/eheating.lt\\\/#website\"},\"primaryImageOfPage\":{\"@id\":\"https:\\\/\\\/eheating.lt\\\/produktas\\\/hikvision-fisheye-ds-2cd2955fwd-is\\\/#primaryimage\"},\"image\":{\"@id\":\"https:\\\/\\\/eheating.lt\\\/produktas\\\/hikvision-fisheye-ds-2cd2955fwd-is\\\/#primaryimage\"},\"thumbnailUrl\":\"https:\\\/\\\/eheating.lt\\\/wp-content\\\/uploads\\\/2023\\\/10\\\/Hikvision-fisheye-DS-2CD2955FWD-IS.png\",\"datePublished\":\"2023-11-13T19:29:44+00:00\",\"dateModified\":\"2024-10-18T14:14:19+00:00\",\"description\":\"Hikvision fisheye DS-2CD2955FWD-IS IP kamera ; Iki 8 m IR ap\u0161vietimas ; Vieta SD kortelei, iki 128 GB ; Rai\u0161ka - 5MP ; Spalva - balta\",\"breadcrumb\":{\"@id\":\"https:\\\/\\\/eheating.lt\\\/produktas\\\/hikvision-fisheye-ds-2cd2955fwd-is\\\/#breadcrumb\"},\"inLanguage\":\"en-US\",\"potentialAction\":[{\"@type\":\"ReadAction\",\"target\":[\"https:\\\/\\\/eheating.lt\\\/produktas\\\/hikvision-fisheye-ds-2cd2955fwd-is\\\/\"]}]},{\"@type\":\"ImageObject\",\"inLanguage\":\"en-US\",\"@id\":\"https:\\\/\\\/eheating.lt\\\/produktas\\\/hikvision-fisheye-ds-2cd2955fwd-is\\\/#primaryimage\",\"url\":\"https:\\\/\\\/eheating.lt\\\/wp-content\\\/uploads\\\/2023\\\/10\\\/Hikvision-fisheye-DS-2CD2955FWD-IS.png\",\"contentUrl\":\"https:\\\/\\\/eheating.lt\\\/wp-content\\\/uploads\\\/2023\\\/10\\\/Hikvision-fisheye-DS-2CD2955FWD-IS.png\",\"width\":800,\"height\":800,\"caption\":\"Hikvision fisheye DS-2CD2955FWD-IS\"},{\"@type\":\"BreadcrumbList\",\"@id\":\"https:\\\/\\\/eheating.lt\\\/produktas\\\/hikvision-fisheye-ds-2cd2955fwd-is\\\/#breadcrumb\",\"itemListElement\":[{\"@type\":\"ListItem\",\"position\":1,\"name\":\"Prad\u017eia\",\"item\":\"https:\\\/\\\/eheating.lt\\\/en\\\/\"},{\"@type\":\"ListItem\",\"position\":2,\"name\":\"Shop\",\"item\":\"https:\\\/\\\/eheating.lt\\\/en\\\/?page_id=5734\"},{\"@type\":\"ListItem\",\"position\":3,\"name\":\"Hikvision fisheye DS-2CD2955FWD-IS\"}]},{\"@type\":\"WebSite\",\"@id\":\"https:\\\/\\\/eheating.lt\\\/#website\",\"url\":\"https:\\\/\\\/eheating.lt\\\/\",\"name\":\"eHeating\",\"description\":\"Elektronika ir \u0161ildymas\",\"potentialAction\":[{\"@type\":\"SearchAction\",\"target\":{\"@type\":\"EntryPoint\",\"urlTemplate\":\"https:\\\/\\\/eheating.lt\\\/?s={search_term_string}\"},\"query-input\":{\"@type\":\"PropertyValueSpecification\",\"valueRequired\":true,\"valueName\":\"search_term_string\"}}],\"inLanguage\":\"en-US\"}]}<\/script>\n<meta property=\"product:price:amount\" content=\"664.96\" \/>\n<meta property=\"product:price:currency\" content=\"EUR\" \/>\n<meta property=\"og:availability\" content=\"backorder\" \/>\n<meta property=\"product:availability\" content=\"available for order\" \/>\n<meta property=\"product:retailer_item_id\" content=\"172efcd0a9fc\" \/>\n<meta property=\"product:condition\" content=\"new\" \/>\n<!-- \/ Yoast SEO Premium plugin. -->","yoast_head_json":{"title":"Hikvision fisheye DS-2CD2955FWD-IS","description":"Hikvision fisheye DS-2CD2955FWD-IS IP kamera ; Iki 8 m IR ap\u0161vietimas ; Vieta SD kortelei, iki 128 GB ; Rai\u0161ka - 5MP ; Spalva - balta","robots":{"index":"index","follow":"follow","max-snippet":"max-snippet:-1","max-image-preview":"max-image-preview:large","max-video-preview":"max-video-preview:-1"},"canonical":"https:\/\/eheating.lt\/produktas\/hikvision-fisheye-ds-2cd2955fwd-is\/","og_locale":"en_US","og_type":"article","og_title":"Hikvision fisheye DS-2CD2955FWD-IS","og_description":"Hikvision fisheye DS-2CD2955FWD-IS IP kamera ; Iki 8 m IR ap\u0161vietimas ; Vieta SD kortelei, iki 128 GB ; Rai\u0161ka - 5MP ; Spalva - balta","og_url":"https:\/\/eheating.lt\/produktas\/hikvision-fisheye-ds-2cd2955fwd-is\/","og_site_name":"Elektronika Namams","article_publisher":"https:\/\/www.facebook.com\/ElektronikaNamams","article_modified_time":"2024-10-18T14:14:19+00:00","og_image":[{"width":800,"height":800,"url":"https:\/\/eheating.lt\/wp-content\/uploads\/2023\/10\/Hikvision-fisheye-DS-2CD2955FWD-IS.png","type":"image\/png"}],"twitter_card":"summary_large_image","twitter_misc":{"Price":"664,96&nbsp;&euro;","Availability":"On backorder"},"schema":{"@context":"https:\/\/schema.org","@graph":[{"@type":"WebPage","@id":"https:\/\/eheating.lt\/produktas\/hikvision-fisheye-ds-2cd2955fwd-is\/","url":"https:\/\/eheating.lt\/produktas\/hikvision-fisheye-ds-2cd2955fwd-is\/","name":"Hikvision fisheye DS-2CD2955FWD-IS","isPartOf":{"@id":"https:\/\/eheating.lt\/#website"},"primaryImageOfPage":{"@id":"https:\/\/eheating.lt\/produktas\/hikvision-fisheye-ds-2cd2955fwd-is\/#primaryimage"},"image":{"@id":"https:\/\/eheating.lt\/produktas\/hikvision-fisheye-ds-2cd2955fwd-is\/#primaryimage"},"thumbnailUrl":"https:\/\/eheating.lt\/wp-content\/uploads\/2023\/10\/Hikvision-fisheye-DS-2CD2955FWD-IS.png","datePublished":"2023-11-13T19:29:44+00:00","dateModified":"2024-10-18T14:14:19+00:00","description":"Hikvision fisheye DS-2CD2955FWD-IS IP kamera ; Iki 8 m IR ap\u0161vietimas ; Vieta SD kortelei, iki 128 GB ; Rai\u0161ka - 5MP ; Spalva - balta","breadcrumb":{"@id":"https:\/\/eheating.lt\/produktas\/hikvision-fisheye-ds-2cd2955fwd-is\/#breadcrumb"},"inLanguage":"en-US","potentialAction":[{"@type":"ReadAction","target":["https:\/\/eheating.lt\/produktas\/hikvision-fisheye-ds-2cd2955fwd-is\/"]}]},{"@type":"ImageObject","inLanguage":"en-US","@id":"https:\/\/eheating.lt\/produktas\/hikvision-fisheye-ds-2cd2955fwd-is\/#primaryimage","url":"https:\/\/eheating.lt\/wp-content\/uploads\/2023\/10\/Hikvision-fisheye-DS-2CD2955FWD-IS.png","contentUrl":"https:\/\/eheating.lt\/wp-content\/uploads\/2023\/10\/Hikvision-fisheye-DS-2CD2955FWD-IS.png","width":800,"height":800,"caption":"Hikvision fisheye DS-2CD2955FWD-IS"},{"@type":"BreadcrumbList","@id":"https:\/\/eheating.lt\/produktas\/hikvision-fisheye-ds-2cd2955fwd-is\/#breadcrumb","itemListElement":[{"@type":"ListItem","position":1,"name":"Prad\u017eia","item":"https:\/\/eheating.lt\/en\/"},{"@type":"ListItem","position":2,"name":"Shop","item":"https:\/\/eheating.lt\/en\/?page_id=5734"},{"@type":"ListItem","position":3,"name":"Hikvision fisheye DS-2CD2955FWD-IS"}]},{"@type":"WebSite","@id":"https:\/\/eheating.lt\/#website","url":"https:\/\/eheating.lt\/","name":"eHeating","description":"Elektronika ir \u0161ildymas","potentialAction":[{"@type":"SearchAction","target":{"@type":"EntryPoint","urlTemplate":"https:\/\/eheating.lt\/?s={search_term_string}"},"query-input":{"@type":"PropertyValueSpecification","valueRequired":true,"valueName":"search_term_string"}}],"inLanguage":"en-US"}]},"product_price_amount":"664.96","product_price_currency":"EUR","og_availability":"backorder","product_availability":"available for order","product_retailer_item_id":"172efcd0a9fc","product_condition":"new"},"_links":{"self":[{"href":"https:\/\/eheating.lt\/en\/wp-json\/wp\/v2\/product\/23220","targetHints":{"allow":["GET"]}}],"collection":[{"href":"https:\/\/eheating.lt\/en\/wp-json\/wp\/v2\/product"}],"about":[{"href":"https:\/\/eheating.lt\/en\/wp-json\/wp\/v2\/types\/product"}],"replies":[{"embeddable":true,"href":"https:\/\/eheating.lt\/en\/wp-json\/wp\/v2\/comments?post=23220"}],"version-history":[{"count":0,"href":"https:\/\/eheating.lt\/en\/wp-json\/wp\/v2\/product\/23220\/revisions"}],"wp:featuredmedia":[{"embeddable":true,"href":"https:\/\/eheating.lt\/en\/wp-json\/wp\/v2\/media\/27940"}],"wp:attachment":[{"href":"https:\/\/eheating.lt\/en\/wp-json\/wp\/v2\/media?parent=23220"}],"wp:term":[{"taxonomy":"product_brand","embeddable":true,"href":"https:\/\/eheating.lt\/en\/wp-json\/wp\/v2\/product_brand?post=23220"},{"taxonomy":"product_cat","embeddable":true,"href":"https:\/\/eheating.lt\/en\/wp-json\/wp\/v2\/product_cat?post=23220"},{"taxonomy":"product_tag","embeddable":true,"href":"https:\/\/eheating.lt\/en\/wp-json\/wp\/v2\/product_tag?post=23220"}],"curies":[{"name":"wp","href":"https:\/\/api.w.org\/{rel}","templated":true}]}}