{"id":23182,"date":"2023-11-13T21:07:30","date_gmt":"2023-11-13T19:07:30","guid":{"rendered":"https:\/\/eheating.lt\/?post_type=product&#038;p=23182"},"modified":"2024-10-18T17:13:33","modified_gmt":"2024-10-18T14:13:33","slug":"hikvision-dome-ds-2cd1153g0-ic-f2-8","status":"publish","type":"product","link":"https:\/\/eheating.lt\/en\/produktas\/hikvision-dome-ds-2cd1153g0-ic-f2-8\/","title":{"rendered":"Hikvision dome DS-2CD1153G0-I(C) F2.8"},"content":{"rendered":"<ul class=\"tech-specs-items-description\" data-target=\"Camera \">\n<li class=\"tech-specs-items-description-list\"><span class=\"tech-specs-items-description__title--heading\">Kamera<\/span><\/li>\n<li class=\"tech-specs-items-description-list\"><span class=\"tech-specs-items-description__title\">Sensorius<\/span><span class=\"tech-specs-items-description__title-details\">1\/2.7&#8243; Progressive Scan CMOS<\/span><\/li>\n<li class=\"tech-specs-items-description-list\"><span class=\"tech-specs-items-description__title\">Maks. rezoliucija<\/span><span class=\"tech-specs-items-description__title-details\">2560 \u00d7 1920<\/span><\/li>\n<li class=\"tech-specs-items-description-list\"><span class=\"tech-specs-items-description__title\">Min. ap\u0161vietimas<\/span><span class=\"tech-specs-items-description__title-details\">Color: 0.01 Lux @ (F2.0, AGC ON), B\/W: 0 Lux with IR<\/span><\/li>\n<li class=\"tech-specs-items-description-list\"><span class=\"tech-specs-items-description__title\">U\u017erakinimo greitis<\/span><span class=\"tech-specs-items-description__title-details\">1\/3 s to 1\/100,000 s<\/span><\/li>\n<li class=\"tech-specs-items-description-list\"><span class=\"tech-specs-items-description__title\">Diena &#038; Naktis<\/span><span class=\"tech-specs-items-description__title-details\">IR cut filter<\/span><\/li>\n<li class=\"tech-specs-items-description-list\"><span class=\"tech-specs-items-description__title\">Kampo keitimas<\/span><span class=\"tech-specs-items-description__title-details\">Pan: 0\u00b0 to 355\u00b0, tilt: 0\u00b0 to 75\u00b0<\/span><\/li>\n<\/ul>\n<ul class=\"tech-specs-items-description\" data-target=\"Lens\">\n<li class=\"tech-specs-items-description-list\"><span class=\"tech-specs-items-description__title--heading\">L\u0119\u0161is<\/span><\/li>\n<li class=\"tech-specs-items-description-list\"><span class=\"tech-specs-items-description__title\">L\u0119\u0161io tipas<\/span><span class=\"tech-specs-items-description__title-details\">Fixed focal lens, 2.8 and 4 mm optional<\/span><\/li>\n<li class=\"tech-specs-items-description-list\"><span class=\"tech-specs-items-description__title\">FOV<\/span><span class=\"tech-specs-items-description__title-details\">\n<p class=\"mb-p\" style=\"margin-bottom:0rem;height:auto;\">2.8 mm, horizontal FOV 98.0\u00b0, vertical FOV 71.7\u00b0, diagonal FOV 127.0\u00b0<\/p>\n<p class=\"mb-p\" style=\"margin-bottom:0.5em;height:auto;\">4 mm, horizontal FOV 75.3\u00b0, vertical FOV 55.5\u00b0, diagonal FOV 98.2\u00b0<\/p>\n<p><\/span><\/li>\n<li class=\"tech-specs-items-description-list\"><span class=\"tech-specs-items-description__title\">L\u0119\u0161io montavimas<\/span><span class=\"tech-specs-items-description__title-details\">M12<\/span><\/li>\n<li class=\"tech-specs-items-description-list\"><span class=\"tech-specs-items-description__title\">Rainel\u0117s tipas<\/span><span class=\"tech-specs-items-description__title-details\">Fixed<\/span><\/li>\n<li class=\"tech-specs-items-description-list\"><span class=\"tech-specs-items-description__title\">Diafragama<\/span><span class=\"tech-specs-items-description__title-details\">F2.0<\/span><\/li>\n<\/ul>\n<ul class=\"tech-specs-items-description\" data-target=\"Illuminator\">\n<li class=\"tech-specs-items-description-list\"><span class=\"tech-specs-items-description__title--heading\">Ap\u0161vietimas<\/span><\/li>\n<li class=\"tech-specs-items-description-list\"><span class=\"tech-specs-items-description__title\">Papildomo ap\u0161vie\u0161imo tipas<\/span><span class=\"tech-specs-items-description__title-details\">IR <\/span><\/li>\n<li class=\"tech-specs-items-description-list\"><span class=\"tech-specs-items-description__title\">Papildomo ap\u0161vietimo diapazonas<\/span><span class=\"tech-specs-items-description__title-details\">Up to 30 m<\/span><\/li>\n<li class=\"tech-specs-items-description-list\"><span class=\"tech-specs-items-description__title\">IR bangos ilgis<\/span><span class=\"tech-specs-items-description__title-details\">850 nm<\/span><\/li>\n<\/ul>\n<ul class=\"tech-specs-items-description\" data-target=\"Video\">\n<li class=\"tech-specs-items-description-list\"><span class=\"tech-specs-items-description__title--heading\">Vaizdas<\/span><\/li>\n<li class=\"tech-specs-items-description-list\"><span class=\"tech-specs-items-description__title\">Pagrindinis srautas<\/span><span class=\"tech-specs-items-description__title-details\">\n<p class=\"mb-p\" style=\"margin-bottom:0rem;height:auto;\">50 Hz: 20 fps (2560 \u00d7 1920)<\/p>\n<p class=\"mb-p\" style=\"margin-bottom:0rem;height:auto;\">           25 fps (2560 \u00d7 1440, 1920 \u00d7 1080, 1280 \u00d7 720)<\/p>\n<p class=\"mb-p\" style=\"margin-bottom:0rem;height:auto;\">60 Hz: 20 fps (2560 \u00d7 1920)<\/p>\n<p class=\"mb-p\" style=\"margin-bottom:0.5em;height:auto;\">           30 fps (2560 \u00d7 1440, 1920 \u00d7 1080, 1280 \u00d7 720)<\/p>\n<p><\/span><\/li>\n<li class=\"tech-specs-items-description-list\"><span class=\"tech-specs-items-description__title\">Antrinis srautas<\/span><span class=\"tech-specs-items-description__title-details\">\n<p class=\"mb-p\" style=\"margin-bottom:0rem;height:auto;\">50 Hz: 25 fps (1280 \u00d7 720, 640 \u00d7 480, 640 \u00d7 360)<\/p>\n<p class=\"mb-p\" style=\"margin-bottom:0.5em;height:auto;\">60 Hz: 30 fps (1280 \u00d7 720, 640 \u00d7 480, 640 \u00d7 360)<\/p>\n<p><\/span><\/li>\n<li class=\"tech-specs-items-description-list\"><span class=\"tech-specs-items-description__title\">Vaizdo suspaudimas<\/span><span class=\"tech-specs-items-description__title-details\">\n<p class=\"mb-p\" style=\"margin-bottom:0rem;height:auto;\">Main stream: H.265+\/H.265\/H.264+\/H.264<\/p>\n<p class=\"mb-p\" style=\"margin-bottom:0.5em;height:auto;\">Sub-stream: H.265\/H.264\/MJPEG<\/p>\n<p><\/span><\/li>\n<li class=\"tech-specs-items-description-list\"><span class=\"tech-specs-items-description__title\">Vaizdo bit\u0173 greitis<\/span><span class=\"tech-specs-items-description__title-details\">32 Kbps to 16 Mbps<\/span><\/li>\n<li class=\"tech-specs-items-description-list\"><span class=\"tech-specs-items-description__title\">H.264 tipas<\/span><span class=\"tech-specs-items-description__title-details\">Baseline Profile\/Main Profile\/High Profile<\/span><\/li>\n<li class=\"tech-specs-items-description-list\"><span class=\"tech-specs-items-description__title\">H.265 tipas<\/span><span class=\"tech-specs-items-description__title-details\">Main profile<\/span><\/li>\n<li class=\"tech-specs-items-description-list\"><span class=\"tech-specs-items-description__title\">ROI<\/span><span class=\"tech-specs-items-description__title-details\">1 fixed region for main stream<\/span><\/li>\n<\/ul>\n<ul class=\"tech-specs-items-description\" data-target=\"Network\">\n<li class=\"tech-specs-items-description-list\"><span class=\"tech-specs-items-description__title--heading\">Tinklas<\/span><\/li>\n<li class=\"tech-specs-items-description-list\"><span class=\"tech-specs-items-description__title\">Protokolai<\/span><span class=\"tech-specs-items-description__title-details\">TCP\/IP, ICMP, HTTP, HTTPS, FTP, DHCP, DNS, DDNS, RTP, RTSP, RTCP, NTP, UPnP\u2122, SMTP, IGMP, 802.1X, QoS, IPv6, Bonjour, IPv4, UDP, SSL\/TLS<\/span><\/li>\n<li class=\"tech-specs-items-description-list\"><span class=\"tech-specs-items-description__title\">Tiesioginis vaizdo \u017ei\u016br\u0117jimas<\/span><span class=\"tech-specs-items-description__title-details\">Up to 6 channels<\/span><\/li>\n<li class=\"tech-specs-items-description-list\"><span class=\"tech-specs-items-description__title\">API<\/span><span class=\"tech-specs-items-description__title-details\">Open Network Video Interface, ISAPI<\/span><\/li>\n<li class=\"tech-specs-items-description-list\"><span class=\"tech-specs-items-description__title\">User\/Host<\/span><span class=\"tech-specs-items-description__title-details\">\n<p class=\"mb-p\" style=\"margin-bottom:0rem;height:auto;\">Up to 32 users. 3 levels: administrator, operator and user<\/p>\n<p class=\"mb-p\" style=\"margin-bottom:0.5em;height:auto;\">3 user levels: administrator, operator, and user<\/p>\n<p><\/span><\/li>\n<li class=\"tech-specs-items-description-list\"><span class=\"tech-specs-items-description__title\">Klientas<\/span><span class=\"tech-specs-items-description__title-details\">iVMS-4200, Hik-Connect<\/span><\/li>\n<li class=\"tech-specs-items-description-list\"><span class=\"tech-specs-items-description__title\">Nar\u0161ykl\u0117<\/span><span class=\"tech-specs-items-description__title-details\">\n<p class=\"mb-p\" style=\"margin-bottom:0rem;height:auto;\">Plug-in required live view: IE 10+<\/p>\n<p class=\"mb-p\" style=\"margin-bottom:0rem;height:auto;\">Plug-in free live view: Chrome 57.0+, Firefox 52.0+<\/p>\n<p class=\"mb-p\" style=\"margin-bottom:0.5em;height:auto;\">Local service: Chrome 57.0+, Firefox 52.0+<\/p>\n<p><\/span><\/li>\n<\/ul>\n<ul class=\"tech-specs-items-description\" data-target=\"Image\">\n<li class=\"tech-specs-items-description-list\"><span class=\"tech-specs-items-description__title--heading\">Nuotrauka<\/span><\/li>\n<li class=\"tech-specs-items-description-list\"><span class=\"tech-specs-items-description__title\">Nuotraukos nustatymai<\/span><span class=\"tech-specs-items-description__title-details\">Saturation, brightness, contrast, sharpness, AGC, white balance adjustable by client software or web browser<\/span><\/li>\n<li class=\"tech-specs-items-description-list\"><span class=\"tech-specs-items-description__title\">Diena\/Naktis re\u017eimas<\/span><span class=\"tech-specs-items-description__title-details\">Auto, Schedule, Day, Night<\/span><\/li>\n<li class=\"tech-specs-items-description-list\"><span class=\"tech-specs-items-description__title\">WDR<\/span><span class=\"tech-specs-items-description__title-details\">120 dB<\/span><\/li>\n<li class=\"tech-specs-items-description-list\"><span class=\"tech-specs-items-description__title\">Nuotrauk\u0173 pagra\u017einimas<\/span><span class=\"tech-specs-items-description__title-details\">BLC, 3D DNR<\/span><\/li>\n<\/ul>\n<ul class=\"tech-specs-items-description\" data-target=\"Interface\">\n<li class=\"tech-specs-items-description-list\"><span class=\"tech-specs-items-description__title--heading\">S\u0105saja<\/span><\/li>\n<li class=\"tech-specs-items-description-list\"><span class=\"tech-specs-items-description__title\">Interneto s\u0105saja<\/span><span class=\"tech-specs-items-description__title-details\">1 RJ45 10 M\/100 M self-adaptive Ethernet port<\/span><\/li>\n<\/ul>\n<ul class=\"tech-specs-items-description\" data-target=\"Event\">\n<li class=\"tech-specs-items-description-list\"><span class=\"tech-specs-items-description__title--heading\">Funkcijos<\/span><\/li>\n<li class=\"tech-specs-items-description-list\"><span class=\"tech-specs-items-description__title\">Pagrindin\u0117s funckcijos<\/span><span class=\"tech-specs-items-description__title-details\">Motion detection, video tampering, exception<\/span><\/li>\n<li class=\"tech-specs-items-description-list\"><span class=\"tech-specs-items-description__title\">S\u0105saja<\/span><span class=\"tech-specs-items-description__title-details\">Upload to FTP, notify surveillance center, send email<\/span><\/li>\n<\/ul>\n<ul class=\"tech-specs-items-description\" data-target=\"General\">\n<li class=\"tech-specs-items-description-list\"><span class=\"tech-specs-items-description__title--heading\">Pagrindinis<\/span><\/li>\n<li class=\"tech-specs-items-description-list\"><span class=\"tech-specs-items-description__title\">Maitinimas<\/span><span class=\"tech-specs-items-description__title-details\">\n<p class=\"mb-p\" style=\"margin-bottom:0rem;height:auto;\">12 VDC \u00b1 25%, 0.4 A, max. 5 W, \u00d85.5 mm coaxial power plug<\/p>\n<p class=\"mb-p\" style=\"margin-bottom:0.5em;height:auto;\">PoE: 802.3af, Class 3, 36 V to 57 V, 0.2 A to 0.15 A, max. 6.5 W<\/p>\n<p><\/span><\/li>\n<li class=\"tech-specs-items-description-list\"><span class=\"tech-specs-items-description__title\">Dydis<\/span><span class=\"tech-specs-items-description__title-details\">\u00d8110.8 mm \u00d7 84.7 mm (4.4&#8243; \u00d7 3.3&#8243;)<\/span><\/li>\n<li class=\"tech-specs-items-description-list\"><span class=\"tech-specs-items-description__title\">Pakuot\u0117s dydis<\/span><span class=\"tech-specs-items-description__title-details\">134 mm \u00d7 134 mm \u00d7 108 mm (5.3&#8243; \u00d7 5.3&#8243; \u00d7 4.3&#8243;)<\/span><\/li>\n<li class=\"tech-specs-items-description-list\"><span class=\"tech-specs-items-description__title\"><\/span><span class=\"tech-specs-items-description__title-details\">Approx. 520 g (1.1 lb.)<\/span><\/li>\n<li class=\"tech-specs-items-description-list\"><span class=\"tech-specs-items-description__title\">Svoris su \u012fpakavimu<\/span><span class=\"tech-specs-items-description__title-details\">Approx. 720 g (1.6 lb.)<\/span><\/li>\n<li class=\"tech-specs-items-description-list\"><span class=\"tech-specs-items-description__title\">Sand\u0117liavimo s\u0105lygos<\/span><span class=\"tech-specs-items-description__title-details\">-30 \u00b0C to 60 \u00b0C (-22 \u00b0F to 140 \u00b0F). Humidity 95% or less (non-condensing)<\/span><\/li>\n<li class=\"tech-specs-items-description-list\"><span class=\"tech-specs-items-description__title\">Darbo s\u0105lygos<\/span><span class=\"tech-specs-items-description__title-details\">-30 \u00b0C to 60 \u00b0C (-22 \u00b0F to 140 \u00b0F). Humidity 95% or less (non-condensing)<\/span><\/li>\n<li class=\"tech-specs-items-description-list\"><span class=\"tech-specs-items-description__title\">Kalba<\/span><span class=\"tech-specs-items-description__title-details\">English, Ukrainian<\/span><\/li>\n<li class=\"tech-specs-items-description-list\"><span class=\"tech-specs-items-description__title\">Pagrindin\u0117s funkcijos<\/span><span class=\"tech-specs-items-description__title-details\">Anti-flicker, heartbeat, mirror, password protection, privacy mask, watermark, IP address filter<\/span><\/li>\n<\/ul>\n<ul class=\"tech-specs-items-description\" data-target=\"Approval\" >\n<li class=\"tech-specs-items-description-list\"><span class=\"tech-specs-items-description__title--heading\">Patvirtinimai<\/span><\/li>\n<li class=\"tech-specs-items-description-list\"><span class=\"tech-specs-items-description__title\">EMC<\/span><span class=\"tech-specs-items-description__title-details\">\n<p class=\"mb-p\" style=\"margin-bottom:0rem;height:auto;\">FCC SDoC: 47 CFR Part 15, Subpart B;<\/p>\n<p class=\"mb-p\" style=\"margin-bottom:0rem;height:auto;\">CE-EMC: EN 55032: 2015, EN 61000-3-2:2019, EN 61000-3-3:2013+A1:2019, EN 50130-4: 2011+A1: 2014;<\/p>\n<p class=\"mb-p\" style=\"margin-bottom:0rem;height:auto;\">RCM: AS\/NZS CISPR 32: 2015;<\/p>\n<p class=\"mb-p\" style=\"margin-bottom:0rem;height:auto;\">IC VoC: ICES-003: Issue 7;<\/p>\n<p class=\"mb-p\" style=\"margin-bottom:0.5em;height:auto;\">KC: KN 32: 2015, KN 35: 2015<\/p>\n<p><\/span><\/li>\n<li class=\"tech-specs-items-description-list\"><span class=\"tech-specs-items-description__title\">Saugumas<\/span><span class=\"tech-specs-items-description__title-details\">\n<p class=\"mb-p\" style=\"margin-bottom:0rem;height:auto;\">UL: UL 62368-1; <\/p>\n<p class=\"mb-p\" style=\"margin-bottom:0rem;height:auto;\">CB: IEC 62368-1:2014+A11; <\/p>\n<p class=\"mb-p\" style=\"margin-bottom:0rem;height:auto;\">CE-LVD: EN 62368-1:2014\/A11:2017; <\/p>\n<p class=\"mb-p\" style=\"margin-bottom:0.5em;height:auto;\">BIS: IS 13252(Part 1):2010\/ IEC 60950-1: 2005<\/p>\n<p><\/span><\/li>\n<li class=\"tech-specs-items-description-list\"><span class=\"tech-specs-items-description__title\">Aplinkosauga<\/span><span class=\"tech-specs-items-description__title-details\">\n<p class=\"mb-p\" style=\"margin-bottom:0rem;height:auto;\">CE-RoHS: 2011\/65\/EU; <\/p>\n<p class=\"mb-p\" style=\"margin-bottom:0rem;height:auto;\">WEEE: 2012\/19\/EU; <\/p>\n<p class=\"mb-p\" style=\"margin-bottom:0.5em;height:auto;\">Reach: Regulation (EC) No 1907\/2006<\/p>\n<p><\/span><\/li>\n<li class=\"tech-specs-items-description-list\"><span class=\"tech-specs-items-description__title\">Apsauga<\/span><span class=\"tech-specs-items-description__title-details\">IP67: IEC 60529-2013, IK10: IEC 62262:2002<\/span><\/li>\n<\/ul>\n","protected":false},"excerpt":{"rendered":"<ul>\n<li>5MP kupolin\u0117 IP kamera<\/li>\n<li>PoE<\/li>\n<li>H.265+, H.265, H.264+, H.264<\/li>\n<li>2.8mm objektyvas<\/li>\n<li>Iki 30m IR ap&scaron;vietimas<\/li>\n<li>IP67<\/li>\n<li>IK10<\/li>\n<\/ul>\n","protected":false},"featured_media":23183,"comment_status":"closed","ping_status":"closed","template":"","meta":[],"product_brand":[],"product_cat":[534,533,535],"product_tag":[],"class_list":{"0":"post-23182","1":"product","2":"type-product","3":"status-publish","4":"has-post-thumbnail","6":"product_cat-ip-kameros","7":"product_cat-ip-vaizdo-stebejimo-sistemos","8":"product_cat-ip-kupolines-kameros","10":"first","11":"onbackorder","12":"purchasable","13":"product-type-simple"},"yoast_head":"<!-- This site is optimized with the Yoast SEO Premium plugin v21.5 (Yoast SEO v27.3) - https:\/\/yoast.com\/product\/yoast-seo-premium-wordpress\/ -->\n<title>Hikvision dome DS-2CD1153G0-I(C) F2.8<\/title>\n<meta name=\"robots\" content=\"index, follow, max-snippet:-1, max-image-preview:large, max-video-preview:-1\" \/>\n<link rel=\"canonical\" href=\"https:\/\/eheating.lt\/en\/produktas\/hikvision-dome-ds-2cd1153g0-ic-f2-8\/\" \/>\n<meta property=\"og:locale\" content=\"en_US\" \/>\n<meta property=\"og:type\" content=\"article\" \/>\n<meta property=\"og:title\" content=\"Hikvision dome DS-2CD1153G0-I(C) F2.8\" \/>\n<meta property=\"og:description\" content=\"5MP kupolin\u0117 IP kameraPoEH.265+, H.265, H.264+, H.2642.8mm objektyvasIki 30m IR ap&scaron;vietimasIP67IK10\" \/>\n<meta property=\"og:url\" content=\"https:\/\/eheating.lt\/en\/produktas\/hikvision-dome-ds-2cd1153g0-ic-f2-8\/\" \/>\n<meta property=\"og:site_name\" content=\"Elektronika Namams\" \/>\n<meta property=\"article:publisher\" content=\"https:\/\/www.facebook.com\/ElektronikaNamams\" \/>\n<meta property=\"article:modified_time\" content=\"2024-10-18T14:13:33+00:00\" \/>\n<meta property=\"og:image\" content=\"https:\/\/eheating.lt\/wp-content\/uploads\/2023\/10\/ds_2cd2123g2_is_2__0ef5.jpg\" \/>\n\t<meta property=\"og:image:width\" content=\"1280\" \/>\n\t<meta property=\"og:image:height\" content=\"1280\" \/>\n\t<meta property=\"og:image:type\" content=\"image\/jpeg\" \/>\n<meta name=\"twitter:card\" content=\"summary_large_image\" \/>\n<meta name=\"twitter:label1\" content=\"Price\" \/>\n\t<meta name=\"twitter:data1\" content=\"208,98&nbsp;&euro;\" \/>\n\t<meta name=\"twitter:label2\" content=\"Availability\" \/>\n\t<meta name=\"twitter:data2\" content=\"On backorder\" \/>\n<script type=\"application\/ld+json\" class=\"yoast-schema-graph\">{\"@context\":\"https:\\\/\\\/schema.org\",\"@graph\":[{\"@type\":\"WebPage\",\"@id\":\"https:\\\/\\\/eheating.lt\\\/en\\\/produktas\\\/hikvision-dome-ds-2cd1153g0-ic-f2-8\\\/\",\"url\":\"https:\\\/\\\/eheating.lt\\\/en\\\/produktas\\\/hikvision-dome-ds-2cd1153g0-ic-f2-8\\\/\",\"name\":\"Hikvision dome DS-2CD1153G0-I(C) F2.8\",\"isPartOf\":{\"@id\":\"https:\\\/\\\/eheating.lt\\\/#website\"},\"primaryImageOfPage\":{\"@id\":\"https:\\\/\\\/eheating.lt\\\/en\\\/produktas\\\/hikvision-dome-ds-2cd1153g0-ic-f2-8\\\/#primaryimage\"},\"image\":{\"@id\":\"https:\\\/\\\/eheating.lt\\\/en\\\/produktas\\\/hikvision-dome-ds-2cd1153g0-ic-f2-8\\\/#primaryimage\"},\"thumbnailUrl\":\"https:\\\/\\\/eheating.lt\\\/wp-content\\\/uploads\\\/2023\\\/10\\\/ds_2cd2123g2_is_2__0ef5.jpg\",\"datePublished\":\"2023-11-13T19:07:30+00:00\",\"dateModified\":\"2024-10-18T14:13:33+00:00\",\"breadcrumb\":{\"@id\":\"https:\\\/\\\/eheating.lt\\\/en\\\/produktas\\\/hikvision-dome-ds-2cd1153g0-ic-f2-8\\\/#breadcrumb\"},\"inLanguage\":\"en-US\",\"potentialAction\":[{\"@type\":\"ReadAction\",\"target\":[\"https:\\\/\\\/eheating.lt\\\/en\\\/produktas\\\/hikvision-dome-ds-2cd1153g0-ic-f2-8\\\/\"]}]},{\"@type\":\"ImageObject\",\"inLanguage\":\"en-US\",\"@id\":\"https:\\\/\\\/eheating.lt\\\/en\\\/produktas\\\/hikvision-dome-ds-2cd1153g0-ic-f2-8\\\/#primaryimage\",\"url\":\"https:\\\/\\\/eheating.lt\\\/wp-content\\\/uploads\\\/2023\\\/10\\\/ds_2cd2123g2_is_2__0ef5.jpg\",\"contentUrl\":\"https:\\\/\\\/eheating.lt\\\/wp-content\\\/uploads\\\/2023\\\/10\\\/ds_2cd2123g2_is_2__0ef5.jpg\",\"width\":1280,\"height\":1280},{\"@type\":\"BreadcrumbList\",\"@id\":\"https:\\\/\\\/eheating.lt\\\/en\\\/produktas\\\/hikvision-dome-ds-2cd1153g0-ic-f2-8\\\/#breadcrumb\",\"itemListElement\":[{\"@type\":\"ListItem\",\"position\":1,\"name\":\"Prad\u017eia\",\"item\":\"https:\\\/\\\/eheating.lt\\\/en\\\/\"},{\"@type\":\"ListItem\",\"position\":2,\"name\":\"Shop\",\"item\":\"https:\\\/\\\/eheating.lt\\\/en\\\/?page_id=5734\"},{\"@type\":\"ListItem\",\"position\":3,\"name\":\"Hikvision dome DS-2CD1153G0-I(C) F2.8\"}]},{\"@type\":\"WebSite\",\"@id\":\"https:\\\/\\\/eheating.lt\\\/#website\",\"url\":\"https:\\\/\\\/eheating.lt\\\/\",\"name\":\"eHeating\",\"description\":\"Elektronika ir \u0161ildymas\",\"potentialAction\":[{\"@type\":\"SearchAction\",\"target\":{\"@type\":\"EntryPoint\",\"urlTemplate\":\"https:\\\/\\\/eheating.lt\\\/?s={search_term_string}\"},\"query-input\":{\"@type\":\"PropertyValueSpecification\",\"valueRequired\":true,\"valueName\":\"search_term_string\"}}],\"inLanguage\":\"en-US\"}]}<\/script>\n<meta property=\"product:price:amount\" content=\"208.98\" \/>\n<meta property=\"product:price:currency\" content=\"EUR\" \/>\n<meta property=\"og:availability\" content=\"backorder\" \/>\n<meta property=\"product:availability\" content=\"available for order\" \/>\n<meta property=\"product:retailer_item_id\" content=\"5c5bdf376c15\" \/>\n<meta property=\"product:condition\" content=\"new\" \/>\n<!-- \/ Yoast SEO Premium plugin. -->","yoast_head_json":{"title":"Hikvision dome DS-2CD1153G0-I(C) F2.8","robots":{"index":"index","follow":"follow","max-snippet":"max-snippet:-1","max-image-preview":"max-image-preview:large","max-video-preview":"max-video-preview:-1"},"canonical":"https:\/\/eheating.lt\/en\/produktas\/hikvision-dome-ds-2cd1153g0-ic-f2-8\/","og_locale":"en_US","og_type":"article","og_title":"Hikvision dome DS-2CD1153G0-I(C) F2.8","og_description":"5MP kupolin\u0117 IP kameraPoEH.265+, H.265, H.264+, H.2642.8mm objektyvasIki 30m IR ap&scaron;vietimasIP67IK10","og_url":"https:\/\/eheating.lt\/en\/produktas\/hikvision-dome-ds-2cd1153g0-ic-f2-8\/","og_site_name":"Elektronika Namams","article_publisher":"https:\/\/www.facebook.com\/ElektronikaNamams","article_modified_time":"2024-10-18T14:13:33+00:00","og_image":[{"width":1280,"height":1280,"url":"https:\/\/eheating.lt\/wp-content\/uploads\/2023\/10\/ds_2cd2123g2_is_2__0ef5.jpg","type":"image\/jpeg"}],"twitter_card":"summary_large_image","twitter_misc":{"Price":"208,98&nbsp;&euro;","Availability":"On backorder"},"schema":{"@context":"https:\/\/schema.org","@graph":[{"@type":"WebPage","@id":"https:\/\/eheating.lt\/en\/produktas\/hikvision-dome-ds-2cd1153g0-ic-f2-8\/","url":"https:\/\/eheating.lt\/en\/produktas\/hikvision-dome-ds-2cd1153g0-ic-f2-8\/","name":"Hikvision dome DS-2CD1153G0-I(C) F2.8","isPartOf":{"@id":"https:\/\/eheating.lt\/#website"},"primaryImageOfPage":{"@id":"https:\/\/eheating.lt\/en\/produktas\/hikvision-dome-ds-2cd1153g0-ic-f2-8\/#primaryimage"},"image":{"@id":"https:\/\/eheating.lt\/en\/produktas\/hikvision-dome-ds-2cd1153g0-ic-f2-8\/#primaryimage"},"thumbnailUrl":"https:\/\/eheating.lt\/wp-content\/uploads\/2023\/10\/ds_2cd2123g2_is_2__0ef5.jpg","datePublished":"2023-11-13T19:07:30+00:00","dateModified":"2024-10-18T14:13:33+00:00","breadcrumb":{"@id":"https:\/\/eheating.lt\/en\/produktas\/hikvision-dome-ds-2cd1153g0-ic-f2-8\/#breadcrumb"},"inLanguage":"en-US","potentialAction":[{"@type":"ReadAction","target":["https:\/\/eheating.lt\/en\/produktas\/hikvision-dome-ds-2cd1153g0-ic-f2-8\/"]}]},{"@type":"ImageObject","inLanguage":"en-US","@id":"https:\/\/eheating.lt\/en\/produktas\/hikvision-dome-ds-2cd1153g0-ic-f2-8\/#primaryimage","url":"https:\/\/eheating.lt\/wp-content\/uploads\/2023\/10\/ds_2cd2123g2_is_2__0ef5.jpg","contentUrl":"https:\/\/eheating.lt\/wp-content\/uploads\/2023\/10\/ds_2cd2123g2_is_2__0ef5.jpg","width":1280,"height":1280},{"@type":"BreadcrumbList","@id":"https:\/\/eheating.lt\/en\/produktas\/hikvision-dome-ds-2cd1153g0-ic-f2-8\/#breadcrumb","itemListElement":[{"@type":"ListItem","position":1,"name":"Prad\u017eia","item":"https:\/\/eheating.lt\/en\/"},{"@type":"ListItem","position":2,"name":"Shop","item":"https:\/\/eheating.lt\/en\/?page_id=5734"},{"@type":"ListItem","position":3,"name":"Hikvision dome DS-2CD1153G0-I(C) F2.8"}]},{"@type":"WebSite","@id":"https:\/\/eheating.lt\/#website","url":"https:\/\/eheating.lt\/","name":"eHeating","description":"Elektronika ir \u0161ildymas","potentialAction":[{"@type":"SearchAction","target":{"@type":"EntryPoint","urlTemplate":"https:\/\/eheating.lt\/?s={search_term_string}"},"query-input":{"@type":"PropertyValueSpecification","valueRequired":true,"valueName":"search_term_string"}}],"inLanguage":"en-US"}]},"product_price_amount":"208.98","product_price_currency":"EUR","og_availability":"backorder","product_availability":"available for order","product_retailer_item_id":"5c5bdf376c15","product_condition":"new"},"_links":{"self":[{"href":"https:\/\/eheating.lt\/en\/wp-json\/wp\/v2\/product\/23182","targetHints":{"allow":["GET"]}}],"collection":[{"href":"https:\/\/eheating.lt\/en\/wp-json\/wp\/v2\/product"}],"about":[{"href":"https:\/\/eheating.lt\/en\/wp-json\/wp\/v2\/types\/product"}],"replies":[{"embeddable":true,"href":"https:\/\/eheating.lt\/en\/wp-json\/wp\/v2\/comments?post=23182"}],"version-history":[{"count":0,"href":"https:\/\/eheating.lt\/en\/wp-json\/wp\/v2\/product\/23182\/revisions"}],"wp:featuredmedia":[{"embeddable":true,"href":"https:\/\/eheating.lt\/en\/wp-json\/wp\/v2\/media\/23183"}],"wp:attachment":[{"href":"https:\/\/eheating.lt\/en\/wp-json\/wp\/v2\/media?parent=23182"}],"wp:term":[{"taxonomy":"product_brand","embeddable":true,"href":"https:\/\/eheating.lt\/en\/wp-json\/wp\/v2\/product_brand?post=23182"},{"taxonomy":"product_cat","embeddable":true,"href":"https:\/\/eheating.lt\/en\/wp-json\/wp\/v2\/product_cat?post=23182"},{"taxonomy":"product_tag","embeddable":true,"href":"https:\/\/eheating.lt\/en\/wp-json\/wp\/v2\/product_tag?post=23182"}],"curies":[{"name":"wp","href":"https:\/\/api.w.org\/{rel}","templated":true}]}}