{"id":23144,"date":"2023-11-13T21:07:35","date_gmt":"2023-11-13T19:07:35","guid":{"rendered":"https:\/\/eheating.lt\/?post_type=product&#038;p=23144"},"modified":"2024-10-18T17:12:44","modified_gmt":"2024-10-18T14:12:44","slug":"hikvision-dome-ds-2cd1323g0e-i-f2-8","status":"publish","type":"product","link":"https:\/\/eheating.lt\/en\/produktas\/hikvision-dome-ds-2cd1323g0e-i-f2-8\/","title":{"rendered":"Hikvision dome DS-2CD1323G0E-I F2.8"},"content":{"rendered":"<div class=\"tech-specs-items-description-wrap\">\n<ul class=\"tech-specs-items-description\" data-target=\"Camera \">\n<li class=\"tech-specs-items-description-list\"><span class=\"tech-specs-items-description__title--heading\">Kamera<\/span><\/li>\n<li class=\"tech-specs-items-description-list\"><span class=\"tech-specs-items-description__title\">Sensorius<\/span><span class=\"tech-specs-items-description__title-details\">1\/2.7&#8243; Progressive Scan CMOS<\/span><\/li>\n<li class=\"tech-specs-items-description-list\"><span class=\"tech-specs-items-description__title\">Maks. rai\u0161ka<\/span><span class=\"tech-specs-items-description__title-details\">1920 \u00d7 1080<\/span><\/li>\n<li class=\"tech-specs-items-description-list\"><span class=\"tech-specs-items-description__title\">Min. ap\u0161vietimas<\/span><span class=\"tech-specs-items-description__title-details\">Color: 0.01 Lux @(F2.0, AGC ON), B\/W: 0 Lux with IR<\/span><\/li>\n<li class=\"tech-specs-items-description-list\"><span class=\"tech-specs-items-description__title\">U\u017erakto greitis<\/span><span class=\"tech-specs-items-description__title-details\">1\/3 s to 1\/100, 000 s<\/span><\/li>\n<li class=\"tech-specs-items-description-list\"><span class=\"tech-specs-items-description__title\">Diena &amp; naktis<\/span><span class=\"tech-specs-items-description__title-details\">IR cut filter<\/span><\/li>\n<li class=\"tech-specs-items-description-list\"><span class=\"tech-specs-items-description__title\">Kampo pasirinkimas<\/span><span class=\"tech-specs-items-description__title-details\">Pan: 0\u00b0 to 360\u00b0, tilt: 0\u00b0 to 75\u00b0, rotate: 0\u00b0 to 360\u00b0<\/span><\/li>\n<\/ul>\n<ul class=\"tech-specs-items-description\" data-target=\"Lens\">\n<li class=\"tech-specs-items-description-list\"><span class=\"tech-specs-items-description__title--heading\">L\u0119\u0161iai<\/span><\/li>\n<li class=\"tech-specs-items-description-list\"><span class=\"tech-specs-items-description__title\">\u017didinio nuotolis &amp; FOV<\/span><span class=\"tech-specs-items-description__title-details\"><span class=\"tech-specs-items-description__title-details\"><br \/>\n<\/span><\/span><\/p>\n<p class=\"mb-p\" style=\"margin-bottom: 0rem; height: auto;\">2.8 mm, horizontal FOV 112.1\u00b0, vertical FOV 60.0\u00b0, diagonal FOV 132.2\u00b0<\/p>\n<p class=\"mb-p\" style=\"margin-bottom: 0.5em; height: auto;\">4 mm, horizontal FOV 90.2\u00b0, vertical FOV 48.6\u00b0, diagonal FOV 107.6\u00b0<\/p>\n<p>&nbsp;<\/li>\n<li class=\"tech-specs-items-description-list\"><span class=\"tech-specs-items-description__title\">L\u0119\u0161i\u0173 montavimas<\/span><span class=\"tech-specs-items-description__title-details\">M12<\/span><\/li>\n<li class=\"tech-specs-items-description-list\"><span class=\"tech-specs-items-description__title\">Iris tipas<\/span><span class=\"tech-specs-items-description__title-details\">Fixed<\/span><\/li>\n<li class=\"tech-specs-items-description-list\"><span class=\"tech-specs-items-description__title\">Diafragma<\/span><span class=\"tech-specs-items-description__title-details\">F2.0<\/span><\/li>\n<\/ul>\n<ul class=\"tech-specs-items-description\" data-target=\"Illuminator\">\n<li class=\"tech-specs-items-description-list\"><span class=\"tech-specs-items-description__title--heading\">Ap\u0161vietimas<\/span><\/li>\n<li class=\"tech-specs-items-description-list\"><span class=\"tech-specs-items-description__title\">Pagalbin\u0117s \u0161viesos tipas<\/span><span class=\"tech-specs-items-description__title-details\">IR<\/span><\/li>\n<li class=\"tech-specs-items-description-list\"><span class=\"tech-specs-items-description__title\">Pagalbin\u0117s \u0161viesos nuotolis<\/span><span class=\"tech-specs-items-description__title-details\">Up to 30 m<\/span><\/li>\n<li class=\"tech-specs-items-description-list\"><span class=\"tech-specs-items-description__title\">I\u0161mani pagalbin\u0117 \u0161viesa<\/span><span class=\"tech-specs-items-description__title-details\">Yes<\/span><\/li>\n<li class=\"tech-specs-items-description-list\"><span class=\"tech-specs-items-description__title\">IR bang\u0173 ilgis<\/span><span class=\"tech-specs-items-description__title-details\">850 nm<\/span><\/li>\n<\/ul>\n<ul class=\"tech-specs-items-description\" data-target=\"Video\">\n<li class=\"tech-specs-items-description-list\"><span class=\"tech-specs-items-description__title--heading\">Vaizdo \u012fra\u0161ai<\/span><\/li>\n<li class=\"tech-specs-items-description-list\"><span class=\"tech-specs-items-description__title\">Pagrindinis srautas<\/span><span class=\"tech-specs-items-description__title-details\"><span class=\"tech-specs-items-description__title-details\"><br \/>\n<\/span><\/span><\/p>\n<p class=\"mb-p\" style=\"margin-bottom: 0rem; height: auto;\">50 Hz: 25 fps (1920 \u00d7 1080, 1280 \u00d7 720)<\/p>\n<p class=\"mb-p\" style=\"margin-bottom: 0.5em; height: auto;\">60 Hz: 30 fps (1920 \u00d7 1080, 1280 \u00d7 720)<\/p>\n<p>&nbsp;<\/li>\n<li class=\"tech-specs-items-description-list\"><span class=\"tech-specs-items-description__title\">Pagalbinis srautas<\/span><span class=\"tech-specs-items-description__title-details\"><span class=\"tech-specs-items-description__title-details\"><br \/>\n<\/span><\/span><\/p>\n<p class=\"mb-p\" style=\"margin-bottom: 0rem; height: auto;\">50 Hz: 25 fps (640 \u00d7 480, 640 \u00d7 360)<\/p>\n<p class=\"mb-p\" style=\"margin-bottom: 0.5em; height: auto;\">60 Hz: 30 fps (640 \u00d7 480, 640 \u00d7 360)<\/p>\n<p>&nbsp;<\/li>\n<li class=\"tech-specs-items-description-list\"><span class=\"tech-specs-items-description__title\">Vaizdo suspaudimas<\/span><span class=\"tech-specs-items-description__title-details\"><span class=\"tech-specs-items-description__title-details\"><br \/>\n<\/span><\/span><\/p>\n<p class=\"mb-p\" style=\"margin-bottom: 0rem; height: auto;\">Main Stream: H.265\/H.264\/H.264+\/H.265+<\/p>\n<p class=\"mb-p\" style=\"margin-bottom: 0.5em; height: auto;\">Sub-Stream: H.265\/H.264\/MJPEG<\/p>\n<p>&nbsp;<\/li>\n<li class=\"tech-specs-items-description-list\"><span class=\"tech-specs-items-description__title\">Vaizdo bit\u0173 greitis<\/span><span class=\"tech-specs-items-description__title-details\">32 Kbps to 8 Mbps<\/span><\/li>\n<li class=\"tech-specs-items-description-list\"><span class=\"tech-specs-items-description__title\">H.264 tipas<\/span><span class=\"tech-specs-items-description__title-details\">Baseline Profile\/Main Profile\/High Profile<\/span><\/li>\n<li class=\"tech-specs-items-description-list\"><span class=\"tech-specs-items-description__title\">H.265 tipas<\/span><span class=\"tech-specs-items-description__title-details\">Main Profile<\/span><\/li>\n<li class=\"tech-specs-items-description-list\"><span class=\"tech-specs-items-description__title\">ROI<\/span><span class=\"tech-specs-items-description__title-details\">1 fixed region for main stream<\/span><\/li>\n<\/ul>\n<ul class=\"tech-specs-items-description\" data-target=\"Network\">\n<li class=\"tech-specs-items-description-list\"><span class=\"tech-specs-items-description__title--heading\">Tinklas<\/span><\/li>\n<li class=\"tech-specs-items-description-list\"><span class=\"tech-specs-items-description__title\">Protokolai<\/span><span class=\"tech-specs-items-description__title-details\">TCP\/IP, ICMP, HTTP, HTTPS, FTP, DHCP, DNS, DDNS, RTP, RTSP, RTCP, NTP, UPnP\u2122, SMTP, IGMP, 802.1X, QoS, IPv6, Bonjour, IPv4, UDP, SSL\/TLS<\/span><\/li>\n<li class=\"tech-specs-items-description-list\"><span class=\"tech-specs-items-description__title\">Tiesioginis vaizdo \u017ei\u016br\u0117jimas<\/span><span class=\"tech-specs-items-description__title-details\">Up to 6 channels<\/span><\/li>\n<li class=\"tech-specs-items-description-list\"><span class=\"tech-specs-items-description__title\">API<\/span><span class=\"tech-specs-items-description__title-details\">Open Network Video Interface, ISAPI<\/span><\/li>\n<li class=\"tech-specs-items-description-list\"><span class=\"tech-specs-items-description__title\">Naudotojas\/transliuotojas<\/span><span class=\"tech-specs-items-description__title-details\">Up to 32 users. 3 levels: administrator, operator and user<\/span><\/li>\n<li class=\"tech-specs-items-description-list\"><span class=\"tech-specs-items-description__title\">Klientai<\/span><span class=\"tech-specs-items-description__title-details\">iVMS-4200, Hik-Connect<\/span><\/li>\n<li class=\"tech-specs-items-description-list\"><span class=\"tech-specs-items-description__title\">Web Browser<\/span><span class=\"tech-specs-items-description__title-details\"><span class=\"tech-specs-items-description__title-details\"><br \/>\n<\/span><\/span><\/p>\n<p class=\"mb-p\" style=\"margin-bottom: 0rem; height: auto;\">Plug-in required live view: IE 10+<\/p>\n<p class=\"mb-p\" style=\"margin-bottom: 0rem; height: auto;\">Plug-in free live view: Chrome 57.0+, Firefox 52.0+<\/p>\n<p class=\"mb-p\" style=\"margin-bottom: 0.5em; height: auto;\">Local service: Chrome 57.0+, Firefox 52.0+<\/p>\n<p>&nbsp;<\/li>\n<\/ul>\n<ul class=\"tech-specs-items-description\" data-target=\"Image\">\n<li class=\"tech-specs-items-description-list\"><span class=\"tech-specs-items-description__title--heading\">Nuotraukos<\/span><\/li>\n<li class=\"tech-specs-items-description-list\"><span class=\"tech-specs-items-description__title\">Nuotrauk\u0173 nustatymai<\/span><span class=\"tech-specs-items-description__title-details\">Saturation, brightness, contrast, sharpness, AGC, white balance adjustable by client software or web browser.<\/span><\/li>\n<li class=\"tech-specs-items-description-list\"><span class=\"tech-specs-items-description__title\">Dienos\/nakties keitimas<\/span><span class=\"tech-specs-items-description__title-details\">Day, Night, Auto, Schedule<\/span><\/li>\n<li class=\"tech-specs-items-description-list\"><span class=\"tech-specs-items-description__title\">Platus dinaminis nuotolis (WDR)<\/span><span class=\"tech-specs-items-description__title-details\">Digital WDR<\/span><\/li>\n<li class=\"tech-specs-items-description-list\"><span class=\"tech-specs-items-description__title\">SNR<\/span><span class=\"tech-specs-items-description__title-details\">\u2265 52 dB<\/span><\/li>\n<li class=\"tech-specs-items-description-list\"><span class=\"tech-specs-items-description__title\">Nuotrauk\u0173 gerinimas<\/span><span class=\"tech-specs-items-description__title-details\">BLC, 3D DNR<\/span><\/li>\n<\/ul>\n<ul class=\"tech-specs-items-description\" data-target=\"Interface\">\n<li class=\"tech-specs-items-description-list\"><span class=\"tech-specs-items-description__title--heading\">S\u0105sajos<\/span><\/li>\n<li class=\"tech-specs-items-description-list\"><span class=\"tech-specs-items-description__title\">Eterneto s\u0105saja<\/span><span class=\"tech-specs-items-description__title-details\">1 RJ45 10 M\/100 M self-adaptive Ethernet port<\/span><\/li>\n<\/ul>\n<ul class=\"tech-specs-items-description\" data-target=\"Event\">\n<li class=\"tech-specs-items-description-list\"><span class=\"tech-specs-items-description__title--heading\">\u012evykiai<\/span><\/li>\n<li class=\"tech-specs-items-description-list\"><span class=\"tech-specs-items-description__title\">Paprasti \u012fvykiai<\/span><span class=\"tech-specs-items-description__title-details\">Motion detection, video tampering alarm, exception<\/span><\/li>\n<li class=\"tech-specs-items-description-list\"><span class=\"tech-specs-items-description__title\">Sujungimas<\/span><span class=\"tech-specs-items-description__title-details\">Upload to FTP, notify surveillance center, send email<\/span><\/li>\n<\/ul>\n<ul class=\"tech-specs-items-description\" data-target=\"General\">\n<li class=\"tech-specs-items-description-list\"><span class=\"tech-specs-items-description__title--heading\">Pagrindinis<\/span><\/li>\n<li class=\"tech-specs-items-description-list\"><span class=\"tech-specs-items-description__title\">Galia<\/span><span class=\"tech-specs-items-description__title-details\"><span class=\"tech-specs-items-description__title-details\"><br \/>\n<\/span><\/span><\/p>\n<p class=\"mb-p\" style=\"margin-bottom: 0rem; height: auto;\">12 VDC \u00b1 25%, 0.4 A, max. 5 W, \u00d85.5 mm coaxial power plug<\/p>\n<p class=\"mb-p\" style=\"margin-bottom: 0.5em; height: auto;\">PoE: (802.3af, Class 3, 36 V to 57 V), 0.2 A to 0.15 A, max. 6.5 W<\/p>\n<p>&nbsp;<\/li>\n<li class=\"tech-specs-items-description-list\"><span class=\"tech-specs-items-description__title\">Matmenys<\/span><span class=\"tech-specs-items-description__title-details\">\u00d8110 mm \u00d7 85.3 mm (\u00d84.3&#8243; \u00d7 3.4&#8243;)<\/span><\/li>\n<li class=\"tech-specs-items-description-list\"><span class=\"tech-specs-items-description__title\">Pakuot\u0117s matmenys<\/span><span class=\"tech-specs-items-description__title-details\">150 mm \u00d7 150 mm \u00d7 141 mm (5.9&#8243; \u00d7 5.9&#8243; \u00d7 5.6&#8243;)<\/span><\/li>\n<li class=\"tech-specs-items-description-list\"><span class=\"tech-specs-items-description__title\">Svoris<\/span><span class=\"tech-specs-items-description__title-details\">Approx. 320 g (0.7 lb.)<\/span><\/li>\n<li class=\"tech-specs-items-description-list\"><span class=\"tech-specs-items-description__title\">Svoris su pakuote<\/span><span class=\"tech-specs-items-description__title-details\">Approx. 556 g (1.2 lb.)<\/span><\/li>\n<li class=\"tech-specs-items-description-list\"><span class=\"tech-specs-items-description__title\">Laikymo s\u0105lygos<\/span><span class=\"tech-specs-items-description__title-details\">-30 \u00b0C to 60 \u00b0C (-22 \u00b0F to 140 \u00b0F). Humidity: 95% or less (non-condensing)<\/span><\/li>\n<li class=\"tech-specs-items-description-list\"><span class=\"tech-specs-items-description__title\">Paleidimo ir veikimo s\u0105lygos<\/span><span class=\"tech-specs-items-description__title-details\">-30 \u00b0C to 60 \u00b0C (-22 \u00b0F to 140 \u00b0F). Humidity: 95% or less (non-condensing)<\/span><\/li>\n<li class=\"tech-specs-items-description-list\"><span class=\"tech-specs-items-description__title\">Kalba<\/span><span class=\"tech-specs-items-description__title-details\">English, Ukrainian<\/span><\/li>\n<li class=\"tech-specs-items-description-list\"><span class=\"tech-specs-items-description__title\">Pagrindin\u0117s funkcijos<\/span><span class=\"tech-specs-items-description__title-details\">Anti-flicker, heartbeat, mirror, password protection, privacy mask, watermark, IP address filter<\/span><\/li>\n<\/ul>\n<ul class=\"tech-specs-items-description\" data-target=\"Approval\">\n<li class=\"tech-specs-items-description-list\"><span class=\"tech-specs-items-description__title--heading\">Patvirtinimai<\/span><\/li>\n<li class=\"tech-specs-items-description-list\"><span class=\"tech-specs-items-description__title\">EMC<\/span><span class=\"tech-specs-items-description__title-details\">FCC SDoC (47 CFR Part 15, Subpart B); CE-EMC (EN 55032: 2015, EN 61000-3-2: 2014, EN 61000-3-3: 2013, EN 50130-4: 2011 +A1: 2014); RCM (AS\/NZS CISPR 32: 2015); IC VoC (ICES-003: Issue 6, 2016); KC (KN 32: 2015, KN 35: 2015)<\/span><\/li>\n<li class=\"tech-specs-items-description-list\"><span class=\"tech-specs-items-description__title\">Saugumas<\/span><span class=\"tech-specs-items-description__title-details\">UL (UL 60950-1); CB (IEC 60950-1:2005 + Am 1:2009 + Am 2:2013, IEC 62368-1:2014); CE-LVD (EN 60950-1:2005 + Am 1:2009 + Am 2:2013, IEC 62368-1:2014); BIS (IS 13252(Part 1):2010+A1:2013+A2:2015)<\/span><\/li>\n<li class=\"tech-specs-items-description-list\"><span class=\"tech-specs-items-description__title\">Aplinkosauga<\/span><span class=\"tech-specs-items-description__title-details\">CE-RoHS (2011\/65\/EU); WEEE (2012\/19\/EU); Reach (Regulation (EC) No 1907\/2006)<\/span><\/li>\n<li class=\"tech-specs-items-description-list\"><span class=\"tech-specs-items-description__title\">Apsauga<\/span><span class=\"tech-specs-items-description__title-details\">IP67 (IEC 60529-2013)<\/span><\/li>\n<\/ul>\n<\/div>\n","protected":false},"excerpt":{"rendered":"<ul>\n<li>2 MP<\/li>\n<li>IR nuotolis iki 30m<\/li>\n<li>2.8 mm<\/li>\n<li>DWDR<\/li>\n<li>PoE<\/li>\n<li>IP67<\/li>\n<\/ul>\n","protected":false},"featured_media":27308,"comment_status":"closed","ping_status":"closed","template":"","meta":[],"product_brand":[],"product_cat":[883,801,804],"product_tag":[],"class_list":{"0":"post-23144","1":"product","2":"type-product","3":"status-publish","4":"has-post-thumbnail","6":"product_cat-ip-cameras","7":"product_cat-ip-video-surveillance-systems","8":"product_cat-ip-dome-cameras","10":"first","11":"onbackorder","12":"purchasable","13":"product-type-simple"},"yoast_head":"<!-- This site is optimized with the Yoast SEO Premium plugin v21.5 (Yoast SEO v27.3) - https:\/\/yoast.com\/product\/yoast-seo-premium-wordpress\/ -->\n<title>Hikvision dome DS-2CD1323G0E-I F2.8<\/title>\n<meta name=\"description\" content=\"Hikvision dome DS-2CD1323G0E-I F2.8 IP kamera ; IR nuotolis iki 30m ; PoE ; IP67 ; DWDR ; Rai\u0161ka - 2MP ; 2.8 mm ; Spalva - balta\" \/>\n<meta name=\"robots\" content=\"index, follow, max-snippet:-1, max-image-preview:large, max-video-preview:-1\" \/>\n<link rel=\"canonical\" href=\"https:\/\/eheating.lt\/produktas\/hikvision-dome-ds-2cd1323g0e-i-f2-8\/\" \/>\n<meta property=\"og:locale\" content=\"en_US\" \/>\n<meta property=\"og:type\" content=\"article\" \/>\n<meta property=\"og:title\" content=\"Hikvision dome DS-2CD1323G0E-I F2.8\" \/>\n<meta property=\"og:description\" content=\"Hikvision dome DS-2CD1323G0E-I F2.8 IP kamera ; IR nuotolis iki 30m ; PoE ; IP67 ; DWDR ; Rai\u0161ka - 2MP ; 2.8 mm ; Spalva - balta\" \/>\n<meta property=\"og:url\" content=\"https:\/\/eheating.lt\/produktas\/hikvision-dome-ds-2cd1323g0e-i-f2-8\/\" \/>\n<meta property=\"og:site_name\" content=\"Elektronika Namams\" \/>\n<meta property=\"article:publisher\" content=\"https:\/\/www.facebook.com\/ElektronikaNamams\" \/>\n<meta property=\"article:modified_time\" content=\"2024-10-18T14:12:44+00:00\" \/>\n<meta property=\"og:image\" content=\"https:\/\/eheating.lt\/wp-content\/uploads\/2023\/10\/Hikvision-dome-DS-2CD1323G0E-I-F2.8.png\" \/>\n\t<meta property=\"og:image:width\" content=\"800\" \/>\n\t<meta property=\"og:image:height\" content=\"800\" \/>\n\t<meta property=\"og:image:type\" content=\"image\/png\" \/>\n<meta name=\"twitter:card\" content=\"summary_large_image\" \/>\n<meta name=\"twitter:label1\" content=\"Price\" \/>\n\t<meta name=\"twitter:data1\" content=\"107,23&nbsp;&euro;\" \/>\n\t<meta name=\"twitter:label2\" content=\"Availability\" \/>\n\t<meta name=\"twitter:data2\" content=\"On backorder\" \/>\n<script type=\"application\/ld+json\" class=\"yoast-schema-graph\">{\"@context\":\"https:\\\/\\\/schema.org\",\"@graph\":[{\"@type\":\"WebPage\",\"@id\":\"https:\\\/\\\/eheating.lt\\\/produktas\\\/hikvision-dome-ds-2cd1323g0e-i-f2-8\\\/\",\"url\":\"https:\\\/\\\/eheating.lt\\\/produktas\\\/hikvision-dome-ds-2cd1323g0e-i-f2-8\\\/\",\"name\":\"Hikvision dome DS-2CD1323G0E-I F2.8\",\"isPartOf\":{\"@id\":\"https:\\\/\\\/eheating.lt\\\/#website\"},\"primaryImageOfPage\":{\"@id\":\"https:\\\/\\\/eheating.lt\\\/produktas\\\/hikvision-dome-ds-2cd1323g0e-i-f2-8\\\/#primaryimage\"},\"image\":{\"@id\":\"https:\\\/\\\/eheating.lt\\\/produktas\\\/hikvision-dome-ds-2cd1323g0e-i-f2-8\\\/#primaryimage\"},\"thumbnailUrl\":\"https:\\\/\\\/eheating.lt\\\/wp-content\\\/uploads\\\/2023\\\/10\\\/Hikvision-dome-DS-2CD1323G0E-I-F2.8.png\",\"datePublished\":\"2023-11-13T19:07:35+00:00\",\"dateModified\":\"2024-10-18T14:12:44+00:00\",\"description\":\"Hikvision dome DS-2CD1323G0E-I F2.8 IP kamera ; IR nuotolis iki 30m ; PoE ; IP67 ; DWDR ; Rai\u0161ka - 2MP ; 2.8 mm ; Spalva - balta\",\"breadcrumb\":{\"@id\":\"https:\\\/\\\/eheating.lt\\\/produktas\\\/hikvision-dome-ds-2cd1323g0e-i-f2-8\\\/#breadcrumb\"},\"inLanguage\":\"en-US\",\"potentialAction\":[{\"@type\":\"ReadAction\",\"target\":[\"https:\\\/\\\/eheating.lt\\\/produktas\\\/hikvision-dome-ds-2cd1323g0e-i-f2-8\\\/\"]}]},{\"@type\":\"ImageObject\",\"inLanguage\":\"en-US\",\"@id\":\"https:\\\/\\\/eheating.lt\\\/produktas\\\/hikvision-dome-ds-2cd1323g0e-i-f2-8\\\/#primaryimage\",\"url\":\"https:\\\/\\\/eheating.lt\\\/wp-content\\\/uploads\\\/2023\\\/10\\\/Hikvision-dome-DS-2CD1323G0E-I-F2.8.png\",\"contentUrl\":\"https:\\\/\\\/eheating.lt\\\/wp-content\\\/uploads\\\/2023\\\/10\\\/Hikvision-dome-DS-2CD1323G0E-I-F2.8.png\",\"width\":800,\"height\":800,\"caption\":\"Hikvision dome DS-2CD1323G0E-I F2.8\"},{\"@type\":\"BreadcrumbList\",\"@id\":\"https:\\\/\\\/eheating.lt\\\/produktas\\\/hikvision-dome-ds-2cd1323g0e-i-f2-8\\\/#breadcrumb\",\"itemListElement\":[{\"@type\":\"ListItem\",\"position\":1,\"name\":\"Prad\u017eia\",\"item\":\"https:\\\/\\\/eheating.lt\\\/en\\\/\"},{\"@type\":\"ListItem\",\"position\":2,\"name\":\"Shop\",\"item\":\"https:\\\/\\\/eheating.lt\\\/en\\\/?page_id=5734\"},{\"@type\":\"ListItem\",\"position\":3,\"name\":\"Hikvision dome DS-2CD1323G0E-I F2.8\"}]},{\"@type\":\"WebSite\",\"@id\":\"https:\\\/\\\/eheating.lt\\\/#website\",\"url\":\"https:\\\/\\\/eheating.lt\\\/\",\"name\":\"eHeating\",\"description\":\"Elektronika ir \u0161ildymas\",\"potentialAction\":[{\"@type\":\"SearchAction\",\"target\":{\"@type\":\"EntryPoint\",\"urlTemplate\":\"https:\\\/\\\/eheating.lt\\\/?s={search_term_string}\"},\"query-input\":{\"@type\":\"PropertyValueSpecification\",\"valueRequired\":true,\"valueName\":\"search_term_string\"}}],\"inLanguage\":\"en-US\"}]}<\/script>\n<meta property=\"product:price:amount\" content=\"107.23\" \/>\n<meta property=\"product:price:currency\" content=\"EUR\" \/>\n<meta property=\"og:availability\" content=\"backorder\" \/>\n<meta property=\"product:availability\" content=\"available for order\" \/>\n<meta property=\"product:retailer_item_id\" content=\"fe225ad6b8ce\" \/>\n<meta property=\"product:condition\" content=\"new\" \/>\n<!-- \/ Yoast SEO Premium plugin. -->","yoast_head_json":{"title":"Hikvision dome DS-2CD1323G0E-I F2.8","description":"Hikvision dome DS-2CD1323G0E-I F2.8 IP kamera ; IR nuotolis iki 30m ; PoE ; IP67 ; DWDR ; Rai\u0161ka - 2MP ; 2.8 mm ; Spalva - balta","robots":{"index":"index","follow":"follow","max-snippet":"max-snippet:-1","max-image-preview":"max-image-preview:large","max-video-preview":"max-video-preview:-1"},"canonical":"https:\/\/eheating.lt\/produktas\/hikvision-dome-ds-2cd1323g0e-i-f2-8\/","og_locale":"en_US","og_type":"article","og_title":"Hikvision dome DS-2CD1323G0E-I F2.8","og_description":"Hikvision dome DS-2CD1323G0E-I F2.8 IP kamera ; IR nuotolis iki 30m ; PoE ; IP67 ; DWDR ; Rai\u0161ka - 2MP ; 2.8 mm ; Spalva - balta","og_url":"https:\/\/eheating.lt\/produktas\/hikvision-dome-ds-2cd1323g0e-i-f2-8\/","og_site_name":"Elektronika Namams","article_publisher":"https:\/\/www.facebook.com\/ElektronikaNamams","article_modified_time":"2024-10-18T14:12:44+00:00","og_image":[{"width":800,"height":800,"url":"https:\/\/eheating.lt\/wp-content\/uploads\/2023\/10\/Hikvision-dome-DS-2CD1323G0E-I-F2.8.png","type":"image\/png"}],"twitter_card":"summary_large_image","twitter_misc":{"Price":"107,23&nbsp;&euro;","Availability":"On backorder"},"schema":{"@context":"https:\/\/schema.org","@graph":[{"@type":"WebPage","@id":"https:\/\/eheating.lt\/produktas\/hikvision-dome-ds-2cd1323g0e-i-f2-8\/","url":"https:\/\/eheating.lt\/produktas\/hikvision-dome-ds-2cd1323g0e-i-f2-8\/","name":"Hikvision dome DS-2CD1323G0E-I F2.8","isPartOf":{"@id":"https:\/\/eheating.lt\/#website"},"primaryImageOfPage":{"@id":"https:\/\/eheating.lt\/produktas\/hikvision-dome-ds-2cd1323g0e-i-f2-8\/#primaryimage"},"image":{"@id":"https:\/\/eheating.lt\/produktas\/hikvision-dome-ds-2cd1323g0e-i-f2-8\/#primaryimage"},"thumbnailUrl":"https:\/\/eheating.lt\/wp-content\/uploads\/2023\/10\/Hikvision-dome-DS-2CD1323G0E-I-F2.8.png","datePublished":"2023-11-13T19:07:35+00:00","dateModified":"2024-10-18T14:12:44+00:00","description":"Hikvision dome DS-2CD1323G0E-I F2.8 IP kamera ; IR nuotolis iki 30m ; PoE ; IP67 ; DWDR ; Rai\u0161ka - 2MP ; 2.8 mm ; Spalva - balta","breadcrumb":{"@id":"https:\/\/eheating.lt\/produktas\/hikvision-dome-ds-2cd1323g0e-i-f2-8\/#breadcrumb"},"inLanguage":"en-US","potentialAction":[{"@type":"ReadAction","target":["https:\/\/eheating.lt\/produktas\/hikvision-dome-ds-2cd1323g0e-i-f2-8\/"]}]},{"@type":"ImageObject","inLanguage":"en-US","@id":"https:\/\/eheating.lt\/produktas\/hikvision-dome-ds-2cd1323g0e-i-f2-8\/#primaryimage","url":"https:\/\/eheating.lt\/wp-content\/uploads\/2023\/10\/Hikvision-dome-DS-2CD1323G0E-I-F2.8.png","contentUrl":"https:\/\/eheating.lt\/wp-content\/uploads\/2023\/10\/Hikvision-dome-DS-2CD1323G0E-I-F2.8.png","width":800,"height":800,"caption":"Hikvision dome DS-2CD1323G0E-I F2.8"},{"@type":"BreadcrumbList","@id":"https:\/\/eheating.lt\/produktas\/hikvision-dome-ds-2cd1323g0e-i-f2-8\/#breadcrumb","itemListElement":[{"@type":"ListItem","position":1,"name":"Prad\u017eia","item":"https:\/\/eheating.lt\/en\/"},{"@type":"ListItem","position":2,"name":"Shop","item":"https:\/\/eheating.lt\/en\/?page_id=5734"},{"@type":"ListItem","position":3,"name":"Hikvision dome DS-2CD1323G0E-I F2.8"}]},{"@type":"WebSite","@id":"https:\/\/eheating.lt\/#website","url":"https:\/\/eheating.lt\/","name":"eHeating","description":"Elektronika ir \u0161ildymas","potentialAction":[{"@type":"SearchAction","target":{"@type":"EntryPoint","urlTemplate":"https:\/\/eheating.lt\/?s={search_term_string}"},"query-input":{"@type":"PropertyValueSpecification","valueRequired":true,"valueName":"search_term_string"}}],"inLanguage":"en-US"}]},"product_price_amount":"107.23","product_price_currency":"EUR","og_availability":"backorder","product_availability":"available for order","product_retailer_item_id":"fe225ad6b8ce","product_condition":"new"},"_links":{"self":[{"href":"https:\/\/eheating.lt\/en\/wp-json\/wp\/v2\/product\/23144","targetHints":{"allow":["GET"]}}],"collection":[{"href":"https:\/\/eheating.lt\/en\/wp-json\/wp\/v2\/product"}],"about":[{"href":"https:\/\/eheating.lt\/en\/wp-json\/wp\/v2\/types\/product"}],"replies":[{"embeddable":true,"href":"https:\/\/eheating.lt\/en\/wp-json\/wp\/v2\/comments?post=23144"}],"version-history":[{"count":0,"href":"https:\/\/eheating.lt\/en\/wp-json\/wp\/v2\/product\/23144\/revisions"}],"wp:featuredmedia":[{"embeddable":true,"href":"https:\/\/eheating.lt\/en\/wp-json\/wp\/v2\/media\/27308"}],"wp:attachment":[{"href":"https:\/\/eheating.lt\/en\/wp-json\/wp\/v2\/media?parent=23144"}],"wp:term":[{"taxonomy":"product_brand","embeddable":true,"href":"https:\/\/eheating.lt\/en\/wp-json\/wp\/v2\/product_brand?post=23144"},{"taxonomy":"product_cat","embeddable":true,"href":"https:\/\/eheating.lt\/en\/wp-json\/wp\/v2\/product_cat?post=23144"},{"taxonomy":"product_tag","embeddable":true,"href":"https:\/\/eheating.lt\/en\/wp-json\/wp\/v2\/product_tag?post=23144"}],"curies":[{"name":"wp","href":"https:\/\/api.w.org\/{rel}","templated":true}]}}