{"id":23134,"date":"2023-11-13T21:19:11","date_gmt":"2023-11-13T19:19:11","guid":{"rendered":"https:\/\/eheating.lt\/?post_type=product&#038;p=23134"},"modified":"2024-10-18T17:12:29","modified_gmt":"2024-10-18T14:12:29","slug":"hikvision-bullet-ds-2cd2646g2-izs-juoda","status":"publish","type":"product","link":"https:\/\/eheating.lt\/en\/produktas\/hikvision-bullet-ds-2cd2646g2-izs-juoda\/","title":{"rendered":"Hikvision bullet DS-2CD2646G2-IZS (juoda)"},"content":{"rendered":"<table>\n<tbody>\n<tr>\n<td>Sensorius<\/td>\n<td>1\/2.7&#8243; Progressive Scan CMOS<\/td>\n<\/tr>\n<tr>\n<td>Min. ap\u0161vietimas<\/td>\n<td>Color: 0.003 Lux @ (F1.4, AGC ON)<\/td>\n<\/tr>\n<tr>\n<td>Diena \/ naktis<\/td>\n<td>ICR Cut<\/td>\n<\/tr>\n<tr>\n<td>U\u017erakto greitis<\/td>\n<td>1\/3 s to 1\/100,000 s<\/td>\n<\/tr>\n<tr>\n<td>L\u0117tas u\u017eraktas<\/td>\n<td>Yes<\/td>\n<\/tr>\n<tr>\n<td>Kampo valdymas<\/td>\n<td>Pan: 0\u00b0 to 355\u00b0, tilt: 0\u00b0 to 90\u00b0, rotate: 0\u00b0 to 360\u00b0<\/td>\n<\/tr>\n<tr>\n<td>P\/N<\/td>\n<td>P\/N<\/td>\n<\/tr>\n<tr>\n<td>WDR<\/td>\n<td>120 dB<\/td>\n<\/tr>\n<tr>\n<td>I\u0161sijungimo atmintis<\/td>\n<td>Yes<\/td>\n<\/tr>\n<tr>\n<td>Objektyvo tipas<\/td>\n<td>2.8 to 12 mm, horizontal FOV 108\u00b0 to 30\u00b0, vertical FOV 56\u00b0 to 17\u00b0, diagonal FOV 131\u00b0 to 35\u00b0<\/td>\n<\/tr>\n<tr>\n<td>Diaragma<\/td>\n<td>F1.4<\/td>\n<\/tr>\n<tr>\n<td>Montavimas<\/td>\n<td>\u00d814<\/td>\n<\/tr>\n<tr>\n<td>Diafragmos tipas<\/td>\n<td>Fixed<\/td>\n<\/tr>\n<tr>\n<td>Fokusavimas<\/td>\n<td>Auto<\/td>\n<\/tr>\n<tr>\n<td>IR atstumas<\/td>\n<td>Up to 60 m<\/td>\n<\/tr>\n<tr>\n<td>Bangos ilgis<\/td>\n<td>850 nm<\/td>\n<\/tr>\n<tr>\n<td>I\u0161manus pa\u0161vietimas<\/td>\n<td>Yes<\/td>\n<\/tr>\n<tr>\n<td>I\u0161manaus pa\u0161vieitmo tipas<\/td>\n<td>IR<\/td>\n<\/tr>\n<tr>\n<td>Maks. rai\u0161ka<\/td>\n<td>2592 \u00d7 1944<\/td>\n<\/tr>\n<tr>\n<td>Pagrindinis srautas<\/td>\n<td>50Hz: 20fps (2592 \u00d7 1944) 25fps (2688 \u00d7 1520, 2304 \u00d7 1296, 1920 \u00d7 1080, 1280 \u00d7 720) 60Hz: 20fps (2592 \u00d7 1944) 30fps (2688 \u00d7 1520, 2304 \u00d7 1296, 1920 \u00d7 1080, 1280 \u00d7 720)<\/td>\n<\/tr>\n<tr>\n<td>Antrinis srautas<\/td>\n<td>50Hz: 25fps (640 \u00d7 480, 640 \u00d7 360, 320 \u00d7 240) 60Hz: 30fps (640 \u00d7 480, 640 \u00d7 360, 320 \u00d7 240)<\/td>\n<\/tr>\n<tr>\n<td>Tretinis srautas<\/td>\n<td>50Hz: 25fps (1280 \u00d7 720, 640 \u00d7 480, 640 \u00d7 360, 360 \u00d7 240) 60Hz: 30fps (1280 \u00d7 720, 640 \u00d7 480, 640 \u00d7 360, 360 \u00d7 240)<\/td>\n<\/tr>\n<tr>\n<td>Vaizdo suspaudimas<\/td>\n<td>Main stream: H.265\/H.264 Sub-stream: H.265\/H.264\/MJPEG Third stream: H.265\/H.264<\/td>\n<\/tr>\n<tr>\n<td>Vaizdo bit\u0173 greitis<\/td>\n<td>32 Kbps to 8 Mbps<\/td>\n<\/tr>\n<tr>\n<td>H.264 tipas<\/td>\n<td>Baseline Profile\/Main Profile\/High Profile<\/td>\n<\/tr>\n<tr>\n<td>H.265 tipas<\/td>\n<td>Main Profile<\/td>\n<\/tr>\n<tr>\n<td>H.264+<\/td>\n<td>Main Stream supports<\/td>\n<\/tr>\n<tr>\n<td>H.265+<\/td>\n<td>Main Stream supports<\/td>\n<\/tr>\n<tr>\n<td>Bit\u0173 grei\u010dio valdymas<\/td>\n<td>CBR\/VBR<\/td>\n<\/tr>\n<tr>\n<td>SVC<\/td>\n<td>Yes<\/td>\n<\/tr>\n<tr>\n<td>ROI<\/td>\n<td>1 fixed regions for each stream<\/td>\n<\/tr>\n<tr>\n<td>Aplinkos triuk\u0161mo filtravimas<\/td>\n<td>Yes<\/td>\n<\/tr>\n<tr>\n<td>Garso \u0117mini\u0173 da\u017enis<\/td>\n<td>8 kHz\/16 kHz\/32 kHz\/44.1 kHz\/48 kHz<\/td>\n<\/tr>\n<tr>\n<td>Garso suspaudimas<\/td>\n<td>G.711ulaw\/G.711alaw\/G.722.1\/G.726\/MP2L2\/PCM\/MP3<\/td>\n<\/tr>\n<tr>\n<td>Garso bit\u0173 greitis<\/td>\n<td>64Kbps(G.711ulaw\/G.711alaw)\/16Kbps(G.722.1)\/16Kbps(G.726)\/32-192Kbps(MP2L2)\/8-320Kbps(MP3)<\/td>\n<\/tr>\n<tr>\n<td>Transliuojama keliems \u012frenginiams<\/td>\n<td>Up to 6 channels<\/td>\n<\/tr>\n<tr>\n<td>API<\/td>\n<td>ONVIF (PROFILE S, PROFILE G, PROFILE T), ISAPI, SDK<\/td>\n<\/tr>\n<tr>\n<td>Protokolai<\/td>\n<td>TCP\/IP, ICMP, HTTP, HTTPS, FTP, DHCP, DNS, DDNS, RTP, RTSP, NTP, UPnP, SMTP, IGMP, 802.1X, QoS, IPv6, UDP, Bonjour, SSL\/TLS<\/td>\n<\/tr>\n<tr>\n<td>Sklandus perdavimas<\/td>\n<td>Yes<\/td>\n<\/tr>\n<tr>\n<td>User\/Host<\/td>\n<td>Up to 32 users. 3 user levels: administrator, operator and user<\/td>\n<\/tr>\n<tr>\n<td>Apsauga<\/td>\n<td>Password protection, complicated password, HTTPS encryption, IP address filter, Security Audit Log, basic and digest authentication for HTTP\/HTTPS, TLS 1.2, WSSE and digest authentication for ONVIF<\/td>\n<\/tr>\n<tr>\n<td>Tinklo saugykla<\/td>\n<td>microSD\/SDHC\/SDXC card (256 GB) local storage, and NAS (NFS, SMB\/CIFS), auto network replenishment (ANR) Together with high-end Hikvision memory card, memory card encryption and health detection are supported<\/td>\n<\/tr>\n<tr>\n<td>Programin\u0117 kliento \u012franga<\/td>\n<td>iVMS-4200, Hik-Connect, Hik-Central<\/td>\n<\/tr>\n<tr>\n<td>Nar\u0161ykl\u0117<\/td>\n<td>Plug-in required live view: IE8+, Chrome 41.0-44, Firefox 30.0-51, Safari 8.0-11 Plug-in free live view: Chrome 57.0+, Firefox 52.0+<\/td>\n<\/tr>\n<tr>\n<td>Diena \/ naktis perjungimas<\/td>\n<td>Day, Night, Auto, Schedule<\/td>\n<\/tr>\n<tr>\n<td>Vaizdo apdirbimas<\/td>\n<td>BLC, HLC, 3D DNR<\/td>\n<\/tr>\n<tr>\n<td>Vaizdo nustatym\u0173 perjungimas<\/td>\n<td>Yes<\/td>\n<\/tr>\n<tr>\n<td>Vaizdo nustatymai<\/td>\n<td>Rotate mode, saturation, brightness, contrast, sharpness, gain, white balance adjustable by client software or web browser<\/td>\n<\/tr>\n<tr>\n<td>Pavojaus signalas<\/td>\n<td>1 input, 1 output (max. 24 VAC\/24 VDC @500 mA)<\/td>\n<\/tr>\n<tr>\n<td>Garsas<\/td>\n<td>1 input (line in), 3.5 mm connector, max. input amplitude: 3.3 Vpp, input impedance: 4.7 K\u03a9, interface type: non-equilibrium; 1 output (line out), 3.5 mm connector, max. input amplitude: 3.3 Vpp, input impedance: 100 \u03a9, interface type: non-equilibrium<\/td>\n<\/tr>\n<tr>\n<td>Vidin\u0117 saugykla<\/td>\n<td>Built-in micro SD slot, up to 256 GB<\/td>\n<\/tr>\n<tr>\n<td>Perkrovimas<\/td>\n<td>Yes<\/td>\n<\/tr>\n<tr>\n<td>Ry\u0161io s\u0105sajos<\/td>\n<td>1 RJ45 10M\/100M self-adaptive Ethernet port<\/td>\n<\/tr>\n<tr>\n<td>Pagrindiniai \u012fvykiai<\/td>\n<td>Motion detection, video tampering alarm, exception (network disconnected, IP address conflict, illegal login, HDD full, HDD error), scene change detection<\/td>\n<\/tr>\n<tr>\n<td>Veido aptikimas<\/td>\n<td>Yes<\/td>\n<\/tr>\n<tr>\n<td>Papildoma apsauga<\/td>\n<td>Line crossing detection, intrusion detection, region entrance detection, region exiting detection<\/td>\n<\/tr>\n<tr>\n<td>Saugyklos s\u0105lygos<\/td>\n<td>-30 \u00b0C to 60 \u00b0C (-22 \u00b0F to 140 \u00b0F). Humidity 95% or less (non-condensing)<\/td>\n<\/tr>\n<tr>\n<td>Startas ir darbo s\u0105lygos<\/td>\n<td>-30 \u00b0C to 60 \u00b0C (-22 \u00b0F to 140 \u00b0F). Humidity 95% or less (non-condensing)<\/td>\n<\/tr>\n<tr>\n<td>Maitinimas<\/td>\n<td>12 VDC \u00b1 25%, reverse polarity protection PoE\uff1a802.3at, class 4<\/td>\n<\/tr>\n<tr>\n<td>Suvartojimas<\/td>\n<td>12 VDC, 1.12 A, max. 13.5 W PoE: (802.3at, 42.5 V to 57 V), 0.5 A to 0.3 A, max. 15 W<\/td>\n<\/tr>\n<tr>\n<td>Galios s\u0105saja<\/td>\n<td>Two-core terminal plug<\/td>\n<\/tr>\n<tr>\n<td>Med\u017eiaga<\/td>\n<td>ADC12<\/td>\n<\/tr>\n<tr>\n<td>Kameros matmenys<\/td>\n<td>\u00d8144 \u00d7 333 mm (5.7&#8243; \u00d7 13.1&#8243;)<\/td>\n<\/tr>\n<tr>\n<td>Pakuot\u0117s matmenys<\/td>\n<td>385 \u00d7 190 \u00d7 180 mm (15.2&#8243; \u00d7 7.5&#8243; \u00d7 7.1&#8243;)<\/td>\n<\/tr>\n<tr>\n<td>Kameros svoris<\/td>\n<td>1450 g (3.2 lb.)<\/td>\n<\/tr>\n<tr>\n<td>Svoris su pakuote<\/td>\n<td>2589 g (5.7 lb.)<\/td>\n<\/tr>\n<tr>\n<td>Susiejimo metodas<\/td>\n<td>Upload to NAS\/memory card, notify surveillance center, trigger record, trigger capture, strobe light, audible warning *Note: External device is required.<\/td>\n<\/tr>\n<tr>\n<td>Programin\u0117s \u012frangos kalbos<\/td>\n<td>32 languages English, Russian, Estonian, Bulgarian, Hungarian, Greek, German, Italian, Czech, Slovak, French, Polish, Dutch, Portuguese, Spanish, Romanian, Danish, Swedish, Norwegian, Finnish, Croatian, Slovenian, Serbian, Turkish, Korean, Traditional Chinese, Thai, Vietnamese, Japanese, Latvian, Lithuanian, Portuguese (Brazil)<\/td>\n<\/tr>\n<tr>\n<td>Pagrindin\u0117s funkcijos<\/td>\n<td>Anti- flicker, heartbeat, mirror, privacy masks, flash log, password reset via e-mail, pixel counter<\/td>\n<\/tr>\n<tr>\n<td>Programin\u0117s \u012frangos perkrovimas<\/td>\n<td>Yes<\/td>\n<\/tr>\n<tr>\n<td>EMC<\/td>\n<td>FCC (47 CFR Part 15, Subpart B); CE-EMC (EN 55032: 2015, EN 61000-3-2: 2014, EN 61000-3-3: 2013, EN 50130-4: 2011 +A1: 2014); RCM (AS\/NZS CISPR 32: 2015); IC (ICES-003: Issue 6, 2016); KC (KN 32: 2015, KN 35: 2015)<\/td>\n<\/tr>\n<tr>\n<td>Saugumas<\/td>\n<td>UL (UL 60950-1); CB (IEC 60950-1:2005 + Am 1:2009 + Am 2:2013); CE-LVD (EN 60950-1:2005 + Am 1:2009 + Am 2:2013); BIS (IS 13252(Part 1):2010+A1:2013+A2:2015); LOA (IEC\/EN 60950-1)<\/td>\n<\/tr>\n<tr>\n<td>Aplinkosauginiai dokumentai<\/td>\n<td>CE-RoHS (2011\/65\/EU); WEEE (2012\/19\/EU); Reach (Regulation (EC) No 1907\/2006)<\/td>\n<\/tr>\n<tr>\n<td>Apsauga<\/td>\n<td>Ingression protection: IP66 (IEC 60529-2013), IK10 (IEC 62262:2002)<\/td>\n<\/tr>\n<\/tbody>\n<\/table>\n","protected":false},"excerpt":{"rendered":"<ul>\n<li>Powered by darkfighter<\/li>\n<li>Acusense<\/li>\n<li>Garso ir pavojaus signal\u0173 s\u0105saja<\/li>\n<li>Micro SD\/SDHC\/SDXC kortel\u0117 iki 256 GB<\/li>\n<li>Iki 60 m IR atstumas<\/li>\n<li>IP66<\/li>\n<li>IK10<\/li>\n<\/ul>\n","protected":false},"featured_media":27692,"comment_status":"closed","ping_status":"closed","template":"","meta":[],"product_brand":[],"product_cat":[426,534,533],"product_tag":[],"class_list":{"0":"post-23134","1":"product","2":"type-product","3":"status-publish","4":"has-post-thumbnail","6":"product_cat-ip-cilindrines-kameros","7":"product_cat-ip-kameros","8":"product_cat-ip-vaizdo-stebejimo-sistemos","10":"first","11":"onbackorder","12":"purchasable","13":"product-type-simple"},"yoast_head":"<!-- This site is optimized with the Yoast SEO Premium plugin v21.5 (Yoast SEO v27.3) - https:\/\/yoast.com\/product\/yoast-seo-premium-wordpress\/ -->\n<title>Hikvision bullet DS-2CD2646G2-IZS (juoda)<\/title>\n<meta name=\"description\" content=\"Hikvision bullet DS-2CD2646G2-IZS (juoda) IP kamera ; \u017dmoni\u0173 ir ma\u0161in\u0173 atpa\u017einimas ir klasifikacija ; Rai\u0161ka - 4MP ; Iki 60 m IR atstumas\" \/>\n<meta name=\"robots\" content=\"index, follow, max-snippet:-1, max-image-preview:large, max-video-preview:-1\" \/>\n<link rel=\"canonical\" href=\"https:\/\/eheating.lt\/produktas\/hikvision-bullet-ds-2cd2646g2-izs-juoda\/\" \/>\n<meta property=\"og:locale\" content=\"en_US\" \/>\n<meta property=\"og:type\" content=\"article\" \/>\n<meta property=\"og:title\" content=\"Hikvision bullet DS-2CD2646G2-IZS (juoda)\" \/>\n<meta property=\"og:description\" content=\"Hikvision bullet DS-2CD2646G2-IZS (juoda) IP kamera ; \u017dmoni\u0173 ir ma\u0161in\u0173 atpa\u017einimas ir klasifikacija ; Rai\u0161ka - 4MP ; Iki 60 m IR atstumas\" \/>\n<meta property=\"og:url\" content=\"https:\/\/eheating.lt\/produktas\/hikvision-bullet-ds-2cd2646g2-izs-juoda\/\" \/>\n<meta property=\"og:site_name\" content=\"Elektronika Namams\" \/>\n<meta property=\"article:publisher\" content=\"https:\/\/www.facebook.com\/ElektronikaNamams\" \/>\n<meta property=\"article:modified_time\" content=\"2024-10-18T14:12:29+00:00\" \/>\n<meta property=\"og:image\" content=\"https:\/\/eheating.lt\/wp-content\/uploads\/2023\/10\/Hikvision-bullet-DS-2CD2646G2-IZS-juoda.png\" \/>\n\t<meta property=\"og:image:width\" content=\"800\" \/>\n\t<meta property=\"og:image:height\" content=\"800\" \/>\n\t<meta property=\"og:image:type\" content=\"image\/png\" \/>\n<meta name=\"twitter:card\" content=\"summary_large_image\" \/>\n<meta name=\"twitter:label1\" content=\"Price\" \/>\n\t<meta name=\"twitter:data1\" content=\"498,72&nbsp;&euro;\" \/>\n\t<meta name=\"twitter:label2\" content=\"Availability\" \/>\n\t<meta name=\"twitter:data2\" content=\"On backorder\" \/>\n<script type=\"application\/ld+json\" class=\"yoast-schema-graph\">{\"@context\":\"https:\\\/\\\/schema.org\",\"@graph\":[{\"@type\":\"WebPage\",\"@id\":\"https:\\\/\\\/eheating.lt\\\/produktas\\\/hikvision-bullet-ds-2cd2646g2-izs-juoda\\\/\",\"url\":\"https:\\\/\\\/eheating.lt\\\/produktas\\\/hikvision-bullet-ds-2cd2646g2-izs-juoda\\\/\",\"name\":\"Hikvision bullet DS-2CD2646G2-IZS (juoda)\",\"isPartOf\":{\"@id\":\"https:\\\/\\\/eheating.lt\\\/#website\"},\"primaryImageOfPage\":{\"@id\":\"https:\\\/\\\/eheating.lt\\\/produktas\\\/hikvision-bullet-ds-2cd2646g2-izs-juoda\\\/#primaryimage\"},\"image\":{\"@id\":\"https:\\\/\\\/eheating.lt\\\/produktas\\\/hikvision-bullet-ds-2cd2646g2-izs-juoda\\\/#primaryimage\"},\"thumbnailUrl\":\"https:\\\/\\\/eheating.lt\\\/wp-content\\\/uploads\\\/2023\\\/10\\\/Hikvision-bullet-DS-2CD2646G2-IZS-juoda.png\",\"datePublished\":\"2023-11-13T19:19:11+00:00\",\"dateModified\":\"2024-10-18T14:12:29+00:00\",\"description\":\"Hikvision bullet DS-2CD2646G2-IZS (juoda) IP kamera ; \u017dmoni\u0173 ir ma\u0161in\u0173 atpa\u017einimas ir klasifikacija ; Rai\u0161ka - 4MP ; Iki 60 m IR atstumas\",\"breadcrumb\":{\"@id\":\"https:\\\/\\\/eheating.lt\\\/produktas\\\/hikvision-bullet-ds-2cd2646g2-izs-juoda\\\/#breadcrumb\"},\"inLanguage\":\"en-US\",\"potentialAction\":[{\"@type\":\"ReadAction\",\"target\":[\"https:\\\/\\\/eheating.lt\\\/produktas\\\/hikvision-bullet-ds-2cd2646g2-izs-juoda\\\/\"]}]},{\"@type\":\"ImageObject\",\"inLanguage\":\"en-US\",\"@id\":\"https:\\\/\\\/eheating.lt\\\/produktas\\\/hikvision-bullet-ds-2cd2646g2-izs-juoda\\\/#primaryimage\",\"url\":\"https:\\\/\\\/eheating.lt\\\/wp-content\\\/uploads\\\/2023\\\/10\\\/Hikvision-bullet-DS-2CD2646G2-IZS-juoda.png\",\"contentUrl\":\"https:\\\/\\\/eheating.lt\\\/wp-content\\\/uploads\\\/2023\\\/10\\\/Hikvision-bullet-DS-2CD2646G2-IZS-juoda.png\",\"width\":800,\"height\":800,\"caption\":\"Hikvision bullet DS-2CD2646G2-IZS (juoda)\"},{\"@type\":\"BreadcrumbList\",\"@id\":\"https:\\\/\\\/eheating.lt\\\/produktas\\\/hikvision-bullet-ds-2cd2646g2-izs-juoda\\\/#breadcrumb\",\"itemListElement\":[{\"@type\":\"ListItem\",\"position\":1,\"name\":\"Prad\u017eia\",\"item\":\"https:\\\/\\\/eheating.lt\\\/en\\\/\"},{\"@type\":\"ListItem\",\"position\":2,\"name\":\"Shop\",\"item\":\"https:\\\/\\\/eheating.lt\\\/en\\\/?page_id=5734\"},{\"@type\":\"ListItem\",\"position\":3,\"name\":\"Hikvision bullet DS-2CD2646G2-IZS (juoda)\"}]},{\"@type\":\"WebSite\",\"@id\":\"https:\\\/\\\/eheating.lt\\\/#website\",\"url\":\"https:\\\/\\\/eheating.lt\\\/\",\"name\":\"eHeating\",\"description\":\"Elektronika ir \u0161ildymas\",\"potentialAction\":[{\"@type\":\"SearchAction\",\"target\":{\"@type\":\"EntryPoint\",\"urlTemplate\":\"https:\\\/\\\/eheating.lt\\\/?s={search_term_string}\"},\"query-input\":{\"@type\":\"PropertyValueSpecification\",\"valueRequired\":true,\"valueName\":\"search_term_string\"}}],\"inLanguage\":\"en-US\"}]}<\/script>\n<meta property=\"product:price:amount\" content=\"498.72\" \/>\n<meta property=\"product:price:currency\" content=\"EUR\" \/>\n<meta property=\"og:availability\" content=\"backorder\" \/>\n<meta property=\"product:availability\" content=\"available for order\" \/>\n<meta property=\"product:retailer_item_id\" content=\"0f4d9ad583ed\" \/>\n<meta property=\"product:condition\" content=\"new\" \/>\n<!-- \/ Yoast SEO Premium plugin. -->","yoast_head_json":{"title":"Hikvision bullet DS-2CD2646G2-IZS (juoda)","description":"Hikvision bullet DS-2CD2646G2-IZS (juoda) IP kamera ; \u017dmoni\u0173 ir ma\u0161in\u0173 atpa\u017einimas ir klasifikacija ; Rai\u0161ka - 4MP ; Iki 60 m IR atstumas","robots":{"index":"index","follow":"follow","max-snippet":"max-snippet:-1","max-image-preview":"max-image-preview:large","max-video-preview":"max-video-preview:-1"},"canonical":"https:\/\/eheating.lt\/produktas\/hikvision-bullet-ds-2cd2646g2-izs-juoda\/","og_locale":"en_US","og_type":"article","og_title":"Hikvision bullet DS-2CD2646G2-IZS (juoda)","og_description":"Hikvision bullet DS-2CD2646G2-IZS (juoda) IP kamera ; \u017dmoni\u0173 ir ma\u0161in\u0173 atpa\u017einimas ir klasifikacija ; Rai\u0161ka - 4MP ; Iki 60 m IR atstumas","og_url":"https:\/\/eheating.lt\/produktas\/hikvision-bullet-ds-2cd2646g2-izs-juoda\/","og_site_name":"Elektronika Namams","article_publisher":"https:\/\/www.facebook.com\/ElektronikaNamams","article_modified_time":"2024-10-18T14:12:29+00:00","og_image":[{"width":800,"height":800,"url":"https:\/\/eheating.lt\/wp-content\/uploads\/2023\/10\/Hikvision-bullet-DS-2CD2646G2-IZS-juoda.png","type":"image\/png"}],"twitter_card":"summary_large_image","twitter_misc":{"Price":"498,72&nbsp;&euro;","Availability":"On backorder"},"schema":{"@context":"https:\/\/schema.org","@graph":[{"@type":"WebPage","@id":"https:\/\/eheating.lt\/produktas\/hikvision-bullet-ds-2cd2646g2-izs-juoda\/","url":"https:\/\/eheating.lt\/produktas\/hikvision-bullet-ds-2cd2646g2-izs-juoda\/","name":"Hikvision bullet DS-2CD2646G2-IZS (juoda)","isPartOf":{"@id":"https:\/\/eheating.lt\/#website"},"primaryImageOfPage":{"@id":"https:\/\/eheating.lt\/produktas\/hikvision-bullet-ds-2cd2646g2-izs-juoda\/#primaryimage"},"image":{"@id":"https:\/\/eheating.lt\/produktas\/hikvision-bullet-ds-2cd2646g2-izs-juoda\/#primaryimage"},"thumbnailUrl":"https:\/\/eheating.lt\/wp-content\/uploads\/2023\/10\/Hikvision-bullet-DS-2CD2646G2-IZS-juoda.png","datePublished":"2023-11-13T19:19:11+00:00","dateModified":"2024-10-18T14:12:29+00:00","description":"Hikvision bullet DS-2CD2646G2-IZS (juoda) IP kamera ; \u017dmoni\u0173 ir ma\u0161in\u0173 atpa\u017einimas ir klasifikacija ; Rai\u0161ka - 4MP ; Iki 60 m IR atstumas","breadcrumb":{"@id":"https:\/\/eheating.lt\/produktas\/hikvision-bullet-ds-2cd2646g2-izs-juoda\/#breadcrumb"},"inLanguage":"en-US","potentialAction":[{"@type":"ReadAction","target":["https:\/\/eheating.lt\/produktas\/hikvision-bullet-ds-2cd2646g2-izs-juoda\/"]}]},{"@type":"ImageObject","inLanguage":"en-US","@id":"https:\/\/eheating.lt\/produktas\/hikvision-bullet-ds-2cd2646g2-izs-juoda\/#primaryimage","url":"https:\/\/eheating.lt\/wp-content\/uploads\/2023\/10\/Hikvision-bullet-DS-2CD2646G2-IZS-juoda.png","contentUrl":"https:\/\/eheating.lt\/wp-content\/uploads\/2023\/10\/Hikvision-bullet-DS-2CD2646G2-IZS-juoda.png","width":800,"height":800,"caption":"Hikvision bullet DS-2CD2646G2-IZS (juoda)"},{"@type":"BreadcrumbList","@id":"https:\/\/eheating.lt\/produktas\/hikvision-bullet-ds-2cd2646g2-izs-juoda\/#breadcrumb","itemListElement":[{"@type":"ListItem","position":1,"name":"Prad\u017eia","item":"https:\/\/eheating.lt\/en\/"},{"@type":"ListItem","position":2,"name":"Shop","item":"https:\/\/eheating.lt\/en\/?page_id=5734"},{"@type":"ListItem","position":3,"name":"Hikvision bullet DS-2CD2646G2-IZS (juoda)"}]},{"@type":"WebSite","@id":"https:\/\/eheating.lt\/#website","url":"https:\/\/eheating.lt\/","name":"eHeating","description":"Elektronika ir \u0161ildymas","potentialAction":[{"@type":"SearchAction","target":{"@type":"EntryPoint","urlTemplate":"https:\/\/eheating.lt\/?s={search_term_string}"},"query-input":{"@type":"PropertyValueSpecification","valueRequired":true,"valueName":"search_term_string"}}],"inLanguage":"en-US"}]},"product_price_amount":"498.72","product_price_currency":"EUR","og_availability":"backorder","product_availability":"available for order","product_retailer_item_id":"0f4d9ad583ed","product_condition":"new"},"_links":{"self":[{"href":"https:\/\/eheating.lt\/en\/wp-json\/wp\/v2\/product\/23134","targetHints":{"allow":["GET"]}}],"collection":[{"href":"https:\/\/eheating.lt\/en\/wp-json\/wp\/v2\/product"}],"about":[{"href":"https:\/\/eheating.lt\/en\/wp-json\/wp\/v2\/types\/product"}],"replies":[{"embeddable":true,"href":"https:\/\/eheating.lt\/en\/wp-json\/wp\/v2\/comments?post=23134"}],"version-history":[{"count":0,"href":"https:\/\/eheating.lt\/en\/wp-json\/wp\/v2\/product\/23134\/revisions"}],"wp:featuredmedia":[{"embeddable":true,"href":"https:\/\/eheating.lt\/en\/wp-json\/wp\/v2\/media\/27692"}],"wp:attachment":[{"href":"https:\/\/eheating.lt\/en\/wp-json\/wp\/v2\/media?parent=23134"}],"wp:term":[{"taxonomy":"product_brand","embeddable":true,"href":"https:\/\/eheating.lt\/en\/wp-json\/wp\/v2\/product_brand?post=23134"},{"taxonomy":"product_cat","embeddable":true,"href":"https:\/\/eheating.lt\/en\/wp-json\/wp\/v2\/product_cat?post=23134"},{"taxonomy":"product_tag","embeddable":true,"href":"https:\/\/eheating.lt\/en\/wp-json\/wp\/v2\/product_tag?post=23134"}],"curies":[{"name":"wp","href":"https:\/\/api.w.org\/{rel}","templated":true}]}}