{"id":23080,"date":"2023-11-13T21:07:54","date_gmt":"2023-11-13T19:07:54","guid":{"rendered":"https:\/\/eheating.lt\/?post_type=product&#038;p=23080"},"modified":"2024-10-18T17:11:03","modified_gmt":"2024-10-18T14:11:03","slug":"hikvision-dome-ds-2cd2743g2-izs","status":"publish","type":"product","link":"https:\/\/eheating.lt\/en\/produktas\/hikvision-dome-ds-2cd2743g2-izs\/","title":{"rendered":"Hikvision dome DS-2CD2743G2-IZS"},"content":{"rendered":"<table>\n<tbody>\n<tr>\n<th colspan=\"3\" scope=\"col\" height=\"50\">Kamera<\/th>\n<\/tr>\n<tr>\n<td>Vaizdo sensorius:<\/td>\n<td>1\/3&#8243; Progressive Scan CMOS<\/td>\n<\/tr>\n<tr>\n<td>Min. Ap\u0161vietimas:<\/td>\n<td>Color: 0.005 Lux @ (F1.6, AGC ON), 0 Lux with IR on<\/td>\n<\/tr>\n<tr>\n<td>U\u017esisklendimo greitis:<\/td>\n<td>1\/3 s to 1\/100,000 s<\/td>\n<\/tr>\n<tr>\n<td>L\u0117tas u\u017esisklendimas:<\/td>\n<td>Yes<\/td>\n<\/tr>\n<tr>\n<td>P\/N:<\/td>\n<td>P\/N<\/td>\n<\/tr>\n<tr>\n<td>Platus dinaminis diapozonas:<\/td>\n<td>120 Db<\/td>\n<\/tr>\n<tr>\n<td>Diena &amp; Naktis:<\/td>\n<td>ICR cut<\/td>\n<\/tr>\n<tr>\n<td>Kampo nustatymai:<\/td>\n<td>Pan: 0\u00b0 to 355\u00b0, tilt: 0\u00b0 to 75\u00b0, rotate: 0\u00b0 to 355\u00b0<\/td>\n<\/tr>\n<tr>\n<th colspan=\"3\" scope=\"col\" height=\"50\">L\u0119\u0161iai<\/th>\n<\/tr>\n<tr>\n<td>L\u0119\u0161i\u0173 tipai &amp; FOV:<\/td>\n<td>2.8 to 12 mm, horizontal FOV 95.8\u00b0 to 29.2\u00b0, vertical FOV 50.6\u00b0 to 16.4\u00b0, diagonal FOV 114.6\u00b0 to 33.4\u00b0<\/td>\n<\/tr>\n<tr>\n<td>Diafragma:<\/td>\n<td>F1.6<\/td>\n<\/tr>\n<tr>\n<td>L\u0119\u0161i\u0173 montavimas:<\/td>\n<td>\u03c614<\/td>\n<\/tr>\n<tr>\n<th colspan=\"3\" scope=\"col\" height=\"50\">DORI<\/th>\n<\/tr>\n<tr>\n<td>DORI:<\/td>\n<td>2.8 to 12 mm: D: 64 m to 200 m, O: 25.4 m to 79.4 m, R: 12.8 m to 40 m, I: 6.4 m to 20 m<\/td>\n<\/tr>\n<tr>\n<th colspan=\"3\" scope=\"col\" height=\"50\">Ap\u0161vietimas<\/th>\n<\/tr>\n<tr>\n<td>IR Ap\u0161vietimas:<\/td>\n<td>Up to 40m<\/td>\n<\/tr>\n<tr>\n<td>Bang\u0173 ilgis:<\/td>\n<td>850nm<\/td>\n<\/tr>\n<tr>\n<th colspan=\"3\" scope=\"col\" height=\"50\">Vaizdas<\/th>\n<\/tr>\n<tr>\n<td>Maks. rai\u0161ka:<\/td>\n<td>2688 \u00d7 1520<\/td>\n<\/tr>\n<tr>\n<td>Pagrindinis Srautas:<\/td>\n<td>50Hz: 25 fps (2688 \u00d7 1520, 1920 \u00d7 1080, 1280 \u00d7 720) 60Hz: 30 fps (2688 \u00d7 1520, 1920 \u00d7 1080, 1280 \u00d7 720)<\/td>\n<\/tr>\n<tr>\n<td>Pagalbinis Srautas:<\/td>\n<td>50Hz: 25 fps (640 \u00d7 480, 640 \u00d7 360) 60Hz: 30 fps (640 \u00d7 480, 640 \u00d7 360)<\/td>\n<\/tr>\n<tr>\n<td>Tretinis Srautas:<\/td>\n<td>50Hz: 25 fps (1280 \u00d7 720, 640 \u00d7 480, 640 \u00d7 360) 60Hz: 30 fps (1280 \u00d7 720, 640 \u00d7 480, 640 \u00d7 360)<\/td>\n<\/tr>\n<tr>\n<td>Vaizdo suspaudimas:<\/td>\n<td>Main stream: H.265\/H.264\/H.264+\/H.265+ Sub-stream: H.265\/H.264\/MJPEG Third stream: H.265\/H.264<\/td>\n<\/tr>\n<tr>\n<td>Vaizdo bit\u0173 greitis:<\/td>\n<td>32 Kbps to 8 Mbps<\/td>\n<\/tr>\n<tr>\n<td>H.264 tipas:<\/td>\n<td>Baseline Profile\/Main Profile\/High Profile<\/td>\n<\/tr>\n<tr>\n<td>H.265 tipas:<\/td>\n<td>Main Profile<\/td>\n<\/tr>\n<tr>\n<td>H. 264+:<\/td>\n<td>Main stream supports<\/td>\n<\/tr>\n<tr>\n<td>H. 265+:<\/td>\n<td>Main stream supports<\/td>\n<\/tr>\n<tr>\n<td>SVC:<\/td>\n<td>Yes<\/td>\n<\/tr>\n<tr>\n<td>ROI:<\/td>\n<td>1 fixed region for main stream and sub-stream<\/td>\n<\/tr>\n<tr>\n<th colspan=\"3\" scope=\"col\" height=\"50\">Garsas<\/th>\n<\/tr>\n<tr>\n<td>Aplinkos triuk\u0161mo filtravimas:<\/td>\n<td>Yes<\/td>\n<\/tr>\n<tr>\n<td>Garso pavyzd\u017ei\u0173 da\u017enis:<\/td>\n<td>8 kHz\/16 kHz\/32 kHz\/44.1 kHz\/48 kHz<\/td>\n<\/tr>\n<tr>\n<td>Garso suspaudimas:<\/td>\n<td>G.711ulaw\/G.711alaw\/G.722.1\/G.726\/MP2L2\/PCM\/MP3\/AAC<\/td>\n<\/tr>\n<tr>\n<td>Garso bit\u0173 greitis:<\/td>\n<td>64Kbps(G.711ulaw\/G.711alaw)\/16Kbps(G.722.1)\/16Kbps(G.726)\/16Kbps-64Kbps(AAC) \/32-192Kbps(MP2L2)\/8-320Kbps(MP3)<\/td>\n<\/tr>\n<tr>\n<th colspan=\"3\" scope=\"col\" height=\"50\">Tinklas<\/th>\n<\/tr>\n<tr>\n<td>Tiesioginis vaizdo steb\u0117jimas:<\/td>\n<td>Up to 6 channels<\/td>\n<\/tr>\n<tr>\n<td>API:<\/td>\n<td>Open Network Video Interface (Profile S, Profile G), ISAPI, SDK<\/td>\n<\/tr>\n<tr>\n<td>Protokolai:<\/td>\n<td>TCP\/IP, ICMP, HTTP, HTTPS, FTP, DHCP, DNS, DDNS, RTP, RTSP, NTP, UPnP, SMTP, IGMP, 802.1X, QoS, IPv6, UDP, Bonjour, SSL\/TLS, PPPoE<\/td>\n<\/tr>\n<tr>\n<td>Vartotojas\/Transliuotojas:<\/td>\n<td>Up to 32 users. 3 user levels: administrator, operator and user<\/td>\n<\/tr>\n<tr>\n<td>Saugumas:<\/td>\n<td>Password protection, complicated password, HTTPS encryption, IP address filter, Security Audit Log, basic and digest authentication for HTTP\/HTTPS, TLS 1.1\/1.2, WSSE and digest authentication for Open Network Video Interface<\/td>\n<\/tr>\n<tr>\n<td>Tinklo talpyla:<\/td>\n<td>MicroSD\/SDHC\/SDXC card (256 GB) local storage, and NAS(NFS, SMB\/CIFS), auto network replenishment (ANR)<\/td>\n<\/tr>\n<tr>\n<td>Klientas:<\/td>\n<td>iVMS-4200, Hik-Connect, Hik-Central<\/td>\n<\/tr>\n<tr>\n<td>Interneto nar\u0161ykl\u0117s:<\/td>\n<td>Plug-in required live view: IE 10, IE 11 Plug-in free live view : Chrome 57.0+, Firefox 52.0+ Local service: Chrome 57.0+, Firefox 52.0+<\/td>\n<\/tr>\n<tr>\n<th colspan=\"3\" scope=\"col\" height=\"50\">Vaizdas<\/th>\n<\/tr>\n<tr>\n<td>Dienos\/Nakties jungiklis:<\/td>\n<td>Day, Night, Auto, Schedule<\/td>\n<\/tr>\n<tr>\n<td>Linij\u0173 kirtimo aptikimas:<\/td>\n<td>BLC, HLC, 3D DNR<\/td>\n<\/tr>\n<tr>\n<td>Vaizdo nustatym\u0173 keitimas:<\/td>\n<td>Yes<\/td>\n<\/tr>\n<tr>\n<td>Vaizdo nustatymai:<\/td>\n<td>Rotate, mirror, privacy masks, saturation, brightness, contrast, sharpness, gain, white balance adjustable by client software or web browser<\/td>\n<\/tr>\n<tr>\n<th colspan=\"3\" scope=\"col\" height=\"50\">S\u0105saja<\/th>\n<\/tr>\n<tr>\n<td>Garsas:<\/td>\n<td>-S: 1 input (line in), max. input amplitude: 3.3 vpp, input impedance: 4.7 K\u03a9, interface type: non-equilibrium; 1 output (line out), max. output amplitude: 3.3 vpp, output impedance: 100 \u03a9, interface type: non-equilibrium<\/td>\n<\/tr>\n<tr>\n<td>Signalizacija:<\/td>\n<td>-S: 1 input, 1 output (max. 12 VDC, 30 mA)<\/td>\n<\/tr>\n<tr>\n<td>Talpykla:<\/td>\n<td>Built-in micro SD, up to 256 GB<\/td>\n<\/tr>\n<tr>\n<td>Technin\u0117s \u012frangos atstatymas:<\/td>\n<td>Yes<\/td>\n<\/tr>\n<tr>\n<td>Bendravimo S\u0105saja:<\/td>\n<td>1 RJ45 10M\/100M self-adaptive Ethernet port<\/td>\n<\/tr>\n<tr>\n<th colspan=\"3\" scope=\"col\" height=\"50\">I\u0161maniosios savyb\u0117s<\/th>\n<\/tr>\n<tr>\n<td>Paprastos funkcijos:<\/td>\n<td>Motion detection (human and vehicle), video tampering alarm, exception<\/td>\n<\/tr>\n<tr>\n<td>I\u0161manios funkcijos:<\/td>\n<td>Line crossing detection, intrusion detection<\/td>\n<\/tr>\n<tr>\n<td>Veido atpa\u017einimas:<\/td>\n<td>Yes<\/td>\n<\/tr>\n<tr>\n<th colspan=\"3\" scope=\"col\" height=\"50\">Pagrindinis<\/th>\n<\/tr>\n<tr>\n<td>Sujungimo metodai:<\/td>\n<td>Upload to FTP\/memory card\/NAS, notify surveillance center, trigger record, trigger capture, Email<\/td>\n<\/tr>\n<tr>\n<td>Meniu kalbos:<\/td>\n<td>33 languages English, Russian, Estonian, Bulgarian, Hungarian, Greek, German, Italian, Czech, Slovak, French, Polish, Dutch, Portuguese, Spanish, Romanian, Danish, Swedish, Norwegian, Finnish, Croatian, Slovenian, Serbian, Turkish, Korean, Traditional Chinese, Thai, Vietnamese, Japanese, Latvian, Lithuanian, Portuguese (Brazil), Ukrainian<\/td>\n<\/tr>\n<tr>\n<td>Pagrindin\u0117s funkcijos:<\/td>\n<td>Anti-flicker, heartbeat, password reset via e-mail, pixel counter<\/td>\n<\/tr>\n<tr>\n<td>Laikymo s\u0105lygos:<\/td>\n<td>-30 \u00b0C to 60 \u00b0C (-22 \u00b0F to 140 \u00b0F). Humidity 95% or less (non-condensing)<\/td>\n<\/tr>\n<tr>\n<td>Paleidimo ir veikimo s\u0105lygos:<\/td>\n<td>-30 \u00b0C to 60 \u00b0C (-22 \u00b0F to 140 \u00b0F). Humidity 95% or less (non-condensing)<\/td>\n<\/tr>\n<tr>\n<td>Energijos \u0161altinis:<\/td>\n<td>12 VDC \u00b1 25%, reverse polarity protection PoE: 802.3af, Class 3<\/td>\n<\/tr>\n<tr>\n<td>Energijos suvartojimas ir galia:<\/td>\n<td>12 VDC, 0.88 A, max. 10.5 W PoE: (802.3af, 36 V to 57 V), 0.35 A to 0.22 A, max. 12.5 W<\/td>\n<\/tr>\n<tr>\n<td>Energijos jungiklis:<\/td>\n<td>\u00d85.5 mm coaxial power plug<\/td>\n<\/tr>\n<tr>\n<td>Med\u017eiaga:<\/td>\n<td>Upper cover and base: metal Bubble: plastic<\/td>\n<\/tr>\n<tr>\n<td>Kameros matmenys:<\/td>\n<td>\u00d8153.3 \u00d7 111.6 mm (\u00d86.1\u2033 \u00d7 4.4\u2033)<\/td>\n<\/tr>\n<tr>\n<td>Pakuot\u0117s matmenys:<\/td>\n<td>244 \u00d7 174 \u00d7 173 mm (9.7&#8243; \u00d7 6.9&#8243; \u00d7 6.9&#8243;)<\/td>\n<\/tr>\n<tr>\n<td>Kameros svoris:<\/td>\n<td>Approx. 880 g (1.9 lb.)<\/td>\n<\/tr>\n<tr>\n<td>Svoris su pakuote:<\/td>\n<td>Approx. 1419 g (3.1 lb.)<\/td>\n<\/tr>\n<tr>\n<th colspan=\"3\" scope=\"col\" height=\"50\">Patvirtinimai<\/th>\n<\/tr>\n<tr>\n<td>EMC:<\/td>\n<td>FCC (47 CFR Part 15, Subpart B); CE-EMC (EN 55032: 2015, EN 61000-3-2: 2014, EN 61000-3-3: 2013, EN 50130-4: 2011 +A1: 2014); RCM (AS\/NZS CISPR 32: 2015); IC (ICES-003: Issue 6, 2016); KC (KN 32: 2015, KN 35: 2015)<\/td>\n<\/tr>\n<tr>\n<td>Saugumas:<\/td>\n<td>UL (UL 60950-1); CB (IEC 60950-1:2005 + Am 1:2009 + Am 2:2013); CE-LVD (EN 60950-1:2005 + Am 1:2009 + Am 2:2013); BIS (IS 13252(Part 1):2010+A1:2013+A2:2015)<\/td>\n<\/tr>\n<tr>\n<td>Aplinkosauga:<\/td>\n<td>CE-RoHS (2011\/65\/EU); WEEE (2012\/19\/EU); Reach (Regulation (EC) No 1907\/2006)<\/td>\n<\/tr>\n<tr>\n<td>Atsparumas vandeniui ir dulk\u0117ms:<\/td>\n<td>IP67 (IEC 60529-2013), IK10 (IEC 62262:2002)<\/td>\n<\/tr>\n<\/tbody>\n<\/table>\n","protected":false},"excerpt":{"rendered":"<ul>\n<li>4MP IP Dome kamera<\/li>\n<li>120dB WDR<\/li>\n<li>H.265+\/H.264+<\/li>\n<li>2.8-12mm motorizuotas obj.<\/li>\n<li>IR ap\u0161vietimas iki 40m<\/li>\n<li>Garso IN\/OUT<\/li>\n<li>IP67<\/li>\n<li>IK10<\/li>\n<li>Judesio detektoriai 2.0<\/li>\n<\/ul>\n","protected":false},"featured_media":27320,"comment_status":"closed","ping_status":"closed","template":"","meta":[],"product_brand":[],"product_cat":[883,801,804],"product_tag":[],"class_list":{"0":"post-23080","1":"product","2":"type-product","3":"status-publish","4":"has-post-thumbnail","6":"product_cat-ip-cameras","7":"product_cat-ip-video-surveillance-systems","8":"product_cat-ip-dome-cameras","10":"first","11":"onbackorder","12":"purchasable","13":"product-type-simple"},"yoast_head":"<!-- This site is optimized with the Yoast SEO Premium plugin v21.5 (Yoast SEO v27.3) - https:\/\/yoast.com\/product\/yoast-seo-premium-wordpress\/ -->\n<title>Hikvision dome DS-2CD2743G2-IZS<\/title>\n<meta name=\"description\" content=\"Hikvision dome DS-2CD2743G2-IZS IP kamera ; 2.8-12mm motorizuotas objektyvas ; IR ap\u0161vietimas iki 40m. ; Rai\u0161ka - 4MP ; Spalva - balta\" \/>\n<meta name=\"robots\" content=\"index, follow, max-snippet:-1, max-image-preview:large, max-video-preview:-1\" \/>\n<link rel=\"canonical\" href=\"https:\/\/eheating.lt\/produktas\/hikvision-dome-ds-2cd2743g2-izs\/\" \/>\n<meta property=\"og:locale\" content=\"en_US\" \/>\n<meta property=\"og:type\" content=\"article\" \/>\n<meta property=\"og:title\" content=\"Hikvision dome DS-2CD2743G2-IZS\" \/>\n<meta property=\"og:description\" content=\"Hikvision dome DS-2CD2743G2-IZS IP kamera ; 2.8-12mm motorizuotas objektyvas ; IR ap\u0161vietimas iki 40m. ; Rai\u0161ka - 4MP ; Spalva - balta\" \/>\n<meta property=\"og:url\" content=\"https:\/\/eheating.lt\/produktas\/hikvision-dome-ds-2cd2743g2-izs\/\" \/>\n<meta property=\"og:site_name\" content=\"Elektronika Namams\" \/>\n<meta property=\"article:publisher\" content=\"https:\/\/www.facebook.com\/ElektronikaNamams\" \/>\n<meta property=\"article:modified_time\" content=\"2024-10-18T14:11:03+00:00\" \/>\n<meta property=\"og:image\" content=\"https:\/\/eheating.lt\/wp-content\/uploads\/2023\/10\/Hikvision-dome-DS-2CD2743G2-IZS.png\" \/>\n\t<meta property=\"og:image:width\" content=\"800\" \/>\n\t<meta property=\"og:image:height\" content=\"800\" \/>\n\t<meta property=\"og:image:type\" content=\"image\/png\" \/>\n<meta name=\"twitter:card\" content=\"summary_large_image\" \/>\n<meta name=\"twitter:label1\" content=\"Price\" \/>\n\t<meta name=\"twitter:data1\" content=\"471,62&nbsp;&euro;\" \/>\n\t<meta name=\"twitter:label2\" content=\"Availability\" \/>\n\t<meta name=\"twitter:data2\" content=\"On backorder\" \/>\n<script type=\"application\/ld+json\" class=\"yoast-schema-graph\">{\"@context\":\"https:\\\/\\\/schema.org\",\"@graph\":[{\"@type\":\"WebPage\",\"@id\":\"https:\\\/\\\/eheating.lt\\\/produktas\\\/hikvision-dome-ds-2cd2743g2-izs\\\/\",\"url\":\"https:\\\/\\\/eheating.lt\\\/produktas\\\/hikvision-dome-ds-2cd2743g2-izs\\\/\",\"name\":\"Hikvision dome DS-2CD2743G2-IZS\",\"isPartOf\":{\"@id\":\"https:\\\/\\\/eheating.lt\\\/#website\"},\"primaryImageOfPage\":{\"@id\":\"https:\\\/\\\/eheating.lt\\\/produktas\\\/hikvision-dome-ds-2cd2743g2-izs\\\/#primaryimage\"},\"image\":{\"@id\":\"https:\\\/\\\/eheating.lt\\\/produktas\\\/hikvision-dome-ds-2cd2743g2-izs\\\/#primaryimage\"},\"thumbnailUrl\":\"https:\\\/\\\/eheating.lt\\\/wp-content\\\/uploads\\\/2023\\\/10\\\/Hikvision-dome-DS-2CD2743G2-IZS.png\",\"datePublished\":\"2023-11-13T19:07:54+00:00\",\"dateModified\":\"2024-10-18T14:11:03+00:00\",\"description\":\"Hikvision dome DS-2CD2743G2-IZS IP kamera ; 2.8-12mm motorizuotas objektyvas ; IR ap\u0161vietimas iki 40m. ; Rai\u0161ka - 4MP ; Spalva - balta\",\"breadcrumb\":{\"@id\":\"https:\\\/\\\/eheating.lt\\\/produktas\\\/hikvision-dome-ds-2cd2743g2-izs\\\/#breadcrumb\"},\"inLanguage\":\"en-US\",\"potentialAction\":[{\"@type\":\"ReadAction\",\"target\":[\"https:\\\/\\\/eheating.lt\\\/produktas\\\/hikvision-dome-ds-2cd2743g2-izs\\\/\"]}]},{\"@type\":\"ImageObject\",\"inLanguage\":\"en-US\",\"@id\":\"https:\\\/\\\/eheating.lt\\\/produktas\\\/hikvision-dome-ds-2cd2743g2-izs\\\/#primaryimage\",\"url\":\"https:\\\/\\\/eheating.lt\\\/wp-content\\\/uploads\\\/2023\\\/10\\\/Hikvision-dome-DS-2CD2743G2-IZS.png\",\"contentUrl\":\"https:\\\/\\\/eheating.lt\\\/wp-content\\\/uploads\\\/2023\\\/10\\\/Hikvision-dome-DS-2CD2743G2-IZS.png\",\"width\":800,\"height\":800,\"caption\":\"Hikvision dome DS-2CD2743G2-IZS\"},{\"@type\":\"BreadcrumbList\",\"@id\":\"https:\\\/\\\/eheating.lt\\\/produktas\\\/hikvision-dome-ds-2cd2743g2-izs\\\/#breadcrumb\",\"itemListElement\":[{\"@type\":\"ListItem\",\"position\":1,\"name\":\"Prad\u017eia\",\"item\":\"https:\\\/\\\/eheating.lt\\\/en\\\/\"},{\"@type\":\"ListItem\",\"position\":2,\"name\":\"Shop\",\"item\":\"https:\\\/\\\/eheating.lt\\\/en\\\/?page_id=5734\"},{\"@type\":\"ListItem\",\"position\":3,\"name\":\"Hikvision dome DS-2CD2743G2-IZS\"}]},{\"@type\":\"WebSite\",\"@id\":\"https:\\\/\\\/eheating.lt\\\/#website\",\"url\":\"https:\\\/\\\/eheating.lt\\\/\",\"name\":\"eHeating\",\"description\":\"Elektronika ir \u0161ildymas\",\"potentialAction\":[{\"@type\":\"SearchAction\",\"target\":{\"@type\":\"EntryPoint\",\"urlTemplate\":\"https:\\\/\\\/eheating.lt\\\/?s={search_term_string}\"},\"query-input\":{\"@type\":\"PropertyValueSpecification\",\"valueRequired\":true,\"valueName\":\"search_term_string\"}}],\"inLanguage\":\"en-US\"}]}<\/script>\n<meta property=\"product:price:amount\" content=\"471.62\" \/>\n<meta property=\"product:price:currency\" content=\"EUR\" \/>\n<meta property=\"og:availability\" content=\"backorder\" \/>\n<meta property=\"product:availability\" content=\"available for order\" \/>\n<meta property=\"product:retailer_item_id\" content=\"93970d8d118c\" \/>\n<meta property=\"product:condition\" content=\"new\" \/>\n<!-- \/ Yoast SEO Premium plugin. -->","yoast_head_json":{"title":"Hikvision dome DS-2CD2743G2-IZS","description":"Hikvision dome DS-2CD2743G2-IZS IP kamera ; 2.8-12mm motorizuotas objektyvas ; IR ap\u0161vietimas iki 40m. ; Rai\u0161ka - 4MP ; Spalva - balta","robots":{"index":"index","follow":"follow","max-snippet":"max-snippet:-1","max-image-preview":"max-image-preview:large","max-video-preview":"max-video-preview:-1"},"canonical":"https:\/\/eheating.lt\/produktas\/hikvision-dome-ds-2cd2743g2-izs\/","og_locale":"en_US","og_type":"article","og_title":"Hikvision dome DS-2CD2743G2-IZS","og_description":"Hikvision dome DS-2CD2743G2-IZS IP kamera ; 2.8-12mm motorizuotas objektyvas ; IR ap\u0161vietimas iki 40m. ; Rai\u0161ka - 4MP ; Spalva - balta","og_url":"https:\/\/eheating.lt\/produktas\/hikvision-dome-ds-2cd2743g2-izs\/","og_site_name":"Elektronika Namams","article_publisher":"https:\/\/www.facebook.com\/ElektronikaNamams","article_modified_time":"2024-10-18T14:11:03+00:00","og_image":[{"width":800,"height":800,"url":"https:\/\/eheating.lt\/wp-content\/uploads\/2023\/10\/Hikvision-dome-DS-2CD2743G2-IZS.png","type":"image\/png"}],"twitter_card":"summary_large_image","twitter_misc":{"Price":"471,62&nbsp;&euro;","Availability":"On backorder"},"schema":{"@context":"https:\/\/schema.org","@graph":[{"@type":"WebPage","@id":"https:\/\/eheating.lt\/produktas\/hikvision-dome-ds-2cd2743g2-izs\/","url":"https:\/\/eheating.lt\/produktas\/hikvision-dome-ds-2cd2743g2-izs\/","name":"Hikvision dome DS-2CD2743G2-IZS","isPartOf":{"@id":"https:\/\/eheating.lt\/#website"},"primaryImageOfPage":{"@id":"https:\/\/eheating.lt\/produktas\/hikvision-dome-ds-2cd2743g2-izs\/#primaryimage"},"image":{"@id":"https:\/\/eheating.lt\/produktas\/hikvision-dome-ds-2cd2743g2-izs\/#primaryimage"},"thumbnailUrl":"https:\/\/eheating.lt\/wp-content\/uploads\/2023\/10\/Hikvision-dome-DS-2CD2743G2-IZS.png","datePublished":"2023-11-13T19:07:54+00:00","dateModified":"2024-10-18T14:11:03+00:00","description":"Hikvision dome DS-2CD2743G2-IZS IP kamera ; 2.8-12mm motorizuotas objektyvas ; IR ap\u0161vietimas iki 40m. ; Rai\u0161ka - 4MP ; Spalva - balta","breadcrumb":{"@id":"https:\/\/eheating.lt\/produktas\/hikvision-dome-ds-2cd2743g2-izs\/#breadcrumb"},"inLanguage":"en-US","potentialAction":[{"@type":"ReadAction","target":["https:\/\/eheating.lt\/produktas\/hikvision-dome-ds-2cd2743g2-izs\/"]}]},{"@type":"ImageObject","inLanguage":"en-US","@id":"https:\/\/eheating.lt\/produktas\/hikvision-dome-ds-2cd2743g2-izs\/#primaryimage","url":"https:\/\/eheating.lt\/wp-content\/uploads\/2023\/10\/Hikvision-dome-DS-2CD2743G2-IZS.png","contentUrl":"https:\/\/eheating.lt\/wp-content\/uploads\/2023\/10\/Hikvision-dome-DS-2CD2743G2-IZS.png","width":800,"height":800,"caption":"Hikvision dome DS-2CD2743G2-IZS"},{"@type":"BreadcrumbList","@id":"https:\/\/eheating.lt\/produktas\/hikvision-dome-ds-2cd2743g2-izs\/#breadcrumb","itemListElement":[{"@type":"ListItem","position":1,"name":"Prad\u017eia","item":"https:\/\/eheating.lt\/en\/"},{"@type":"ListItem","position":2,"name":"Shop","item":"https:\/\/eheating.lt\/en\/?page_id=5734"},{"@type":"ListItem","position":3,"name":"Hikvision dome DS-2CD2743G2-IZS"}]},{"@type":"WebSite","@id":"https:\/\/eheating.lt\/#website","url":"https:\/\/eheating.lt\/","name":"eHeating","description":"Elektronika ir \u0161ildymas","potentialAction":[{"@type":"SearchAction","target":{"@type":"EntryPoint","urlTemplate":"https:\/\/eheating.lt\/?s={search_term_string}"},"query-input":{"@type":"PropertyValueSpecification","valueRequired":true,"valueName":"search_term_string"}}],"inLanguage":"en-US"}]},"product_price_amount":"471.62","product_price_currency":"EUR","og_availability":"backorder","product_availability":"available for order","product_retailer_item_id":"93970d8d118c","product_condition":"new"},"_links":{"self":[{"href":"https:\/\/eheating.lt\/en\/wp-json\/wp\/v2\/product\/23080","targetHints":{"allow":["GET"]}}],"collection":[{"href":"https:\/\/eheating.lt\/en\/wp-json\/wp\/v2\/product"}],"about":[{"href":"https:\/\/eheating.lt\/en\/wp-json\/wp\/v2\/types\/product"}],"replies":[{"embeddable":true,"href":"https:\/\/eheating.lt\/en\/wp-json\/wp\/v2\/comments?post=23080"}],"version-history":[{"count":0,"href":"https:\/\/eheating.lt\/en\/wp-json\/wp\/v2\/product\/23080\/revisions"}],"wp:featuredmedia":[{"embeddable":true,"href":"https:\/\/eheating.lt\/en\/wp-json\/wp\/v2\/media\/27320"}],"wp:attachment":[{"href":"https:\/\/eheating.lt\/en\/wp-json\/wp\/v2\/media?parent=23080"}],"wp:term":[{"taxonomy":"product_brand","embeddable":true,"href":"https:\/\/eheating.lt\/en\/wp-json\/wp\/v2\/product_brand?post=23080"},{"taxonomy":"product_cat","embeddable":true,"href":"https:\/\/eheating.lt\/en\/wp-json\/wp\/v2\/product_cat?post=23080"},{"taxonomy":"product_tag","embeddable":true,"href":"https:\/\/eheating.lt\/en\/wp-json\/wp\/v2\/product_tag?post=23080"}],"curies":[{"name":"wp","href":"https:\/\/api.w.org\/{rel}","templated":true}]}}