{"id":23076,"date":"2023-11-13T21:19:18","date_gmt":"2023-11-13T19:19:18","guid":{"rendered":"https:\/\/eheating.lt\/?post_type=product&#038;p=23076"},"modified":"2024-10-18T17:10:58","modified_gmt":"2024-10-18T14:10:58","slug":"hikvision-bullet-ds-2cv1021g0-idw1d-f2-8","status":"publish","type":"product","link":"https:\/\/eheating.lt\/en\/produktas\/hikvision-bullet-ds-2cv1021g0-idw1d-f2-8\/","title":{"rendered":"Hikvision bullet DS-2CV1021G0-IDW1(D) F2.8"},"content":{"rendered":"<table style=\"width: 850px;\" border=\"0\">\n<colgroup>\n<col \/>\n<col \/> <\/colgroup>\n<tbody>\n<tr>\n<td class=\"xl71\">Kamera<\/td>\n<td class=\"xl71\"><\/td>\n<\/tr>\n<tr>\n<td class=\"xl68\">Sensorius<\/td>\n<td class=\"xl68\">1\/2.8&#8243; Progressive Scan CMOS<\/td>\n<\/tr>\n<tr>\n<td class=\"xl68\">Min. ap\u0161vietimas<\/td>\n<td class=\"xl68\">Color: 0.01 Lux @ (F1.2, AGC ON), 0.028Lux\u00a0 @ (F2.0, AGC ON)<\/td>\n<\/tr>\n<tr>\n<td class=\"xl68\">U\u017erakto greitis<\/td>\n<td class=\"xl68\">1\/3 s to 1\/100,000\u00a0 s<\/td>\n<\/tr>\n<tr>\n<td class=\"xl68\">L\u0117tas u\u017eraktas<\/td>\n<td class=\"xl68\">Yes<\/td>\n<\/tr>\n<tr>\n<td class=\"xl68\">Auto-Iris<\/td>\n<td class=\"xl68\">No<\/td>\n<\/tr>\n<tr>\n<td class=\"xl68\">Diena &amp; naktis<\/td>\n<td class=\"xl68\">IR Cut Filter<\/td>\n<\/tr>\n<tr>\n<td class=\"xl68\">Skaitmeninis triuk\u0161mo ma\u017einimas<\/td>\n<td class=\"xl68\">3D DNR<\/td>\n<\/tr>\n<tr>\n<td class=\"xl68\">WDR<\/td>\n<td class=\"xl68\">DWDR<\/td>\n<\/tr>\n<tr>\n<td class=\"xl68\">3-a\u0161i\u0173 koregavimas<\/td>\n<td class=\"xl68\">Pan: 0\u00b0 to 360\u00b0,\u00a0 tilt: -90\u00b0 to 90\u00b0, rotate: 0\u00b0 to 90\u00b0<\/td>\n<\/tr>\n<tr>\n<td class=\"xl71\">L\u0119\u0161iai<\/td>\n<td class=\"xl71\"><\/td>\n<\/tr>\n<tr>\n<td class=\"xl68\">\u017didinio nuotolis<\/td>\n<td class=\"xl68\">2.8\/4 mm<\/td>\n<\/tr>\n<tr>\n<td class=\"xl68\">Diafragma<\/td>\n<td class=\"xl68\">F2.0<\/td>\n<\/tr>\n<tr>\n<td class=\"xl68\">Fokusavimas<\/td>\n<td class=\"xl68\">Fixed<\/td>\n<\/tr>\n<tr>\n<td class=\"xl68\">FOV<\/td>\n<td class=\"xl68\">2.8 mm, horizontal FOV: 114.5\u00b0,\u00a0 vertical FOV: 62\u00b0, diagonal FOV: 135.5\u00b0 4 mm, horizontal FOV: 86\u00b0, vertical FOV: 46.5\u00b0,\u00a0 diagonal FOV: 102.5\u00b0<\/td>\n<\/tr>\n<tr>\n<td class=\"xl68\">L\u0119\u0161i\u0173 montavimas<\/td>\n<td class=\"xl68\">M12<\/td>\n<\/tr>\n<tr>\n<td class=\"xl71\">IR<\/td>\n<td class=\"xl72\"><\/td>\n<\/tr>\n<tr>\n<td class=\"xl70\">IR nuotolis<\/td>\n<td class=\"xl70\">Up to 30 m<\/td>\n<\/tr>\n<tr>\n<td class=\"xl68\">Bang\u0173 ilgis<\/td>\n<td class=\"xl68\">850 nm<\/td>\n<\/tr>\n<tr>\n<td class=\"xl71\">Suspaudimo standartas<\/td>\n<td class=\"xl72\"><\/td>\n<\/tr>\n<tr>\n<td class=\"xl73\">Vaizdo suspaudimas<\/td>\n<td class=\"xl74\"><span class=\"font5\">Main stream: H.264<br \/>\nSub-stream: H.264,\u00a0 MJPEG<\/span><\/td>\n<\/tr>\n<tr>\n<td class=\"xl68\">H.264 tipas<\/td>\n<td class=\"xl68\">Baseline Profile\/Main Profile<\/td>\n<\/tr>\n<tr>\n<td class=\"xl68\">H.264+<\/td>\n<td class=\"xl68\">Main stream supports<\/td>\n<\/tr>\n<tr>\n<td class=\"xl68\">H.265 Type<\/td>\n<td class=\"xl68\">No<\/td>\n<\/tr>\n<tr>\n<td class=\"xl68\">H.265+<\/td>\n<td class=\"xl68\">No<\/td>\n<\/tr>\n<tr>\n<td class=\"xl68\">Vaizdo bit\u0173 greitis<\/td>\n<td class=\"xl68\">32 Kbps to 8 Mbps<\/td>\n<\/tr>\n<tr>\n<td class=\"xl68\">Garso suspaudimas<\/td>\n<td class=\"xl68\">G.711\/G.722.1\/G.726\/MP2L2\/PCM<\/td>\n<\/tr>\n<tr>\n<td class=\"xl68\">Garso bit\u0173 greitis<\/td>\n<td class=\"xl68\">64Kbps(G.711)\/16Kbps(G.722.1)\/16Kbps(G.726)\/32\u00a0 to 160Kbps(MP2L2)<\/td>\n<\/tr>\n<tr>\n<td class=\"xl71\">Nuotraukos<\/td>\n<td class=\"xl71\"><\/td>\n<\/tr>\n<tr>\n<td class=\"xl68\">Maks. rai\u0161ka<\/td>\n<td class=\"xl68\">1920\u00a0 \u00d7 1080<\/td>\n<\/tr>\n<tr>\n<td class=\"xl69\">Pagrindinis srautas<\/td>\n<td class=\"xl67\"><span class=\"font5\">50Hz: 25fps (1920 \u00d7 1080,\u00a0 1280\u00a0 \u00d7 960,\u00a0 1280\u00a0 \u00d7 720)<br \/>\n60Hz: 30fps (1920 \u00d7 1080,\u00a0 1280\u00a0 \u00d7 960,\u00a0 1280\u00a0 \u00d7 720)<\/span><\/td>\n<\/tr>\n<tr>\n<td class=\"xl69\">Pagalbinis srautas<\/td>\n<td class=\"xl67\"><span class=\"font5\">50Hz: 25fps (640 \u00d7 480,\u00a0 640 \u00d7 360,\u00a0 320 \u00d7 240)<br \/>\n60Hz: 30fps (640 \u00d7 480,\u00a0 640 \u00d7 360,\u00a0 320 \u00d7 240)<\/span><\/td>\n<\/tr>\n<tr>\n<td class=\"xl68\">Nuotrauk\u0173 parametrai<\/td>\n<td class=\"xl68\">Rotate mode, saturation, brightness, contrast, sharpness, AGC, white balance adjustable by client software or web browser<\/td>\n<\/tr>\n<tr>\n<td class=\"xl68\">Vaizdo gerinimas<\/td>\n<td class=\"xl68\">BLC, 3D DNR<\/td>\n<\/tr>\n<tr>\n<td class=\"xl68\">Dienos\/nakties keitimas<\/td>\n<td class=\"xl68\">Day, night, auto, scheduled<\/td>\n<\/tr>\n<tr>\n<td class=\"xl71\">Tinklas<\/td>\n<td class=\"xl71\"><\/td>\n<\/tr>\n<tr>\n<td class=\"xl68\">Tinklo saugykla<\/td>\n<td class=\"xl68\">Support micro SD\/SDHC\/SDXC card (128G), local storage and NAS (NFS,SMB\/CIFS), ANR<\/td>\n<\/tr>\n<tr>\n<td class=\"xl68\">\u012esp\u0117jamojo signalo trikdiklis<\/td>\n<td class=\"xl68\">Motion detection, video tampering, network disconnected, IP address conflict, illegal login, HDD full, HDD error<\/td>\n<\/tr>\n<tr>\n<td class=\"xl68\">Protokolai<\/td>\n<td class=\"xl67\"><span class=\"font5\">TCP\/IP, ICMP, HTTP,\u00a0 HTTPS, FTP,\u00a0 DHCP,\u00a0 DNS, DDNS, RTP,\u00a0 RTSP, RTCP,\u00a0 NTP,\u00a0 UPnP, SMTP, IGMP,\u00a0 IPv6,<br \/>\nUDP, QoS, Bonjour<\/span><\/td>\n<\/tr>\n<tr>\n<td class=\"xl68\">Pagrindin\u0117s funkcijos<\/td>\n<td class=\"xl68\">Anti-flicker, heartbeat, mirror, password protection, privacy mask, watermark<\/td>\n<\/tr>\n<tr>\n<td class=\"xl68\">Programin\u0117s-aparatin\u0117s \u012frangos atk\u016brimas<\/td>\n<td class=\"xl68\">V5.5.70<\/td>\n<\/tr>\n<tr>\n<td class=\"xl68\">API<\/td>\n<td class=\"xl68\">ONVIF (PROFILE S, PROFILE G), ISAPI<\/td>\n<\/tr>\n<tr>\n<td class=\"xl68\">Tiesioginis vaizdo \u017ei\u016br\u0117jimas<\/td>\n<td class=\"xl68\">Up to 6 channels<\/td>\n<\/tr>\n<tr>\n<td class=\"xl69\">Naudotojas\/transliuotojas<\/td>\n<td class=\"xl67\"><span class=\"font5\">Up to 32 users<br \/>\n3 levels: Administrator, Operator and User<\/span><\/td>\n<\/tr>\n<tr>\n<td class=\"xl68\">Programin\u0117 \u012franga<\/td>\n<td class=\"xl68\">iVMS-4200,\u00a0 iVMS-4500,\u00a0 iVMS-5200, Hik-Connect<\/td>\n<\/tr>\n<tr>\n<td class=\"xl68\">\u012enterneto nar\u0161ykl\u0117s<\/td>\n<td class=\"xl68\">IE8+, Chrome 31.0-44,\u00a0 Firefox 30.0-51, Safari 8.0+<\/td>\n<\/tr>\n<tr>\n<td class=\"xl71\">S\u0105sajos<\/td>\n<td class=\"xl72\"><\/td>\n<\/tr>\n<tr>\n<td class=\"xl70\">Sujungimo s\u0105saja<\/td>\n<td class=\"xl68\">1 RJ45 10M\/100M\u00a0 self-adaptive Ethernet port<\/td>\n<\/tr>\n<tr>\n<td class=\"xl68\">Garsas<\/td>\n<td class=\"xl68\">1 Built-in mic, mono sound<\/td>\n<\/tr>\n<tr>\n<td class=\"xl68\">Vidin\u0117 s\u0105saja<\/td>\n<td class=\"xl68\">Built-in Micro SD\/SDHC\/SDXC slot, up to 128 GB<\/td>\n<\/tr>\n<tr>\n<td class=\"xl68\">Atk\u016brimo mygtukas<\/td>\n<td class=\"xl68\">Yes<\/td>\n<\/tr>\n<tr>\n<td class=\"xl71\">Wi-Fi<\/td>\n<td class=\"xl72\"><\/td>\n<\/tr>\n<tr>\n<td class=\"xl70\">Bevieliai standartai<\/td>\n<td class=\"xl68\">IEEE 802.11b\/g\/n<\/td>\n<\/tr>\n<tr>\n<td class=\"xl68\">Da\u017eni\u0173 diapozonas<\/td>\n<td class=\"xl68\">2.4 GHz to 2.4835\u00a0 GHz<\/td>\n<\/tr>\n<tr>\n<td class=\"xl68\">Kanal\u0173 plotis<\/td>\n<td class=\"xl68\">20 MHz\/40 MHz<\/td>\n<\/tr>\n<tr>\n<td class=\"xl68\">Protokolai<\/td>\n<td class=\"xl67\"><span class=\"font5\">802.11b:\u00a0 CCK, DQPSK, DBPSK<br \/>\n802.11g\/n:\u00a0 64-QAM,\u00a0 16-QAM, QPSK, BPSK<\/span><\/td>\n<\/tr>\n<tr>\n<td class=\"xl68\">Apsauga<\/td>\n<td class=\"xl68\">64\/128-bit WEP, WPA\/WPA2, WPA-PSK\/WPA2-PSK, WPS<\/td>\n<\/tr>\n<tr>\n<td class=\"xl68\">Perk\u0117limo greitis<\/td>\n<td class=\"xl68\">11b: 11 Mbps, 11g: 54 Mbps, 11n: up to 150 Mbps<\/td>\n<\/tr>\n<tr>\n<td class=\"xl68\">Bevielio ry\u0161io nuotolis<\/td>\n<td class=\"xl68\">Up to 50 m (The performance varies based on actual environment)<\/td>\n<\/tr>\n<tr>\n<td class=\"xl71\">Garsas<\/td>\n<td class=\"xl72\"><\/td>\n<\/tr>\n<tr>\n<td class=\"xl68\">Aplinkos triuk\u0161mo filtravimas<\/td>\n<td class=\"xl68\">Yes<\/td>\n<\/tr>\n<tr>\n<td class=\"xl68\">Garso pavyzd\u017ei\u0173 \u0117mimo greitis<\/td>\n<td class=\"xl68\">8 kHz\/16 kHz<\/td>\n<\/tr>\n<tr>\n<td class=\"xl71\">Pagrindinis<\/td>\n<td class=\"xl71\"><\/td>\n<\/tr>\n<tr>\n<td class=\"xl68\">Veikimo s\u0105lygos<\/td>\n<td class=\"xl68\">-30 \u00b0C to +60 \u00b0C (-22\u00b0F to +140\u00a0 \u00b0F), Humidity 95% or less (non-condensing)<\/td>\n<\/tr>\n<tr>\n<td class=\"xl68\">Energijos \u0161altinis<\/td>\n<td class=\"xl68\">12 VDC \u00b1 25%, 5.5 mm coaxial power plug<\/td>\n<\/tr>\n<tr>\n<td class=\"xl68\">Energijos suvartojimas ir srov\u0117<\/td>\n<td class=\"xl68\">12 VDC, 0.4 A, max. 5 W<\/td>\n<\/tr>\n<tr>\n<td class=\"xl68\">Ingress apsauga<\/td>\n<td class=\"xl68\">IP66<\/td>\n<\/tr>\n<tr>\n<td class=\"xl68\">Med\u017eiaga<\/td>\n<td class=\"xl68\">Front cover: metal, back cover: plastic<\/td>\n<\/tr>\n<tr>\n<td class=\"xl69\">Matmenys<\/td>\n<td class=\"xl67\"><span class=\"font5\">Camera: 99 mm \u00d7 68 mm \u00d7 66 mm (3.9&#8243; \u00d7 2.7&#8243; \u00d7 2.6&#8243;)<br \/>\nWith package: 172\u00a0 mm \u00d7 110 mm \u00d7 99 mm (6.8&#8243; \u00d7 4.3&#8243; \u00d7 3.9&#8243;)<\/span><\/td>\n<\/tr>\n<tr>\n<td class=\"xl68\">Svoris<\/td>\n<td class=\"xl67\"><span class=\"font5\">Camera: 272 g (0.6 lb.)<br \/>\nWith package: 517\u00a0 g (1.1 lb.)<\/span><\/td>\n<\/tr>\n<\/tbody>\n<\/table>\n","protected":false},"excerpt":{"rendered":"<ul>\n<li>2MP (MegaPixel) bullet IP kamera<\/li>\n<li>WiFi<\/li>\n<li>2.8mm objektyvas<\/li>\n<li>Iki 30m IR pa\u0161vietimas<\/li>\n<li>IP67<\/li>\n<li>Wi-Fi ry\u0161ys su Hik-Connect tiesiogiai ne\u012fmanomas<\/li>\n<\/ul>\n","protected":false},"featured_media":27708,"comment_status":"closed","ping_status":"closed","template":"","meta":[],"product_brand":[],"product_cat":[803,883,801],"product_tag":[],"class_list":{"0":"post-23076","1":"product","2":"type-product","3":"status-publish","4":"has-post-thumbnail","6":"product_cat-ip-bullet-cameras","7":"product_cat-ip-cameras","8":"product_cat-ip-video-surveillance-systems","10":"first","11":"instock","12":"purchasable","13":"product-type-simple"},"yoast_head":"<!-- This site is optimized with the Yoast SEO Premium plugin v21.5 (Yoast SEO v27.3) - https:\/\/yoast.com\/product\/yoast-seo-premium-wordpress\/ -->\n<title>Hikvision bullet DS-2CV1021G0-IDW1(D) F2.8<\/title>\n<meta name=\"description\" content=\"Hikvision bullet DS-2CV1021G0-IDW1(D) F2.8 IP kamera ; Wi-Fi ry\u0161ys ; Iki 30m IR pa\u0161vietimas ; Rai\u0161ka - 2MP ; Spalva - balta\" \/>\n<meta name=\"robots\" content=\"index, follow, max-snippet:-1, max-image-preview:large, max-video-preview:-1\" \/>\n<link rel=\"canonical\" href=\"https:\/\/eheating.lt\/produktas\/hikvision-bullet-ds-2cv1021g0-idw1d-f2-8\/\" \/>\n<meta property=\"og:locale\" content=\"en_US\" \/>\n<meta property=\"og:type\" content=\"article\" \/>\n<meta property=\"og:title\" content=\"Hikvision bullet DS-2CV1021G0-IDW1(D) F2.8\" \/>\n<meta property=\"og:description\" content=\"Hikvision bullet DS-2CV1021G0-IDW1(D) F2.8 IP kamera ; Wi-Fi ry\u0161ys ; Iki 30m IR pa\u0161vietimas ; Rai\u0161ka - 2MP ; Spalva - balta\" \/>\n<meta property=\"og:url\" content=\"https:\/\/eheating.lt\/produktas\/hikvision-bullet-ds-2cv1021g0-idw1d-f2-8\/\" \/>\n<meta property=\"og:site_name\" content=\"Elektronika Namams\" \/>\n<meta property=\"article:publisher\" content=\"https:\/\/www.facebook.com\/ElektronikaNamams\" \/>\n<meta property=\"article:modified_time\" content=\"2024-10-18T14:10:58+00:00\" \/>\n<meta property=\"og:image\" content=\"https:\/\/eheating.lt\/wp-content\/uploads\/2023\/10\/Hikvision-bullet-DS-2CV1021G0-IDW1D-F2.8.png\" \/>\n\t<meta property=\"og:image:width\" content=\"800\" \/>\n\t<meta property=\"og:image:height\" content=\"800\" \/>\n\t<meta property=\"og:image:type\" content=\"image\/png\" \/>\n<meta name=\"twitter:card\" content=\"summary_large_image\" \/>\n<meta name=\"twitter:label1\" content=\"Price\" \/>\n\t<meta name=\"twitter:data1\" content=\"103,27&nbsp;&euro;\" \/>\n\t<meta name=\"twitter:label2\" content=\"Availability\" \/>\n\t<meta name=\"twitter:data2\" content=\"In stock\" \/>\n<script type=\"application\/ld+json\" class=\"yoast-schema-graph\">{\"@context\":\"https:\\\/\\\/schema.org\",\"@graph\":[{\"@type\":\"WebPage\",\"@id\":\"https:\\\/\\\/eheating.lt\\\/produktas\\\/hikvision-bullet-ds-2cv1021g0-idw1d-f2-8\\\/\",\"url\":\"https:\\\/\\\/eheating.lt\\\/produktas\\\/hikvision-bullet-ds-2cv1021g0-idw1d-f2-8\\\/\",\"name\":\"Hikvision bullet DS-2CV1021G0-IDW1(D) F2.8\",\"isPartOf\":{\"@id\":\"https:\\\/\\\/eheating.lt\\\/#website\"},\"primaryImageOfPage\":{\"@id\":\"https:\\\/\\\/eheating.lt\\\/produktas\\\/hikvision-bullet-ds-2cv1021g0-idw1d-f2-8\\\/#primaryimage\"},\"image\":{\"@id\":\"https:\\\/\\\/eheating.lt\\\/produktas\\\/hikvision-bullet-ds-2cv1021g0-idw1d-f2-8\\\/#primaryimage\"},\"thumbnailUrl\":\"https:\\\/\\\/eheating.lt\\\/wp-content\\\/uploads\\\/2023\\\/10\\\/Hikvision-bullet-DS-2CV1021G0-IDW1D-F2.8.png\",\"datePublished\":\"2023-11-13T19:19:18+00:00\",\"dateModified\":\"2024-10-18T14:10:58+00:00\",\"description\":\"Hikvision bullet DS-2CV1021G0-IDW1(D) F2.8 IP kamera ; Wi-Fi ry\u0161ys ; Iki 30m IR pa\u0161vietimas ; Rai\u0161ka - 2MP ; Spalva - balta\",\"breadcrumb\":{\"@id\":\"https:\\\/\\\/eheating.lt\\\/produktas\\\/hikvision-bullet-ds-2cv1021g0-idw1d-f2-8\\\/#breadcrumb\"},\"inLanguage\":\"en-US\",\"potentialAction\":[{\"@type\":\"ReadAction\",\"target\":[\"https:\\\/\\\/eheating.lt\\\/produktas\\\/hikvision-bullet-ds-2cv1021g0-idw1d-f2-8\\\/\"]}]},{\"@type\":\"ImageObject\",\"inLanguage\":\"en-US\",\"@id\":\"https:\\\/\\\/eheating.lt\\\/produktas\\\/hikvision-bullet-ds-2cv1021g0-idw1d-f2-8\\\/#primaryimage\",\"url\":\"https:\\\/\\\/eheating.lt\\\/wp-content\\\/uploads\\\/2023\\\/10\\\/Hikvision-bullet-DS-2CV1021G0-IDW1D-F2.8.png\",\"contentUrl\":\"https:\\\/\\\/eheating.lt\\\/wp-content\\\/uploads\\\/2023\\\/10\\\/Hikvision-bullet-DS-2CV1021G0-IDW1D-F2.8.png\",\"width\":800,\"height\":800,\"caption\":\"Hikvision bullet DS-2CV1021G0-IDW1(D) F2.8\"},{\"@type\":\"BreadcrumbList\",\"@id\":\"https:\\\/\\\/eheating.lt\\\/produktas\\\/hikvision-bullet-ds-2cv1021g0-idw1d-f2-8\\\/#breadcrumb\",\"itemListElement\":[{\"@type\":\"ListItem\",\"position\":1,\"name\":\"Prad\u017eia\",\"item\":\"https:\\\/\\\/eheating.lt\\\/en\\\/\"},{\"@type\":\"ListItem\",\"position\":2,\"name\":\"Shop\",\"item\":\"https:\\\/\\\/eheating.lt\\\/en\\\/?page_id=5734\"},{\"@type\":\"ListItem\",\"position\":3,\"name\":\"Hikvision bullet DS-2CV1021G0-IDW1(D) F2.8\"}]},{\"@type\":\"WebSite\",\"@id\":\"https:\\\/\\\/eheating.lt\\\/#website\",\"url\":\"https:\\\/\\\/eheating.lt\\\/\",\"name\":\"eHeating\",\"description\":\"Elektronika ir \u0161ildymas\",\"potentialAction\":[{\"@type\":\"SearchAction\",\"target\":{\"@type\":\"EntryPoint\",\"urlTemplate\":\"https:\\\/\\\/eheating.lt\\\/?s={search_term_string}\"},\"query-input\":{\"@type\":\"PropertyValueSpecification\",\"valueRequired\":true,\"valueName\":\"search_term_string\"}}],\"inLanguage\":\"en-US\"}]}<\/script>\n<meta property=\"product:price:amount\" content=\"103.27\" \/>\n<meta property=\"product:price:currency\" content=\"EUR\" \/>\n<meta property=\"og:availability\" content=\"instock\" \/>\n<meta property=\"product:availability\" content=\"instock\" \/>\n<meta property=\"product:retailer_item_id\" content=\"2607db1ae456\" \/>\n<meta property=\"product:condition\" content=\"new\" \/>\n<!-- \/ Yoast SEO Premium plugin. -->","yoast_head_json":{"title":"Hikvision bullet DS-2CV1021G0-IDW1(D) F2.8","description":"Hikvision bullet DS-2CV1021G0-IDW1(D) F2.8 IP kamera ; Wi-Fi ry\u0161ys ; Iki 30m IR pa\u0161vietimas ; Rai\u0161ka - 2MP ; Spalva - balta","robots":{"index":"index","follow":"follow","max-snippet":"max-snippet:-1","max-image-preview":"max-image-preview:large","max-video-preview":"max-video-preview:-1"},"canonical":"https:\/\/eheating.lt\/produktas\/hikvision-bullet-ds-2cv1021g0-idw1d-f2-8\/","og_locale":"en_US","og_type":"article","og_title":"Hikvision bullet DS-2CV1021G0-IDW1(D) F2.8","og_description":"Hikvision bullet DS-2CV1021G0-IDW1(D) F2.8 IP kamera ; Wi-Fi ry\u0161ys ; Iki 30m IR pa\u0161vietimas ; Rai\u0161ka - 2MP ; Spalva - balta","og_url":"https:\/\/eheating.lt\/produktas\/hikvision-bullet-ds-2cv1021g0-idw1d-f2-8\/","og_site_name":"Elektronika Namams","article_publisher":"https:\/\/www.facebook.com\/ElektronikaNamams","article_modified_time":"2024-10-18T14:10:58+00:00","og_image":[{"width":800,"height":800,"url":"https:\/\/eheating.lt\/wp-content\/uploads\/2023\/10\/Hikvision-bullet-DS-2CV1021G0-IDW1D-F2.8.png","type":"image\/png"}],"twitter_card":"summary_large_image","twitter_misc":{"Price":"103,27&nbsp;&euro;","Availability":"In stock"},"schema":{"@context":"https:\/\/schema.org","@graph":[{"@type":"WebPage","@id":"https:\/\/eheating.lt\/produktas\/hikvision-bullet-ds-2cv1021g0-idw1d-f2-8\/","url":"https:\/\/eheating.lt\/produktas\/hikvision-bullet-ds-2cv1021g0-idw1d-f2-8\/","name":"Hikvision bullet DS-2CV1021G0-IDW1(D) F2.8","isPartOf":{"@id":"https:\/\/eheating.lt\/#website"},"primaryImageOfPage":{"@id":"https:\/\/eheating.lt\/produktas\/hikvision-bullet-ds-2cv1021g0-idw1d-f2-8\/#primaryimage"},"image":{"@id":"https:\/\/eheating.lt\/produktas\/hikvision-bullet-ds-2cv1021g0-idw1d-f2-8\/#primaryimage"},"thumbnailUrl":"https:\/\/eheating.lt\/wp-content\/uploads\/2023\/10\/Hikvision-bullet-DS-2CV1021G0-IDW1D-F2.8.png","datePublished":"2023-11-13T19:19:18+00:00","dateModified":"2024-10-18T14:10:58+00:00","description":"Hikvision bullet DS-2CV1021G0-IDW1(D) F2.8 IP kamera ; Wi-Fi ry\u0161ys ; Iki 30m IR pa\u0161vietimas ; Rai\u0161ka - 2MP ; Spalva - balta","breadcrumb":{"@id":"https:\/\/eheating.lt\/produktas\/hikvision-bullet-ds-2cv1021g0-idw1d-f2-8\/#breadcrumb"},"inLanguage":"en-US","potentialAction":[{"@type":"ReadAction","target":["https:\/\/eheating.lt\/produktas\/hikvision-bullet-ds-2cv1021g0-idw1d-f2-8\/"]}]},{"@type":"ImageObject","inLanguage":"en-US","@id":"https:\/\/eheating.lt\/produktas\/hikvision-bullet-ds-2cv1021g0-idw1d-f2-8\/#primaryimage","url":"https:\/\/eheating.lt\/wp-content\/uploads\/2023\/10\/Hikvision-bullet-DS-2CV1021G0-IDW1D-F2.8.png","contentUrl":"https:\/\/eheating.lt\/wp-content\/uploads\/2023\/10\/Hikvision-bullet-DS-2CV1021G0-IDW1D-F2.8.png","width":800,"height":800,"caption":"Hikvision bullet DS-2CV1021G0-IDW1(D) F2.8"},{"@type":"BreadcrumbList","@id":"https:\/\/eheating.lt\/produktas\/hikvision-bullet-ds-2cv1021g0-idw1d-f2-8\/#breadcrumb","itemListElement":[{"@type":"ListItem","position":1,"name":"Prad\u017eia","item":"https:\/\/eheating.lt\/en\/"},{"@type":"ListItem","position":2,"name":"Shop","item":"https:\/\/eheating.lt\/en\/?page_id=5734"},{"@type":"ListItem","position":3,"name":"Hikvision bullet DS-2CV1021G0-IDW1(D) F2.8"}]},{"@type":"WebSite","@id":"https:\/\/eheating.lt\/#website","url":"https:\/\/eheating.lt\/","name":"eHeating","description":"Elektronika ir \u0161ildymas","potentialAction":[{"@type":"SearchAction","target":{"@type":"EntryPoint","urlTemplate":"https:\/\/eheating.lt\/?s={search_term_string}"},"query-input":{"@type":"PropertyValueSpecification","valueRequired":true,"valueName":"search_term_string"}}],"inLanguage":"en-US"}]},"product_price_amount":"103.27","product_price_currency":"EUR","og_availability":"instock","product_availability":"instock","product_retailer_item_id":"2607db1ae456","product_condition":"new"},"_links":{"self":[{"href":"https:\/\/eheating.lt\/en\/wp-json\/wp\/v2\/product\/23076","targetHints":{"allow":["GET"]}}],"collection":[{"href":"https:\/\/eheating.lt\/en\/wp-json\/wp\/v2\/product"}],"about":[{"href":"https:\/\/eheating.lt\/en\/wp-json\/wp\/v2\/types\/product"}],"replies":[{"embeddable":true,"href":"https:\/\/eheating.lt\/en\/wp-json\/wp\/v2\/comments?post=23076"}],"version-history":[{"count":0,"href":"https:\/\/eheating.lt\/en\/wp-json\/wp\/v2\/product\/23076\/revisions"}],"wp:featuredmedia":[{"embeddable":true,"href":"https:\/\/eheating.lt\/en\/wp-json\/wp\/v2\/media\/27708"}],"wp:attachment":[{"href":"https:\/\/eheating.lt\/en\/wp-json\/wp\/v2\/media?parent=23076"}],"wp:term":[{"taxonomy":"product_brand","embeddable":true,"href":"https:\/\/eheating.lt\/en\/wp-json\/wp\/v2\/product_brand?post=23076"},{"taxonomy":"product_cat","embeddable":true,"href":"https:\/\/eheating.lt\/en\/wp-json\/wp\/v2\/product_cat?post=23076"},{"taxonomy":"product_tag","embeddable":true,"href":"https:\/\/eheating.lt\/en\/wp-json\/wp\/v2\/product_tag?post=23076"}],"curies":[{"name":"wp","href":"https:\/\/api.w.org\/{rel}","templated":true}]}}