{"id":23074,"date":"2023-11-13T21:19:16","date_gmt":"2023-11-13T19:19:16","guid":{"rendered":"https:\/\/eheating.lt\/?post_type=product&#038;p=23074"},"modified":"2024-10-18T17:10:56","modified_gmt":"2024-10-18T14:10:56","slug":"hikvision-bullet-ds-2cd1053g0-i-f2-8","status":"publish","type":"product","link":"https:\/\/eheating.lt\/en\/produktas\/hikvision-bullet-ds-2cd1053g0-i-f2-8\/","title":{"rendered":"Hikvision bullet DS-2CD1053G0-I F2.8"},"content":{"rendered":"<table style=\"width: 850px;\" border=\"0\">\n<colgroup>\n<col \/>\n<col \/> <\/colgroup>\n<tbody>\n<tr>\n<td class=\"xl71\">Kamera<\/td>\n<td class=\"xl71\"><\/td>\n<\/tr>\n<tr>\n<td class=\"xl68\">Sensorius<\/td>\n<td class=\"xl68\">1\/2.7&#8243; Progressive Scan CMOS<\/td>\n<\/tr>\n<tr>\n<td class=\"xl68\">Min. ap\u0161vietimas<\/td>\n<td class=\"xl68\">Color: 0.01 Lux @(F1.2; AGC ON), 0.028 Lux @(F2.0; AGC ON)<\/td>\n<\/tr>\n<tr>\n<td class=\"xl68\">U\u017erakto greitis<\/td>\n<td class=\"xl68\">1\/3 s to 1\/100,000 s<\/td>\n<\/tr>\n<tr>\n<td class=\"xl68\">L\u0117tas u\u017eraktas<\/td>\n<td class=\"xl68\">Yes<\/td>\n<\/tr>\n<tr>\n<td class=\"xl68\">Auto-Iris<\/td>\n<td class=\"xl68\">No<\/td>\n<\/tr>\n<tr>\n<td class=\"xl68\">Diena &amp; naktis<\/td>\n<td class=\"xl68\">IR Cut Filter<\/td>\n<\/tr>\n<tr>\n<td class=\"xl68\">Skaitmeninis triuk\u0161mo filtravimas<\/td>\n<td class=\"xl68\">3D DNR<\/td>\n<\/tr>\n<tr>\n<td class=\"xl68\">Platus dinaminis nuotolis<\/td>\n<td class=\"xl68\">120 dB<\/td>\n<\/tr>\n<tr>\n<td class=\"xl68\">3-a\u0161i\u0173 reguliavimas<\/td>\n<td class=\"xl68\">Pan: 0\u00b0 to 360\u00b0, tilt: 0\u00b0 to 180\u00b0, rotate: 0\u00b0 to 360\u00b0<\/td>\n<\/tr>\n<tr>\n<td class=\"xl71\">L\u0119\u0161iai<\/td>\n<td class=\"xl71\"><\/td>\n<\/tr>\n<tr>\n<td class=\"xl68\">\u017didinio nuotolis<\/td>\n<td class=\"xl68\">2.8\/4\/6 mm<\/td>\n<\/tr>\n<tr>\n<td class=\"xl68\">Diafragma<\/td>\n<td class=\"xl68\">F2.0<\/td>\n<\/tr>\n<tr>\n<td class=\"xl68\">Fokusavimas<\/td>\n<td class=\"xl68\">Fixed<\/td>\n<\/tr>\n<tr>\n<td class=\"xl69\">FOV<\/td>\n<td class=\"xl67\"><span class=\"font5\">2.8 mm, horizontal FOV: 100\u00b0, vertical FOV: 74\u00b0, diagonal FOV: 130\u00b0<br \/>\n4 mm, horizontal field of view: 75\u00b0, vertical FOV: 55\u00b0, diagonal FOV: 98\u00b0<br \/>\n6 mm, horizontal field of view: 49\u00b0, vertical FOV: 37\u00b0, diagonal FOV: 60\u00b0<\/span><\/td>\n<\/tr>\n<tr>\n<td class=\"xl68\">L\u0119\u0161iai<\/td>\n<td class=\"xl68\">M12<\/td>\n<\/tr>\n<tr>\n<td class=\"xl71\">IR<\/td>\n<td class=\"xl72\"><\/td>\n<\/tr>\n<tr>\n<td class=\"xl70\">IR nuotolis<\/td>\n<td class=\"xl70\">Up to 30 m<\/td>\n<\/tr>\n<tr>\n<td class=\"xl68\">Bang\u0173 ilgis<\/td>\n<td class=\"xl68\">850nm<\/td>\n<\/tr>\n<tr>\n<td class=\"xl71\">Suspaudimo standartas<\/td>\n<td class=\"xl72\"><\/td>\n<\/tr>\n<tr>\n<td class=\"xl68\">Vaizdo suspaudimas<\/td>\n<td class=\"xl67\"><span class=\"font5\">Main stream: H.265\/H.264<br \/>\nSub-stream: H.265\/H.264\/MJPEG<\/span><\/td>\n<\/tr>\n<tr>\n<td class=\"xl68\">H.264 tipas<\/td>\n<td class=\"xl68\">Baseline Profile\/Main Profile\/High Profile<\/td>\n<\/tr>\n<tr>\n<td class=\"xl68\">H.264+<\/td>\n<td class=\"xl68\">Main stream supports<\/td>\n<\/tr>\n<tr>\n<td class=\"xl68\">H.265 tipas<\/td>\n<td class=\"xl68\">Main Profile<\/td>\n<\/tr>\n<tr>\n<td class=\"xl68\">H.265+<\/td>\n<td class=\"xl68\">Main stream supports<\/td>\n<\/tr>\n<tr>\n<td class=\"xl68\">Vaizdo bit\u0173 da\u017enis<\/td>\n<td class=\"xl68\">32 Kbps to 8Mbps<\/td>\n<\/tr>\n<tr>\n<td class=\"xl71\">I\u0161mani\u0173 funkcij\u0173 rinkinys<\/td>\n<td class=\"xl72\"><\/td>\n<\/tr>\n<tr>\n<td class=\"xl70\">ROI<\/td>\n<td class=\"xl70\">Support 1 fixed region for main stream and sub-stream<\/td>\n<\/tr>\n<tr>\n<td class=\"xl71\">Nuotraukos<\/td>\n<td class=\"xl71\"><\/td>\n<\/tr>\n<tr>\n<td class=\"xl68\">Maks. rai\u0161ka<\/td>\n<td class=\"xl68\">2560 \u00d7 1920<\/td>\n<\/tr>\n<tr>\n<td class=\"xl69\">Pagrindinis srautas<\/td>\n<td class=\"xl67\"><span class=\"font5\">50Hz:12.5fps (2560 \u00d7 1920), 20fps (2560 \u00d7 1440), 25fps (2304 \u00d7 1296, 1920 \u00d7 1080, 1280 \u00d7 720)<br \/>\n60Hz: 15fps (2560 \u00d7 1920), 20fps (2560 \u00d7 1440), 30fps (2304 \u00d7 1296, 1920 \u00d7 1080, 1280 \u00d7 720)<\/span><\/td>\n<\/tr>\n<tr>\n<td class=\"xl69\">Pagalbinis srautas<\/td>\n<td class=\"xl67\"><span class=\"font5\">50Hz: 25fps (640 \u00d7 480, 640 \u00d7 360, 320 \u00d7 240)<br \/>\n60Hz: 30fps (640 \u00d7 480, 640 \u00d7 360, 320 \u00d7 240)<\/span><\/td>\n<\/tr>\n<tr>\n<td class=\"xl68\">Vaizdo gerinimas<\/td>\n<td class=\"xl68\">BLC\/3D DNR<\/td>\n<\/tr>\n<tr>\n<td class=\"xl68\">Nuotrauk\u0173 nustatymai<\/td>\n<td class=\"xl68\">Saturation, brightness, contrast and sharpness are adjustable via client software and web browser<\/td>\n<\/tr>\n<tr>\n<td class=\"xl68\">Dienos\/nakties keitimas<\/td>\n<td class=\"xl68\">Auto\/Scheduled\/Day\/Night<\/td>\n<\/tr>\n<tr>\n<td class=\"xl71\">Tinklas<\/td>\n<td class=\"xl71\"><\/td>\n<\/tr>\n<tr>\n<td class=\"xl68\">\u012esp\u0117jamojo signalo trikdiklis<\/td>\n<td class=\"xl68\">Motion detection, video tampering, network disconnected, IP address conflict, illegal login, HDD error, HDD full<\/td>\n<\/tr>\n<tr>\n<td class=\"xl68\">Tinklo saugykla<\/td>\n<td class=\"xl68\">NAS (NFS,SMB\/CIFS)<\/td>\n<\/tr>\n<tr>\n<td class=\"xl68\">Protokolai<\/td>\n<td class=\"xl68\">TCP\/IP, ICMP, HTTP, HTTPS, FTP, DHCP, DNS, DDNS, RTP, RTSP, RTCP, PPPoE, NTP, UPnP, SMTP, SNMP, IGMP, QoS, IPv6, UDP, Bonjour, 802.1x<\/td>\n<\/tr>\n<tr>\n<td class=\"xl68\">Pagrindin\u0117s funkcijos<\/td>\n<td class=\"xl68\">Heartbeat, mirror, password protection, privacy mask, watermark, IP address filter<\/td>\n<\/tr>\n<tr>\n<td class=\"xl68\">Programin\u0117s \u012frangos versijos<\/td>\n<td class=\"xl68\">V5.5.52<\/td>\n<\/tr>\n<tr>\n<td class=\"xl68\">API<\/td>\n<td class=\"xl68\">ONVIF(PROFILE S,PROFILE G), ISAPI<\/td>\n<\/tr>\n<tr>\n<td class=\"xl68\">Tiesioginis vaizdo \u017ei\u016br\u0117jimas<\/td>\n<td class=\"xl68\">Up to 6 channels<\/td>\n<\/tr>\n<tr>\n<td class=\"xl69\">Naudotojas\/Host<\/td>\n<td class=\"xl67\"><span class=\"font5\">Up to 32 users<br \/>\n3 levels: Administrator, Operator and User<\/span><\/td>\n<\/tr>\n<tr>\n<td class=\"xl68\">Klientas<\/td>\n<td class=\"xl68\">iVMS-4200, Hik-Connect, iVMS-5200, iVMS-4500<\/td>\n<\/tr>\n<tr>\n<td class=\"xl68\">Interneto nar\u0161ykl\u0117<\/td>\n<td class=\"xl68\">IE8+, Chrome 31.0-44, Firefox 30.0-51, Safari 8.0+<\/td>\n<\/tr>\n<tr>\n<td class=\"xl71\">S\u0105saja<\/td>\n<td class=\"xl72\"><\/td>\n<\/tr>\n<tr>\n<td class=\"xl68\">Sujungimo s\u0105saja<\/td>\n<td class=\"xl68\">1 RJ45 10M\/100M self-adaptive Ethernet port<\/td>\n<\/tr>\n<tr>\n<td class=\"xl71\">Pagrindinis<\/td>\n<td class=\"xl71\"><\/td>\n<\/tr>\n<tr>\n<td class=\"xl68\">Veikimo s\u0105lygos<\/td>\n<td class=\"xl68\">-30 \u00b0C to +60 \u00b0C (-22 \u00b0F to +140 \u00b0F), Humidity 95% or less (non-condensing)<\/td>\n<\/tr>\n<tr>\n<td class=\"xl69\">Energijos \u0161altinis<\/td>\n<td class=\"xl67\"><span class=\"font5\">12 VDC \u00b1 25%<br \/>\nPoE: 802.3af, class 3<\/span><\/td>\n<\/tr>\n<tr>\n<td class=\"xl68\">Energijos suvartojimas ir srov\u0117<\/td>\n<td class=\"xl67\"><span class=\"font5\">12 VDC, 0.5 A, max. 5 W<br \/>\nPoE (802.3af, 36 to 57 V), 0.2 A to 0.1 A, max. 6.5 W<\/span><\/td>\n<\/tr>\n<tr>\n<td class=\"xl68\">Apsaugos lygis<\/td>\n<td class=\"xl68\">IP67<\/td>\n<\/tr>\n<tr>\n<td class=\"xl68\">Med\u017eiaga<\/td>\n<td class=\"xl68\">Front cover: metal, bracket: plastic, camera body: plastic<\/td>\n<\/tr>\n<tr>\n<td class=\"xl69\">Matmenys<\/td>\n<td class=\"xl67\"><span class=\"font5\">Camera: \u00d8 70 mm \u00d7 172.7mm (2.7&#8243; \u00d7 6.8&#8243;)<br \/>\nWith package: 216 mm \u00d7 121 mm \u00d7 118 mm (8.5&#8243; \u00d7 4.8&#8243; \u00d7 4.6&#8243;)<\/span><\/td>\n<\/tr>\n<tr>\n<td class=\"xl68\">Svoris<\/td>\n<td class=\"xl67\"><span class=\"font5\">Camera: 300g (0.7 lb)<br \/>\nWith package: 550g (1.2 lb)<\/span><\/td>\n<\/tr>\n<\/tbody>\n<\/table>\n","protected":false},"excerpt":{"rendered":"<ul>\n<li>5MP bullet IP kamera<\/li>\n<li>PoE<\/li>\n<li>H.265+, H.265, H.264+, H.264<\/li>\n<li>2.8mm objektyvas<\/li>\n<li>Iki 30m IR ap\u0161vietimas<\/li>\n<li>IP67<\/li>\n<\/ul>\n","protected":false},"featured_media":27706,"comment_status":"closed","ping_status":"closed","template":"","meta":[],"product_brand":[],"product_cat":[426,534,533],"product_tag":[],"class_list":{"0":"post-23074","1":"product","2":"type-product","3":"status-publish","4":"has-post-thumbnail","6":"product_cat-ip-cilindrines-kameros","7":"product_cat-ip-kameros","8":"product_cat-ip-vaizdo-stebejimo-sistemos","10":"first","11":"instock","12":"purchasable","13":"product-type-simple"},"yoast_head":"<!-- This site is optimized with the Yoast SEO Premium plugin v21.5 (Yoast SEO v27.4) - https:\/\/yoast.com\/product\/yoast-seo-premium-wordpress\/ -->\n<title>Hikvision bullet DS-2CD1053G0-I F2.8<\/title>\n<meta name=\"description\" content=\"Hikvision bullet DS-2CD1053G0-I F2.8 IP kamera ; PoE ; 2.8mm objektyvas ; Iki 30m IR ap\u0161vietimas ; Rai\u0161ka - 5MP ; Spalva - balta\" \/>\n<meta name=\"robots\" content=\"index, follow, max-snippet:-1, max-image-preview:large, max-video-preview:-1\" \/>\n<link rel=\"canonical\" href=\"https:\/\/eheating.lt\/produktas\/hikvision-bullet-ds-2cd1053g0-i-f2-8\/\" \/>\n<meta property=\"og:locale\" content=\"en_US\" \/>\n<meta property=\"og:type\" content=\"article\" \/>\n<meta property=\"og:title\" content=\"Hikvision bullet DS-2CD1053G0-I F2.8\" \/>\n<meta property=\"og:description\" content=\"Hikvision bullet DS-2CD1053G0-I F2.8 IP kamera ; PoE ; 2.8mm objektyvas ; Iki 30m IR ap\u0161vietimas ; Rai\u0161ka - 5MP ; Spalva - balta\" \/>\n<meta property=\"og:url\" content=\"https:\/\/eheating.lt\/produktas\/hikvision-bullet-ds-2cd1053g0-i-f2-8\/\" \/>\n<meta property=\"og:site_name\" content=\"Elektronika Namams\" \/>\n<meta property=\"article:publisher\" content=\"https:\/\/www.facebook.com\/ElektronikaNamams\" \/>\n<meta property=\"article:modified_time\" content=\"2024-10-18T14:10:56+00:00\" \/>\n<meta property=\"og:image\" content=\"https:\/\/eheating.lt\/wp-content\/uploads\/2023\/10\/Hikvision-bullet-DS-2CD1053G0-I-F2.8.png\" \/>\n\t<meta property=\"og:image:width\" content=\"800\" \/>\n\t<meta property=\"og:image:height\" content=\"800\" \/>\n\t<meta property=\"og:image:type\" content=\"image\/png\" \/>\n<meta name=\"twitter:card\" content=\"summary_large_image\" \/>\n<meta name=\"twitter:label1\" content=\"Price\" \/>\n\t<meta name=\"twitter:data1\" content=\"168,04&nbsp;&euro;\" \/>\n\t<meta name=\"twitter:label2\" content=\"Availability\" \/>\n\t<meta name=\"twitter:data2\" content=\"In stock\" \/>\n<script type=\"application\/ld+json\" class=\"yoast-schema-graph\">{\"@context\":\"https:\\\/\\\/schema.org\",\"@graph\":[{\"@type\":\"WebPage\",\"@id\":\"https:\\\/\\\/eheating.lt\\\/produktas\\\/hikvision-bullet-ds-2cd1053g0-i-f2-8\\\/\",\"url\":\"https:\\\/\\\/eheating.lt\\\/produktas\\\/hikvision-bullet-ds-2cd1053g0-i-f2-8\\\/\",\"name\":\"Hikvision bullet DS-2CD1053G0-I F2.8\",\"isPartOf\":{\"@id\":\"https:\\\/\\\/eheating.lt\\\/#website\"},\"primaryImageOfPage\":{\"@id\":\"https:\\\/\\\/eheating.lt\\\/produktas\\\/hikvision-bullet-ds-2cd1053g0-i-f2-8\\\/#primaryimage\"},\"image\":{\"@id\":\"https:\\\/\\\/eheating.lt\\\/produktas\\\/hikvision-bullet-ds-2cd1053g0-i-f2-8\\\/#primaryimage\"},\"thumbnailUrl\":\"https:\\\/\\\/eheating.lt\\\/wp-content\\\/uploads\\\/2023\\\/10\\\/Hikvision-bullet-DS-2CD1053G0-I-F2.8.png\",\"datePublished\":\"2023-11-13T19:19:16+00:00\",\"dateModified\":\"2024-10-18T14:10:56+00:00\",\"description\":\"Hikvision bullet DS-2CD1053G0-I F2.8 IP kamera ; PoE ; 2.8mm objektyvas ; Iki 30m IR ap\u0161vietimas ; Rai\u0161ka - 5MP ; Spalva - balta\",\"breadcrumb\":{\"@id\":\"https:\\\/\\\/eheating.lt\\\/produktas\\\/hikvision-bullet-ds-2cd1053g0-i-f2-8\\\/#breadcrumb\"},\"inLanguage\":\"en-US\",\"potentialAction\":[{\"@type\":\"ReadAction\",\"target\":[\"https:\\\/\\\/eheating.lt\\\/produktas\\\/hikvision-bullet-ds-2cd1053g0-i-f2-8\\\/\"]}]},{\"@type\":\"ImageObject\",\"inLanguage\":\"en-US\",\"@id\":\"https:\\\/\\\/eheating.lt\\\/produktas\\\/hikvision-bullet-ds-2cd1053g0-i-f2-8\\\/#primaryimage\",\"url\":\"https:\\\/\\\/eheating.lt\\\/wp-content\\\/uploads\\\/2023\\\/10\\\/Hikvision-bullet-DS-2CD1053G0-I-F2.8.png\",\"contentUrl\":\"https:\\\/\\\/eheating.lt\\\/wp-content\\\/uploads\\\/2023\\\/10\\\/Hikvision-bullet-DS-2CD1053G0-I-F2.8.png\",\"width\":800,\"height\":800,\"caption\":\"Hikvision bullet DS-2CD1053G0-I F2.8\"},{\"@type\":\"BreadcrumbList\",\"@id\":\"https:\\\/\\\/eheating.lt\\\/produktas\\\/hikvision-bullet-ds-2cd1053g0-i-f2-8\\\/#breadcrumb\",\"itemListElement\":[{\"@type\":\"ListItem\",\"position\":1,\"name\":\"Prad\u017eia\",\"item\":\"https:\\\/\\\/eheating.lt\\\/en\\\/\"},{\"@type\":\"ListItem\",\"position\":2,\"name\":\"Shop\",\"item\":\"https:\\\/\\\/eheating.lt\\\/en\\\/?page_id=5734\"},{\"@type\":\"ListItem\",\"position\":3,\"name\":\"Hikvision bullet DS-2CD1053G0-I F2.8\"}]},{\"@type\":\"WebSite\",\"@id\":\"https:\\\/\\\/eheating.lt\\\/#website\",\"url\":\"https:\\\/\\\/eheating.lt\\\/\",\"name\":\"eHeating\",\"description\":\"Elektronika ir \u0161ildymas\",\"potentialAction\":[{\"@type\":\"SearchAction\",\"target\":{\"@type\":\"EntryPoint\",\"urlTemplate\":\"https:\\\/\\\/eheating.lt\\\/?s={search_term_string}\"},\"query-input\":{\"@type\":\"PropertyValueSpecification\",\"valueRequired\":true,\"valueName\":\"search_term_string\"}}],\"inLanguage\":\"en-US\"}]}<\/script>\n<meta property=\"product:price:amount\" content=\"168.04\" \/>\n<meta property=\"product:price:currency\" content=\"EUR\" \/>\n<meta property=\"og:availability\" content=\"instock\" \/>\n<meta property=\"product:availability\" content=\"instock\" \/>\n<meta property=\"product:retailer_item_id\" content=\"78f2e7a5d98b\" \/>\n<meta property=\"product:condition\" content=\"new\" \/>\n<!-- \/ Yoast SEO Premium plugin. -->","yoast_head_json":{"title":"Hikvision bullet DS-2CD1053G0-I F2.8","description":"Hikvision bullet DS-2CD1053G0-I F2.8 IP kamera ; PoE ; 2.8mm objektyvas ; Iki 30m IR ap\u0161vietimas ; Rai\u0161ka - 5MP ; Spalva - balta","robots":{"index":"index","follow":"follow","max-snippet":"max-snippet:-1","max-image-preview":"max-image-preview:large","max-video-preview":"max-video-preview:-1"},"canonical":"https:\/\/eheating.lt\/produktas\/hikvision-bullet-ds-2cd1053g0-i-f2-8\/","og_locale":"en_US","og_type":"article","og_title":"Hikvision bullet DS-2CD1053G0-I F2.8","og_description":"Hikvision bullet DS-2CD1053G0-I F2.8 IP kamera ; PoE ; 2.8mm objektyvas ; Iki 30m IR ap\u0161vietimas ; Rai\u0161ka - 5MP ; Spalva - balta","og_url":"https:\/\/eheating.lt\/produktas\/hikvision-bullet-ds-2cd1053g0-i-f2-8\/","og_site_name":"Elektronika Namams","article_publisher":"https:\/\/www.facebook.com\/ElektronikaNamams","article_modified_time":"2024-10-18T14:10:56+00:00","og_image":[{"width":800,"height":800,"url":"https:\/\/eheating.lt\/wp-content\/uploads\/2023\/10\/Hikvision-bullet-DS-2CD1053G0-I-F2.8.png","type":"image\/png"}],"twitter_card":"summary_large_image","twitter_misc":{"Price":"168,04&nbsp;&euro;","Availability":"In stock"},"schema":{"@context":"https:\/\/schema.org","@graph":[{"@type":"WebPage","@id":"https:\/\/eheating.lt\/produktas\/hikvision-bullet-ds-2cd1053g0-i-f2-8\/","url":"https:\/\/eheating.lt\/produktas\/hikvision-bullet-ds-2cd1053g0-i-f2-8\/","name":"Hikvision bullet DS-2CD1053G0-I F2.8","isPartOf":{"@id":"https:\/\/eheating.lt\/#website"},"primaryImageOfPage":{"@id":"https:\/\/eheating.lt\/produktas\/hikvision-bullet-ds-2cd1053g0-i-f2-8\/#primaryimage"},"image":{"@id":"https:\/\/eheating.lt\/produktas\/hikvision-bullet-ds-2cd1053g0-i-f2-8\/#primaryimage"},"thumbnailUrl":"https:\/\/eheating.lt\/wp-content\/uploads\/2023\/10\/Hikvision-bullet-DS-2CD1053G0-I-F2.8.png","datePublished":"2023-11-13T19:19:16+00:00","dateModified":"2024-10-18T14:10:56+00:00","description":"Hikvision bullet DS-2CD1053G0-I F2.8 IP kamera ; PoE ; 2.8mm objektyvas ; Iki 30m IR ap\u0161vietimas ; Rai\u0161ka - 5MP ; Spalva - balta","breadcrumb":{"@id":"https:\/\/eheating.lt\/produktas\/hikvision-bullet-ds-2cd1053g0-i-f2-8\/#breadcrumb"},"inLanguage":"en-US","potentialAction":[{"@type":"ReadAction","target":["https:\/\/eheating.lt\/produktas\/hikvision-bullet-ds-2cd1053g0-i-f2-8\/"]}]},{"@type":"ImageObject","inLanguage":"en-US","@id":"https:\/\/eheating.lt\/produktas\/hikvision-bullet-ds-2cd1053g0-i-f2-8\/#primaryimage","url":"https:\/\/eheating.lt\/wp-content\/uploads\/2023\/10\/Hikvision-bullet-DS-2CD1053G0-I-F2.8.png","contentUrl":"https:\/\/eheating.lt\/wp-content\/uploads\/2023\/10\/Hikvision-bullet-DS-2CD1053G0-I-F2.8.png","width":800,"height":800,"caption":"Hikvision bullet DS-2CD1053G0-I F2.8"},{"@type":"BreadcrumbList","@id":"https:\/\/eheating.lt\/produktas\/hikvision-bullet-ds-2cd1053g0-i-f2-8\/#breadcrumb","itemListElement":[{"@type":"ListItem","position":1,"name":"Prad\u017eia","item":"https:\/\/eheating.lt\/en\/"},{"@type":"ListItem","position":2,"name":"Shop","item":"https:\/\/eheating.lt\/en\/?page_id=5734"},{"@type":"ListItem","position":3,"name":"Hikvision bullet DS-2CD1053G0-I F2.8"}]},{"@type":"WebSite","@id":"https:\/\/eheating.lt\/#website","url":"https:\/\/eheating.lt\/","name":"eHeating","description":"Elektronika ir \u0161ildymas","potentialAction":[{"@type":"SearchAction","target":{"@type":"EntryPoint","urlTemplate":"https:\/\/eheating.lt\/?s={search_term_string}"},"query-input":{"@type":"PropertyValueSpecification","valueRequired":true,"valueName":"search_term_string"}}],"inLanguage":"en-US"}]},"product_price_amount":"168.04","product_price_currency":"EUR","og_availability":"instock","product_availability":"instock","product_retailer_item_id":"78f2e7a5d98b","product_condition":"new"},"_links":{"self":[{"href":"https:\/\/eheating.lt\/en\/wp-json\/wp\/v2\/product\/23074","targetHints":{"allow":["GET"]}}],"collection":[{"href":"https:\/\/eheating.lt\/en\/wp-json\/wp\/v2\/product"}],"about":[{"href":"https:\/\/eheating.lt\/en\/wp-json\/wp\/v2\/types\/product"}],"replies":[{"embeddable":true,"href":"https:\/\/eheating.lt\/en\/wp-json\/wp\/v2\/comments?post=23074"}],"version-history":[{"count":0,"href":"https:\/\/eheating.lt\/en\/wp-json\/wp\/v2\/product\/23074\/revisions"}],"wp:featuredmedia":[{"embeddable":true,"href":"https:\/\/eheating.lt\/en\/wp-json\/wp\/v2\/media\/27706"}],"wp:attachment":[{"href":"https:\/\/eheating.lt\/en\/wp-json\/wp\/v2\/media?parent=23074"}],"wp:term":[{"taxonomy":"product_brand","embeddable":true,"href":"https:\/\/eheating.lt\/en\/wp-json\/wp\/v2\/product_brand?post=23074"},{"taxonomy":"product_cat","embeddable":true,"href":"https:\/\/eheating.lt\/en\/wp-json\/wp\/v2\/product_cat?post=23074"},{"taxonomy":"product_tag","embeddable":true,"href":"https:\/\/eheating.lt\/en\/wp-json\/wp\/v2\/product_tag?post=23074"}],"curies":[{"name":"wp","href":"https:\/\/api.w.org\/{rel}","templated":true}]}}