{"id":23060,"date":"2023-11-13T21:20:48","date_gmt":"2023-11-13T19:20:48","guid":{"rendered":"https:\/\/eheating.lt\/?post_type=product&#038;p=23060"},"modified":"2024-10-18T17:10:40","modified_gmt":"2024-10-18T14:10:40","slug":"hikvision-bullet-ds-2cd2t46g2-4i-f4-be-bazes","status":"publish","type":"product","link":"https:\/\/eheating.lt\/en\/produktas\/hikvision-bullet-ds-2cd2t46g2-4i-f4-be-bazes\/","title":{"rendered":"Hikvision bullet DS-2CD2T46G2-4I F4 (be baz\u0117s)"},"content":{"rendered":"<table border=\"0\">\n<colgroup>\n<col \/>\n<col \/> <\/colgroup>\n<tbody>\n<tr>\n<td>Vaizdo jutiklis<\/td>\n<td>1\/2.7&#8243; Progressive Scan CMOS<\/td>\n<\/tr>\n<tr>\n<td>Minimalus ap\u0161vietimas<\/td>\n<td>Spalvotai: 0.003 Lux @ (F1.4, AGC \u012fjungtas)<\/td>\n<\/tr>\n<tr>\n<td>Diafragmos u\u017erakto greitis<\/td>\n<td>1\/3 s to 1\/100,000 s<\/td>\n<\/tr>\n<tr>\n<td>L\u0117tas u\u017eraktas<\/td>\n<td>Taip<\/td>\n<\/tr>\n<tr>\n<td>Platus dinaminis diapazonas (WDR)<\/td>\n<td>120 dB<\/td>\n<\/tr>\n<tr>\n<td>Diena \/ naktis<\/td>\n<td>ICR<\/td>\n<\/tr>\n<tr>\n<td>Pasukim\u0173 reguliavimas<\/td>\n<td>Pakreipimas: nuo 0\u00b0 iki 360\u00b0, pak\u0117limas: nuo 0\u00b0 iki 90\u00b0, pasukimas: nuo 0\u00b0 iki 360\u00b0<\/td>\n<\/tr>\n<tr>\n<td>Objektyvas ir matymo kampas<\/td>\n<td>4 mm, horizontalus 83\u00b0, vertikalus: 45\u00b0, \u012fstri\u017eas: 98\u00b0<\/td>\n<\/tr>\n<tr>\n<td>Diafragma<\/td>\n<td>F1.4<\/td>\n<\/tr>\n<tr>\n<td>Objektyvo tvirtinimas<\/td>\n<td>M12<\/td>\n<\/tr>\n<tr>\n<td>Diafragmos tipas<\/td>\n<td>Fiksuotas<\/td>\n<\/tr>\n<tr>\n<td>IR pa\u0161vietimas<\/td>\n<td>Iki 80 m<\/td>\n<\/tr>\n<tr>\n<td>Bangos ilgis<\/td>\n<td>850 nm<\/td>\n<\/tr>\n<tr>\n<td>I\u0161manusis papildomas pa\u0161vietimas<\/td>\n<td>Taip<\/td>\n<\/tr>\n<tr>\n<td>Papildomas ap\u0161vietimas<\/td>\n<td>IR<\/td>\n<\/tr>\n<tr>\n<td>Maksimali rai\u0161ka<\/td>\n<td>2592 \u00d7 1944<\/td>\n<\/tr>\n<tr>\n<td>Pagrindinis srautas<\/td>\n<td>50Hz: 20kps (2592 \u00d7 1944)<br \/>\n25kps (2688 \u00d7 1520, 2304 \u00d7 1296, 1920 \u00d7 1080, 1280 \u00d7 720)<br \/>\n60Hz: 20kps (2592 \u00d7 1944)<br \/>\n30kps (2688 \u00d7 1520, 2304 \u00d7 1296, 1920 \u00d7 1080, 1280 \u00d7 720)<\/td>\n<\/tr>\n<tr>\n<td>Antrinis srautas<\/td>\n<td>50Hz: 25kps (640 \u00d7 480, 640 \u00d7 360, 320 \u00d7 240)<br \/>\n60Hz: 30kps (640 \u00d7 480, 640 \u00d7 360, 320 \u00d7 240)<\/td>\n<\/tr>\n<tr>\n<td>Tretinis starutas<\/td>\n<td>50Hz: 25kps (1280 \u00d7 720, 640 \u00d7 480, 640 \u00d7 360, 360 \u00d7 240)<br \/>\n60Hz: 30kps (1280 \u00d7 720, 640 \u00d7 480, 640 \u00d7 360, 360 \u00d7 240)<\/td>\n<\/tr>\n<tr>\n<td>Video suspaudimas<\/td>\n<td>Pagrindinis srautas: H.265\/H.264<br \/>\nAntrinis srautas: H.265\/H.264\/MJPEG<br \/>\nThird stream: H.265\/H.264<\/td>\n<\/tr>\n<tr>\n<td>Video perdavimo sparta<\/td>\n<td>32 Kbps iki 8 Mbps<\/td>\n<\/tr>\n<tr>\n<td>H.264 Type<\/td>\n<td>Pradinis profilis \/ Pagrindinis profilis \/ Svarbiausias profilis<\/td>\n<\/tr>\n<tr>\n<td>H.265 Type<\/td>\n<td>Pagrindinis profilis<\/td>\n<\/tr>\n<tr>\n<td>H.264+<\/td>\n<td>Pagrindinio srauto palaikymas<\/td>\n<\/tr>\n<tr>\n<td>H.265+<\/td>\n<td>Pagrindinio srauto palaikymas<\/td>\n<\/tr>\n<tr>\n<td>Bit\u0173 spartos valdymas<\/td>\n<td>CBR\/VBR<\/td>\n<\/tr>\n<tr>\n<td>Kei\u010diamo dyd\u017eio vaizdo kodavimo (SVC)<\/td>\n<td>Taip<\/td>\n<\/tr>\n<tr>\n<td>Interes\u0173 sritis (ROI)<\/td>\n<td>1 fisuota sritis, kiekvienam srautui<\/td>\n<\/tr>\n<tr>\n<td>Vienalaikis tiesioginis steb\u0117jimas<\/td>\n<td>Iki 6 kanal\u0173<\/td>\n<\/tr>\n<tr>\n<td>API<\/td>\n<td>ONVIF(PROFILE S, PROFILE G, PROFILE T), ISAPI, SDK<\/td>\n<\/tr>\n<tr>\n<td>Protokolai<\/td>\n<td>TCP\/IP, ICMP, HTTP, HTTPS, FTP, SFTP, DHCP, DNS, DDNS, RTP, RTSP, PPPoE, NTP, UPnP, SMTP, SNMP, IGMP, 802.1X, QoS, IPv6, UDP, Bonjour, SSL\/TLS<\/td>\n<\/tr>\n<tr>\n<td>Sklandus transliavimas<\/td>\n<td>Taip<\/td>\n<\/tr>\n<tr>\n<td>Vartotojai<\/td>\n<td>Iki 32 vartotoj\u0173. 3 vartotoj\u0173 lygiai: administratorius, operatorius ir vartotojas<\/td>\n<\/tr>\n<tr>\n<td>Apsauga<\/td>\n<td>Apsauga slapta\u017eod\u017eiu, sud\u0117tingas slapta\u017eodis, HTTPS \u0161ifravimas, IP adres\u0173 filtras, saugos audito \u017eurnalas, pagrindin\u0117 ir suvestin\u0117 autentifikacija HTTP \/ HTTPS, TLS 1.2, WSSE ir suvestin\u0117s autentifikavimas ONVIF<\/td>\n<\/tr>\n<tr>\n<td>Tinklinis talpinimas<\/td>\n<td>microSD \/ SDHC \/ SDXC kortel\u0117 (256 GB) vietin\u0117 saugykla ir NAS (NFS, SMB \/ CIFS), automatinis tinklo papildymas (ANR)<\/td>\n<\/tr>\n<tr>\n<td>Programos<\/td>\n<td>iVMS-4200, Hik-Connect, Hik-Central<\/td>\n<\/tr>\n<tr>\n<td>Interneto nar\u0161ykl\u0117<\/td>\n<td>Gyvai per\u017ei\u016brai reikalingas \u012fskiepis:\u201e IE8 + \u201c,\u201e Chrome 41.0\u201344 \u201c,\u201e Firefox \u201c30.0\u201351,\u201e Safari 8.0\u201311<\/td>\n<\/tr>\n<tr>\n<td>Dienos \/ nakties perjungimas<\/td>\n<td>Diena, naktis, automatinis, pagal tvarkara\u0161t\u012f<\/td>\n<\/tr>\n<tr>\n<td>Vaizdo gerinimas<\/td>\n<td>BLC, HLC, 3D DNR<\/td>\n<\/tr>\n<tr>\n<td>Vaizdo nustatym\u0173 perjungimas<\/td>\n<td>Taip<\/td>\n<\/tr>\n<tr>\n<td>Vaizdo nustatymai<\/td>\n<td>Pasukimo re\u017eimas, sodrumas, ry\u0161kumas, kontrastas, ry\u0161kumas, padid\u0117jimas, baltos spalvos balansas, kur\u012f gali reguliuoti kliento programin\u0117 \u012franga ar interneto nar\u0161ykl\u0117<\/td>\n<\/tr>\n<tr>\n<td>Vidin\u0117 atmintis<\/td>\n<td>Integruotas \u201emicro SD \/ SDHC \/ SDXC\u201c lizdas, iki 256 GB<\/td>\n<\/tr>\n<tr>\n<td>Aparat\u016bros perkrovimas<\/td>\n<td>Taip<\/td>\n<\/tr>\n<tr>\n<td>Ry\u0161io s\u0105saja<\/td>\n<td>1 RJ45 10M\/100M savaime pritaikomas eterneto prievadas<\/td>\n<\/tr>\n<tr>\n<td>Pagrindiniai \u012fvykiai<\/td>\n<td>Judesio aptikimas, vaizdo sugadinimo aliarmas, i\u0161imtis (tinklas atjungtas, IP adreso konfliktas, neteis\u0117tas prisijungimas, visas HDD, HDD klaida), scenos poky\u010di\u0173 aptikimas<\/td>\n<\/tr>\n<tr>\n<td>Veido aptikimas<\/td>\n<td>Taip<\/td>\n<\/tr>\n<tr>\n<td>Premier apsauga<\/td>\n<td>Linijos per\u0117jimo aptikimas, \u012fsibrovimo aptikimas, \u012f\u0117jimo \u012f srit\u012f aptikimas, i\u0161\u0117jimo i\u0161 srities aptikimas<\/td>\n<\/tr>\n<tr>\n<td>Ry\u0161io metodas<\/td>\n<td>\u012ek\u0117limas \u012f NAS \/ atminties kortel\u0119, prane\u0161imas \u012f steb\u0117jimo centr\u0105, \u012fra\u0161o suaktyvinimas, lemput\u0117s \u012fjungimas, garsinis \u012fsp\u0117jimas<\/td>\n<\/tr>\n<tr>\n<td>Programos kalbos<\/td>\n<td>33 kalbos:<br \/>\nAngl\u0173, rus\u0173, est\u0173, bulgar\u0173, vengr\u0173, graik\u0173, vokie\u010di\u0173, ital\u0173, \u010dek\u0173, slovak\u0173, pranc\u016bz\u0173, lenk\u0173, oland\u0173, portugal\u0173, ispan\u0173, rumun\u0173, dan\u0173, \u0161ved\u0173, norveg\u0173, suomi\u0173, kroat\u0173, slov\u0117n\u0173, serb\u0173, turk\u0173, kor\u0117jie\u010di\u0173, Tradicin\u0117 kin\u0173, tailandie\u010di\u0173, vietnamie\u010di\u0173, japon\u0173, latvi\u0173, lietuvi\u0173, portugal\u0173 (Brazilija), ukrainie\u010di\u0173 kalba<\/td>\n<\/tr>\n<tr>\n<td>Bendrosios funkcijos<\/td>\n<td>Apsauga nuo mirks\u0117jimo, veidrodis, privatumo maskavimas, \u201eFlash\u201c \u017eurnalas, slapta\u017eod\u017eio nustatymas i\u0161 naujo el. pa\u0161tu, pikseli\u0173 skaitiklis<\/td>\n<\/tr>\n<tr>\n<td>Programin\u0117s \u012frangos perkrovimas<\/td>\n<td>Taip<\/td>\n<\/tr>\n<tr>\n<td>Laikymo s\u0105lygos<\/td>\n<td>Nuo -30 \u00b0C iki +60 \u00b0C, dr\u0117gnumas 95% arba ma\u017eiau (be kondensato)<\/td>\n<\/tr>\n<tr>\n<td>Darbin\u0117s s\u0105lygos<\/td>\n<td>Nuo -30 \u00b0C iki +60 \u00b0C, dr\u0117gnumas 95% arba ma\u017eiau (be kondensato)<\/td>\n<\/tr>\n<tr>\n<td>Maitinimas<\/td>\n<td>12 VDC \u00b1 25%; PoE: 802.3af, Class3<\/td>\n<\/tr>\n<tr>\n<td>Energijos suvartojimas<\/td>\n<td>12 VDC, 0.88 A, maks. 10.5 W<br \/>\nPoE: (802.3af, 36 V to 57 V), 0.34 A to 0.21 A, maks. 12.5 W<\/td>\n<\/tr>\n<tr>\n<td>Maitinimo jungtis<\/td>\n<td>\u00d85.5 mm<\/td>\n<\/tr>\n<tr>\n<td>Korpusas<\/td>\n<td>Aliuminis<\/td>\n<\/tr>\n<tr>\n<td>Matmenys<\/td>\n<td>\u00d8 105 \u00d7 289.5 mm<\/td>\n<\/tr>\n<tr>\n<td>Pakuot\u0117s matmenys<\/td>\n<td>386 \u00d7 156 \u00d7 155 mm<\/td>\n<\/tr>\n<tr>\n<td>Svoris<\/td>\n<td>1090 g<\/td>\n<\/tr>\n<tr>\n<td>Svoris su pakuote<\/td>\n<td>1614 g<\/td>\n<\/tr>\n<tr>\n<td>EMC<\/td>\n<td>FCC (47 CFR 15 dalis, B poskyris); \u201eCE-EMC\u201c (EN 55032: 2015, EN 61000-3-2: 2014, EN 61000-3-3: 2013, EN 50130-4: 2011 + A1: 2014); RCM (AS \/ NZS CISPR 32: 2015); IC (ICES-003: 6 leidimas, 2016 m.); KC (KN 32: 2015, KN 35: 2015)<\/td>\n<\/tr>\n<tr>\n<td>Saugumas<\/td>\n<td>LU (UL 60950-1); CB (IEC 60950-1: 2005 + 1 pakeitimas: 2009 + 2:13); CE-LVD (EN 60950-1: 2005 + 1 pak.: 2009 + 2 pak.: 2013); BIS (IS 13252 (1 dalis): 2010 + A1: 2013 + A2: 2015); LOA (IEC \/ EN 60950-1)<\/td>\n<\/tr>\n<tr>\n<td>Aplinka<\/td>\n<td>\u201eCE-ROHS\u201c (2011\/65 \/ ES); EE\u012e atliek\u0173 (2012\/19 \/ ES); REACH (Reglamentas (EB) Nr. 1907\/2006)<\/td>\n<\/tr>\n<tr>\n<td>Apsauga<\/td>\n<td>IP67 (IEC 60529-2013)<\/td>\n<\/tr>\n<\/tbody>\n<\/table>\n","protected":false},"excerpt":{"rendered":"<ul>\n<li>4MP IP bullet kamera<\/li>\n<li>AcuSense \/ Darkfighter technologijos<\/li>\n<li>Objektyvas &#8211; 4 mm<\/li>\n<li>Vaizdo \u012fra\u0161\u0173 glaudinimas H.265+, H.264+, H.265, H.264<\/li>\n<li>Vaizdo jutiklis 1\/2.7&#8243; Progressive Scan CMOS<\/li>\n<li>Min. ap\u0161vietimas 0.003 Lux @ (F1.4, AGC ON)<\/li>\n<li>IR pa\u0161vietimas iki 80m<\/li>\n<li>Linijos per\u0117jimo aptikimas, \u012fsibrovim\u0173 aptikimas, \u012f\u0117jimo \u012f srit\u012f aptikimas, i\u0161\u0117jimo i\u0161 srities aptikimo, melaging\u0173 aliarm\u0173 filtras pagal tikslo klasifikacij\u0105<\/li>\n<li>Vidin\u0117 atmintis iki 256 GB<\/li>\n<li>Darbo s\u0105lygos nuo -30 \u00b0 C iki + 50 \u00b0 C<\/li>\n<li>IP67<\/li>\n<\/ul>\n","protected":false},"featured_media":27722,"comment_status":"closed","ping_status":"closed","template":"","meta":[],"product_brand":[],"product_cat":[803,883,801],"product_tag":[],"class_list":{"0":"post-23060","1":"product","2":"type-product","3":"status-publish","4":"has-post-thumbnail","6":"product_cat-ip-bullet-cameras","7":"product_cat-ip-cameras","8":"product_cat-ip-video-surveillance-systems","10":"first","11":"instock","12":"purchasable","13":"product-type-simple"},"yoast_head":"<!-- This site is optimized with the Yoast SEO Premium plugin v21.5 (Yoast SEO v27.3) - https:\/\/yoast.com\/product\/yoast-seo-premium-wordpress\/ -->\n<title>Hikvision bullet DS-2CD2T46G2-4I F4 (be baz\u0117s)<\/title>\n<meta name=\"description\" content=\"Hikvision bullet DS-2CD2T46G2-4I F4 IP kamera ; \u017dmoni\u0173 ir ma\u0161in\u0173 atpa\u017einimas ir klasifikacija ; Rai\u0161ka - 4MP ; Spalva - balta\" \/>\n<meta name=\"robots\" content=\"index, follow, max-snippet:-1, max-image-preview:large, max-video-preview:-1\" \/>\n<link rel=\"canonical\" href=\"https:\/\/eheating.lt\/produktas\/hikvision-bullet-ds-2cd2t46g2-4i-f4-be-bazes\/\" \/>\n<meta property=\"og:locale\" content=\"en_US\" \/>\n<meta property=\"og:type\" content=\"article\" \/>\n<meta property=\"og:title\" content=\"Hikvision bullet DS-2CD2T46G2-4I F4 (be baz\u0117s)\" \/>\n<meta property=\"og:description\" content=\"Hikvision bullet DS-2CD2T46G2-4I F4 IP kamera ; \u017dmoni\u0173 ir ma\u0161in\u0173 atpa\u017einimas ir klasifikacija ; Rai\u0161ka - 4MP ; Spalva - balta\" \/>\n<meta property=\"og:url\" content=\"https:\/\/eheating.lt\/produktas\/hikvision-bullet-ds-2cd2t46g2-4i-f4-be-bazes\/\" \/>\n<meta property=\"og:site_name\" content=\"Elektronika Namams\" \/>\n<meta property=\"article:publisher\" content=\"https:\/\/www.facebook.com\/ElektronikaNamams\" \/>\n<meta property=\"article:modified_time\" content=\"2024-10-18T14:10:40+00:00\" \/>\n<meta property=\"og:image\" content=\"https:\/\/eheating.lt\/wp-content\/uploads\/2023\/10\/Hikvision-bullet-DS-2CD2T46G2-4I-F4-.png\" \/>\n\t<meta property=\"og:image:width\" content=\"800\" \/>\n\t<meta property=\"og:image:height\" content=\"800\" \/>\n\t<meta property=\"og:image:type\" content=\"image\/png\" \/>\n<meta name=\"twitter:card\" content=\"summary_large_image\" \/>\n<meta name=\"twitter:label1\" content=\"Price\" \/>\n\t<meta name=\"twitter:data1\" content=\"285,66&nbsp;&euro;\" \/>\n\t<meta name=\"twitter:label2\" content=\"Availability\" \/>\n\t<meta name=\"twitter:data2\" content=\"In stock\" \/>\n<script type=\"application\/ld+json\" class=\"yoast-schema-graph\">{\"@context\":\"https:\\\/\\\/schema.org\",\"@graph\":[{\"@type\":\"WebPage\",\"@id\":\"https:\\\/\\\/eheating.lt\\\/produktas\\\/hikvision-bullet-ds-2cd2t46g2-4i-f4-be-bazes\\\/\",\"url\":\"https:\\\/\\\/eheating.lt\\\/produktas\\\/hikvision-bullet-ds-2cd2t46g2-4i-f4-be-bazes\\\/\",\"name\":\"Hikvision bullet DS-2CD2T46G2-4I F4 (be baz\u0117s)\",\"isPartOf\":{\"@id\":\"https:\\\/\\\/eheating.lt\\\/#website\"},\"primaryImageOfPage\":{\"@id\":\"https:\\\/\\\/eheating.lt\\\/produktas\\\/hikvision-bullet-ds-2cd2t46g2-4i-f4-be-bazes\\\/#primaryimage\"},\"image\":{\"@id\":\"https:\\\/\\\/eheating.lt\\\/produktas\\\/hikvision-bullet-ds-2cd2t46g2-4i-f4-be-bazes\\\/#primaryimage\"},\"thumbnailUrl\":\"https:\\\/\\\/eheating.lt\\\/wp-content\\\/uploads\\\/2023\\\/10\\\/Hikvision-bullet-DS-2CD2T46G2-4I-F4-.png\",\"datePublished\":\"2023-11-13T19:20:48+00:00\",\"dateModified\":\"2024-10-18T14:10:40+00:00\",\"description\":\"Hikvision bullet DS-2CD2T46G2-4I F4 IP kamera ; \u017dmoni\u0173 ir ma\u0161in\u0173 atpa\u017einimas ir klasifikacija ; Rai\u0161ka - 4MP ; Spalva - balta\",\"breadcrumb\":{\"@id\":\"https:\\\/\\\/eheating.lt\\\/produktas\\\/hikvision-bullet-ds-2cd2t46g2-4i-f4-be-bazes\\\/#breadcrumb\"},\"inLanguage\":\"en-US\",\"potentialAction\":[{\"@type\":\"ReadAction\",\"target\":[\"https:\\\/\\\/eheating.lt\\\/produktas\\\/hikvision-bullet-ds-2cd2t46g2-4i-f4-be-bazes\\\/\"]}]},{\"@type\":\"ImageObject\",\"inLanguage\":\"en-US\",\"@id\":\"https:\\\/\\\/eheating.lt\\\/produktas\\\/hikvision-bullet-ds-2cd2t46g2-4i-f4-be-bazes\\\/#primaryimage\",\"url\":\"https:\\\/\\\/eheating.lt\\\/wp-content\\\/uploads\\\/2023\\\/10\\\/Hikvision-bullet-DS-2CD2T46G2-4I-F4-.png\",\"contentUrl\":\"https:\\\/\\\/eheating.lt\\\/wp-content\\\/uploads\\\/2023\\\/10\\\/Hikvision-bullet-DS-2CD2T46G2-4I-F4-.png\",\"width\":800,\"height\":800,\"caption\":\"Hikvision bullet DS-2CD2T46G2-4I F4\"},{\"@type\":\"BreadcrumbList\",\"@id\":\"https:\\\/\\\/eheating.lt\\\/produktas\\\/hikvision-bullet-ds-2cd2t46g2-4i-f4-be-bazes\\\/#breadcrumb\",\"itemListElement\":[{\"@type\":\"ListItem\",\"position\":1,\"name\":\"Prad\u017eia\",\"item\":\"https:\\\/\\\/eheating.lt\\\/en\\\/\"},{\"@type\":\"ListItem\",\"position\":2,\"name\":\"Shop\",\"item\":\"https:\\\/\\\/eheating.lt\\\/en\\\/?page_id=5734\"},{\"@type\":\"ListItem\",\"position\":3,\"name\":\"Hikvision bullet DS-2CD2T46G2-4I F4 (be baz\u0117s)\"}]},{\"@type\":\"WebSite\",\"@id\":\"https:\\\/\\\/eheating.lt\\\/#website\",\"url\":\"https:\\\/\\\/eheating.lt\\\/\",\"name\":\"eHeating\",\"description\":\"Elektronika ir \u0161ildymas\",\"potentialAction\":[{\"@type\":\"SearchAction\",\"target\":{\"@type\":\"EntryPoint\",\"urlTemplate\":\"https:\\\/\\\/eheating.lt\\\/?s={search_term_string}\"},\"query-input\":{\"@type\":\"PropertyValueSpecification\",\"valueRequired\":true,\"valueName\":\"search_term_string\"}}],\"inLanguage\":\"en-US\"}]}<\/script>\n<meta property=\"product:price:amount\" content=\"285.66\" \/>\n<meta property=\"product:price:currency\" content=\"EUR\" \/>\n<meta property=\"og:availability\" content=\"instock\" \/>\n<meta property=\"product:availability\" content=\"instock\" \/>\n<meta property=\"product:retailer_item_id\" content=\"6b1a75d80a6b\" \/>\n<meta property=\"product:condition\" content=\"new\" \/>\n<!-- \/ Yoast SEO Premium plugin. -->","yoast_head_json":{"title":"Hikvision bullet DS-2CD2T46G2-4I F4 (be baz\u0117s)","description":"Hikvision bullet DS-2CD2T46G2-4I F4 IP kamera ; \u017dmoni\u0173 ir ma\u0161in\u0173 atpa\u017einimas ir klasifikacija ; Rai\u0161ka - 4MP ; Spalva - balta","robots":{"index":"index","follow":"follow","max-snippet":"max-snippet:-1","max-image-preview":"max-image-preview:large","max-video-preview":"max-video-preview:-1"},"canonical":"https:\/\/eheating.lt\/produktas\/hikvision-bullet-ds-2cd2t46g2-4i-f4-be-bazes\/","og_locale":"en_US","og_type":"article","og_title":"Hikvision bullet DS-2CD2T46G2-4I F4 (be baz\u0117s)","og_description":"Hikvision bullet DS-2CD2T46G2-4I F4 IP kamera ; \u017dmoni\u0173 ir ma\u0161in\u0173 atpa\u017einimas ir klasifikacija ; Rai\u0161ka - 4MP ; Spalva - balta","og_url":"https:\/\/eheating.lt\/produktas\/hikvision-bullet-ds-2cd2t46g2-4i-f4-be-bazes\/","og_site_name":"Elektronika Namams","article_publisher":"https:\/\/www.facebook.com\/ElektronikaNamams","article_modified_time":"2024-10-18T14:10:40+00:00","og_image":[{"width":800,"height":800,"url":"https:\/\/eheating.lt\/wp-content\/uploads\/2023\/10\/Hikvision-bullet-DS-2CD2T46G2-4I-F4-.png","type":"image\/png"}],"twitter_card":"summary_large_image","twitter_misc":{"Price":"285,66&nbsp;&euro;","Availability":"In stock"},"schema":{"@context":"https:\/\/schema.org","@graph":[{"@type":"WebPage","@id":"https:\/\/eheating.lt\/produktas\/hikvision-bullet-ds-2cd2t46g2-4i-f4-be-bazes\/","url":"https:\/\/eheating.lt\/produktas\/hikvision-bullet-ds-2cd2t46g2-4i-f4-be-bazes\/","name":"Hikvision bullet DS-2CD2T46G2-4I F4 (be baz\u0117s)","isPartOf":{"@id":"https:\/\/eheating.lt\/#website"},"primaryImageOfPage":{"@id":"https:\/\/eheating.lt\/produktas\/hikvision-bullet-ds-2cd2t46g2-4i-f4-be-bazes\/#primaryimage"},"image":{"@id":"https:\/\/eheating.lt\/produktas\/hikvision-bullet-ds-2cd2t46g2-4i-f4-be-bazes\/#primaryimage"},"thumbnailUrl":"https:\/\/eheating.lt\/wp-content\/uploads\/2023\/10\/Hikvision-bullet-DS-2CD2T46G2-4I-F4-.png","datePublished":"2023-11-13T19:20:48+00:00","dateModified":"2024-10-18T14:10:40+00:00","description":"Hikvision bullet DS-2CD2T46G2-4I F4 IP kamera ; \u017dmoni\u0173 ir ma\u0161in\u0173 atpa\u017einimas ir klasifikacija ; Rai\u0161ka - 4MP ; Spalva - balta","breadcrumb":{"@id":"https:\/\/eheating.lt\/produktas\/hikvision-bullet-ds-2cd2t46g2-4i-f4-be-bazes\/#breadcrumb"},"inLanguage":"en-US","potentialAction":[{"@type":"ReadAction","target":["https:\/\/eheating.lt\/produktas\/hikvision-bullet-ds-2cd2t46g2-4i-f4-be-bazes\/"]}]},{"@type":"ImageObject","inLanguage":"en-US","@id":"https:\/\/eheating.lt\/produktas\/hikvision-bullet-ds-2cd2t46g2-4i-f4-be-bazes\/#primaryimage","url":"https:\/\/eheating.lt\/wp-content\/uploads\/2023\/10\/Hikvision-bullet-DS-2CD2T46G2-4I-F4-.png","contentUrl":"https:\/\/eheating.lt\/wp-content\/uploads\/2023\/10\/Hikvision-bullet-DS-2CD2T46G2-4I-F4-.png","width":800,"height":800,"caption":"Hikvision bullet DS-2CD2T46G2-4I F4"},{"@type":"BreadcrumbList","@id":"https:\/\/eheating.lt\/produktas\/hikvision-bullet-ds-2cd2t46g2-4i-f4-be-bazes\/#breadcrumb","itemListElement":[{"@type":"ListItem","position":1,"name":"Prad\u017eia","item":"https:\/\/eheating.lt\/en\/"},{"@type":"ListItem","position":2,"name":"Shop","item":"https:\/\/eheating.lt\/en\/?page_id=5734"},{"@type":"ListItem","position":3,"name":"Hikvision bullet DS-2CD2T46G2-4I F4 (be baz\u0117s)"}]},{"@type":"WebSite","@id":"https:\/\/eheating.lt\/#website","url":"https:\/\/eheating.lt\/","name":"eHeating","description":"Elektronika ir \u0161ildymas","potentialAction":[{"@type":"SearchAction","target":{"@type":"EntryPoint","urlTemplate":"https:\/\/eheating.lt\/?s={search_term_string}"},"query-input":{"@type":"PropertyValueSpecification","valueRequired":true,"valueName":"search_term_string"}}],"inLanguage":"en-US"}]},"product_price_amount":"285.66","product_price_currency":"EUR","og_availability":"instock","product_availability":"instock","product_retailer_item_id":"6b1a75d80a6b","product_condition":"new"},"_links":{"self":[{"href":"https:\/\/eheating.lt\/en\/wp-json\/wp\/v2\/product\/23060","targetHints":{"allow":["GET"]}}],"collection":[{"href":"https:\/\/eheating.lt\/en\/wp-json\/wp\/v2\/product"}],"about":[{"href":"https:\/\/eheating.lt\/en\/wp-json\/wp\/v2\/types\/product"}],"replies":[{"embeddable":true,"href":"https:\/\/eheating.lt\/en\/wp-json\/wp\/v2\/comments?post=23060"}],"version-history":[{"count":0,"href":"https:\/\/eheating.lt\/en\/wp-json\/wp\/v2\/product\/23060\/revisions"}],"wp:featuredmedia":[{"embeddable":true,"href":"https:\/\/eheating.lt\/en\/wp-json\/wp\/v2\/media\/27722"}],"wp:attachment":[{"href":"https:\/\/eheating.lt\/en\/wp-json\/wp\/v2\/media?parent=23060"}],"wp:term":[{"taxonomy":"product_brand","embeddable":true,"href":"https:\/\/eheating.lt\/en\/wp-json\/wp\/v2\/product_brand?post=23060"},{"taxonomy":"product_cat","embeddable":true,"href":"https:\/\/eheating.lt\/en\/wp-json\/wp\/v2\/product_cat?post=23060"},{"taxonomy":"product_tag","embeddable":true,"href":"https:\/\/eheating.lt\/en\/wp-json\/wp\/v2\/product_tag?post=23060"}],"curies":[{"name":"wp","href":"https:\/\/api.w.org\/{rel}","templated":true}]}}