{"id":23046,"date":"2023-11-13T21:08:49","date_gmt":"2023-11-13T19:08:49","guid":{"rendered":"https:\/\/eheating.lt\/?post_type=product&#038;p=23046"},"modified":"2024-10-18T17:10:23","modified_gmt":"2024-10-18T14:10:23","slug":"ip-dome-kamera-hikvision-ds-2cd2346g2-isu-sl-f2-8-juoda","status":"publish","type":"product","link":"https:\/\/eheating.lt\/en\/produktas\/ip-dome-kamera-hikvision-ds-2cd2346g2-isu-sl-f2-8-juoda\/","title":{"rendered":"IP dome kamera Hikvision DS-2CD2346G2-ISU\/SL F2.8"},"content":{"rendered":"<table style=\"width: 944px;\" border=\"0\">\n<colgroup>\n<col \/>\n<col \/> <\/colgroup>\n<tbody>\n<tr>\n<td class=\"xl67\">Kamera<\/td>\n<td class=\"xl67\"><\/td>\n<\/tr>\n<tr>\n<td class=\"xl69\">Sensorius<\/td>\n<td class=\"xl69\">1\/2.7&#8243; Progressive Scan CMOS<\/td>\n<\/tr>\n<tr>\n<td class=\"xl69\">Min. ap\u0161vietimas<\/td>\n<td class=\"xl69\">Color: 0.003 Lux @ (F1.4, AGC ON)<\/td>\n<\/tr>\n<tr>\n<td class=\"xl69\">U\u017erakto greitis<\/td>\n<td class=\"xl69\">1\/3 s to 1\/100,000 s<\/td>\n<\/tr>\n<tr>\n<td class=\"xl69\">L\u0117tas u\u017eraktas<\/td>\n<td class=\"xl69\">Yes<\/td>\n<\/tr>\n<tr>\n<td class=\"xl69\">P\/N<\/td>\n<td class=\"xl69\">P\/N<\/td>\n<\/tr>\n<tr>\n<td class=\"xl69\">WDR<\/td>\n<td class=\"xl69\">120 dB<\/td>\n<\/tr>\n<tr>\n<td class=\"xl69\">Diena \/ naktis<\/td>\n<td class=\"xl69\">ICR Cut<\/td>\n<\/tr>\n<tr>\n<td class=\"xl69\">Reguliavimo kampas<\/td>\n<td class=\"xl69\">Pan: 0\u00b0 to 360\u00b0, tilt: 0\u00b0 to 75\u00b0, rotate: 0\u00b0 to 360\u00b0<\/td>\n<\/tr>\n<tr>\n<td class=\"xl67\">Objektyvas<\/td>\n<td class=\"xl67\"><\/td>\n<\/tr>\n<tr>\n<td class=\"xl70\">Objektyvas ir matymo kampas<\/td>\n<td class=\"xl69\">2.8 mm, horizontal FOV 103\u00b0, vertical FOV 55\u00b0, diagonal FOV 123\u00b0<br \/>\n4 mm, horizontal FOV 83\u00b0, vertical FOV 45\u00b0, diagonal FOV 98\u00b0<br \/>\n6 mm, horizontal FOV 53\u00b0, vertical FOV 29\u00b0, diagonal FOV 62\u00b0<\/td>\n<\/tr>\n<tr>\n<td class=\"xl69\">Diafragma<\/td>\n<td class=\"xl69\">F1.4<\/td>\n<\/tr>\n<tr>\n<td class=\"xl69\">Objektyvo montavimas<\/td>\n<td class=\"xl69\">M12<\/td>\n<\/tr>\n<tr>\n<td class=\"xl67\">Ap\u0161vietimas<\/td>\n<td class=\"xl67\"><\/td>\n<\/tr>\n<tr>\n<td class=\"xl69\">IR atstumas<\/td>\n<td class=\"xl69\">Up to 30 m<\/td>\n<\/tr>\n<tr>\n<td class=\"xl69\">Bangos ilgis<\/td>\n<td class=\"xl69\">850 nm<\/td>\n<\/tr>\n<tr>\n<td class=\"xl69\">I\u0161mani papildoma \u0161viesa<\/td>\n<td class=\"xl69\">Yes<\/td>\n<\/tr>\n<tr>\n<td class=\"xl69\">Matomas aliarmas<\/td>\n<td class=\"xl69\">Yes<\/td>\n<\/tr>\n<tr>\n<td class=\"xl67\">Video<\/td>\n<td class=\"xl67\"><\/td>\n<\/tr>\n<tr>\n<td class=\"xl69\">Rai\u0161ka<\/td>\n<td class=\"xl69\">2592 \u00d7 1944<\/td>\n<\/tr>\n<tr>\n<td class=\"xl70\">Pagrindinis srautas<\/td>\n<td class=\"xl68\"><span class=\"font5\">50Hz: 20fps (2592 \u00d7 1944)<br \/>\n25fps (2688 \u00d7 1520, 2304 \u00d7 1296, 1920 \u00d7 1080, 1280 \u00d7 720)<br \/>\n60Hz: 20fps (2592 \u00d7 1944)<br \/>\n30fps (2688 \u00d7 1520, 2304 \u00d7 1296, 1920 \u00d7 1080, 1280 \u00d7 720)<\/span><\/td>\n<\/tr>\n<tr>\n<td class=\"xl69\">Antrinis srautas<\/td>\n<td class=\"xl68\"><span class=\"font5\">50Hz: 25fps (640 \u00d7 480, 640 \u00d7 360, 320 \u00d7 240)<br \/>\n60Hz: 30fps (640 \u00d7 480, 640 \u00d7 360, 320 \u00d7 240)<\/span><\/td>\n<\/tr>\n<tr>\n<td class=\"xl69\">Tre\u010dias srautas<\/td>\n<td class=\"xl68\"><span class=\"font5\">50Hz: 25fps (1280 \u00d7 720, 640 \u00d7 480, 640 \u00d7 360, 360 \u00d7 240)<br \/>\n60Hz: 30fps (1280 \u00d7 720, 640 \u00d7 480, 640 \u00d7 360, 360 \u00d7 240)<\/span><\/td>\n<\/tr>\n<tr>\n<td class=\"xl70\">Suspaudimas<\/td>\n<td class=\"xl68\"><span class=\"font5\">Main stream: H.265\/H.264<br \/>\nSub-stream: H.265\/H.264\/MJPEG Third stream: H.265\/H.264<\/span><\/td>\n<\/tr>\n<tr>\n<td class=\"xl69\">Video Bit da\u017enis<\/td>\n<td class=\"xl69\">32 Kbps to 8 Mbps<\/td>\n<\/tr>\n<tr>\n<td class=\"xl69\">H.264<\/td>\n<td class=\"xl69\">Baseline Profile\/Main Profile\/High Profile<\/td>\n<\/tr>\n<tr>\n<td class=\"xl69\">H.265<\/td>\n<td class=\"xl69\">Main Profile<\/td>\n<\/tr>\n<tr>\n<td class=\"xl69\">H.264+<\/td>\n<td class=\"xl69\">Main Stream supports<\/td>\n<\/tr>\n<tr>\n<td class=\"xl69\">H.265+<\/td>\n<td class=\"xl69\">Main Stream supports<\/td>\n<\/tr>\n<tr>\n<td class=\"xl69\">Bit da\u017enio kontrol\u0117<\/td>\n<td class=\"xl69\">CBR\/VBR<\/td>\n<\/tr>\n<tr>\n<td class=\"xl69\">Video konfiguravimas (SVC)<\/td>\n<td class=\"xl69\">Yes<\/td>\n<\/tr>\n<tr>\n<td class=\"xl69\">Svarbio sritys (ROI)<\/td>\n<td class=\"xl69\">1 fixed region for each stream<\/td>\n<\/tr>\n<tr>\n<td class=\"xl67\">Audio<\/td>\n<td class=\"xl67\"><\/td>\n<\/tr>\n<tr>\n<td class=\"xl69\">Aplinkos triuk\u0161mo filtravimas<\/td>\n<td class=\"xl69\">Yes<\/td>\n<\/tr>\n<tr>\n<td class=\"xl69\">Audio da\u017enis<\/td>\n<td class=\"xl69\">8 kHz\/16 kHz\/32 kHz\/44.1 kHz\/48 kHz<\/td>\n<\/tr>\n<tr>\n<td class=\"xl69\">Audio suspaudimas<\/td>\n<td class=\"xl69\">G.711ulaw\/G.711alaw\/G.722.1\/G.726\/MP2L2\/PCM\/MP3<\/td>\n<\/tr>\n<tr>\n<td class=\"xl69\">Audio Bit da\u017enis<\/td>\n<td class=\"xl68\"><span class=\"font5\">64Kbps(G.711ulaw\/G.711alaw)\/16Kbps(G.722.1)\/16Kbps(G.726)\/32-192Kbps(MP2L2)\/<br \/>\n8-320Kbps(MP3)<\/span><\/td>\n<\/tr>\n<tr>\n<td class=\"xl67\">Tinklas<\/td>\n<td class=\"xl67\"><\/td>\n<\/tr>\n<tr>\n<td class=\"xl69\">Vienalaik\u0117 per\u017ei\u016bra<\/td>\n<td class=\"xl69\">Up to 6 channels<\/td>\n<\/tr>\n<tr>\n<td class=\"xl69\">API<\/td>\n<td class=\"xl69\">ONVIF(PROFILE S, PROFILE G, PROFILE T), ISAPI, SDK<\/td>\n<\/tr>\n<tr>\n<td class=\"xl69\">Protokolai<\/td>\n<td class=\"xl69\">TCP\/IP, ICMP, HTTP, HTTPS, FTP, DHCP, DNS, DDNS, RTP, RTSP, NTP, UPnP, SMTP, IGMP, 802.1X, QoS, IPv6, UDP, Bonjour, SSL\/TLS<\/td>\n<\/tr>\n<tr>\n<td class=\"xl69\">Sklandus transliavimas<\/td>\n<td class=\"xl69\">Yes<\/td>\n<\/tr>\n<tr>\n<td class=\"xl69\">Vartotojai<\/td>\n<td class=\"xl69\">Up to 32 users. 3 user levels: administrator, operator and user<\/td>\n<\/tr>\n<tr>\n<td class=\"xl70\">Apsauga<\/td>\n<td class=\"xl69\">Password protection, complicated password, HTTPS encryption, IP address filter, Security Audit Log, basic and digest authentication for HTTP\/HTTPS, TLS 1.2, WSSE and digest authentication for ONVIF<\/td>\n<\/tr>\n<tr>\n<td class=\"xl70\">Tinklinis talpinimas<\/td>\n<td class=\"xl69\">microSD\/SDHC\/SDXC card (256 GB) local storage, and NAS(NFS, SMB\/CIFS), auto network replenishment (ANR)<br \/>\nTogether with high-end Hikvision memory card, memory card encryption and health detection are supported.<\/td>\n<\/tr>\n<tr>\n<td class=\"xl69\">Klientai<\/td>\n<td class=\"xl69\">iVMS-4200, Hik-Connect, Hik-Central<\/td>\n<\/tr>\n<tr>\n<td class=\"xl69\">Nar\u0161ykl\u0117<\/td>\n<td class=\"xl68\"><span class=\"font5\">Plug-in required live view: IE8+, Chrome 41.0-44, Firefox 30.0-51, Safari 8.0-11<br \/>\nPlug-in free live view: Chrome 57.0+, Firefox 52.0+<\/span><\/td>\n<\/tr>\n<tr>\n<td class=\"xl67\">Vaizdas<\/td>\n<td class=\"xl67\"><\/td>\n<\/tr>\n<tr>\n<td class=\"xl69\">Diena \/ naktis perjungimas<\/td>\n<td class=\"xl69\">Day, Night, Auto, Schedule<\/td>\n<\/tr>\n<tr>\n<td class=\"xl69\">Vaizdo pagerinimas<\/td>\n<td class=\"xl69\">BLC, HLC, 3D DNR<\/td>\n<\/tr>\n<tr>\n<td class=\"xl69\">Vaizdo parametr\u0173 perjungimas<\/td>\n<td class=\"xl69\">Yes<\/td>\n<\/tr>\n<tr>\n<td class=\"xl69\">Vaizdo nustatymai<\/td>\n<td class=\"xl69\">Rotate mode, saturation, brightness, contrast, sharpness, gain, white balance adjustable by client software or web browser<\/td>\n<\/tr>\n<tr>\n<td class=\"xl67\">S\u0105sajos<\/td>\n<td class=\"xl67\"><\/td>\n<\/tr>\n<tr>\n<td class=\"xl69\">Aliarmas<\/td>\n<td class=\"xl69\">1 input, 1 output (max. 12 VDC, 30 mA)<\/td>\n<\/tr>\n<tr>\n<td class=\"xl70\">Audio<\/td>\n<td class=\"xl68\"><span class=\"font5\">1 input (line in), terminal block, max. input amplitude: 3.3 Vpp, input impedance: 4.7 K\u03a9, interface type: non-equilibrium;<br \/>\n1 output (line out), terminal block, max. output amplitude: 3.3 Vpp, output impedance: 100 \u03a9, interface type: non-equilibrium;<br \/>\n1 built-in speaker, 1 built-in microphone<\/span><\/td>\n<\/tr>\n<tr>\n<td class=\"xl69\">Vidin\u0117 atmintis<\/td>\n<td class=\"xl69\">Built-in micro SD\/SDHC\/SDXC slot, up to 256 GB<\/td>\n<\/tr>\n<tr>\n<td class=\"xl69\">Perkrovimas<\/td>\n<td class=\"xl69\">Yes<\/td>\n<\/tr>\n<tr>\n<td class=\"xl69\">Ry\u0161io s\u0105saja<\/td>\n<td class=\"xl69\">1 RJ45 10M\/100M self-adaptive Ethernet port<\/td>\n<\/tr>\n<tr>\n<td class=\"xl67\">Tradicinis algoritmas<\/td>\n<td class=\"xl67\"><\/td>\n<\/tr>\n<tr>\n<td class=\"xl69\">Pagrindiniai \u012fvykiai<\/td>\n<td class=\"xl69\">Motion detection, video tampering alarm, exception (network disconnected, IP address conflict, illegal login, HDD full, HDD error), scene change detection<\/td>\n<\/tr>\n<tr>\n<td class=\"xl67\">Gylusis mokymasis<\/td>\n<td class=\"xl67\"><\/td>\n<\/tr>\n<tr>\n<td class=\"xl69\">Veido aptikimas<\/td>\n<td class=\"xl69\">Yes<\/td>\n<\/tr>\n<tr>\n<td class=\"xl69\">Perimetro apsauga<\/td>\n<td class=\"xl69\">Line crossing detection, intrusion detection, region entrance detection, region exiting detection<\/td>\n<\/tr>\n<tr>\n<td class=\"xl67\">Bendriniai<\/td>\n<td class=\"xl67\"><\/td>\n<\/tr>\n<tr>\n<td class=\"xl70\">Apjungimo b\u016bdai<\/td>\n<td class=\"xl68\"><span class=\"font5\">Upload to NAS\/memory card, notify surveillance center, trigger record, trigger capture, strobe light, audible warning<br \/>\n*Note: External device is required.<\/span><\/td>\n<\/tr>\n<tr>\n<td class=\"xl70\">Kalbos<\/td>\n<td class=\"xl69\">33 languages:<br \/>\nEnglish, Russian, Estonian, Bulgarian, Hungarian, Greek, German, Italian, Czech, Slovak, French, Polish, Dutch, Portuguese, Spanish, Romanian, Danish, Swedish, Norwegian, Finnish, Croatian, Slovenian, Serbian, Turkish, Korean, Traditional Chinese, Thai, Vietnamese, Japanese, Latvian, Lithuanian, Portuguese (Brazil), Ukrainian<\/td>\n<\/tr>\n<tr>\n<td class=\"xl69\">Pagrindin\u0117s funkcijos<\/td>\n<td class=\"xl68\"><span class=\"font5\">Anti-flicker, heartbeat, mirror, privacy masks, flash log, password reset via e-mail, pixel<br \/>\ncounter<\/span><\/td>\n<\/tr>\n<tr>\n<td class=\"xl69\">Programos perkrovimas<\/td>\n<td class=\"xl69\">Yes<\/td>\n<\/tr>\n<tr>\n<td class=\"xl69\">Laikymo s\u0105lygos<\/td>\n<td class=\"xl69\">-30 \u00b0C to 60 \u00b0C (-22 \u00b0F to 140 \u00b0F). Humidity 95% or less (non-condensing)<\/td>\n<\/tr>\n<tr>\n<td class=\"xl68\"><span class=\"font5\">Darbin\u0117s s\u0105lygos<br \/>\n<\/span><\/td>\n<td class=\"xl69\">-30 \u00b0C to 60 \u00b0C (-22 \u00b0F to 140 \u00b0F). Humidity 95% or less (non-condensing)<\/td>\n<\/tr>\n<tr>\n<td class=\"xl69\">Maitinimas<\/td>\n<td class=\"xl68\"><span class=\"font5\">12 VDC, 0.65 A, max. 7.8 W<br \/>\nPoE: (802.3af, 36 V to 57 V), 0.25A to 0.15 A, max. 8.8 W<\/span><\/td>\n<\/tr>\n<tr>\n<td class=\"xl69\">Energijos s\u0105naudos<\/td>\n<td class=\"xl69\">\u00d85.5 mm coaxial power plug<\/td>\n<\/tr>\n<tr>\n<td class=\"xl69\">Maitinimo jungtis<\/td>\n<td class=\"xl69\">12 VDC \u00b1 25%, reverse polarity protection; PoE: 802.3af, Class 3<\/td>\n<\/tr>\n<tr>\n<td class=\"xl69\">Med\u017eiaga<\/td>\n<td class=\"xl69\">Metal except for trim ring<\/td>\n<\/tr>\n<tr>\n<td class=\"xl69\">Matmenys<\/td>\n<td class=\"xl69\">\u00d8138.3 \u00d7 124.5 mm (\u00d85.4\u2033 \u00d7 4.9\u2033)<\/td>\n<\/tr>\n<tr>\n<td class=\"xl69\">Pakuot\u0117s matmenys<\/td>\n<td class=\"xl69\">170 \u00d7 170 \u00d7 150 mm (6.9&#8243; \u00d7 6.9&#8243; \u00d7 5.9&#8243;)<\/td>\n<\/tr>\n<tr>\n<td class=\"xl69\">Svoris<\/td>\n<td class=\"xl69\">Approx. 800 g (1.8 lb.)<\/td>\n<\/tr>\n<tr>\n<td class=\"xl69\">Svoris su pakuote<\/td>\n<td class=\"xl69\">Approx. 1093 g (2.4 lb.)<\/td>\n<\/tr>\n<tr>\n<td class=\"xl67\">Patvirtinimai<\/td>\n<td class=\"xl67\"><\/td>\n<\/tr>\n<tr>\n<td class=\"xl70\">EMC<\/td>\n<td class=\"xl68\"><span class=\"font5\">FCC (47 CFR Part 15, Subpart B); CE-EMC (EN 55032: 2015, EN 61000-3-2: 2014, EN<br \/>\n61000-3-3: 2013, EN 50130-4: 2011 +A1: 2014); RCM (AS\/NZS CISPR 32: 2015); IC<br \/>\n(ICES-003: Issue 6, 2016); KC (KN 32: 2015, KN 35: 2015)<\/span><\/td>\n<\/tr>\n<tr>\n<td class=\"xl70\">Saugumas<\/td>\n<td class=\"xl68\"><span class=\"font5\">UL (UL 60950-1); CB (IEC 60950-1:2005 + Am 1:2009 + Am 2:2013, IEC 62368-1:2014 );<br \/>\nCE-LVD (EN 60950-1:2005 + Am 1:2009 + Am 2:2013, IEC 62368-1:2014 ); BIS (IS 13252(Part 1):2010+A1:2013+A2:2015); LOA (IEC\/EN 60950-1)<\/span><\/td>\n<\/tr>\n<tr>\n<td class=\"xl69\">Aplinka<\/td>\n<td class=\"xl69\">CE-RoHS (2011\/65\/EU); WEEE (2012\/19\/EU); Reach (Regulation (EC) No 1907\/2006)<\/td>\n<\/tr>\n<tr>\n<td class=\"xl69\">Apsauga<\/td>\n<td class=\"xl69\">Ingression protection: IP66 (IEC 60529-2013)<\/td>\n<\/tr>\n<\/tbody>\n<\/table>\n","protected":false},"excerpt":{"rendered":"<ul>\n<li>4MP IP dome kamera<\/li>\n<li>AcuSense \/ Darkfighter technologijos<\/li>\n<li>Integruotas dvipusis audio<\/li>\n<li>\u0160viesos ir audio aliarmas<\/li>\n<li>Objektyvas &#8211; 2.8 mm<\/li>\n<li>Vaizdo \u012fra\u0161\u0173 glaudinimas H.265+, H.264+, H.265, H.264<\/li>\n<li>Vaizdo jutiklis 1\/2.7&#8243; Progressive Scan CMOS<\/li>\n<li>Min. ap\u0161vietimas 0.003 Lux @ (F1,4, AGC \u012fjungta)<\/li>\n<li>IR pa\u0161vietimas iki 30m<\/li>\n<li>Veido aptikimas<\/li>\n<li>Linijos per\u0117jimo aptikimas, \u012fsibrovim\u0173 aptikimas, \u012f\u0117jimo \u012f srit\u012f aptikimas, i\u0161\u0117jimo i\u0161 srities aptikimo, melaging\u0173 aliarm\u0173 filtras pagal tikslo klasifikacij\u0105<\/li>\n<li>Vidin\u0117 atmintis iki 256 GB<\/li>\n<li>Darbo s\u0105lygos nuo -30 \u00b0 C iki + 60 \u00b0 C<\/li>\n<li>IP66<\/li>\n<\/ul>\n","protected":false},"featured_media":27334,"comment_status":"closed","ping_status":"closed","template":"","meta":[],"product_brand":[],"product_cat":[883,801,804],"product_tag":[],"class_list":{"0":"post-23046","1":"product","2":"type-product","3":"status-publish","4":"has-post-thumbnail","6":"product_cat-ip-cameras","7":"product_cat-ip-video-surveillance-systems","8":"product_cat-ip-dome-cameras","10":"first","11":"instock","12":"purchasable","13":"product-type-simple"},"yoast_head":"<!-- This site is optimized with the Yoast SEO Premium plugin v21.5 (Yoast SEO v27.4) - https:\/\/yoast.com\/product\/yoast-seo-premium-wordpress\/ -->\n<title>IP dome kamera Hikvision DS-2CD2346G2-ISU\/SL F2.8 (JUODA)<\/title>\n<meta name=\"description\" content=\"Hikvision DS-2CD2346G2-ISU\/SL F2.8 IP kamera ; \u017dmoni\u0173 ir ma\u0161in\u0173 atpa\u017einimas ir klasifikacija ; Rai\u0161ka - 4MP ; Spalva - Juoda\" \/>\n<meta name=\"robots\" content=\"index, follow, max-snippet:-1, max-image-preview:large, max-video-preview:-1\" \/>\n<link rel=\"canonical\" href=\"https:\/\/eheating.lt\/produktas\/ip-dome-kamera-hikvision-ds-2cd2346g2-isu-sl-f2-8-juoda\/\" \/>\n<meta property=\"og:locale\" content=\"en_US\" \/>\n<meta property=\"og:type\" content=\"article\" \/>\n<meta property=\"og:title\" content=\"IP dome kamera Hikvision DS-2CD2346G2-ISU\/SL F2.8 (JUODA)\" \/>\n<meta property=\"og:description\" content=\"Hikvision DS-2CD2346G2-ISU\/SL F2.8 IP kamera ; \u017dmoni\u0173 ir ma\u0161in\u0173 atpa\u017einimas ir klasifikacija ; Rai\u0161ka - 4MP ; Spalva - Juoda\" \/>\n<meta property=\"og:url\" content=\"https:\/\/eheating.lt\/produktas\/ip-dome-kamera-hikvision-ds-2cd2346g2-isu-sl-f2-8-juoda\/\" \/>\n<meta property=\"og:site_name\" content=\"Elektronika Namams\" \/>\n<meta property=\"article:publisher\" content=\"https:\/\/www.facebook.com\/ElektronikaNamams\" \/>\n<meta property=\"article:modified_time\" content=\"2024-10-18T14:10:23+00:00\" \/>\n<meta property=\"og:image\" content=\"https:\/\/eheating.lt\/wp-content\/uploads\/2023\/10\/Hikvision-DS-2CD2346G2-ISUSL-F2.8-JUODA.png\" \/>\n\t<meta property=\"og:image:width\" content=\"800\" \/>\n\t<meta property=\"og:image:height\" content=\"800\" \/>\n\t<meta property=\"og:image:type\" content=\"image\/png\" \/>\n<meta name=\"twitter:card\" content=\"summary_large_image\" \/>\n<meta name=\"twitter:label1\" content=\"Price\" \/>\n\t<meta name=\"twitter:data1\" content=\"257,49&nbsp;&euro;\" \/>\n\t<meta name=\"twitter:label2\" content=\"Availability\" \/>\n\t<meta name=\"twitter:data2\" content=\"In stock\" \/>\n<script type=\"application\/ld+json\" class=\"yoast-schema-graph\">{\"@context\":\"https:\\\/\\\/schema.org\",\"@graph\":[{\"@type\":\"WebPage\",\"@id\":\"https:\\\/\\\/eheating.lt\\\/produktas\\\/ip-dome-kamera-hikvision-ds-2cd2346g2-isu-sl-f2-8-juoda\\\/\",\"url\":\"https:\\\/\\\/eheating.lt\\\/produktas\\\/ip-dome-kamera-hikvision-ds-2cd2346g2-isu-sl-f2-8-juoda\\\/\",\"name\":\"IP dome kamera Hikvision DS-2CD2346G2-ISU\\\/SL F2.8 (JUODA)\",\"isPartOf\":{\"@id\":\"https:\\\/\\\/eheating.lt\\\/#website\"},\"primaryImageOfPage\":{\"@id\":\"https:\\\/\\\/eheating.lt\\\/produktas\\\/ip-dome-kamera-hikvision-ds-2cd2346g2-isu-sl-f2-8-juoda\\\/#primaryimage\"},\"image\":{\"@id\":\"https:\\\/\\\/eheating.lt\\\/produktas\\\/ip-dome-kamera-hikvision-ds-2cd2346g2-isu-sl-f2-8-juoda\\\/#primaryimage\"},\"thumbnailUrl\":\"https:\\\/\\\/eheating.lt\\\/wp-content\\\/uploads\\\/2023\\\/10\\\/Hikvision-DS-2CD2346G2-ISUSL-F2.8-JUODA.png\",\"datePublished\":\"2023-11-13T19:08:49+00:00\",\"dateModified\":\"2024-10-18T14:10:23+00:00\",\"description\":\"Hikvision DS-2CD2346G2-ISU\\\/SL F2.8 IP kamera ; \u017dmoni\u0173 ir ma\u0161in\u0173 atpa\u017einimas ir klasifikacija ; Rai\u0161ka - 4MP ; Spalva - Juoda\",\"breadcrumb\":{\"@id\":\"https:\\\/\\\/eheating.lt\\\/produktas\\\/ip-dome-kamera-hikvision-ds-2cd2346g2-isu-sl-f2-8-juoda\\\/#breadcrumb\"},\"inLanguage\":\"en-US\",\"potentialAction\":[{\"@type\":\"ReadAction\",\"target\":[\"https:\\\/\\\/eheating.lt\\\/produktas\\\/ip-dome-kamera-hikvision-ds-2cd2346g2-isu-sl-f2-8-juoda\\\/\"]}]},{\"@type\":\"ImageObject\",\"inLanguage\":\"en-US\",\"@id\":\"https:\\\/\\\/eheating.lt\\\/produktas\\\/ip-dome-kamera-hikvision-ds-2cd2346g2-isu-sl-f2-8-juoda\\\/#primaryimage\",\"url\":\"https:\\\/\\\/eheating.lt\\\/wp-content\\\/uploads\\\/2023\\\/10\\\/Hikvision-DS-2CD2346G2-ISUSL-F2.8-JUODA.png\",\"contentUrl\":\"https:\\\/\\\/eheating.lt\\\/wp-content\\\/uploads\\\/2023\\\/10\\\/Hikvision-DS-2CD2346G2-ISUSL-F2.8-JUODA.png\",\"width\":800,\"height\":800,\"caption\":\"IP dome kamera Hikvision DS-2CD2346G2-ISU\\\/SL F2.8 (JUODA)\"},{\"@type\":\"BreadcrumbList\",\"@id\":\"https:\\\/\\\/eheating.lt\\\/produktas\\\/ip-dome-kamera-hikvision-ds-2cd2346g2-isu-sl-f2-8-juoda\\\/#breadcrumb\",\"itemListElement\":[{\"@type\":\"ListItem\",\"position\":1,\"name\":\"Prad\u017eia\",\"item\":\"https:\\\/\\\/eheating.lt\\\/en\\\/\"},{\"@type\":\"ListItem\",\"position\":2,\"name\":\"Shop\",\"item\":\"https:\\\/\\\/eheating.lt\\\/en\\\/?page_id=5734\"},{\"@type\":\"ListItem\",\"position\":3,\"name\":\"IP dome kamera Hikvision DS-2CD2346G2-ISU\\\/SL F2.8 (JUODA)\"}]},{\"@type\":\"WebSite\",\"@id\":\"https:\\\/\\\/eheating.lt\\\/#website\",\"url\":\"https:\\\/\\\/eheating.lt\\\/\",\"name\":\"eHeating\",\"description\":\"Elektronika ir \u0161ildymas\",\"potentialAction\":[{\"@type\":\"SearchAction\",\"target\":{\"@type\":\"EntryPoint\",\"urlTemplate\":\"https:\\\/\\\/eheating.lt\\\/?s={search_term_string}\"},\"query-input\":{\"@type\":\"PropertyValueSpecification\",\"valueRequired\":true,\"valueName\":\"search_term_string\"}}],\"inLanguage\":\"en-US\"}]}<\/script>\n<meta property=\"product:price:amount\" content=\"257.49\" \/>\n<meta property=\"product:price:currency\" content=\"EUR\" \/>\n<meta property=\"og:availability\" content=\"instock\" \/>\n<meta property=\"product:availability\" content=\"instock\" \/>\n<meta property=\"product:retailer_item_id\" content=\"6fc8a5c488ec\" \/>\n<meta property=\"product:condition\" content=\"new\" \/>\n<!-- \/ Yoast SEO Premium plugin. -->","yoast_head_json":{"title":"IP dome kamera Hikvision DS-2CD2346G2-ISU\/SL F2.8 (JUODA)","description":"Hikvision DS-2CD2346G2-ISU\/SL F2.8 IP kamera ; \u017dmoni\u0173 ir ma\u0161in\u0173 atpa\u017einimas ir klasifikacija ; Rai\u0161ka - 4MP ; Spalva - Juoda","robots":{"index":"index","follow":"follow","max-snippet":"max-snippet:-1","max-image-preview":"max-image-preview:large","max-video-preview":"max-video-preview:-1"},"canonical":"https:\/\/eheating.lt\/produktas\/ip-dome-kamera-hikvision-ds-2cd2346g2-isu-sl-f2-8-juoda\/","og_locale":"en_US","og_type":"article","og_title":"IP dome kamera Hikvision DS-2CD2346G2-ISU\/SL F2.8 (JUODA)","og_description":"Hikvision DS-2CD2346G2-ISU\/SL F2.8 IP kamera ; \u017dmoni\u0173 ir ma\u0161in\u0173 atpa\u017einimas ir klasifikacija ; Rai\u0161ka - 4MP ; Spalva - Juoda","og_url":"https:\/\/eheating.lt\/produktas\/ip-dome-kamera-hikvision-ds-2cd2346g2-isu-sl-f2-8-juoda\/","og_site_name":"Elektronika Namams","article_publisher":"https:\/\/www.facebook.com\/ElektronikaNamams","article_modified_time":"2024-10-18T14:10:23+00:00","og_image":[{"width":800,"height":800,"url":"https:\/\/eheating.lt\/wp-content\/uploads\/2023\/10\/Hikvision-DS-2CD2346G2-ISUSL-F2.8-JUODA.png","type":"image\/png"}],"twitter_card":"summary_large_image","twitter_misc":{"Price":"257,49&nbsp;&euro;","Availability":"In stock"},"schema":{"@context":"https:\/\/schema.org","@graph":[{"@type":"WebPage","@id":"https:\/\/eheating.lt\/produktas\/ip-dome-kamera-hikvision-ds-2cd2346g2-isu-sl-f2-8-juoda\/","url":"https:\/\/eheating.lt\/produktas\/ip-dome-kamera-hikvision-ds-2cd2346g2-isu-sl-f2-8-juoda\/","name":"IP dome kamera Hikvision DS-2CD2346G2-ISU\/SL F2.8 (JUODA)","isPartOf":{"@id":"https:\/\/eheating.lt\/#website"},"primaryImageOfPage":{"@id":"https:\/\/eheating.lt\/produktas\/ip-dome-kamera-hikvision-ds-2cd2346g2-isu-sl-f2-8-juoda\/#primaryimage"},"image":{"@id":"https:\/\/eheating.lt\/produktas\/ip-dome-kamera-hikvision-ds-2cd2346g2-isu-sl-f2-8-juoda\/#primaryimage"},"thumbnailUrl":"https:\/\/eheating.lt\/wp-content\/uploads\/2023\/10\/Hikvision-DS-2CD2346G2-ISUSL-F2.8-JUODA.png","datePublished":"2023-11-13T19:08:49+00:00","dateModified":"2024-10-18T14:10:23+00:00","description":"Hikvision DS-2CD2346G2-ISU\/SL F2.8 IP kamera ; \u017dmoni\u0173 ir ma\u0161in\u0173 atpa\u017einimas ir klasifikacija ; Rai\u0161ka - 4MP ; Spalva - Juoda","breadcrumb":{"@id":"https:\/\/eheating.lt\/produktas\/ip-dome-kamera-hikvision-ds-2cd2346g2-isu-sl-f2-8-juoda\/#breadcrumb"},"inLanguage":"en-US","potentialAction":[{"@type":"ReadAction","target":["https:\/\/eheating.lt\/produktas\/ip-dome-kamera-hikvision-ds-2cd2346g2-isu-sl-f2-8-juoda\/"]}]},{"@type":"ImageObject","inLanguage":"en-US","@id":"https:\/\/eheating.lt\/produktas\/ip-dome-kamera-hikvision-ds-2cd2346g2-isu-sl-f2-8-juoda\/#primaryimage","url":"https:\/\/eheating.lt\/wp-content\/uploads\/2023\/10\/Hikvision-DS-2CD2346G2-ISUSL-F2.8-JUODA.png","contentUrl":"https:\/\/eheating.lt\/wp-content\/uploads\/2023\/10\/Hikvision-DS-2CD2346G2-ISUSL-F2.8-JUODA.png","width":800,"height":800,"caption":"IP dome kamera Hikvision DS-2CD2346G2-ISU\/SL F2.8 (JUODA)"},{"@type":"BreadcrumbList","@id":"https:\/\/eheating.lt\/produktas\/ip-dome-kamera-hikvision-ds-2cd2346g2-isu-sl-f2-8-juoda\/#breadcrumb","itemListElement":[{"@type":"ListItem","position":1,"name":"Prad\u017eia","item":"https:\/\/eheating.lt\/en\/"},{"@type":"ListItem","position":2,"name":"Shop","item":"https:\/\/eheating.lt\/en\/?page_id=5734"},{"@type":"ListItem","position":3,"name":"IP dome kamera Hikvision DS-2CD2346G2-ISU\/SL F2.8 (JUODA)"}]},{"@type":"WebSite","@id":"https:\/\/eheating.lt\/#website","url":"https:\/\/eheating.lt\/","name":"eHeating","description":"Elektronika ir \u0161ildymas","potentialAction":[{"@type":"SearchAction","target":{"@type":"EntryPoint","urlTemplate":"https:\/\/eheating.lt\/?s={search_term_string}"},"query-input":{"@type":"PropertyValueSpecification","valueRequired":true,"valueName":"search_term_string"}}],"inLanguage":"en-US"}]},"product_price_amount":"257.49","product_price_currency":"EUR","og_availability":"instock","product_availability":"instock","product_retailer_item_id":"6fc8a5c488ec","product_condition":"new"},"_links":{"self":[{"href":"https:\/\/eheating.lt\/en\/wp-json\/wp\/v2\/product\/23046","targetHints":{"allow":["GET"]}}],"collection":[{"href":"https:\/\/eheating.lt\/en\/wp-json\/wp\/v2\/product"}],"about":[{"href":"https:\/\/eheating.lt\/en\/wp-json\/wp\/v2\/types\/product"}],"replies":[{"embeddable":true,"href":"https:\/\/eheating.lt\/en\/wp-json\/wp\/v2\/comments?post=23046"}],"version-history":[{"count":0,"href":"https:\/\/eheating.lt\/en\/wp-json\/wp\/v2\/product\/23046\/revisions"}],"wp:featuredmedia":[{"embeddable":true,"href":"https:\/\/eheating.lt\/en\/wp-json\/wp\/v2\/media\/27334"}],"wp:attachment":[{"href":"https:\/\/eheating.lt\/en\/wp-json\/wp\/v2\/media?parent=23046"}],"wp:term":[{"taxonomy":"product_brand","embeddable":true,"href":"https:\/\/eheating.lt\/en\/wp-json\/wp\/v2\/product_brand?post=23046"},{"taxonomy":"product_cat","embeddable":true,"href":"https:\/\/eheating.lt\/en\/wp-json\/wp\/v2\/product_cat?post=23046"},{"taxonomy":"product_tag","embeddable":true,"href":"https:\/\/eheating.lt\/en\/wp-json\/wp\/v2\/product_tag?post=23046"}],"curies":[{"name":"wp","href":"https:\/\/api.w.org\/{rel}","templated":true}]}}