{"id":23030,"date":"2023-11-13T21:09:11","date_gmt":"2023-11-13T19:09:11","guid":{"rendered":"https:\/\/eheating.lt\/?post_type=product&#038;p=23030"},"modified":"2024-10-18T17:10:05","modified_gmt":"2024-10-18T14:10:05","slug":"hikvision-ds-2cd2146g2-isu-f4","status":"publish","type":"product","link":"https:\/\/eheating.lt\/en\/produktas\/hikvision-ds-2cd2146g2-isu-f4\/","title":{"rendered":"Hikvision DS-2CD2146G2-ISU F4"},"content":{"rendered":"<table style=\"width: 944px;\" border=\"0\">\n<colgroup>\n<col \/>\n<col \/> <\/colgroup>\n<tbody>\n<tr>\n<td class=\"xl68\">Kamera<\/td>\n<td class=\"xl68\"><\/td>\n<\/tr>\n<tr>\n<td class=\"xl67\">Sensorius<\/td>\n<td class=\"xl67\">1\/2.7&#8243; Progressive Scan CMOS<\/td>\n<\/tr>\n<tr>\n<td class=\"xl67\">Min. ap\u0161vietimas<\/td>\n<td class=\"xl67\">Color: 0.003 Lux @ (F1.4, AGC ON)<\/td>\n<\/tr>\n<tr>\n<td class=\"xl67\">U\u017erakto greitis<\/td>\n<td class=\"xl67\">1\/3 s to 1\/100,000 s<\/td>\n<\/tr>\n<tr>\n<td class=\"xl67\">Diena \/ naktis<\/td>\n<td class=\"xl67\">ICR Cut<\/td>\n<\/tr>\n<tr>\n<td class=\"xl67\">Reguliavimo kampas<\/td>\n<td class=\"xl67\">Pan: 0\u00b0 to 355\u00b0, tilt: 0\u00b0 to 75\u00b0, rotate: 0\u00b0 to 355\u00b0<\/td>\n<\/tr>\n<tr>\n<td class=\"xl67\">L\u0117tas u\u017eraktas<\/td>\n<td class=\"xl67\">Yes<\/td>\n<\/tr>\n<tr>\n<td class=\"xl67\">P\/N<\/td>\n<td class=\"xl67\">P\/N<\/td>\n<\/tr>\n<tr>\n<td class=\"xl67\">WDR<\/td>\n<td class=\"xl67\">120 dB<\/td>\n<\/tr>\n<tr>\n<td class=\"xl68\">Objektyvas<\/td>\n<td class=\"xl68\"><\/td>\n<\/tr>\n<tr>\n<td class=\"xl69\">Objektyvas ir matymo kampas<\/td>\n<td class=\"xl67\">2.8 mm, horizontal FOV 103\u00b0, vertical FOV 55\u00b0, diagonal FOV 123\u00b0 4 mm, horizontal FOV 83\u00b0, vertical FOV 45\u00b0, diagonal FOV 98\u00b0<br \/>\n6 mm, horizontal FOV 53\u00b0, vertical FOV 28\u00b0, diagonal FOV 62\u00b0<\/td>\n<\/tr>\n<tr>\n<td class=\"xl67\">Apertura<\/td>\n<td class=\"xl67\">F1.4<\/td>\n<\/tr>\n<tr>\n<td class=\"xl67\">Objektyvo tvirtinimas<\/td>\n<td class=\"xl67\">M12<\/td>\n<\/tr>\n<tr>\n<td class=\"xl67\">Aperturos tipas<\/td>\n<td class=\"xl67\">Fixed<\/td>\n<\/tr>\n<tr>\n<td class=\"xl68\">Pa\u0161vietimas<\/td>\n<td class=\"xl68\"><\/td>\n<\/tr>\n<tr>\n<td class=\"xl67\">IR atstumas<\/td>\n<td class=\"xl67\">Up to 30 m<\/td>\n<\/tr>\n<tr>\n<td class=\"xl67\">Bangos ilgis<\/td>\n<td class=\"xl67\">850 nm<\/td>\n<\/tr>\n<tr>\n<td class=\"xl67\">Protingas pa\u0161vietimas<\/td>\n<td class=\"xl67\">Yes<\/td>\n<\/tr>\n<tr>\n<td class=\"xl67\">Papildomas pa\u0161vietimas<\/td>\n<td class=\"xl67\">IR<\/td>\n<\/tr>\n<tr>\n<td class=\"xl68\">Video<\/td>\n<td class=\"xl68\"><\/td>\n<\/tr>\n<tr>\n<td class=\"xl67\">Maks. rai\u0161ka<\/td>\n<td class=\"xl67\">2592 \u00d7 1944<\/td>\n<\/tr>\n<tr>\n<td class=\"xl69\">Pagrindinis srautas<\/td>\n<td class=\"xl67\">50Hz: 20fps (2592 \u00d7 1944)<br \/>\n25fps (2688 \u00d7 1520, 2304 \u00d7 1296, 1920 \u00d7 1080, 1280 \u00d7 720)<br \/>\n60Hz: 20fps (2592 \u00d7 1944)<br \/>\n30fps (2688 \u00d7 1520, 2304 \u00d7 1296, 1920 \u00d7 1080, 1280 \u00d7 720)<\/td>\n<\/tr>\n<tr>\n<td class=\"xl67\">Antrinis srautas<\/td>\n<td class=\"xl67\">50Hz: 25fps (640 \u00d7 480, 640 \u00d7 360, 320 \u00d7 240)<br \/>\n60Hz: 30fps (640 \u00d7 480, 640 \u00d7 360, 320 \u00d7 240)<\/td>\n<\/tr>\n<tr>\n<td class=\"xl67\">Tre\u010dias srautas<\/td>\n<td class=\"xl67\">50Hz: 25fps (1280 \u00d7 720, 640 \u00d7 480, 640 \u00d7 360, 360 \u00d7 240)<br \/>\n60Hz: 30fps (1280 \u00d7 720, 640 \u00d7 480, 640 \u00d7 360, 360 \u00d7 240)<\/td>\n<\/tr>\n<tr>\n<td class=\"xl69\">Suspaudimas<\/td>\n<td class=\"xl67\">Main stream: H.265\/H.264<br \/>\nSub-stream: H.265\/H.264\/MJPEG Third stream: H.265\/H.264<\/td>\n<\/tr>\n<tr>\n<td class=\"xl67\"><span class=\"VIiyi\"><span class=\"JLqJ4b ChMk0b\" data-language-for-alternatives=\"lt\" data-language-to-translate-into=\"en\" data-phrase-index=\"0\">Vaizdo \u012fra\u0161\u0173 sparta<\/span><\/span><\/td>\n<td class=\"xl67\">32 Kbps to 8 Mbps<\/td>\n<\/tr>\n<tr>\n<td class=\"xl67\">H.264<\/td>\n<td class=\"xl67\">Baseline Profile\/Main Profile\/High Profile<\/td>\n<\/tr>\n<tr>\n<td class=\"xl67\">H.265<\/td>\n<td class=\"xl67\">Main Profile<\/td>\n<\/tr>\n<tr>\n<td class=\"xl67\">H.264+<\/td>\n<td class=\"xl67\">Main Stream supports<\/td>\n<\/tr>\n<tr>\n<td class=\"xl67\">H.265+<\/td>\n<td class=\"xl67\">Main Stream supports<\/td>\n<\/tr>\n<tr>\n<td class=\"xl67\">Bit da\u017eni\u0173 kontrol\u0117<\/td>\n<td class=\"xl67\">CBR\/VBR<\/td>\n<\/tr>\n<tr>\n<td class=\"xl67\">Vaizdo konfiguravimas (SVC)<\/td>\n<td class=\"xl67\">Yes<\/td>\n<\/tr>\n<tr>\n<td class=\"xl67\">Svarbios sritys (ROI)<\/td>\n<td class=\"xl67\">1 fixed region for each stream<\/td>\n<\/tr>\n<tr>\n<td class=\"xl68\">Audio<\/td>\n<td class=\"xl68\"><\/td>\n<\/tr>\n<tr>\n<td class=\"xl67\">Aplinkos triuksmo filtravimas<\/td>\n<td class=\"xl67\">-S: Yes<\/td>\n<\/tr>\n<tr>\n<td class=\"xl67\">Audio da\u017enis<\/td>\n<td class=\"xl67\">-S: 8 kHz\/16 kHz\/32 kHz\/44.1 kHz\/48 kHz<\/td>\n<\/tr>\n<tr>\n<td class=\"xl67\">Audio suspaudimas<\/td>\n<td class=\"xl67\">-S: G.711ulaw\/G.711alaw\/G.722.1\/G.726\/MP2L2\/PCM\/MP3<\/td>\n<\/tr>\n<tr>\n<td class=\"xl69\">Audio Bit da\u017enis<\/td>\n<td class=\"xl67\">-S:<br \/>\n64Kbps(G.711ulaw\/G.711alaw)\/16Kbps(G.722.1)\/16Kbps(G.726)\/32-192Kbps(MP2L2)\/<br \/>\n8-320Kbps(MP3)<\/td>\n<\/tr>\n<tr>\n<td class=\"xl68\">Tinklas<\/td>\n<td class=\"xl68\"><\/td>\n<\/tr>\n<tr>\n<td class=\"xl67\">Vienalaik\u0117 gyva per\u017ei\u016bra<\/td>\n<td class=\"xl67\">Up to 6 channels<\/td>\n<\/tr>\n<tr>\n<td class=\"xl67\">API<\/td>\n<td class=\"xl67\">ONVIF (PROFILE S, PROFILE G, PROFILE T), ISAPI, SDK<\/td>\n<\/tr>\n<tr>\n<td class=\"xl67\">Protokolai<\/td>\n<td class=\"xl67\">TCP\/IP, ICMP, HTTP, HTTPS, FTP, DHCP, DNS, DDNS, RTP, RTSP, NTP, UPnP, SMTP,<br \/>\nIGMP, 802.1X, QoS, Ipv6, UDP, Bonjour, SSL\/TLS<\/td>\n<\/tr>\n<tr>\n<td class=\"xl67\">Tolygus transliavimas<\/td>\n<td class=\"xl67\">Yes<\/td>\n<\/tr>\n<tr>\n<td class=\"xl67\">Vartotojai<\/td>\n<td class=\"xl67\">Up to 32 users. 3 user levels: administrator, operator and user<\/td>\n<\/tr>\n<tr>\n<td class=\"xl69\">Apsauga<\/td>\n<td class=\"xl67\">Password protection, complicated password, HTTPS encryption, IP address filter, Security Audit Log, basic and digest authentication for HTTP\/HTTPS, TLS 1.2, WSSE and<br \/>\ndigest authentication for ONVIF<\/td>\n<\/tr>\n<tr>\n<td class=\"xl69\">Tinklin\u0117 talpykla<\/td>\n<td class=\"xl67\">MicroSD\/SDHC\/SDXC card (256 GB) local storage, and NAS (NFS, SMB\/CIFS), auto network replenishment (ANR)<br \/>\nTogether with high-end Hikvision memory card, memory card encryption and health<br \/>\ndetection are supported<\/td>\n<\/tr>\n<tr>\n<td class=\"xl67\">Klientai<\/td>\n<td class=\"xl67\">iVMS-4200, Hik-Connect, Hik-Central<\/td>\n<\/tr>\n<tr>\n<td class=\"xl67\">Nar\u0161ykl\u0117<\/td>\n<td class=\"xl67\">Plug-in required live view: IE8+, Chrome 41.0-44, Firefox 30.0-51, Safari 8.0-11<br \/>\nPlug-in free live view: Chrome 57.0+, Firefox 52.0+<\/td>\n<\/tr>\n<tr>\n<td class=\"xl68\">Vaizdas<\/td>\n<td class=\"xl68\"><\/td>\n<\/tr>\n<tr>\n<td class=\"xl67\">Dienos \/ nakties perjngimas<\/td>\n<td class=\"xl67\">Day, Night, Auto, Schedule<\/td>\n<\/tr>\n<tr>\n<td class=\"xl67\">Vaizdo nustatymai<\/td>\n<td class=\"xl67\">BLC, HLC, 3D DNR<\/td>\n<\/tr>\n<tr>\n<td class=\"xl67\">Vaizdo parametr\u0173 perjungimas<\/td>\n<td class=\"xl67\">Yes<\/td>\n<\/tr>\n<tr>\n<td class=\"xl67\">Nustatymai<\/td>\n<td class=\"xl67\">Rotate mode, saturation, brightness, contrast, sharpness, gain, white balance<br \/>\nadjustable by client software or web browser<\/td>\n<\/tr>\n<tr>\n<td class=\"xl68\">S\u0105sajos<\/td>\n<td class=\"xl68\"><\/td>\n<\/tr>\n<tr>\n<td class=\"xl67\">Alarmas<\/td>\n<td class=\"xl67\">-S: 1 input, 1 output (max. 12 VDC @30 mA)<\/td>\n<\/tr>\n<tr>\n<td class=\"xl67\">Integruotas mikrofonas<\/td>\n<td class=\"xl67\">-U: Yes<\/td>\n<\/tr>\n<tr>\n<td class=\"xl69\">Audio<\/td>\n<td class=\"xl67\">-S: 1 input (line in), two-core terminal block, max. input amplitude: 3.3 Vpp, input impedance: 4.7 K\u03a9, interface type: non-equilibrium;<br \/>\n1 output (line out), two-core terminal block, max. input amplitude: 3.3 Vpp, input<br \/>\nimpedance: 100 \u03a9, interface type: non-equilibrium<\/td>\n<\/tr>\n<tr>\n<td class=\"xl67\">Vidin\u0117 atmintis<\/td>\n<td class=\"xl67\">Built-in micro SD slot, up to 256 GB<\/td>\n<\/tr>\n<tr>\n<td class=\"xl67\">Perkrovimas<\/td>\n<td class=\"xl67\">Yes<\/td>\n<\/tr>\n<tr>\n<td class=\"xl67\">Ry\u0161io s\u0105saja<\/td>\n<td class=\"xl67\">1 RJ45 10M\/100M self-adaptive Ethernet port<\/td>\n<\/tr>\n<tr>\n<td class=\"xl68\">\u012evykiai<\/td>\n<td class=\"xl68\"><\/td>\n<\/tr>\n<tr>\n<td class=\"xl67\">Baziniai \u012fvykiai<\/td>\n<td class=\"xl67\">Motion detection, video tampering alarm, exception (network disconnected, IP<br \/>\naddress conflict, illegal login, HDD full, HDD error), scene change detection<\/td>\n<\/tr>\n<tr>\n<td class=\"xl68\">Gylusis mokymasis<\/td>\n<td class=\"xl68\"><\/td>\n<\/tr>\n<tr>\n<td class=\"xl67\">Veido aptikimas<\/td>\n<td class=\"xl67\">Yes<\/td>\n<\/tr>\n<tr>\n<td class=\"xl67\">Saugumas<\/td>\n<td class=\"xl67\">Line crossing detection, intrusion detection, region entrance detection, region exiting<br \/>\ndetection<\/td>\n<\/tr>\n<tr>\n<td class=\"xl68\">Bendriniai<\/td>\n<td class=\"xl68\"><\/td>\n<\/tr>\n<tr>\n<td class=\"xl67\">Storage ConditionsLaikymo s\u0105lygos<\/td>\n<td class=\"xl67\">-30 \u00b0C to 60 \u00b0C (-22 \u00b0F to 140 \u00b0F). Humidity 95% or less (non-condensing)<\/td>\n<\/tr>\n<tr>\n<td class=\"xl67\">Darbin\u0117s s\u0105lygos<\/td>\n<td class=\"xl67\">-30 \u00b0C to 60 \u00b0C (-22 \u00b0F to 140 \u00b0F). Humidity 95% or less (non-condensing)<\/td>\n<\/tr>\n<tr>\n<td class=\"xl67\">Maitinimas<\/td>\n<td class=\"xl67\">12 VDC \u00b1 25%, reverse polarity protection<br \/>\nPoE: 802.3af, class 3<\/td>\n<\/tr>\n<tr>\n<td class=\"xl67\">Srov\u0117s s\u0105naudos<\/td>\n<td class=\"xl67\">12 VDC, 0.45 A, max. 5.4 W<br \/>\nPoE: (802.3af, 36 V to 57 V), 0.2 A to 0.1 A, max. 6.5 W<\/td>\n<\/tr>\n<tr>\n<td class=\"xl67\">Maitinimo jungtis<\/td>\n<td class=\"xl67\">\u00d85.5 mm coaxial power plug<\/td>\n<\/tr>\n<tr>\n<td class=\"xl67\">Med\u017eiaga<\/td>\n<td class=\"xl67\">Metal upper cover and base<\/td>\n<\/tr>\n<tr>\n<td class=\"xl67\">Matmenys<\/td>\n<td class=\"xl67\">\u00d8121 \u00d7 92 mm (4.8&#8243; \u00d7 3.6&#8243;)<\/td>\n<\/tr>\n<tr>\n<td class=\"xl67\">Pakuot\u0117s matmenys<\/td>\n<td class=\"xl67\">150 \u00d7 150 \u00d7 141 mm (5.9&#8243; \u00d7 5.9&#8243; \u00d7 5.6&#8243;)<\/td>\n<\/tr>\n<tr>\n<td class=\"xl67\">Svoris<\/td>\n<td class=\"xl67\">Approx. 585 g (1.3 lb.)<\/td>\n<\/tr>\n<tr>\n<td class=\"xl67\">Svoris su pakuote<\/td>\n<td class=\"xl67\">Approx. 836 g (1.8 lb.)<\/td>\n<\/tr>\n<tr>\n<td class=\"xl67\">Pjungimo metodai<\/td>\n<td class=\"xl67\">Upload to NAS\/memory card, notify surveillance center, trigger record, trigger capture,<br \/>\naudible warning<\/td>\n<\/tr>\n<tr>\n<td class=\"xl69\">Kalbos<\/td>\n<td class=\"xl67\">33 languages<br \/>\nEnglish, Russian, Estonian, Bulgarian, Hungarian, Greek, German, Italian, Czech, Slovak, French, Polish, Dutch, Portuguese, Spanish, Romanian, Danish, Swedish, Norwegian, Finnish, Croatian, Slovenian, Serbian, Turkish, Korean, Traditional Chinese, Thai,<br \/>\nVietnamese, Japanese, Latvian, Lithuanian, Portuguese (Brazil), Ukrainian<\/td>\n<\/tr>\n<tr>\n<td class=\"xl67\">Bendrosios funkcijos<\/td>\n<td class=\"xl67\">Anti-flicker, heartbeat, mirror, privacy masks, flash log, password reset via e-mail, pixel<br \/>\ncounter<\/td>\n<\/tr>\n<tr>\n<td class=\"xl67\">Programos perkrovimas<\/td>\n<td class=\"xl67\">Yes<\/td>\n<\/tr>\n<tr>\n<td class=\"xl68\">Leidimai<\/td>\n<td class=\"xl68\"><\/td>\n<\/tr>\n<tr>\n<td class=\"xl69\">EMC<\/td>\n<td class=\"xl67\">FCC (47 CFR Part 15, Subpart B); CE-EMC (EN 55032: 2015, EN 61000-3-2: 2014, EN<br \/>\n61000-3-3: 2013, EN 50130-4: 2011 +A1: 2014); RCM (AS\/NZS CISPR 32: 2015); IC<br \/>\n(ICES-003: Issue 6, 2016); KC (KN 32: 2015, KN 35: 2015)<\/td>\n<\/tr>\n<tr>\n<td class=\"xl69\">Saugumas<\/td>\n<td class=\"xl67\">UL (UL 60950-1); CB (IEC 60950-1:2005 + Am 1:2009 + Am 2:2013); CE-LVD (EN 60950-1:2005 + Am 1:2009 + Am 2:2013); BIS (IS 13252(Part<br \/>\n1):2010+A1:2013+A2:2015); LOA (IEC\/EN 60950-1)<\/td>\n<\/tr>\n<tr>\n<td class=\"xl67\">Aplinka<\/td>\n<td class=\"xl67\">CE-RoHS (2011\/65\/EU); WEEE (2012\/19\/EU); Reach (Regulation (EC) No 1907\/2006)<\/td>\n<\/tr>\n<tr>\n<td class=\"xl67\">Apsaugojimas<\/td>\n<td class=\"xl67\">-SU: Ingression protection: IP66 (IEC 60529-2013), IK10 (IEC 62262:2002)<br \/>\n-I: Ingression protection: IP67 (IEC 60529-2013), IK10 (IEC 62262:2002)<\/td>\n<\/tr>\n<\/tbody>\n<\/table>\n","protected":false},"excerpt":{"rendered":"<ul>\n<li>4 MP IP kamera<\/li>\n<li>Acusense technologija<\/li>\n<li>120dB WDR<\/li>\n<li>Integruotas mikrofonas<\/li>\n<li>H.265+<\/li>\n<li>4mm<\/li>\n<li>IR iki 30m<\/li>\n<li>IP66<\/li>\n<li>IK10<\/li>\n<li>PoE<\/li>\n<\/ul>\n","protected":false},"featured_media":27364,"comment_status":"closed","ping_status":"closed","template":"","meta":[],"product_brand":[],"product_cat":[883,801,804],"product_tag":[],"class_list":{"0":"post-23030","1":"product","2":"type-product","3":"status-publish","4":"has-post-thumbnail","6":"product_cat-ip-cameras","7":"product_cat-ip-video-surveillance-systems","8":"product_cat-ip-dome-cameras","10":"first","11":"instock","12":"purchasable","13":"product-type-simple"},"yoast_head":"<!-- This site is optimized with the Yoast SEO Premium plugin v21.5 (Yoast SEO v27.4) - https:\/\/yoast.com\/product\/yoast-seo-premium-wordpress\/ -->\n<title>Hikvision DS-2CD2146G2-ISU F4<\/title>\n<meta name=\"description\" content=\"Hikvision DS-2CD2146G2-ISU F4 IP kamera ; \u017dmoni\u0173 ir ma\u0161in\u0173 atpa\u017einimas ir klasifikacija ; Rai\u0161ka - 4MP ; Spalva - balta ; Mikrofonas\" \/>\n<meta name=\"robots\" content=\"index, follow, max-snippet:-1, max-image-preview:large, max-video-preview:-1\" \/>\n<link rel=\"canonical\" href=\"https:\/\/eheating.lt\/produktas\/hikvision-ds-2cd2146g2-isu-f4\/\" \/>\n<meta property=\"og:locale\" content=\"en_US\" \/>\n<meta property=\"og:type\" content=\"article\" \/>\n<meta property=\"og:title\" content=\"Hikvision DS-2CD2146G2-ISU F4\" \/>\n<meta property=\"og:description\" content=\"Hikvision DS-2CD2146G2-ISU F4 IP kamera ; \u017dmoni\u0173 ir ma\u0161in\u0173 atpa\u017einimas ir klasifikacija ; Rai\u0161ka - 4MP ; Spalva - balta ; Mikrofonas\" \/>\n<meta property=\"og:url\" content=\"https:\/\/eheating.lt\/produktas\/hikvision-ds-2cd2146g2-isu-f4\/\" \/>\n<meta property=\"og:site_name\" content=\"Elektronika Namams\" \/>\n<meta property=\"article:publisher\" content=\"https:\/\/www.facebook.com\/ElektronikaNamams\" \/>\n<meta property=\"article:modified_time\" content=\"2024-10-18T14:10:05+00:00\" \/>\n<meta property=\"og:image\" content=\"https:\/\/eheating.lt\/wp-content\/uploads\/2023\/10\/Hikvision-DS-2CD2146G2-ISU-F4.png\" \/>\n\t<meta property=\"og:image:width\" content=\"800\" \/>\n\t<meta property=\"og:image:height\" content=\"800\" \/>\n\t<meta property=\"og:image:type\" content=\"image\/png\" \/>\n<meta name=\"twitter:card\" content=\"summary_large_image\" \/>\n<meta name=\"twitter:label1\" content=\"Price\" \/>\n\t<meta name=\"twitter:data1\" content=\"253,23&nbsp;&euro;\" \/>\n\t<meta name=\"twitter:label2\" content=\"Availability\" \/>\n\t<meta name=\"twitter:data2\" content=\"In stock\" \/>\n<script type=\"application\/ld+json\" class=\"yoast-schema-graph\">{\"@context\":\"https:\\\/\\\/schema.org\",\"@graph\":[{\"@type\":\"WebPage\",\"@id\":\"https:\\\/\\\/eheating.lt\\\/produktas\\\/hikvision-ds-2cd2146g2-isu-f4\\\/\",\"url\":\"https:\\\/\\\/eheating.lt\\\/produktas\\\/hikvision-ds-2cd2146g2-isu-f4\\\/\",\"name\":\"Hikvision DS-2CD2146G2-ISU F4\",\"isPartOf\":{\"@id\":\"https:\\\/\\\/eheating.lt\\\/#website\"},\"primaryImageOfPage\":{\"@id\":\"https:\\\/\\\/eheating.lt\\\/produktas\\\/hikvision-ds-2cd2146g2-isu-f4\\\/#primaryimage\"},\"image\":{\"@id\":\"https:\\\/\\\/eheating.lt\\\/produktas\\\/hikvision-ds-2cd2146g2-isu-f4\\\/#primaryimage\"},\"thumbnailUrl\":\"https:\\\/\\\/eheating.lt\\\/wp-content\\\/uploads\\\/2023\\\/10\\\/Hikvision-DS-2CD2146G2-ISU-F4.png\",\"datePublished\":\"2023-11-13T19:09:11+00:00\",\"dateModified\":\"2024-10-18T14:10:05+00:00\",\"description\":\"Hikvision DS-2CD2146G2-ISU F4 IP kamera ; \u017dmoni\u0173 ir ma\u0161in\u0173 atpa\u017einimas ir klasifikacija ; Rai\u0161ka - 4MP ; Spalva - balta ; Mikrofonas\",\"breadcrumb\":{\"@id\":\"https:\\\/\\\/eheating.lt\\\/produktas\\\/hikvision-ds-2cd2146g2-isu-f4\\\/#breadcrumb\"},\"inLanguage\":\"en-US\",\"potentialAction\":[{\"@type\":\"ReadAction\",\"target\":[\"https:\\\/\\\/eheating.lt\\\/produktas\\\/hikvision-ds-2cd2146g2-isu-f4\\\/\"]}]},{\"@type\":\"ImageObject\",\"inLanguage\":\"en-US\",\"@id\":\"https:\\\/\\\/eheating.lt\\\/produktas\\\/hikvision-ds-2cd2146g2-isu-f4\\\/#primaryimage\",\"url\":\"https:\\\/\\\/eheating.lt\\\/wp-content\\\/uploads\\\/2023\\\/10\\\/Hikvision-DS-2CD2146G2-ISU-F4.png\",\"contentUrl\":\"https:\\\/\\\/eheating.lt\\\/wp-content\\\/uploads\\\/2023\\\/10\\\/Hikvision-DS-2CD2146G2-ISU-F4.png\",\"width\":800,\"height\":800,\"caption\":\"Hikvision DS-2CD2146G2-ISU F4\"},{\"@type\":\"BreadcrumbList\",\"@id\":\"https:\\\/\\\/eheating.lt\\\/produktas\\\/hikvision-ds-2cd2146g2-isu-f4\\\/#breadcrumb\",\"itemListElement\":[{\"@type\":\"ListItem\",\"position\":1,\"name\":\"Prad\u017eia\",\"item\":\"https:\\\/\\\/eheating.lt\\\/en\\\/\"},{\"@type\":\"ListItem\",\"position\":2,\"name\":\"Shop\",\"item\":\"https:\\\/\\\/eheating.lt\\\/en\\\/?page_id=5734\"},{\"@type\":\"ListItem\",\"position\":3,\"name\":\"Hikvision DS-2CD2146G2-ISU F4\"}]},{\"@type\":\"WebSite\",\"@id\":\"https:\\\/\\\/eheating.lt\\\/#website\",\"url\":\"https:\\\/\\\/eheating.lt\\\/\",\"name\":\"eHeating\",\"description\":\"Elektronika ir \u0161ildymas\",\"potentialAction\":[{\"@type\":\"SearchAction\",\"target\":{\"@type\":\"EntryPoint\",\"urlTemplate\":\"https:\\\/\\\/eheating.lt\\\/?s={search_term_string}\"},\"query-input\":{\"@type\":\"PropertyValueSpecification\",\"valueRequired\":true,\"valueName\":\"search_term_string\"}}],\"inLanguage\":\"en-US\"}]}<\/script>\n<meta property=\"product:price:amount\" content=\"253.23\" \/>\n<meta property=\"product:price:currency\" content=\"EUR\" \/>\n<meta property=\"og:availability\" content=\"instock\" \/>\n<meta property=\"product:availability\" content=\"instock\" \/>\n<meta property=\"product:retailer_item_id\" content=\"7beac3bffdb9\" \/>\n<meta property=\"product:condition\" content=\"new\" \/>\n<!-- \/ Yoast SEO Premium plugin. -->","yoast_head_json":{"title":"Hikvision DS-2CD2146G2-ISU F4","description":"Hikvision DS-2CD2146G2-ISU F4 IP kamera ; \u017dmoni\u0173 ir ma\u0161in\u0173 atpa\u017einimas ir klasifikacija ; Rai\u0161ka - 4MP ; Spalva - balta ; Mikrofonas","robots":{"index":"index","follow":"follow","max-snippet":"max-snippet:-1","max-image-preview":"max-image-preview:large","max-video-preview":"max-video-preview:-1"},"canonical":"https:\/\/eheating.lt\/produktas\/hikvision-ds-2cd2146g2-isu-f4\/","og_locale":"en_US","og_type":"article","og_title":"Hikvision DS-2CD2146G2-ISU F4","og_description":"Hikvision DS-2CD2146G2-ISU F4 IP kamera ; \u017dmoni\u0173 ir ma\u0161in\u0173 atpa\u017einimas ir klasifikacija ; Rai\u0161ka - 4MP ; Spalva - balta ; Mikrofonas","og_url":"https:\/\/eheating.lt\/produktas\/hikvision-ds-2cd2146g2-isu-f4\/","og_site_name":"Elektronika Namams","article_publisher":"https:\/\/www.facebook.com\/ElektronikaNamams","article_modified_time":"2024-10-18T14:10:05+00:00","og_image":[{"width":800,"height":800,"url":"https:\/\/eheating.lt\/wp-content\/uploads\/2023\/10\/Hikvision-DS-2CD2146G2-ISU-F4.png","type":"image\/png"}],"twitter_card":"summary_large_image","twitter_misc":{"Price":"253,23&nbsp;&euro;","Availability":"In stock"},"schema":{"@context":"https:\/\/schema.org","@graph":[{"@type":"WebPage","@id":"https:\/\/eheating.lt\/produktas\/hikvision-ds-2cd2146g2-isu-f4\/","url":"https:\/\/eheating.lt\/produktas\/hikvision-ds-2cd2146g2-isu-f4\/","name":"Hikvision DS-2CD2146G2-ISU F4","isPartOf":{"@id":"https:\/\/eheating.lt\/#website"},"primaryImageOfPage":{"@id":"https:\/\/eheating.lt\/produktas\/hikvision-ds-2cd2146g2-isu-f4\/#primaryimage"},"image":{"@id":"https:\/\/eheating.lt\/produktas\/hikvision-ds-2cd2146g2-isu-f4\/#primaryimage"},"thumbnailUrl":"https:\/\/eheating.lt\/wp-content\/uploads\/2023\/10\/Hikvision-DS-2CD2146G2-ISU-F4.png","datePublished":"2023-11-13T19:09:11+00:00","dateModified":"2024-10-18T14:10:05+00:00","description":"Hikvision DS-2CD2146G2-ISU F4 IP kamera ; \u017dmoni\u0173 ir ma\u0161in\u0173 atpa\u017einimas ir klasifikacija ; Rai\u0161ka - 4MP ; Spalva - balta ; Mikrofonas","breadcrumb":{"@id":"https:\/\/eheating.lt\/produktas\/hikvision-ds-2cd2146g2-isu-f4\/#breadcrumb"},"inLanguage":"en-US","potentialAction":[{"@type":"ReadAction","target":["https:\/\/eheating.lt\/produktas\/hikvision-ds-2cd2146g2-isu-f4\/"]}]},{"@type":"ImageObject","inLanguage":"en-US","@id":"https:\/\/eheating.lt\/produktas\/hikvision-ds-2cd2146g2-isu-f4\/#primaryimage","url":"https:\/\/eheating.lt\/wp-content\/uploads\/2023\/10\/Hikvision-DS-2CD2146G2-ISU-F4.png","contentUrl":"https:\/\/eheating.lt\/wp-content\/uploads\/2023\/10\/Hikvision-DS-2CD2146G2-ISU-F4.png","width":800,"height":800,"caption":"Hikvision DS-2CD2146G2-ISU F4"},{"@type":"BreadcrumbList","@id":"https:\/\/eheating.lt\/produktas\/hikvision-ds-2cd2146g2-isu-f4\/#breadcrumb","itemListElement":[{"@type":"ListItem","position":1,"name":"Prad\u017eia","item":"https:\/\/eheating.lt\/en\/"},{"@type":"ListItem","position":2,"name":"Shop","item":"https:\/\/eheating.lt\/en\/?page_id=5734"},{"@type":"ListItem","position":3,"name":"Hikvision DS-2CD2146G2-ISU F4"}]},{"@type":"WebSite","@id":"https:\/\/eheating.lt\/#website","url":"https:\/\/eheating.lt\/","name":"eHeating","description":"Elektronika ir \u0161ildymas","potentialAction":[{"@type":"SearchAction","target":{"@type":"EntryPoint","urlTemplate":"https:\/\/eheating.lt\/?s={search_term_string}"},"query-input":{"@type":"PropertyValueSpecification","valueRequired":true,"valueName":"search_term_string"}}],"inLanguage":"en-US"}]},"product_price_amount":"253.23","product_price_currency":"EUR","og_availability":"instock","product_availability":"instock","product_retailer_item_id":"7beac3bffdb9","product_condition":"new"},"_links":{"self":[{"href":"https:\/\/eheating.lt\/en\/wp-json\/wp\/v2\/product\/23030","targetHints":{"allow":["GET"]}}],"collection":[{"href":"https:\/\/eheating.lt\/en\/wp-json\/wp\/v2\/product"}],"about":[{"href":"https:\/\/eheating.lt\/en\/wp-json\/wp\/v2\/types\/product"}],"replies":[{"embeddable":true,"href":"https:\/\/eheating.lt\/en\/wp-json\/wp\/v2\/comments?post=23030"}],"version-history":[{"count":0,"href":"https:\/\/eheating.lt\/en\/wp-json\/wp\/v2\/product\/23030\/revisions"}],"wp:featuredmedia":[{"embeddable":true,"href":"https:\/\/eheating.lt\/en\/wp-json\/wp\/v2\/media\/27364"}],"wp:attachment":[{"href":"https:\/\/eheating.lt\/en\/wp-json\/wp\/v2\/media?parent=23030"}],"wp:term":[{"taxonomy":"product_brand","embeddable":true,"href":"https:\/\/eheating.lt\/en\/wp-json\/wp\/v2\/product_brand?post=23030"},{"taxonomy":"product_cat","embeddable":true,"href":"https:\/\/eheating.lt\/en\/wp-json\/wp\/v2\/product_cat?post=23030"},{"taxonomy":"product_tag","embeddable":true,"href":"https:\/\/eheating.lt\/en\/wp-json\/wp\/v2\/product_tag?post=23030"}],"curies":[{"name":"wp","href":"https:\/\/api.w.org\/{rel}","templated":true}]}}