{"id":23014,"date":"2023-11-13T22:45:11","date_gmt":"2023-11-13T20:45:11","guid":{"rendered":"https:\/\/eheating.lt\/?post_type=product&#038;p=23014"},"modified":"2024-10-18T17:09:36","modified_gmt":"2024-10-18T14:09:36","slug":"hikvision-bullet-ids-2cd7a26g0-p-izhs-f2-8-12-2","status":"publish","type":"product","link":"https:\/\/eheating.lt\/en\/produktas\/hikvision-bullet-ids-2cd7a26g0-p-izhs-f2-8-12-2\/","title":{"rendered":"Hikvision bullet iDS-2CD7A26G0\/P-IZHS F2.8-12"},"content":{"rendered":"<table>\n<tbody>\n<tr>\n<td>Sensorius<\/td>\n<td>1\/1.8\u2033 Progressive Scan CMOS<\/td>\n<\/tr>\n<tr>\n<td>Min. ap\u0161vietimas<\/td>\n<td>Color: 0.001 Lux @ (F1.2, AGC ON); B\/W: 0.0003 Lux @ (F1.2, AGC ON)<\/td>\n<\/tr>\n<tr>\n<td><span style=\"text-decoration: underline;\">U\u017erakto greitis\u00a0<\/span><\/td>\n<td>1 s to 1\/100,000 s<\/td>\n<\/tr>\n<tr>\n<td>L\u0117tas u\u017eraktas<\/td>\n<td>Yes<\/td>\n<\/tr>\n<tr>\n<td>P\/N<\/td>\n<td>P\/N<\/td>\n<\/tr>\n<tr>\n<td>WDR<\/td>\n<td>140 dB<\/td>\n<\/tr>\n<tr>\n<td>Diena \/ Naktis<\/td>\n<td>IR cut filter<\/td>\n<\/tr>\n<tr>\n<td>I\u0161jungimo atmintis<\/td>\n<td>Yes<\/td>\n<\/tr>\n<tr>\n<td>Fokusavimas<\/td>\n<td>Auto, semi-auto, manual.<\/td>\n<\/tr>\n<tr>\n<td>Objektyvo tipas<\/td>\n<td>2.8 to 12 mm, horizontal FOV: 107.3\u00b0 to 39.8\u00b0, vertical FOV: 55.9\u00b0 to 22.3\u00b0, diagonal FOV: 130.1\u00b0 to 45.7\u00b0 8 to 32 mm, horizontal FOV: 40.3\u00b0 to 14.4\u00b0, vertical FOV: 22.1\u00b0 to 8.2\u00b0 diagonal FOV: 46.9\u00b0 to 16.5\u00b0<\/td>\n<\/tr>\n<tr>\n<td>Diafragma<\/td>\n<td>2.8 to 12 mm: F1.2 to 2.5 8 to 32 mm: F1.7 to F1.73<\/td>\n<\/tr>\n<tr>\n<td>Montavimas<\/td>\n<td>Integrated<\/td>\n<\/tr>\n<tr>\n<td>M\u0117lyno stiklo modulis<\/td>\n<td>Blue glass module to reduce ghost phenomenon.<\/td>\n<\/tr>\n<tr>\n<td>P-Iris<\/td>\n<td>Yes<\/td>\n<\/tr>\n<tr>\n<td>IR atstumas<\/td>\n<td>2.8 to 12 mm: 30 m 8 to 32 mm: 80 m<\/td>\n<\/tr>\n<tr>\n<td>Bangos ilgis<\/td>\n<td>850 nm<\/td>\n<\/tr>\n<tr>\n<td>I\u0161mani papildoma \u0161viesa<\/td>\n<td>Yes<\/td>\n<\/tr>\n<tr>\n<td>Mak. rai\u0161ka<\/td>\n<td>1920 \u00d7 1080<\/td>\n<\/tr>\n<tr>\n<td>Pagrindinis srautas<\/td>\n<td>50Hz: 50fps (1920 \u00d7 1080, 1280 \u00d7 720) 60Hz: 60fps (1920 \u00d7 1080, 1280 \u00d7 720)<\/td>\n<\/tr>\n<tr>\n<td>Antrinis srautas<\/td>\n<td>50Hz: 25fps (704 \u00d7 576, 640 \u00d7 480) 60Hz: 30fps (704 \u00d7 480, 640 \u00d7 480)<\/td>\n<\/tr>\n<tr>\n<td>Tretinis srautas<\/td>\n<td>50Hz: 25fps (1920 \u00d7 1080, 1280 \u00d7 720, 704 \u00d7 576, 640 \u00d7 480) 60Hz: 30fps (1920 \u00d7 1080, 1280 \u00d7 720, 704 \u00d7 480, 640 \u00d7 480)<\/td>\n<\/tr>\n<tr>\n<td>Ketvirtasis srautas<\/td>\n<td>50Hz: 25fps (1920 \u00d7 1080, 1280 \u00d7 720, 704 \u00d7 576, 640 \u00d7 480) 60Hz: 30fps (1920 \u00d7 1080, 1280 \u00d7 720, 704 \u00d7 480, 640 \u00d7 480)<\/td>\n<\/tr>\n<tr>\n<td>Penktasis srautas<\/td>\n<td>50Hz: 25fps (704 \u00d7 576, 640 \u00d7 480) 60Hz: 30fps (704 \u00d7 480, 640 \u00d7 480)<\/td>\n<\/tr>\n<tr>\n<td>Pasirinktas srautas<\/td>\n<td>50Hz: 25fps (1920 \u00d7 1080, 1280 \u00d7 720, 704 \u00d7 576, 640 \u00d7 480) 60Hz: 30fps (1920 \u00d7 1080, 1280 \u00d7 720, 704 \u00d7 480, 640 \u00d7 480)<\/td>\n<\/tr>\n<tr>\n<td>Vaizdo suspaudimas<\/td>\n<td>Main stream: H.265+\/H.265\/H.264+\/ H.264 Sub-stream\/Third stream\/Fourth stream\/Fifth stream\/custom stream: H.265\/H.264\/MJPEG<\/td>\n<\/tr>\n<tr>\n<td>Vaizdo bit\u0173 greitis<\/td>\n<td>32 Kbps to 16 Mbps<\/td>\n<\/tr>\n<tr>\n<td>H.264 tipas<\/td>\n<td>Baseline Profile\/Main Profile\/High Profile<\/td>\n<\/tr>\n<tr>\n<td>H.265 tipas<\/td>\n<td>Main Profile<\/td>\n<\/tr>\n<tr>\n<td>H.264+<\/td>\n<td>Main Stream supports<\/td>\n<\/tr>\n<tr>\n<td>H.265+<\/td>\n<td>Main Stream supports<\/td>\n<\/tr>\n<tr>\n<td>Bit\u0173 grei\u010dio valdymas<\/td>\n<td>CBR\/VBR<\/td>\n<\/tr>\n<tr>\n<td>Srauto tipas<\/td>\n<td>Main stream\/sub-stream\/third stream\/fourth stream\/fifth stream\/custom stream<\/td>\n<\/tr>\n<tr>\n<td>SVC<\/td>\n<td>H.265 and H.264 support<\/td>\n<\/tr>\n<tr>\n<td>ROI<\/td>\n<td>4 fixed regions for each stream<\/td>\n<\/tr>\n<tr>\n<td>Aplinkos triuk\u0161mo filtravimas<\/td>\n<td>Yes<\/td>\n<\/tr>\n<tr>\n<td>Garso \u0117mini\u0173 da\u017enis<\/td>\n<td>8 kHz\/16 kHz\/32 kHz\/44.1 kHz\/48 kHz<\/td>\n<\/tr>\n<tr>\n<td>Garso suspaudimas<\/td>\n<td>G.711\/G.722.1\/G.726\/MP2L2\/PCM\/MP3<\/td>\n<\/tr>\n<tr>\n<td>Garso bit\u0173 greitis<\/td>\n<td>64Kbps(G.711)\/16Kbps(G.722.1)\/16Kbps(G.726)\/32-192Kbps(MP2L2)\/32Kbps(PCM)\/8-320Kbps(MP3)<\/td>\n<\/tr>\n<tr>\n<td>Garso tipas<\/td>\n<td>Mono sound<\/td>\n<\/tr>\n<tr>\n<td>Transliavimas<\/td>\n<td>Up to 20 channels<\/td>\n<\/tr>\n<tr>\n<td>API<\/td>\n<td>ONVIF (PROFILE S, PROFILE G, PROFILE T), ISAPI, SDK, ISUP<\/td>\n<\/tr>\n<tr>\n<td>Protokolai<\/td>\n<td>TCP\/IP, ICMP, HTTP, HTTPS, FTP, SFTP, SRTP, DHCP, DNS, DDNS, RTP, RTSP, RTCP, PPPoE, NTP,UPnP, SMTP, SNMP, IGMP, 802.1X, QoS, IPv6, UDP, Bonjour, SSL\/TLS<\/td>\n<\/tr>\n<tr>\n<td>Sklandus transliavimas<\/td>\n<td>Yes<\/td>\n<\/tr>\n<tr>\n<td>User\/Host<\/td>\n<td>Up to 32 users. 3 user levels: administrator, operator and user<\/td>\n<\/tr>\n<tr>\n<td>Apsauga<\/td>\n<td>Password protection, complicated password, HTTPS encryption,802.1X authentication (EAP-TLS, EAP-LEAP, EAP-MD5), watermark, IP address filter, basic and digest authentication for HTTP\/HTTPS, WSSE and digest authentication for ONVIF, RTP\/RTSP OVER HTTPS, Control Timeout Settings, Security Audit Log, TLS 1.2<\/td>\n<\/tr>\n<tr>\n<td>Tinklo saugykla<\/td>\n<td>microSD\/SDHC\/SDXC card (256 GB) local storage, and NAS (NFS, SMB\/CIFS), auto network replenishment (ANR) Together with high-end Hikvision memory card, memory card encryption and health detection are supported.<\/td>\n<\/tr>\n<tr>\n<td>Kliento programin\u0117 \u012franga<\/td>\n<td>iVMS-4200, Hik-Connect, Hik-Central<\/td>\n<\/tr>\n<tr>\n<td>Nar\u0161ykl\u0117<\/td>\n<td>Plug-in required live view: IE8+ Plug-in free live view: Chrome 57.0+, Firefox 52.0+, Safari 11+ Local service: Chrome 41.0+, Firefox 30.0+<\/td>\n<\/tr>\n<tr>\n<td>Smart IR<\/td>\n<td>The IR LEDs on camera should support Smart IR function to automatically adjust power to avoid image overexposure.<\/td>\n<\/tr>\n<tr>\n<td>Diena\/naktis jungiklis<\/td>\n<td>Day, Night, Auto, Schedule, Triggered by Alarm In, Triggered by Video<\/td>\n<\/tr>\n<tr>\n<td>Taikinio i\u0161skyrimas<\/td>\n<td>Yes<\/td>\n<\/tr>\n<tr>\n<td>I\u0161kraipym\u0173 korekcija<\/td>\n<td>Yes<\/td>\n<\/tr>\n<tr>\n<td>Vaizd\u0173 persidengimas<\/td>\n<td>LOGO picture can be overlaid on video with 128 \u00d7 128 24bit bmp format<\/td>\n<\/tr>\n<tr>\n<td>Vaizdo gerinimas<\/td>\n<td>BLC, HLC, 3D DNR, Defog, EIS, Distortion Correction<\/td>\n<\/tr>\n<tr>\n<td>Vaizdo parametr\u0173 valdymas<\/td>\n<td>Yes<\/td>\n<\/tr>\n<tr>\n<td>Vaizdo nustatymai<\/td>\n<td>Rotate mode, saturation, brightness, contrast, sharpness, gain, white balance adjustable by client software or web browser<\/td>\n<\/tr>\n<tr>\n<td>SNR<\/td>\n<td>\u226552 dB<\/td>\n<\/tr>\n<tr>\n<td>Pavojaus signalas<\/td>\n<td>2 input, 2 outputs (max. 24 VDC, 1 A)<\/td>\n<\/tr>\n<tr>\n<td>Garsas<\/td>\n<td>With -Y: 1 input (line in), 3.5 mm connector, max. input amplitude: 3.3 vpp, input impedance: 4.7 K\u03a9, interface type: non-equilibrium; 1 output (line out), 3.5 mm connector, max. output amplitude: 3.3 vpp, output impedance: 100 \u03a9, interface type: non-equilibrium, mono sound<\/td>\n<\/tr>\n<tr>\n<td>RS-485<\/td>\n<td>With -Y: 1 RS-485(half duplex, HIKVISION, Pelco-P, Pelco-D, self-adaptive)<\/td>\n<\/tr>\n<tr>\n<td>Vaizdo i\u0161vestis<\/td>\n<td>1 Vp-p Composite Output(75\u03a9\/CVBS)(For debugging only)<\/td>\n<\/tr>\n<tr>\n<td>Vidin\u0117 atmintis<\/td>\n<td>Built-in micro SD\/SDHC\/SDXC slot, up to 256 GB<\/td>\n<\/tr>\n<tr>\n<td>Perkrovimo mygtukas<\/td>\n<td>Yes<\/td>\n<\/tr>\n<tr>\n<td>Ry\u0161io s\u0105saja<\/td>\n<td>1 RJ45 10M\/100M\/1000M self-adaptive Ethernet port<\/td>\n<\/tr>\n<tr>\n<td>Galios i\u0161vestis<\/td>\n<td>With -Y: 12 VDC, max. 200 mA (supported by all power supply types)<\/td>\n<\/tr>\n<tr>\n<td>\u0160ildytuvas<\/td>\n<td>Yes<\/td>\n<\/tr>\n<tr>\n<td>Pagrindinis \u012fvykis<\/td>\n<td>Motion detection, video tampering alarm, vibration detection, exception (network disconnected, IP address conflict, illegal login, HDD full, HDD error), black\/white list of license plate<\/td>\n<\/tr>\n<tr>\n<td>I\u0161manus \u012fvykis<\/td>\n<td>Line crossing detection, up to 4 lines configurable Intrusion detection, up to 4 regions configurable Region entrance detection, up to 4 regions configurable Region exiting detection, up to 4 regions configurable Unattended baggage detection, up to 4 regions configurable Object removal detection, up to 4 regions configurable Scene change detection, audio exception detection, defocus detection<\/td>\n<\/tr>\n<tr>\n<td>Skai\u010diavimas<\/td>\n<td>Yes<\/td>\n<\/tr>\n<tr>\n<td>Papildoma apsauga<\/td>\n<td>Line crossing, intrusion, region entrance, region exiting Support alarm triggering by specified target types (human and vehicle) Filtering out mistaken alarm caused by target types such as leaf, light, animal, and flag, etc.<\/td>\n<\/tr>\n<tr>\n<td>Eismo ir transporto aptikimas<\/td>\n<td>Blacklist and whitelist: up to 10000 records Captures vehicle that has no license plate Support license plate recognition of motorcycles (only in checkpoint scenario) Support vehicle attribute detection, including vehicle type, color, brand, etc. (City Street mode is recommended.)<\/td>\n<\/tr>\n<tr>\n<td>Susiejimo metodas<\/td>\n<td>Upload to FTP\/NAS\/memory card, notify surveillance center, send email, trigger alarm output, trigger recording, trigger capture Trigger recording: memory card, network storage, pre-record and post-record Trigger captured pictures uploading: FTP, SFTP, HTTP, NAS, Email Trigger notification: HTTP, ISAPI, alarm output, Email<\/td>\n<\/tr>\n<tr>\n<td>Atsinaujinimas<\/td>\n<td>Yes<\/td>\n<\/tr>\n<tr>\n<td>Dvigubas atsinaujinimas<\/td>\n<td>Yes<\/td>\n<\/tr>\n<tr>\n<td>Programin\u0117s \u012frangos versija<\/td>\n<td>V5.5.121<\/td>\n<\/tr>\n<tr>\n<td>Kalbos<\/td>\n<td>33 languages English, Russian, Estonian, Bulgarian, Hungarian, Greek, German, Italian, Czech, Slovak, French, Polish, Dutch, Portuguese, Spanish, Romanian, Danish, Swedish, Norwegian, Finnish, Croatian, Slovenian, Serbian, Turkish, Korean, Traditional Chinese, Thai, Vietnamese, Japanese, Latvian, Lithuanian, Portuguese (Brazil), Ukrainian<\/td>\n<\/tr>\n<tr>\n<td>Pagrindin\u0117 funkcija<\/td>\n<td>Anti- flicker, 5 streams and up to 5 custom streams, EPTZ, heartbeat, mirror, privacy masks, flash log, password reset via e-mail, pixel counter<\/td>\n<\/tr>\n<tr>\n<td>Programinis perkrovimas<\/td>\n<td>Yes<\/td>\n<\/tr>\n<tr>\n<td>Saugyklos s\u0105lygos<\/td>\n<td>-40 \u00b0C to 60 \u00b0C (-40 \u00b0F to 140 \u00b0F). Humidity 95% or less (non-condensing)<\/td>\n<\/tr>\n<tr>\n<td>Paleidimo ir darbo s\u0105lygos<\/td>\n<td>-40 \u00b0C to 60 \u00b0C (-40 \u00b0F to 140 \u00b0F). Humidity 95% or less (non-condensing)<\/td>\n<\/tr>\n<tr>\n<td>Tiekimas<\/td>\n<td>12 VDC \u00b1 20%, three-core terminal block, reverse polarity protection; PoE: 802.3at, Type 2 Class 4<\/td>\n<\/tr>\n<tr>\n<td>Suvartojimas<\/td>\n<td>12 VDC, 1.33 A, max. 16.0 W PoE: (802.3at, 42.5V-57V), 0.43 A to 0.31 A, max. 18.0 W<\/td>\n<\/tr>\n<tr>\n<td>Galios s\u0105saja<\/td>\n<td>Three-core terminal block<\/td>\n<\/tr>\n<tr>\n<td>Med\u017eiaga<\/td>\n<td>Aluminum alloy body<\/td>\n<\/tr>\n<tr>\n<td>Var\u017et\u0173 med\u017eiaga<\/td>\n<td>Mild steel<\/td>\n<\/tr>\n<tr>\n<td>Kameros matmenys<\/td>\n<td>Without -Y: \u00d8144 \u00d7 347 mm (\u00d85.7\u2033 \u00d7 13.7\u2033) With -Y: \u00d8140 \u00d7 351 mm (\u00d85.5\u2033 \u00d7 13.8\u2033)<\/td>\n<\/tr>\n<tr>\n<td>Pakuot\u0117s matmenys<\/td>\n<td>405 \u00d7 190 \u00d7 180 mm (15.9\u2033 \u00d7 7.5\u2033 \u00d7 7.1\u2033)<\/td>\n<\/tr>\n<tr>\n<td>Kameros svoris<\/td>\n<td>1920 g (4.2 lb.)<\/td>\n<\/tr>\n<tr>\n<td>Svoris su pakuote<\/td>\n<td>3060 g (6.7 lb.)<\/td>\n<\/tr>\n<tr>\n<td>Metadata<\/td>\n<td>Metadata of intrusion detection, line crossing detection, region entrance detection, region exiting detection, unattended baggage detection, object removal are supported.<\/td>\n<\/tr>\n<tr>\n<td>Klas\u0117<\/td>\n<td>Class B<\/td>\n<\/tr>\n<tr>\n<td>EMC<\/td>\n<td>FCC (47 CFR Part 15, Subpart B); CE-EMC (EN 55032: 2015, EN 61000-3-2: 2014, EN 61000-3-3: 2013, EN 50130-4: 2011 +A1: 2014); RCM (AS\/NZS CISPR 32: 2015); IC (ICES-003: Issue 6, 2016); KC (KN 32: 2015, KN 35: 2015)<\/td>\n<\/tr>\n<tr>\n<td>Saugumas<\/td>\n<td>UL (UL 60950-1); CB (IEC 60950-1:2005 + Am 1:2009 + Am 2:2013); CE-LVD (EN 60950-1:2005 + Am 1:2009 + Am 2:2013); BIS (IS 13252(Part 1):2010+A1:2013+A2:2015); LOA (IEC\/EN 60950-1)<\/td>\n<\/tr>\n<tr>\n<td>Aplinka<\/td>\n<td>CE-RoHS (2011\/65\/EU); WEEE (2012\/19\/EU); Reach (Regulation (EC) No 1907\/2006)<\/td>\n<\/tr>\n<tr>\n<td>Apsauga<\/td>\n<td>Ingress protection: IK10 (IEC 62262:2002), IP67 (IEC 60529-2013)<\/td>\n<\/tr>\n<tr>\n<td>R8dyjimo apsauga<\/td>\n<td>With -Y: NEMA 4X(NEMA 250-2014)<\/td>\n<\/tr>\n<tr>\n<td>Kiti<\/td>\n<td>With -Y: PVC FREE<\/td>\n<\/tr>\n<\/tbody>\n<\/table>\n<div class=\"video-container\" style=\"margin-top: 50px;\"><\/div>\n","protected":false},"excerpt":{"rendered":"<ul>\n<li>2MP ANPR Bullet kamera<\/li>\n<li>Motorizuotas objektyvas 2.8-12mm(~92\u00b0-32\u00b0)<\/li>\n<li>DeepinView technologija<\/li>\n<li>Darkfighter technologija<\/li>\n<li>IR iki 30m<\/li>\n<li>Vieta micro SD kortelei iki 256GB<\/li>\n<li>IP67<\/li>\n<\/ul>\n","protected":false},"featured_media":28713,"comment_status":"closed","ping_status":"closed","template":"","meta":[],"product_brand":[],"product_cat":[533,305,417],"product_tag":[],"class_list":{"0":"post-23014","1":"product","2":"type-product","3":"status-publish","4":"has-post-thumbnail","6":"product_cat-ip-vaizdo-stebejimo-sistemos","7":"product_cat-ip-kita-iranga","8":"product_cat-numeriu-atpazinimo-sistemos","10":"first","11":"onbackorder","12":"purchasable","13":"product-type-simple"},"yoast_head":"<!-- This site is optimized with the Yoast SEO Premium plugin v21.5 (Yoast SEO v27.3) - https:\/\/yoast.com\/product\/yoast-seo-premium-wordpress\/ -->\n<title>Hikvision bullet iDS-2CD7A26G0\/P-IZHS F2.8-12<\/title>\n<meta name=\"description\" content=\"Hikvision bullet iDS-2CD7A26G0\/P-IZHS F2.8-12 IP kamera ; Motorizuotas objektyvas 2.8-12mm(~92\u00b0-32\u00b0) ; Ma\u0161inos numeri\u0173 atpa\u017einimas ; IR iki 30m\" \/>\n<meta name=\"robots\" content=\"index, follow, max-snippet:-1, max-image-preview:large, max-video-preview:-1\" \/>\n<link rel=\"canonical\" href=\"https:\/\/eheating.lt\/produktas\/hikvision-bullet-ids-2cd7a26g0-p-izhs-f2-8-12-2\/\" \/>\n<meta property=\"og:locale\" content=\"en_US\" \/>\n<meta property=\"og:type\" content=\"article\" \/>\n<meta property=\"og:title\" content=\"Hikvision bullet iDS-2CD7A26G0\/P-IZHS F2.8-12\" \/>\n<meta property=\"og:description\" content=\"Hikvision bullet iDS-2CD7A26G0\/P-IZHS F2.8-12 IP kamera ; Motorizuotas objektyvas 2.8-12mm(~92\u00b0-32\u00b0) ; Ma\u0161inos numeri\u0173 atpa\u017einimas ; IR iki 30m\" \/>\n<meta property=\"og:url\" content=\"https:\/\/eheating.lt\/produktas\/hikvision-bullet-ids-2cd7a26g0-p-izhs-f2-8-12-2\/\" \/>\n<meta property=\"og:site_name\" content=\"Elektronika Namams\" \/>\n<meta property=\"article:publisher\" content=\"https:\/\/www.facebook.com\/ElektronikaNamams\" \/>\n<meta property=\"article:modified_time\" content=\"2024-10-18T14:09:36+00:00\" \/>\n<meta property=\"og:image\" content=\"https:\/\/eheating.lt\/wp-content\/uploads\/2023\/10\/Hikvision-bullet-iDS-2CD7A26G0P-IZHS-F2.8-12-1.png\" \/>\n\t<meta property=\"og:image:width\" content=\"800\" \/>\n\t<meta property=\"og:image:height\" content=\"800\" \/>\n\t<meta property=\"og:image:type\" content=\"image\/png\" \/>\n<meta name=\"twitter:card\" content=\"summary_large_image\" \/>\n<meta name=\"twitter:label1\" content=\"Price\" \/>\n\t<meta name=\"twitter:data1\" content=\"1219,69&nbsp;&euro;\" \/>\n\t<meta name=\"twitter:label2\" content=\"Availability\" \/>\n\t<meta name=\"twitter:data2\" content=\"On backorder\" \/>\n<script type=\"application\/ld+json\" class=\"yoast-schema-graph\">{\"@context\":\"https:\\\/\\\/schema.org\",\"@graph\":[{\"@type\":\"WebPage\",\"@id\":\"https:\\\/\\\/eheating.lt\\\/produktas\\\/hikvision-bullet-ids-2cd7a26g0-p-izhs-f2-8-12-2\\\/\",\"url\":\"https:\\\/\\\/eheating.lt\\\/produktas\\\/hikvision-bullet-ids-2cd7a26g0-p-izhs-f2-8-12-2\\\/\",\"name\":\"Hikvision bullet iDS-2CD7A26G0\\\/P-IZHS F2.8-12\",\"isPartOf\":{\"@id\":\"https:\\\/\\\/eheating.lt\\\/#website\"},\"primaryImageOfPage\":{\"@id\":\"https:\\\/\\\/eheating.lt\\\/produktas\\\/hikvision-bullet-ids-2cd7a26g0-p-izhs-f2-8-12-2\\\/#primaryimage\"},\"image\":{\"@id\":\"https:\\\/\\\/eheating.lt\\\/produktas\\\/hikvision-bullet-ids-2cd7a26g0-p-izhs-f2-8-12-2\\\/#primaryimage\"},\"thumbnailUrl\":\"https:\\\/\\\/eheating.lt\\\/wp-content\\\/uploads\\\/2023\\\/10\\\/Hikvision-bullet-iDS-2CD7A26G0P-IZHS-F2.8-12-1.png\",\"datePublished\":\"2023-11-13T20:45:11+00:00\",\"dateModified\":\"2024-10-18T14:09:36+00:00\",\"description\":\"Hikvision bullet iDS-2CD7A26G0\\\/P-IZHS F2.8-12 IP kamera ; Motorizuotas objektyvas 2.8-12mm(~92\u00b0-32\u00b0) ; Ma\u0161inos numeri\u0173 atpa\u017einimas ; IR iki 30m\",\"breadcrumb\":{\"@id\":\"https:\\\/\\\/eheating.lt\\\/produktas\\\/hikvision-bullet-ids-2cd7a26g0-p-izhs-f2-8-12-2\\\/#breadcrumb\"},\"inLanguage\":\"en-US\",\"potentialAction\":[{\"@type\":\"ReadAction\",\"target\":[\"https:\\\/\\\/eheating.lt\\\/produktas\\\/hikvision-bullet-ids-2cd7a26g0-p-izhs-f2-8-12-2\\\/\"]}]},{\"@type\":\"ImageObject\",\"inLanguage\":\"en-US\",\"@id\":\"https:\\\/\\\/eheating.lt\\\/produktas\\\/hikvision-bullet-ids-2cd7a26g0-p-izhs-f2-8-12-2\\\/#primaryimage\",\"url\":\"https:\\\/\\\/eheating.lt\\\/wp-content\\\/uploads\\\/2023\\\/10\\\/Hikvision-bullet-iDS-2CD7A26G0P-IZHS-F2.8-12-1.png\",\"contentUrl\":\"https:\\\/\\\/eheating.lt\\\/wp-content\\\/uploads\\\/2023\\\/10\\\/Hikvision-bullet-iDS-2CD7A26G0P-IZHS-F2.8-12-1.png\",\"width\":800,\"height\":800,\"caption\":\"Hikvision bullet iDS-2CD7A26G0\\\/P-IZHS F2.8-12\"},{\"@type\":\"BreadcrumbList\",\"@id\":\"https:\\\/\\\/eheating.lt\\\/produktas\\\/hikvision-bullet-ids-2cd7a26g0-p-izhs-f2-8-12-2\\\/#breadcrumb\",\"itemListElement\":[{\"@type\":\"ListItem\",\"position\":1,\"name\":\"Prad\u017eia\",\"item\":\"https:\\\/\\\/eheating.lt\\\/en\\\/\"},{\"@type\":\"ListItem\",\"position\":2,\"name\":\"Shop\",\"item\":\"https:\\\/\\\/eheating.lt\\\/en\\\/?page_id=5734\"},{\"@type\":\"ListItem\",\"position\":3,\"name\":\"Hikvision bullet iDS-2CD7A26G0\\\/P-IZHS F2.8-12\"}]},{\"@type\":\"WebSite\",\"@id\":\"https:\\\/\\\/eheating.lt\\\/#website\",\"url\":\"https:\\\/\\\/eheating.lt\\\/\",\"name\":\"eHeating\",\"description\":\"Elektronika ir \u0161ildymas\",\"potentialAction\":[{\"@type\":\"SearchAction\",\"target\":{\"@type\":\"EntryPoint\",\"urlTemplate\":\"https:\\\/\\\/eheating.lt\\\/?s={search_term_string}\"},\"query-input\":{\"@type\":\"PropertyValueSpecification\",\"valueRequired\":true,\"valueName\":\"search_term_string\"}}],\"inLanguage\":\"en-US\"}]}<\/script>\n<meta property=\"product:price:amount\" content=\"1219.69\" \/>\n<meta property=\"product:price:currency\" content=\"EUR\" \/>\n<meta property=\"og:availability\" content=\"backorder\" \/>\n<meta property=\"product:availability\" content=\"available for order\" \/>\n<meta property=\"product:retailer_item_id\" content=\"3156a0858a94\" \/>\n<meta property=\"product:condition\" content=\"new\" \/>\n<!-- \/ Yoast SEO Premium plugin. -->","yoast_head_json":{"title":"Hikvision bullet iDS-2CD7A26G0\/P-IZHS F2.8-12","description":"Hikvision bullet iDS-2CD7A26G0\/P-IZHS F2.8-12 IP kamera ; Motorizuotas objektyvas 2.8-12mm(~92\u00b0-32\u00b0) ; Ma\u0161inos numeri\u0173 atpa\u017einimas ; IR iki 30m","robots":{"index":"index","follow":"follow","max-snippet":"max-snippet:-1","max-image-preview":"max-image-preview:large","max-video-preview":"max-video-preview:-1"},"canonical":"https:\/\/eheating.lt\/produktas\/hikvision-bullet-ids-2cd7a26g0-p-izhs-f2-8-12-2\/","og_locale":"en_US","og_type":"article","og_title":"Hikvision bullet iDS-2CD7A26G0\/P-IZHS F2.8-12","og_description":"Hikvision bullet iDS-2CD7A26G0\/P-IZHS F2.8-12 IP kamera ; Motorizuotas objektyvas 2.8-12mm(~92\u00b0-32\u00b0) ; Ma\u0161inos numeri\u0173 atpa\u017einimas ; IR iki 30m","og_url":"https:\/\/eheating.lt\/produktas\/hikvision-bullet-ids-2cd7a26g0-p-izhs-f2-8-12-2\/","og_site_name":"Elektronika Namams","article_publisher":"https:\/\/www.facebook.com\/ElektronikaNamams","article_modified_time":"2024-10-18T14:09:36+00:00","og_image":[{"width":800,"height":800,"url":"https:\/\/eheating.lt\/wp-content\/uploads\/2023\/10\/Hikvision-bullet-iDS-2CD7A26G0P-IZHS-F2.8-12-1.png","type":"image\/png"}],"twitter_card":"summary_large_image","twitter_misc":{"Price":"1219,69&nbsp;&euro;","Availability":"On backorder"},"schema":{"@context":"https:\/\/schema.org","@graph":[{"@type":"WebPage","@id":"https:\/\/eheating.lt\/produktas\/hikvision-bullet-ids-2cd7a26g0-p-izhs-f2-8-12-2\/","url":"https:\/\/eheating.lt\/produktas\/hikvision-bullet-ids-2cd7a26g0-p-izhs-f2-8-12-2\/","name":"Hikvision bullet iDS-2CD7A26G0\/P-IZHS F2.8-12","isPartOf":{"@id":"https:\/\/eheating.lt\/#website"},"primaryImageOfPage":{"@id":"https:\/\/eheating.lt\/produktas\/hikvision-bullet-ids-2cd7a26g0-p-izhs-f2-8-12-2\/#primaryimage"},"image":{"@id":"https:\/\/eheating.lt\/produktas\/hikvision-bullet-ids-2cd7a26g0-p-izhs-f2-8-12-2\/#primaryimage"},"thumbnailUrl":"https:\/\/eheating.lt\/wp-content\/uploads\/2023\/10\/Hikvision-bullet-iDS-2CD7A26G0P-IZHS-F2.8-12-1.png","datePublished":"2023-11-13T20:45:11+00:00","dateModified":"2024-10-18T14:09:36+00:00","description":"Hikvision bullet iDS-2CD7A26G0\/P-IZHS F2.8-12 IP kamera ; Motorizuotas objektyvas 2.8-12mm(~92\u00b0-32\u00b0) ; Ma\u0161inos numeri\u0173 atpa\u017einimas ; IR iki 30m","breadcrumb":{"@id":"https:\/\/eheating.lt\/produktas\/hikvision-bullet-ids-2cd7a26g0-p-izhs-f2-8-12-2\/#breadcrumb"},"inLanguage":"en-US","potentialAction":[{"@type":"ReadAction","target":["https:\/\/eheating.lt\/produktas\/hikvision-bullet-ids-2cd7a26g0-p-izhs-f2-8-12-2\/"]}]},{"@type":"ImageObject","inLanguage":"en-US","@id":"https:\/\/eheating.lt\/produktas\/hikvision-bullet-ids-2cd7a26g0-p-izhs-f2-8-12-2\/#primaryimage","url":"https:\/\/eheating.lt\/wp-content\/uploads\/2023\/10\/Hikvision-bullet-iDS-2CD7A26G0P-IZHS-F2.8-12-1.png","contentUrl":"https:\/\/eheating.lt\/wp-content\/uploads\/2023\/10\/Hikvision-bullet-iDS-2CD7A26G0P-IZHS-F2.8-12-1.png","width":800,"height":800,"caption":"Hikvision bullet iDS-2CD7A26G0\/P-IZHS F2.8-12"},{"@type":"BreadcrumbList","@id":"https:\/\/eheating.lt\/produktas\/hikvision-bullet-ids-2cd7a26g0-p-izhs-f2-8-12-2\/#breadcrumb","itemListElement":[{"@type":"ListItem","position":1,"name":"Prad\u017eia","item":"https:\/\/eheating.lt\/en\/"},{"@type":"ListItem","position":2,"name":"Shop","item":"https:\/\/eheating.lt\/en\/?page_id=5734"},{"@type":"ListItem","position":3,"name":"Hikvision bullet iDS-2CD7A26G0\/P-IZHS F2.8-12"}]},{"@type":"WebSite","@id":"https:\/\/eheating.lt\/#website","url":"https:\/\/eheating.lt\/","name":"eHeating","description":"Elektronika ir \u0161ildymas","potentialAction":[{"@type":"SearchAction","target":{"@type":"EntryPoint","urlTemplate":"https:\/\/eheating.lt\/?s={search_term_string}"},"query-input":{"@type":"PropertyValueSpecification","valueRequired":true,"valueName":"search_term_string"}}],"inLanguage":"en-US"}]},"product_price_amount":"1219.69","product_price_currency":"EUR","og_availability":"backorder","product_availability":"available for order","product_retailer_item_id":"3156a0858a94","product_condition":"new"},"_links":{"self":[{"href":"https:\/\/eheating.lt\/en\/wp-json\/wp\/v2\/product\/23014","targetHints":{"allow":["GET"]}}],"collection":[{"href":"https:\/\/eheating.lt\/en\/wp-json\/wp\/v2\/product"}],"about":[{"href":"https:\/\/eheating.lt\/en\/wp-json\/wp\/v2\/types\/product"}],"replies":[{"embeddable":true,"href":"https:\/\/eheating.lt\/en\/wp-json\/wp\/v2\/comments?post=23014"}],"version-history":[{"count":0,"href":"https:\/\/eheating.lt\/en\/wp-json\/wp\/v2\/product\/23014\/revisions"}],"wp:featuredmedia":[{"embeddable":true,"href":"https:\/\/eheating.lt\/en\/wp-json\/wp\/v2\/media\/28713"}],"wp:attachment":[{"href":"https:\/\/eheating.lt\/en\/wp-json\/wp\/v2\/media?parent=23014"}],"wp:term":[{"taxonomy":"product_brand","embeddable":true,"href":"https:\/\/eheating.lt\/en\/wp-json\/wp\/v2\/product_brand?post=23014"},{"taxonomy":"product_cat","embeddable":true,"href":"https:\/\/eheating.lt\/en\/wp-json\/wp\/v2\/product_cat?post=23014"},{"taxonomy":"product_tag","embeddable":true,"href":"https:\/\/eheating.lt\/en\/wp-json\/wp\/v2\/product_tag?post=23014"}],"curies":[{"name":"wp","href":"https:\/\/api.w.org\/{rel}","templated":true}]}}